{"id":4226,"date":"2025-03-15T10:03:51","date_gmt":"2025-03-15T02:03:51","guid":{"rendered":"https:\/\/ruishengglassco.com\/?post_type=product&#038;p=4226"},"modified":"2025-07-16T17:20:56","modified_gmt":"2025-07-16T09:20:56","slug":"rs087-toptan-renkli-cam-siseler-ozel-viski-siseleri","status":"publish","type":"product","link":"https:\/\/ruishengglassco.com\/tr\/urun\/rs087-toptan-renkli-cam-siseler-ozel-viski-siseleri","title":{"rendered":"RS087: Renkli Cam \u015ei\u015feler \u00d6zel Viski \u015ei\u015feleri"},"content":{"rendered":"<p>Toptan renkli cam \u015fi\u015feler \u00f6zel viski \u015fi\u015fesi \u015fekli s\u00fcsl\u00fcd\u00fcr; \u015fekli \u00e7ok yenidir. Profesyonel bir cam \u015fi\u015fe tedarik\u00e7isi olarak, \u00e7ok \u00e7e\u015fitli \u00f6zel cam \u015fi\u015feler \u00fcretiyoruz. Kendimize \u00f6zg\u00fc bir \u00fcretim tarz\u0131m\u0131z var.<\/p>\n<p>Cam \u015fi\u015fe tasar\u0131m\u0131 i\u00e7in ticari markan\u0131z\u0131 \u00fczerine basmam\u0131za ve rengi istedi\u011finiz gibi de\u011fi\u015ftirmemize olanak tan\u0131yan bir kal\u0131b\u0131m\u0131z var. Tasar\u0131mc\u0131lar\u0131m\u0131z cam \u015fi\u015fe end\u00fcstrisi hakk\u0131nda \u00e7ok bilgilidir; cam \u015fi\u015feler i\u00e7in benzersiz bir his vard\u0131r.<\/p>\n<p>Firmam\u0131z, Viski cam \u015fi\u015fesinin \u00fcretim s\u00fcrecine \u00e7ok a\u015fina olan bir\u00e7ok deneyimli i\u015f\u00e7iye sahiptir. Bu nedenle \u00fcr\u00fcnlerimizin kalitesi \u00e7ok y\u00fcksektir.<\/p>\n<h2>Toptan Renkli Cam \u015ei\u015feler \u00d6zel Viski \u015ei\u015feleri<\/h2>\n<p>Cam \u015fi\u015fenin bilgileri a\u015fa\u011f\u0131daki gibidir:<\/p>\n<ul>\n<li>Ana malzeme: y\u00fcksek \u00e7akmakta\u015f\u0131 cam<\/li>\n<li>Kapak: Mantar<\/li>\n<li>Referans: RS087<\/li>\n<li>ADEDI: 10000 ADET<\/li>\n<li>Kapasite: \u00f6zel<\/li>\n<li>Adet\/Ctn: 24 adet<\/li>\n<li>Yerin k\u00f6keni: Shandong, \u00c7in<\/li>\n<li>\u00d6zellik: \u00c7evre dostu<\/li>\n<\/ul>\n<p>Ba\u015fl\u0131ca \u00fcr\u00fcnlerimiz votka \u015fi\u015feleri, brendi \u015fi\u015feleri, viski \u015fi\u015feleri, lik\u00f6r \u015fi\u015feleri, re\u00e7el \u015fi\u015feleri ve daha fazlas\u0131 dahil olmak \u00fczere t\u0131pal\u0131 \u00fcst s\u0131n\u0131f cam \u015fi\u015felerdir. Ayr\u0131ca amber cam \u015fi\u015feler, ye\u015fil \u015fi\u015feler ve su \u015fi\u015feleri de sunabiliriz. Ba\u015fl\u0131ca pazarlar\u0131m\u0131z Avrupa, Amerika Birle\u015fik Devletleri, Avustralya ve Kanada'd\u0131r. T\u00fcm \u00fcr\u00fcnlerimiz yenilikleri ve i\u015flevsellikleri ile bilinmektedir.<\/p>\n<p>Bu bo\u015f cam \u015fi\u015fe i\u00e7in 500ml, 700ml, 750ml ve 1000ml gibi farkl\u0131 boyutlar olu\u015fturabiliriz. Ayr\u0131ca, \u015fi\u015fe \u00fczerinde derin i\u015fleme yapabiliriz. Buna bask\u0131, buzlanma ve daha fazlas\u0131 dahildir.<\/p>\n<p>Bu \u00f6zel viski \u015fi\u015fesi ile ilgileniyorsan\u0131z, l\u00fctfen bizimle ileti\u015fime ge\u00e7mekten \u00e7ekinmeyin. Bu \u015fi\u015feyi be\u011fenmezseniz, size \u015firketimizin web sitesini verebiliriz ve be\u011fendi\u011finiz birini se\u00e7ebilirsiniz.<\/p>\n<p>Buna ek olarak, sizi fabrikam\u0131z\u0131 ziyaret etmeye davet ediyoruz; burada size tesisi gezdirecek bir rehberimiz olacakt\u0131r.<\/p>\n<p>Umar\u0131m bu \u015fi\u015feyi be\u011fenir ve sipari\u015f verirsiniz.<\/p>\n<p>Toptan renkli cam \u015fi\u015felerimiz ve \u00f6zel viski \u015fi\u015felerimizle ilgileniyorsan\u0131z, l\u00fctfen bizimle ileti\u015fime ge\u00e7in. Size 24 saat i\u00e7inde cevap verece\u011fiz.<\/p>","protected":false},"excerpt":{"rendered":"<table class=\"tg\">\n<tbody>\n<tr>\n<th class=\"tg-24i8\" colspan=\"2\">Toptan Renkli Cam \u015ei\u015feler \u00d6zel Viski \u015ei\u015feleri<\/th>\n<\/tr>\n<tr>\n<td class=\"tg-b7b8\">Referans:<\/td>\n<td class=\"tg-b7b8\">RS087<\/td>\n<\/tr>\n<tr>\n<td class=\"tg-yw4l\">Ana malzeme:<\/td>\n<td class=\"tg-yw4l\">Y\u00fcksek \u00e7akmakta\u015f\u0131 cam (bu malzeme kristal beyaz cam olarak da adland\u0131r\u0131l\u0131r)<\/td>\n<\/tr>\n<tr>\n<td class=\"tg-b7b8\">Kaptan:<\/td>\n<td class=\"tg-b7b8\">Mantar<\/td>\n<\/tr>\n<tr>\n<td class=\"tg-yw4l\">Kapasite:<\/td>\n<td class=\"tg-yw4l\">\u00d6zel<\/td>\n<\/tr>\n<tr>\n<td class=\"tg-b7b8\">\u00d6zellik:<\/td>\n<td class=\"tg-b7b8\">\u00c7evre dostu<\/td>\n<\/tr>\n<tr>\n<td class=\"tg-yw4l\">ADEDI:<\/td>\n<td class=\"tg-yw4l\">10000 ADET<\/td>\n<\/tr>\n<tr>\n<td class=\"tg-b7b8\">Paketleme \u015eekli:<\/td>\n<td class=\"tg-b7b8\">\u0130hracat standart karton \/ Palet \/ ihracat standart karton ve palet<\/td>\n<\/tr>\n<tr>\n<td class=\"tg-yw4l\">OEM\/ODM:<\/td>\n<td class=\"tg-yw4l\">Ho\u015f geldiniz<\/td>\n<\/tr>\n<tr>\n<td class=\"tg-b7b8\">Yerin k\u00f6keni:<\/td>\n<td class=\"tg-b7b8\">Shandong, \u00c7in<\/td>\n<\/tr>\n<tr>\n<td class=\"tg-yw4l\">Adet\/Ktn:<\/td>\n<td class=\"tg-yw4l\">24 adet veya m\u00fc\u015fteri taleplerine g\u00f6re<\/td>\n<\/tr>\n<\/tbody>\n<\/table>","protected":false},"featured_media":4227,"comment_status":"closed","ping_status":"closed","template":"","meta":[],"product_cat":[45,54],"class_list":{"0":"post-4226","1":"product","2":"type-product","3":"status-publish","4":"has-post-thumbnail","6":"product_cat-custom-glass-bottle","7":"product_cat-whiskey-bottle","9":"first","10":"instock","11":"shipping-taxable","12":"product-type-simple"},"yoast_head":"<!-- This site is optimized with the Yoast SEO plugin v22.0 - https:\/\/yoast.com\/wordpress\/plugins\/seo\/ -->\n<title>Colored Glass Bottles Custom Whiskey Bottles<\/title>\n<meta name=\"description\" content=\"The wholesale colored glass bottles custom whiskey bottles shape is fancy,its shape is very novel.Main material: high flint glass\" \/>\n<meta name=\"robots\" content=\"index, follow, max-snippet:-1, max-image-preview:large, max-video-preview:-1\" \/>\n<link rel=\"canonical\" href=\"https:\/\/ruishengglassco.com\/tr\/urun\/rs087-toptan-renkli-cam-siseler-ozel-viski-siseleri\" \/>\n<meta property=\"og:locale\" content=\"tr_TR\" \/>\n<meta property=\"og:type\" content=\"article\" \/>\n<meta property=\"og:title\" content=\"Colored Glass Bottles Custom Whiskey Bottles\" \/>\n<meta property=\"og:description\" content=\"The wholesale colored glass bottles custom whiskey bottles shape is fancy,its shape is very novel.Main material: high flint glass\" \/>\n<meta property=\"og:url\" content=\"https:\/\/ruishengglassco.com\/tr\/urun\/rs087-toptan-renkli-cam-siseler-ozel-viski-siseleri\" \/>\n<meta property=\"article:publisher\" content=\"https:\/\/www.facebook.com\/ruishengglassbottles\" \/>\n<meta property=\"article:modified_time\" content=\"2025-07-16T09:20:56+00:00\" \/>\n<meta property=\"og:image\" content=\"https:\/\/ruishengglassco.com\/wp-content\/uploads\/2025\/03\/RS087-Wholesale-Colored-Glass-Bottles-Custom-Whiskey-Bottles.webp\" \/>\n\t<meta property=\"og:image:width\" content=\"400\" \/>\n\t<meta property=\"og:image:height\" content=\"400\" \/>\n\t<meta property=\"og:image:type\" content=\"image\/webp\" \/>\n<meta name=\"twitter:card\" content=\"summary_large_image\" \/>\n<meta name=\"twitter:label1\" content=\"Tahmini okuma s\u00fcresi\" \/>\n\t<meta name=\"twitter:data1\" content=\"2 dakika\" \/>\n<script type=\"application\/ld+json\" class=\"yoast-schema-graph\">{\"@context\":\"https:\/\/schema.org\",\"@graph\":[{\"@type\":\"WebPage\",\"@id\":\"https:\/\/ruishengglassco.com\/product\/rs087-wholesale-colored-glass-bottles-custom-whiskey-bottles\",\"url\":\"https:\/\/ruishengglassco.com\/product\/rs087-wholesale-colored-glass-bottles-custom-whiskey-bottles\",\"name\":\"Colored Glass Bottles Custom Whiskey Bottles\",\"isPartOf\":{\"@id\":\"https:\/\/ruishengglassco.com\/#website\"},\"datePublished\":\"2025-03-15T02:03:51+00:00\",\"dateModified\":\"2025-07-16T09:20:56+00:00\",\"description\":\"The wholesale colored glass bottles custom whiskey bottles shape is fancy,its shape is very novel.Main material: high flint glass\",\"breadcrumb\":{\"@id\":\"https:\/\/ruishengglassco.com\/product\/rs087-wholesale-colored-glass-bottles-custom-whiskey-bottles#breadcrumb\"},\"inLanguage\":\"tr\",\"potentialAction\":[{\"@type\":\"ReadAction\",\"target\":[\"https:\/\/ruishengglassco.com\/product\/rs087-wholesale-colored-glass-bottles-custom-whiskey-bottles\"]}]},{\"@type\":\"BreadcrumbList\",\"@id\":\"https:\/\/ruishengglassco.com\/product\/rs087-wholesale-colored-glass-bottles-custom-whiskey-bottles#breadcrumb\",\"itemListElement\":[{\"@type\":\"ListItem\",\"position\":1,\"name\":\"Home\",\"item\":\"https:\/\/ruishengglassco.com\/\"},{\"@type\":\"ListItem\",\"position\":2,\"name\":\"Products\",\"item\":\"https:\/\/ruishengglassco.com\/products\"},{\"@type\":\"ListItem\",\"position\":3,\"name\":\"RS087: Colored Glass Bottles Custom Whiskey Bottles\"}]},{\"@type\":\"WebSite\",\"@id\":\"https:\/\/ruishengglassco.com\/#website\",\"url\":\"https:\/\/ruishengglassco.com\/\",\"name\":\"Ruisheng Glass\",\"description\":\"\",\"publisher\":{\"@id\":\"https:\/\/ruishengglassco.com\/#organization\"},\"potentialAction\":[{\"@type\":\"SearchAction\",\"target\":{\"@type\":\"EntryPoint\",\"urlTemplate\":\"https:\/\/ruishengglassco.com\/?s={search_term_string}\"},\"query-input\":\"required name=search_term_string\"}],\"inLanguage\":\"tr\"},{\"@type\":\"Organization\",\"@id\":\"https:\/\/ruishengglassco.com\/#organization\",\"name\":\"Shandong Yuncheng Ruisheng Glass Co., Ltd\",\"url\":\"https:\/\/ruishengglassco.com\/\",\"logo\":{\"@type\":\"ImageObject\",\"inLanguage\":\"tr\",\"@id\":\"https:\/\/ruishengglassco.com\/#\/schema\/logo\/image\/\",\"url\":\"https:\/\/ruishengglassco.com\/wp-content\/uploads\/2023\/09\/ruisheng_logo_icon.webp\",\"contentUrl\":\"https:\/\/ruishengglassco.com\/wp-content\/uploads\/2023\/09\/ruisheng_logo_icon.webp\",\"width\":400,\"height\":233,\"caption\":\"Shandong Yuncheng Ruisheng Glass Co., Ltd\"},\"image\":{\"@id\":\"https:\/\/ruishengglassco.com\/#\/schema\/logo\/image\/\"},\"sameAs\":[\"https:\/\/www.facebook.com\/ruishengglassbottles\",\"https:\/\/www.instagram.com\/Ruishengglassbottlewholesales\/\",\"https:\/\/www.youtube.com\/channel\/UCMmbMNGwsL-XrtjfSFLCdVQ\"]}]}<\/script>\n<!-- \/ Yoast SEO plugin. -->","yoast_head_json":{"title":"Colored Glass Bottles Custom Whiskey Bottles","description":"The wholesale colored glass bottles custom whiskey bottles shape is fancy,its shape is very novel.Main material: high flint glass","robots":{"index":"index","follow":"follow","max-snippet":"max-snippet:-1","max-image-preview":"max-image-preview:large","max-video-preview":"max-video-preview:-1"},"canonical":"https:\/\/ruishengglassco.com\/tr\/urun\/rs087-toptan-renkli-cam-siseler-ozel-viski-siseleri","og_locale":"tr_TR","og_type":"article","og_title":"Colored Glass Bottles Custom Whiskey Bottles","og_description":"The wholesale colored glass bottles custom whiskey bottles shape is fancy,its shape is very novel.Main material: high flint glass","og_url":"https:\/\/ruishengglassco.com\/tr\/urun\/rs087-toptan-renkli-cam-siseler-ozel-viski-siseleri","article_publisher":"https:\/\/www.facebook.com\/ruishengglassbottles","article_modified_time":"2025-07-16T09:20:56+00:00","og_image":[{"width":400,"height":400,"url":"https:\/\/ruishengglassco.com\/wp-content\/uploads\/2025\/03\/RS087-Wholesale-Colored-Glass-Bottles-Custom-Whiskey-Bottles.webp","type":"image\/webp"}],"twitter_card":"summary_large_image","twitter_misc":{"Tahmini okuma s\u00fcresi":"2 dakika"},"schema":{"@context":"https:\/\/schema.org","@graph":[{"@type":"WebPage","@id":"https:\/\/ruishengglassco.com\/product\/rs087-wholesale-colored-glass-bottles-custom-whiskey-bottles","url":"https:\/\/ruishengglassco.com\/product\/rs087-wholesale-colored-glass-bottles-custom-whiskey-bottles","name":"Colored Glass Bottles Custom Whiskey Bottles","isPartOf":{"@id":"https:\/\/ruishengglassco.com\/#website"},"datePublished":"2025-03-15T02:03:51+00:00","dateModified":"2025-07-16T09:20:56+00:00","description":"The wholesale colored glass bottles custom whiskey bottles shape is fancy,its shape is very novel.Main material: high flint glass","breadcrumb":{"@id":"https:\/\/ruishengglassco.com\/product\/rs087-wholesale-colored-glass-bottles-custom-whiskey-bottles#breadcrumb"},"inLanguage":"tr","potentialAction":[{"@type":"ReadAction","target":["https:\/\/ruishengglassco.com\/product\/rs087-wholesale-colored-glass-bottles-custom-whiskey-bottles"]}]},{"@type":"BreadcrumbList","@id":"https:\/\/ruishengglassco.com\/product\/rs087-wholesale-colored-glass-bottles-custom-whiskey-bottles#breadcrumb","itemListElement":[{"@type":"ListItem","position":1,"name":"Home","item":"https:\/\/ruishengglassco.com\/"},{"@type":"ListItem","position":2,"name":"Products","item":"https:\/\/ruishengglassco.com\/products"},{"@type":"ListItem","position":3,"name":"RS087: Colored Glass Bottles Custom Whiskey Bottles"}]},{"@type":"WebSite","@id":"https:\/\/ruishengglassco.com\/#website","url":"https:\/\/ruishengglassco.com\/","name":"Ruisheng Glass","description":"","publisher":{"@id":"https:\/\/ruishengglassco.com\/#organization"},"potentialAction":[{"@type":"SearchAction","target":{"@type":"EntryPoint","urlTemplate":"https:\/\/ruishengglassco.com\/?s={search_term_string}"},"query-input":"required name=search_term_string"}],"inLanguage":"tr"},{"@type":"Organization","@id":"https:\/\/ruishengglassco.com\/#organization","name":"Shandong Yuncheng Ruisheng Glass Co., Ltd","url":"https:\/\/ruishengglassco.com\/","logo":{"@type":"ImageObject","inLanguage":"tr","@id":"https:\/\/ruishengglassco.com\/#\/schema\/logo\/image\/","url":"https:\/\/ruishengglassco.com\/wp-content\/uploads\/2023\/09\/ruisheng_logo_icon.webp","contentUrl":"https:\/\/ruishengglassco.com\/wp-content\/uploads\/2023\/09\/ruisheng_logo_icon.webp","width":400,"height":233,"caption":"Shandong Yuncheng Ruisheng Glass Co., Ltd"},"image":{"@id":"https:\/\/ruishengglassco.com\/#\/schema\/logo\/image\/"},"sameAs":["https:\/\/www.facebook.com\/ruishengglassbottles","https:\/\/www.instagram.com\/Ruishengglassbottlewholesales\/","https:\/\/www.youtube.com\/channel\/UCMmbMNGwsL-XrtjfSFLCdVQ"]}]}},"_links":{"self":[{"href":"https:\/\/ruishengglassco.com\/tr\/wp-json\/wp\/v2\/product\/4226","targetHints":{"allow":["GET"]}}],"collection":[{"href":"https:\/\/ruishengglassco.com\/tr\/wp-json\/wp\/v2\/product"}],"about":[{"href":"https:\/\/ruishengglassco.com\/tr\/wp-json\/wp\/v2\/types\/product"}],"replies":[{"embeddable":true,"href":"https:\/\/ruishengglassco.com\/tr\/wp-json\/wp\/v2\/comments?post=4226"}],"wp:featuredmedia":[{"embeddable":true,"href":"https:\/\/ruishengglassco.com\/tr\/wp-json\/wp\/v2\/media\/4227"}],"wp:attachment":[{"href":"https:\/\/ruishengglassco.com\/tr\/wp-json\/wp\/v2\/media?parent=4226"}],"wp:term":[{"taxonomy":"product_cat","embeddable":true,"href":"https:\/\/ruishengglassco.com\/tr\/wp-json\/wp\/v2\/product_cat?post=4226"}],"curies":[{"name":"wp","href":"https:\/\/api.w.org\/{rel}","templated":true}]}}