{"id":4219,"date":"2025-03-15T09:55:03","date_gmt":"2025-03-15T01:55:03","guid":{"rendered":"https:\/\/ruishengglassco.com\/?post_type=product&#038;p=4219"},"modified":"2025-09-11T16:06:28","modified_gmt":"2025-09-11T08:06:28","slug":"rs091-250ml-bos-votka-cam-si%cc%87sesi%cc%87","status":"publish","type":"product","link":"https:\/\/ruishengglassco.com\/tr\/urun\/rs091-250ml-bos-votka-cam-si%cc%87sesi%cc%87","title":{"rendered":"RS091: 250ml Bo\u015f Votka Cam \u015ei\u015fe"},"content":{"rendered":"<p>Bu 250 ml'lik bo\u015f votka cam \u015fi\u015fesi toptan sat\u0131\u015f\u0131, ana \u015feffaf cam \u015fi\u015felerimizden biridir. Bo\u015f cam \u015fi\u015fe bir mantar ile tamamlanm\u0131\u015ft\u0131r. Zarif, yuvarlak \u015fekli, 250 ml'lik bo\u015f votka \u015fi\u015felerini bir i\u00e7ecek i\u00e7in iyi bir se\u00e7im haline getirir.<\/p>\n<p>T\u0131pal\u0131 bu mini cam \u015fi\u015fe \u00e7ok berrakt\u0131r ve i\u00e7indeki s\u0131v\u0131n\u0131n kolayca g\u00f6r\u00fclmesini sa\u011flar. Votkan\u0131n tad\u0131n\u0131 \u00e7\u0131kar\u0131rken s\u0131v\u0131y\u0131 takdir edebilirsiniz. Bu lik\u00f6r \u015fi\u015fesi toptan sat\u0131\u015f i\u00e7in \u00e7ok dayan\u0131kl\u0131d\u0131r. S\u0131v\u0131y\u0131 i\u00e7meyi bitirdikten sonra, bu cam \u015fi\u015feyi bir DIY dekorasyonu olu\u015fturmak i\u00e7in kullanabilirsiniz.<\/p>\n<p>Bu 250 ml'lik bo\u015f votka cam \u015fi\u015fesinin s\u0131zd\u0131rmazl\u0131k t\u00fcr\u00fc mantard\u0131r. Y\u00fcksek polimer mantar\u0131, ah\u015fap mantar\u0131 veya karma\u015f\u0131k mantar\u0131 se\u00e7ebilirsiniz. Bu \u015fi\u015fe i\u00e7in cam mantara ihtiyac\u0131n\u0131z varsa, size bunu da sunabiliriz.<\/p>\n<h4>250ml Bo\u015f Votka Cam \u015ei\u015fesinin Detaylar\u0131<\/h4>\n<p>Cam \u015fi\u015felerin bilgileri feryat gibi:<\/p>\n<ul>\n<li>Ana malzeme: Y\u00fcksek \u00e7akmakta\u015f\u0131 cam<\/li>\n<li>Kapak: Mantar<\/li>\n<li>Referans: RS091<\/li>\n<li>ADEDI: 10000 ADET<\/li>\n<li>Kapasite: 250ml<\/li>\n<li>Paketleme \u015fekli: Karton, Palet, Karton ve Palet<\/li>\n<li>Yerin k\u00f6keni: Shandong, \u00c7in<\/li>\n<li>\u00d6zellik: \u00c7evre dostu<\/li>\n<\/ul>\n<p>Bu 250 ml'lik cam lik\u00f6r \u015fi\u015fesi i\u00e7in derinlemesine i\u015fleme ihtiyac\u0131n\u0131z varsa, l\u00fctfen bize bildirin. \u00c7\u0131kartmalar, serigrafi bask\u0131, buzlanma, boyama ve daha fazlas\u0131 aras\u0131ndan se\u00e7im yapabilirsiniz. \u015ei\u015feyi ye\u015fil veya kahverengi de dahil olmak \u00fczere tercih etti\u011finiz herhangi bir renge boyayabiliriz.<\/p>\n<p>Yakla\u015f\u0131k 500 \u00e7al\u0131\u015fan ve yetenekli QC personelinden olu\u015fan bir ekip, t\u00fcm bo\u015f ruh \u015fi\u015felerinin QC kontrollerimizi ge\u00e7tikten sonra fabrikadan g\u00f6nderilmesini sa\u011flar. Toptan i\u00e7ki \u015fi\u015felerimiz Avrupa, Avustralya, Amerika, Yeni Zelanda ve di\u011ferleri gibi bir\u00e7ok yere ve \u00fclkeye ihra\u00e7 edilmektedir. Bir\u00e7ok m\u00fc\u015fteri \u015farap cam \u015fi\u015felerimiz i\u00e7in b\u00fcy\u00fck \u00f6vg\u00fcde bulunuyor.<\/p>\n<p>250ml votka cam \u015fi\u015felerini toplu fiyata toptan sat\u0131n almakla ilgilendi\u011finizi varsayal\u0131m. Bizimle ileti\u015fime ge\u00e7ebilirsiniz. Sizin i\u00e7in elimizden geleni yapaca\u011f\u0131z. Yapmak istedi\u011fimiz \u015fey, d\u00fcnyan\u0131n her yerindeki her arkada\u015fa tek elden hizmet sunmakt\u0131r.<\/p>","protected":false},"excerpt":{"rendered":"<table class=\"tg\">\n<tbody>\n<tr>\n<th class=\"tg-24i8\" colspan=\"2\">250ml Bo\u015f Votka Cam \u015ei\u015fe<\/th>\n<\/tr>\n<tr>\n<td class=\"tg-b7b8\">Ana malzeme:<\/td>\n<td class=\"tg-b7b8\">Y\u00fcksek \u00e7akmakta\u015f\u0131 cam<\/td>\n<\/tr>\n<tr>\n<td class=\"tg-yw4l\">Kaptan:<\/td>\n<td class=\"tg-yw4l\">Vidal\u0131 kapak<\/td>\n<\/tr>\n<tr>\n<td class=\"tg-b7b8\">Paketleme yolu<\/td>\n<td class=\"tg-b7b8\">Karton, Palet, Karton ve Palet<\/td>\n<\/tr>\n<tr>\n<td class=\"tg-yw4l\">\u00d6zellik:<\/td>\n<td class=\"tg-yw4l\">\u00c7evre dostu<\/td>\n<\/tr>\n<tr>\n<td class=\"tg-b7b8\">ADEDI:<\/td>\n<td class=\"tg-b7b8\">10000 ADET<\/td>\n<\/tr>\n<tr>\n<td class=\"tg-yw4l\">Yerin k\u00f6keni:<\/td>\n<td class=\"tg-yw4l\">Shandong, \u00c7in<\/td>\n<\/tr>\n<tr>\n<td class=\"tg-b7b8\">Adet\/Ktn:<\/td>\n<td class=\"tg-b7b8\">24 adet<\/td>\n<\/tr>\n<tr>\n<td class=\"tg-yw4l\">Referans:<\/td>\n<td class=\"tg-yw4l\">RS091<\/td>\n<\/tr>\n<tr>\n<td class=\"tg-b7b8\">Nakliye yolu:<\/td>\n<td class=\"tg-b7b8\">Gemi, Ekspres<\/td>\n<\/tr>\n<tr>\n<td class=\"tg-yw4l\">OEM\/ODM:<\/td>\n<td class=\"tg-yw4l\">Ho\u015f geldiniz<\/td>\n<\/tr>\n<\/tbody>\n<\/table>","protected":false},"featured_media":4220,"comment_status":"closed","ping_status":"closed","template":"","meta":[],"product_cat":[47,52],"class_list":{"0":"post-4219","1":"product","2":"type-product","3":"status-publish","4":"has-post-thumbnail","6":"product_cat-250ml-liquor-bottle-manufacturer","7":"product_cat-vodka-bottle","9":"first","10":"instock","11":"shipping-taxable","12":"product-type-simple"},"yoast_head":"<!-- This site is optimized with the Yoast SEO plugin v22.0 - https:\/\/yoast.com\/wordpress\/plugins\/seo\/ -->\n<title>Buy 250ml Empty Vodka Glass Bottles In Bulk Wholesale Price<\/title>\n<meta name=\"description\" content=\"Buy 250ml Empty Vodka Glass Bottle In Bulk Wholesale Price From China Liquor Bottle Mnaufacturing Factory. Elegant, Round Shape, And High Quality.\" \/>\n<meta name=\"robots\" content=\"index, follow, max-snippet:-1, max-image-preview:large, max-video-preview:-1\" \/>\n<link rel=\"canonical\" href=\"https:\/\/ruishengglassco.com\/tr\/urun\/rs091-250ml-bos-votka-cam-si\u0307sesi\u0307\" \/>\n<meta property=\"og:locale\" content=\"tr_TR\" \/>\n<meta property=\"og:type\" content=\"article\" \/>\n<meta property=\"og:title\" content=\"Buy 250ml Empty Vodka Glass Bottles In Bulk Wholesale Price\" \/>\n<meta property=\"og:description\" content=\"Buy 250ml Empty Vodka Glass Bottle In Bulk Wholesale Price From China Liquor Bottle Mnaufacturing Factory. Elegant, Round Shape, And High Quality.\" \/>\n<meta property=\"og:url\" content=\"https:\/\/ruishengglassco.com\/tr\/urun\/rs091-250ml-bos-votka-cam-si\u0307sesi\u0307\" \/>\n<meta property=\"article:publisher\" content=\"https:\/\/www.facebook.com\/ruishengglassbottles\" \/>\n<meta property=\"article:modified_time\" content=\"2025-09-11T08:06:28+00:00\" \/>\n<meta property=\"og:image\" content=\"https:\/\/ruishengglassco.com\/wp-content\/uploads\/2025\/03\/RS091-250ml-Empty-Vodka-Glass-Bottle.webp\" \/>\n\t<meta property=\"og:image:width\" content=\"800\" \/>\n\t<meta property=\"og:image:height\" content=\"800\" \/>\n\t<meta property=\"og:image:type\" content=\"image\/webp\" \/>\n<meta name=\"twitter:card\" content=\"summary_large_image\" \/>\n<meta name=\"twitter:label1\" content=\"Tahmini okuma s\u00fcresi\" \/>\n\t<meta name=\"twitter:data1\" content=\"2 dakika\" \/>\n<script type=\"application\/ld+json\" class=\"yoast-schema-graph\">{\"@context\":\"https:\/\/schema.org\",\"@graph\":[{\"@type\":\"WebPage\",\"@id\":\"https:\/\/ruishengglassco.com\/product\/rs091-250ml-empty-vodka-glass-bottle\",\"url\":\"https:\/\/ruishengglassco.com\/product\/rs091-250ml-empty-vodka-glass-bottle\",\"name\":\"Buy 250ml Empty Vodka Glass Bottles In Bulk Wholesale Price\",\"isPartOf\":{\"@id\":\"https:\/\/ruishengglassco.com\/#website\"},\"datePublished\":\"2025-03-15T01:55:03+00:00\",\"dateModified\":\"2025-09-11T08:06:28+00:00\",\"description\":\"Buy 250ml Empty Vodka Glass Bottle In Bulk Wholesale Price From China Liquor Bottle Mnaufacturing Factory. Elegant, Round Shape, And High Quality.\",\"breadcrumb\":{\"@id\":\"https:\/\/ruishengglassco.com\/product\/rs091-250ml-empty-vodka-glass-bottle#breadcrumb\"},\"inLanguage\":\"tr\",\"potentialAction\":[{\"@type\":\"ReadAction\",\"target\":[\"https:\/\/ruishengglassco.com\/product\/rs091-250ml-empty-vodka-glass-bottle\"]}]},{\"@type\":\"BreadcrumbList\",\"@id\":\"https:\/\/ruishengglassco.com\/product\/rs091-250ml-empty-vodka-glass-bottle#breadcrumb\",\"itemListElement\":[{\"@type\":\"ListItem\",\"position\":1,\"name\":\"Home\",\"item\":\"https:\/\/ruishengglassco.com\/\"},{\"@type\":\"ListItem\",\"position\":2,\"name\":\"Products\",\"item\":\"https:\/\/ruishengglassco.com\/products\"},{\"@type\":\"ListItem\",\"position\":3,\"name\":\"RS091: 250ml Empty Vodka Glass Bottle\"}]},{\"@type\":\"WebSite\",\"@id\":\"https:\/\/ruishengglassco.com\/#website\",\"url\":\"https:\/\/ruishengglassco.com\/\",\"name\":\"Ruisheng Glass\",\"description\":\"\",\"publisher\":{\"@id\":\"https:\/\/ruishengglassco.com\/#organization\"},\"potentialAction\":[{\"@type\":\"SearchAction\",\"target\":{\"@type\":\"EntryPoint\",\"urlTemplate\":\"https:\/\/ruishengglassco.com\/?s={search_term_string}\"},\"query-input\":\"required name=search_term_string\"}],\"inLanguage\":\"tr\"},{\"@type\":\"Organization\",\"@id\":\"https:\/\/ruishengglassco.com\/#organization\",\"name\":\"Shandong Yuncheng Ruisheng Glass Co., Ltd\",\"url\":\"https:\/\/ruishengglassco.com\/\",\"logo\":{\"@type\":\"ImageObject\",\"inLanguage\":\"tr\",\"@id\":\"https:\/\/ruishengglassco.com\/#\/schema\/logo\/image\/\",\"url\":\"https:\/\/ruishengglassco.com\/wp-content\/uploads\/2023\/09\/ruisheng_logo_icon.webp\",\"contentUrl\":\"https:\/\/ruishengglassco.com\/wp-content\/uploads\/2023\/09\/ruisheng_logo_icon.webp\",\"width\":400,\"height\":233,\"caption\":\"Shandong Yuncheng Ruisheng Glass Co., Ltd\"},\"image\":{\"@id\":\"https:\/\/ruishengglassco.com\/#\/schema\/logo\/image\/\"},\"sameAs\":[\"https:\/\/www.facebook.com\/ruishengglassbottles\",\"https:\/\/www.instagram.com\/Ruishengglassbottlewholesales\/\",\"https:\/\/www.youtube.com\/channel\/UCMmbMNGwsL-XrtjfSFLCdVQ\"]}]}<\/script>\n<!-- \/ Yoast SEO plugin. -->","yoast_head_json":{"title":"Buy 250ml Empty Vodka Glass Bottles In Bulk Wholesale Price","description":"Buy 250ml Empty Vodka Glass Bottle In Bulk Wholesale Price From China Liquor Bottle Mnaufacturing Factory. Elegant, Round Shape, And High Quality.","robots":{"index":"index","follow":"follow","max-snippet":"max-snippet:-1","max-image-preview":"max-image-preview:large","max-video-preview":"max-video-preview:-1"},"canonical":"https:\/\/ruishengglassco.com\/tr\/urun\/rs091-250ml-bos-votka-cam-si\u0307sesi\u0307","og_locale":"tr_TR","og_type":"article","og_title":"Buy 250ml Empty Vodka Glass Bottles In Bulk Wholesale Price","og_description":"Buy 250ml Empty Vodka Glass Bottle In Bulk Wholesale Price From China Liquor Bottle Mnaufacturing Factory. Elegant, Round Shape, And High Quality.","og_url":"https:\/\/ruishengglassco.com\/tr\/urun\/rs091-250ml-bos-votka-cam-si\u0307sesi\u0307","article_publisher":"https:\/\/www.facebook.com\/ruishengglassbottles","article_modified_time":"2025-09-11T08:06:28+00:00","og_image":[{"width":800,"height":800,"url":"https:\/\/ruishengglassco.com\/wp-content\/uploads\/2025\/03\/RS091-250ml-Empty-Vodka-Glass-Bottle.webp","type":"image\/webp"}],"twitter_card":"summary_large_image","twitter_misc":{"Tahmini okuma s\u00fcresi":"2 dakika"},"schema":{"@context":"https:\/\/schema.org","@graph":[{"@type":"WebPage","@id":"https:\/\/ruishengglassco.com\/product\/rs091-250ml-empty-vodka-glass-bottle","url":"https:\/\/ruishengglassco.com\/product\/rs091-250ml-empty-vodka-glass-bottle","name":"Buy 250ml Empty Vodka Glass Bottles In Bulk Wholesale Price","isPartOf":{"@id":"https:\/\/ruishengglassco.com\/#website"},"datePublished":"2025-03-15T01:55:03+00:00","dateModified":"2025-09-11T08:06:28+00:00","description":"Buy 250ml Empty Vodka Glass Bottle In Bulk Wholesale Price From China Liquor Bottle Mnaufacturing Factory. Elegant, Round Shape, And High Quality.","breadcrumb":{"@id":"https:\/\/ruishengglassco.com\/product\/rs091-250ml-empty-vodka-glass-bottle#breadcrumb"},"inLanguage":"tr","potentialAction":[{"@type":"ReadAction","target":["https:\/\/ruishengglassco.com\/product\/rs091-250ml-empty-vodka-glass-bottle"]}]},{"@type":"BreadcrumbList","@id":"https:\/\/ruishengglassco.com\/product\/rs091-250ml-empty-vodka-glass-bottle#breadcrumb","itemListElement":[{"@type":"ListItem","position":1,"name":"Home","item":"https:\/\/ruishengglassco.com\/"},{"@type":"ListItem","position":2,"name":"Products","item":"https:\/\/ruishengglassco.com\/products"},{"@type":"ListItem","position":3,"name":"RS091: 250ml Empty Vodka Glass Bottle"}]},{"@type":"WebSite","@id":"https:\/\/ruishengglassco.com\/#website","url":"https:\/\/ruishengglassco.com\/","name":"Ruisheng Glass","description":"","publisher":{"@id":"https:\/\/ruishengglassco.com\/#organization"},"potentialAction":[{"@type":"SearchAction","target":{"@type":"EntryPoint","urlTemplate":"https:\/\/ruishengglassco.com\/?s={search_term_string}"},"query-input":"required name=search_term_string"}],"inLanguage":"tr"},{"@type":"Organization","@id":"https:\/\/ruishengglassco.com\/#organization","name":"Shandong Yuncheng Ruisheng Glass Co., Ltd","url":"https:\/\/ruishengglassco.com\/","logo":{"@type":"ImageObject","inLanguage":"tr","@id":"https:\/\/ruishengglassco.com\/#\/schema\/logo\/image\/","url":"https:\/\/ruishengglassco.com\/wp-content\/uploads\/2023\/09\/ruisheng_logo_icon.webp","contentUrl":"https:\/\/ruishengglassco.com\/wp-content\/uploads\/2023\/09\/ruisheng_logo_icon.webp","width":400,"height":233,"caption":"Shandong Yuncheng Ruisheng Glass Co., Ltd"},"image":{"@id":"https:\/\/ruishengglassco.com\/#\/schema\/logo\/image\/"},"sameAs":["https:\/\/www.facebook.com\/ruishengglassbottles","https:\/\/www.instagram.com\/Ruishengglassbottlewholesales\/","https:\/\/www.youtube.com\/channel\/UCMmbMNGwsL-XrtjfSFLCdVQ"]}]}},"_links":{"self":[{"href":"https:\/\/ruishengglassco.com\/tr\/wp-json\/wp\/v2\/product\/4219","targetHints":{"allow":["GET"]}}],"collection":[{"href":"https:\/\/ruishengglassco.com\/tr\/wp-json\/wp\/v2\/product"}],"about":[{"href":"https:\/\/ruishengglassco.com\/tr\/wp-json\/wp\/v2\/types\/product"}],"replies":[{"embeddable":true,"href":"https:\/\/ruishengglassco.com\/tr\/wp-json\/wp\/v2\/comments?post=4219"}],"wp:featuredmedia":[{"embeddable":true,"href":"https:\/\/ruishengglassco.com\/tr\/wp-json\/wp\/v2\/media\/4220"}],"wp:attachment":[{"href":"https:\/\/ruishengglassco.com\/tr\/wp-json\/wp\/v2\/media?parent=4219"}],"wp:term":[{"taxonomy":"product_cat","embeddable":true,"href":"https:\/\/ruishengglassco.com\/tr\/wp-json\/wp\/v2\/product_cat?post=4219"}],"curies":[{"name":"wp","href":"https:\/\/api.w.org\/{rel}","templated":true}]}}