{"id":4217,"date":"2025-03-15T09:52:30","date_gmt":"2025-03-15T01:52:30","guid":{"rendered":"https:\/\/ruishengglassco.com\/?post_type=product&#038;p=4217"},"modified":"2025-09-11T17:01:43","modified_gmt":"2025-09-11T09:01:43","slug":"rs093-1000ml-boston-yuvarlak-cam-si%cc%87seler-toptan-votka","status":"publish","type":"product","link":"https:\/\/ruishengglassco.com\/tr\/urun\/rs093-1000ml-boston-yuvarlak-cam-si%cc%87seler-toptan-votka","title":{"rendered":"RS093: 1000ml Boston Yuvarlak Cam \u015ei\u015feler \u00dcreticiler Votka"},"content":{"rendered":"<h2>Boston Yuvarlak Cam \u015ei\u015fe \u00dcreticileri Hakk\u0131nda Detayl\u0131 Bilgi<\/h2>\n<p>Bu 1000ml Boston yuvarlak cam \u015fi\u015felerin d\u00f6rt boyutu mevcuttur: 1000ml, 750ml, 700ml ve 500ml. Ayr\u0131ca 375ml i\u00e7in benzer \u015fekilli votka \u015fi\u015felerimiz de bulunmaktad\u0131r. Bu votka cam \u015fi\u015fesi s\u0131cak sat\u0131\u015f \u00fcr\u00fcnlerimizden biridir. \u015eeffaf Boston yuvarlak cam \u015fi\u015felerimiz bir\u00e7ok yerde pop\u00fclerdir. Amerika Birle\u015fik Devletleri, Birle\u015fik Krall\u0131k, Avustralya, Yeni Zelanda, Kanada ve di\u011fer Avrupa ve Amerika \u00fclkelerinde sat\u0131lmaktad\u0131r. Yenilikleri ve i\u015flevsellikleriyle bilinirler.<\/p>\n<p>\u00c7in'deki en b\u00fcy\u00fck votka \u015fi\u015fesi \u00fcreticilerinden biri olan Ruisheng, yakla\u015f\u0131k 10 y\u0131ld\u0131r lik\u00f6r \u015fi\u015fesi \u00fcretimine odaklanm\u0131\u015ft\u0131r. Boston \u015fi\u015felerimizi toptan \u00fcretmek i\u00e7in CNC manuel makineler kullan\u0131lmaktad\u0131r. Bu makineyi y\u00fcksek kaliteli, kristal berrakl\u0131\u011f\u0131nda cam \u015fi\u015feler \u00fcretmek i\u00e7in kullan\u0131yoruz. Bu, cam \u015fi\u015felerin y\u00fcksek \u015feffafl\u0131k ve p\u00fcr\u00fczs\u00fcz bir y\u00fczey ile m\u00fckemmel kalitede olmas\u0131n\u0131 sa\u011flar.<\/p>\n<p>Toptan sat\u0131\u015fa sunulan bu 1000ml Boston yuvarlak cam \u015fi\u015feler mantar ile tamamlanm\u0131\u015ft\u0131r. \u0130htiyac\u0131n\u0131z olursa, a\u011fz\u0131n\u0131 vidal\u0131 kapak olarak da de\u011fi\u015ftirebiliriz. Fabrikam\u0131z y\u00fcksek polimer mantar, do\u011fal ah\u015fap mantar, kompleks mantar, cam mantar ve \u00e7e\u015fitli boyutlarda vidal\u0131 kapaklar \u00fcretmektedir. \u0130htiya\u00e7 duyman\u0131z halinde cam \u015fi\u015feler i\u00e7in uyumlu kapaklar sunabiliriz.<\/p>\n<p><img decoding=\"async\" class=\"aligncenter wp-image-2429 size-full\" src=\"https:\/\/glassbottlewholesale.com\/wp-content\/uploads\/2020\/12\/WX20201229-154422-1.png\" alt=\"cam \u015fi\u0307\u015fe kapaklari toptan sati\u015fi\" width=\"752\" height=\"452\" \/><\/p>\n<p>Fabrikam\u0131zda 500'den fazla \u00e7al\u0131\u015fan var ve yakla\u015f\u0131k 30 QC ve bir grup yetenekli m\u00fchendis dahil. OEM ve ODM sipari\u015flerini kabul edebiliriz. Sadece bir foto\u011fraf sunabilir veya bize istedi\u011finiz votka \u015fi\u015fesi tasar\u0131m\u0131 ile ilgili talepleri s\u00f6yleyebilirsiniz, sizin i\u00e7in ki\u015fiselle\u015ftirilmi\u015f votka \u015fi\u015fesi hizmeti sa\u011flayabiliriz. Cam \u015fi\u015feleri QC testini ge\u00e7ene kadar fabrikam\u0131zdan g\u00f6nderemeyiz.<\/p>\n<h2>Bu 1 Litrelik Boston Yuvarlak Cam \u015ei\u015felerimizin Detaylar\u0131 \u00dcreticiler<\/h2>\n<p>Cam \u015fi\u015fe ile ilgili bilgiler a\u015fa\u011f\u0131daki gibidir:<\/p>\n<ul>\n<li>\u00dcr\u00fcn: 1000ml Bostom yuvarlak \u015fi\u015feler toptan<\/li>\n<li>Ana malzeme: y\u00fcksek \u00e7akmakta\u015f\u0131 cam (kristal beyaz cam)<\/li>\n<li>Kapak: Mantar (Y\u00fcksek Polimer mantar, kompleks mantar, do\u011fal ah\u015fap mantar)<\/li>\n<li>Referans: RS093<\/li>\n<li>ADEDI: 10000 ADET<\/li>\n<li>Kapasite: 500ml \/ 700ml \/ 750ml \/ 1000ml<\/li>\n<li>Paketleme \u015fekli: Karton \/ Palet \/ Palet ve karton<\/li>\n<li>Adet\/Ctn: 24 adet \/ 20 adet \/ 15 adet<\/li>\n<li>Yerin k\u00f6keni: Shandong, \u00c7in<\/li>\n<li>\u00d6zellik: \u00c7evre dostu<\/li>\n<\/ul>\n<p>Bu 1000ml Boston yuvarlak cam \u015fi\u015fe toptan sat\u0131\u015f\u0131 hakk\u0131nda daha fazla bilgi edinmek veya \u00f6zel cam \u015fi\u015feler yapmak istiyorsan\u0131z, l\u00fctfen bizimle ileti\u015fime ge\u00e7in. Sizin i\u00e7in elimizden geleni yapaca\u011f\u0131z.<\/p>","protected":false},"excerpt":{"rendered":"<p>Ruisheng Markas\u0131 a\u011f\u0131r hizmet tipi, \u015feffaf<strong> Boston turu<\/strong> <strong>cam \u015fi\u015feler<\/strong>. Y\u00fcksek \u00e7akmakta\u015f\u0131 kristal beyaz camdan yap\u0131lm\u0131\u015f, votka ve di\u011fer alkoll\u00fc i\u00e7eceklerle doldurmak i\u00e7in m\u00fckemmeldir. Kalite g\u00fcvencesi ve Toplu Fiyat ile fabrika \u00e7\u0131k\u0131\u015f cam \u015fi\u015fe toptan<\/p>\n<p>Boston Yuvarlak Cam \u015ei\u015feler Toptan Sat\u0131\u015f Hakk\u0131nda Sipari\u015f Bilgileri<\/p>\n<ul>\n<li>Referans: RS093<\/li>\n<li><strong>OEM \/ ODM Hizmeti sunulmaktad\u0131r. Adedi: 10000 adet (10000 ADET)<\/strong><\/li>\n<li>Capacity: 500ml\/700ml\/750ml\/1000ml\/custom<\/li>\n<li>Kapak: Mantar veya \u00f6zel<\/li>\n<li>Malzeme Kristal Beyaz Cam<\/li>\n<\/ul>\n<p data-block-id=\"cf255d49-0436-49e0-9121-8d6e8606e3a5\" data-pm-slice=\"1 1 []\">Votka i\u00e7in Boston Yuvarlak Cam \u015ei\u015fe almak istiyorsan\u0131z, l\u00fctfen bizimle ileti\u015fime ge\u00e7mekten \u00e7ekinmeyin.<\/p>","protected":false},"featured_media":4218,"comment_status":"closed","ping_status":"closed","template":"","meta":[],"product_cat":[43,52],"class_list":{"0":"post-4217","1":"product","2":"type-product","3":"status-publish","4":"has-post-thumbnail","6":"product_cat-1000ml-liquor-bottle-manufacturer","7":"product_cat-vodka-bottle","9":"first","10":"instock","11":"shipping-taxable","12":"product-type-simple"},"yoast_head":"<!-- This site is optimized with the Yoast SEO plugin v22.0 - https:\/\/yoast.com\/wordpress\/plugins\/seo\/ -->\n<title>Boston Round Glass Bottles Manufacturers | Vodka Bottle Manufacturers<\/title>\n<meta name=\"description\" content=\"This boston round glass bottles wholesale are a set of glass bottles for 1000ml, 750ml, 700ml and 500ml. Factory Outlet From Vodka Bottle Manufacturers.\" \/>\n<meta name=\"robots\" content=\"index, follow, max-snippet:-1, max-image-preview:large, max-video-preview:-1\" \/>\n<link rel=\"canonical\" href=\"https:\/\/ruishengglassco.com\/tr\/urun\/rs093-1000ml-boston-yuvarlak-cam-si\u0307seler-toptan-votka\" \/>\n<meta property=\"og:locale\" content=\"tr_TR\" \/>\n<meta property=\"og:type\" content=\"article\" \/>\n<meta property=\"og:title\" content=\"Boston Round Glass Bottles Manufacturers | Vodka Bottle Manufacturers\" \/>\n<meta property=\"og:description\" content=\"This boston round glass bottles wholesale are a set of glass bottles for 1000ml, 750ml, 700ml and 500ml. Factory Outlet From Vodka Bottle Manufacturers.\" \/>\n<meta property=\"og:url\" content=\"https:\/\/ruishengglassco.com\/tr\/urun\/rs093-1000ml-boston-yuvarlak-cam-si\u0307seler-toptan-votka\" \/>\n<meta property=\"article:publisher\" content=\"https:\/\/www.facebook.com\/ruishengglassbottles\" \/>\n<meta property=\"article:modified_time\" content=\"2025-09-11T09:01:43+00:00\" \/>\n<meta property=\"og:image\" content=\"https:\/\/ruishengglassco.com\/wp-content\/uploads\/2025\/03\/RS093-1000ml-Boston-Round-Glass-Bottles-Wholesale-Vodka.webp\" \/>\n\t<meta property=\"og:image:width\" content=\"800\" \/>\n\t<meta property=\"og:image:height\" content=\"800\" \/>\n\t<meta property=\"og:image:type\" content=\"image\/webp\" \/>\n<meta name=\"twitter:card\" content=\"summary_large_image\" \/>\n<meta name=\"twitter:label1\" content=\"Tahmini okuma s\u00fcresi\" \/>\n\t<meta name=\"twitter:data1\" content=\"3 dakika\" \/>\n<script type=\"application\/ld+json\" class=\"yoast-schema-graph\">{\"@context\":\"https:\/\/schema.org\",\"@graph\":[{\"@type\":\"WebPage\",\"@id\":\"https:\/\/ruishengglassco.com\/product\/rs093-1000ml-boston-round-glass-bottles-wholesale-vodka\",\"url\":\"https:\/\/ruishengglassco.com\/product\/rs093-1000ml-boston-round-glass-bottles-wholesale-vodka\",\"name\":\"Boston Round Glass Bottles Manufacturers | Vodka Bottle Manufacturers\",\"isPartOf\":{\"@id\":\"https:\/\/ruishengglassco.com\/#website\"},\"datePublished\":\"2025-03-15T01:52:30+00:00\",\"dateModified\":\"2025-09-11T09:01:43+00:00\",\"description\":\"This boston round glass bottles wholesale are a set of glass bottles for 1000ml, 750ml, 700ml and 500ml. Factory Outlet From Vodka Bottle Manufacturers.\",\"breadcrumb\":{\"@id\":\"https:\/\/ruishengglassco.com\/product\/rs093-1000ml-boston-round-glass-bottles-wholesale-vodka#breadcrumb\"},\"inLanguage\":\"tr\",\"potentialAction\":[{\"@type\":\"ReadAction\",\"target\":[\"https:\/\/ruishengglassco.com\/product\/rs093-1000ml-boston-round-glass-bottles-wholesale-vodka\"]}]},{\"@type\":\"BreadcrumbList\",\"@id\":\"https:\/\/ruishengglassco.com\/product\/rs093-1000ml-boston-round-glass-bottles-wholesale-vodka#breadcrumb\",\"itemListElement\":[{\"@type\":\"ListItem\",\"position\":1,\"name\":\"Home\",\"item\":\"https:\/\/ruishengglassco.com\/\"},{\"@type\":\"ListItem\",\"position\":2,\"name\":\"Products\",\"item\":\"https:\/\/ruishengglassco.com\/products\"},{\"@type\":\"ListItem\",\"position\":3,\"name\":\"RS093: 1000ml Boston Round Glass Bottles Manufacturers Vodka\"}]},{\"@type\":\"WebSite\",\"@id\":\"https:\/\/ruishengglassco.com\/#website\",\"url\":\"https:\/\/ruishengglassco.com\/\",\"name\":\"Ruisheng Glass\",\"description\":\"\",\"publisher\":{\"@id\":\"https:\/\/ruishengglassco.com\/#organization\"},\"potentialAction\":[{\"@type\":\"SearchAction\",\"target\":{\"@type\":\"EntryPoint\",\"urlTemplate\":\"https:\/\/ruishengglassco.com\/?s={search_term_string}\"},\"query-input\":\"required name=search_term_string\"}],\"inLanguage\":\"tr\"},{\"@type\":\"Organization\",\"@id\":\"https:\/\/ruishengglassco.com\/#organization\",\"name\":\"Shandong Yuncheng Ruisheng Glass Co., Ltd\",\"url\":\"https:\/\/ruishengglassco.com\/\",\"logo\":{\"@type\":\"ImageObject\",\"inLanguage\":\"tr\",\"@id\":\"https:\/\/ruishengglassco.com\/#\/schema\/logo\/image\/\",\"url\":\"https:\/\/ruishengglassco.com\/wp-content\/uploads\/2023\/09\/ruisheng_logo_icon.webp\",\"contentUrl\":\"https:\/\/ruishengglassco.com\/wp-content\/uploads\/2023\/09\/ruisheng_logo_icon.webp\",\"width\":400,\"height\":233,\"caption\":\"Shandong Yuncheng Ruisheng Glass Co., Ltd\"},\"image\":{\"@id\":\"https:\/\/ruishengglassco.com\/#\/schema\/logo\/image\/\"},\"sameAs\":[\"https:\/\/www.facebook.com\/ruishengglassbottles\",\"https:\/\/www.instagram.com\/Ruishengglassbottlewholesales\/\",\"https:\/\/www.youtube.com\/channel\/UCMmbMNGwsL-XrtjfSFLCdVQ\"]}]}<\/script>\n<!-- \/ Yoast SEO plugin. -->","yoast_head_json":{"title":"Boston Round Glass Bottles Manufacturers | Vodka Bottle Manufacturers","description":"This boston round glass bottles wholesale are a set of glass bottles for 1000ml, 750ml, 700ml and 500ml. Factory Outlet From Vodka Bottle Manufacturers.","robots":{"index":"index","follow":"follow","max-snippet":"max-snippet:-1","max-image-preview":"max-image-preview:large","max-video-preview":"max-video-preview:-1"},"canonical":"https:\/\/ruishengglassco.com\/tr\/urun\/rs093-1000ml-boston-yuvarlak-cam-si\u0307seler-toptan-votka","og_locale":"tr_TR","og_type":"article","og_title":"Boston Round Glass Bottles Manufacturers | Vodka Bottle Manufacturers","og_description":"This boston round glass bottles wholesale are a set of glass bottles for 1000ml, 750ml, 700ml and 500ml. Factory Outlet From Vodka Bottle Manufacturers.","og_url":"https:\/\/ruishengglassco.com\/tr\/urun\/rs093-1000ml-boston-yuvarlak-cam-si\u0307seler-toptan-votka","article_publisher":"https:\/\/www.facebook.com\/ruishengglassbottles","article_modified_time":"2025-09-11T09:01:43+00:00","og_image":[{"width":800,"height":800,"url":"https:\/\/ruishengglassco.com\/wp-content\/uploads\/2025\/03\/RS093-1000ml-Boston-Round-Glass-Bottles-Wholesale-Vodka.webp","type":"image\/webp"}],"twitter_card":"summary_large_image","twitter_misc":{"Tahmini okuma s\u00fcresi":"3 dakika"},"schema":{"@context":"https:\/\/schema.org","@graph":[{"@type":"WebPage","@id":"https:\/\/ruishengglassco.com\/product\/rs093-1000ml-boston-round-glass-bottles-wholesale-vodka","url":"https:\/\/ruishengglassco.com\/product\/rs093-1000ml-boston-round-glass-bottles-wholesale-vodka","name":"Boston Round Glass Bottles Manufacturers | Vodka Bottle Manufacturers","isPartOf":{"@id":"https:\/\/ruishengglassco.com\/#website"},"datePublished":"2025-03-15T01:52:30+00:00","dateModified":"2025-09-11T09:01:43+00:00","description":"This boston round glass bottles wholesale are a set of glass bottles for 1000ml, 750ml, 700ml and 500ml. Factory Outlet From Vodka Bottle Manufacturers.","breadcrumb":{"@id":"https:\/\/ruishengglassco.com\/product\/rs093-1000ml-boston-round-glass-bottles-wholesale-vodka#breadcrumb"},"inLanguage":"tr","potentialAction":[{"@type":"ReadAction","target":["https:\/\/ruishengglassco.com\/product\/rs093-1000ml-boston-round-glass-bottles-wholesale-vodka"]}]},{"@type":"BreadcrumbList","@id":"https:\/\/ruishengglassco.com\/product\/rs093-1000ml-boston-round-glass-bottles-wholesale-vodka#breadcrumb","itemListElement":[{"@type":"ListItem","position":1,"name":"Home","item":"https:\/\/ruishengglassco.com\/"},{"@type":"ListItem","position":2,"name":"Products","item":"https:\/\/ruishengglassco.com\/products"},{"@type":"ListItem","position":3,"name":"RS093: 1000ml Boston Round Glass Bottles Manufacturers Vodka"}]},{"@type":"WebSite","@id":"https:\/\/ruishengglassco.com\/#website","url":"https:\/\/ruishengglassco.com\/","name":"Ruisheng Glass","description":"","publisher":{"@id":"https:\/\/ruishengglassco.com\/#organization"},"potentialAction":[{"@type":"SearchAction","target":{"@type":"EntryPoint","urlTemplate":"https:\/\/ruishengglassco.com\/?s={search_term_string}"},"query-input":"required name=search_term_string"}],"inLanguage":"tr"},{"@type":"Organization","@id":"https:\/\/ruishengglassco.com\/#organization","name":"Shandong Yuncheng Ruisheng Glass Co., Ltd","url":"https:\/\/ruishengglassco.com\/","logo":{"@type":"ImageObject","inLanguage":"tr","@id":"https:\/\/ruishengglassco.com\/#\/schema\/logo\/image\/","url":"https:\/\/ruishengglassco.com\/wp-content\/uploads\/2023\/09\/ruisheng_logo_icon.webp","contentUrl":"https:\/\/ruishengglassco.com\/wp-content\/uploads\/2023\/09\/ruisheng_logo_icon.webp","width":400,"height":233,"caption":"Shandong Yuncheng Ruisheng Glass Co., Ltd"},"image":{"@id":"https:\/\/ruishengglassco.com\/#\/schema\/logo\/image\/"},"sameAs":["https:\/\/www.facebook.com\/ruishengglassbottles","https:\/\/www.instagram.com\/Ruishengglassbottlewholesales\/","https:\/\/www.youtube.com\/channel\/UCMmbMNGwsL-XrtjfSFLCdVQ"]}]}},"_links":{"self":[{"href":"https:\/\/ruishengglassco.com\/tr\/wp-json\/wp\/v2\/product\/4217","targetHints":{"allow":["GET"]}}],"collection":[{"href":"https:\/\/ruishengglassco.com\/tr\/wp-json\/wp\/v2\/product"}],"about":[{"href":"https:\/\/ruishengglassco.com\/tr\/wp-json\/wp\/v2\/types\/product"}],"replies":[{"embeddable":true,"href":"https:\/\/ruishengglassco.com\/tr\/wp-json\/wp\/v2\/comments?post=4217"}],"wp:featuredmedia":[{"embeddable":true,"href":"https:\/\/ruishengglassco.com\/tr\/wp-json\/wp\/v2\/media\/4218"}],"wp:attachment":[{"href":"https:\/\/ruishengglassco.com\/tr\/wp-json\/wp\/v2\/media?parent=4217"}],"wp:term":[{"taxonomy":"product_cat","embeddable":true,"href":"https:\/\/ruishengglassco.com\/tr\/wp-json\/wp\/v2\/product_cat?post=4217"}],"curies":[{"name":"wp","href":"https:\/\/api.w.org\/{rel}","templated":true}]}}