{"id":4215,"date":"2025-03-15T09:50:03","date_gmt":"2025-03-15T01:50:03","guid":{"rendered":"https:\/\/ruishengglassco.com\/?post_type=product&#038;p=4215"},"modified":"2025-07-16T16:49:37","modified_gmt":"2025-07-16T08:49:37","slug":"rs094-750ml-tekila-kafatasi-siseleri-toptan-satis","status":"publish","type":"product","link":"https:\/\/ruishengglassco.com\/tr\/urun\/rs094-750ml-tekila-kafatasi-siseleri-toptan-satis","title":{"rendered":"RS094: 750ml Tekila Kafatas\u0131 \u015ei\u015feleri \u00dcreticileri"},"content":{"rendered":"<p><span data-preserver-spaces=\"true\">750ml tekila kafatas\u0131 \u015fi\u015feleri toptan veya tekila kafatas\u0131 s\u00fcrahisi <\/span><span data-preserver-spaces=\"true\">o<\/span><span data-preserver-spaces=\"true\"> yap\u0131lm\u0131\u015f<\/span> <span data-preserver-spaces=\"true\">i\u00e7inde<\/span><span data-preserver-spaces=\"true\"> Ruisheng Cam \u015ei\u015fe, d\u00fcnyan\u0131n en b\u00fcy\u00fck <\/span><span data-preserver-spaces=\"true\">en b\u00fcy\u00fck<\/span><span data-preserver-spaces=\"true\">\u00a0\u00c7inli cam \u015fi\u015fe \u00fcreticileri ve tedarik\u00e7ileri.<\/span><\/p>\n<p><span data-preserver-spaces=\"true\">Bu tekila \u015fi\u015feleri <\/span><span data-preserver-spaces=\"true\">evlat edinmek<\/span><span data-preserver-spaces=\"true\"> Cam\u0131 daha \u015feffaf, berrak ve p\u00fcr\u00fczs\u00fcz hale getiren y\u00fcksek kaliteli \u00e7akmakta\u015f\u0131 cam malzeme. Firmam\u0131z \u00e7e\u015fitli boyutlarda kafatas\u0131 lik\u00f6r \u015fi\u015feleri sunmaktad\u0131r: 750ml, 700ml, 100ml ve daha fazlas\u0131. Beyaz, siyah, mavi, ye\u015fil, mor ve \u015feffaf dahil olmak \u00fczere farkl\u0131 renkler aras\u0131ndan se\u00e7im yapabilirsiniz. Ayr\u0131ca \u00f6zel cam \u015fi\u015fe hizmeti de veriyoruz.<\/span><\/p>\n<p><span data-preserver-spaces=\"true\">Kapsaml\u0131 deneyimimizle, d\u00fcnya \u00e7ap\u0131nda g\u00fc\u00e7l\u00fc bir \u00fcne sahibiz.  Kah tekila \u015fi\u015felerimiz ABD, \u0130ngiltere, Avustralya, Fransa, G\u00fcney Afrika ve di\u011fer bir\u00e7ok \u00fclkeye ihra\u00e7 edilmi\u015f ve m\u00fc\u015fterilerimizden iyi bir \u00fcn kazanm\u0131\u015ft\u0131r.<\/span><\/p>\n<h2><strong><span data-preserver-spaces=\"true\">Tekila Kafatas\u0131 \u015ei\u015feleri \u00dcreticileri Hakk\u0131nda<\/span><\/strong><\/h2>\n<ul>\n<li><span data-preserver-spaces=\"true\">\u0130sim: 750ml Tekila Kafatas\u0131 \u015ei\u015fesi<\/span><\/li>\n<li><span data-preserver-spaces=\"true\">Yerin k\u00f6keni: Shandong, \u00c7in<\/span><\/li>\n<li><span data-preserver-spaces=\"true\">Birincil malzeme: Y\u00fcksek \u00e7akmakta\u015f\u0131 cam<\/span><\/li>\n<li><span data-preserver-spaces=\"true\">Kapak Mantar, Vidal\u0131 kapak<\/span><\/li>\n<li><strong><span data-preserver-spaces=\"true\">ADEDI: 10000 ADET<\/span><\/strong><\/li>\n<li><span data-preserver-spaces=\"true\">Kapasite: 750ml<\/span><\/li>\n<li><span data-preserver-spaces=\"true\">Adet\/Ctn: 24 adet<\/span><\/li>\n<li><span data-preserver-spaces=\"true\">\u00d6zellik: \u00c7evre dostu<\/span><\/li>\n<\/ul>\n<p><span data-preserver-spaces=\"true\">Bu 750ml kristal kafatas\u0131n\u0131n yan\u0131 s\u0131ra<\/span><span data-preserver-spaces=\"true\"> Tekila \u015fi\u015fesi, ayr\u0131ca lik\u00f6r, vermut, votka, viski, brendi, rom, cin ve di\u011fer alkoll\u00fc i\u00e7kiler i\u00e7in farkl\u0131 kapasitelerde bo\u015f cam \u015fi\u015feler sunuyoruz.<\/span><\/p>\n<p><span data-preserver-spaces=\"true\">Bu \u015feffaf cam \u015fi\u015feden memnun kald\u0131ysan\u0131z, l\u00fctfen hemen bana bildirin. Be\u011fenmediyseniz, di\u011fer \u015fi\u015felerimize bakabilirsiniz. Ya da size katalo\u011fu veririm ve<\/span> <span data-preserver-spaces=\"true\">istedi\u011finizi se\u00e7ebilirsiniz. <\/span><span data-preserver-spaces=\"true\">Hermetik alkol \u015fi\u015felerimizle ilgileniyorsan\u0131z, <\/span><span data-preserver-spaces=\"true\">l\u00fctfen bizimle ileti\u015fime ge\u00e7in<\/span><span data-preserver-spaces=\"true\">.<\/span><span data-preserver-spaces=\"true\"> Size 24 saat i\u00e7inde cevap verece\u011fiz.<\/span><\/p>","protected":false},"excerpt":{"rendered":"<table>\n<colgroup>\n<col \/>\n<col \/><\/colgroup>\n<tbody>\n<tr>\n<th colspan=\"2\">750ml Tekila Kafatas\u0131 \u015ei\u015feleri Toptan Sat\u0131\u015f<\/th>\n<\/tr>\n<tr>\n<td>Ana malzeme:<\/td>\n<td>Y\u00fcksek \u00e7akmakta\u015f\u0131 cam<\/td>\n<\/tr>\n<tr>\n<td>Kaptan:<\/td>\n<td>Vidal\u0131 kapak<\/td>\n<\/tr>\n<tr>\n<td>Kapasite:<\/td>\n<td>750ml<\/td>\n<\/tr>\n<tr>\n<td>\u00d6zellik:<\/td>\n<td>\u00c7evre dostu<\/td>\n<\/tr>\n<tr>\n<td>ADEDI:<\/td>\n<td>10000 ADET<\/td>\n<\/tr>\n<tr>\n<td>Nakliye yolu:<\/td>\n<td>Gemi, Ekspres<\/td>\n<\/tr>\n<tr>\n<td>OEM\/ODM:<\/td>\n<td>Ho\u015f geldiniz<\/td>\n<\/tr>\n<tr>\n<td>Yerin k\u00f6keni:<\/td>\n<td>Shandong, \u00c7in<\/td>\n<\/tr>\n<tr>\n<td>Adet\/Ktn:<\/td>\n<td>24 adet<\/td>\n<\/tr>\n<\/tbody>\n<\/table>","protected":false},"featured_media":4216,"comment_status":"closed","ping_status":"closed","template":"","meta":[],"product_cat":[40,46],"class_list":{"0":"post-4215","1":"product","2":"type-product","3":"status-publish","4":"has-post-thumbnail","6":"product_cat-750ml-liquor-bottle-manufacturer","7":"product_cat-tequila-bottle","9":"first","10":"instock","11":"shipping-taxable","12":"product-type-simple"},"yoast_head":"<!-- This site is optimized with the Yoast SEO plugin v22.0 - https:\/\/yoast.com\/wordpress\/plugins\/seo\/ -->\n<title>750ml Tequila Skull Bottles Manufacturers | Custom Made Glass Bottle<\/title>\n<meta name=\"description\" content=\"Ruisheng, one of the largest glass bottle manufacturers and suppliers in China, sales different capacity tequila skull bottles wholesale in factory price.\" \/>\n<meta name=\"robots\" content=\"index, follow, max-snippet:-1, max-image-preview:large, max-video-preview:-1\" \/>\n<link rel=\"canonical\" href=\"https:\/\/ruishengglassco.com\/tr\/urun\/rs094-750ml-tekila-kafatasi-siseleri-toptan-satis\" \/>\n<meta property=\"og:locale\" content=\"tr_TR\" \/>\n<meta property=\"og:type\" content=\"article\" \/>\n<meta property=\"og:title\" content=\"750ml Tequila Skull Bottles Manufacturers | Custom Made Glass Bottle\" \/>\n<meta property=\"og:description\" content=\"Ruisheng, one of the largest glass bottle manufacturers and suppliers in China, sales different capacity tequila skull bottles wholesale in factory price.\" \/>\n<meta property=\"og:url\" content=\"https:\/\/ruishengglassco.com\/tr\/urun\/rs094-750ml-tekila-kafatasi-siseleri-toptan-satis\" \/>\n<meta property=\"article:publisher\" content=\"https:\/\/www.facebook.com\/ruishengglassbottles\" \/>\n<meta property=\"article:modified_time\" content=\"2025-07-16T08:49:37+00:00\" \/>\n<meta property=\"og:image\" content=\"https:\/\/ruishengglassco.com\/wp-content\/uploads\/2025\/03\/RS094-750ml-Tequila-Skull-Bottles-Wholesale.webp\" \/>\n\t<meta property=\"og:image:width\" content=\"500\" \/>\n\t<meta property=\"og:image:height\" content=\"500\" \/>\n\t<meta property=\"og:image:type\" content=\"image\/webp\" \/>\n<meta name=\"twitter:card\" content=\"summary_large_image\" \/>\n<meta name=\"twitter:label1\" content=\"Tahmini okuma s\u00fcresi\" \/>\n\t<meta name=\"twitter:data1\" content=\"2 dakika\" \/>\n<script type=\"application\/ld+json\" class=\"yoast-schema-graph\">{\"@context\":\"https:\/\/schema.org\",\"@graph\":[{\"@type\":\"WebPage\",\"@id\":\"https:\/\/ruishengglassco.com\/product\/rs094-750ml-tequila-skull-bottles-wholesale\",\"url\":\"https:\/\/ruishengglassco.com\/product\/rs094-750ml-tequila-skull-bottles-wholesale\",\"name\":\"750ml Tequila Skull Bottles Manufacturers | Custom Made Glass Bottle\",\"isPartOf\":{\"@id\":\"https:\/\/ruishengglassco.com\/#website\"},\"datePublished\":\"2025-03-15T01:50:03+00:00\",\"dateModified\":\"2025-07-16T08:49:37+00:00\",\"description\":\"Ruisheng, one of the largest glass bottle manufacturers and suppliers in China, sales different capacity tequila skull bottles wholesale in factory price.\",\"breadcrumb\":{\"@id\":\"https:\/\/ruishengglassco.com\/product\/rs094-750ml-tequila-skull-bottles-wholesale#breadcrumb\"},\"inLanguage\":\"tr\",\"potentialAction\":[{\"@type\":\"ReadAction\",\"target\":[\"https:\/\/ruishengglassco.com\/product\/rs094-750ml-tequila-skull-bottles-wholesale\"]}]},{\"@type\":\"BreadcrumbList\",\"@id\":\"https:\/\/ruishengglassco.com\/product\/rs094-750ml-tequila-skull-bottles-wholesale#breadcrumb\",\"itemListElement\":[{\"@type\":\"ListItem\",\"position\":1,\"name\":\"Home\",\"item\":\"https:\/\/ruishengglassco.com\/\"},{\"@type\":\"ListItem\",\"position\":2,\"name\":\"Products\",\"item\":\"https:\/\/ruishengglassco.com\/products\"},{\"@type\":\"ListItem\",\"position\":3,\"name\":\"RS094: 750ml Tequila Skull Bottles Manufacturers\"}]},{\"@type\":\"WebSite\",\"@id\":\"https:\/\/ruishengglassco.com\/#website\",\"url\":\"https:\/\/ruishengglassco.com\/\",\"name\":\"Ruisheng Glass\",\"description\":\"\",\"publisher\":{\"@id\":\"https:\/\/ruishengglassco.com\/#organization\"},\"potentialAction\":[{\"@type\":\"SearchAction\",\"target\":{\"@type\":\"EntryPoint\",\"urlTemplate\":\"https:\/\/ruishengglassco.com\/?s={search_term_string}\"},\"query-input\":\"required name=search_term_string\"}],\"inLanguage\":\"tr\"},{\"@type\":\"Organization\",\"@id\":\"https:\/\/ruishengglassco.com\/#organization\",\"name\":\"Shandong Yuncheng Ruisheng Glass Co., Ltd\",\"url\":\"https:\/\/ruishengglassco.com\/\",\"logo\":{\"@type\":\"ImageObject\",\"inLanguage\":\"tr\",\"@id\":\"https:\/\/ruishengglassco.com\/#\/schema\/logo\/image\/\",\"url\":\"https:\/\/ruishengglassco.com\/wp-content\/uploads\/2023\/09\/ruisheng_logo_icon.webp\",\"contentUrl\":\"https:\/\/ruishengglassco.com\/wp-content\/uploads\/2023\/09\/ruisheng_logo_icon.webp\",\"width\":400,\"height\":233,\"caption\":\"Shandong Yuncheng Ruisheng Glass Co., Ltd\"},\"image\":{\"@id\":\"https:\/\/ruishengglassco.com\/#\/schema\/logo\/image\/\"},\"sameAs\":[\"https:\/\/www.facebook.com\/ruishengglassbottles\",\"https:\/\/www.instagram.com\/Ruishengglassbottlewholesales\/\",\"https:\/\/www.youtube.com\/channel\/UCMmbMNGwsL-XrtjfSFLCdVQ\"]}]}<\/script>\n<!-- \/ Yoast SEO plugin. -->","yoast_head_json":{"title":"750ml Tequila Skull Bottles Manufacturers | Custom Made Glass Bottle","description":"Ruisheng, one of the largest glass bottle manufacturers and suppliers in China, sales different capacity tequila skull bottles wholesale in factory price.","robots":{"index":"index","follow":"follow","max-snippet":"max-snippet:-1","max-image-preview":"max-image-preview:large","max-video-preview":"max-video-preview:-1"},"canonical":"https:\/\/ruishengglassco.com\/tr\/urun\/rs094-750ml-tekila-kafatasi-siseleri-toptan-satis","og_locale":"tr_TR","og_type":"article","og_title":"750ml Tequila Skull Bottles Manufacturers | Custom Made Glass Bottle","og_description":"Ruisheng, one of the largest glass bottle manufacturers and suppliers in China, sales different capacity tequila skull bottles wholesale in factory price.","og_url":"https:\/\/ruishengglassco.com\/tr\/urun\/rs094-750ml-tekila-kafatasi-siseleri-toptan-satis","article_publisher":"https:\/\/www.facebook.com\/ruishengglassbottles","article_modified_time":"2025-07-16T08:49:37+00:00","og_image":[{"width":500,"height":500,"url":"https:\/\/ruishengglassco.com\/wp-content\/uploads\/2025\/03\/RS094-750ml-Tequila-Skull-Bottles-Wholesale.webp","type":"image\/webp"}],"twitter_card":"summary_large_image","twitter_misc":{"Tahmini okuma s\u00fcresi":"2 dakika"},"schema":{"@context":"https:\/\/schema.org","@graph":[{"@type":"WebPage","@id":"https:\/\/ruishengglassco.com\/product\/rs094-750ml-tequila-skull-bottles-wholesale","url":"https:\/\/ruishengglassco.com\/product\/rs094-750ml-tequila-skull-bottles-wholesale","name":"750ml Tequila Skull Bottles Manufacturers | Custom Made Glass Bottle","isPartOf":{"@id":"https:\/\/ruishengglassco.com\/#website"},"datePublished":"2025-03-15T01:50:03+00:00","dateModified":"2025-07-16T08:49:37+00:00","description":"Ruisheng, one of the largest glass bottle manufacturers and suppliers in China, sales different capacity tequila skull bottles wholesale in factory price.","breadcrumb":{"@id":"https:\/\/ruishengglassco.com\/product\/rs094-750ml-tequila-skull-bottles-wholesale#breadcrumb"},"inLanguage":"tr","potentialAction":[{"@type":"ReadAction","target":["https:\/\/ruishengglassco.com\/product\/rs094-750ml-tequila-skull-bottles-wholesale"]}]},{"@type":"BreadcrumbList","@id":"https:\/\/ruishengglassco.com\/product\/rs094-750ml-tequila-skull-bottles-wholesale#breadcrumb","itemListElement":[{"@type":"ListItem","position":1,"name":"Home","item":"https:\/\/ruishengglassco.com\/"},{"@type":"ListItem","position":2,"name":"Products","item":"https:\/\/ruishengglassco.com\/products"},{"@type":"ListItem","position":3,"name":"RS094: 750ml Tequila Skull Bottles Manufacturers"}]},{"@type":"WebSite","@id":"https:\/\/ruishengglassco.com\/#website","url":"https:\/\/ruishengglassco.com\/","name":"Ruisheng Glass","description":"","publisher":{"@id":"https:\/\/ruishengglassco.com\/#organization"},"potentialAction":[{"@type":"SearchAction","target":{"@type":"EntryPoint","urlTemplate":"https:\/\/ruishengglassco.com\/?s={search_term_string}"},"query-input":"required name=search_term_string"}],"inLanguage":"tr"},{"@type":"Organization","@id":"https:\/\/ruishengglassco.com\/#organization","name":"Shandong Yuncheng Ruisheng Glass Co., Ltd","url":"https:\/\/ruishengglassco.com\/","logo":{"@type":"ImageObject","inLanguage":"tr","@id":"https:\/\/ruishengglassco.com\/#\/schema\/logo\/image\/","url":"https:\/\/ruishengglassco.com\/wp-content\/uploads\/2023\/09\/ruisheng_logo_icon.webp","contentUrl":"https:\/\/ruishengglassco.com\/wp-content\/uploads\/2023\/09\/ruisheng_logo_icon.webp","width":400,"height":233,"caption":"Shandong Yuncheng Ruisheng Glass Co., Ltd"},"image":{"@id":"https:\/\/ruishengglassco.com\/#\/schema\/logo\/image\/"},"sameAs":["https:\/\/www.facebook.com\/ruishengglassbottles","https:\/\/www.instagram.com\/Ruishengglassbottlewholesales\/","https:\/\/www.youtube.com\/channel\/UCMmbMNGwsL-XrtjfSFLCdVQ"]}]}},"_links":{"self":[{"href":"https:\/\/ruishengglassco.com\/tr\/wp-json\/wp\/v2\/product\/4215","targetHints":{"allow":["GET"]}}],"collection":[{"href":"https:\/\/ruishengglassco.com\/tr\/wp-json\/wp\/v2\/product"}],"about":[{"href":"https:\/\/ruishengglassco.com\/tr\/wp-json\/wp\/v2\/types\/product"}],"replies":[{"embeddable":true,"href":"https:\/\/ruishengglassco.com\/tr\/wp-json\/wp\/v2\/comments?post=4215"}],"wp:featuredmedia":[{"embeddable":true,"href":"https:\/\/ruishengglassco.com\/tr\/wp-json\/wp\/v2\/media\/4216"}],"wp:attachment":[{"href":"https:\/\/ruishengglassco.com\/tr\/wp-json\/wp\/v2\/media?parent=4215"}],"wp:term":[{"taxonomy":"product_cat","embeddable":true,"href":"https:\/\/ruishengglassco.com\/tr\/wp-json\/wp\/v2\/product_cat?post=4215"}],"curies":[{"name":"wp","href":"https:\/\/api.w.org\/{rel}","templated":true}]}}