{"id":4213,"date":"2025-03-15T09:47:58","date_gmt":"2025-03-15T01:47:58","guid":{"rendered":"https:\/\/ruishengglassco.com\/?post_type=product&#038;p=4213"},"modified":"2025-07-17T13:53:45","modified_gmt":"2025-07-17T05:53:45","slug":"rs095-toptan-700ml-mantarli-seffaf-ci%cc%87n-si%cc%87seleri%cc%87","status":"publish","type":"product","link":"https:\/\/ruishengglassco.com\/tr\/urun\/rs095-toptan-700ml-mantarli-seffaf-ci%cc%87n-si%cc%87seleri%cc%87","title":{"rendered":"RS095: 700ml Mantarl\u0131 \u015eeffaf Cin \u015ei\u015feleri"},"content":{"rendered":"<p><span data-preserver-spaces=\"true\">700 ml'lik \u015feffaf cin \u015fi\u015fesi toptan sat\u0131\u015f\u0131 daha ba\u015far\u0131l\u0131 projelerimizden biridir; bir\u00e7ok alana ihracat yapt\u0131k ve oybirli\u011fiyle \u00f6vg\u00fc ald\u0131k. Profesyonel bir lik\u00f6r \u015fi\u015fesi \u00fcreticisi olarak, y\u00fcksek kaliteli s\u0131v\u0131 cam \u015fi\u015felerin \u00fcretimini garanti edebiliriz.<\/span><\/p>\n<p><span data-preserver-spaces=\"true\">Hakk\u0131nda<\/span><span data-preserver-spaces=\"true\"> 700 ml'lik \u015feffaf cin \u015fi\u015fesi, <\/span><span data-preserver-spaces=\"true\">bu \u015fi\u015fenin<\/span><span data-preserver-spaces=\"true\"> \u015fekil yuvarlakt\u0131r<\/span><span data-preserver-spaces=\"true\">, <\/span><span data-preserver-spaces=\"true\">ve <\/span><span data-preserver-spaces=\"true\">o<\/span><span data-preserver-spaces=\"true\"> kullan\u0131labilir<\/span><span data-preserver-spaces=\"true\"> votka, brendi, XO, viski ve <\/span><span data-preserver-spaces=\"true\">bu y\u00fczden<\/span><span data-preserver-spaces=\"true\">.<\/span><\/p>\n<h2><span data-preserver-spaces=\"true\">700ml \u015eeffaf Cin \u015ei\u015fesi \u00dcreticileri<\/span><\/h2>\n<p><span data-preserver-spaces=\"true\">Cam \u015fi\u015fe ile ilgili bilgiler a\u015fa\u011f\u0131daki gibidir:<\/span><\/p>\n<ul>\n<li><span data-preserver-spaces=\"true\">Ana Sayfa<\/span><span data-preserver-spaces=\"true\"> malzeme: s\u00fcper \u00e7akmakta\u015f\u0131 cam<\/span><\/li>\n<li><span data-preserver-spaces=\"true\">Kapak: mantar<\/span><\/li>\n<li><span data-preserver-spaces=\"true\">Referans: RS095<\/span><\/li>\n<li><span data-preserver-spaces=\"true\">ADEDI: 10000 ADET<\/span><\/li>\n<li><span data-preserver-spaces=\"true\">Kapasite: 700ml<\/span><\/li>\n<li><span data-preserver-spaces=\"true\">Adet\/Ctn: 24 adet<\/span><\/li>\n<li><span data-preserver-spaces=\"true\">Yerin k\u00f6keni: Shandong, \u00c7in<\/span><\/li>\n<li><span data-preserver-spaces=\"true\">\u00d6zellik: \u00c7evre dostu<\/span><\/li>\n<\/ul>\n<p><span data-preserver-spaces=\"true\">\u015eirketimiz, bir\u00e7o\u011fu cam \u015fi\u015fe \u00fcretiminde geni\u015f deneyime sahip 500'den fazla i\u015f\u00e7i istihdam etmektedir. Ayr\u0131ca son derece profesyonel kalite denet\u00e7ilerimiz var ve<\/span> <span data-preserver-spaces=\"true\">her cam \u015fi\u015fenin titiz bir kalite kontrol\u00fcnden ge\u00e7mesini sa\u011fl\u0131yoruz. Ayr\u0131ca, ambalajlar\u0131m\u0131z ulusal standartlara s\u0131k\u0131 s\u0131k\u0131ya ba\u011fl\u0131d\u0131r.<\/span><\/p>\n<p><span data-preserver-spaces=\"true\">Mantarl\u0131 700 ml'lik \u015feffaf cin \u015fi\u015fesi \u015firketimizin ana \u00fcr\u00fcn\u00fcd\u00fcr, bu nedenle bunu iyi yapabilece\u011fimizden \u00e7ok eminiz.<\/span><\/p>\n<p><span data-preserver-spaces=\"true\">Her \u015feyden \u00f6nce, cam \u015fi\u015fe \u00fczerinde bask\u0131, s\u0131cak damgalama, buzlama ve daha fazlas\u0131 gibi derin i\u015flemler ger\u00e7ekle\u015ftirebiliriz. \u0130stedi\u011finiz renk ne olursa olsun, bunu yapabiliriz.<\/span><\/p>\n<p><span data-preserver-spaces=\"true\">Fabrikam\u0131z\u0131 ziyaret etmek isterseniz, her zaman bekleriz. <\/span><span data-preserver-spaces=\"true\">Sizi havaalan\u0131nda kar\u015f\u0131lamas\u0131 i\u00e7in \u00f6zel personel ayarlayaca\u011f\u0131z ve<\/span> <span data-preserver-spaces=\"true\">biz de var <\/span><span data-preserver-spaces=\"true\">uzman personel<\/span><span data-preserver-spaces=\"true\"> size fabrikay\u0131 gezdirmek i\u00e7in.<\/span><\/p>\n<p><span data-preserver-spaces=\"true\">Ayr\u0131ca \u00e7e\u015fitli \u00f6zel cam \u015fi\u015feler de \u00fcretiyoruz. <\/span><span data-preserver-spaces=\"true\">hepsi<\/span><span data-preserver-spaces=\"true\"> boyutlar\u0131. <\/span><span data-preserver-spaces=\"true\">Biz yapabiliriz <\/span><span data-preserver-spaces=\"true\">\u00fcretmek<\/span> <span data-preserver-spaces=\"true\">\u00e7e\u015fitli \u015fekiller<\/span><span data-preserver-spaces=\"true\"> su cam \u015fi\u015feleri.<\/span><span data-preserver-spaces=\"true\"> \u015ei\u015feyi \u00f6zelle\u015ftirmek isterseniz, iste\u011finizi de kar\u015f\u0131layabiliriz. Bize bir \u00e7izim sunarsan\u0131z, birebir ayn\u0131s\u0131n\u0131 \u00fcretebiliriz.<\/span><\/p>\n<p><span data-preserver-spaces=\"true\">Umar\u0131z bu brendi cam \u015fi\u015fesini be\u011fenirsiniz ve <\/span><span data-preserver-spaces=\"true\">yer<\/span><span data-preserver-spaces=\"true\"> bir sipari\u015f. Ve fabrikam\u0131z\u0131 ziyaret etmenizi bekliyoruz.<\/span><\/p>\n<p><span data-preserver-spaces=\"true\">700ml \u015feffaf cin \u015fi\u015felerini toptan sat\u0131n almak veya sat\u0131l\u0131k mantarl\u0131 toplu cin \u015fi\u015feleri sat\u0131n almakla ilgileniyorsan\u0131z, l\u00fctfen bizimle ileti\u015fime ge\u00e7in. Size 24 saat i\u00e7inde cevap verece\u011fiz.<\/span><\/p>","protected":false},"excerpt":{"rendered":"<p>700 ml \u015feffaf cin \u015fi\u015fesi hakk\u0131nda, bu \u015fi\u015fenin \u015fekli yuvarlakt\u0131r ve votka, brendi, XO, viski vb. i\u00e7in kullan\u0131labilir.<\/p>","protected":false},"featured_media":4214,"comment_status":"closed","ping_status":"closed","template":"","meta":[],"product_cat":[44,50],"class_list":{"0":"post-4213","1":"product","2":"type-product","3":"status-publish","4":"has-post-thumbnail","6":"product_cat-700ml-liquor-bottle-manufacturer","7":"product_cat-gin-bottle","9":"first","10":"instock","11":"shipping-taxable","12":"product-type-simple"},"yoast_head":"<!-- This site is optimized with the Yoast SEO plugin v22.0 - https:\/\/yoast.com\/wordpress\/plugins\/seo\/ -->\n<title>700ml Clear Gin Bottle Manufacturers | Bulk Gin Bottle With Cork For Sale<\/title>\n<meta name=\"description\" content=\"Buy 700ml Clear Gin Bottle Wholesale From China Ruisheng Glass Bottle Manufacturer. Factory Ouelt&amp;Cheap Price. Buy Bulk Gin Bottle With Cork For Sale Now\" \/>\n<meta name=\"robots\" content=\"index, follow, max-snippet:-1, max-image-preview:large, max-video-preview:-1\" \/>\n<link rel=\"canonical\" href=\"https:\/\/ruishengglassco.com\/tr\/urun\/rs095-toptan-700ml-mantarli-seffaf-ci\u0307n-si\u0307seleri\u0307\" \/>\n<meta property=\"og:locale\" content=\"tr_TR\" \/>\n<meta property=\"og:type\" content=\"article\" \/>\n<meta property=\"og:title\" content=\"700ml Clear Gin Bottle Manufacturers | Bulk Gin Bottle With Cork For Sale\" \/>\n<meta property=\"og:description\" content=\"Buy 700ml Clear Gin Bottle Wholesale From China Ruisheng Glass Bottle Manufacturer. Factory Ouelt&amp;Cheap Price. Buy Bulk Gin Bottle With Cork For Sale Now\" \/>\n<meta property=\"og:url\" content=\"https:\/\/ruishengglassco.com\/tr\/urun\/rs095-toptan-700ml-mantarli-seffaf-ci\u0307n-si\u0307seleri\u0307\" \/>\n<meta property=\"article:publisher\" content=\"https:\/\/www.facebook.com\/ruishengglassbottles\" \/>\n<meta property=\"article:modified_time\" content=\"2025-07-17T05:53:45+00:00\" \/>\n<meta property=\"og:image\" content=\"https:\/\/ruishengglassco.com\/wp-content\/uploads\/2025\/03\/RS095-Wholesale-700ml-Clear-Gin-Bottles-With-Corks.webp\" \/>\n\t<meta property=\"og:image:width\" content=\"800\" \/>\n\t<meta property=\"og:image:height\" content=\"800\" \/>\n\t<meta property=\"og:image:type\" content=\"image\/webp\" \/>\n<meta name=\"twitter:card\" content=\"summary_large_image\" \/>\n<meta name=\"twitter:label1\" content=\"Tahmini okuma s\u00fcresi\" \/>\n\t<meta name=\"twitter:data1\" content=\"2 dakika\" \/>\n<script type=\"application\/ld+json\" class=\"yoast-schema-graph\">{\"@context\":\"https:\/\/schema.org\",\"@graph\":[{\"@type\":\"WebPage\",\"@id\":\"https:\/\/ruishengglassco.com\/product\/rs095-wholesale-700ml-clear-gin-bottles-with-corks\",\"url\":\"https:\/\/ruishengglassco.com\/product\/rs095-wholesale-700ml-clear-gin-bottles-with-corks\",\"name\":\"700ml Clear Gin Bottle Manufacturers | Bulk Gin Bottle With Cork For Sale\",\"isPartOf\":{\"@id\":\"https:\/\/ruishengglassco.com\/#website\"},\"datePublished\":\"2025-03-15T01:47:58+00:00\",\"dateModified\":\"2025-07-17T05:53:45+00:00\",\"description\":\"Buy 700ml Clear Gin Bottle Wholesale From China Ruisheng Glass Bottle Manufacturer. Factory Ouelt&Cheap Price. Buy Bulk Gin Bottle With Cork For Sale Now\",\"breadcrumb\":{\"@id\":\"https:\/\/ruishengglassco.com\/product\/rs095-wholesale-700ml-clear-gin-bottles-with-corks#breadcrumb\"},\"inLanguage\":\"tr\",\"potentialAction\":[{\"@type\":\"ReadAction\",\"target\":[\"https:\/\/ruishengglassco.com\/product\/rs095-wholesale-700ml-clear-gin-bottles-with-corks\"]}]},{\"@type\":\"BreadcrumbList\",\"@id\":\"https:\/\/ruishengglassco.com\/product\/rs095-wholesale-700ml-clear-gin-bottles-with-corks#breadcrumb\",\"itemListElement\":[{\"@type\":\"ListItem\",\"position\":1,\"name\":\"Home\",\"item\":\"https:\/\/ruishengglassco.com\/\"},{\"@type\":\"ListItem\",\"position\":2,\"name\":\"Products\",\"item\":\"https:\/\/ruishengglassco.com\/products\"},{\"@type\":\"ListItem\",\"position\":3,\"name\":\"RS095: 700ml Clear Gin Bottles With Corks\"}]},{\"@type\":\"WebSite\",\"@id\":\"https:\/\/ruishengglassco.com\/#website\",\"url\":\"https:\/\/ruishengglassco.com\/\",\"name\":\"Ruisheng Glass\",\"description\":\"\",\"publisher\":{\"@id\":\"https:\/\/ruishengglassco.com\/#organization\"},\"potentialAction\":[{\"@type\":\"SearchAction\",\"target\":{\"@type\":\"EntryPoint\",\"urlTemplate\":\"https:\/\/ruishengglassco.com\/?s={search_term_string}\"},\"query-input\":\"required name=search_term_string\"}],\"inLanguage\":\"tr\"},{\"@type\":\"Organization\",\"@id\":\"https:\/\/ruishengglassco.com\/#organization\",\"name\":\"Shandong Yuncheng Ruisheng Glass Co., Ltd\",\"url\":\"https:\/\/ruishengglassco.com\/\",\"logo\":{\"@type\":\"ImageObject\",\"inLanguage\":\"tr\",\"@id\":\"https:\/\/ruishengglassco.com\/#\/schema\/logo\/image\/\",\"url\":\"https:\/\/ruishengglassco.com\/wp-content\/uploads\/2023\/09\/ruisheng_logo_icon.webp\",\"contentUrl\":\"https:\/\/ruishengglassco.com\/wp-content\/uploads\/2023\/09\/ruisheng_logo_icon.webp\",\"width\":400,\"height\":233,\"caption\":\"Shandong Yuncheng Ruisheng Glass Co., Ltd\"},\"image\":{\"@id\":\"https:\/\/ruishengglassco.com\/#\/schema\/logo\/image\/\"},\"sameAs\":[\"https:\/\/www.facebook.com\/ruishengglassbottles\",\"https:\/\/www.instagram.com\/Ruishengglassbottlewholesales\/\",\"https:\/\/www.youtube.com\/channel\/UCMmbMNGwsL-XrtjfSFLCdVQ\"]}]}<\/script>\n<!-- \/ Yoast SEO plugin. -->","yoast_head_json":{"title":"700ml Clear Gin Bottle Manufacturers | Bulk Gin Bottle With Cork For Sale","description":"Buy 700ml Clear Gin Bottle Wholesale From China Ruisheng Glass Bottle Manufacturer. Factory Ouelt&Cheap Price. Buy Bulk Gin Bottle With Cork For Sale Now","robots":{"index":"index","follow":"follow","max-snippet":"max-snippet:-1","max-image-preview":"max-image-preview:large","max-video-preview":"max-video-preview:-1"},"canonical":"https:\/\/ruishengglassco.com\/tr\/urun\/rs095-toptan-700ml-mantarli-seffaf-ci\u0307n-si\u0307seleri\u0307","og_locale":"tr_TR","og_type":"article","og_title":"700ml Clear Gin Bottle Manufacturers | Bulk Gin Bottle With Cork For Sale","og_description":"Buy 700ml Clear Gin Bottle Wholesale From China Ruisheng Glass Bottle Manufacturer. Factory Ouelt&Cheap Price. Buy Bulk Gin Bottle With Cork For Sale Now","og_url":"https:\/\/ruishengglassco.com\/tr\/urun\/rs095-toptan-700ml-mantarli-seffaf-ci\u0307n-si\u0307seleri\u0307","article_publisher":"https:\/\/www.facebook.com\/ruishengglassbottles","article_modified_time":"2025-07-17T05:53:45+00:00","og_image":[{"width":800,"height":800,"url":"https:\/\/ruishengglassco.com\/wp-content\/uploads\/2025\/03\/RS095-Wholesale-700ml-Clear-Gin-Bottles-With-Corks.webp","type":"image\/webp"}],"twitter_card":"summary_large_image","twitter_misc":{"Tahmini okuma s\u00fcresi":"2 dakika"},"schema":{"@context":"https:\/\/schema.org","@graph":[{"@type":"WebPage","@id":"https:\/\/ruishengglassco.com\/product\/rs095-wholesale-700ml-clear-gin-bottles-with-corks","url":"https:\/\/ruishengglassco.com\/product\/rs095-wholesale-700ml-clear-gin-bottles-with-corks","name":"700ml Clear Gin Bottle Manufacturers | Bulk Gin Bottle With Cork For Sale","isPartOf":{"@id":"https:\/\/ruishengglassco.com\/#website"},"datePublished":"2025-03-15T01:47:58+00:00","dateModified":"2025-07-17T05:53:45+00:00","description":"Buy 700ml Clear Gin Bottle Wholesale From China Ruisheng Glass Bottle Manufacturer. Factory Ouelt&Cheap Price. Buy Bulk Gin Bottle With Cork For Sale Now","breadcrumb":{"@id":"https:\/\/ruishengglassco.com\/product\/rs095-wholesale-700ml-clear-gin-bottles-with-corks#breadcrumb"},"inLanguage":"tr","potentialAction":[{"@type":"ReadAction","target":["https:\/\/ruishengglassco.com\/product\/rs095-wholesale-700ml-clear-gin-bottles-with-corks"]}]},{"@type":"BreadcrumbList","@id":"https:\/\/ruishengglassco.com\/product\/rs095-wholesale-700ml-clear-gin-bottles-with-corks#breadcrumb","itemListElement":[{"@type":"ListItem","position":1,"name":"Home","item":"https:\/\/ruishengglassco.com\/"},{"@type":"ListItem","position":2,"name":"Products","item":"https:\/\/ruishengglassco.com\/products"},{"@type":"ListItem","position":3,"name":"RS095: 700ml Clear Gin Bottles With Corks"}]},{"@type":"WebSite","@id":"https:\/\/ruishengglassco.com\/#website","url":"https:\/\/ruishengglassco.com\/","name":"Ruisheng Glass","description":"","publisher":{"@id":"https:\/\/ruishengglassco.com\/#organization"},"potentialAction":[{"@type":"SearchAction","target":{"@type":"EntryPoint","urlTemplate":"https:\/\/ruishengglassco.com\/?s={search_term_string}"},"query-input":"required name=search_term_string"}],"inLanguage":"tr"},{"@type":"Organization","@id":"https:\/\/ruishengglassco.com\/#organization","name":"Shandong Yuncheng Ruisheng Glass Co., Ltd","url":"https:\/\/ruishengglassco.com\/","logo":{"@type":"ImageObject","inLanguage":"tr","@id":"https:\/\/ruishengglassco.com\/#\/schema\/logo\/image\/","url":"https:\/\/ruishengglassco.com\/wp-content\/uploads\/2023\/09\/ruisheng_logo_icon.webp","contentUrl":"https:\/\/ruishengglassco.com\/wp-content\/uploads\/2023\/09\/ruisheng_logo_icon.webp","width":400,"height":233,"caption":"Shandong Yuncheng Ruisheng Glass Co., Ltd"},"image":{"@id":"https:\/\/ruishengglassco.com\/#\/schema\/logo\/image\/"},"sameAs":["https:\/\/www.facebook.com\/ruishengglassbottles","https:\/\/www.instagram.com\/Ruishengglassbottlewholesales\/","https:\/\/www.youtube.com\/channel\/UCMmbMNGwsL-XrtjfSFLCdVQ"]}]}},"_links":{"self":[{"href":"https:\/\/ruishengglassco.com\/tr\/wp-json\/wp\/v2\/product\/4213","targetHints":{"allow":["GET"]}}],"collection":[{"href":"https:\/\/ruishengglassco.com\/tr\/wp-json\/wp\/v2\/product"}],"about":[{"href":"https:\/\/ruishengglassco.com\/tr\/wp-json\/wp\/v2\/types\/product"}],"replies":[{"embeddable":true,"href":"https:\/\/ruishengglassco.com\/tr\/wp-json\/wp\/v2\/comments?post=4213"}],"wp:featuredmedia":[{"embeddable":true,"href":"https:\/\/ruishengglassco.com\/tr\/wp-json\/wp\/v2\/media\/4214"}],"wp:attachment":[{"href":"https:\/\/ruishengglassco.com\/tr\/wp-json\/wp\/v2\/media?parent=4213"}],"wp:term":[{"taxonomy":"product_cat","embeddable":true,"href":"https:\/\/ruishengglassco.com\/tr\/wp-json\/wp\/v2\/product_cat?post=4213"}],"curies":[{"name":"wp","href":"https:\/\/api.w.org\/{rel}","templated":true}]}}