{"id":4211,"date":"2025-03-15T09:45:26","date_gmt":"2025-03-15T01:45:26","guid":{"rendered":"https:\/\/ruishengglassco.com\/?post_type=product&#038;p=4211"},"modified":"2025-07-16T16:37:18","modified_gmt":"2025-07-16T08:37:18","slug":"rs096-700ml-bos-cin-siseleri-toptan-satisi","status":"publish","type":"product","link":"https:\/\/ruishengglassco.com\/tr\/urun\/rs096-700ml-bos-cin-siseleri-toptan-satisi","title":{"rendered":"RS096: 700ml Bo\u015f Cin \u015ei\u015fesi \u00dcreticileri"},"content":{"rendered":"<p><span data-preserver-spaces=\"true\">\u00c7in'deki cam \u015fi\u015fe \u00fcreticilerinin lideri olan Ruisheng, 2009 y\u0131l\u0131ndan bu yana cam \u015fi\u015fe tasar\u0131m\u0131 ve \u00fcretimine odaklanm\u0131\u015ft\u0131r.  700ml bo\u015f cin \u015fi\u015felerimiz <\/span><span data-preserver-spaces=\"true\">\u00e7o\u011funlukla kullan\u0131l\u0131r<\/span><span data-preserver-spaces=\"true\"> alkoll\u00fc \u00fcr\u00fcnlerin paketlenmesi i\u00e7in. Bu 700 ml'lik bo\u015f siyah cin \u015fi\u015fesi <\/span><span data-preserver-spaces=\"true\">\u00f6ncelikle tasarlanm\u0131\u015ft\u0131r<\/span><span data-preserver-spaces=\"true\"> i\u00e7in <\/span><span data-preserver-spaces=\"true\">depolama<\/span><span data-preserver-spaces=\"true\"> ve cin paketleme.<\/span><\/p>\n<p><span data-preserver-spaces=\"true\">RS-2028 serisi bo\u015f cam cin \u015fi\u015feleri toptan sat\u0131\u015f\u0131, cam \u015fi\u015feleri daha \u015feffaf, net ve sert hale getiren y\u00fcksek kaliteli s\u00fcper \u00e7akmakta\u015f\u0131 camlar\u0131 benimser. <\/span><span data-preserver-spaces=\"true\">Cin \u00fcreticileri, cam \u015fi\u015fe toptanc\u0131lar\u0131, s\u00fcpermarketler vb. taraf\u0131ndan memnuniyetle kar\u015f\u0131lan\u0131r.<\/span><\/p>\n<p><span data-preserver-spaces=\"true\">\u0130\u015fte sat\u0131l\u0131k bo\u015f cin \u015fi\u015felerimiz hakk\u0131nda bilgiler. Toptan veya toplu sipari\u015finize ba\u015flamak i\u00e7in ho\u015f geldiniz!<\/span><\/p>\n<h2><span data-preserver-spaces=\"true\">700ml Bo\u015f Cin \u015ei\u015fesi \u00dcreticileri Hakk\u0131nda<\/span><\/h2>\n<ul>\n<li><strong><span data-preserver-spaces=\"true\">Marka:<\/span><\/strong><span data-preserver-spaces=\"true\">\u00a0<\/span><a class=\"editor-rtfLink\" href=\"https:\/\/glassbottlewholesale.com\/about-us\/\" target=\"_blank\" rel=\"noopener\"><span data-preserver-spaces=\"true\">RS<\/span><\/a><\/li>\n<li><strong><span data-preserver-spaces=\"true\">Cin \u015ei\u015fesi Boyutu:<\/span><\/strong><span data-preserver-spaces=\"true\"> 700ml ve 750ml Lik\u00f6r \u015ei\u015feleri (veya 50ml'den 15ooml'ye kadar \u00f6zel sipari\u015f)<\/span><\/li>\n<li><strong><span data-preserver-spaces=\"true\">\u015eekil:\u00a0<\/span><\/strong><span data-preserver-spaces=\"true\"> Yuvarlak, Kare, Oval, Kavisli, Kafatas\u0131 \u015eeklinde Cam \u015ei\u015fe ve Benzersiz Cin \u015ei\u015fesi \u015eekilleri. (\u00d6zel \u015eekilli Cam \u015ei\u015fe Servisi Mevcuttur)<\/span><\/li>\n<li><strong><span data-preserver-spaces=\"true\">S\u0131zd\u0131rmazl\u0131k tipi:<\/span><\/strong><span data-preserver-spaces=\"true\"> Mantar \u00fcst, Vidal\u0131 \u00fcst ve Guala kapak m\u00fch\u00fcrl\u00fc<\/span><\/li>\n<li><strong><span data-preserver-spaces=\"true\">ADEDI:<\/span><\/strong><span data-preserver-spaces=\"true\"> 1 \u00d7 40HQ (26.000-30000 adet 700ml \u015fi\u015fe) \u00dccretsiz Bo\u015f Cin \u015ei\u015feleri \u00d6rne\u011fi Sunuldu.<\/span><\/li>\n<li><span data-preserver-spaces=\"true\">\u00dccretsiz bir numune sunulabilir<\/span><span data-preserver-spaces=\"true\">.<\/span><\/li>\n<\/ul>\n<p><span data-preserver-spaces=\"true\">\u015eirketimiz, cam \u015fi\u015fe \u00fcretimi i\u00e7in en geli\u015fmi\u015f 8S tam otomatik makinelerin 2 \u00fcretim hatt\u0131na, CNC manuel makinelerin \u00fc\u00e7 \u00fcretim hatt\u0131na ve CNC Yar\u0131 otomatik makinelerin d\u00f6rt \u00fcretim hatt\u0131na yat\u0131r\u0131m yapm\u0131\u015ft\u0131r. Minyat\u00fcr Cin bardaklar\u0131n\u0131n toptan tedari\u011fi sa\u011flan\u0131rken kalite de garanti alt\u0131na al\u0131nmaktad\u0131r.<\/span><\/p>\n<p><span data-preserver-spaces=\"true\">RS 700ml en iyi Cin \u015fi\u015feleri <\/span><span data-preserver-spaces=\"true\">ihra\u00e7 edildi<\/span><span data-preserver-spaces=\"true\"> ABD, \u0130ngiltere, Kanada, Avustralya, Fransa, Hollanda, Almanya ve Bel\u00e7ika dahil olmak \u00fczere bir\u00e7ok \u00fclkeye. \u0130yi bir tedarik, y\u00fcksek kalite ve uygun fiyat ile m\u00fc\u015fterilerimiz aras\u0131nda g\u00fc\u00e7l\u00fc bir itibar kazand\u0131lar.<\/span><\/p>\n<p><span data-preserver-spaces=\"true\">E\u011fer bu sat\u0131l\u0131k bo\u015f i\u00e7ki \u015fi\u015felerinden memnun kald\u0131ysan\u0131z, <\/span><span data-preserver-spaces=\"true\">l\u00fctfen benimle ileti\u015fime ge\u00e7in<\/span><span data-preserver-spaces=\"true\"> Hemen.<\/span><span data-preserver-spaces=\"true\"> Be\u011fenmediyseniz, di\u011fer \u015fi\u015felerimize bakabilirsiniz. Ya da size katalo\u011fu veririm.<\/span> <span data-preserver-spaces=\"true\">ne yapaca\u011f\u0131n\u0131z\u0131 se\u00e7ebilirsiniz <\/span><span data-preserver-spaces=\"true\">gibi<\/span><span data-preserver-spaces=\"true\">. <\/span><span data-preserver-spaces=\"true\">Toptan 700ml bo\u015f cin \u015fi\u015felerimizle ilgileniyorsan\u0131z, <\/span><span data-preserver-spaces=\"true\">l\u00fctfen bizimle ileti\u015fime ge\u00e7in<\/span><span data-preserver-spaces=\"true\">.<\/span><span data-preserver-spaces=\"true\"> Size 24 saat i\u00e7inde cevap verece\u011fiz.<\/span><\/p>","protected":false},"excerpt":{"rendered":"<table class=\"tg\">\n<tbody>\n<tr>\n<th class=\"tg-24i8\" colspan=\"2\">700ml Bo\u015f Cin \u015ei\u015feleri Toptan Sat\u0131\u015f<\/th>\n<\/tr>\n<tr>\n<td class=\"tg-b7b8\">Referans:<\/td>\n<td class=\"tg-b7b8\">RS096<\/td>\n<\/tr>\n<tr>\n<td class=\"tg-yw4l\">Ana malzeme:<\/td>\n<td class=\"tg-yw4l\">Y\u00fcksek \u00e7akmakta\u015f\u0131 cam (bu malzeme kristal beyaz cam olarak da adland\u0131r\u0131l\u0131r)<\/td>\n<\/tr>\n<tr>\n<td class=\"tg-b7b8\">Kaptan:<\/td>\n<td class=\"tg-b7b8\">Mantar kapak, Vidal\u0131 kapak ve Guala kapak<\/td>\n<\/tr>\n<tr>\n<td class=\"tg-yw4l\">Kapasite:<\/td>\n<td class=\"tg-yw4l\">700ml\/750ml<\/td>\n<\/tr>\n<tr>\n<td class=\"tg-b7b8\">\u00d6zellik:<\/td>\n<td class=\"tg-b7b8\">\u00c7evre dostu<\/td>\n<\/tr>\n<tr>\n<td class=\"tg-yw4l\">ADEDI:<\/td>\n<td class=\"tg-yw4l\">10000 ADET<\/td>\n<\/tr>\n<tr>\n<td class=\"tg-b7b8\">Paketleme \u015eekli:<\/td>\n<td class=\"tg-b7b8\">\u0130hracat standart karton \/ Palet \/ ihracat standart karton ve palet<\/td>\n<\/tr>\n<tr>\n<td class=\"tg-yw4l\">OEM\/ODM:<\/td>\n<td class=\"tg-yw4l\">Ho\u015f geldiniz<\/td>\n<\/tr>\n<tr>\n<td class=\"tg-b7b8\">Yerin k\u00f6keni:<\/td>\n<td class=\"tg-b7b8\">Shandong, \u00c7in<\/td>\n<\/tr>\n<tr>\n<td class=\"tg-yw4l\">Adet\/Ktn:<\/td>\n<td class=\"tg-yw4l\">24 adet veya m\u00fc\u015fteri taleplerine g\u00f6re<\/td>\n<\/tr>\n<\/tbody>\n<\/table>","protected":false},"featured_media":4212,"comment_status":"closed","ping_status":"closed","template":"","meta":[],"product_cat":[44,50],"class_list":{"0":"post-4211","1":"product","2":"type-product","3":"status-publish","4":"has-post-thumbnail","6":"product_cat-700ml-liquor-bottle-manufacturer","7":"product_cat-gin-bottle","9":"first","10":"instock","11":"shipping-taxable","12":"product-type-simple"},"yoast_head":"<!-- This site is optimized with the Yoast SEO plugin v22.0 - https:\/\/yoast.com\/wordpress\/plugins\/seo\/ -->\n<title>700ml Empty Gin Bottles Manufacturers | Best Gin Black Bottles Maker-RS<\/title>\n<meta name=\"description\" content=\"Ruisheng, one of the glass bottle manufacturers in China, provide 700ml empty gin bottles wholesale in a factory price. OEM\/ODM Order Acceptable.\" \/>\n<meta name=\"robots\" content=\"index, follow, max-snippet:-1, max-image-preview:large, max-video-preview:-1\" \/>\n<link rel=\"canonical\" href=\"https:\/\/ruishengglassco.com\/tr\/urun\/rs096-700ml-bos-cin-siseleri-toptan-satisi\" \/>\n<meta property=\"og:locale\" content=\"tr_TR\" \/>\n<meta property=\"og:type\" content=\"article\" \/>\n<meta property=\"og:title\" content=\"700ml Empty Gin Bottles Manufacturers | Best Gin Black Bottles Maker-RS\" \/>\n<meta property=\"og:description\" content=\"Ruisheng, one of the glass bottle manufacturers in China, provide 700ml empty gin bottles wholesale in a factory price. OEM\/ODM Order Acceptable.\" \/>\n<meta property=\"og:url\" content=\"https:\/\/ruishengglassco.com\/tr\/urun\/rs096-700ml-bos-cin-siseleri-toptan-satisi\" \/>\n<meta property=\"article:publisher\" content=\"https:\/\/www.facebook.com\/ruishengglassbottles\" \/>\n<meta property=\"article:modified_time\" content=\"2025-07-16T08:37:18+00:00\" \/>\n<meta property=\"og:image\" content=\"https:\/\/ruishengglassco.com\/wp-content\/uploads\/2025\/03\/RS096-700ml-Empty-Gin-Bottles-Wholesale.webp\" \/>\n\t<meta property=\"og:image:width\" content=\"500\" \/>\n\t<meta property=\"og:image:height\" content=\"500\" \/>\n\t<meta property=\"og:image:type\" content=\"image\/webp\" \/>\n<meta name=\"twitter:card\" content=\"summary_large_image\" \/>\n<meta name=\"twitter:label1\" content=\"Tahmini okuma s\u00fcresi\" \/>\n\t<meta name=\"twitter:data1\" content=\"2 dakika\" \/>\n<script type=\"application\/ld+json\" class=\"yoast-schema-graph\">{\"@context\":\"https:\/\/schema.org\",\"@graph\":[{\"@type\":\"WebPage\",\"@id\":\"https:\/\/ruishengglassco.com\/product\/rs096-700ml-empty-gin-bottles-manufacturers\",\"url\":\"https:\/\/ruishengglassco.com\/product\/rs096-700ml-empty-gin-bottles-manufacturers\",\"name\":\"700ml Empty Gin Bottles Manufacturers | Best Gin Black Bottles Maker-RS\",\"isPartOf\":{\"@id\":\"https:\/\/ruishengglassco.com\/#website\"},\"datePublished\":\"2025-03-15T01:45:26+00:00\",\"dateModified\":\"2025-07-16T08:37:18+00:00\",\"description\":\"Ruisheng, one of the glass bottle manufacturers in China, provide 700ml empty gin bottles wholesale in a factory price. OEM\/ODM Order Acceptable.\",\"breadcrumb\":{\"@id\":\"https:\/\/ruishengglassco.com\/product\/rs096-700ml-empty-gin-bottles-manufacturers#breadcrumb\"},\"inLanguage\":\"tr\",\"potentialAction\":[{\"@type\":\"ReadAction\",\"target\":[\"https:\/\/ruishengglassco.com\/product\/rs096-700ml-empty-gin-bottles-manufacturers\"]}]},{\"@type\":\"BreadcrumbList\",\"@id\":\"https:\/\/ruishengglassco.com\/product\/rs096-700ml-empty-gin-bottles-manufacturers#breadcrumb\",\"itemListElement\":[{\"@type\":\"ListItem\",\"position\":1,\"name\":\"Home\",\"item\":\"https:\/\/ruishengglassco.com\/\"},{\"@type\":\"ListItem\",\"position\":2,\"name\":\"Products\",\"item\":\"https:\/\/ruishengglassco.com\/products\"},{\"@type\":\"ListItem\",\"position\":3,\"name\":\"RS096: 700ml Empty Gin Bottles Manufacturers\"}]},{\"@type\":\"WebSite\",\"@id\":\"https:\/\/ruishengglassco.com\/#website\",\"url\":\"https:\/\/ruishengglassco.com\/\",\"name\":\"Ruisheng Glass\",\"description\":\"\",\"publisher\":{\"@id\":\"https:\/\/ruishengglassco.com\/#organization\"},\"potentialAction\":[{\"@type\":\"SearchAction\",\"target\":{\"@type\":\"EntryPoint\",\"urlTemplate\":\"https:\/\/ruishengglassco.com\/?s={search_term_string}\"},\"query-input\":\"required name=search_term_string\"}],\"inLanguage\":\"tr\"},{\"@type\":\"Organization\",\"@id\":\"https:\/\/ruishengglassco.com\/#organization\",\"name\":\"Shandong Yuncheng Ruisheng Glass Co., Ltd\",\"url\":\"https:\/\/ruishengglassco.com\/\",\"logo\":{\"@type\":\"ImageObject\",\"inLanguage\":\"tr\",\"@id\":\"https:\/\/ruishengglassco.com\/#\/schema\/logo\/image\/\",\"url\":\"https:\/\/ruishengglassco.com\/wp-content\/uploads\/2023\/09\/ruisheng_logo_icon.webp\",\"contentUrl\":\"https:\/\/ruishengglassco.com\/wp-content\/uploads\/2023\/09\/ruisheng_logo_icon.webp\",\"width\":400,\"height\":233,\"caption\":\"Shandong Yuncheng Ruisheng Glass Co., Ltd\"},\"image\":{\"@id\":\"https:\/\/ruishengglassco.com\/#\/schema\/logo\/image\/\"},\"sameAs\":[\"https:\/\/www.facebook.com\/ruishengglassbottles\",\"https:\/\/www.instagram.com\/Ruishengglassbottlewholesales\/\",\"https:\/\/www.youtube.com\/channel\/UCMmbMNGwsL-XrtjfSFLCdVQ\"]}]}<\/script>\n<!-- \/ Yoast SEO plugin. -->","yoast_head_json":{"title":"700ml Empty Gin Bottles Manufacturers | Best Gin Black Bottles Maker-RS","description":"Ruisheng, one of the glass bottle manufacturers in China, provide 700ml empty gin bottles wholesale in a factory price. OEM\/ODM Order Acceptable.","robots":{"index":"index","follow":"follow","max-snippet":"max-snippet:-1","max-image-preview":"max-image-preview:large","max-video-preview":"max-video-preview:-1"},"canonical":"https:\/\/ruishengglassco.com\/tr\/urun\/rs096-700ml-bos-cin-siseleri-toptan-satisi","og_locale":"tr_TR","og_type":"article","og_title":"700ml Empty Gin Bottles Manufacturers | Best Gin Black Bottles Maker-RS","og_description":"Ruisheng, one of the glass bottle manufacturers in China, provide 700ml empty gin bottles wholesale in a factory price. OEM\/ODM Order Acceptable.","og_url":"https:\/\/ruishengglassco.com\/tr\/urun\/rs096-700ml-bos-cin-siseleri-toptan-satisi","article_publisher":"https:\/\/www.facebook.com\/ruishengglassbottles","article_modified_time":"2025-07-16T08:37:18+00:00","og_image":[{"width":500,"height":500,"url":"https:\/\/ruishengglassco.com\/wp-content\/uploads\/2025\/03\/RS096-700ml-Empty-Gin-Bottles-Wholesale.webp","type":"image\/webp"}],"twitter_card":"summary_large_image","twitter_misc":{"Tahmini okuma s\u00fcresi":"2 dakika"},"schema":{"@context":"https:\/\/schema.org","@graph":[{"@type":"WebPage","@id":"https:\/\/ruishengglassco.com\/product\/rs096-700ml-empty-gin-bottles-manufacturers","url":"https:\/\/ruishengglassco.com\/product\/rs096-700ml-empty-gin-bottles-manufacturers","name":"700ml Empty Gin Bottles Manufacturers | Best Gin Black Bottles Maker-RS","isPartOf":{"@id":"https:\/\/ruishengglassco.com\/#website"},"datePublished":"2025-03-15T01:45:26+00:00","dateModified":"2025-07-16T08:37:18+00:00","description":"Ruisheng, one of the glass bottle manufacturers in China, provide 700ml empty gin bottles wholesale in a factory price. OEM\/ODM Order Acceptable.","breadcrumb":{"@id":"https:\/\/ruishengglassco.com\/product\/rs096-700ml-empty-gin-bottles-manufacturers#breadcrumb"},"inLanguage":"tr","potentialAction":[{"@type":"ReadAction","target":["https:\/\/ruishengglassco.com\/product\/rs096-700ml-empty-gin-bottles-manufacturers"]}]},{"@type":"BreadcrumbList","@id":"https:\/\/ruishengglassco.com\/product\/rs096-700ml-empty-gin-bottles-manufacturers#breadcrumb","itemListElement":[{"@type":"ListItem","position":1,"name":"Home","item":"https:\/\/ruishengglassco.com\/"},{"@type":"ListItem","position":2,"name":"Products","item":"https:\/\/ruishengglassco.com\/products"},{"@type":"ListItem","position":3,"name":"RS096: 700ml Empty Gin Bottles Manufacturers"}]},{"@type":"WebSite","@id":"https:\/\/ruishengglassco.com\/#website","url":"https:\/\/ruishengglassco.com\/","name":"Ruisheng Glass","description":"","publisher":{"@id":"https:\/\/ruishengglassco.com\/#organization"},"potentialAction":[{"@type":"SearchAction","target":{"@type":"EntryPoint","urlTemplate":"https:\/\/ruishengglassco.com\/?s={search_term_string}"},"query-input":"required name=search_term_string"}],"inLanguage":"tr"},{"@type":"Organization","@id":"https:\/\/ruishengglassco.com\/#organization","name":"Shandong Yuncheng Ruisheng Glass Co., Ltd","url":"https:\/\/ruishengglassco.com\/","logo":{"@type":"ImageObject","inLanguage":"tr","@id":"https:\/\/ruishengglassco.com\/#\/schema\/logo\/image\/","url":"https:\/\/ruishengglassco.com\/wp-content\/uploads\/2023\/09\/ruisheng_logo_icon.webp","contentUrl":"https:\/\/ruishengglassco.com\/wp-content\/uploads\/2023\/09\/ruisheng_logo_icon.webp","width":400,"height":233,"caption":"Shandong Yuncheng Ruisheng Glass Co., Ltd"},"image":{"@id":"https:\/\/ruishengglassco.com\/#\/schema\/logo\/image\/"},"sameAs":["https:\/\/www.facebook.com\/ruishengglassbottles","https:\/\/www.instagram.com\/Ruishengglassbottlewholesales\/","https:\/\/www.youtube.com\/channel\/UCMmbMNGwsL-XrtjfSFLCdVQ"]}]}},"_links":{"self":[{"href":"https:\/\/ruishengglassco.com\/tr\/wp-json\/wp\/v2\/product\/4211","targetHints":{"allow":["GET"]}}],"collection":[{"href":"https:\/\/ruishengglassco.com\/tr\/wp-json\/wp\/v2\/product"}],"about":[{"href":"https:\/\/ruishengglassco.com\/tr\/wp-json\/wp\/v2\/types\/product"}],"replies":[{"embeddable":true,"href":"https:\/\/ruishengglassco.com\/tr\/wp-json\/wp\/v2\/comments?post=4211"}],"wp:featuredmedia":[{"embeddable":true,"href":"https:\/\/ruishengglassco.com\/tr\/wp-json\/wp\/v2\/media\/4212"}],"wp:attachment":[{"href":"https:\/\/ruishengglassco.com\/tr\/wp-json\/wp\/v2\/media?parent=4211"}],"wp:term":[{"taxonomy":"product_cat","embeddable":true,"href":"https:\/\/ruishengglassco.com\/tr\/wp-json\/wp\/v2\/product_cat?post=4211"}],"curies":[{"name":"wp","href":"https:\/\/api.w.org\/{rel}","templated":true}]}}