{"id":4194,"date":"2025-03-15T09:32:03","date_gmt":"2025-03-15T01:32:03","guid":{"rendered":"https:\/\/ruishengglassco.com\/?post_type=product&#038;p=4194"},"modified":"2025-09-12T09:00:35","modified_gmt":"2025-09-12T01:00:35","slug":"rs0971000ml-seffaf-cam-siseler-tipali-toptan-satis","status":"publish","type":"product","link":"https:\/\/ruishengglassco.com\/tr\/urun\/rs0971000ml-seffaf-cam-siseler-tipali-toptan-satis","title":{"rendered":"RS097:1000ml \u015eeffaf Cam \u015ei\u015feler T\u0131pal\u0131 Tedarik\u00e7i"},"content":{"rendered":"<p><span data-preserver-spaces=\"true\">En geli\u015fmi\u015f CNC makineleri <\/span><span data-preserver-spaces=\"true\">yapmak<\/span><span data-preserver-spaces=\"true\"> bu 1000ml \u015feffaf cam \u015fi\u015feler toptan.<\/span><span data-preserver-spaces=\"true\"> Bu makineleri genellikle birinci s\u0131n\u0131f cam \u015fi\u015feler \u00fcretmek i\u00e7in kullan\u0131r\u0131z. Toptan \u015feffaf cam \u015fi\u015felerimiz <\/span><span data-preserver-spaces=\"true\">yap\u0131l\u0131r<\/span><span data-preserver-spaces=\"true\"> birinci s\u0131n\u0131f camdan. Mantarl\u0131 bu cam \u015fi\u015fe \u00e7ok p\u00fcr\u00fczs\u00fczd\u00fcr ve <\/span><span data-preserver-spaces=\"true\">temiz<\/span><span data-preserver-spaces=\"true\">.<\/span><\/p>\n<p><span data-preserver-spaces=\"true\">Bu 1 litrelik lik\u00f6r cam \u015fi\u015fesi yuvarlakt\u0131r ve s\u0131zd\u0131rmazl\u0131k tipi mantard\u0131r. <\/span><span data-preserver-spaces=\"true\">Biz <\/span><span data-preserver-spaces=\"true\">olabilir<\/span><span data-preserver-spaces=\"true\"> teklif <\/span><span data-preserver-spaces=\"true\">farkl\u0131<\/span><span data-preserver-spaces=\"true\"> renkler ve <\/span><span data-preserver-spaces=\"true\">farkl\u0131<\/span><span data-preserver-spaces=\"true\"> malzemeler <\/span><span data-preserver-spaces=\"true\">.<\/span> <span data-preserver-spaces=\"true\">Mantar, <\/span><span data-preserver-spaces=\"true\">gibi<\/span><span data-preserver-spaces=\"true\"> siyah\/alt\u0131n\/g\u00fcm\u00fc\u015f kapaklar ile <\/span><span data-preserver-spaces=\"true\">y\u00fcksek polimer<\/span><span data-preserver-spaces=\"true\"> mantar, karma\u015f\u0131k mantarl\u0131 siyah kapaklar, ah\u015fap mantarl\u0131 siyah kapaklar, ah\u015fap kapaklar <\/span><span data-preserver-spaces=\"true\">ve<\/span><span data-preserver-spaces=\"true\"> tahta mantar ve di\u011fer mantarlar.<\/span><\/p>\n<h2><span data-preserver-spaces=\"true\">1000ml \u015eeffaf Cam \u015ei\u015feler Tedarik\u00e7isinin Bilgileri<\/span><\/h2>\n<ul>\n<li><span data-preserver-spaces=\"true\">Ana Sayfa<\/span><span data-preserver-spaces=\"true\"> malzeme: kristal beyaz \/ y\u00fcksek \u00e7akmakta\u015f\u0131 cam<\/span><\/li>\n<li><span data-preserver-spaces=\"true\">Kapak: Y\u00fcksek polimer mantarl\u0131 Blackcap<\/span><\/li>\n<li><span data-preserver-spaces=\"true\">Referans: RS097<\/span><\/li>\n<li><span data-preserver-spaces=\"true\">ADEDI: 10000 ADET<\/span><\/li>\n<li><span data-preserver-spaces=\"true\">Kapasite: 1000ml<\/span><\/li>\n<li><span data-preserver-spaces=\"true\">Adet\/Ctn: 24 adet veya m\u00fc\u015fteri taleplerine g\u00f6re<\/span><\/li>\n<li><span data-preserver-spaces=\"true\">Yerin k\u00f6keni: Shandong, \u00c7in<\/span><\/li>\n<li><span data-preserver-spaces=\"true\">\u00d6zellik: \u00c7evre dostu ve tekrar kullan\u0131labilir<\/span><\/li>\n<\/ul>\n<p><span data-preserver-spaces=\"true\">Bu 1000 ml'lik cam i\u00e7ecek \u015fi\u015feleri i\u00e7in ba\u015fka t\u00fcr s\u0131zd\u0131rmazl\u0131k tercih ederseniz, bunlar\u0131 vidal\u0131 kapakla sa\u011flayabiliriz. \u00d6zel cam \u015fi\u015felere ihtiyac\u0131n\u0131z varsa, l\u00fctfen bizimle ileti\u015fime ge\u00e7mekten \u00e7ekinmeyin. OEM veya ODM sipari\u015flerini kabul edebiliriz. <\/span><span data-preserver-spaces=\"true\">Bizim <\/span><span data-preserver-spaces=\"true\">operasyon<\/span><span data-preserver-spaces=\"true\"> prensibi <\/span><span data-preserver-spaces=\"true\">.<\/span><span data-preserver-spaces=\"true\"> y\u00fcksek kalite ve y\u00fcksek \u00e7\u00f6z\u00fcn\u00fcrl\u00fck.<\/span><span data-preserver-spaces=\"true\"> Kristal beyaz cam \u015fi\u015feler \u00fcretmek i\u00e7in CNC manuel makineler i\u00e7in d\u00f6rt \u00fcretim hatt\u0131 ve y\u00fcksek beyaz cam \u015fi\u015feler yapmak i\u00e7in iki set tam otomatik IS makinesi bulunmaktad\u0131r.<\/span><\/p>\n<p><span data-preserver-spaces=\"true\">Bunlar <\/span><span data-preserver-spaces=\"true\">1 litre<\/span><span data-preserver-spaces=\"true\"> mantar kutulu cam \u015fi\u015feler <\/span><span data-preserver-spaces=\"true\">kullan\u0131lacak<\/span><span data-preserver-spaces=\"true\"> lik\u00f6r \u015fi\u015feleri, sak\u0131z \u015fi\u015feleri ve di\u011fer i\u00e7ecek \u015fi\u015feleri gibi. T\u00fcm \u015fi\u015felerimizin hem cazip hem de kalite a\u00e7\u0131s\u0131ndan rekabet\u00e7i fiyatlara sahip olmas\u0131n\u0131 sa\u011flayabiliriz. Ba\u015fl\u0131ca pazarlar\u0131m\u0131z aras\u0131nda Avrupa, ABD, Avustralya ve di\u011ferleri yer almaktad\u0131r. Ve t\u00fcm \u00fcr\u00fcnlerimiz yenilik\u00e7ilik ve i\u015flevsellik a\u00e7\u0131s\u0131ndan y\u00fcksek bir \u00fcne sahiptir.<\/span><\/p>\n<p><span data-preserver-spaces=\"true\">Toptan sat\u0131\u015f i\u00e7in 1000ml \u015feffaf cam \u015fi\u015felerimizle ilgileniyorsan\u0131z veya toplu olarak lik\u00f6r \u015fi\u015feleri sat\u0131n al\u0131yorsan\u0131z, l\u00fctfen bizimle ileti\u015fime ge\u00e7mekten \u00e7ekinmeyin, size yard\u0131mc\u0131 olmak i\u00e7in elimizden geleni yapaca\u011f\u0131z.<\/span><\/p>","protected":false},"excerpt":{"rendered":"<table class=\"tg\">\n<tbody>\n<tr>\n<th class=\"tg-24i8\" colspan=\"2\">1000ml Mantarl\u0131 \u015eeffaf Cam \u015ei\u015fe Toptan Sat\u0131\u015f<\/th>\n<\/tr>\n<tr>\n<td class=\"tg-b7b8\">Referans:<\/td>\n<td class=\"tg-b7b8\">RS097<\/td>\n<\/tr>\n<tr>\n<td class=\"tg-yw4l\">Ana malzeme:<\/td>\n<td class=\"tg-yw4l\">kristal beyaz \/ y\u00fcksek \u00e7akmakta\u015f\u0131 cam<\/td>\n<\/tr>\n<tr>\n<td class=\"tg-b7b8\">Kaptan:<\/td>\n<td class=\"tg-b7b8\">Y\u00fcksek polimer mantarl\u0131 siyah kapak<\/td>\n<\/tr>\n<tr>\n<td class=\"tg-yw4l\">Kapasite:<\/td>\n<td class=\"tg-yw4l\">1000ml<\/td>\n<\/tr>\n<tr>\n<td class=\"tg-b7b8\">\u00d6zellik:<\/td>\n<td class=\"tg-b7b8\">\u00c7evre dostu<\/td>\n<\/tr>\n<tr>\n<td class=\"tg-yw4l\">ADEDI:<\/td>\n<td class=\"tg-yw4l\">10000 ADET<\/td>\n<\/tr>\n<tr>\n<td class=\"tg-b7b8\">Paketleme \u015eekli:<\/td>\n<td class=\"tg-b7b8\">\u0130hracat standart karton \/ Palet \/ ihracat standart karton ve palet<\/td>\n<\/tr>\n<tr>\n<td class=\"tg-yw4l\">OEM\/ODM:<\/td>\n<td class=\"tg-yw4l\">Ho\u015f geldiniz<\/td>\n<\/tr>\n<tr>\n<td class=\"tg-b7b8\">Yerin k\u00f6keni:<\/td>\n<td class=\"tg-b7b8\">Shandong, \u00c7in<\/td>\n<\/tr>\n<tr>\n<td class=\"tg-yw4l\">Adet\/Ktn:<\/td>\n<td class=\"tg-yw4l\">24 adet veya m\u00fc\u015fteri taleplerine g\u00f6re<\/td>\n<\/tr>\n<\/tbody>\n<\/table>","protected":false},"featured_media":4195,"comment_status":"closed","ping_status":"closed","template":"","meta":[],"product_cat":[50],"class_list":{"0":"post-4194","1":"product","2":"type-product","3":"status-publish","4":"has-post-thumbnail","6":"product_cat-gin-bottle","8":"first","9":"instock","10":"shipping-taxable","11":"product-type-simple"},"yoast_head":"<!-- This site is optimized with the Yoast SEO plugin v22.0 - https:\/\/yoast.com\/wordpress\/plugins\/seo\/ -->\n<title>1000ml Clear Glass Bottles Supplier | China Liquor Bottle Manufacturer<\/title>\n<meta name=\"description\" content=\"Ruisheng, one of best China Liquor Bottle Manufacturer, sales bulk 1000ml clear glass bottles wholesale for spirit. Factory Outlet&amp;Quality Assurance.\" \/>\n<meta name=\"robots\" content=\"index, follow, max-snippet:-1, max-image-preview:large, max-video-preview:-1\" \/>\n<link rel=\"canonical\" href=\"https:\/\/ruishengglassco.com\/tr\/urun\/rs0971000ml-seffaf-cam-siseler-tipali-toptan-satis\" \/>\n<meta property=\"og:locale\" content=\"tr_TR\" \/>\n<meta property=\"og:type\" content=\"article\" \/>\n<meta property=\"og:title\" content=\"1000ml Clear Glass Bottles Supplier | China Liquor Bottle Manufacturer\" \/>\n<meta property=\"og:description\" content=\"Ruisheng, one of best China Liquor Bottle Manufacturer, sales bulk 1000ml clear glass bottles wholesale for spirit. Factory Outlet&amp;Quality Assurance.\" \/>\n<meta property=\"og:url\" content=\"https:\/\/ruishengglassco.com\/tr\/urun\/rs0971000ml-seffaf-cam-siseler-tipali-toptan-satis\" \/>\n<meta property=\"article:publisher\" content=\"https:\/\/www.facebook.com\/ruishengglassbottles\" \/>\n<meta property=\"article:modified_time\" content=\"2025-09-12T01:00:35+00:00\" \/>\n<meta property=\"og:image\" content=\"https:\/\/ruishengglassco.com\/wp-content\/uploads\/2025\/03\/RS097-1000ml-Clear-Glass-Bottles-Wholesale-With-Stoppers.webp\" \/>\n\t<meta property=\"og:image:width\" content=\"800\" \/>\n\t<meta property=\"og:image:height\" content=\"800\" \/>\n\t<meta property=\"og:image:type\" content=\"image\/webp\" \/>\n<meta name=\"twitter:card\" content=\"summary_large_image\" \/>\n<meta name=\"twitter:label1\" content=\"Tahmini okuma s\u00fcresi\" \/>\n\t<meta name=\"twitter:data1\" content=\"2 dakika\" \/>\n<script type=\"application\/ld+json\" class=\"yoast-schema-graph\">{\"@context\":\"https:\/\/schema.org\",\"@graph\":[{\"@type\":\"WebPage\",\"@id\":\"https:\/\/ruishengglassco.com\/product\/rs0971000ml-clear-glass-bottles-supplier-with-stoppers\",\"url\":\"https:\/\/ruishengglassco.com\/product\/rs0971000ml-clear-glass-bottles-supplier-with-stoppers\",\"name\":\"1000ml Clear Glass Bottles Supplier | China Liquor Bottle Manufacturer\",\"isPartOf\":{\"@id\":\"https:\/\/ruishengglassco.com\/#website\"},\"datePublished\":\"2025-03-15T01:32:03+00:00\",\"dateModified\":\"2025-09-12T01:00:35+00:00\",\"description\":\"Ruisheng, one of best China Liquor Bottle Manufacturer, sales bulk 1000ml clear glass bottles wholesale for spirit. Factory Outlet&Quality Assurance.\",\"breadcrumb\":{\"@id\":\"https:\/\/ruishengglassco.com\/product\/rs0971000ml-clear-glass-bottles-supplier-with-stoppers#breadcrumb\"},\"inLanguage\":\"tr\",\"potentialAction\":[{\"@type\":\"ReadAction\",\"target\":[\"https:\/\/ruishengglassco.com\/product\/rs0971000ml-clear-glass-bottles-supplier-with-stoppers\"]}]},{\"@type\":\"BreadcrumbList\",\"@id\":\"https:\/\/ruishengglassco.com\/product\/rs0971000ml-clear-glass-bottles-supplier-with-stoppers#breadcrumb\",\"itemListElement\":[{\"@type\":\"ListItem\",\"position\":1,\"name\":\"Home\",\"item\":\"https:\/\/ruishengglassco.com\/\"},{\"@type\":\"ListItem\",\"position\":2,\"name\":\"Products\",\"item\":\"https:\/\/ruishengglassco.com\/products\"},{\"@type\":\"ListItem\",\"position\":3,\"name\":\"RS097:1000ml Clear Glass Bottles Supplier With Stoppers\"}]},{\"@type\":\"WebSite\",\"@id\":\"https:\/\/ruishengglassco.com\/#website\",\"url\":\"https:\/\/ruishengglassco.com\/\",\"name\":\"Ruisheng Glass\",\"description\":\"\",\"publisher\":{\"@id\":\"https:\/\/ruishengglassco.com\/#organization\"},\"potentialAction\":[{\"@type\":\"SearchAction\",\"target\":{\"@type\":\"EntryPoint\",\"urlTemplate\":\"https:\/\/ruishengglassco.com\/?s={search_term_string}\"},\"query-input\":\"required name=search_term_string\"}],\"inLanguage\":\"tr\"},{\"@type\":\"Organization\",\"@id\":\"https:\/\/ruishengglassco.com\/#organization\",\"name\":\"Shandong Yuncheng Ruisheng Glass Co., Ltd\",\"url\":\"https:\/\/ruishengglassco.com\/\",\"logo\":{\"@type\":\"ImageObject\",\"inLanguage\":\"tr\",\"@id\":\"https:\/\/ruishengglassco.com\/#\/schema\/logo\/image\/\",\"url\":\"https:\/\/ruishengglassco.com\/wp-content\/uploads\/2023\/09\/ruisheng_logo_icon.webp\",\"contentUrl\":\"https:\/\/ruishengglassco.com\/wp-content\/uploads\/2023\/09\/ruisheng_logo_icon.webp\",\"width\":400,\"height\":233,\"caption\":\"Shandong Yuncheng Ruisheng Glass Co., Ltd\"},\"image\":{\"@id\":\"https:\/\/ruishengglassco.com\/#\/schema\/logo\/image\/\"},\"sameAs\":[\"https:\/\/www.facebook.com\/ruishengglassbottles\",\"https:\/\/www.instagram.com\/Ruishengglassbottlewholesales\/\",\"https:\/\/www.youtube.com\/channel\/UCMmbMNGwsL-XrtjfSFLCdVQ\"]}]}<\/script>\n<!-- \/ Yoast SEO plugin. -->","yoast_head_json":{"title":"1000ml Clear Glass Bottles Supplier | China Liquor Bottle Manufacturer","description":"Ruisheng, one of best China Liquor Bottle Manufacturer, sales bulk 1000ml clear glass bottles wholesale for spirit. Factory Outlet&Quality Assurance.","robots":{"index":"index","follow":"follow","max-snippet":"max-snippet:-1","max-image-preview":"max-image-preview:large","max-video-preview":"max-video-preview:-1"},"canonical":"https:\/\/ruishengglassco.com\/tr\/urun\/rs0971000ml-seffaf-cam-siseler-tipali-toptan-satis","og_locale":"tr_TR","og_type":"article","og_title":"1000ml Clear Glass Bottles Supplier | China Liquor Bottle Manufacturer","og_description":"Ruisheng, one of best China Liquor Bottle Manufacturer, sales bulk 1000ml clear glass bottles wholesale for spirit. Factory Outlet&Quality Assurance.","og_url":"https:\/\/ruishengglassco.com\/tr\/urun\/rs0971000ml-seffaf-cam-siseler-tipali-toptan-satis","article_publisher":"https:\/\/www.facebook.com\/ruishengglassbottles","article_modified_time":"2025-09-12T01:00:35+00:00","og_image":[{"width":800,"height":800,"url":"https:\/\/ruishengglassco.com\/wp-content\/uploads\/2025\/03\/RS097-1000ml-Clear-Glass-Bottles-Wholesale-With-Stoppers.webp","type":"image\/webp"}],"twitter_card":"summary_large_image","twitter_misc":{"Tahmini okuma s\u00fcresi":"2 dakika"},"schema":{"@context":"https:\/\/schema.org","@graph":[{"@type":"WebPage","@id":"https:\/\/ruishengglassco.com\/product\/rs0971000ml-clear-glass-bottles-supplier-with-stoppers","url":"https:\/\/ruishengglassco.com\/product\/rs0971000ml-clear-glass-bottles-supplier-with-stoppers","name":"1000ml Clear Glass Bottles Supplier | China Liquor Bottle Manufacturer","isPartOf":{"@id":"https:\/\/ruishengglassco.com\/#website"},"datePublished":"2025-03-15T01:32:03+00:00","dateModified":"2025-09-12T01:00:35+00:00","description":"Ruisheng, one of best China Liquor Bottle Manufacturer, sales bulk 1000ml clear glass bottles wholesale for spirit. Factory Outlet&Quality Assurance.","breadcrumb":{"@id":"https:\/\/ruishengglassco.com\/product\/rs0971000ml-clear-glass-bottles-supplier-with-stoppers#breadcrumb"},"inLanguage":"tr","potentialAction":[{"@type":"ReadAction","target":["https:\/\/ruishengglassco.com\/product\/rs0971000ml-clear-glass-bottles-supplier-with-stoppers"]}]},{"@type":"BreadcrumbList","@id":"https:\/\/ruishengglassco.com\/product\/rs0971000ml-clear-glass-bottles-supplier-with-stoppers#breadcrumb","itemListElement":[{"@type":"ListItem","position":1,"name":"Home","item":"https:\/\/ruishengglassco.com\/"},{"@type":"ListItem","position":2,"name":"Products","item":"https:\/\/ruishengglassco.com\/products"},{"@type":"ListItem","position":3,"name":"RS097:1000ml Clear Glass Bottles Supplier With Stoppers"}]},{"@type":"WebSite","@id":"https:\/\/ruishengglassco.com\/#website","url":"https:\/\/ruishengglassco.com\/","name":"Ruisheng Glass","description":"","publisher":{"@id":"https:\/\/ruishengglassco.com\/#organization"},"potentialAction":[{"@type":"SearchAction","target":{"@type":"EntryPoint","urlTemplate":"https:\/\/ruishengglassco.com\/?s={search_term_string}"},"query-input":"required name=search_term_string"}],"inLanguage":"tr"},{"@type":"Organization","@id":"https:\/\/ruishengglassco.com\/#organization","name":"Shandong Yuncheng Ruisheng Glass Co., Ltd","url":"https:\/\/ruishengglassco.com\/","logo":{"@type":"ImageObject","inLanguage":"tr","@id":"https:\/\/ruishengglassco.com\/#\/schema\/logo\/image\/","url":"https:\/\/ruishengglassco.com\/wp-content\/uploads\/2023\/09\/ruisheng_logo_icon.webp","contentUrl":"https:\/\/ruishengglassco.com\/wp-content\/uploads\/2023\/09\/ruisheng_logo_icon.webp","width":400,"height":233,"caption":"Shandong Yuncheng Ruisheng Glass Co., Ltd"},"image":{"@id":"https:\/\/ruishengglassco.com\/#\/schema\/logo\/image\/"},"sameAs":["https:\/\/www.facebook.com\/ruishengglassbottles","https:\/\/www.instagram.com\/Ruishengglassbottlewholesales\/","https:\/\/www.youtube.com\/channel\/UCMmbMNGwsL-XrtjfSFLCdVQ"]}]}},"_links":{"self":[{"href":"https:\/\/ruishengglassco.com\/tr\/wp-json\/wp\/v2\/product\/4194","targetHints":{"allow":["GET"]}}],"collection":[{"href":"https:\/\/ruishengglassco.com\/tr\/wp-json\/wp\/v2\/product"}],"about":[{"href":"https:\/\/ruishengglassco.com\/tr\/wp-json\/wp\/v2\/types\/product"}],"replies":[{"embeddable":true,"href":"https:\/\/ruishengglassco.com\/tr\/wp-json\/wp\/v2\/comments?post=4194"}],"wp:featuredmedia":[{"embeddable":true,"href":"https:\/\/ruishengglassco.com\/tr\/wp-json\/wp\/v2\/media\/4195"}],"wp:attachment":[{"href":"https:\/\/ruishengglassco.com\/tr\/wp-json\/wp\/v2\/media?parent=4194"}],"wp:term":[{"taxonomy":"product_cat","embeddable":true,"href":"https:\/\/ruishengglassco.com\/tr\/wp-json\/wp\/v2\/product_cat?post=4194"}],"curies":[{"name":"wp","href":"https:\/\/api.w.org\/{rel}","templated":true}]}}