{"id":4192,"date":"2025-03-15T09:23:51","date_gmt":"2025-03-15T01:23:51","guid":{"rendered":"https:\/\/ruishengglassco.com\/?post_type=product&#038;p=4192"},"modified":"2025-09-11T16:19:37","modified_gmt":"2025-09-11T08:19:37","slug":"rs09850cl-boston-yuvarlak-cam-si%cc%87seler-toptan-satisi","status":"publish","type":"product","link":"https:\/\/ruishengglassco.com\/tr\/urun\/rs09850cl-boston-yuvarlak-cam-si%cc%87seler-toptan-satisi","title":{"rendered":"RS098:50cl Boston Yuvarlak Cam \u015ei\u015fe \u00dcreticileri"},"content":{"rendered":"<p><span data-preserver-spaces=\"true\">50cl Boston Yuvarlak Cam \u015ei\u015feler <\/span><span data-preserver-spaces=\"true\">\u00fcretilmektedir<\/span><span data-preserver-spaces=\"true\"> \u00c7in'den toptan sat\u0131\u015f i\u00e7in birinci s\u0131n\u0131f camdan. Bu ucuz lik\u00f6r \u015fi\u015feleri toptan <\/span><span data-preserver-spaces=\"true\">kullan\u0131l\u0131r<\/span><span data-preserver-spaces=\"true\"> Votka, viski, lik\u00f6r, me\u015frubat ve di\u011fer s\u0131v\u0131lar\u0131 tutmak i\u00e7in.<\/span><\/p>\n<p><span data-preserver-spaces=\"true\">Fabrikam\u0131z, Shandong Yuncheng Ruisheng Glass Co, Ltd, lik\u00f6r ambalajlama konusundaki uzmanl\u0131\u011f\u0131yla tan\u0131nan Yuncheng County'de yer almaktad\u0131r. Fabrikam\u0131z, \u015feffaf cam \u015fi\u015fe \u00fcretiminden \u015fi\u015feler \u00fczerinde derin i\u015flemeye kadar bir dizi hizmet sunabilir.<\/span><\/p>\n<p><span data-preserver-spaces=\"true\">\u015eunlar var<\/span><span data-preserver-spaces=\"true\"> 12 \u00fcretim hatt\u0131 i\u00e7in <\/span><span data-preserver-spaces=\"true\">ve<\/span><span data-preserver-spaces=\"true\"> cam \u015fi\u015feler <\/span><span data-preserver-spaces=\"true\">fabrikam\u0131zda<\/span><span data-preserver-spaces=\"true\">her ikisi de tam otomatik <\/span><span data-preserver-spaces=\"true\">makineler<\/span><span data-preserver-spaces=\"true\"> ve yar\u0131 otomatik makineler.<\/span><span data-preserver-spaces=\"true\"> G\u00fcnl\u00fck \u00fcretimimiz yakla\u015f\u0131k 120.000 adettir. Ka\u00e7 tane lik\u00f6r cam \u015fi\u015fesi sipari\u015f ederseniz edin, hepimiz zaman\u0131nda bitirebiliriz. Fabrikam\u0131zda 500'den fazla \u00e7al\u0131\u015fan ve bir grup yetenekli QC ve tasar\u0131mc\u0131 bulunmaktad\u0131r. <\/span><span data-preserver-spaces=\"true\">Biz tasarlayabiliriz ve <\/span><span data-preserver-spaces=\"true\">yapmak<\/span><span data-preserver-spaces=\"true\"> \u00f6zel cam \u015fi\u015feler sonra <\/span><span data-preserver-spaces=\"true\">almak<\/span><span data-preserver-spaces=\"true\"> foto\u011fraf\u0131n\u0131z veya fikriniz.<\/span><\/p>\n<h2><span data-preserver-spaces=\"true\">50cl Boston Yuvarlak Cam \u015ei\u015felerin Detaylar\u0131<\/span><\/h2>\n<p><span data-preserver-spaces=\"true\">Bu 50cl Boston yuvarlak cam \u015fi\u015feler toptan <\/span><span data-preserver-spaces=\"true\">yap\u0131l\u0131r<\/span><span data-preserver-spaces=\"true\"> y\u00fcksek kaliteli \u00e7akmakta\u015f\u0131 camdan \u00fcretilmi\u015ftir. Bu malzeme, cam \u015fi\u015felerin g\u00fcnl\u00fck kullan\u0131m\u0131 i\u00e7in en \u00fcst s\u0131n\u0131ft\u0131r. <\/span><span data-preserver-spaces=\"true\">Bu cam \u015fi\u015fenin a\u011f\u0131rl\u0131\u011f\u0131 580 \u00b1 10g ve dolgun kapasitesi 520 \u00b1 'd\u0131r. <\/span><span data-preserver-spaces=\"true\">10ml<\/span><span data-preserver-spaces=\"true\">.<\/span><span data-preserver-spaces=\"true\"> Cam \u015fi\u015fenin boyutu 84,2x 192,2 mm'dir. <\/span><span data-preserver-spaces=\"true\">\u00c7ap\u0131 <\/span><span data-preserver-spaces=\"true\">84,2 mm<\/span><span data-preserver-spaces=\"true\">ve y\u00fcksekli\u011fi <\/span><span data-preserver-spaces=\"true\">192,2 mm<\/span><span data-preserver-spaces=\"true\">.<\/span><span data-preserver-spaces=\"true\"> Taban kal\u0131nl\u0131\u011f\u0131 ise 19\u00b12 mm'dir.<\/span><\/p>\n<h2><span data-preserver-spaces=\"true\">Bu Ucuz Lik\u00f6r \u015ei\u015felerinin \u00dcreticilerden Teslim S\u00fcresi<\/span><\/h2>\n<p><span data-preserver-spaces=\"true\">Stokta cam \u015fi\u015feler<\/span><\/p>\n<p><span data-preserver-spaces=\"true\">Onlar\u0131 hemen g\u00f6nderebiliriz. Ve var\u0131\u015f s\u00fcresi, nihai var\u0131\u015f noktas\u0131na transit s\u00fcresine ba\u011fl\u0131d\u0131r.<\/span><\/p>\n<p><span data-preserver-spaces=\"true\">Mevcut kal\u0131p cam \u015fi\u015feler<\/span><\/p>\n<p><span data-preserver-spaces=\"true\">Bu cam \u015fi\u015feler g\u00f6nderilecek<\/span><span data-preserver-spaces=\"true\"> 20-30 g\u00fcn i\u00e7inde. Var\u0131\u015f s\u00fcresi ise nihai var\u0131\u015f noktas\u0131na olan transit s\u00fcresine ba\u011fl\u0131d\u0131r.<\/span><\/p>\n<p><span data-preserver-spaces=\"true\">\u00d6zel cam \u015fi\u015feler<\/span><\/p>\n<p><span data-preserver-spaces=\"true\">Kal\u0131plama s\u00fcresi yakla\u015f\u0131k 15-20 g\u00fcnd\u00fcr ve seri \u00fcretim i\u00e7in teslimat s\u00fcresi yakla\u015f\u0131k 20-30 g\u00fcnd\u00fcr. <\/span><span data-preserver-spaces=\"true\">dayanmaktad\u0131r<\/span><span data-preserver-spaces=\"true\"> \u00fcretim program\u0131m\u0131za ba\u011fl\u0131d\u0131r. Var\u0131\u015f s\u00fcresi, nihai var\u0131\u015f noktas\u0131na ge\u00e7i\u015f s\u00fcresine ba\u011fl\u0131d\u0131r.<\/span><\/p>\n<p><span data-preserver-spaces=\"true\">50cl Boston Yuvarlak Cam \u015ei\u015feler veya toptan cam \u015fi\u015feler sat\u0131n almak istiyorsan\u0131z, l\u00fctfen web sitemizin ileti\u015fim bilgileri arac\u0131l\u0131\u011f\u0131yla bizimle ileti\u015fime ge\u00e7in.<\/span><span data-preserver-spaces=\"true\"> formu ve<\/span><span data-preserver-spaces=\"true\"> m\u00fcmk\u00fcn olan en k\u0131sa s\u00fcrede yan\u0131t verece\u011fiz.<\/span><\/p>","protected":false},"excerpt":{"rendered":"<p>500ml Boston cam \u015fi\u015felerimizle ilgileniyorsan\u0131z, l\u00fctfen bizimle ileti\u015fime ge\u00e7in. Size 24 saat i\u00e7inde cevap verece\u011fiz.<\/p>","protected":false},"featured_media":4193,"comment_status":"closed","ping_status":"closed","template":"","meta":[],"product_cat":[41,50],"class_list":{"0":"post-4192","1":"product","2":"type-product","3":"status-publish","4":"has-post-thumbnail","6":"product_cat-500ml-liquor-bottle-manufacturer","7":"product_cat-gin-bottle","9":"first","10":"instock","11":"shipping-taxable","12":"product-type-simple"},"yoast_head":"<!-- This site is optimized with the Yoast SEO plugin v22.0 - https:\/\/yoast.com\/wordpress\/plugins\/seo\/ -->\n<title>Cheap Liquor Bottles Manufacturers | 50cl Boston Round Glass Bottles Bulk<\/title>\n<meta name=\"description\" content=\"Want To Buy Cheap Liquor Bottles Wholesale? Click here to know 50cl Boston Round Glass Bottles Bulk From China Liquor Bottle Manufacturing Factory.\" \/>\n<meta name=\"robots\" content=\"index, follow, max-snippet:-1, max-image-preview:large, max-video-preview:-1\" \/>\n<link rel=\"canonical\" href=\"https:\/\/ruishengglassco.com\/tr\/urun\/rs09850cl-boston-yuvarlak-cam-si\u0307seler-toptan-satisi\" \/>\n<meta property=\"og:locale\" content=\"tr_TR\" \/>\n<meta property=\"og:type\" content=\"article\" \/>\n<meta property=\"og:title\" content=\"Cheap Liquor Bottles Manufacturers | 50cl Boston Round Glass Bottles Bulk\" \/>\n<meta property=\"og:description\" content=\"Want To Buy Cheap Liquor Bottles Wholesale? Click here to know 50cl Boston Round Glass Bottles Bulk From China Liquor Bottle Manufacturing Factory.\" \/>\n<meta property=\"og:url\" content=\"https:\/\/ruishengglassco.com\/tr\/urun\/rs09850cl-boston-yuvarlak-cam-si\u0307seler-toptan-satisi\" \/>\n<meta property=\"article:publisher\" content=\"https:\/\/www.facebook.com\/ruishengglassbottles\" \/>\n<meta property=\"article:modified_time\" content=\"2025-09-11T08:19:37+00:00\" \/>\n<meta property=\"og:image\" content=\"https:\/\/ruishengglassco.com\/wp-content\/uploads\/2025\/03\/RS098-50cl-Boston-Round-Glass-Bottles-Wholesale.webp\" \/>\n\t<meta property=\"og:image:width\" content=\"400\" \/>\n\t<meta property=\"og:image:height\" content=\"400\" \/>\n\t<meta property=\"og:image:type\" content=\"image\/webp\" \/>\n<meta name=\"twitter:card\" content=\"summary_large_image\" \/>\n<meta name=\"twitter:label1\" content=\"Tahmini okuma s\u00fcresi\" \/>\n\t<meta name=\"twitter:data1\" content=\"2 dakika\" \/>\n<script type=\"application\/ld+json\" class=\"yoast-schema-graph\">{\"@context\":\"https:\/\/schema.org\",\"@graph\":[{\"@type\":\"WebPage\",\"@id\":\"https:\/\/ruishengglassco.com\/product\/rs09850cl-boston-round-glass-bottles-wholesale\",\"url\":\"https:\/\/ruishengglassco.com\/product\/rs09850cl-boston-round-glass-bottles-wholesale\",\"name\":\"Cheap Liquor Bottles Manufacturers | 50cl Boston Round Glass Bottles Bulk\",\"isPartOf\":{\"@id\":\"https:\/\/ruishengglassco.com\/#website\"},\"datePublished\":\"2025-03-15T01:23:51+00:00\",\"dateModified\":\"2025-09-11T08:19:37+00:00\",\"description\":\"Want To Buy Cheap Liquor Bottles Wholesale? Click here to know 50cl Boston Round Glass Bottles Bulk From China Liquor Bottle Manufacturing Factory.\",\"breadcrumb\":{\"@id\":\"https:\/\/ruishengglassco.com\/product\/rs09850cl-boston-round-glass-bottles-wholesale#breadcrumb\"},\"inLanguage\":\"tr\",\"potentialAction\":[{\"@type\":\"ReadAction\",\"target\":[\"https:\/\/ruishengglassco.com\/product\/rs09850cl-boston-round-glass-bottles-wholesale\"]}]},{\"@type\":\"BreadcrumbList\",\"@id\":\"https:\/\/ruishengglassco.com\/product\/rs09850cl-boston-round-glass-bottles-wholesale#breadcrumb\",\"itemListElement\":[{\"@type\":\"ListItem\",\"position\":1,\"name\":\"Home\",\"item\":\"https:\/\/ruishengglassco.com\/\"},{\"@type\":\"ListItem\",\"position\":2,\"name\":\"Products\",\"item\":\"https:\/\/ruishengglassco.com\/products\"},{\"@type\":\"ListItem\",\"position\":3,\"name\":\"RS098:50cl Boston Round Glass Bottles Manufacturers\"}]},{\"@type\":\"WebSite\",\"@id\":\"https:\/\/ruishengglassco.com\/#website\",\"url\":\"https:\/\/ruishengglassco.com\/\",\"name\":\"Ruisheng Glass\",\"description\":\"\",\"publisher\":{\"@id\":\"https:\/\/ruishengglassco.com\/#organization\"},\"potentialAction\":[{\"@type\":\"SearchAction\",\"target\":{\"@type\":\"EntryPoint\",\"urlTemplate\":\"https:\/\/ruishengglassco.com\/?s={search_term_string}\"},\"query-input\":\"required name=search_term_string\"}],\"inLanguage\":\"tr\"},{\"@type\":\"Organization\",\"@id\":\"https:\/\/ruishengglassco.com\/#organization\",\"name\":\"Shandong Yuncheng Ruisheng Glass Co., Ltd\",\"url\":\"https:\/\/ruishengglassco.com\/\",\"logo\":{\"@type\":\"ImageObject\",\"inLanguage\":\"tr\",\"@id\":\"https:\/\/ruishengglassco.com\/#\/schema\/logo\/image\/\",\"url\":\"https:\/\/ruishengglassco.com\/wp-content\/uploads\/2023\/09\/ruisheng_logo_icon.webp\",\"contentUrl\":\"https:\/\/ruishengglassco.com\/wp-content\/uploads\/2023\/09\/ruisheng_logo_icon.webp\",\"width\":400,\"height\":233,\"caption\":\"Shandong Yuncheng Ruisheng Glass Co., Ltd\"},\"image\":{\"@id\":\"https:\/\/ruishengglassco.com\/#\/schema\/logo\/image\/\"},\"sameAs\":[\"https:\/\/www.facebook.com\/ruishengglassbottles\",\"https:\/\/www.instagram.com\/Ruishengglassbottlewholesales\/\",\"https:\/\/www.youtube.com\/channel\/UCMmbMNGwsL-XrtjfSFLCdVQ\"]}]}<\/script>\n<!-- \/ Yoast SEO plugin. -->","yoast_head_json":{"title":"Cheap Liquor Bottles Manufacturers | 50cl Boston Round Glass Bottles Bulk","description":"Want To Buy Cheap Liquor Bottles Wholesale? Click here to know 50cl Boston Round Glass Bottles Bulk From China Liquor Bottle Manufacturing Factory.","robots":{"index":"index","follow":"follow","max-snippet":"max-snippet:-1","max-image-preview":"max-image-preview:large","max-video-preview":"max-video-preview:-1"},"canonical":"https:\/\/ruishengglassco.com\/tr\/urun\/rs09850cl-boston-yuvarlak-cam-si\u0307seler-toptan-satisi","og_locale":"tr_TR","og_type":"article","og_title":"Cheap Liquor Bottles Manufacturers | 50cl Boston Round Glass Bottles Bulk","og_description":"Want To Buy Cheap Liquor Bottles Wholesale? Click here to know 50cl Boston Round Glass Bottles Bulk From China Liquor Bottle Manufacturing Factory.","og_url":"https:\/\/ruishengglassco.com\/tr\/urun\/rs09850cl-boston-yuvarlak-cam-si\u0307seler-toptan-satisi","article_publisher":"https:\/\/www.facebook.com\/ruishengglassbottles","article_modified_time":"2025-09-11T08:19:37+00:00","og_image":[{"width":400,"height":400,"url":"https:\/\/ruishengglassco.com\/wp-content\/uploads\/2025\/03\/RS098-50cl-Boston-Round-Glass-Bottles-Wholesale.webp","type":"image\/webp"}],"twitter_card":"summary_large_image","twitter_misc":{"Tahmini okuma s\u00fcresi":"2 dakika"},"schema":{"@context":"https:\/\/schema.org","@graph":[{"@type":"WebPage","@id":"https:\/\/ruishengglassco.com\/product\/rs09850cl-boston-round-glass-bottles-wholesale","url":"https:\/\/ruishengglassco.com\/product\/rs09850cl-boston-round-glass-bottles-wholesale","name":"Cheap Liquor Bottles Manufacturers | 50cl Boston Round Glass Bottles Bulk","isPartOf":{"@id":"https:\/\/ruishengglassco.com\/#website"},"datePublished":"2025-03-15T01:23:51+00:00","dateModified":"2025-09-11T08:19:37+00:00","description":"Want To Buy Cheap Liquor Bottles Wholesale? Click here to know 50cl Boston Round Glass Bottles Bulk From China Liquor Bottle Manufacturing Factory.","breadcrumb":{"@id":"https:\/\/ruishengglassco.com\/product\/rs09850cl-boston-round-glass-bottles-wholesale#breadcrumb"},"inLanguage":"tr","potentialAction":[{"@type":"ReadAction","target":["https:\/\/ruishengglassco.com\/product\/rs09850cl-boston-round-glass-bottles-wholesale"]}]},{"@type":"BreadcrumbList","@id":"https:\/\/ruishengglassco.com\/product\/rs09850cl-boston-round-glass-bottles-wholesale#breadcrumb","itemListElement":[{"@type":"ListItem","position":1,"name":"Home","item":"https:\/\/ruishengglassco.com\/"},{"@type":"ListItem","position":2,"name":"Products","item":"https:\/\/ruishengglassco.com\/products"},{"@type":"ListItem","position":3,"name":"RS098:50cl Boston Round Glass Bottles Manufacturers"}]},{"@type":"WebSite","@id":"https:\/\/ruishengglassco.com\/#website","url":"https:\/\/ruishengglassco.com\/","name":"Ruisheng Glass","description":"","publisher":{"@id":"https:\/\/ruishengglassco.com\/#organization"},"potentialAction":[{"@type":"SearchAction","target":{"@type":"EntryPoint","urlTemplate":"https:\/\/ruishengglassco.com\/?s={search_term_string}"},"query-input":"required name=search_term_string"}],"inLanguage":"tr"},{"@type":"Organization","@id":"https:\/\/ruishengglassco.com\/#organization","name":"Shandong Yuncheng Ruisheng Glass Co., Ltd","url":"https:\/\/ruishengglassco.com\/","logo":{"@type":"ImageObject","inLanguage":"tr","@id":"https:\/\/ruishengglassco.com\/#\/schema\/logo\/image\/","url":"https:\/\/ruishengglassco.com\/wp-content\/uploads\/2023\/09\/ruisheng_logo_icon.webp","contentUrl":"https:\/\/ruishengglassco.com\/wp-content\/uploads\/2023\/09\/ruisheng_logo_icon.webp","width":400,"height":233,"caption":"Shandong Yuncheng Ruisheng Glass Co., Ltd"},"image":{"@id":"https:\/\/ruishengglassco.com\/#\/schema\/logo\/image\/"},"sameAs":["https:\/\/www.facebook.com\/ruishengglassbottles","https:\/\/www.instagram.com\/Ruishengglassbottlewholesales\/","https:\/\/www.youtube.com\/channel\/UCMmbMNGwsL-XrtjfSFLCdVQ"]}]}},"_links":{"self":[{"href":"https:\/\/ruishengglassco.com\/tr\/wp-json\/wp\/v2\/product\/4192","targetHints":{"allow":["GET"]}}],"collection":[{"href":"https:\/\/ruishengglassco.com\/tr\/wp-json\/wp\/v2\/product"}],"about":[{"href":"https:\/\/ruishengglassco.com\/tr\/wp-json\/wp\/v2\/types\/product"}],"replies":[{"embeddable":true,"href":"https:\/\/ruishengglassco.com\/tr\/wp-json\/wp\/v2\/comments?post=4192"}],"wp:featuredmedia":[{"embeddable":true,"href":"https:\/\/ruishengglassco.com\/tr\/wp-json\/wp\/v2\/media\/4193"}],"wp:attachment":[{"href":"https:\/\/ruishengglassco.com\/tr\/wp-json\/wp\/v2\/media?parent=4192"}],"wp:term":[{"taxonomy":"product_cat","embeddable":true,"href":"https:\/\/ruishengglassco.com\/tr\/wp-json\/wp\/v2\/product_cat?post=4192"}],"curies":[{"name":"wp","href":"https:\/\/api.w.org\/{rel}","templated":true}]}}