{"id":4190,"date":"2025-03-15T09:20:48","date_gmt":"2025-03-15T01:20:48","guid":{"rendered":"https:\/\/ruishengglassco.com\/?post_type=product&#038;p=4190"},"modified":"2025-09-11T16:51:23","modified_gmt":"2025-09-11T08:51:23","slug":"rs101750ml-sallanan-ust-siseler-fabrikasi","status":"publish","type":"product","link":"https:\/\/ruishengglassco.com\/tr\/urun\/rs101750ml-sallanan-ust-siseler-fabrikasi","title":{"rendered":"RS101:750ml Sal\u0131ncak \u00dcst\u00fc \u015ei\u015feler Fabrikas\u0131"},"content":{"rendered":"<p>Bu 750 ml'lik Swing-Top \u015ei\u015fe, y\u00fcksek kaliteli flint camdan yap\u0131lm\u0131\u015ft\u0131r. Bu malzeme \u015fi\u015fenin berrak, \u015feffaf ve zarif olmas\u0131n\u0131 sa\u011flar. \u0130\u00e7kinizin m\u00fckemmel kalitesini sergiler.<\/p>\n<p>\u00c7in'de profesyonel bir y\u00fcksek kaliteli lik\u00f6r \u015fi\u015fesi \u00fcreticisi olan Ruisheng, 2009 y\u0131l\u0131ndan bu yana cam \u015fi\u015fe \u00fcretimine odaklanm\u0131\u015ft\u0131r. Fabrikam\u0131z 20.000 metrekarelik bir alan\u0131 kaplamaktad\u0131r ve g\u00fcnl\u00fck 120.000 \u015fi\u015feye kadar \u00fcretim yapmaktad\u0131r. Fabrikam\u0131zda 500'den fazla \u00e7al\u0131\u015fan ve 10 \u00fcretim hatt\u0131 ile t\u00fcm sipari\u015flerin zaman\u0131nda tamamlanmas\u0131n\u0131 sa\u011fl\u0131yoruz.<\/p>\n<h2>750ml Sallanan \u00dcst \u015ei\u015feler Fabrikas\u0131n\u0131n Detaylar\u0131<\/h2>\n<ul>\n<li>Ana malzeme: Cam<\/li>\n<li>Kapak: Mantar<\/li>\n<li>Referans: RS101<\/li>\n<li><strong>ADEDI: 10000 ADET<\/strong><\/li>\n<li>Kapasite: 750ml<\/li>\n<li>ADET\/CTN: 24 adet veya m\u00fc\u015fteri taleplerine g\u00f6re<\/li>\n<li>Yerin k\u00f6keni: Shandong, \u00c7in<\/li>\n<li>\u00d6zellik: \u00c7evre dostu<\/li>\n<\/ul>\n<p><span data-preserver-spaces=\"true\">Bu 750 ml'lik cam lik\u00f6r kaplar\u0131 i\u00e7in ambalajlar\u0131m\u0131z tipik olarak standart ihracat kartonlar\u0131 veya paletleridir. <\/span><span data-preserver-spaces=\"true\">Ve biz<\/span><span data-preserver-spaces=\"true\"> \u015fi\u015feyi de paketleyebilir <\/span><span data-preserver-spaces=\"true\">ile<\/span><span data-preserver-spaces=\"true\"> standart ihracat kartonlar\u0131 ve paletleri <\/span><span data-preserver-spaces=\"true\">buna ihtiyac\u0131n var<\/span><span data-preserver-spaces=\"true\">.<\/span> <span data-preserver-spaces=\"true\">Kalite Kontrol\u00fcm\u00fcz <\/span><span data-preserver-spaces=\"true\">kontrol et<\/span><span data-preserver-spaces=\"true\"> cam <\/span><span data-preserver-spaces=\"true\">\u015fi\u015felerin kalitesi<\/span><span data-preserver-spaces=\"true\"> paketlemeden \u00f6nce ve herhangi bir <\/span><span data-preserver-spaces=\"true\">k\u00f6t\u00fc<\/span><span data-preserver-spaces=\"true\"> fabrikam\u0131zdan mallar.<\/span><\/p>\n<p><span data-preserver-spaces=\"true\">Fabrikam\u0131z bir kamyon filosuna sahiptir. Bu filo, cam \u015fi\u015feleri Qingdao Liman\u0131'na g\u00f6ndererek zaman\u0131nda gemiye y\u00fcklenmelerini sa\u011flar.<\/span><\/p>\n<h4><span data-preserver-spaces=\"true\">Sat\u0131l\u0131k Ana Cam \u015ei\u015felerimiz Hakk\u0131nda<\/span><\/h4>\n<p><span data-preserver-spaces=\"true\">Ba\u015fl\u0131ca \u00fcr\u00fcnlerimiz votka cam \u015fi\u015feleri ve di\u011fer renkli cam \u015fi\u015feler gibi \u00fcst s\u0131n\u0131f cam \u015fi\u015felerdir. <\/span><span data-preserver-spaces=\"true\">Bizim <\/span><span data-preserver-spaces=\"true\">ana<\/span><span data-preserver-spaces=\"true\"> pazarlar <\/span><span data-preserver-spaces=\"true\">vard\u0131r<\/span><span data-preserver-spaces=\"true\"> Avrupa, <\/span><span data-preserver-spaces=\"true\">ve <\/span><span data-preserver-spaces=\"true\">ABD, Avustralya, <\/span><span data-preserver-spaces=\"true\">vb.<\/span><span data-preserver-spaces=\"true\">.<\/span><span data-preserver-spaces=\"true\"> Ve t\u00fcm \u00fcr\u00fcnler yenilik ve i\u015flevsellik a\u00e7\u0131s\u0131ndan y\u00fcksek bir itibara sahiptir.<\/span><\/p>\n<p><span data-preserver-spaces=\"true\">\u015eirketimiz \"\u0130yi niyet, iyi kalite\" ilkesine ba\u011fl\u0131 kalmaya devam edecektir. \u015eirketin bir \u00c7in cam markas\u0131 olma hedefine ula\u015fmak i\u00e7in kendinden emin bir tav\u0131rla \"d\u00fcr\u00fcstl\u00fck \uff0c dikkatli \uff0c verimli \uff0c pragmatik\" hizmet anlay\u0131\u015f\u0131n\u0131 savunacakt\u0131r.<\/span><\/p>\n<p><span data-preserver-spaces=\"true\">E\u011fer sen <\/span><span data-preserver-spaces=\"true\">istiyorum<\/span><span data-preserver-spaces=\"true\"> hakk\u0131nda bilgi almak i\u00e7in<\/span> <span data-preserver-spaces=\"true\">Toptan 750ml flint lik\u00f6r\u00fcm\u00fcz <\/span><span data-preserver-spaces=\"true\">\u015ei\u015fe<\/span><span data-preserver-spaces=\"true\"> veya \u00f6zel 750ml cam lik\u00f6r <\/span><span data-preserver-spaces=\"true\">konteyner<\/span><span data-preserver-spaces=\"true\">L\u00fctfen. <\/span><span data-preserver-spaces=\"true\">ile ileti\u015fime ge\u00e7in<\/span><span data-preserver-spaces=\"true\"> Biz.<\/span><span data-preserver-spaces=\"true\"> Size en k\u0131sa s\u00fcrede cevap verece\u011fiz. <\/span><span data-preserver-spaces=\"true\">Bizim <\/span><span data-preserver-spaces=\"true\">ama\u00e7<\/span><span data-preserver-spaces=\"true\"> i\u00e7indir. <\/span><span data-preserver-spaces=\"true\">yap<\/span><span data-preserver-spaces=\"true\"> y\u00fcksek kaliteli cam <\/span><span data-preserver-spaces=\"true\">\u015ei\u015fe<\/span><span data-preserver-spaces=\"true\"> ve <\/span><span data-preserver-spaces=\"true\">teklif<\/span><span data-preserver-spaces=\"true\"> m\u00fc\u015fterilere en iyi hizmet <\/span><span data-preserver-spaces=\"true\">d\u00fcnyan\u0131n her yerinden<\/span><span data-preserver-spaces=\"true\">.<\/span><\/p>","protected":false},"excerpt":{"rendered":"<p>Bu 750ml \u00e7akmakta\u015f\u0131 lik\u00f6r \u015fi\u015fesi esas olarak alkoll\u00fc i\u00e7ecek paketinde kullan\u0131l\u0131r. Bu 750 ml'lik \u00e7akmakta\u015f\u0131 lik\u00f6r \u015fi\u015feleri cam hammaddeden yap\u0131lm\u0131\u015ft\u0131r.<\/p>","protected":false},"featured_media":4191,"comment_status":"closed","ping_status":"closed","template":"","meta":[],"product_cat":[40],"class_list":{"0":"post-4190","1":"product","2":"type-product","3":"status-publish","4":"has-post-thumbnail","6":"product_cat-750ml-liquor-bottle-manufacturer","8":"first","9":"instock","10":"shipping-taxable","11":"product-type-simple"},"yoast_head":"<!-- This site is optimized with the Yoast SEO plugin v22.0 - https:\/\/yoast.com\/wordpress\/plugins\/seo\/ -->\n<title>750ml Swing Top Bottles Factory | High Flint Liquor Bottle Manufacturer<\/title>\n<meta name=\"description\" content=\"These 750ml Swing Top Bottles Factory are made by high flint glass material, which widely used for liquor packaging. Primary Liquor Bottle Manufacturer, Sales In Cheap Price.\" \/>\n<meta name=\"robots\" content=\"index, follow, max-snippet:-1, max-image-preview:large, max-video-preview:-1\" \/>\n<link rel=\"canonical\" href=\"https:\/\/ruishengglassco.com\/tr\/rs101750ml-sallanan-ust-siseler-fabrikasi\/\" \/>\n<meta property=\"og:locale\" content=\"tr_TR\" \/>\n<meta property=\"og:type\" content=\"article\" \/>\n<meta property=\"og:title\" content=\"750ml Swing Top Bottles Factory | High Flint Liquor Bottle Manufacturer\" \/>\n<meta property=\"og:description\" content=\"These 750ml Swing Top Bottles Factory are made by high flint glass material, which widely used for liquor packaging. Primary Liquor Bottle Manufacturer, Sales In Cheap Price.\" \/>\n<meta property=\"og:url\" content=\"https:\/\/ruishengglassco.com\/tr\/rs101750ml-sallanan-ust-siseler-fabrikasi\/\" \/>\n<meta property=\"article:publisher\" content=\"https:\/\/www.facebook.com\/ruishengglassbottles\" \/>\n<meta property=\"article:modified_time\" content=\"2025-09-11T08:51:23+00:00\" \/>\n<meta property=\"og:image\" content=\"https:\/\/ruishengglassco.com\/wp-content\/uploads\/2025\/03\/RS101-750ml-Swing-Top-Bottles-Wholesale.webp\" \/>\n\t<meta property=\"og:image:width\" content=\"800\" \/>\n\t<meta property=\"og:image:height\" content=\"800\" \/>\n\t<meta property=\"og:image:type\" content=\"image\/webp\" \/>\n<meta name=\"twitter:card\" content=\"summary_large_image\" \/>\n<meta name=\"twitter:label1\" content=\"Tahmini okuma s\u00fcresi\" \/>\n\t<meta name=\"twitter:data1\" content=\"2 dakika\" \/>\n<script type=\"application\/ld+json\" class=\"yoast-schema-graph\">{\"@context\":\"https:\/\/schema.org\",\"@graph\":[{\"@type\":\"WebPage\",\"@id\":\"https:\/\/ruishengglassco.com\/ru\/rs101750ml-%d0%b1%d1%83%d1%82%d1%8b%d0%bb%d0%ba%d0%b8-%d1%81-%d0%bf%d0%be%d0%b2%d0%be%d1%80%d0%be%d1%82%d0%bd%d1%8b%d0%bc-%d0%b2%d0%b5%d1%80%d1%85%d0%be%d0%bc-%d0%be%d0%bf%d1%82%d0%be%d0%bc\",\"url\":\"https:\/\/ruishengglassco.com\/ru\/rs101750ml-%d0%b1%d1%83%d1%82%d1%8b%d0%bb%d0%ba%d0%b8-%d1%81-%d0%bf%d0%be%d0%b2%d0%be%d1%80%d0%be%d1%82%d0%bd%d1%8b%d0%bc-%d0%b2%d0%b5%d1%80%d1%85%d0%be%d0%bc-%d0%be%d0%bf%d1%82%d0%be%d0%bc\",\"name\":\"750ml Swing Top Bottles Factory | High Flint Liquor Bottle Manufacturer\",\"isPartOf\":{\"@id\":\"https:\/\/ruishengglassco.com\/#website\"},\"datePublished\":\"2025-03-15T01:20:48+00:00\",\"dateModified\":\"2025-09-11T08:51:23+00:00\",\"description\":\"These 750ml Swing Top Bottles Factory are made by high flint glass material, which widely used for liquor packaging. Primary Liquor Bottle Manufacturer, Sales In Cheap Price.\",\"breadcrumb\":{\"@id\":\"https:\/\/ruishengglassco.com\/ru\/rs101750ml-%d0%b1%d1%83%d1%82%d1%8b%d0%bb%d0%ba%d0%b8-%d1%81-%d0%bf%d0%be%d0%b2%d0%be%d1%80%d0%be%d1%82%d0%bd%d1%8b%d0%bc-%d0%b2%d0%b5%d1%80%d1%85%d0%be%d0%bc-%d0%be%d0%bf%d1%82%d0%be%d0%bc#breadcrumb\"},\"inLanguage\":\"tr\",\"potentialAction\":[{\"@type\":\"ReadAction\",\"target\":[\"https:\/\/ruishengglassco.com\/ru\/rs101750ml-%d0%b1%d1%83%d1%82%d1%8b%d0%bb%d0%ba%d0%b8-%d1%81-%d0%bf%d0%be%d0%b2%d0%be%d1%80%d0%be%d1%82%d0%bd%d1%8b%d0%bc-%d0%b2%d0%b5%d1%80%d1%85%d0%be%d0%bc-%d0%be%d0%bf%d1%82%d0%be%d0%bc\"]}]},{\"@type\":\"BreadcrumbList\",\"@id\":\"https:\/\/ruishengglassco.com\/ru\/rs101750ml-%d0%b1%d1%83%d1%82%d1%8b%d0%bb%d0%ba%d0%b8-%d1%81-%d0%bf%d0%be%d0%b2%d0%be%d1%80%d0%be%d1%82%d0%bd%d1%8b%d0%bc-%d0%b2%d0%b5%d1%80%d1%85%d0%be%d0%bc-%d0%be%d0%bf%d1%82%d0%be%d0%bc#breadcrumb\",\"itemListElement\":[{\"@type\":\"ListItem\",\"position\":1,\"name\":\"Home\",\"item\":\"https:\/\/ruishengglassco.com\/\"},{\"@type\":\"ListItem\",\"position\":2,\"name\":\"Products\",\"item\":\"https:\/\/ruishengglassco.com\/products\"},{\"@type\":\"ListItem\",\"position\":3,\"name\":\"RS101:750ml Swing Top Bottles Factory\"}]},{\"@type\":\"WebSite\",\"@id\":\"https:\/\/ruishengglassco.com\/#website\",\"url\":\"https:\/\/ruishengglassco.com\/\",\"name\":\"Ruisheng Glass\",\"description\":\"\",\"publisher\":{\"@id\":\"https:\/\/ruishengglassco.com\/#organization\"},\"potentialAction\":[{\"@type\":\"SearchAction\",\"target\":{\"@type\":\"EntryPoint\",\"urlTemplate\":\"https:\/\/ruishengglassco.com\/?s={search_term_string}\"},\"query-input\":\"required name=search_term_string\"}],\"inLanguage\":\"tr\"},{\"@type\":\"Organization\",\"@id\":\"https:\/\/ruishengglassco.com\/#organization\",\"name\":\"Shandong Yuncheng Ruisheng Glass Co., Ltd\",\"url\":\"https:\/\/ruishengglassco.com\/\",\"logo\":{\"@type\":\"ImageObject\",\"inLanguage\":\"tr\",\"@id\":\"https:\/\/ruishengglassco.com\/#\/schema\/logo\/image\/\",\"url\":\"https:\/\/ruishengglassco.com\/wp-content\/uploads\/2023\/09\/ruisheng_logo_icon.webp\",\"contentUrl\":\"https:\/\/ruishengglassco.com\/wp-content\/uploads\/2023\/09\/ruisheng_logo_icon.webp\",\"width\":400,\"height\":233,\"caption\":\"Shandong Yuncheng Ruisheng Glass Co., Ltd\"},\"image\":{\"@id\":\"https:\/\/ruishengglassco.com\/#\/schema\/logo\/image\/\"},\"sameAs\":[\"https:\/\/www.facebook.com\/ruishengglassbottles\",\"https:\/\/www.instagram.com\/Ruishengglassbottlewholesales\/\",\"https:\/\/www.youtube.com\/channel\/UCMmbMNGwsL-XrtjfSFLCdVQ\"]}]}<\/script>\n<!-- \/ Yoast SEO plugin. -->","yoast_head_json":{"title":"750ml Swing Top Bottles Factory | High Flint Liquor Bottle Manufacturer","description":"These 750ml Swing Top Bottles Factory are made by high flint glass material, which widely used for liquor packaging. Primary Liquor Bottle Manufacturer, Sales In Cheap Price.","robots":{"index":"index","follow":"follow","max-snippet":"max-snippet:-1","max-image-preview":"max-image-preview:large","max-video-preview":"max-video-preview:-1"},"canonical":"https:\/\/ruishengglassco.com\/tr\/rs101750ml-sallanan-ust-siseler-fabrikasi\/","og_locale":"tr_TR","og_type":"article","og_title":"750ml Swing Top Bottles Factory | High Flint Liquor Bottle Manufacturer","og_description":"These 750ml Swing Top Bottles Factory are made by high flint glass material, which widely used for liquor packaging. Primary Liquor Bottle Manufacturer, Sales In Cheap Price.","og_url":"https:\/\/ruishengglassco.com\/tr\/rs101750ml-sallanan-ust-siseler-fabrikasi\/","article_publisher":"https:\/\/www.facebook.com\/ruishengglassbottles","article_modified_time":"2025-09-11T08:51:23+00:00","og_image":[{"width":800,"height":800,"url":"https:\/\/ruishengglassco.com\/wp-content\/uploads\/2025\/03\/RS101-750ml-Swing-Top-Bottles-Wholesale.webp","type":"image\/webp"}],"twitter_card":"summary_large_image","twitter_misc":{"Tahmini okuma s\u00fcresi":"2 dakika"},"schema":{"@context":"https:\/\/schema.org","@graph":[{"@type":"WebPage","@id":"https:\/\/ruishengglassco.com\/ru\/rs101750ml-%d0%b1%d1%83%d1%82%d1%8b%d0%bb%d0%ba%d0%b8-%d1%81-%d0%bf%d0%be%d0%b2%d0%be%d1%80%d0%be%d1%82%d0%bd%d1%8b%d0%bc-%d0%b2%d0%b5%d1%80%d1%85%d0%be%d0%bc-%d0%be%d0%bf%d1%82%d0%be%d0%bc","url":"https:\/\/ruishengglassco.com\/ru\/rs101750ml-%d0%b1%d1%83%d1%82%d1%8b%d0%bb%d0%ba%d0%b8-%d1%81-%d0%bf%d0%be%d0%b2%d0%be%d1%80%d0%be%d1%82%d0%bd%d1%8b%d0%bc-%d0%b2%d0%b5%d1%80%d1%85%d0%be%d0%bc-%d0%be%d0%bf%d1%82%d0%be%d0%bc","name":"750ml Swing Top Bottles Factory | High Flint Liquor Bottle Manufacturer","isPartOf":{"@id":"https:\/\/ruishengglassco.com\/#website"},"datePublished":"2025-03-15T01:20:48+00:00","dateModified":"2025-09-11T08:51:23+00:00","description":"These 750ml Swing Top Bottles Factory are made by high flint glass material, which widely used for liquor packaging. Primary Liquor Bottle Manufacturer, Sales In Cheap Price.","breadcrumb":{"@id":"https:\/\/ruishengglassco.com\/ru\/rs101750ml-%d0%b1%d1%83%d1%82%d1%8b%d0%bb%d0%ba%d0%b8-%d1%81-%d0%bf%d0%be%d0%b2%d0%be%d1%80%d0%be%d1%82%d0%bd%d1%8b%d0%bc-%d0%b2%d0%b5%d1%80%d1%85%d0%be%d0%bc-%d0%be%d0%bf%d1%82%d0%be%d0%bc#breadcrumb"},"inLanguage":"tr","potentialAction":[{"@type":"ReadAction","target":["https:\/\/ruishengglassco.com\/ru\/rs101750ml-%d0%b1%d1%83%d1%82%d1%8b%d0%bb%d0%ba%d0%b8-%d1%81-%d0%bf%d0%be%d0%b2%d0%be%d1%80%d0%be%d1%82%d0%bd%d1%8b%d0%bc-%d0%b2%d0%b5%d1%80%d1%85%d0%be%d0%bc-%d0%be%d0%bf%d1%82%d0%be%d0%bc"]}]},{"@type":"BreadcrumbList","@id":"https:\/\/ruishengglassco.com\/ru\/rs101750ml-%d0%b1%d1%83%d1%82%d1%8b%d0%bb%d0%ba%d0%b8-%d1%81-%d0%bf%d0%be%d0%b2%d0%be%d1%80%d0%be%d1%82%d0%bd%d1%8b%d0%bc-%d0%b2%d0%b5%d1%80%d1%85%d0%be%d0%bc-%d0%be%d0%bf%d1%82%d0%be%d0%bc#breadcrumb","itemListElement":[{"@type":"ListItem","position":1,"name":"Home","item":"https:\/\/ruishengglassco.com\/"},{"@type":"ListItem","position":2,"name":"Products","item":"https:\/\/ruishengglassco.com\/products"},{"@type":"ListItem","position":3,"name":"RS101:750ml Swing Top Bottles Factory"}]},{"@type":"WebSite","@id":"https:\/\/ruishengglassco.com\/#website","url":"https:\/\/ruishengglassco.com\/","name":"Ruisheng Glass","description":"","publisher":{"@id":"https:\/\/ruishengglassco.com\/#organization"},"potentialAction":[{"@type":"SearchAction","target":{"@type":"EntryPoint","urlTemplate":"https:\/\/ruishengglassco.com\/?s={search_term_string}"},"query-input":"required name=search_term_string"}],"inLanguage":"tr"},{"@type":"Organization","@id":"https:\/\/ruishengglassco.com\/#organization","name":"Shandong Yuncheng Ruisheng Glass Co., Ltd","url":"https:\/\/ruishengglassco.com\/","logo":{"@type":"ImageObject","inLanguage":"tr","@id":"https:\/\/ruishengglassco.com\/#\/schema\/logo\/image\/","url":"https:\/\/ruishengglassco.com\/wp-content\/uploads\/2023\/09\/ruisheng_logo_icon.webp","contentUrl":"https:\/\/ruishengglassco.com\/wp-content\/uploads\/2023\/09\/ruisheng_logo_icon.webp","width":400,"height":233,"caption":"Shandong Yuncheng Ruisheng Glass Co., Ltd"},"image":{"@id":"https:\/\/ruishengglassco.com\/#\/schema\/logo\/image\/"},"sameAs":["https:\/\/www.facebook.com\/ruishengglassbottles","https:\/\/www.instagram.com\/Ruishengglassbottlewholesales\/","https:\/\/www.youtube.com\/channel\/UCMmbMNGwsL-XrtjfSFLCdVQ"]}]}},"_links":{"self":[{"href":"https:\/\/ruishengglassco.com\/tr\/wp-json\/wp\/v2\/product\/4190","targetHints":{"allow":["GET"]}}],"collection":[{"href":"https:\/\/ruishengglassco.com\/tr\/wp-json\/wp\/v2\/product"}],"about":[{"href":"https:\/\/ruishengglassco.com\/tr\/wp-json\/wp\/v2\/types\/product"}],"replies":[{"embeddable":true,"href":"https:\/\/ruishengglassco.com\/tr\/wp-json\/wp\/v2\/comments?post=4190"}],"wp:featuredmedia":[{"embeddable":true,"href":"https:\/\/ruishengglassco.com\/tr\/wp-json\/wp\/v2\/media\/4191"}],"wp:attachment":[{"href":"https:\/\/ruishengglassco.com\/tr\/wp-json\/wp\/v2\/media?parent=4190"}],"wp:term":[{"taxonomy":"product_cat","embeddable":true,"href":"https:\/\/ruishengglassco.com\/tr\/wp-json\/wp\/v2\/product_cat?post=4190"}],"curies":[{"name":"wp","href":"https:\/\/api.w.org\/{rel}","templated":true}]}}