{"id":4188,"date":"2025-03-15T09:17:55","date_gmt":"2025-03-15T01:17:55","guid":{"rendered":"https:\/\/ruishengglassco.com\/?post_type=product&#038;p=4188"},"modified":"2025-07-17T13:50:13","modified_gmt":"2025-07-17T05:50:13","slug":"rs102buy-bulk-mini-likor-siseleri","status":"publish","type":"product","link":"https:\/\/ruishengglassco.com\/tr\/urun\/rs102buy-bulk-mini-likor-siseleri","title":{"rendered":"RS102:Toplu Mini Lik\u00f6r \u015ei\u015feleri Sat\u0131n Al\u0131n"},"content":{"rendered":"<p>Toplu mini cam sat\u0131n almak ister misiniz <span class=\"wrapper\">bott<\/span>les fo<span class=\"wrapper\">r li<\/span>g\u00fcvenilir bir \u00c7in liq'undan quor<span class=\"wrapper\">uor<\/span>\u015fi\u015fe \u00fcreticisi? Ruisheng Glass Ltd.<span class=\"wrapper\">ne<\/span>\u00c7in'deki en b\u00fcy\u00fck lik\u00f6r \u015fi\u015fesi \u00fcreticisidir. Fabrikam\u0131z a\u011f\u0131rl\u0131kl\u0131 olarak \u00fcst s\u0131n\u0131f ve orta s\u0131n\u0131f ispirto cam \u015fi\u015feleri \u00fcretmektedir. Buna kristal berrakl\u0131\u011f\u0131nda cam \u015fi\u015feler ve y\u00fcksek kaliteli beyaz cam \u015fi\u015feler dahildir.<\/p>\n<p>Bu \u015feffaf yuvarlak cam \u015fi\u015fe toptan<span class=\"wrapper\">e o<\/span>ana ciltlerinden biri olan <span class=\"wrapper\">fakt\u00f6r\u00fcm\u00fczde cam \u015fi\u015feler<\/span>y. \u00c7e\u015fitli bo\u015f cam \u015fi\u015feler sunuyoruz. Silindir, kare, plaka veya \u00f6zel \u015fekiller aras\u0131ndan se\u00e7im yapabilirsiniz. Ve biz yapabiliriz <span class=\"wrapper\">yapmak<\/span> farkl\u0131 hacimli lik\u00f6r glas<span class=\"wrapper\">s bott<\/span>100ml, 125ml, 250ml, 375ml ve 500ml gibi les. 700ml, 750ml, 1000ml, 1750ml, 3000ml ve di\u011fer \u00f6zel hacimli cam \u015fi\u015feler.<\/p>\n<h2>Toplu Mini Lik\u00f6r \u015ei\u015feleri Sat\u0131n Al Hakk\u0131nda Bilgi<\/h2>\n<ul>\n<li>Kapasite: 50ml<\/li>\n<li>\u015eekil: Yuvarlak<\/li>\n<li>Geni\u015flik: 80mm<\/li>\n<li>Uzunluk: 190mm<\/li>\n<li>T\u0131pa: Vidal\u0131 \u00dcst<\/li>\n<li>Renk: A\u00e7\u0131k, \u015eeffaf<\/li>\n<li>Hizmet OEM\/ODM<\/li>\n<\/ul>\n<p>\u015eeffaf yuvarlak cam \u015fi\u015feleri toptan paketlemenin \u00fc\u00e7 yolu vard\u0131r ve cam \u015fi\u015feleri m\u00fc\u015fterinin talebine g\u00f6re de paketleyebiliriz.<\/p>\n<p>Cam \u015fi\u015felerin ilk paketleme \u015fekli karton ambalajd\u0131r. Karton standart bir ihracat kartonudur. \u00d6zel ambalaj kutunuzu yapmak istiyorsan\u0131z, bunu sizin i\u00e7in de yapabiliriz.<\/p>\n<p>Cam ispirto \u015fi\u015felerinin ikinci paketleme \u015fekli paletli paketlemedir. Palet f\u00fcmigasyonsuzdur. Ve palet boyutu 100 x 120 cm'dir.<\/p>\n<p>\u00dc\u00e7\u00fcnc\u00fc paketleme yolu karton ve palet paketlemedir. Karton standart bir ihracat kartonu veya \u00f6zel renkli kutudur ve palet f\u00fcmigasyonsuzdur.<\/p>\n<p>Bu \u015feffaf cam \u015fi\u015feden memnun kald\u0131ysan\u0131z, l\u00fctfen zaman\u0131nda benimle ileti\u015fime ge\u00e7in. E\u011fer be\u011fenmediyseniz, di\u011fer \u015fi\u015felerimize bakabilirsiniz. Ya da size katalo\u011fu verece\u011fim ve be\u011fendi\u011finizi se\u00e7ebilirsiniz. Hermetik alkol \u015fi\u015felerimizle ilgileniyorsan\u0131z, l\u00fctfen bizimle ileti\u015fime ge\u00e7in. Size 24 saat i\u00e7inde cevap verece\u011fiz.<\/p>","protected":false},"excerpt":{"rendered":"<div class=\"col col-sm-6 col-xs-12\">\n<div id=\"slider-4582-product-image-carosel\" class=\"rt-carousel carousel-holder clearfix product-image-carosel rt-image-carousel\" data-item-width=\"1\" data-nav=\"true\" data-dots=\"false\" data-margin=\"15\" data-autoplay=\"true\" data-timeout=\"7500\" data-loop=\"false\" data-tablet-item-width=\"\" data-mobile-item-width=\"1\">\n<div class=\"owl-carousel owl-loaded owl-drag\">\n<div class=\"owl-nav\">\n<div class=\"owl-next disabled\">\u00dcst S\u0131n\u0131f 50ml \u015feffaf cam \u015fi\u015feler, fabrikam\u0131zdaki ana hacimli cam \u015fi\u015felerden biridir. \u00c7e\u015fitli \u015fekillerde bo\u015f cam \u015fi\u015feler sunuyoruz. Buna silindir, kare ve plaka cam \u015fi\u015feler dahildir. Ayr\u0131ca \u00f6zel \u015fekilli cam \u015fi\u015feler de sa\u011fl\u0131yoruz. 100ml, 125ml, 250ml, 375ml ve 500ml dahil olmak \u00fczere \u00e7e\u015fitli hacimlerde lik\u00f6r cam \u015fi\u015feleri \u00fcretebiliriz. 700ml, 750ml, 1000ml, 1750ml, 3000ml ve di\u011fer \u00f6zel hacimli cam \u015fi\u015feler.<\/div>\n<\/div>\n<\/div>\n<\/div>\n<\/div>","protected":false},"featured_media":4189,"comment_status":"closed","ping_status":"closed","template":"","meta":[],"product_cat":[48],"class_list":{"0":"post-4188","1":"product","2":"type-product","3":"status-publish","4":"has-post-thumbnail","6":"product_cat-50ml-mini-liquor-bottle-manufacturer","8":"first","9":"instock","10":"shipping-taxable","11":"product-type-simple"},"yoast_head":"<!-- This site is optimized with the Yoast SEO plugin v22.0 - https:\/\/yoast.com\/wordpress\/plugins\/seo\/ -->\n<title>Buy Bulk Mini Liquor Bottles | Clear Round Glass Bottle Wholesale<\/title>\n<meta name=\"description\" content=\"Buy Bulk Mini Liquor Bottles Bulk From China Spirit Bottle Manufacturer. Factory Outlet&amp;Cheap Clear Round Glass Bottle Wholesale. Get Quote Now.\" \/>\n<meta name=\"robots\" content=\"index, follow, max-snippet:-1, max-image-preview:large, max-video-preview:-1\" \/>\n<link rel=\"canonical\" href=\"https:\/\/ruishengglassco.com\/tr\/urun\/rs102buy-bulk-mini-likor-siseleri\" \/>\n<meta property=\"og:locale\" content=\"tr_TR\" \/>\n<meta property=\"og:type\" content=\"article\" \/>\n<meta property=\"og:title\" content=\"Buy Bulk Mini Liquor Bottles | Clear Round Glass Bottle Wholesale\" \/>\n<meta property=\"og:description\" content=\"Buy Bulk Mini Liquor Bottles Bulk From China Spirit Bottle Manufacturer. Factory Outlet&amp;Cheap Clear Round Glass Bottle Wholesale. Get Quote Now.\" \/>\n<meta property=\"og:url\" content=\"https:\/\/ruishengglassco.com\/tr\/urun\/rs102buy-bulk-mini-likor-siseleri\" \/>\n<meta property=\"article:publisher\" content=\"https:\/\/www.facebook.com\/ruishengglassbottles\" \/>\n<meta property=\"article:modified_time\" content=\"2025-07-17T05:50:13+00:00\" \/>\n<meta property=\"og:image\" content=\"https:\/\/ruishengglassco.com\/wp-content\/uploads\/2025\/03\/RS102-Buy-Bulk-Mini-Liquor-Bottles.webp\" \/>\n\t<meta property=\"og:image:width\" content=\"640\" \/>\n\t<meta property=\"og:image:height\" content=\"640\" \/>\n\t<meta property=\"og:image:type\" content=\"image\/webp\" \/>\n<meta name=\"twitter:card\" content=\"summary_large_image\" \/>\n<meta name=\"twitter:label1\" content=\"Tahmini okuma s\u00fcresi\" \/>\n\t<meta name=\"twitter:data1\" content=\"2 dakika\" \/>\n<script type=\"application\/ld+json\" class=\"yoast-schema-graph\">{\"@context\":\"https:\/\/schema.org\",\"@graph\":[{\"@type\":\"WebPage\",\"@id\":\"https:\/\/ruishengglassco.com\/product\/rs102buy-bulk-mini-liquor-bottles\",\"url\":\"https:\/\/ruishengglassco.com\/product\/rs102buy-bulk-mini-liquor-bottles\",\"name\":\"Buy Bulk Mini Liquor Bottles | Clear Round Glass Bottle Wholesale\",\"isPartOf\":{\"@id\":\"https:\/\/ruishengglassco.com\/#website\"},\"datePublished\":\"2025-03-15T01:17:55+00:00\",\"dateModified\":\"2025-07-17T05:50:13+00:00\",\"description\":\"Buy Bulk Mini Liquor Bottles Bulk From China Spirit Bottle Manufacturer. Factory Outlet&Cheap Clear Round Glass Bottle Wholesale. Get Quote Now.\",\"breadcrumb\":{\"@id\":\"https:\/\/ruishengglassco.com\/product\/rs102buy-bulk-mini-liquor-bottles#breadcrumb\"},\"inLanguage\":\"tr\",\"potentialAction\":[{\"@type\":\"ReadAction\",\"target\":[\"https:\/\/ruishengglassco.com\/product\/rs102buy-bulk-mini-liquor-bottles\"]}]},{\"@type\":\"BreadcrumbList\",\"@id\":\"https:\/\/ruishengglassco.com\/product\/rs102buy-bulk-mini-liquor-bottles#breadcrumb\",\"itemListElement\":[{\"@type\":\"ListItem\",\"position\":1,\"name\":\"Home\",\"item\":\"https:\/\/ruishengglassco.com\/\"},{\"@type\":\"ListItem\",\"position\":2,\"name\":\"Products\",\"item\":\"https:\/\/ruishengglassco.com\/products\"},{\"@type\":\"ListItem\",\"position\":3,\"name\":\"RS102:Buy Bulk Mini Liquor Bottles\"}]},{\"@type\":\"WebSite\",\"@id\":\"https:\/\/ruishengglassco.com\/#website\",\"url\":\"https:\/\/ruishengglassco.com\/\",\"name\":\"Ruisheng Glass\",\"description\":\"\",\"publisher\":{\"@id\":\"https:\/\/ruishengglassco.com\/#organization\"},\"potentialAction\":[{\"@type\":\"SearchAction\",\"target\":{\"@type\":\"EntryPoint\",\"urlTemplate\":\"https:\/\/ruishengglassco.com\/?s={search_term_string}\"},\"query-input\":\"required name=search_term_string\"}],\"inLanguage\":\"tr\"},{\"@type\":\"Organization\",\"@id\":\"https:\/\/ruishengglassco.com\/#organization\",\"name\":\"Shandong Yuncheng Ruisheng Glass Co., Ltd\",\"url\":\"https:\/\/ruishengglassco.com\/\",\"logo\":{\"@type\":\"ImageObject\",\"inLanguage\":\"tr\",\"@id\":\"https:\/\/ruishengglassco.com\/#\/schema\/logo\/image\/\",\"url\":\"https:\/\/ruishengglassco.com\/wp-content\/uploads\/2023\/09\/ruisheng_logo_icon.webp\",\"contentUrl\":\"https:\/\/ruishengglassco.com\/wp-content\/uploads\/2023\/09\/ruisheng_logo_icon.webp\",\"width\":400,\"height\":233,\"caption\":\"Shandong Yuncheng Ruisheng Glass Co., Ltd\"},\"image\":{\"@id\":\"https:\/\/ruishengglassco.com\/#\/schema\/logo\/image\/\"},\"sameAs\":[\"https:\/\/www.facebook.com\/ruishengglassbottles\",\"https:\/\/www.instagram.com\/Ruishengglassbottlewholesales\/\",\"https:\/\/www.youtube.com\/channel\/UCMmbMNGwsL-XrtjfSFLCdVQ\"]}]}<\/script>\n<!-- \/ Yoast SEO plugin. -->","yoast_head_json":{"title":"Buy Bulk Mini Liquor Bottles | Clear Round Glass Bottle Wholesale","description":"Buy Bulk Mini Liquor Bottles Bulk From China Spirit Bottle Manufacturer. Factory Outlet&Cheap Clear Round Glass Bottle Wholesale. Get Quote Now.","robots":{"index":"index","follow":"follow","max-snippet":"max-snippet:-1","max-image-preview":"max-image-preview:large","max-video-preview":"max-video-preview:-1"},"canonical":"https:\/\/ruishengglassco.com\/tr\/urun\/rs102buy-bulk-mini-likor-siseleri","og_locale":"tr_TR","og_type":"article","og_title":"Buy Bulk Mini Liquor Bottles | Clear Round Glass Bottle Wholesale","og_description":"Buy Bulk Mini Liquor Bottles Bulk From China Spirit Bottle Manufacturer. Factory Outlet&Cheap Clear Round Glass Bottle Wholesale. Get Quote Now.","og_url":"https:\/\/ruishengglassco.com\/tr\/urun\/rs102buy-bulk-mini-likor-siseleri","article_publisher":"https:\/\/www.facebook.com\/ruishengglassbottles","article_modified_time":"2025-07-17T05:50:13+00:00","og_image":[{"width":640,"height":640,"url":"https:\/\/ruishengglassco.com\/wp-content\/uploads\/2025\/03\/RS102-Buy-Bulk-Mini-Liquor-Bottles.webp","type":"image\/webp"}],"twitter_card":"summary_large_image","twitter_misc":{"Tahmini okuma s\u00fcresi":"2 dakika"},"schema":{"@context":"https:\/\/schema.org","@graph":[{"@type":"WebPage","@id":"https:\/\/ruishengglassco.com\/product\/rs102buy-bulk-mini-liquor-bottles","url":"https:\/\/ruishengglassco.com\/product\/rs102buy-bulk-mini-liquor-bottles","name":"Buy Bulk Mini Liquor Bottles | Clear Round Glass Bottle Wholesale","isPartOf":{"@id":"https:\/\/ruishengglassco.com\/#website"},"datePublished":"2025-03-15T01:17:55+00:00","dateModified":"2025-07-17T05:50:13+00:00","description":"Buy Bulk Mini Liquor Bottles Bulk From China Spirit Bottle Manufacturer. Factory Outlet&Cheap Clear Round Glass Bottle Wholesale. Get Quote Now.","breadcrumb":{"@id":"https:\/\/ruishengglassco.com\/product\/rs102buy-bulk-mini-liquor-bottles#breadcrumb"},"inLanguage":"tr","potentialAction":[{"@type":"ReadAction","target":["https:\/\/ruishengglassco.com\/product\/rs102buy-bulk-mini-liquor-bottles"]}]},{"@type":"BreadcrumbList","@id":"https:\/\/ruishengglassco.com\/product\/rs102buy-bulk-mini-liquor-bottles#breadcrumb","itemListElement":[{"@type":"ListItem","position":1,"name":"Home","item":"https:\/\/ruishengglassco.com\/"},{"@type":"ListItem","position":2,"name":"Products","item":"https:\/\/ruishengglassco.com\/products"},{"@type":"ListItem","position":3,"name":"RS102:Buy Bulk Mini Liquor Bottles"}]},{"@type":"WebSite","@id":"https:\/\/ruishengglassco.com\/#website","url":"https:\/\/ruishengglassco.com\/","name":"Ruisheng Glass","description":"","publisher":{"@id":"https:\/\/ruishengglassco.com\/#organization"},"potentialAction":[{"@type":"SearchAction","target":{"@type":"EntryPoint","urlTemplate":"https:\/\/ruishengglassco.com\/?s={search_term_string}"},"query-input":"required name=search_term_string"}],"inLanguage":"tr"},{"@type":"Organization","@id":"https:\/\/ruishengglassco.com\/#organization","name":"Shandong Yuncheng Ruisheng Glass Co., Ltd","url":"https:\/\/ruishengglassco.com\/","logo":{"@type":"ImageObject","inLanguage":"tr","@id":"https:\/\/ruishengglassco.com\/#\/schema\/logo\/image\/","url":"https:\/\/ruishengglassco.com\/wp-content\/uploads\/2023\/09\/ruisheng_logo_icon.webp","contentUrl":"https:\/\/ruishengglassco.com\/wp-content\/uploads\/2023\/09\/ruisheng_logo_icon.webp","width":400,"height":233,"caption":"Shandong Yuncheng Ruisheng Glass Co., Ltd"},"image":{"@id":"https:\/\/ruishengglassco.com\/#\/schema\/logo\/image\/"},"sameAs":["https:\/\/www.facebook.com\/ruishengglassbottles","https:\/\/www.instagram.com\/Ruishengglassbottlewholesales\/","https:\/\/www.youtube.com\/channel\/UCMmbMNGwsL-XrtjfSFLCdVQ"]}]}},"_links":{"self":[{"href":"https:\/\/ruishengglassco.com\/tr\/wp-json\/wp\/v2\/product\/4188","targetHints":{"allow":["GET"]}}],"collection":[{"href":"https:\/\/ruishengglassco.com\/tr\/wp-json\/wp\/v2\/product"}],"about":[{"href":"https:\/\/ruishengglassco.com\/tr\/wp-json\/wp\/v2\/types\/product"}],"replies":[{"embeddable":true,"href":"https:\/\/ruishengglassco.com\/tr\/wp-json\/wp\/v2\/comments?post=4188"}],"wp:featuredmedia":[{"embeddable":true,"href":"https:\/\/ruishengglassco.com\/tr\/wp-json\/wp\/v2\/media\/4189"}],"wp:attachment":[{"href":"https:\/\/ruishengglassco.com\/tr\/wp-json\/wp\/v2\/media?parent=4188"}],"wp:term":[{"taxonomy":"product_cat","embeddable":true,"href":"https:\/\/ruishengglassco.com\/tr\/wp-json\/wp\/v2\/product_cat?post=4188"}],"curies":[{"name":"wp","href":"https:\/\/api.w.org\/{rel}","templated":true}]}}