{"id":4183,"date":"2025-03-15T00:30:26","date_gmt":"2025-03-14T16:30:26","guid":{"rendered":"https:\/\/ruishengglassco.com\/?post_type=product&#038;p=4183"},"modified":"2025-09-11T16:51:37","modified_gmt":"2025-09-11T08:51:37","slug":"rs104-toptan-mantarli-dokme-cam-likor-siseleri","status":"publish","type":"product","link":"https:\/\/ruishengglassco.com\/tr\/urun\/rs104-toptan-mantarli-dokme-cam-likor-siseleri","title":{"rendered":"RS104: Mantar \u00dcreticileri ile D\u00f6kme Cam Lik\u00f6r \u015ei\u015feleri"},"content":{"rendered":"<p>Bu mantarl\u0131 d\u00f6kme cam \u015fi\u015fe serisi, s\u0131cak sat\u0131\u015f \u00fcr\u00fcnlerimizden biridir. Bu \u015feffaf yuvarlak lik\u00f6r \u015fi\u015fesinin malzemesi son derece beyaz kristaldir. \u015eeffaf cam lik\u00f6r \u015fi\u015feleri, m\u00fc\u015fterilerin lik\u00f6r\u00fcn\u00fcz\u00fcn kalitesini g\u00f6rmesini sa\u011flar. Bu daha fazla al\u0131c\u0131 \u00e7ekebilir.<\/p>\n<p>Firmam\u0131z y\u00fcksek kaliteli cam \u015fi\u015fe \u00fcretiminde iyidir, bu nedenle y\u00fcksek kaliteli cam \u015fi\u015feler \u00fcretebilece\u011fimizi garanti ediyoruz. Bu \u015fi\u015fenin tasar\u0131m\u0131n\u0131 be\u011fendiyseniz, ancak kapasitesinden memnun de\u011filseniz, kapasiteyi de\u011fi\u015ftirebiliriz.<\/p>\n<p>A\u011f\u0131rl\u0131kl\u0131 olarak mantarl\u0131 y\u00fcksek kaliteli cam \u015fi\u015feler sunuyoruz. \u00dcr\u00fcnlerimiz aras\u0131nda votka, brendi, viski ve lik\u00f6r \u015fi\u015felerinin yan\u0131 s\u0131ra re\u00e7el \u015fi\u015feleri ve daha fazlas\u0131 bulunmaktad\u0131r. Ayr\u0131ca amber cam \u015fi\u015feler, ye\u015fil \u015fi\u015feler ve su \u015fi\u015feleri de sunabiliriz. Ana pazarlar\u0131m\u0131z Avrupa, ABD, Avustralya vb. Ve t\u00fcm \u00fcr\u00fcnler yenilik ve i\u015flevsellik a\u00e7\u0131s\u0131ndan y\u00fcksek bir \u00fcne sahiptir.<\/p>\n<p>750ml bo\u015f cam \u015fi\u015felerimiz i\u00e7in malzemeleri \u00f6zenle se\u00e7iyoruz. Bu malzemeleri men\u015fe \u00fclkelerinden temin ediyoruz. Daha sonra, bunlar\u0131 cam \u015fi\u015felere d\u00f6n\u00fc\u015ft\u00fcrmek i\u00e7in geli\u015fmi\u015f makineler kullan\u0131yoruz.<\/p>\n<h2>Mantarl\u0131 D\u00f6kme Cam \u015ei\u015feler Hakk\u0131nda Bilgi<\/h2>\n<ul>\n<li>Ana malzeme: kristal beyaz malzeme son derece beyaz malzeme<\/li>\n<li>Kapak: Mantar<\/li>\n<li>Referans: RS104<\/li>\n<li>ADEDI: 10000 ADET<\/li>\n<li>Kapasite: 750ml<\/li>\n<li>Adet\/Ctn: 24 adet<\/li>\n<li>Yerin k\u00f6keni: Shandong, \u00c7in<\/li>\n<li>\u00d6zellik: \u00c7evre dostu<\/li>\n<\/ul>\n<p>Bu \u015fi\u015fe stoklar\u0131m\u0131zda mevcuttur ve sipari\u015finizi verdi\u011finiz takdirde \u00e7ok yak\u0131nda elinize ula\u015fmas\u0131n\u0131 bekleyebilirsiniz. Logonuzu da bu \u015fi\u015fenin \u00fczerine yap\u0131\u015ft\u0131rabiliriz. Bu \u015fi\u015feyi bask\u0131, buzlanma, boyama ve di\u011ferleri gibi \u00e7e\u015fitli \u015fekillerde i\u015fleyebiliriz. D\u00fcnyan\u0131n her yerinden arkada\u015flar\u0131m\u0131z\u0131 bizi ziyaret etmeye bekliyoruz! Sizin i\u00e7in bir resepsiyon d\u00fczenleyece\u011fiz.<\/p>\n<p>Bu e\u015fsiz cam \u015fi\u015fenin de\u011fi\u015ftirebilece\u011fimiz kapaklar\u0131 var; a\u011fz\u0131n\u0131 ba\u015fka bir \u015feye d\u00f6n\u00fc\u015ft\u00fcrebiliriz.<\/p>\n<p>\u00dczerine desen i\u015flemek isterseniz bunu yapabiliriz; istedi\u011finiz deseni olu\u015fturabiliriz.<\/p>\n<p>Bu yuvarlak, \u015feffaf lik\u00f6r \u015fi\u015fesinden memnun kal\u0131rsan\u0131z, l\u00fctfen zaman\u0131nda benimle ileti\u015fime ge\u00e7in. E\u011fer be\u011fenmezseniz, di\u011fer \u015fi\u015felerimize bakabilirsiniz. Ya da size katalo\u011fu verece\u011fim ve be\u011fendi\u011finizi se\u00e7ebilirsiniz. Mantarl\u0131 d\u00f6kme cam \u015fi\u015felerle ilgileniyorsan\u0131z, l\u00fctfen bizimle ileti\u015fime ge\u00e7in. Size 24 saat i\u00e7inde cevap verece\u011fiz.<\/p>","protected":false},"excerpt":{"rendered":"<p>Biz profesyonel bir cam \u015fi\u015fe \u00fcreticisi ve 10 y\u0131l\u0131 a\u015fk\u0131n \u00fcretim tecr\u00fcbesi ile fabrika bulunmaktad\u0131r. Mantarl\u0131 d\u00f6kme cam \u015fi\u015feler sat\u0131yoruz. Ana \u00fcr\u00fcn\u00fcm\u00fcz y\u00fcksek kaliteli lik\u00f6r \u015fi\u015feleridir. Lik\u00f6r \u015fi\u015felerimiz viski, votka, brendi, XO ve tekila ambalajlamak i\u00e7in uygundur.<\/p>\n<p>Bu yuvarlak cam \u015fi\u015fe toptan sat\u0131\u015f serisi, ABD, \u0130ngiltere, Kanada, Rusya, \u0130talya, Almanya vb. \u00fclkelere ihra\u00e7 edilen en pop\u00fcler \u00fcr\u00fcnlerden biridir.<\/p>\n<p>Toptan yuvarlak cam \u015fi\u015fe fiyatlar\u0131 ile ilgileniyorsan\u0131z, l\u00fctfen bizimle ileti\u015fime ge\u00e7mekten \u00e7ekinmeyin.<\/p>","protected":false},"featured_media":4184,"comment_status":"closed","ping_status":"closed","template":"","meta":[],"product_cat":[40],"class_list":{"0":"post-4183","1":"product","2":"type-product","3":"status-publish","4":"has-post-thumbnail","6":"product_cat-750ml-liquor-bottle-manufacturer","8":"first","9":"instock","10":"shipping-taxable","11":"product-type-simple"},"yoast_head":"<!-- This site is optimized with the Yoast SEO plugin v22.0 - https:\/\/yoast.com\/wordpress\/plugins\/seo\/ -->\n<title>Bulk Glass Bottles With Corks | Round Clear Liquor Bottle Supplier<\/title>\n<meta name=\"description\" content=\"Are you searching for to buy round clear liquor bottles? Click here to bulk glass bottles with corks for liquor. Factory outlet&amp;Quality Assurance.\" \/>\n<meta name=\"robots\" content=\"index, follow, max-snippet:-1, max-image-preview:large, max-video-preview:-1\" \/>\n<link rel=\"canonical\" href=\"https:\/\/ruishengglassco.com\/tr\/urun\/rs104-toptan-mantarli-dokme-cam-likor-siseleri\" \/>\n<meta property=\"og:locale\" content=\"tr_TR\" \/>\n<meta property=\"og:type\" content=\"article\" \/>\n<meta property=\"og:title\" content=\"Bulk Glass Bottles With Corks | Round Clear Liquor Bottle Supplier\" \/>\n<meta property=\"og:description\" content=\"Are you searching for to buy round clear liquor bottles? Click here to bulk glass bottles with corks for liquor. Factory outlet&amp;Quality Assurance.\" \/>\n<meta property=\"og:url\" content=\"https:\/\/ruishengglassco.com\/tr\/urun\/rs104-toptan-mantarli-dokme-cam-likor-siseleri\" \/>\n<meta property=\"article:publisher\" content=\"https:\/\/www.facebook.com\/ruishengglassbottles\" \/>\n<meta property=\"article:modified_time\" content=\"2025-09-11T08:51:37+00:00\" \/>\n<meta property=\"og:image\" content=\"https:\/\/ruishengglassco.com\/wp-content\/uploads\/2025\/03\/RS104-Bulk-Glass-Liquor-Bottles-With-Corks-Wholesale.webp\" \/>\n\t<meta property=\"og:image:width\" content=\"800\" \/>\n\t<meta property=\"og:image:height\" content=\"800\" \/>\n\t<meta property=\"og:image:type\" content=\"image\/webp\" \/>\n<meta name=\"twitter:card\" content=\"summary_large_image\" \/>\n<meta name=\"twitter:label1\" content=\"Tahmini okuma s\u00fcresi\" \/>\n\t<meta name=\"twitter:data1\" content=\"2 dakika\" \/>\n<script type=\"application\/ld+json\" class=\"yoast-schema-graph\">{\"@context\":\"https:\/\/schema.org\",\"@graph\":[{\"@type\":\"WebPage\",\"@id\":\"https:\/\/ruishengglassco.com\/product\/rs104-bulk-glass-liquor-bottles-with-corks-wholesale\",\"url\":\"https:\/\/ruishengglassco.com\/product\/rs104-bulk-glass-liquor-bottles-with-corks-wholesale\",\"name\":\"Bulk Glass Bottles With Corks | Round Clear Liquor Bottle Supplier\",\"isPartOf\":{\"@id\":\"https:\/\/ruishengglassco.com\/#website\"},\"datePublished\":\"2025-03-14T16:30:26+00:00\",\"dateModified\":\"2025-09-11T08:51:37+00:00\",\"description\":\"Are you searching for to buy round clear liquor bottles? Click here to bulk glass bottles with corks for liquor. Factory outlet&Quality Assurance.\",\"breadcrumb\":{\"@id\":\"https:\/\/ruishengglassco.com\/product\/rs104-bulk-glass-liquor-bottles-with-corks-wholesale#breadcrumb\"},\"inLanguage\":\"tr\",\"potentialAction\":[{\"@type\":\"ReadAction\",\"target\":[\"https:\/\/ruishengglassco.com\/product\/rs104-bulk-glass-liquor-bottles-with-corks-wholesale\"]}]},{\"@type\":\"BreadcrumbList\",\"@id\":\"https:\/\/ruishengglassco.com\/product\/rs104-bulk-glass-liquor-bottles-with-corks-wholesale#breadcrumb\",\"itemListElement\":[{\"@type\":\"ListItem\",\"position\":1,\"name\":\"Home\",\"item\":\"https:\/\/ruishengglassco.com\/\"},{\"@type\":\"ListItem\",\"position\":2,\"name\":\"Products\",\"item\":\"https:\/\/ruishengglassco.com\/products\"},{\"@type\":\"ListItem\",\"position\":3,\"name\":\"RS104: Bulk Glass Liquor Bottles With Corks Manufacturers\"}]},{\"@type\":\"WebSite\",\"@id\":\"https:\/\/ruishengglassco.com\/#website\",\"url\":\"https:\/\/ruishengglassco.com\/\",\"name\":\"Ruisheng Glass\",\"description\":\"\",\"publisher\":{\"@id\":\"https:\/\/ruishengglassco.com\/#organization\"},\"potentialAction\":[{\"@type\":\"SearchAction\",\"target\":{\"@type\":\"EntryPoint\",\"urlTemplate\":\"https:\/\/ruishengglassco.com\/?s={search_term_string}\"},\"query-input\":\"required name=search_term_string\"}],\"inLanguage\":\"tr\"},{\"@type\":\"Organization\",\"@id\":\"https:\/\/ruishengglassco.com\/#organization\",\"name\":\"Shandong Yuncheng Ruisheng Glass Co., Ltd\",\"url\":\"https:\/\/ruishengglassco.com\/\",\"logo\":{\"@type\":\"ImageObject\",\"inLanguage\":\"tr\",\"@id\":\"https:\/\/ruishengglassco.com\/#\/schema\/logo\/image\/\",\"url\":\"https:\/\/ruishengglassco.com\/wp-content\/uploads\/2023\/09\/ruisheng_logo_icon.webp\",\"contentUrl\":\"https:\/\/ruishengglassco.com\/wp-content\/uploads\/2023\/09\/ruisheng_logo_icon.webp\",\"width\":400,\"height\":233,\"caption\":\"Shandong Yuncheng Ruisheng Glass Co., Ltd\"},\"image\":{\"@id\":\"https:\/\/ruishengglassco.com\/#\/schema\/logo\/image\/\"},\"sameAs\":[\"https:\/\/www.facebook.com\/ruishengglassbottles\",\"https:\/\/www.instagram.com\/Ruishengglassbottlewholesales\/\",\"https:\/\/www.youtube.com\/channel\/UCMmbMNGwsL-XrtjfSFLCdVQ\"]}]}<\/script>\n<!-- \/ Yoast SEO plugin. -->","yoast_head_json":{"title":"Bulk Glass Bottles With Corks | Round Clear Liquor Bottle Supplier","description":"Are you searching for to buy round clear liquor bottles? Click here to bulk glass bottles with corks for liquor. Factory outlet&Quality Assurance.","robots":{"index":"index","follow":"follow","max-snippet":"max-snippet:-1","max-image-preview":"max-image-preview:large","max-video-preview":"max-video-preview:-1"},"canonical":"https:\/\/ruishengglassco.com\/tr\/urun\/rs104-toptan-mantarli-dokme-cam-likor-siseleri","og_locale":"tr_TR","og_type":"article","og_title":"Bulk Glass Bottles With Corks | Round Clear Liquor Bottle Supplier","og_description":"Are you searching for to buy round clear liquor bottles? Click here to bulk glass bottles with corks for liquor. Factory outlet&Quality Assurance.","og_url":"https:\/\/ruishengglassco.com\/tr\/urun\/rs104-toptan-mantarli-dokme-cam-likor-siseleri","article_publisher":"https:\/\/www.facebook.com\/ruishengglassbottles","article_modified_time":"2025-09-11T08:51:37+00:00","og_image":[{"width":800,"height":800,"url":"https:\/\/ruishengglassco.com\/wp-content\/uploads\/2025\/03\/RS104-Bulk-Glass-Liquor-Bottles-With-Corks-Wholesale.webp","type":"image\/webp"}],"twitter_card":"summary_large_image","twitter_misc":{"Tahmini okuma s\u00fcresi":"2 dakika"},"schema":{"@context":"https:\/\/schema.org","@graph":[{"@type":"WebPage","@id":"https:\/\/ruishengglassco.com\/product\/rs104-bulk-glass-liquor-bottles-with-corks-wholesale","url":"https:\/\/ruishengglassco.com\/product\/rs104-bulk-glass-liquor-bottles-with-corks-wholesale","name":"Bulk Glass Bottles With Corks | Round Clear Liquor Bottle Supplier","isPartOf":{"@id":"https:\/\/ruishengglassco.com\/#website"},"datePublished":"2025-03-14T16:30:26+00:00","dateModified":"2025-09-11T08:51:37+00:00","description":"Are you searching for to buy round clear liquor bottles? Click here to bulk glass bottles with corks for liquor. Factory outlet&Quality Assurance.","breadcrumb":{"@id":"https:\/\/ruishengglassco.com\/product\/rs104-bulk-glass-liquor-bottles-with-corks-wholesale#breadcrumb"},"inLanguage":"tr","potentialAction":[{"@type":"ReadAction","target":["https:\/\/ruishengglassco.com\/product\/rs104-bulk-glass-liquor-bottles-with-corks-wholesale"]}]},{"@type":"BreadcrumbList","@id":"https:\/\/ruishengglassco.com\/product\/rs104-bulk-glass-liquor-bottles-with-corks-wholesale#breadcrumb","itemListElement":[{"@type":"ListItem","position":1,"name":"Home","item":"https:\/\/ruishengglassco.com\/"},{"@type":"ListItem","position":2,"name":"Products","item":"https:\/\/ruishengglassco.com\/products"},{"@type":"ListItem","position":3,"name":"RS104: Bulk Glass Liquor Bottles With Corks Manufacturers"}]},{"@type":"WebSite","@id":"https:\/\/ruishengglassco.com\/#website","url":"https:\/\/ruishengglassco.com\/","name":"Ruisheng Glass","description":"","publisher":{"@id":"https:\/\/ruishengglassco.com\/#organization"},"potentialAction":[{"@type":"SearchAction","target":{"@type":"EntryPoint","urlTemplate":"https:\/\/ruishengglassco.com\/?s={search_term_string}"},"query-input":"required name=search_term_string"}],"inLanguage":"tr"},{"@type":"Organization","@id":"https:\/\/ruishengglassco.com\/#organization","name":"Shandong Yuncheng Ruisheng Glass Co., Ltd","url":"https:\/\/ruishengglassco.com\/","logo":{"@type":"ImageObject","inLanguage":"tr","@id":"https:\/\/ruishengglassco.com\/#\/schema\/logo\/image\/","url":"https:\/\/ruishengglassco.com\/wp-content\/uploads\/2023\/09\/ruisheng_logo_icon.webp","contentUrl":"https:\/\/ruishengglassco.com\/wp-content\/uploads\/2023\/09\/ruisheng_logo_icon.webp","width":400,"height":233,"caption":"Shandong Yuncheng Ruisheng Glass Co., Ltd"},"image":{"@id":"https:\/\/ruishengglassco.com\/#\/schema\/logo\/image\/"},"sameAs":["https:\/\/www.facebook.com\/ruishengglassbottles","https:\/\/www.instagram.com\/Ruishengglassbottlewholesales\/","https:\/\/www.youtube.com\/channel\/UCMmbMNGwsL-XrtjfSFLCdVQ"]}]}},"_links":{"self":[{"href":"https:\/\/ruishengglassco.com\/tr\/wp-json\/wp\/v2\/product\/4183","targetHints":{"allow":["GET"]}}],"collection":[{"href":"https:\/\/ruishengglassco.com\/tr\/wp-json\/wp\/v2\/product"}],"about":[{"href":"https:\/\/ruishengglassco.com\/tr\/wp-json\/wp\/v2\/types\/product"}],"replies":[{"embeddable":true,"href":"https:\/\/ruishengglassco.com\/tr\/wp-json\/wp\/v2\/comments?post=4183"}],"wp:featuredmedia":[{"embeddable":true,"href":"https:\/\/ruishengglassco.com\/tr\/wp-json\/wp\/v2\/media\/4184"}],"wp:attachment":[{"href":"https:\/\/ruishengglassco.com\/tr\/wp-json\/wp\/v2\/media?parent=4183"}],"wp:term":[{"taxonomy":"product_cat","embeddable":true,"href":"https:\/\/ruishengglassco.com\/tr\/wp-json\/wp\/v2\/product_cat?post=4183"}],"curies":[{"name":"wp","href":"https:\/\/api.w.org\/{rel}","templated":true}]}}