{"id":4179,"date":"2025-03-15T00:25:45","date_gmt":"2025-03-14T16:25:45","guid":{"rendered":"https:\/\/ruishengglassco.com\/?post_type=product&#038;p=4179"},"modified":"2025-09-11T16:00:58","modified_gmt":"2025-09-11T08:00:58","slug":"rs106-toptan-50ml-mantarli-likor-siseleri","status":"publish","type":"product","link":"https:\/\/ruishengglassco.com\/tr\/urun\/rs106-toptan-50ml-mantarli-likor-siseleri","title":{"rendered":"RS106: Mantarl\u0131 Toptan 50ml Lik\u00f6r \u015ei\u015feleri"},"content":{"rendered":"<p><span data-preserver-spaces=\"true\">Bunlar\u00a0<\/span><em><span data-preserver-spaces=\"true\">50ml lik\u00f6r \u015fi\u015feleri<\/span><\/em><span data-preserver-spaces=\"true\"> toptan mantarl\u0131 fabrikam\u0131zdaki 50ml cam \u015fi\u015felerden biridir. Bu 50 ml'lik mini cam \u015fi\u015fe kare \u015feklindedir. Bu \u015fi\u015feyi i\u00e7ecek, ya\u011f, parf\u00fcm veya di\u011fer s\u0131v\u0131lar gibi herhangi bir s\u0131v\u0131y\u0131 tutmak i\u00e7in kullanabilirsiniz.<\/span><\/p>\n<p><span data-preserver-spaces=\"true\">Bu 50 ml'lik mantarl\u0131 cam lik\u00f6r \u015fi\u015fesi <\/span><span data-preserver-spaces=\"true\">yap\u0131l\u0131r<\/span><span data-preserver-spaces=\"true\"> kristal beyaz cam olarak da bilinen y\u00fcksek kaliteli \u00e7akmakta\u015f\u0131 camdan \u00fcretilmi\u015ftir. Bu cam \u015fi\u015fe belirgin ve \u00e7ok sa\u011flamd\u0131r. Conta tipi vidal\u0131 kapakt\u0131r ve gerekirse de\u011fi\u015ftirebilirsiniz.<\/span><\/p>\n<p><span data-preserver-spaces=\"true\">K\u00fc\u00e7\u00fck cam \u015fi\u015feler \u00fczerine serigrafi bask\u0131 ve s\u0131cak damgalama bask\u0131 gibi bask\u0131 hizmetleri sa\u011flayabiliriz. Ayr\u0131ca y\u00fczeyi buzlayabiliriz.<\/span><\/p>\n<p><span data-preserver-spaces=\"true\">Sat\u0131l\u0131k bu bo\u015f i\u00e7ki \u015fi\u015felerinin boyutu 130x70 mm'dir ve bunlar\u0131 genellikle 30 adetlik kartonlar halinde paketliyoruz.<\/span><\/p>\n<h2><span data-preserver-spaces=\"true\">Bu Toptan Mantarl\u0131 50ml Lik\u00f6r \u015ei\u015felerinin Paketleme \u015eekli Toptan Sat\u0131\u015f<\/span><\/h2>\n<p><span data-preserver-spaces=\"true\">Bu mini lik\u00f6r \u015fi\u015feleri i\u00e7in \u00fc\u00e7 yol vard\u0131r.<\/span><\/p>\n<p><span data-preserver-spaces=\"true\">\u0130lk yol karton ambalajd\u0131r. Bu paketleme y\u00f6ntemi <\/span><span data-preserver-spaces=\"true\">uygun olarak<\/span><span data-preserver-spaces=\"true\"> uluslararas\u0131 ihracat ambalaj standard\u0131 ile. Karton oluklu b\u00f6lmeler ile paketlenmi\u015ftir.<\/span><\/p>\n<p><span data-preserver-spaces=\"true\">\u0130kinci yol palet paketlemedir. Bu palet f\u00fcmigasyonsuzdur ve standart boyutu 100x120cm'dir. \u015ei\u015feleri ve paletleri sarmak i\u00e7in genellikle plastik ka\u011f\u0131t kullan\u0131r\u0131z. Bu, cam \u015fi\u015felerin nakliye s\u0131ras\u0131nda g\u00fcvenli\u011fini sa\u011flar.<\/span><\/p>\n<p><span data-preserver-spaces=\"true\">Son yol karton ve palet paketlemedir. Bu, cam \u015fi\u015feler i\u00e7in en g\u00fcvenli yoldur. Karton standart bir ihracat kartonu olabilir.<\/span><\/p>\n<p><span data-preserver-spaces=\"true\">Bir cam \u015fi\u015fe \u00fcreticisi oldu\u011fumuz i\u00e7in, tesisimizde binlerce cam \u015fi\u015fe kal\u0131b\u0131m\u0131z var. Belki bunlardan biri ihtiyac\u0131n\u0131z olan \u015feydir. \u00d6zel cam \u015fi\u015feler yapmak istiyorsan\u0131z, taleplerinizi ald\u0131ktan sonra bunlar\u0131 sizin i\u00e7in tasarlayabilir ve yapabiliriz.<\/span><\/p>\n<p><span data-preserver-spaces=\"true\">Ayr\u0131ca \u015funlar\u0131 da sunabiliriz <\/span><span data-preserver-spaces=\"true\">farkl\u0131<\/span><span data-preserver-spaces=\"true\"> bo\u015f mini lik\u00f6r \u015fi\u015feleri i\u00e7in kapaklar, <\/span><span data-preserver-spaces=\"true\">gibi<\/span><span data-preserver-spaces=\"true\"> mantar, vidal\u0131 kapak, <\/span><span data-preserver-spaces=\"true\">guala<\/span><span data-preserver-spaces=\"true\"> kap, <\/span><span data-preserver-spaces=\"true\">ve bunun gibi<\/span><span data-preserver-spaces=\"true\">.<\/span><span data-preserver-spaces=\"true\">\u00a0 Cam \u015fi\u015feler hakk\u0131nda herhangi bir sorunuz varsa, l\u00fctfen bizimle ileti\u015fime ge\u00e7mekten \u00e7ekinmeyin.<\/span><\/p>","protected":false},"excerpt":{"rendered":"<table>\n<tbody>\n<tr>\n<th colspan=\"2\">50ml K\u00fc\u00e7\u00fck Lik\u00f6r \u015ei\u015feleri Toptan Sat\u0131\u015f<\/th>\n<\/tr>\n<tr>\n<td>Referans:<\/td>\n<td>RS106<\/td>\n<\/tr>\n<tr>\n<td>Ana malzeme:<\/td>\n<td>S\u00fcper \u00e7akmakta\u015f\u0131 cam (bu malzeme kristal beyaz cam olarak da adland\u0131r\u0131l\u0131r)<\/td>\n<\/tr>\n<tr>\n<td>Kaptan:<\/td>\n<td>Mantar\/Karga kapa\u011f\u0131<\/td>\n<\/tr>\n<tr>\n<td>Kapasite:<\/td>\n<td>50ml<\/td>\n<\/tr>\n<tr>\n<td>\u00d6zellik:<\/td>\n<td>\u00c7evre dostu<\/td>\n<\/tr>\n<tr>\n<td>ADEDI:<\/td>\n<td>10000 ADET<\/td>\n<\/tr>\n<tr>\n<td>Paketleme \u015eekli:<\/td>\n<td>\u0130hracat standart karton \/ Palet \/ ihracat standart karton ve palet<\/td>\n<\/tr>\n<tr>\n<td>OEM\/ODM:<\/td>\n<td>Ho\u015f geldiniz<\/td>\n<\/tr>\n<tr>\n<td>Yerin k\u00f6keni:<\/td>\n<td>Shandong, \u00c7in<\/td>\n<\/tr>\n<tr>\n<td>Adet\/Ktn:<\/td>\n<td>24 adet veya m\u00fc\u015fteri taleplerine g\u00f6re<\/td>\n<\/tr>\n<\/tbody>\n<\/table>","protected":false},"featured_media":4180,"comment_status":"closed","ping_status":"closed","template":"","meta":[],"product_cat":[48],"class_list":{"0":"post-4179","1":"product","2":"type-product","3":"status-publish","4":"has-post-thumbnail","6":"product_cat-50ml-mini-liquor-bottle-manufacturer","8":"first","9":"instock","10":"shipping-taxable","11":"product-type-simple"},"yoast_head":"<!-- This site is optimized with the Yoast SEO plugin v22.0 - https:\/\/yoast.com\/wordpress\/plugins\/seo\/ -->\n<title>50ml Liquor Bottles With Corks Wholesale | Mini Spirit Bottles Suppliers<\/title>\n<meta name=\"description\" content=\"Buy 50ml Liquor Bottles With Corks Wholesale From Mini Spirit Bottles Suppliers. Factory Outlet Price&amp;High Quality Assurance. Get Quote Here.\" \/>\n<meta name=\"robots\" content=\"index, follow, max-snippet:-1, max-image-preview:large, max-video-preview:-1\" \/>\n<link rel=\"canonical\" href=\"https:\/\/ruishengglassco.com\/tr\/urun\/rs106-toptan-50ml-mantarli-likor-siseleri\" \/>\n<meta property=\"og:locale\" content=\"tr_TR\" \/>\n<meta property=\"og:type\" content=\"article\" \/>\n<meta property=\"og:title\" content=\"50ml Liquor Bottles With Corks Wholesale | Mini Spirit Bottles Suppliers\" \/>\n<meta property=\"og:description\" content=\"Buy 50ml Liquor Bottles With Corks Wholesale From Mini Spirit Bottles Suppliers. Factory Outlet Price&amp;High Quality Assurance. Get Quote Here.\" \/>\n<meta property=\"og:url\" content=\"https:\/\/ruishengglassco.com\/tr\/urun\/rs106-toptan-50ml-mantarli-likor-siseleri\" \/>\n<meta property=\"article:publisher\" content=\"https:\/\/www.facebook.com\/ruishengglassbottles\" \/>\n<meta property=\"article:modified_time\" content=\"2025-09-11T08:00:58+00:00\" \/>\n<meta property=\"og:image\" content=\"https:\/\/ruishengglassco.com\/wp-content\/uploads\/2025\/03\/RS106-Wholesale-50ml-Liquor-Bottles-With-Corks.webp\" \/>\n\t<meta property=\"og:image:width\" content=\"800\" \/>\n\t<meta property=\"og:image:height\" content=\"800\" \/>\n\t<meta property=\"og:image:type\" content=\"image\/webp\" \/>\n<meta name=\"twitter:card\" content=\"summary_large_image\" \/>\n<meta name=\"twitter:label1\" content=\"Tahmini okuma s\u00fcresi\" \/>\n\t<meta name=\"twitter:data1\" content=\"2 dakika\" \/>\n<script type=\"application\/ld+json\" class=\"yoast-schema-graph\">{\"@context\":\"https:\/\/schema.org\",\"@graph\":[{\"@type\":\"WebPage\",\"@id\":\"https:\/\/ruishengglassco.com\/product\/rs106-wholesale-50ml-liquor-bottles-with-corks\",\"url\":\"https:\/\/ruishengglassco.com\/product\/rs106-wholesale-50ml-liquor-bottles-with-corks\",\"name\":\"50ml Liquor Bottles With Corks Wholesale | Mini Spirit Bottles Suppliers\",\"isPartOf\":{\"@id\":\"https:\/\/ruishengglassco.com\/#website\"},\"datePublished\":\"2025-03-14T16:25:45+00:00\",\"dateModified\":\"2025-09-11T08:00:58+00:00\",\"description\":\"Buy 50ml Liquor Bottles With Corks Wholesale From Mini Spirit Bottles Suppliers. Factory Outlet Price&High Quality Assurance. Get Quote Here.\",\"breadcrumb\":{\"@id\":\"https:\/\/ruishengglassco.com\/product\/rs106-wholesale-50ml-liquor-bottles-with-corks#breadcrumb\"},\"inLanguage\":\"tr\",\"potentialAction\":[{\"@type\":\"ReadAction\",\"target\":[\"https:\/\/ruishengglassco.com\/product\/rs106-wholesale-50ml-liquor-bottles-with-corks\"]}]},{\"@type\":\"BreadcrumbList\",\"@id\":\"https:\/\/ruishengglassco.com\/product\/rs106-wholesale-50ml-liquor-bottles-with-corks#breadcrumb\",\"itemListElement\":[{\"@type\":\"ListItem\",\"position\":1,\"name\":\"Home\",\"item\":\"https:\/\/ruishengglassco.com\/\"},{\"@type\":\"ListItem\",\"position\":2,\"name\":\"Products\",\"item\":\"https:\/\/ruishengglassco.com\/products\"},{\"@type\":\"ListItem\",\"position\":3,\"name\":\"RS106: Wholesale 50ml Liquor Bottles With Corks\"}]},{\"@type\":\"WebSite\",\"@id\":\"https:\/\/ruishengglassco.com\/#website\",\"url\":\"https:\/\/ruishengglassco.com\/\",\"name\":\"Ruisheng Glass\",\"description\":\"\",\"publisher\":{\"@id\":\"https:\/\/ruishengglassco.com\/#organization\"},\"potentialAction\":[{\"@type\":\"SearchAction\",\"target\":{\"@type\":\"EntryPoint\",\"urlTemplate\":\"https:\/\/ruishengglassco.com\/?s={search_term_string}\"},\"query-input\":\"required name=search_term_string\"}],\"inLanguage\":\"tr\"},{\"@type\":\"Organization\",\"@id\":\"https:\/\/ruishengglassco.com\/#organization\",\"name\":\"Shandong Yuncheng Ruisheng Glass Co., Ltd\",\"url\":\"https:\/\/ruishengglassco.com\/\",\"logo\":{\"@type\":\"ImageObject\",\"inLanguage\":\"tr\",\"@id\":\"https:\/\/ruishengglassco.com\/#\/schema\/logo\/image\/\",\"url\":\"https:\/\/ruishengglassco.com\/wp-content\/uploads\/2023\/09\/ruisheng_logo_icon.webp\",\"contentUrl\":\"https:\/\/ruishengglassco.com\/wp-content\/uploads\/2023\/09\/ruisheng_logo_icon.webp\",\"width\":400,\"height\":233,\"caption\":\"Shandong Yuncheng Ruisheng Glass Co., Ltd\"},\"image\":{\"@id\":\"https:\/\/ruishengglassco.com\/#\/schema\/logo\/image\/\"},\"sameAs\":[\"https:\/\/www.facebook.com\/ruishengglassbottles\",\"https:\/\/www.instagram.com\/Ruishengglassbottlewholesales\/\",\"https:\/\/www.youtube.com\/channel\/UCMmbMNGwsL-XrtjfSFLCdVQ\"]}]}<\/script>\n<!-- \/ Yoast SEO plugin. -->","yoast_head_json":{"title":"50ml Liquor Bottles With Corks Wholesale | Mini Spirit Bottles Suppliers","description":"Buy 50ml Liquor Bottles With Corks Wholesale From Mini Spirit Bottles Suppliers. Factory Outlet Price&High Quality Assurance. Get Quote Here.","robots":{"index":"index","follow":"follow","max-snippet":"max-snippet:-1","max-image-preview":"max-image-preview:large","max-video-preview":"max-video-preview:-1"},"canonical":"https:\/\/ruishengglassco.com\/tr\/urun\/rs106-toptan-50ml-mantarli-likor-siseleri","og_locale":"tr_TR","og_type":"article","og_title":"50ml Liquor Bottles With Corks Wholesale | Mini Spirit Bottles Suppliers","og_description":"Buy 50ml Liquor Bottles With Corks Wholesale From Mini Spirit Bottles Suppliers. Factory Outlet Price&High Quality Assurance. Get Quote Here.","og_url":"https:\/\/ruishengglassco.com\/tr\/urun\/rs106-toptan-50ml-mantarli-likor-siseleri","article_publisher":"https:\/\/www.facebook.com\/ruishengglassbottles","article_modified_time":"2025-09-11T08:00:58+00:00","og_image":[{"width":800,"height":800,"url":"https:\/\/ruishengglassco.com\/wp-content\/uploads\/2025\/03\/RS106-Wholesale-50ml-Liquor-Bottles-With-Corks.webp","type":"image\/webp"}],"twitter_card":"summary_large_image","twitter_misc":{"Tahmini okuma s\u00fcresi":"2 dakika"},"schema":{"@context":"https:\/\/schema.org","@graph":[{"@type":"WebPage","@id":"https:\/\/ruishengglassco.com\/product\/rs106-wholesale-50ml-liquor-bottles-with-corks","url":"https:\/\/ruishengglassco.com\/product\/rs106-wholesale-50ml-liquor-bottles-with-corks","name":"50ml Liquor Bottles With Corks Wholesale | Mini Spirit Bottles Suppliers","isPartOf":{"@id":"https:\/\/ruishengglassco.com\/#website"},"datePublished":"2025-03-14T16:25:45+00:00","dateModified":"2025-09-11T08:00:58+00:00","description":"Buy 50ml Liquor Bottles With Corks Wholesale From Mini Spirit Bottles Suppliers. Factory Outlet Price&High Quality Assurance. Get Quote Here.","breadcrumb":{"@id":"https:\/\/ruishengglassco.com\/product\/rs106-wholesale-50ml-liquor-bottles-with-corks#breadcrumb"},"inLanguage":"tr","potentialAction":[{"@type":"ReadAction","target":["https:\/\/ruishengglassco.com\/product\/rs106-wholesale-50ml-liquor-bottles-with-corks"]}]},{"@type":"BreadcrumbList","@id":"https:\/\/ruishengglassco.com\/product\/rs106-wholesale-50ml-liquor-bottles-with-corks#breadcrumb","itemListElement":[{"@type":"ListItem","position":1,"name":"Home","item":"https:\/\/ruishengglassco.com\/"},{"@type":"ListItem","position":2,"name":"Products","item":"https:\/\/ruishengglassco.com\/products"},{"@type":"ListItem","position":3,"name":"RS106: Wholesale 50ml Liquor Bottles With Corks"}]},{"@type":"WebSite","@id":"https:\/\/ruishengglassco.com\/#website","url":"https:\/\/ruishengglassco.com\/","name":"Ruisheng Glass","description":"","publisher":{"@id":"https:\/\/ruishengglassco.com\/#organization"},"potentialAction":[{"@type":"SearchAction","target":{"@type":"EntryPoint","urlTemplate":"https:\/\/ruishengglassco.com\/?s={search_term_string}"},"query-input":"required name=search_term_string"}],"inLanguage":"tr"},{"@type":"Organization","@id":"https:\/\/ruishengglassco.com\/#organization","name":"Shandong Yuncheng Ruisheng Glass Co., Ltd","url":"https:\/\/ruishengglassco.com\/","logo":{"@type":"ImageObject","inLanguage":"tr","@id":"https:\/\/ruishengglassco.com\/#\/schema\/logo\/image\/","url":"https:\/\/ruishengglassco.com\/wp-content\/uploads\/2023\/09\/ruisheng_logo_icon.webp","contentUrl":"https:\/\/ruishengglassco.com\/wp-content\/uploads\/2023\/09\/ruisheng_logo_icon.webp","width":400,"height":233,"caption":"Shandong Yuncheng Ruisheng Glass Co., Ltd"},"image":{"@id":"https:\/\/ruishengglassco.com\/#\/schema\/logo\/image\/"},"sameAs":["https:\/\/www.facebook.com\/ruishengglassbottles","https:\/\/www.instagram.com\/Ruishengglassbottlewholesales\/","https:\/\/www.youtube.com\/channel\/UCMmbMNGwsL-XrtjfSFLCdVQ"]}]}},"_links":{"self":[{"href":"https:\/\/ruishengglassco.com\/tr\/wp-json\/wp\/v2\/product\/4179","targetHints":{"allow":["GET"]}}],"collection":[{"href":"https:\/\/ruishengglassco.com\/tr\/wp-json\/wp\/v2\/product"}],"about":[{"href":"https:\/\/ruishengglassco.com\/tr\/wp-json\/wp\/v2\/types\/product"}],"replies":[{"embeddable":true,"href":"https:\/\/ruishengglassco.com\/tr\/wp-json\/wp\/v2\/comments?post=4179"}],"wp:featuredmedia":[{"embeddable":true,"href":"https:\/\/ruishengglassco.com\/tr\/wp-json\/wp\/v2\/media\/4180"}],"wp:attachment":[{"href":"https:\/\/ruishengglassco.com\/tr\/wp-json\/wp\/v2\/media?parent=4179"}],"wp:term":[{"taxonomy":"product_cat","embeddable":true,"href":"https:\/\/ruishengglassco.com\/tr\/wp-json\/wp\/v2\/product_cat?post=4179"}],"curies":[{"name":"wp","href":"https:\/\/api.w.org\/{rel}","templated":true}]}}