{"id":4175,"date":"2025-03-15T00:21:26","date_gmt":"2025-03-14T16:21:26","guid":{"rendered":"https:\/\/ruishengglassco.com\/?post_type=product&#038;p=4175"},"modified":"2025-09-12T08:51:20","modified_gmt":"2025-09-12T00:51:20","slug":"rs108-cam-si%cc%87se-ureti%cc%87ci%cc%87leri%cc%87nden-ozel-i%cc%87cki%cc%87-si%cc%87sesi%cc%87","status":"publish","type":"product","link":"https:\/\/ruishengglassco.com\/tr\/urun\/rs108-cam-si%cc%87se-ureti%cc%87ci%cc%87leri%cc%87nden-ozel-i%cc%87cki%cc%87-si%cc%87sesi%cc%87","title":{"rendered":"RS108: Cam \u015ei\u015fe \u00dcreticilerinden \u00d6zel Lik\u00f6r \u015ei\u015fesi"},"content":{"rendered":"<p>Shandong - Shandong Yuncheng Ruisheng Glass Co, Ltd'den en b\u00fcy\u00fck lik\u00f6r \u015fi\u015fesi \u00fcreticilerinden birinden toptan kapakl\u0131 bu 250ml \u00f6zel cam \u015fi\u015feler. Firmam\u0131z lik\u00f6r cam \u015fi\u015felerinin sanayi ve ticaret \u015firketidir; farkl\u0131 ruh cam \u015fi\u015feleri yapabilir ve m\u00fc\u015fteriler i\u00e7in tek elden hizmet sunabiliriz.<\/p>\n<p>Mantarl\u0131 250ml \u00f6zel cam \u015fi\u015felerimiz kare \u015feklindedir.  Bu s\u0131v\u0131 cam \u015fi\u015feler votka, viski, su, ya\u011f ve di\u011fer lik\u00f6rleri tutabilir. Bu s\u0131zd\u0131rmazl\u0131k tipi bir vidal\u0131 kapak oldu\u011fundan, \u015fi\u015fenin \u00fczerinde lik\u00f6r\u00fcn yar\u0131s\u0131n\u0131 b\u0131rakt\u0131\u011f\u0131n\u0131zda \u015fi\u015feyi kapatabilirsiniz. Bu \u015fi\u015feler i\u00e7in vidal\u0131 kapaktan ho\u015flanm\u0131yorsan\u0131z, mantara uyacak \u015fekilde de de\u011fi\u015ftirebiliriz.<\/p>\n<p>Bu k\u00fc\u00e7\u00fck cam \u015fi\u015felerin malzemesi y\u00fcksek \u00e7akmakta\u015f\u0131 camd\u0131r. Bu cam \u015fi\u015feler \u00e7ok berrak, p\u00fcr\u00fczs\u00fcz ve dayan\u0131kl\u0131d\u0131r. Tekrar kullanabilirsiniz. Bu cam \u015fi\u015fe \u00e7ok berrakt\u0131r; DIY cam s\u00fcslemeler yapmak i\u00e7in de kullanabilirsiniz.<\/p>\n<p>Logonuzu bu mini \u015fi\u015feler \u00fczerinde yapmak istiyorsan\u0131z, cam \u015fi\u015feler \u00fczerinde \u00e7\u0131kartma logosu, ipek bask\u0131 logosu veya kabartmal\u0131 logo sunabiliriz. \u0130htiyac\u0131n\u0131z olursa bu \u015fi\u015felerin \u00fczerine herhangi bir renk de boyayabiliriz.<\/p>\n<p>Fabrikam\u0131zda 30'dan fazla QC ve bir grup yetenekli m\u00fchendis de dahil olmak \u00fczere 500'den fazla \u00e7al\u0131\u015fan bulunmaktad\u0131r. T\u00fcm \u00f6zel cam \u015fi\u015felerin bir\u00e7ok kez kontrol edilmesi i\u00e7in QC'ye ihtiyac\u0131 vard\u0131r. T\u00fcm cam \u015fi\u015felerin fabrikam\u0131za g\u00f6nderilmeden \u00f6nce QC'den ge\u00e7ece\u011finden emin olabiliriz.<\/p>\n<h2>Bu 250ml \u00d6zel Cam \u015ei\u015felerin Detaylar\u0131<\/h2>\n<ul>\n<li>Ana malzeme: y\u00fcksek \u00e7akmakta\u015f\u0131 cam<\/li>\n<li>Kapak: vidal\u0131 kapak<\/li>\n<li>Referans:RS108<\/li>\n<li>ADEDI: 10000 ADET<\/li>\n<li>Kapasite:250ml<\/li>\n<li>Boyut: 5\u00d723 cm<\/li>\n<li>Yerin k\u00f6keni: Shandong, \u00c7in<\/li>\n<li>\u00d6zellik: \u00c7evre dostu<\/li>\n<li>Paketleme \u015fekli:<br \/>\n1. Standart ihracat kartonu<br \/>\n2. Plastik sar\u0131l\u0131 palet<br \/>\n3. Standart ihracat kartonu ve paleti<\/li>\n<\/ul>\n<p>Kapakl\u0131 250ml \u00f6zel cam \u015fi\u015felerin yan\u0131 s\u0131ra, Shandong Yuncheng Ruisheng ayr\u0131ca k\u00fc\u00e7\u00fck 100 ml s\u0131v\u0131 \u015fi\u015feleri, 375ml cam \u015fi\u015feler, 700ml b\u00fcy\u00fck cam \u015fi\u015feler, 750ml cam lik\u00f6r \u015fi\u015feleri, t\u0131pal\u0131 1000ml cam \u015fi\u015feler, 1.5 litrelik b\u00fcy\u00fck cam \u015fi\u015fe vb. Elbette, profesyonel bir cam \u015fi\u015fe \u00fcreticisi olarak, kapasiteyi ihtiyac\u0131n\u0131za g\u00f6re tasarlayabiliriz.<\/p>","protected":false},"excerpt":{"rendered":"<table class=\"tg\">\n<tbody>\n<tr>\n<th class=\"tg-24i8\" colspan=\"2\">\u00dcreticilerden Kapakl\u0131 250ml \u00d6zel Cam \u015ei\u015feler<\/th>\n<\/tr>\n<tr>\n<td class=\"tg-b7b8\">Referans:<\/td>\n<td class=\"tg-b7b8\">RS108<\/td>\n<\/tr>\n<tr>\n<td class=\"tg-yw4l\">Ana malzeme:<\/td>\n<td class=\"tg-yw4l\">Y\u00fcksek Flint Cam<\/td>\n<\/tr>\n<tr>\n<td class=\"tg-b7b8\">Kaptan:<\/td>\n<td class=\"tg-b7b8\">Vidal\u0131 Kapak<\/td>\n<\/tr>\n<tr>\n<td class=\"tg-yw4l\">Kapasite:<\/td>\n<td class=\"tg-yw4l\">250ml<\/td>\n<\/tr>\n<tr>\n<td class=\"tg-b7b8\">\u00d6zellik:<\/td>\n<td class=\"tg-b7b8\">\u00c7evre dostu<\/td>\n<\/tr>\n<tr>\n<td class=\"tg-yw4l\">ADEDI:<\/td>\n<td class=\"tg-yw4l\">10000 ADET<\/td>\n<\/tr>\n<tr>\n<td class=\"tg-b7b8\">Nakliye yolu:<\/td>\n<td class=\"tg-b7b8\">Gemi, Ekspres<\/td>\n<\/tr>\n<tr>\n<td class=\"tg-yw4l\">OEM\/ODM:<\/td>\n<td class=\"tg-yw4l\">Ho\u015f geldiniz<\/td>\n<\/tr>\n<tr>\n<td class=\"tg-b7b8\">Yerin k\u00f6keni:<\/td>\n<td class=\"tg-b7b8\">Shandong, \u00c7in<\/td>\n<\/tr>\n<tr>\n<td class=\"tg-yw4l\">Adet\/Ktn:<\/td>\n<td class=\"tg-yw4l\">24 adet \/ 20 adet \/ 15 adet<\/td>\n<\/tr>\n<\/tbody>\n<\/table>","protected":false},"featured_media":4176,"comment_status":"closed","ping_status":"closed","template":"","meta":[],"product_cat":[45],"class_list":{"0":"post-4175","1":"product","2":"type-product","3":"status-publish","4":"has-post-thumbnail","6":"product_cat-custom-glass-bottle","8":"first","9":"instock","10":"shipping-taxable","11":"product-type-simple"},"yoast_head":"<!-- This site is optimized with the Yoast SEO plugin v22.0 - https:\/\/yoast.com\/wordpress\/plugins\/seo\/ -->\n<title>Custom Glass Bottles With Lids | Personalized Liquor Bottle Manufacturers<\/title>\n<meta name=\"description\" content=\"Buy Custom Glass Bottles With Lids From China Liquor Bottle Manufacturer. Unique Design Glass Bottle With Qaulity Assurance.\" \/>\n<meta name=\"robots\" content=\"index, follow, max-snippet:-1, max-image-preview:large, max-video-preview:-1\" \/>\n<link rel=\"canonical\" href=\"https:\/\/ruishengglassco.com\/tr\/urun\/rs108-cam-si\u0307se-ureti\u0307ci\u0307leri\u0307nden-ozel-i\u0307cki\u0307-si\u0307sesi\u0307\" \/>\n<meta property=\"og:locale\" content=\"tr_TR\" \/>\n<meta property=\"og:type\" content=\"article\" \/>\n<meta property=\"og:title\" content=\"Custom Glass Bottles With Lids | Personalized Liquor Bottle Manufacturers\" \/>\n<meta property=\"og:description\" content=\"Buy Custom Glass Bottles With Lids From China Liquor Bottle Manufacturer. Unique Design Glass Bottle With Qaulity Assurance.\" \/>\n<meta property=\"og:url\" content=\"https:\/\/ruishengglassco.com\/tr\/urun\/rs108-cam-si\u0307se-ureti\u0307ci\u0307leri\u0307nden-ozel-i\u0307cki\u0307-si\u0307sesi\u0307\" \/>\n<meta property=\"article:publisher\" content=\"https:\/\/www.facebook.com\/ruishengglassbottles\" \/>\n<meta property=\"article:modified_time\" content=\"2025-09-12T00:51:20+00:00\" \/>\n<meta property=\"og:image\" content=\"https:\/\/ruishengglassco.com\/wp-content\/uploads\/2025\/03\/RS108-Custom-Liquor-Bottle-From-Glass-Bottle-Manufacturers.webp\" \/>\n\t<meta property=\"og:image:width\" content=\"400\" \/>\n\t<meta property=\"og:image:height\" content=\"400\" \/>\n\t<meta property=\"og:image:type\" content=\"image\/webp\" \/>\n<meta name=\"twitter:card\" content=\"summary_large_image\" \/>\n<meta name=\"twitter:label1\" content=\"Tahmini okuma s\u00fcresi\" \/>\n\t<meta name=\"twitter:data1\" content=\"2 dakika\" \/>\n<script type=\"application\/ld+json\" class=\"yoast-schema-graph\">{\"@context\":\"https:\/\/schema.org\",\"@graph\":[{\"@type\":\"WebPage\",\"@id\":\"https:\/\/ruishengglassco.com\/product\/rs108-custom-liquor-bottle-from-glass-bottle-manufacturers\",\"url\":\"https:\/\/ruishengglassco.com\/product\/rs108-custom-liquor-bottle-from-glass-bottle-manufacturers\",\"name\":\"Custom Glass Bottles With Lids | Personalized Liquor Bottle Manufacturers\",\"isPartOf\":{\"@id\":\"https:\/\/ruishengglassco.com\/#website\"},\"datePublished\":\"2025-03-14T16:21:26+00:00\",\"dateModified\":\"2025-09-12T00:51:20+00:00\",\"description\":\"Buy Custom Glass Bottles With Lids From China Liquor Bottle Manufacturer. Unique Design Glass Bottle With Qaulity Assurance.\",\"breadcrumb\":{\"@id\":\"https:\/\/ruishengglassco.com\/product\/rs108-custom-liquor-bottle-from-glass-bottle-manufacturers#breadcrumb\"},\"inLanguage\":\"tr\",\"potentialAction\":[{\"@type\":\"ReadAction\",\"target\":[\"https:\/\/ruishengglassco.com\/product\/rs108-custom-liquor-bottle-from-glass-bottle-manufacturers\"]}]},{\"@type\":\"BreadcrumbList\",\"@id\":\"https:\/\/ruishengglassco.com\/product\/rs108-custom-liquor-bottle-from-glass-bottle-manufacturers#breadcrumb\",\"itemListElement\":[{\"@type\":\"ListItem\",\"position\":1,\"name\":\"Home\",\"item\":\"https:\/\/ruishengglassco.com\/\"},{\"@type\":\"ListItem\",\"position\":2,\"name\":\"Products\",\"item\":\"https:\/\/ruishengglassco.com\/products\"},{\"@type\":\"ListItem\",\"position\":3,\"name\":\"RS108: Custom Liquor Bottle From Glass Bottle Manufacturers\"}]},{\"@type\":\"WebSite\",\"@id\":\"https:\/\/ruishengglassco.com\/#website\",\"url\":\"https:\/\/ruishengglassco.com\/\",\"name\":\"Ruisheng Glass\",\"description\":\"\",\"publisher\":{\"@id\":\"https:\/\/ruishengglassco.com\/#organization\"},\"potentialAction\":[{\"@type\":\"SearchAction\",\"target\":{\"@type\":\"EntryPoint\",\"urlTemplate\":\"https:\/\/ruishengglassco.com\/?s={search_term_string}\"},\"query-input\":\"required name=search_term_string\"}],\"inLanguage\":\"tr\"},{\"@type\":\"Organization\",\"@id\":\"https:\/\/ruishengglassco.com\/#organization\",\"name\":\"Shandong Yuncheng Ruisheng Glass Co., Ltd\",\"url\":\"https:\/\/ruishengglassco.com\/\",\"logo\":{\"@type\":\"ImageObject\",\"inLanguage\":\"tr\",\"@id\":\"https:\/\/ruishengglassco.com\/#\/schema\/logo\/image\/\",\"url\":\"https:\/\/ruishengglassco.com\/wp-content\/uploads\/2023\/09\/ruisheng_logo_icon.webp\",\"contentUrl\":\"https:\/\/ruishengglassco.com\/wp-content\/uploads\/2023\/09\/ruisheng_logo_icon.webp\",\"width\":400,\"height\":233,\"caption\":\"Shandong Yuncheng Ruisheng Glass Co., Ltd\"},\"image\":{\"@id\":\"https:\/\/ruishengglassco.com\/#\/schema\/logo\/image\/\"},\"sameAs\":[\"https:\/\/www.facebook.com\/ruishengglassbottles\",\"https:\/\/www.instagram.com\/Ruishengglassbottlewholesales\/\",\"https:\/\/www.youtube.com\/channel\/UCMmbMNGwsL-XrtjfSFLCdVQ\"]}]}<\/script>\n<!-- \/ Yoast SEO plugin. -->","yoast_head_json":{"title":"Custom Glass Bottles With Lids | Personalized Liquor Bottle Manufacturers","description":"Buy Custom Glass Bottles With Lids From China Liquor Bottle Manufacturer. Unique Design Glass Bottle With Qaulity Assurance.","robots":{"index":"index","follow":"follow","max-snippet":"max-snippet:-1","max-image-preview":"max-image-preview:large","max-video-preview":"max-video-preview:-1"},"canonical":"https:\/\/ruishengglassco.com\/tr\/urun\/rs108-cam-si\u0307se-ureti\u0307ci\u0307leri\u0307nden-ozel-i\u0307cki\u0307-si\u0307sesi\u0307","og_locale":"tr_TR","og_type":"article","og_title":"Custom Glass Bottles With Lids | Personalized Liquor Bottle Manufacturers","og_description":"Buy Custom Glass Bottles With Lids From China Liquor Bottle Manufacturer. Unique Design Glass Bottle With Qaulity Assurance.","og_url":"https:\/\/ruishengglassco.com\/tr\/urun\/rs108-cam-si\u0307se-ureti\u0307ci\u0307leri\u0307nden-ozel-i\u0307cki\u0307-si\u0307sesi\u0307","article_publisher":"https:\/\/www.facebook.com\/ruishengglassbottles","article_modified_time":"2025-09-12T00:51:20+00:00","og_image":[{"width":400,"height":400,"url":"https:\/\/ruishengglassco.com\/wp-content\/uploads\/2025\/03\/RS108-Custom-Liquor-Bottle-From-Glass-Bottle-Manufacturers.webp","type":"image\/webp"}],"twitter_card":"summary_large_image","twitter_misc":{"Tahmini okuma s\u00fcresi":"2 dakika"},"schema":{"@context":"https:\/\/schema.org","@graph":[{"@type":"WebPage","@id":"https:\/\/ruishengglassco.com\/product\/rs108-custom-liquor-bottle-from-glass-bottle-manufacturers","url":"https:\/\/ruishengglassco.com\/product\/rs108-custom-liquor-bottle-from-glass-bottle-manufacturers","name":"Custom Glass Bottles With Lids | Personalized Liquor Bottle Manufacturers","isPartOf":{"@id":"https:\/\/ruishengglassco.com\/#website"},"datePublished":"2025-03-14T16:21:26+00:00","dateModified":"2025-09-12T00:51:20+00:00","description":"Buy Custom Glass Bottles With Lids From China Liquor Bottle Manufacturer. Unique Design Glass Bottle With Qaulity Assurance.","breadcrumb":{"@id":"https:\/\/ruishengglassco.com\/product\/rs108-custom-liquor-bottle-from-glass-bottle-manufacturers#breadcrumb"},"inLanguage":"tr","potentialAction":[{"@type":"ReadAction","target":["https:\/\/ruishengglassco.com\/product\/rs108-custom-liquor-bottle-from-glass-bottle-manufacturers"]}]},{"@type":"BreadcrumbList","@id":"https:\/\/ruishengglassco.com\/product\/rs108-custom-liquor-bottle-from-glass-bottle-manufacturers#breadcrumb","itemListElement":[{"@type":"ListItem","position":1,"name":"Home","item":"https:\/\/ruishengglassco.com\/"},{"@type":"ListItem","position":2,"name":"Products","item":"https:\/\/ruishengglassco.com\/products"},{"@type":"ListItem","position":3,"name":"RS108: Custom Liquor Bottle From Glass Bottle Manufacturers"}]},{"@type":"WebSite","@id":"https:\/\/ruishengglassco.com\/#website","url":"https:\/\/ruishengglassco.com\/","name":"Ruisheng Glass","description":"","publisher":{"@id":"https:\/\/ruishengglassco.com\/#organization"},"potentialAction":[{"@type":"SearchAction","target":{"@type":"EntryPoint","urlTemplate":"https:\/\/ruishengglassco.com\/?s={search_term_string}"},"query-input":"required name=search_term_string"}],"inLanguage":"tr"},{"@type":"Organization","@id":"https:\/\/ruishengglassco.com\/#organization","name":"Shandong Yuncheng Ruisheng Glass Co., Ltd","url":"https:\/\/ruishengglassco.com\/","logo":{"@type":"ImageObject","inLanguage":"tr","@id":"https:\/\/ruishengglassco.com\/#\/schema\/logo\/image\/","url":"https:\/\/ruishengglassco.com\/wp-content\/uploads\/2023\/09\/ruisheng_logo_icon.webp","contentUrl":"https:\/\/ruishengglassco.com\/wp-content\/uploads\/2023\/09\/ruisheng_logo_icon.webp","width":400,"height":233,"caption":"Shandong Yuncheng Ruisheng Glass Co., Ltd"},"image":{"@id":"https:\/\/ruishengglassco.com\/#\/schema\/logo\/image\/"},"sameAs":["https:\/\/www.facebook.com\/ruishengglassbottles","https:\/\/www.instagram.com\/Ruishengglassbottlewholesales\/","https:\/\/www.youtube.com\/channel\/UCMmbMNGwsL-XrtjfSFLCdVQ"]}]}},"_links":{"self":[{"href":"https:\/\/ruishengglassco.com\/tr\/wp-json\/wp\/v2\/product\/4175","targetHints":{"allow":["GET"]}}],"collection":[{"href":"https:\/\/ruishengglassco.com\/tr\/wp-json\/wp\/v2\/product"}],"about":[{"href":"https:\/\/ruishengglassco.com\/tr\/wp-json\/wp\/v2\/types\/product"}],"replies":[{"embeddable":true,"href":"https:\/\/ruishengglassco.com\/tr\/wp-json\/wp\/v2\/comments?post=4175"}],"wp:featuredmedia":[{"embeddable":true,"href":"https:\/\/ruishengglassco.com\/tr\/wp-json\/wp\/v2\/media\/4176"}],"wp:attachment":[{"href":"https:\/\/ruishengglassco.com\/tr\/wp-json\/wp\/v2\/media?parent=4175"}],"wp:term":[{"taxonomy":"product_cat","embeddable":true,"href":"https:\/\/ruishengglassco.com\/tr\/wp-json\/wp\/v2\/product_cat?post=4175"}],"curies":[{"name":"wp","href":"https:\/\/api.w.org\/{rel}","templated":true}]}}