{"id":4171,"date":"2025-03-15T00:17:11","date_gmt":"2025-03-14T16:17:11","guid":{"rendered":"https:\/\/ruishengglassco.com\/?post_type=product&#038;p=4171"},"modified":"2025-09-11T16:08:31","modified_gmt":"2025-09-11T08:08:31","slug":"rs110-toptan-250ml-yesil-likor-sisesi-fabrika-cikisi","status":"publish","type":"product","link":"https:\/\/ruishengglassco.com\/tr\/urun\/rs110-toptan-250ml-yesil-likor-sisesi-fabrika-cikisi","title":{"rendered":"RS110: Toptan 250ml Ye\u015fil Lik\u00f6r \u015ei\u015fesi Fabrika \u00c7\u0131k\u0131\u015f\u0131"},"content":{"rendered":"<h2>250ml Ye\u015fil Cam \u015ei\u015fe Toptan Sat\u0131\u015f<\/h2>\n<p>250ml ye\u015fil cam \u015fi\u015fe toptan sat\u0131\u015f\u0131 firmam\u0131z\u0131n \u00fcr\u00fcnlerinden biridir; biz. Ayr\u0131ca lik\u00f6r i\u00e7in 500ml, 700ml, 750ml ve 1000ml ye\u015fil cam \u015fi\u015feler \u00fcretiyoruz.<\/p>\n<p>Bu yuvarlak cam \u015fi\u015feler i\u00e7in sprey teknolojisi kullan\u0131yoruz ve \u015fi\u015feleri yapmak i\u00e7in geli\u015fmi\u015f \u00fcretim ekipmanlar\u0131n\u0131 payla\u015f\u0131yoruz. \u015ei\u015felerimiz h\u0131zl\u0131 ve y\u00fcksek standartlarda \u00fcretilmektedir.<\/p>\n<p>Ruishsheng Cam \u015ei\u015fe, birincil bo\u015f lik\u00f6r \u015fi\u015fesi \u00fcreticisi ve cam \u015fi\u015fe tedarik\u00e7isidir. Di\u011fer renkleri ve kapasiteleri tercih ederseniz, sizin i\u00e7in \u00f6zel cam \u015fi\u015feler de yapabiliriz.<\/p>\n<h2>Sat\u0131l\u0131k D\u00f6kme 250ml K\u00fc\u00e7\u00fck Cam \u015ei\u015feler Hakk\u0131nda Bilgi<\/h2>\n<ul>\n<li>Ana malzeme: y\u00fcksek \u00e7akmakta\u015f\u0131 cam<\/li>\n<li>Kapak: vidal\u0131 kapak<\/li>\n<li>Referans: RS110<\/li>\n<li>ADEDI: 10000 ADET<\/li>\n<li>Kapasite: 200ml<\/li>\n<li>Adet\/Ctn: 24 adet<\/li>\n<li>Yerin k\u00f6keni: Shandong, \u00c7in<\/li>\n<li>\u00d6zellik: \u00c7evre dostu<\/li>\n<\/ul>\n<p>Bu \u015feffaf cam Boston yuvarlak \u015fi\u015fe, \u015farap cam \u015fi\u015feleri, votka \u015fi\u015feleri, brendi \u015fi\u015feleri ve di\u011fer \u015fi\u015felerde kullan\u0131labilir. Bir\u00e7ok m\u00fc\u015fteri bu cam \u015fi\u015feyi seviyor \u00e7\u00fcnk\u00fc meyve sular\u0131n\u0131 tutmak i\u00e7in kullanmak istiyorlar. \u0130\u00e7ecekler i\u00e7in daha fazla \u015fi\u015fe istiyorsan\u0131z, size toptan cam i\u00e7ecek \u015fi\u015feleri de sa\u011flayabiliriz.<\/p>\n<p>\u00dcr\u00fcnlerimiz ulusal kalite denetiminden ge\u00e7er, b\u00f6ylece her \u015fi\u015fenin kalitesi garanti edilir.<\/p>\n<p>Buna ek olarak, \u015firketimiz birinci s\u0131n\u0131f sat\u0131\u015f sonras\u0131 hizmet sunmaktad\u0131r; sahip olabilece\u011finiz her t\u00fcrl\u00fc sorunu ele alaca\u011f\u0131z.<\/p>\n<p>Ana \u00fcr\u00fcnlerimiz votka \u015fi\u015feleri, brendi \u015fi\u015feleri, viski \u015fi\u015feleri, lik\u00f6r \u015fi\u015feleri, re\u00e7el \u015fi\u015feleri ve daha fazlas\u0131 dahil olmak \u00fczere \u00fcst s\u0131n\u0131f cam \u015fi\u015felerdir. Ayr\u0131ca kehribar cam \u015fi\u015feler, ye\u015fil \u015fi\u015feler ve su \u015fi\u015feleri de sunabiliriz. Ana pazar\u0131m\u0131z Avrupa, ABD, Avustralya, Amerika vb. T\u00fcm \u00fcr\u00fcnler yenilik ve i\u015flevsellik a\u00e7\u0131s\u0131ndan y\u00fcksek bir \u00fcne sahiptir.<\/p>\n<p>Mantarl\u0131 k\u00fc\u00e7\u00fck cam \u015fi\u015felerimizden herhangi biriyle ilgileniyorsan\u0131z, l\u00fctfen daha fazla ayr\u0131nt\u0131 i\u00e7in bizimle ileti\u015fime ge\u00e7mekten \u00e7ekinmeyin.<\/p>\n<p>Ayr\u0131ca, be\u011fendi\u011finiz birini se\u00e7menize olanak tan\u0131yan katalo\u011fumuzu da size sa\u011flayabiliriz.<\/p>\n<p>\u015eirketimizi ziyaret etmenizi ve sipari\u015f vermenizi bekliyoruz. Bizi oraya g\u00f6t\u00fcrecek \u00f6zel personelimiz olacak.<\/p>\n<p>L\u00fctfen sat\u0131l\u0131k bu Mini \u015feffaf cam \u015fi\u015feleri, 250ml cam \u015fi\u015feleri g\u00f6z \u00f6n\u00fcnde bulundurun.<br \/>\nL\u00fctfen istedi\u011finiz zaman bizimle ileti\u015fime ge\u00e7in. Size 24 saat i\u00e7inde cevap verece\u011fiz.<\/p>","protected":false},"excerpt":{"rendered":"<table class=\"tg\">\n<tbody>\n<tr>\n<th class=\"tg-24i8\" colspan=\"2\">250ml Ye\u015fil Cam \u015ei\u015fe Toptan Sat\u0131\u015f<\/th>\n<\/tr>\n<tr>\n<td class=\"tg-b7b8\">Referans:<\/td>\n<td class=\"tg-b7b8\">RS110<\/td>\n<\/tr>\n<tr>\n<td class=\"tg-yw4l\">Ana malzeme:<\/td>\n<td class=\"tg-yw4l\">Y\u00fcksek Flint Cam<\/td>\n<\/tr>\n<tr>\n<td class=\"tg-b7b8\">Kaptan:<\/td>\n<td class=\"tg-b7b8\">Vidal\u0131 Kapak<\/td>\n<\/tr>\n<tr>\n<td class=\"tg-yw4l\">Kapasite:<\/td>\n<td class=\"tg-yw4l\">200ml 250ml<\/td>\n<\/tr>\n<tr>\n<td class=\"tg-b7b8\">\u00d6zellik:<\/td>\n<td class=\"tg-b7b8\">\u00c7evre dostu<\/td>\n<\/tr>\n<tr>\n<td class=\"tg-yw4l\">ADEDI:<\/td>\n<td class=\"tg-yw4l\">10000 ADET<\/td>\n<\/tr>\n<tr>\n<td class=\"tg-b7b8\">Nakliye yolu:<\/td>\n<td class=\"tg-b7b8\">Gemi, Ekspres<\/td>\n<\/tr>\n<tr>\n<td class=\"tg-yw4l\">OEM\/ODM:<\/td>\n<td class=\"tg-yw4l\">Ho\u015f geldiniz<\/td>\n<\/tr>\n<tr>\n<td class=\"tg-b7b8\">Yerin k\u00f6keni:<\/td>\n<td class=\"tg-b7b8\">Shandong, \u00c7in<\/td>\n<\/tr>\n<tr>\n<td class=\"tg-yw4l\">Adet\/Ktn:<\/td>\n<td class=\"tg-yw4l\">24 adet \/ 20 adet \/ 15 adet<\/td>\n<\/tr>\n<\/tbody>\n<\/table>","protected":false},"featured_media":4172,"comment_status":"closed","ping_status":"closed","template":"","meta":[],"product_cat":[47],"class_list":{"0":"post-4171","1":"product","2":"type-product","3":"status-publish","4":"has-post-thumbnail","6":"product_cat-250ml-liquor-bottle-manufacturer","8":"first","9":"instock","10":"shipping-taxable","11":"product-type-simple"},"yoast_head":"<!-- This site is optimized with the Yoast SEO plugin v22.0 - https:\/\/yoast.com\/wordpress\/plugins\/seo\/ -->\n<title>250ml Green Glass Bottle Wholesale | Empty Liquor Bottles Manufacturer<\/title>\n<meta name=\"description\" content=\"Ruisheng Glass Bottle, A professional Empty Liquor Bottles Manufacturer, sales 250ml Green Glass Bottle Wholesale in Factory Outlet Bulk Price.\" \/>\n<meta name=\"robots\" content=\"index, follow, max-snippet:-1, max-image-preview:large, max-video-preview:-1\" \/>\n<link rel=\"canonical\" href=\"https:\/\/ruishengglassco.com\/tr\/urun\/rs110-toptan-250ml-yesil-likor-sisesi-fabrika-cikisi\" \/>\n<meta property=\"og:locale\" content=\"tr_TR\" \/>\n<meta property=\"og:type\" content=\"article\" \/>\n<meta property=\"og:title\" content=\"250ml Green Glass Bottle Wholesale | Empty Liquor Bottles Manufacturer\" \/>\n<meta property=\"og:description\" content=\"Ruisheng Glass Bottle, A professional Empty Liquor Bottles Manufacturer, sales 250ml Green Glass Bottle Wholesale in Factory Outlet Bulk Price.\" \/>\n<meta property=\"og:url\" content=\"https:\/\/ruishengglassco.com\/tr\/urun\/rs110-toptan-250ml-yesil-likor-sisesi-fabrika-cikisi\" \/>\n<meta property=\"article:publisher\" content=\"https:\/\/www.facebook.com\/ruishengglassbottles\" \/>\n<meta property=\"article:modified_time\" content=\"2025-09-11T08:08:31+00:00\" \/>\n<meta property=\"og:image\" content=\"https:\/\/ruishengglassco.com\/wp-content\/uploads\/2025\/03\/RS110-Wholesale-250ml-Green-Liquor-Bottle-Factory-Outlet.webp\" \/>\n\t<meta property=\"og:image:width\" content=\"400\" \/>\n\t<meta property=\"og:image:height\" content=\"400\" \/>\n\t<meta property=\"og:image:type\" content=\"image\/webp\" \/>\n<meta name=\"twitter:card\" content=\"summary_large_image\" \/>\n<meta name=\"twitter:label1\" content=\"Tahmini okuma s\u00fcresi\" \/>\n\t<meta name=\"twitter:data1\" content=\"2 dakika\" \/>\n<script type=\"application\/ld+json\" class=\"yoast-schema-graph\">{\"@context\":\"https:\/\/schema.org\",\"@graph\":[{\"@type\":\"WebPage\",\"@id\":\"https:\/\/ruishengglassco.com\/product\/rs110-wholesale-250ml-green-liquor-bottle-factory-outlet\",\"url\":\"https:\/\/ruishengglassco.com\/product\/rs110-wholesale-250ml-green-liquor-bottle-factory-outlet\",\"name\":\"250ml Green Glass Bottle Wholesale | Empty Liquor Bottles Manufacturer\",\"isPartOf\":{\"@id\":\"https:\/\/ruishengglassco.com\/#website\"},\"datePublished\":\"2025-03-14T16:17:11+00:00\",\"dateModified\":\"2025-09-11T08:08:31+00:00\",\"description\":\"Ruisheng Glass Bottle, A professional Empty Liquor Bottles Manufacturer, sales 250ml Green Glass Bottle Wholesale in Factory Outlet Bulk Price.\",\"breadcrumb\":{\"@id\":\"https:\/\/ruishengglassco.com\/product\/rs110-wholesale-250ml-green-liquor-bottle-factory-outlet#breadcrumb\"},\"inLanguage\":\"tr\",\"potentialAction\":[{\"@type\":\"ReadAction\",\"target\":[\"https:\/\/ruishengglassco.com\/product\/rs110-wholesale-250ml-green-liquor-bottle-factory-outlet\"]}]},{\"@type\":\"BreadcrumbList\",\"@id\":\"https:\/\/ruishengglassco.com\/product\/rs110-wholesale-250ml-green-liquor-bottle-factory-outlet#breadcrumb\",\"itemListElement\":[{\"@type\":\"ListItem\",\"position\":1,\"name\":\"Home\",\"item\":\"https:\/\/ruishengglassco.com\/\"},{\"@type\":\"ListItem\",\"position\":2,\"name\":\"Products\",\"item\":\"https:\/\/ruishengglassco.com\/products\"},{\"@type\":\"ListItem\",\"position\":3,\"name\":\"RS110: Wholesale 250ml Green Liquor Bottle Factory Outlet\"}]},{\"@type\":\"WebSite\",\"@id\":\"https:\/\/ruishengglassco.com\/#website\",\"url\":\"https:\/\/ruishengglassco.com\/\",\"name\":\"Ruisheng Glass\",\"description\":\"\",\"publisher\":{\"@id\":\"https:\/\/ruishengglassco.com\/#organization\"},\"potentialAction\":[{\"@type\":\"SearchAction\",\"target\":{\"@type\":\"EntryPoint\",\"urlTemplate\":\"https:\/\/ruishengglassco.com\/?s={search_term_string}\"},\"query-input\":\"required name=search_term_string\"}],\"inLanguage\":\"tr\"},{\"@type\":\"Organization\",\"@id\":\"https:\/\/ruishengglassco.com\/#organization\",\"name\":\"Shandong Yuncheng Ruisheng Glass Co., Ltd\",\"url\":\"https:\/\/ruishengglassco.com\/\",\"logo\":{\"@type\":\"ImageObject\",\"inLanguage\":\"tr\",\"@id\":\"https:\/\/ruishengglassco.com\/#\/schema\/logo\/image\/\",\"url\":\"https:\/\/ruishengglassco.com\/wp-content\/uploads\/2023\/09\/ruisheng_logo_icon.webp\",\"contentUrl\":\"https:\/\/ruishengglassco.com\/wp-content\/uploads\/2023\/09\/ruisheng_logo_icon.webp\",\"width\":400,\"height\":233,\"caption\":\"Shandong Yuncheng Ruisheng Glass Co., Ltd\"},\"image\":{\"@id\":\"https:\/\/ruishengglassco.com\/#\/schema\/logo\/image\/\"},\"sameAs\":[\"https:\/\/www.facebook.com\/ruishengglassbottles\",\"https:\/\/www.instagram.com\/Ruishengglassbottlewholesales\/\",\"https:\/\/www.youtube.com\/channel\/UCMmbMNGwsL-XrtjfSFLCdVQ\"]}]}<\/script>\n<!-- \/ Yoast SEO plugin. -->","yoast_head_json":{"title":"250ml Green Glass Bottle Wholesale | Empty Liquor Bottles Manufacturer","description":"Ruisheng Glass Bottle, A professional Empty Liquor Bottles Manufacturer, sales 250ml Green Glass Bottle Wholesale in Factory Outlet Bulk Price.","robots":{"index":"index","follow":"follow","max-snippet":"max-snippet:-1","max-image-preview":"max-image-preview:large","max-video-preview":"max-video-preview:-1"},"canonical":"https:\/\/ruishengglassco.com\/tr\/urun\/rs110-toptan-250ml-yesil-likor-sisesi-fabrika-cikisi","og_locale":"tr_TR","og_type":"article","og_title":"250ml Green Glass Bottle Wholesale | Empty Liquor Bottles Manufacturer","og_description":"Ruisheng Glass Bottle, A professional Empty Liquor Bottles Manufacturer, sales 250ml Green Glass Bottle Wholesale in Factory Outlet Bulk Price.","og_url":"https:\/\/ruishengglassco.com\/tr\/urun\/rs110-toptan-250ml-yesil-likor-sisesi-fabrika-cikisi","article_publisher":"https:\/\/www.facebook.com\/ruishengglassbottles","article_modified_time":"2025-09-11T08:08:31+00:00","og_image":[{"width":400,"height":400,"url":"https:\/\/ruishengglassco.com\/wp-content\/uploads\/2025\/03\/RS110-Wholesale-250ml-Green-Liquor-Bottle-Factory-Outlet.webp","type":"image\/webp"}],"twitter_card":"summary_large_image","twitter_misc":{"Tahmini okuma s\u00fcresi":"2 dakika"},"schema":{"@context":"https:\/\/schema.org","@graph":[{"@type":"WebPage","@id":"https:\/\/ruishengglassco.com\/product\/rs110-wholesale-250ml-green-liquor-bottle-factory-outlet","url":"https:\/\/ruishengglassco.com\/product\/rs110-wholesale-250ml-green-liquor-bottle-factory-outlet","name":"250ml Green Glass Bottle Wholesale | Empty Liquor Bottles Manufacturer","isPartOf":{"@id":"https:\/\/ruishengglassco.com\/#website"},"datePublished":"2025-03-14T16:17:11+00:00","dateModified":"2025-09-11T08:08:31+00:00","description":"Ruisheng Glass Bottle, A professional Empty Liquor Bottles Manufacturer, sales 250ml Green Glass Bottle Wholesale in Factory Outlet Bulk Price.","breadcrumb":{"@id":"https:\/\/ruishengglassco.com\/product\/rs110-wholesale-250ml-green-liquor-bottle-factory-outlet#breadcrumb"},"inLanguage":"tr","potentialAction":[{"@type":"ReadAction","target":["https:\/\/ruishengglassco.com\/product\/rs110-wholesale-250ml-green-liquor-bottle-factory-outlet"]}]},{"@type":"BreadcrumbList","@id":"https:\/\/ruishengglassco.com\/product\/rs110-wholesale-250ml-green-liquor-bottle-factory-outlet#breadcrumb","itemListElement":[{"@type":"ListItem","position":1,"name":"Home","item":"https:\/\/ruishengglassco.com\/"},{"@type":"ListItem","position":2,"name":"Products","item":"https:\/\/ruishengglassco.com\/products"},{"@type":"ListItem","position":3,"name":"RS110: Wholesale 250ml Green Liquor Bottle Factory Outlet"}]},{"@type":"WebSite","@id":"https:\/\/ruishengglassco.com\/#website","url":"https:\/\/ruishengglassco.com\/","name":"Ruisheng Glass","description":"","publisher":{"@id":"https:\/\/ruishengglassco.com\/#organization"},"potentialAction":[{"@type":"SearchAction","target":{"@type":"EntryPoint","urlTemplate":"https:\/\/ruishengglassco.com\/?s={search_term_string}"},"query-input":"required name=search_term_string"}],"inLanguage":"tr"},{"@type":"Organization","@id":"https:\/\/ruishengglassco.com\/#organization","name":"Shandong Yuncheng Ruisheng Glass Co., Ltd","url":"https:\/\/ruishengglassco.com\/","logo":{"@type":"ImageObject","inLanguage":"tr","@id":"https:\/\/ruishengglassco.com\/#\/schema\/logo\/image\/","url":"https:\/\/ruishengglassco.com\/wp-content\/uploads\/2023\/09\/ruisheng_logo_icon.webp","contentUrl":"https:\/\/ruishengglassco.com\/wp-content\/uploads\/2023\/09\/ruisheng_logo_icon.webp","width":400,"height":233,"caption":"Shandong Yuncheng Ruisheng Glass Co., Ltd"},"image":{"@id":"https:\/\/ruishengglassco.com\/#\/schema\/logo\/image\/"},"sameAs":["https:\/\/www.facebook.com\/ruishengglassbottles","https:\/\/www.instagram.com\/Ruishengglassbottlewholesales\/","https:\/\/www.youtube.com\/channel\/UCMmbMNGwsL-XrtjfSFLCdVQ"]}]}},"_links":{"self":[{"href":"https:\/\/ruishengglassco.com\/tr\/wp-json\/wp\/v2\/product\/4171","targetHints":{"allow":["GET"]}}],"collection":[{"href":"https:\/\/ruishengglassco.com\/tr\/wp-json\/wp\/v2\/product"}],"about":[{"href":"https:\/\/ruishengglassco.com\/tr\/wp-json\/wp\/v2\/types\/product"}],"replies":[{"embeddable":true,"href":"https:\/\/ruishengglassco.com\/tr\/wp-json\/wp\/v2\/comments?post=4171"}],"wp:featuredmedia":[{"embeddable":true,"href":"https:\/\/ruishengglassco.com\/tr\/wp-json\/wp\/v2\/media\/4172"}],"wp:attachment":[{"href":"https:\/\/ruishengglassco.com\/tr\/wp-json\/wp\/v2\/media?parent=4171"}],"wp:term":[{"taxonomy":"product_cat","embeddable":true,"href":"https:\/\/ruishengglassco.com\/tr\/wp-json\/wp\/v2\/product_cat?post=4171"}],"curies":[{"name":"wp","href":"https:\/\/api.w.org\/{rel}","templated":true}]}}