{"id":4169,"date":"2025-03-15T00:14:47","date_gmt":"2025-03-14T16:14:47","guid":{"rendered":"https:\/\/ruishengglassco.com\/?post_type=product&#038;p=4169"},"modified":"2025-07-17T13:43:18","modified_gmt":"2025-07-17T05:43:18","slug":"rs111-50cl-ozel-likor-cam-sise-tedarikcileri","status":"publish","type":"product","link":"https:\/\/ruishengglassco.com\/tr\/urun\/rs111-50cl-ozel-likor-cam-sise-tedarikcileri","title":{"rendered":"RS111: 50cl \u00d6zel Lik\u00f6r Cam \u015ei\u015fe Tedarik\u00e7ileri"},"content":{"rendered":"<p><span data-preserver-spaces=\"true\">Ruisheng Glass Company, 50cl'lik \u00f6zel lik\u00f6r bardaklar\u0131ndan biridir. <\/span><span data-preserver-spaces=\"true\">\u015ei\u015fe Tedarik\u00e7ileri<\/span><span data-preserver-spaces=\"true\">.<\/span><span data-preserver-spaces=\"true\"> Bu \u015firket \u00e7e\u015fitli lik\u00f6r cam \u015fi\u015feleri sa\u011flamaktad\u0131r. \u00c7o\u011fu i\u00e7ki cam \u015fi\u015fesi ye\u015fil veya \u015feffaf (\u00e7akmakta\u015f\u0131) olarak mevcuttur. Cam \u015fi\u015felerin boyutlar\u0131 50 ml ile 3 litre aras\u0131nda de\u011fi\u015fmektedir. Cam, a\u015fa\u011f\u0131daki malzemelerle m\u00fckemmel g\u00fc\u00e7 ve uyumluluk sunar <\/span><span data-preserver-spaces=\"true\">saklanamaz<\/span><span data-preserver-spaces=\"true\"> plastik kaplarda. <\/span><span data-preserver-spaces=\"true\">Cam \u015fi\u015feler toksik de\u011fildir, 100% geri d\u00f6n\u00fc\u015ft\u00fcr\u00fclebilir, yeniden kullan\u0131labilir ve <\/span><span data-preserver-spaces=\"true\">gezegen i\u00e7in g\u00fcvenli<\/span><span data-preserver-spaces=\"true\">.<\/span><\/p>\n<p><span data-preserver-spaces=\"true\">Bu 50cl'lik \u00f6zel lik\u00f6r cam \u015fi\u015fesi <\/span><span data-preserver-spaces=\"true\">yap\u0131l\u0131r<\/span><span data-preserver-spaces=\"true\"> y\u00fcksek \u00e7akmakta\u015f\u0131 cam malzemeden \u00fcretilmi\u015ftir. Bu cam \u015fi\u015feler kal\u0131nl\u0131klar\u0131 ile daha kaliteli bir his verir. Bu cam \u015fi\u015felerin s\u0131zd\u0131rmazl\u0131k tipi gala kapakt\u0131r. Bu cam \u015fi\u015fe kare \u015feklindedir.<\/span><\/p>\n<p><span data-preserver-spaces=\"true\">Ruisheng Glass Company, kendini y\u00fcksek kaliteli lik\u00f6r cam \u015fi\u015feleri yapmaya adam\u0131\u015ft\u0131r. Fabrikam\u0131zda bir\u00e7ok \u015fekil var. Yuvarlak \u015fekiller, yass\u0131 \u015fekiller, kare \u015fekiller ve di\u011fer \u00f6zel \u015fekiller gibi. Cam \u015fi\u015femizin boyutu 50ml, 100ml, 125ml, 250ml, 375ml, 500ml, 700ml, 750ml, 1000ml, 3000ml ve 187ml gibi di\u011fer \u00f6zel boyutlard\u0131r. T\u00fcm \u00fcr\u00fcnlerimiz toptan ve toplu fiyatland\u0131rmadad\u0131r.<\/span><\/p>\n<h5><span data-preserver-spaces=\"true\">50cl \u00d6zel Lik\u00f6r Cam \u015ei\u015fesinin Detaylar\u0131<\/span><\/h5>\n<p><span data-preserver-spaces=\"true\">Bu 50cl'lik \u00f6zel lik\u00f6r cam \u015fi\u015fesi 580 gr'd\u0131r. Ve bu \u015fi\u015fe a\u011f\u0131r bir tabana sahiptir. <\/span><span data-preserver-spaces=\"true\">Burada bir <\/span><span data-preserver-spaces=\"true\">\u00fczerinde kemer \u015fekli<\/span><span data-preserver-spaces=\"true\"> Altta.<\/span> <span data-preserver-spaces=\"true\">\u015ei\u015fe <\/span><span data-preserver-spaces=\"true\">gibi g\u00f6r\u00fcn\u00fcyor<\/span><span data-preserver-spaces=\"true\"> antik bir \u015fehir duvar\u0131d\u0131r; d\u0131\u015f omuz <\/span><span data-preserver-spaces=\"true\">i\u00e7eride<\/span><span data-preserver-spaces=\"true\"> Omuz.<\/span> <span data-preserver-spaces=\"true\">Bu \u015fi\u015fenin s\u0131zd\u0131rmazl\u0131k tipi bir gala kapa\u011f\u0131d\u0131r; plastik sunabiliriz <\/span><span data-preserver-spaces=\"true\">g<\/span><span data-preserver-spaces=\"true\">ala kapaklar ve al\u00fcmi\u0307nyum plasti\u0307k <\/span><span data-preserver-spaces=\"true\">gala <\/span><span data-preserver-spaces=\"true\">Kapaklar, <\/span><span data-preserver-spaces=\"true\">Buna g\u00f6re<\/span><span data-preserver-spaces=\"true\"> m\u00fc\u015fteri <\/span><span data-preserver-spaces=\"true\">talepler<\/span><span data-preserver-spaces=\"true\">.<\/span><\/p>\n<p><span data-preserver-spaces=\"true\">Yetenekli tasar\u0131mc\u0131lardan olu\u015fan bir ekibe sahip bir cam \u015fi\u015fe \u00fcreticisi oldu\u011fumuz i\u00e7in OEM sipari\u015flerini kabul ediyoruz. <\/span><span data-preserver-spaces=\"true\">Yapabilirsin <\/span><span data-preserver-spaces=\"true\">ver<\/span><span data-preserver-spaces=\"true\"> bize \u00f6rne\u011finizi veya <\/span><span data-preserver-spaces=\"true\">senin<\/span><span data-preserver-spaces=\"true\"> fikir <\/span><span data-preserver-spaces=\"true\">hakk\u0131nda<\/span> <span data-preserver-spaces=\"true\">50cl<\/span><span data-preserver-spaces=\"true\"> \u00f6zel lik\u00f6r cam \u015fi\u015fesi, <\/span><span data-preserver-spaces=\"true\">Biz<\/span> <span data-preserver-spaces=\"true\">olur<\/span><span data-preserver-spaces=\"true\"> tasar\u0131m ve <\/span><span data-preserver-spaces=\"true\">yapmak<\/span><span data-preserver-spaces=\"true\"> \u00f6zel cam \u015fi\u015feleriniz.<\/span><span data-preserver-spaces=\"true\"> Ayr\u0131ca tek elden \u00f6zel hizmetler de sunuyoruz.<\/span><\/p>","protected":false},"excerpt":{"rendered":"<p>Ruisheng Glass Company, 50cl \u00f6zel lik\u00f6r cam \u015fi\u015fe tedarik\u00e7ilerinden biridir. Bu \u015firket \u00e7e\u015fitli lik\u00f6r cam \u015fi\u015feleri sunmaktad\u0131r. \u00c7o\u011fu i\u00e7ki cam \u015fi\u015fesi ye\u015fil veya berrak (\u00e7akmakta\u015f\u0131) olarak mevcuttur. Cam \u015fi\u015felerin boyutu 50ml ila 3 litre aras\u0131nda mevcuttur. Cam, plastik kaplarda saklanamayan malzemeler i\u00e7in m\u00fckemmel g\u00fc\u00e7, dayan\u0131kl\u0131l\u0131k ve uyumluluk sunar. Cam \u015fi\u015feler toksik de\u011fildir, 100% geri d\u00f6n\u00fc\u015ft\u00fcr\u00fclebilir, yeniden kullan\u0131labilir ve gezegen i\u00e7in g\u00fcvenlidir.<\/p>","protected":false},"featured_media":4170,"comment_status":"closed","ping_status":"closed","template":"","meta":[],"product_cat":[41],"class_list":{"0":"post-4169","1":"product","2":"type-product","3":"status-publish","4":"has-post-thumbnail","6":"product_cat-500ml-liquor-bottle-manufacturer","8":"first","9":"instock","10":"shipping-taxable","11":"product-type-simple"},"yoast_head":"<!-- This site is optimized with the Yoast SEO plugin v22.0 - https:\/\/yoast.com\/wordpress\/plugins\/seo\/ -->\n<title>Custom Liquor Bottle Suppliers | Engraved Alcohol Bottles Wholesale<\/title>\n<meta name=\"description\" content=\"Custom Liquor Bottle From China Glass Bottle Manufacturer&amp;Supplier. Engraved Alcohol Bottles Wholesale With Factory Outlet Price.\" \/>\n<meta name=\"robots\" content=\"index, follow, max-snippet:-1, max-image-preview:large, max-video-preview:-1\" \/>\n<link rel=\"canonical\" href=\"https:\/\/ruishengglassco.com\/tr\/urun\/rs111-50cl-ozel-likor-cam-sise-tedarikcileri\" \/>\n<meta property=\"og:locale\" content=\"tr_TR\" \/>\n<meta property=\"og:type\" content=\"article\" \/>\n<meta property=\"og:title\" content=\"Custom Liquor Bottle Suppliers | Engraved Alcohol Bottles Wholesale\" \/>\n<meta property=\"og:description\" content=\"Custom Liquor Bottle From China Glass Bottle Manufacturer&amp;Supplier. Engraved Alcohol Bottles Wholesale With Factory Outlet Price.\" \/>\n<meta property=\"og:url\" content=\"https:\/\/ruishengglassco.com\/tr\/urun\/rs111-50cl-ozel-likor-cam-sise-tedarikcileri\" \/>\n<meta property=\"article:publisher\" content=\"https:\/\/www.facebook.com\/ruishengglassbottles\" \/>\n<meta property=\"article:modified_time\" content=\"2025-07-17T05:43:18+00:00\" \/>\n<meta property=\"og:image\" content=\"https:\/\/ruishengglassco.com\/wp-content\/uploads\/2025\/03\/RS111-50cl-Custom-Liquor-Glass-Bottle-Suppliers.webp\" \/>\n\t<meta property=\"og:image:width\" content=\"400\" \/>\n\t<meta property=\"og:image:height\" content=\"400\" \/>\n\t<meta property=\"og:image:type\" content=\"image\/webp\" \/>\n<meta name=\"twitter:card\" content=\"summary_large_image\" \/>\n<meta name=\"twitter:label1\" content=\"Tahmini okuma s\u00fcresi\" \/>\n\t<meta name=\"twitter:data1\" content=\"2 dakika\" \/>\n<script type=\"application\/ld+json\" class=\"yoast-schema-graph\">{\"@context\":\"https:\/\/schema.org\",\"@graph\":[{\"@type\":\"WebPage\",\"@id\":\"https:\/\/ruishengglassco.com\/product\/rs111-50cl-custom-liquor-glass-bottle-suppliers\",\"url\":\"https:\/\/ruishengglassco.com\/product\/rs111-50cl-custom-liquor-glass-bottle-suppliers\",\"name\":\"Custom Liquor Bottle Suppliers | Engraved Alcohol Bottles Wholesale\",\"isPartOf\":{\"@id\":\"https:\/\/ruishengglassco.com\/#website\"},\"datePublished\":\"2025-03-14T16:14:47+00:00\",\"dateModified\":\"2025-07-17T05:43:18+00:00\",\"description\":\"Custom Liquor Bottle From China Glass Bottle Manufacturer&Supplier. Engraved Alcohol Bottles Wholesale With Factory Outlet Price.\",\"breadcrumb\":{\"@id\":\"https:\/\/ruishengglassco.com\/product\/rs111-50cl-custom-liquor-glass-bottle-suppliers#breadcrumb\"},\"inLanguage\":\"tr\",\"potentialAction\":[{\"@type\":\"ReadAction\",\"target\":[\"https:\/\/ruishengglassco.com\/product\/rs111-50cl-custom-liquor-glass-bottle-suppliers\"]}]},{\"@type\":\"BreadcrumbList\",\"@id\":\"https:\/\/ruishengglassco.com\/product\/rs111-50cl-custom-liquor-glass-bottle-suppliers#breadcrumb\",\"itemListElement\":[{\"@type\":\"ListItem\",\"position\":1,\"name\":\"Home\",\"item\":\"https:\/\/ruishengglassco.com\/\"},{\"@type\":\"ListItem\",\"position\":2,\"name\":\"Products\",\"item\":\"https:\/\/ruishengglassco.com\/products\"},{\"@type\":\"ListItem\",\"position\":3,\"name\":\"RS111: 50cl Custom Liquor Glass Bottle Suppliers\"}]},{\"@type\":\"WebSite\",\"@id\":\"https:\/\/ruishengglassco.com\/#website\",\"url\":\"https:\/\/ruishengglassco.com\/\",\"name\":\"Ruisheng Glass\",\"description\":\"\",\"publisher\":{\"@id\":\"https:\/\/ruishengglassco.com\/#organization\"},\"potentialAction\":[{\"@type\":\"SearchAction\",\"target\":{\"@type\":\"EntryPoint\",\"urlTemplate\":\"https:\/\/ruishengglassco.com\/?s={search_term_string}\"},\"query-input\":\"required name=search_term_string\"}],\"inLanguage\":\"tr\"},{\"@type\":\"Organization\",\"@id\":\"https:\/\/ruishengglassco.com\/#organization\",\"name\":\"Shandong Yuncheng Ruisheng Glass Co., Ltd\",\"url\":\"https:\/\/ruishengglassco.com\/\",\"logo\":{\"@type\":\"ImageObject\",\"inLanguage\":\"tr\",\"@id\":\"https:\/\/ruishengglassco.com\/#\/schema\/logo\/image\/\",\"url\":\"https:\/\/ruishengglassco.com\/wp-content\/uploads\/2023\/09\/ruisheng_logo_icon.webp\",\"contentUrl\":\"https:\/\/ruishengglassco.com\/wp-content\/uploads\/2023\/09\/ruisheng_logo_icon.webp\",\"width\":400,\"height\":233,\"caption\":\"Shandong Yuncheng Ruisheng Glass Co., Ltd\"},\"image\":{\"@id\":\"https:\/\/ruishengglassco.com\/#\/schema\/logo\/image\/\"},\"sameAs\":[\"https:\/\/www.facebook.com\/ruishengglassbottles\",\"https:\/\/www.instagram.com\/Ruishengglassbottlewholesales\/\",\"https:\/\/www.youtube.com\/channel\/UCMmbMNGwsL-XrtjfSFLCdVQ\"]}]}<\/script>\n<!-- \/ Yoast SEO plugin. -->","yoast_head_json":{"title":"Custom Liquor Bottle Suppliers | Engraved Alcohol Bottles Wholesale","description":"Custom Liquor Bottle From China Glass Bottle Manufacturer&Supplier. Engraved Alcohol Bottles Wholesale With Factory Outlet Price.","robots":{"index":"index","follow":"follow","max-snippet":"max-snippet:-1","max-image-preview":"max-image-preview:large","max-video-preview":"max-video-preview:-1"},"canonical":"https:\/\/ruishengglassco.com\/tr\/urun\/rs111-50cl-ozel-likor-cam-sise-tedarikcileri","og_locale":"tr_TR","og_type":"article","og_title":"Custom Liquor Bottle Suppliers | Engraved Alcohol Bottles Wholesale","og_description":"Custom Liquor Bottle From China Glass Bottle Manufacturer&Supplier. Engraved Alcohol Bottles Wholesale With Factory Outlet Price.","og_url":"https:\/\/ruishengglassco.com\/tr\/urun\/rs111-50cl-ozel-likor-cam-sise-tedarikcileri","article_publisher":"https:\/\/www.facebook.com\/ruishengglassbottles","article_modified_time":"2025-07-17T05:43:18+00:00","og_image":[{"width":400,"height":400,"url":"https:\/\/ruishengglassco.com\/wp-content\/uploads\/2025\/03\/RS111-50cl-Custom-Liquor-Glass-Bottle-Suppliers.webp","type":"image\/webp"}],"twitter_card":"summary_large_image","twitter_misc":{"Tahmini okuma s\u00fcresi":"2 dakika"},"schema":{"@context":"https:\/\/schema.org","@graph":[{"@type":"WebPage","@id":"https:\/\/ruishengglassco.com\/product\/rs111-50cl-custom-liquor-glass-bottle-suppliers","url":"https:\/\/ruishengglassco.com\/product\/rs111-50cl-custom-liquor-glass-bottle-suppliers","name":"Custom Liquor Bottle Suppliers | Engraved Alcohol Bottles Wholesale","isPartOf":{"@id":"https:\/\/ruishengglassco.com\/#website"},"datePublished":"2025-03-14T16:14:47+00:00","dateModified":"2025-07-17T05:43:18+00:00","description":"Custom Liquor Bottle From China Glass Bottle Manufacturer&Supplier. Engraved Alcohol Bottles Wholesale With Factory Outlet Price.","breadcrumb":{"@id":"https:\/\/ruishengglassco.com\/product\/rs111-50cl-custom-liquor-glass-bottle-suppliers#breadcrumb"},"inLanguage":"tr","potentialAction":[{"@type":"ReadAction","target":["https:\/\/ruishengglassco.com\/product\/rs111-50cl-custom-liquor-glass-bottle-suppliers"]}]},{"@type":"BreadcrumbList","@id":"https:\/\/ruishengglassco.com\/product\/rs111-50cl-custom-liquor-glass-bottle-suppliers#breadcrumb","itemListElement":[{"@type":"ListItem","position":1,"name":"Home","item":"https:\/\/ruishengglassco.com\/"},{"@type":"ListItem","position":2,"name":"Products","item":"https:\/\/ruishengglassco.com\/products"},{"@type":"ListItem","position":3,"name":"RS111: 50cl Custom Liquor Glass Bottle Suppliers"}]},{"@type":"WebSite","@id":"https:\/\/ruishengglassco.com\/#website","url":"https:\/\/ruishengglassco.com\/","name":"Ruisheng Glass","description":"","publisher":{"@id":"https:\/\/ruishengglassco.com\/#organization"},"potentialAction":[{"@type":"SearchAction","target":{"@type":"EntryPoint","urlTemplate":"https:\/\/ruishengglassco.com\/?s={search_term_string}"},"query-input":"required name=search_term_string"}],"inLanguage":"tr"},{"@type":"Organization","@id":"https:\/\/ruishengglassco.com\/#organization","name":"Shandong Yuncheng Ruisheng Glass Co., Ltd","url":"https:\/\/ruishengglassco.com\/","logo":{"@type":"ImageObject","inLanguage":"tr","@id":"https:\/\/ruishengglassco.com\/#\/schema\/logo\/image\/","url":"https:\/\/ruishengglassco.com\/wp-content\/uploads\/2023\/09\/ruisheng_logo_icon.webp","contentUrl":"https:\/\/ruishengglassco.com\/wp-content\/uploads\/2023\/09\/ruisheng_logo_icon.webp","width":400,"height":233,"caption":"Shandong Yuncheng Ruisheng Glass Co., Ltd"},"image":{"@id":"https:\/\/ruishengglassco.com\/#\/schema\/logo\/image\/"},"sameAs":["https:\/\/www.facebook.com\/ruishengglassbottles","https:\/\/www.instagram.com\/Ruishengglassbottlewholesales\/","https:\/\/www.youtube.com\/channel\/UCMmbMNGwsL-XrtjfSFLCdVQ"]}]}},"_links":{"self":[{"href":"https:\/\/ruishengglassco.com\/tr\/wp-json\/wp\/v2\/product\/4169","targetHints":{"allow":["GET"]}}],"collection":[{"href":"https:\/\/ruishengglassco.com\/tr\/wp-json\/wp\/v2\/product"}],"about":[{"href":"https:\/\/ruishengglassco.com\/tr\/wp-json\/wp\/v2\/types\/product"}],"replies":[{"embeddable":true,"href":"https:\/\/ruishengglassco.com\/tr\/wp-json\/wp\/v2\/comments?post=4169"}],"wp:featuredmedia":[{"embeddable":true,"href":"https:\/\/ruishengglassco.com\/tr\/wp-json\/wp\/v2\/media\/4170"}],"wp:attachment":[{"href":"https:\/\/ruishengglassco.com\/tr\/wp-json\/wp\/v2\/media?parent=4169"}],"wp:term":[{"taxonomy":"product_cat","embeddable":true,"href":"https:\/\/ruishengglassco.com\/tr\/wp-json\/wp\/v2\/product_cat?post=4169"}],"curies":[{"name":"wp","href":"https:\/\/api.w.org\/{rel}","templated":true}]}}