{"id":4165,"date":"2025-03-15T00:08:40","date_gmt":"2025-03-14T16:08:40","guid":{"rendered":"https:\/\/ruishengglassco.com\/?post_type=product&#038;p=4165"},"modified":"2025-09-12T09:37:59","modified_gmt":"2025-09-12T01:37:59","slug":"rs113-750ml-bos-likor-siseleri-tedarikcisi","status":"publish","type":"product","link":"https:\/\/ruishengglassco.com\/tr\/urun\/rs113-750ml-bos-likor-siseleri-tedarikcisi","title":{"rendered":"RS113: 750ml Bo\u015f Lik\u00f6r \u015ei\u015feleri Tedarik\u00e7isi"},"content":{"rendered":"<h2>750ml Bo\u015f Lik\u00f6r \u015ei\u015feleri Tedarik\u00e7isi \u0130\u00e7in Sipari\u015finize Ho\u015f Geldiniz<\/h2>\n<p><span data-preserver-spaces=\"true\">Yapabilece\u011finiz bir web sitesi mi ar\u0131yorsunuz?<\/span> <span data-preserver-spaces=\"true\">internetten i\u00e7ki \u015fi\u015fesi sat\u0131n almak?\u00a0 <\/span><span data-preserver-spaces=\"true\">Bu\u00a0<\/span><em><span data-preserver-spaces=\"true\">750ml Bo\u015f Lik\u00f6r \u015ei\u015feleri toptan sat\u0131\u015f\u0131 <\/span><\/em><span data-preserver-spaces=\"true\">biri <\/span><span data-preserver-spaces=\"true\">ve<\/span><span data-preserver-spaces=\"true\"> projeler <\/span><span data-preserver-spaces=\"true\">i\u00e7inde <\/span><a class=\"editor-rtfLink\" href=\"https:\/\/glassbottlewholesale.com\" target=\"_blank\" rel=\"noopener\"><span data-preserver-spaces=\"true\">Ruisheng<\/span><\/a><span data-preserver-spaces=\"true\">, <\/span><span data-preserver-spaces=\"true\">en b\u00fcy\u00fcklerinden biri<\/span><span data-preserver-spaces=\"true\"> lik\u00f6r <\/span><span data-preserver-spaces=\"true\">\u015ei\u015fe Tedarik\u00e7ileri<\/span><span data-preserver-spaces=\"true\"> \u00c7in'de.<\/span><span data-preserver-spaces=\"true\"> Bu 750 ml'lik cam \u015fi\u015feden daha fazlas\u0131n\u0131 sunuyoruz. <\/span><span data-preserver-spaces=\"true\">Kontrol et<\/span><span data-preserver-spaces=\"true\"> cam \u015fi\u015fe \u00e7e\u015fitlerimiz, <\/span><span data-preserver-spaces=\"true\">gibi<\/span><span data-preserver-spaces=\"true\"> 50 ml'lik mini \u015fi\u015fe, 250 ml'lik \u015fi\u015fe, 700 ml'lik \u015fi\u015fe ve 1 litrelik b\u00fcy\u00fck \u015fi\u015fe.<\/span><span data-preserver-spaces=\"true\"> Bunlar votka, viski, brendi, tekila ve daha fazlas\u0131 i\u00e7in ispirto \u015fi\u015fesi olarak kullan\u0131labilir.<\/span><\/p>\n<p><span data-preserver-spaces=\"true\">Bu konu hakk\u0131nda<\/span><span data-preserver-spaces=\"true\"> 750ml cam lik\u00f6r \u015fi\u015fesi toptan sat\u0131\u015f\u0131, logonuzu \u00fczerine basabiliriz <\/span><span data-preserver-spaces=\"true\">veya logonuzu \u00fczerine yazd\u0131r\u0131n<\/span><span data-preserver-spaces=\"true\"> Kapa\u011f\u0131.<\/span><span data-preserver-spaces=\"true\"> Bu rengi be\u011fenmezseniz, tercihlerinize uygun renkleri de kar\u0131\u015ft\u0131rabiliriz. <\/span><span data-preserver-spaces=\"true\">Sat\u0131l\u0131k cam i\u00e7ki \u015fi\u015feleri <\/span><span data-preserver-spaces=\"true\">yap\u0131l\u0131r<\/span><span data-preserver-spaces=\"true\"> cam lik\u00f6r s\u00fcrahilerini yapan y\u00fcksek \u00e7akmakta\u015f\u0131 cam malzemeden <\/span><span data-preserver-spaces=\"true\">daha net<\/span><span data-preserver-spaces=\"true\">dayan\u0131kl\u0131 ve daha p\u00fcr\u00fczs\u00fczd\u00fcr.<\/span> <span data-preserver-spaces=\"true\">Bu 750 ml'lik bo\u015f \u015fi\u015fe <\/span><span data-preserver-spaces=\"true\">o <\/span><span data-preserver-spaces=\"true\">gagged<\/span><span data-preserver-spaces=\"true\">darbo\u011faz\u0131 ise <\/span><span data-preserver-spaces=\"true\">i\u00e7in uygun<\/span><span data-preserver-spaces=\"true\"> ah\u015fap mantar, polimer mantar, sentetik mantar ve <\/span><span data-preserver-spaces=\"true\">bu y\u00fczden<\/span><span data-preserver-spaces=\"true\">.<\/span><span data-preserver-spaces=\"true\"> \u015eirketimizin 500'den fazla \u00e7al\u0131\u015fan\u0131 ve yetenekli m\u00fchendislerden olu\u015fan bir ekibi vard\u0131r. Zengin deneyimimizle, d\u00fcnya \u00e7ap\u0131nda iyi bir \u00fcne sahibiz.<\/span><\/p>\n<p><span data-preserver-spaces=\"true\">Ba\u015fl\u0131ca \u00fcr\u00fcnlerimiz \u015farap \u015fi\u015feleri, votka \u015fi\u015feleri, brendi \u015fi\u015feleri, viski \u015fi\u015feleri, mini lik\u00f6r \u015fi\u015feleri, re\u00e7el \u015fi\u015feleri ve daha fazlas\u0131 dahil olmak \u00fczere toptan sat\u0131\u015f i\u00e7in birinci s\u0131n\u0131f bo\u015f cam \u015fi\u015felerdir. <\/span><span data-preserver-spaces=\"true\">Biz <\/span><span data-preserver-spaces=\"true\">olabilir<\/span><span data-preserver-spaces=\"true\"> amber cam \u015fi\u015feler, ye\u015fil \u015fi\u015feler ve<\/span><span data-preserver-spaces=\"true\"> a <\/span><span data-preserver-spaces=\"true\">su <\/span><span data-preserver-spaces=\"true\">\u015ei\u015fe<\/span><span data-preserver-spaces=\"true\">.<\/span> <span data-preserver-spaces=\"true\">Bizim <\/span><span data-preserver-spaces=\"true\">ana<\/span><span data-preserver-spaces=\"true\"> pazarlar aras\u0131nda Avrupa, Avrupa <\/span><span data-preserver-spaces=\"true\">ABD<\/span><span data-preserver-spaces=\"true\">ve Avustralya.<\/span><span data-preserver-spaces=\"true\"> T\u00fcm \u00fcr\u00fcnlerimiz yenilik\u00e7ilik ve i\u015flevsellik a\u00e7\u0131s\u0131ndan g\u00fc\u00e7l\u00fc bir \u00fcne sahiptir.<\/span><\/p>\n<h2><span data-preserver-spaces=\"true\">\u00a0<\/span><\/h2>\n<p><span style=\"font-size: 23.04px; color: #333333;\">750ml Bo\u015f Lik\u00f6r \u015ei\u015feleri Tedarik\u00e7isi Hakk\u0131nda<\/span><\/p>\n<ul>\n<li>Ana malzeme: y\u00fcksek \u00e7akmakta\u015f\u0131 cam<\/li>\n<li>Kapak: vidal\u0131 kapak<\/li>\n<li>Referans: RS113<\/li>\n<li>ADEDI: 10000 ADET<\/li>\n<li>Kapasite: 750ml<\/li>\n<li>Adet\/Ctn: 24 adet<\/li>\n<li>Yerin k\u00f6keni: Shandong, \u00c7in<\/li>\n<li>\u00d6zellik: \u00c7evre dostu<\/li>\n<\/ul>\n<p>Web sitemizi ziyaret etmeye ve \u00e7evrimi\u00e7i bo\u015f lik\u00f6r \u015fi\u015feleri sat\u0131n almaya ho\u015f geldiniz. Umar\u0131m mantarl\u0131 cam lik\u00f6r \u015fi\u015felerimizi be\u011fenir ve sipari\u015f verirsiniz.<\/p>\n<p>Bu haval\u0131 lik\u00f6r \u015fi\u015fesi fiyatlar\u0131m\u0131zla ilgileniyorsan\u0131z, l\u00fctfen bizimle ileti\u015fime ge\u00e7in. Size 24 saat i\u00e7inde cevap verece\u011fiz.<\/p>","protected":false},"excerpt":{"rendered":"<p>Cam \u015fi\u015fe tedarik\u00e7ileri, \u015firketler, toptanc\u0131lar ve distrib\u00fct\u00f6rler i\u00e7in toptan 750ml bo\u015f lik\u00f6r \u015fi\u015feleri. Bu yuvarlak i\u00e7ki \u015fi\u015fesi seti ah\u015fap mantar veya vidal\u0131 kapak ile birlikte gelir. Mantarl\u0131 cam \u015fi\u015feler \u00fcr\u00fcnlerinize ek koruma sa\u011flar ve onlar\u0131 birincil ko\u015fullarda tutar. \u00d6zel etiket hizmeti sunulmaktad\u0131r.<\/p>\n<h2>Details About 750ml Bo\u015f Lik\u00f6r \u015ei\u015feleri Toptan Sat\u0131\u015f<\/h2>\n<ul>\n<li>Referans: RS113<\/li>\n<li><strong>OEM \/ ODM Hizmeti sunulmaktad\u0131r. Adedi: 10000 adet (10000 ADET)<\/strong><\/li>\n<li>Kapak: Mantar, vidal\u0131 kapak veya \u00f6zel<\/li>\n<li>Malzeme Y\u00fcksek Flint Cam<\/li>\n<li>\u015ei\u015fe Y\u00fcksekli\u011fi:220 mm<\/li>\n<li>\u015ei\u015fe \u00c7ap\u0131: 55mm<\/li>\n<\/ul>","protected":false},"featured_media":4166,"comment_status":"closed","ping_status":"closed","template":"","meta":[],"product_cat":[40,46],"class_list":{"0":"post-4165","1":"product","2":"type-product","3":"status-publish","4":"has-post-thumbnail","6":"product_cat-750ml-liquor-bottle-manufacturer","7":"product_cat-tequila-bottle","9":"first","10":"instock","11":"shipping-taxable","12":"product-type-simple"},"yoast_head":"<!-- This site is optimized with the Yoast SEO plugin v22.0 - https:\/\/yoast.com\/wordpress\/plugins\/seo\/ -->\n<title>750ml Empty Liquor Bottles Supplier | Cheap Glass Bottles Bulk<\/title>\n<meta name=\"description\" content=\"Buy 750ml Empty Liquor Bottles Wholesale From China Glass Bottle Manufacturer. Factory Outlet&amp;Cheap Glass Bottles Bulk Price.\" \/>\n<meta name=\"robots\" content=\"index, follow, max-snippet:-1, max-image-preview:large, max-video-preview:-1\" \/>\n<link rel=\"canonical\" href=\"https:\/\/ruishengglassco.com\/tr\/urun\/rs113-750ml-bos-likor-siseleri-tedarikcisi\" \/>\n<meta property=\"og:locale\" content=\"tr_TR\" \/>\n<meta property=\"og:type\" content=\"article\" \/>\n<meta property=\"og:title\" content=\"750ml Empty Liquor Bottles Supplier | Cheap Glass Bottles Bulk\" \/>\n<meta property=\"og:description\" content=\"Buy 750ml Empty Liquor Bottles Wholesale From China Glass Bottle Manufacturer. Factory Outlet&amp;Cheap Glass Bottles Bulk Price.\" \/>\n<meta property=\"og:url\" content=\"https:\/\/ruishengglassco.com\/tr\/urun\/rs113-750ml-bos-likor-siseleri-tedarikcisi\" \/>\n<meta property=\"article:publisher\" content=\"https:\/\/www.facebook.com\/ruishengglassbottles\" \/>\n<meta property=\"article:modified_time\" content=\"2025-09-12T01:37:59+00:00\" \/>\n<meta property=\"og:image\" content=\"https:\/\/ruishengglassco.com\/wp-content\/uploads\/2025\/03\/RS113-750ml-Empty-Liquor-Bottles-Wholesale.webp\" \/>\n\t<meta property=\"og:image:width\" content=\"800\" \/>\n\t<meta property=\"og:image:height\" content=\"800\" \/>\n\t<meta property=\"og:image:type\" content=\"image\/webp\" \/>\n<meta name=\"twitter:card\" content=\"summary_large_image\" \/>\n<meta name=\"twitter:label1\" content=\"Tahmini okuma s\u00fcresi\" \/>\n\t<meta name=\"twitter:data1\" content=\"2 dakika\" \/>\n<script type=\"application\/ld+json\" class=\"yoast-schema-graph\">{\"@context\":\"https:\/\/schema.org\",\"@graph\":[{\"@type\":\"WebPage\",\"@id\":\"https:\/\/ruishengglassco.com\/product\/rs113-750ml-empty-liquor-bottles-supplier\",\"url\":\"https:\/\/ruishengglassco.com\/product\/rs113-750ml-empty-liquor-bottles-supplier\",\"name\":\"750ml Empty Liquor Bottles Supplier | Cheap Glass Bottles Bulk\",\"isPartOf\":{\"@id\":\"https:\/\/ruishengglassco.com\/#website\"},\"datePublished\":\"2025-03-14T16:08:40+00:00\",\"dateModified\":\"2025-09-12T01:37:59+00:00\",\"description\":\"Buy 750ml Empty Liquor Bottles Wholesale From China Glass Bottle Manufacturer. Factory Outlet&Cheap Glass Bottles Bulk Price.\",\"breadcrumb\":{\"@id\":\"https:\/\/ruishengglassco.com\/product\/rs113-750ml-empty-liquor-bottles-supplier#breadcrumb\"},\"inLanguage\":\"tr\",\"potentialAction\":[{\"@type\":\"ReadAction\",\"target\":[\"https:\/\/ruishengglassco.com\/product\/rs113-750ml-empty-liquor-bottles-supplier\"]}]},{\"@type\":\"BreadcrumbList\",\"@id\":\"https:\/\/ruishengglassco.com\/product\/rs113-750ml-empty-liquor-bottles-supplier#breadcrumb\",\"itemListElement\":[{\"@type\":\"ListItem\",\"position\":1,\"name\":\"Home\",\"item\":\"https:\/\/ruishengglassco.com\/\"},{\"@type\":\"ListItem\",\"position\":2,\"name\":\"Products\",\"item\":\"https:\/\/ruishengglassco.com\/products\"},{\"@type\":\"ListItem\",\"position\":3,\"name\":\"RS113: 750ml Empty Liquor Bottles Supplier\"}]},{\"@type\":\"WebSite\",\"@id\":\"https:\/\/ruishengglassco.com\/#website\",\"url\":\"https:\/\/ruishengglassco.com\/\",\"name\":\"Ruisheng Glass\",\"description\":\"\",\"publisher\":{\"@id\":\"https:\/\/ruishengglassco.com\/#organization\"},\"potentialAction\":[{\"@type\":\"SearchAction\",\"target\":{\"@type\":\"EntryPoint\",\"urlTemplate\":\"https:\/\/ruishengglassco.com\/?s={search_term_string}\"},\"query-input\":\"required name=search_term_string\"}],\"inLanguage\":\"tr\"},{\"@type\":\"Organization\",\"@id\":\"https:\/\/ruishengglassco.com\/#organization\",\"name\":\"Shandong Yuncheng Ruisheng Glass Co., Ltd\",\"url\":\"https:\/\/ruishengglassco.com\/\",\"logo\":{\"@type\":\"ImageObject\",\"inLanguage\":\"tr\",\"@id\":\"https:\/\/ruishengglassco.com\/#\/schema\/logo\/image\/\",\"url\":\"https:\/\/ruishengglassco.com\/wp-content\/uploads\/2023\/09\/ruisheng_logo_icon.webp\",\"contentUrl\":\"https:\/\/ruishengglassco.com\/wp-content\/uploads\/2023\/09\/ruisheng_logo_icon.webp\",\"width\":400,\"height\":233,\"caption\":\"Shandong Yuncheng Ruisheng Glass Co., Ltd\"},\"image\":{\"@id\":\"https:\/\/ruishengglassco.com\/#\/schema\/logo\/image\/\"},\"sameAs\":[\"https:\/\/www.facebook.com\/ruishengglassbottles\",\"https:\/\/www.instagram.com\/Ruishengglassbottlewholesales\/\",\"https:\/\/www.youtube.com\/channel\/UCMmbMNGwsL-XrtjfSFLCdVQ\"]}]}<\/script>\n<!-- \/ Yoast SEO plugin. -->","yoast_head_json":{"title":"750ml Empty Liquor Bottles Supplier | Cheap Glass Bottles Bulk","description":"Buy 750ml Empty Liquor Bottles Wholesale From China Glass Bottle Manufacturer. Factory Outlet&Cheap Glass Bottles Bulk Price.","robots":{"index":"index","follow":"follow","max-snippet":"max-snippet:-1","max-image-preview":"max-image-preview:large","max-video-preview":"max-video-preview:-1"},"canonical":"https:\/\/ruishengglassco.com\/tr\/urun\/rs113-750ml-bos-likor-siseleri-tedarikcisi","og_locale":"tr_TR","og_type":"article","og_title":"750ml Empty Liquor Bottles Supplier | Cheap Glass Bottles Bulk","og_description":"Buy 750ml Empty Liquor Bottles Wholesale From China Glass Bottle Manufacturer. Factory Outlet&Cheap Glass Bottles Bulk Price.","og_url":"https:\/\/ruishengglassco.com\/tr\/urun\/rs113-750ml-bos-likor-siseleri-tedarikcisi","article_publisher":"https:\/\/www.facebook.com\/ruishengglassbottles","article_modified_time":"2025-09-12T01:37:59+00:00","og_image":[{"width":800,"height":800,"url":"https:\/\/ruishengglassco.com\/wp-content\/uploads\/2025\/03\/RS113-750ml-Empty-Liquor-Bottles-Wholesale.webp","type":"image\/webp"}],"twitter_card":"summary_large_image","twitter_misc":{"Tahmini okuma s\u00fcresi":"2 dakika"},"schema":{"@context":"https:\/\/schema.org","@graph":[{"@type":"WebPage","@id":"https:\/\/ruishengglassco.com\/product\/rs113-750ml-empty-liquor-bottles-supplier","url":"https:\/\/ruishengglassco.com\/product\/rs113-750ml-empty-liquor-bottles-supplier","name":"750ml Empty Liquor Bottles Supplier | Cheap Glass Bottles Bulk","isPartOf":{"@id":"https:\/\/ruishengglassco.com\/#website"},"datePublished":"2025-03-14T16:08:40+00:00","dateModified":"2025-09-12T01:37:59+00:00","description":"Buy 750ml Empty Liquor Bottles Wholesale From China Glass Bottle Manufacturer. Factory Outlet&Cheap Glass Bottles Bulk Price.","breadcrumb":{"@id":"https:\/\/ruishengglassco.com\/product\/rs113-750ml-empty-liquor-bottles-supplier#breadcrumb"},"inLanguage":"tr","potentialAction":[{"@type":"ReadAction","target":["https:\/\/ruishengglassco.com\/product\/rs113-750ml-empty-liquor-bottles-supplier"]}]},{"@type":"BreadcrumbList","@id":"https:\/\/ruishengglassco.com\/product\/rs113-750ml-empty-liquor-bottles-supplier#breadcrumb","itemListElement":[{"@type":"ListItem","position":1,"name":"Home","item":"https:\/\/ruishengglassco.com\/"},{"@type":"ListItem","position":2,"name":"Products","item":"https:\/\/ruishengglassco.com\/products"},{"@type":"ListItem","position":3,"name":"RS113: 750ml Empty Liquor Bottles Supplier"}]},{"@type":"WebSite","@id":"https:\/\/ruishengglassco.com\/#website","url":"https:\/\/ruishengglassco.com\/","name":"Ruisheng Glass","description":"","publisher":{"@id":"https:\/\/ruishengglassco.com\/#organization"},"potentialAction":[{"@type":"SearchAction","target":{"@type":"EntryPoint","urlTemplate":"https:\/\/ruishengglassco.com\/?s={search_term_string}"},"query-input":"required name=search_term_string"}],"inLanguage":"tr"},{"@type":"Organization","@id":"https:\/\/ruishengglassco.com\/#organization","name":"Shandong Yuncheng Ruisheng Glass Co., Ltd","url":"https:\/\/ruishengglassco.com\/","logo":{"@type":"ImageObject","inLanguage":"tr","@id":"https:\/\/ruishengglassco.com\/#\/schema\/logo\/image\/","url":"https:\/\/ruishengglassco.com\/wp-content\/uploads\/2023\/09\/ruisheng_logo_icon.webp","contentUrl":"https:\/\/ruishengglassco.com\/wp-content\/uploads\/2023\/09\/ruisheng_logo_icon.webp","width":400,"height":233,"caption":"Shandong Yuncheng Ruisheng Glass Co., Ltd"},"image":{"@id":"https:\/\/ruishengglassco.com\/#\/schema\/logo\/image\/"},"sameAs":["https:\/\/www.facebook.com\/ruishengglassbottles","https:\/\/www.instagram.com\/Ruishengglassbottlewholesales\/","https:\/\/www.youtube.com\/channel\/UCMmbMNGwsL-XrtjfSFLCdVQ"]}]}},"_links":{"self":[{"href":"https:\/\/ruishengglassco.com\/tr\/wp-json\/wp\/v2\/product\/4165","targetHints":{"allow":["GET"]}}],"collection":[{"href":"https:\/\/ruishengglassco.com\/tr\/wp-json\/wp\/v2\/product"}],"about":[{"href":"https:\/\/ruishengglassco.com\/tr\/wp-json\/wp\/v2\/types\/product"}],"replies":[{"embeddable":true,"href":"https:\/\/ruishengglassco.com\/tr\/wp-json\/wp\/v2\/comments?post=4165"}],"wp:featuredmedia":[{"embeddable":true,"href":"https:\/\/ruishengglassco.com\/tr\/wp-json\/wp\/v2\/media\/4166"}],"wp:attachment":[{"href":"https:\/\/ruishengglassco.com\/tr\/wp-json\/wp\/v2\/media?parent=4165"}],"wp:term":[{"taxonomy":"product_cat","embeddable":true,"href":"https:\/\/ruishengglassco.com\/tr\/wp-json\/wp\/v2\/product_cat?post=4165"}],"curies":[{"name":"wp","href":"https:\/\/api.w.org\/{rel}","templated":true}]}}