{"id":4163,"date":"2025-03-15T00:05:40","date_gmt":"2025-03-14T16:05:40","guid":{"rendered":"https:\/\/ruishengglassco.com\/?post_type=product&#038;p=4163"},"modified":"2025-09-11T16:11:58","modified_gmt":"2025-09-11T08:11:58","slug":"rs114-375ml-uzun-boyunlu-t-mantarli-cam-siseler","status":"publish","type":"product","link":"https:\/\/ruishengglassco.com\/tr\/urun\/rs114-375ml-uzun-boyunlu-t-mantarli-cam-siseler","title":{"rendered":"RS114: 375ml Uzun Boyunlu T-Mantarl\u0131 Cam \u015ei\u015feler"},"content":{"rendered":"<p><span data-preserver-spaces=\"true\">375ml cam lik\u00f6r \u015fi\u015fesi \u00fcreticisi Shandong Yuncheng Ruisheng Glass Co, Ltd, \u00c7in'deki en b\u00fcy\u00fck y\u00fcksek \u00e7akmakta\u015f\u0131 cam \u015fi\u015fe fabrikalar\u0131ndan biridir. Ve firmam\u0131z bir sanayi ve ticaret \u015firketidir. Cam \u015fi\u015feleri Avrupa, ABD, Avustralya, Amerika ve di\u011fer \u00fclke ve b\u00f6lgelere sat\u0131yoruz.<\/span><\/p>\n<p><span data-preserver-spaces=\"true\">Bu 375 ml'lik cam lik\u00f6r \u015fi\u015fesi silindirik bir \u015fekle sahiptir ve<\/span> <span data-preserver-spaces=\"true\">ta\u015f\u0131mas\u0131 \u00e7ok kolayd\u0131r. <\/span><span data-preserver-spaces=\"true\">Bu cam \u015fi\u015feler kullan\u0131labilir<\/span><span data-preserver-spaces=\"true\"> Votka, cin, viski ve di\u011fer s\u0131v\u0131 \u015fi\u015feleri i\u00e7in. Bu \u015fi\u015feler i\u00e7in s\u0131zd\u0131rmazl\u0131k tipimiz ah\u015fap mantard\u0131r. Her boyutta ve farkl\u0131 malzemelerle mantar \u00fcretebiliriz.<\/span><\/p>\n<h2><span data-preserver-spaces=\"true\">375ml Cam Lik\u00f6r \u015ei\u015felerinin Detaylar\u0131<\/span><\/h2>\n<p><span data-preserver-spaces=\"true\">375 ml'lik cam lik\u00f6r \u015fi\u015fesinin \u00e7ap\u0131 59 mm \u00b1 1,5 mm ve y\u00fcksekli\u011fi 343,8 mm \u00b1 2 mm'dir. Bu \u015fi\u015felerin cam a\u011f\u0131rl\u0131\u011f\u0131 580 gr'd\u0131r.  Bu 375 ml'lik cam lik\u00f6r \u015fi\u015fesinin boyun kaplamas\u0131 T- a'd\u0131r.<\/span> <span data-preserver-spaces=\"true\">mantar kaplama.<\/span><\/p>\n<p><span data-preserver-spaces=\"true\">Bu cam \u015fi\u015feler i\u00e7in kullan\u0131lan birincil malzeme y\u00fcksek \u00e7akmakta\u015f\u0131 camd\u0131r. Bu malzeme birinci s\u0131n\u0131ft\u0131r ve cam \u015fi\u015feleri \u00e7ok berrak ve dayan\u0131kl\u0131 hale getirir.<\/span><\/p>\n<p><span data-preserver-spaces=\"true\">Hakk\u0131nda<\/span><span data-preserver-spaces=\"true\"> paketleme <\/span><span data-preserver-spaces=\"true\">yol<\/span><span data-preserver-spaces=\"true\">, farkl\u0131 miktarlar <\/span><span data-preserver-spaces=\"true\">ile<\/span><span data-preserver-spaces=\"true\"> farkl\u0131 paketleme <\/span><span data-preserver-spaces=\"true\">yollar<\/span><span data-preserver-spaces=\"true\">.<\/span><span data-preserver-spaces=\"true\"> Sipari\u015finiz k\u00fc\u00e7\u00fckse, cam \u015fi\u015feleri paketlemek i\u00e7in standart kartonu kullanabiliriz. <\/span><span data-preserver-spaces=\"true\">\u015eunlar var <\/span><span data-preserver-spaces=\"true\">hakk\u0131nda<\/span><span data-preserver-spaces=\"true\"> 20 <\/span><span data-preserver-spaces=\"true\">adet<\/span><span data-preserver-spaces=\"true\"> karton ba\u015f\u0131na veya 24 <\/span><span data-preserver-spaces=\"true\">adet<\/span><span data-preserver-spaces=\"true\"> karton ba\u015f\u0131na.<\/span><span data-preserver-spaces=\"true\"> Bununla birlikte, paketleme i\u00e7in \u00f6zel bir renk kutusu olu\u015fturmak istiyorsan\u0131z, bunu da sunabiliriz. Sipari\u015finiz \u00e7ok b\u00fcy\u00fckse, paketlemek i\u00e7in f\u00fcmigasyonsuz palet kullanabiliriz. Sipari\u015finiz ne \u00e7ok b\u00fcy\u00fck ne de \u00e7ok k\u00fc\u00e7\u00fckse, cam \u015fi\u015feleri bir karton ve palet i\u00e7inde paketleyebiliriz.<\/span><\/p>\n<p><span data-preserver-spaces=\"true\">Ve tabii ki, e\u011fer <\/span><span data-preserver-spaces=\"true\">istiyorum<\/span><span data-preserver-spaces=\"true\"> spesifikasyonlar\u0131n\u0131za g\u00f6re cam \u015fi\u015fe ambalaj\u0131, ayr\u0131ca \u015funlar\u0131 da yapabiliriz <\/span><span data-preserver-spaces=\"true\">senin i\u00e7in yapar\u0131m<\/span><span data-preserver-spaces=\"true\">.<\/span><\/p>\n<p><span data-preserver-spaces=\"true\">Birincil cam lik\u00f6r \u015fi\u015fesi \u00fcreticisi olarak, fabrikam\u0131zda profesyonel bir tasar\u0131m ekibimiz var ve OEM ve ODM sipari\u015fleri sunabiliriz. <\/span><span data-preserver-spaces=\"true\">Yapabilirsin <\/span><span data-preserver-spaces=\"true\">sadece<\/span><span data-preserver-spaces=\"true\"> S\u00f6yle bize <\/span><span data-preserver-spaces=\"true\">hangi<\/span><span data-preserver-spaces=\"true\"> istedi\u011finiz veya bize bir foto\u011fraf g\u00f6nderin ve<\/span> <span data-preserver-spaces=\"true\">sonra tasarlayaca\u011f\u0131z ve <\/span><span data-preserver-spaces=\"true\">yapmak<\/span><span data-preserver-spaces=\"true\"> cam \u015fi\u015feler.<\/span><\/p>","protected":false},"excerpt":{"rendered":"<table class=\"tg\">\n<tbody>\n<tr>\n<th class=\"tg-24i8\" colspan=\"2\">375ml Uzun Boyunlu T-Mantarl\u0131 Cam \u015ei\u015feler<\/th>\n<\/tr>\n<tr>\n<td class=\"tg-b7b8\">Referans:<\/td>\n<td class=\"tg-b7b8\">RS114<\/td>\n<\/tr>\n<tr>\n<td class=\"tg-yw4l\">Ana malzeme:<\/td>\n<td class=\"tg-yw4l\">Y\u00fcksek \u00e7akmakta\u015f\u0131 cam (bu malzeme kristal beyaz cam olarak da adland\u0131r\u0131l\u0131r)<\/td>\n<\/tr>\n<tr>\n<td class=\"tg-b7b8\">Kaptan:<\/td>\n<td class=\"tg-b7b8\">Mantar<\/td>\n<\/tr>\n<tr>\n<td class=\"tg-yw4l\">Kapasite:<\/td>\n<td class=\"tg-yw4l\">375ml<\/td>\n<\/tr>\n<tr>\n<td class=\"tg-b7b8\">\u00d6zellik:<\/td>\n<td class=\"tg-b7b8\">\u00c7evre dostu<\/td>\n<\/tr>\n<tr>\n<td class=\"tg-yw4l\">ADEDI:<\/td>\n<td class=\"tg-yw4l\">10000 ADET<\/td>\n<\/tr>\n<tr>\n<td class=\"tg-b7b8\">Paketleme \u015eekli:<\/td>\n<td class=\"tg-b7b8\">\u0130hracat standart karton \/ Palet \/ ihracat standart karton ve palet<\/td>\n<\/tr>\n<tr>\n<td class=\"tg-yw4l\">OEM\/ODM:<\/td>\n<td class=\"tg-yw4l\">Ho\u015f geldiniz<\/td>\n<\/tr>\n<tr>\n<td class=\"tg-b7b8\">Yerin k\u00f6keni:<\/td>\n<td class=\"tg-b7b8\">Shandong, \u00c7in<\/td>\n<\/tr>\n<tr>\n<td class=\"tg-yw4l\">Adet\/Ktn:<\/td>\n<td class=\"tg-yw4l\">24 adet veya m\u00fc\u015fteri taleplerine g\u00f6re<\/td>\n<\/tr>\n<\/tbody>\n<\/table>","protected":false},"featured_media":4164,"comment_status":"closed","ping_status":"closed","template":"","meta":[],"product_cat":[15,55],"class_list":{"0":"post-4163","1":"product","2":"type-product","3":"status-publish","4":"has-post-thumbnail","6":"product_cat-glass-liquor-spirit-bottles","7":"product_cat-375ml-liquor-bottle-manufacturer","9":"first","10":"instock","11":"shipping-taxable","12":"product-type-simple"},"yoast_head":"<!-- This site is optimized with the Yoast SEO plugin v22.0 - https:\/\/yoast.com\/wordpress\/plugins\/seo\/ -->\n<title>Glass Liquor Bottles Manufacturer | Wholesale Long Neck Glass Bottles<\/title>\n<meta name=\"description\" content=\"Ruisheng, a professional glass liquor bottles manufacturer in China, wholesale long neck glass bottles with T-corks in factory outlet price.\" \/>\n<meta name=\"robots\" content=\"index, follow, max-snippet:-1, max-image-preview:large, max-video-preview:-1\" \/>\n<link rel=\"canonical\" href=\"https:\/\/ruishengglassco.com\/tr\/urun\/rs114-375ml-uzun-boyunlu-t-mantarli-cam-siseler\" \/>\n<meta property=\"og:locale\" content=\"tr_TR\" \/>\n<meta property=\"og:type\" content=\"article\" \/>\n<meta property=\"og:title\" content=\"Glass Liquor Bottles Manufacturer | Wholesale Long Neck Glass Bottles\" \/>\n<meta property=\"og:description\" content=\"Ruisheng, a professional glass liquor bottles manufacturer in China, wholesale long neck glass bottles with T-corks in factory outlet price.\" \/>\n<meta property=\"og:url\" content=\"https:\/\/ruishengglassco.com\/tr\/urun\/rs114-375ml-uzun-boyunlu-t-mantarli-cam-siseler\" \/>\n<meta property=\"article:publisher\" content=\"https:\/\/www.facebook.com\/ruishengglassbottles\" \/>\n<meta property=\"article:modified_time\" content=\"2025-09-11T08:11:58+00:00\" \/>\n<meta property=\"og:image\" content=\"https:\/\/ruishengglassco.com\/wp-content\/uploads\/2025\/03\/RS114-375ml-Long-Neck-Glass-Bottles-With-T-cork.webp\" \/>\n\t<meta property=\"og:image:width\" content=\"400\" \/>\n\t<meta property=\"og:image:height\" content=\"400\" \/>\n\t<meta property=\"og:image:type\" content=\"image\/webp\" \/>\n<meta name=\"twitter:card\" content=\"summary_large_image\" \/>\n<meta name=\"twitter:label1\" content=\"Tahmini okuma s\u00fcresi\" \/>\n\t<meta name=\"twitter:data1\" content=\"2 dakika\" \/>\n<script type=\"application\/ld+json\" class=\"yoast-schema-graph\">{\"@context\":\"https:\/\/schema.org\",\"@graph\":[{\"@type\":\"WebPage\",\"@id\":\"https:\/\/ruishengglassco.com\/product\/rs114-375ml-long-neck-glass-bottles-with-t-cork\",\"url\":\"https:\/\/ruishengglassco.com\/product\/rs114-375ml-long-neck-glass-bottles-with-t-cork\",\"name\":\"Glass Liquor Bottles Manufacturer | Wholesale Long Neck Glass Bottles\",\"isPartOf\":{\"@id\":\"https:\/\/ruishengglassco.com\/#website\"},\"datePublished\":\"2025-03-14T16:05:40+00:00\",\"dateModified\":\"2025-09-11T08:11:58+00:00\",\"description\":\"Ruisheng, a professional glass liquor bottles manufacturer in China, wholesale long neck glass bottles with T-corks in factory outlet price.\",\"breadcrumb\":{\"@id\":\"https:\/\/ruishengglassco.com\/product\/rs114-375ml-long-neck-glass-bottles-with-t-cork#breadcrumb\"},\"inLanguage\":\"tr\",\"potentialAction\":[{\"@type\":\"ReadAction\",\"target\":[\"https:\/\/ruishengglassco.com\/product\/rs114-375ml-long-neck-glass-bottles-with-t-cork\"]}]},{\"@type\":\"BreadcrumbList\",\"@id\":\"https:\/\/ruishengglassco.com\/product\/rs114-375ml-long-neck-glass-bottles-with-t-cork#breadcrumb\",\"itemListElement\":[{\"@type\":\"ListItem\",\"position\":1,\"name\":\"Home\",\"item\":\"https:\/\/ruishengglassco.com\/\"},{\"@type\":\"ListItem\",\"position\":2,\"name\":\"Products\",\"item\":\"https:\/\/ruishengglassco.com\/products\"},{\"@type\":\"ListItem\",\"position\":3,\"name\":\"RS114: 375ml Long Neck Glass Bottles With T- cork\"}]},{\"@type\":\"WebSite\",\"@id\":\"https:\/\/ruishengglassco.com\/#website\",\"url\":\"https:\/\/ruishengglassco.com\/\",\"name\":\"Ruisheng Glass\",\"description\":\"\",\"publisher\":{\"@id\":\"https:\/\/ruishengglassco.com\/#organization\"},\"potentialAction\":[{\"@type\":\"SearchAction\",\"target\":{\"@type\":\"EntryPoint\",\"urlTemplate\":\"https:\/\/ruishengglassco.com\/?s={search_term_string}\"},\"query-input\":\"required name=search_term_string\"}],\"inLanguage\":\"tr\"},{\"@type\":\"Organization\",\"@id\":\"https:\/\/ruishengglassco.com\/#organization\",\"name\":\"Shandong Yuncheng Ruisheng Glass Co., Ltd\",\"url\":\"https:\/\/ruishengglassco.com\/\",\"logo\":{\"@type\":\"ImageObject\",\"inLanguage\":\"tr\",\"@id\":\"https:\/\/ruishengglassco.com\/#\/schema\/logo\/image\/\",\"url\":\"https:\/\/ruishengglassco.com\/wp-content\/uploads\/2023\/09\/ruisheng_logo_icon.webp\",\"contentUrl\":\"https:\/\/ruishengglassco.com\/wp-content\/uploads\/2023\/09\/ruisheng_logo_icon.webp\",\"width\":400,\"height\":233,\"caption\":\"Shandong Yuncheng Ruisheng Glass Co., Ltd\"},\"image\":{\"@id\":\"https:\/\/ruishengglassco.com\/#\/schema\/logo\/image\/\"},\"sameAs\":[\"https:\/\/www.facebook.com\/ruishengglassbottles\",\"https:\/\/www.instagram.com\/Ruishengglassbottlewholesales\/\",\"https:\/\/www.youtube.com\/channel\/UCMmbMNGwsL-XrtjfSFLCdVQ\"]}]}<\/script>\n<!-- \/ Yoast SEO plugin. -->","yoast_head_json":{"title":"Glass Liquor Bottles Manufacturer | Wholesale Long Neck Glass Bottles","description":"Ruisheng, a professional glass liquor bottles manufacturer in China, wholesale long neck glass bottles with T-corks in factory outlet price.","robots":{"index":"index","follow":"follow","max-snippet":"max-snippet:-1","max-image-preview":"max-image-preview:large","max-video-preview":"max-video-preview:-1"},"canonical":"https:\/\/ruishengglassco.com\/tr\/urun\/rs114-375ml-uzun-boyunlu-t-mantarli-cam-siseler","og_locale":"tr_TR","og_type":"article","og_title":"Glass Liquor Bottles Manufacturer | Wholesale Long Neck Glass Bottles","og_description":"Ruisheng, a professional glass liquor bottles manufacturer in China, wholesale long neck glass bottles with T-corks in factory outlet price.","og_url":"https:\/\/ruishengglassco.com\/tr\/urun\/rs114-375ml-uzun-boyunlu-t-mantarli-cam-siseler","article_publisher":"https:\/\/www.facebook.com\/ruishengglassbottles","article_modified_time":"2025-09-11T08:11:58+00:00","og_image":[{"width":400,"height":400,"url":"https:\/\/ruishengglassco.com\/wp-content\/uploads\/2025\/03\/RS114-375ml-Long-Neck-Glass-Bottles-With-T-cork.webp","type":"image\/webp"}],"twitter_card":"summary_large_image","twitter_misc":{"Tahmini okuma s\u00fcresi":"2 dakika"},"schema":{"@context":"https:\/\/schema.org","@graph":[{"@type":"WebPage","@id":"https:\/\/ruishengglassco.com\/product\/rs114-375ml-long-neck-glass-bottles-with-t-cork","url":"https:\/\/ruishengglassco.com\/product\/rs114-375ml-long-neck-glass-bottles-with-t-cork","name":"Glass Liquor Bottles Manufacturer | Wholesale Long Neck Glass Bottles","isPartOf":{"@id":"https:\/\/ruishengglassco.com\/#website"},"datePublished":"2025-03-14T16:05:40+00:00","dateModified":"2025-09-11T08:11:58+00:00","description":"Ruisheng, a professional glass liquor bottles manufacturer in China, wholesale long neck glass bottles with T-corks in factory outlet price.","breadcrumb":{"@id":"https:\/\/ruishengglassco.com\/product\/rs114-375ml-long-neck-glass-bottles-with-t-cork#breadcrumb"},"inLanguage":"tr","potentialAction":[{"@type":"ReadAction","target":["https:\/\/ruishengglassco.com\/product\/rs114-375ml-long-neck-glass-bottles-with-t-cork"]}]},{"@type":"BreadcrumbList","@id":"https:\/\/ruishengglassco.com\/product\/rs114-375ml-long-neck-glass-bottles-with-t-cork#breadcrumb","itemListElement":[{"@type":"ListItem","position":1,"name":"Home","item":"https:\/\/ruishengglassco.com\/"},{"@type":"ListItem","position":2,"name":"Products","item":"https:\/\/ruishengglassco.com\/products"},{"@type":"ListItem","position":3,"name":"RS114: 375ml Long Neck Glass Bottles With T- cork"}]},{"@type":"WebSite","@id":"https:\/\/ruishengglassco.com\/#website","url":"https:\/\/ruishengglassco.com\/","name":"Ruisheng Glass","description":"","publisher":{"@id":"https:\/\/ruishengglassco.com\/#organization"},"potentialAction":[{"@type":"SearchAction","target":{"@type":"EntryPoint","urlTemplate":"https:\/\/ruishengglassco.com\/?s={search_term_string}"},"query-input":"required name=search_term_string"}],"inLanguage":"tr"},{"@type":"Organization","@id":"https:\/\/ruishengglassco.com\/#organization","name":"Shandong Yuncheng Ruisheng Glass Co., Ltd","url":"https:\/\/ruishengglassco.com\/","logo":{"@type":"ImageObject","inLanguage":"tr","@id":"https:\/\/ruishengglassco.com\/#\/schema\/logo\/image\/","url":"https:\/\/ruishengglassco.com\/wp-content\/uploads\/2023\/09\/ruisheng_logo_icon.webp","contentUrl":"https:\/\/ruishengglassco.com\/wp-content\/uploads\/2023\/09\/ruisheng_logo_icon.webp","width":400,"height":233,"caption":"Shandong Yuncheng Ruisheng Glass Co., Ltd"},"image":{"@id":"https:\/\/ruishengglassco.com\/#\/schema\/logo\/image\/"},"sameAs":["https:\/\/www.facebook.com\/ruishengglassbottles","https:\/\/www.instagram.com\/Ruishengglassbottlewholesales\/","https:\/\/www.youtube.com\/channel\/UCMmbMNGwsL-XrtjfSFLCdVQ"]}]}},"_links":{"self":[{"href":"https:\/\/ruishengglassco.com\/tr\/wp-json\/wp\/v2\/product\/4163","targetHints":{"allow":["GET"]}}],"collection":[{"href":"https:\/\/ruishengglassco.com\/tr\/wp-json\/wp\/v2\/product"}],"about":[{"href":"https:\/\/ruishengglassco.com\/tr\/wp-json\/wp\/v2\/types\/product"}],"replies":[{"embeddable":true,"href":"https:\/\/ruishengglassco.com\/tr\/wp-json\/wp\/v2\/comments?post=4163"}],"wp:featuredmedia":[{"embeddable":true,"href":"https:\/\/ruishengglassco.com\/tr\/wp-json\/wp\/v2\/media\/4164"}],"wp:attachment":[{"href":"https:\/\/ruishengglassco.com\/tr\/wp-json\/wp\/v2\/media?parent=4163"}],"wp:term":[{"taxonomy":"product_cat","embeddable":true,"href":"https:\/\/ruishengglassco.com\/tr\/wp-json\/wp\/v2\/product_cat?post=4163"}],"curies":[{"name":"wp","href":"https:\/\/api.w.org\/{rel}","templated":true}]}}