{"id":4161,"date":"2025-03-15T00:03:49","date_gmt":"2025-03-14T16:03:49","guid":{"rendered":"https:\/\/ruishengglassco.com\/?post_type=product&#038;p=4161"},"modified":"2025-07-16T15:06:09","modified_gmt":"2025-07-16T07:06:09","slug":"rs115-ozel-750ml-kare-cam-sise-ureticileri","status":"publish","type":"product","link":"https:\/\/ruishengglassco.com\/tr\/urun\/rs115-ozel-750ml-kare-cam-sise-ureticileri","title":{"rendered":"RS115: \u00d6zel 750ml Kare Cam \u015ei\u015feler \u00dcreticileri"},"content":{"rendered":"<h2>\u00d6zel Yap\u0131lm\u0131\u015f 750ml Kare Cam \u015ei\u015feler \u00dcreticileri<\/h2>\n<p>Fabrikam\u0131z Shandong, \u00c7in'de bulunmaktad\u0131r. Geni\u015f bir alan\u0131 kaplamaktad\u0131r, bu y\u00fczden 500'den fazla i\u015f\u00e7imiz var. Firmam\u0131z, \u00f6zelle\u015ftirilmi\u015f lik\u00f6r \u015fi\u015felerimizin kalitesini sa\u011flamak i\u00e7in geli\u015fmi\u015f ekipman kullanmaktad\u0131r.<\/p>\n<p>\u00d6zelle\u015ftirilmi\u015f lik\u00f6r \u015fi\u015fesi, \u015firketimizdeki y\u00fcksek kaliteli projelerden biridir. Ba\u015fl\u0131ca \u00fcr\u00fcnlerimiz votka \u015fi\u015feleri, brendi \u015fi\u015feleri, viski \u015fi\u015feleri, lik\u00f6r \u015fi\u015feleri, re\u00e7el \u015fi\u015feleri ve daha fazlas\u0131 dahil olmak \u00fczere birinci s\u0131n\u0131f cam \u015fi\u015felerdir. Ayr\u0131ca kehribar cam \u015fi\u015feler, ye\u015fil \u015fi\u015feler ve su \u015fi\u015feleri de sunabiliriz.<\/p>\n<p>Firmam\u0131z kaliteye \u00f6ncelik vermektedir. 750ml kare lik\u00f6r \u015fi\u015felerini toptan satarken kat\u0131 kurallara uyuyoruz. M\u00fckemmel bir \u015farap cam \u015fi\u015fesini garanti ediyoruz.<\/p>\n<p>\u00d6zelle\u015ftirilmi\u015f lik\u00f6r \u015fi\u015femiz yurti\u00e7inde ve yurtd\u0131\u015f\u0131nda iyi sat\u0131yor. Sizinle i\u015fbirli\u011fi yapmay\u0131 i\u00e7tenlikle bekliyoruz. Ayr\u0131ca, birinci s\u0131n\u0131f sat\u0131\u015f sonras\u0131 hizmet sunuyoruz ve kargoyla ilgili olabilecek t\u00fcm sorunlar\u0131n\u0131z\u0131 \u00e7\u00f6zece\u011fiz.<\/p>\n<h4>Details About \u00d6zel 750ml Cam \u015ei\u015fe Toptan Sat\u0131\u015f<\/h4>\n<ul>\n<li>Ana malzeme: y\u00fcksek \u00e7akmakta\u015f\u0131 cam<\/li>\n<li>Kapak: vidal\u0131 kapak<\/li>\n<li>Referans: RS115<\/li>\n<li>ADEDI: 10000 ADET<\/li>\n<li>Kapasite: 750ml<\/li>\n<li>Adet\/Ctn: 24 adet<\/li>\n<li>Yerin k\u00f6keni: Shandong, \u00c7in<\/li>\n<li>\u00d6zellik: \u00c7evre dostu<\/li>\n<\/ul>\n<p>Bu 750ml kare lik\u00f6r \u015fi\u015fesini be\u011fenmediyseniz, aralar\u0131ndan se\u00e7im yapabilece\u011finiz geni\u015f bir se\u00e7enek yelpazesi sunan di\u011fer \u00fcr\u00fcnlerimizi inceleyebilirsiniz.<\/p>\n<p>\u015eirketimiz s\u0131k s\u0131k yurti\u00e7i ve yurtd\u0131\u015f\u0131ndaki fuarlara kat\u0131lmaktad\u0131r, bu nedenle pazar\u0131m\u0131z geni\u015ftir. Kapsaml\u0131 deneyimimizi sizin i\u00e7in kullanmak bizim i\u00e7in bir zevk olacakt\u0131r. D\u00fcnyan\u0131n her yerinden m\u00fc\u015fterilerimizi ziyaret ve i\u015fbirli\u011fi i\u00e7in fabrikam\u0131za gelmeye davet ediyoruz.<\/p>\n<p>Umar\u0131m cam \u015fi\u015felerimizi be\u011fenirsiniz; \u00f6zel cam \u015fi\u015feleri de kabul ediyoruz.<\/p>\n<p>\u00d6zel yap\u0131m 750ml kare lik\u00f6r \u015fi\u015femizle ilgileniyorsan\u0131z, l\u00fctfen bizimle ileti\u015fime ge\u00e7in. Size 24 saat i\u00e7inde cevap verece\u011fiz.<\/p>","protected":false},"excerpt":{"rendered":"<table class=\"tg\">\n<tbody>\n<tr>\n<th class=\"tg-24i8\" colspan=\"2\">\u00d6zel Yap\u0131m \u015ei\u015feler 750ml Kare Lik\u00f6r \u015ei\u015fesi<\/th>\n<\/tr>\n<tr>\n<td class=\"tg-b7b8\">Referans:<\/td>\n<td class=\"tg-b7b8\">RS115<\/td>\n<\/tr>\n<tr>\n<td class=\"tg-yw4l\">Ana malzeme:<\/td>\n<td class=\"tg-yw4l\">Y\u00fcksek \u00e7akmakta\u015f\u0131 cam<\/td>\n<\/tr>\n<tr>\n<td class=\"tg-b7b8\">Kaptan:<\/td>\n<td class=\"tg-b7b8\">Vidal\u0131 Kapak<\/td>\n<\/tr>\n<tr>\n<td class=\"tg-yw4l\">Kapasite:<\/td>\n<td class=\"tg-yw4l\">750ml<\/td>\n<\/tr>\n<tr>\n<td class=\"tg-b7b8\">\u00d6zellik:<\/td>\n<td class=\"tg-b7b8\">\u00c7evre dostu<\/td>\n<\/tr>\n<tr>\n<td class=\"tg-yw4l\">ADEDI:<\/td>\n<td class=\"tg-yw4l\">10000 ADET<\/td>\n<\/tr>\n<tr>\n<td class=\"tg-b7b8\">Nakliye yolu:<\/td>\n<td class=\"tg-b7b8\">Gemi, Ekspres<\/td>\n<\/tr>\n<tr>\n<td class=\"tg-yw4l\">OEM\/ODM:<\/td>\n<td class=\"tg-yw4l\">Ho\u015f geldiniz<\/td>\n<\/tr>\n<tr>\n<td class=\"tg-b7b8\">Yerin k\u00f6keni:<\/td>\n<td class=\"tg-b7b8\">Shandong, \u00c7in<\/td>\n<\/tr>\n<tr>\n<td class=\"tg-yw4l\">Adet\/Ktn:<\/td>\n<td class=\"tg-yw4l\">24 adet veya 20 adet<\/td>\n<\/tr>\n<\/tbody>\n<\/table>","protected":false},"featured_media":4162,"comment_status":"closed","ping_status":"closed","template":"","meta":[],"product_cat":[40,45],"class_list":{"0":"post-4161","1":"product","2":"type-product","3":"status-publish","4":"has-post-thumbnail","6":"product_cat-750ml-liquor-bottle-manufacturer","7":"product_cat-custom-glass-bottle","9":"first","10":"instock","11":"shipping-taxable","12":"product-type-simple"},"yoast_head":"<!-- This site is optimized with the Yoast SEO plugin v22.0 - https:\/\/yoast.com\/wordpress\/plugins\/seo\/ -->\n<title>750ml Square Glass Bottles Manufacturers | Customized Liquor Bottle Company<\/title>\n<meta name=\"description\" content=\"Buy 750ml Square Glass Bottles Wholesale From China Liquor Bottle Company. Factory Outlet&amp;Customized Service Offered. Free Sample Here.\" \/>\n<meta name=\"robots\" content=\"index, follow, max-snippet:-1, max-image-preview:large, max-video-preview:-1\" \/>\n<link rel=\"canonical\" href=\"https:\/\/ruishengglassco.com\/tr\/urun\/rs115-ozel-750ml-kare-cam-sise-ureticileri\" \/>\n<meta property=\"og:locale\" content=\"tr_TR\" \/>\n<meta property=\"og:type\" content=\"article\" \/>\n<meta property=\"og:title\" content=\"750ml Square Glass Bottles Manufacturers | Customized Liquor Bottle Company\" \/>\n<meta property=\"og:description\" content=\"Buy 750ml Square Glass Bottles Wholesale From China Liquor Bottle Company. Factory Outlet&amp;Customized Service Offered. Free Sample Here.\" \/>\n<meta property=\"og:url\" content=\"https:\/\/ruishengglassco.com\/tr\/urun\/rs115-ozel-750ml-kare-cam-sise-ureticileri\" \/>\n<meta property=\"article:publisher\" content=\"https:\/\/www.facebook.com\/ruishengglassbottles\" \/>\n<meta property=\"article:modified_time\" content=\"2025-07-16T07:06:09+00:00\" \/>\n<meta property=\"og:image\" content=\"https:\/\/ruishengglassco.com\/wp-content\/uploads\/2025\/03\/RS115-Custom-750ml-Square-Glass-Bottles-Wholesale.webp\" \/>\n\t<meta property=\"og:image:width\" content=\"800\" \/>\n\t<meta property=\"og:image:height\" content=\"800\" \/>\n\t<meta property=\"og:image:type\" content=\"image\/webp\" \/>\n<meta name=\"twitter:card\" content=\"summary_large_image\" \/>\n<meta name=\"twitter:label1\" content=\"Tahmini okuma s\u00fcresi\" \/>\n\t<meta name=\"twitter:data1\" content=\"2 dakika\" \/>\n<script type=\"application\/ld+json\" class=\"yoast-schema-graph\">{\"@context\":\"https:\/\/schema.org\",\"@graph\":[{\"@type\":\"WebPage\",\"@id\":\"https:\/\/ruishengglassco.com\/product\/rs115-custom-750ml-square-glass-bottles-manufacturers\",\"url\":\"https:\/\/ruishengglassco.com\/product\/rs115-custom-750ml-square-glass-bottles-manufacturers\",\"name\":\"750ml Square Glass Bottles Manufacturers | Customized Liquor Bottle Company\",\"isPartOf\":{\"@id\":\"https:\/\/ruishengglassco.com\/#website\"},\"datePublished\":\"2025-03-14T16:03:49+00:00\",\"dateModified\":\"2025-07-16T07:06:09+00:00\",\"description\":\"Buy 750ml Square Glass Bottles Wholesale From China Liquor Bottle Company. Factory Outlet&Customized Service Offered. Free Sample Here.\",\"breadcrumb\":{\"@id\":\"https:\/\/ruishengglassco.com\/product\/rs115-custom-750ml-square-glass-bottles-manufacturers#breadcrumb\"},\"inLanguage\":\"tr\",\"potentialAction\":[{\"@type\":\"ReadAction\",\"target\":[\"https:\/\/ruishengglassco.com\/product\/rs115-custom-750ml-square-glass-bottles-manufacturers\"]}]},{\"@type\":\"BreadcrumbList\",\"@id\":\"https:\/\/ruishengglassco.com\/product\/rs115-custom-750ml-square-glass-bottles-manufacturers#breadcrumb\",\"itemListElement\":[{\"@type\":\"ListItem\",\"position\":1,\"name\":\"Home\",\"item\":\"https:\/\/ruishengglassco.com\/\"},{\"@type\":\"ListItem\",\"position\":2,\"name\":\"Products\",\"item\":\"https:\/\/ruishengglassco.com\/products\"},{\"@type\":\"ListItem\",\"position\":3,\"name\":\"RS115: Custom 750ml Square Glass Bottles Manufacturers\"}]},{\"@type\":\"WebSite\",\"@id\":\"https:\/\/ruishengglassco.com\/#website\",\"url\":\"https:\/\/ruishengglassco.com\/\",\"name\":\"Ruisheng Glass\",\"description\":\"\",\"publisher\":{\"@id\":\"https:\/\/ruishengglassco.com\/#organization\"},\"potentialAction\":[{\"@type\":\"SearchAction\",\"target\":{\"@type\":\"EntryPoint\",\"urlTemplate\":\"https:\/\/ruishengglassco.com\/?s={search_term_string}\"},\"query-input\":\"required name=search_term_string\"}],\"inLanguage\":\"tr\"},{\"@type\":\"Organization\",\"@id\":\"https:\/\/ruishengglassco.com\/#organization\",\"name\":\"Shandong Yuncheng Ruisheng Glass Co., Ltd\",\"url\":\"https:\/\/ruishengglassco.com\/\",\"logo\":{\"@type\":\"ImageObject\",\"inLanguage\":\"tr\",\"@id\":\"https:\/\/ruishengglassco.com\/#\/schema\/logo\/image\/\",\"url\":\"https:\/\/ruishengglassco.com\/wp-content\/uploads\/2023\/09\/ruisheng_logo_icon.webp\",\"contentUrl\":\"https:\/\/ruishengglassco.com\/wp-content\/uploads\/2023\/09\/ruisheng_logo_icon.webp\",\"width\":400,\"height\":233,\"caption\":\"Shandong Yuncheng Ruisheng Glass Co., Ltd\"},\"image\":{\"@id\":\"https:\/\/ruishengglassco.com\/#\/schema\/logo\/image\/\"},\"sameAs\":[\"https:\/\/www.facebook.com\/ruishengglassbottles\",\"https:\/\/www.instagram.com\/Ruishengglassbottlewholesales\/\",\"https:\/\/www.youtube.com\/channel\/UCMmbMNGwsL-XrtjfSFLCdVQ\"]}]}<\/script>\n<!-- \/ Yoast SEO plugin. -->","yoast_head_json":{"title":"750ml Square Glass Bottles Manufacturers | Customized Liquor Bottle Company","description":"Buy 750ml Square Glass Bottles Wholesale From China Liquor Bottle Company. Factory Outlet&Customized Service Offered. Free Sample Here.","robots":{"index":"index","follow":"follow","max-snippet":"max-snippet:-1","max-image-preview":"max-image-preview:large","max-video-preview":"max-video-preview:-1"},"canonical":"https:\/\/ruishengglassco.com\/tr\/urun\/rs115-ozel-750ml-kare-cam-sise-ureticileri","og_locale":"tr_TR","og_type":"article","og_title":"750ml Square Glass Bottles Manufacturers | Customized Liquor Bottle Company","og_description":"Buy 750ml Square Glass Bottles Wholesale From China Liquor Bottle Company. Factory Outlet&Customized Service Offered. Free Sample Here.","og_url":"https:\/\/ruishengglassco.com\/tr\/urun\/rs115-ozel-750ml-kare-cam-sise-ureticileri","article_publisher":"https:\/\/www.facebook.com\/ruishengglassbottles","article_modified_time":"2025-07-16T07:06:09+00:00","og_image":[{"width":800,"height":800,"url":"https:\/\/ruishengglassco.com\/wp-content\/uploads\/2025\/03\/RS115-Custom-750ml-Square-Glass-Bottles-Wholesale.webp","type":"image\/webp"}],"twitter_card":"summary_large_image","twitter_misc":{"Tahmini okuma s\u00fcresi":"2 dakika"},"schema":{"@context":"https:\/\/schema.org","@graph":[{"@type":"WebPage","@id":"https:\/\/ruishengglassco.com\/product\/rs115-custom-750ml-square-glass-bottles-manufacturers","url":"https:\/\/ruishengglassco.com\/product\/rs115-custom-750ml-square-glass-bottles-manufacturers","name":"750ml Square Glass Bottles Manufacturers | Customized Liquor Bottle Company","isPartOf":{"@id":"https:\/\/ruishengglassco.com\/#website"},"datePublished":"2025-03-14T16:03:49+00:00","dateModified":"2025-07-16T07:06:09+00:00","description":"Buy 750ml Square Glass Bottles Wholesale From China Liquor Bottle Company. Factory Outlet&Customized Service Offered. Free Sample Here.","breadcrumb":{"@id":"https:\/\/ruishengglassco.com\/product\/rs115-custom-750ml-square-glass-bottles-manufacturers#breadcrumb"},"inLanguage":"tr","potentialAction":[{"@type":"ReadAction","target":["https:\/\/ruishengglassco.com\/product\/rs115-custom-750ml-square-glass-bottles-manufacturers"]}]},{"@type":"BreadcrumbList","@id":"https:\/\/ruishengglassco.com\/product\/rs115-custom-750ml-square-glass-bottles-manufacturers#breadcrumb","itemListElement":[{"@type":"ListItem","position":1,"name":"Home","item":"https:\/\/ruishengglassco.com\/"},{"@type":"ListItem","position":2,"name":"Products","item":"https:\/\/ruishengglassco.com\/products"},{"@type":"ListItem","position":3,"name":"RS115: Custom 750ml Square Glass Bottles Manufacturers"}]},{"@type":"WebSite","@id":"https:\/\/ruishengglassco.com\/#website","url":"https:\/\/ruishengglassco.com\/","name":"Ruisheng Glass","description":"","publisher":{"@id":"https:\/\/ruishengglassco.com\/#organization"},"potentialAction":[{"@type":"SearchAction","target":{"@type":"EntryPoint","urlTemplate":"https:\/\/ruishengglassco.com\/?s={search_term_string}"},"query-input":"required name=search_term_string"}],"inLanguage":"tr"},{"@type":"Organization","@id":"https:\/\/ruishengglassco.com\/#organization","name":"Shandong Yuncheng Ruisheng Glass Co., Ltd","url":"https:\/\/ruishengglassco.com\/","logo":{"@type":"ImageObject","inLanguage":"tr","@id":"https:\/\/ruishengglassco.com\/#\/schema\/logo\/image\/","url":"https:\/\/ruishengglassco.com\/wp-content\/uploads\/2023\/09\/ruisheng_logo_icon.webp","contentUrl":"https:\/\/ruishengglassco.com\/wp-content\/uploads\/2023\/09\/ruisheng_logo_icon.webp","width":400,"height":233,"caption":"Shandong Yuncheng Ruisheng Glass Co., Ltd"},"image":{"@id":"https:\/\/ruishengglassco.com\/#\/schema\/logo\/image\/"},"sameAs":["https:\/\/www.facebook.com\/ruishengglassbottles","https:\/\/www.instagram.com\/Ruishengglassbottlewholesales\/","https:\/\/www.youtube.com\/channel\/UCMmbMNGwsL-XrtjfSFLCdVQ"]}]}},"_links":{"self":[{"href":"https:\/\/ruishengglassco.com\/tr\/wp-json\/wp\/v2\/product\/4161","targetHints":{"allow":["GET"]}}],"collection":[{"href":"https:\/\/ruishengglassco.com\/tr\/wp-json\/wp\/v2\/product"}],"about":[{"href":"https:\/\/ruishengglassco.com\/tr\/wp-json\/wp\/v2\/types\/product"}],"replies":[{"embeddable":true,"href":"https:\/\/ruishengglassco.com\/tr\/wp-json\/wp\/v2\/comments?post=4161"}],"wp:featuredmedia":[{"embeddable":true,"href":"https:\/\/ruishengglassco.com\/tr\/wp-json\/wp\/v2\/media\/4162"}],"wp:attachment":[{"href":"https:\/\/ruishengglassco.com\/tr\/wp-json\/wp\/v2\/media?parent=4161"}],"wp:term":[{"taxonomy":"product_cat","embeddable":true,"href":"https:\/\/ruishengglassco.com\/tr\/wp-json\/wp\/v2\/product_cat?post=4161"}],"curies":[{"name":"wp","href":"https:\/\/api.w.org\/{rel}","templated":true}]}}