{"id":4159,"date":"2025-03-15T00:01:07","date_gmt":"2025-03-14T16:01:07","guid":{"rendered":"https:\/\/ruishengglassco.com\/?post_type=product&#038;p=4159"},"modified":"2025-07-16T15:04:30","modified_gmt":"2025-07-16T07:04:30","slug":"rs120clear-750ml-vidali-kapakli-cam-sise-toptan-satisi","status":"publish","type":"product","link":"https:\/\/ruishengglassco.com\/tr\/urun\/rs120clear-750ml-vidali-kapakli-cam-sise-toptan-satisi","title":{"rendered":"RS120:Vidal\u0131 Kapakl\u0131 \u015eeffaf 750ml Cam \u015ei\u015feler Fabrika"},"content":{"rendered":"<p><span data-preserver-spaces=\"true\">Vidal\u0131 kapakl\u0131 750ml \u015feffaf cam \u015fi\u015feler <\/span><span data-preserver-spaces=\"true\">\u00fcretilmektedir<\/span><span data-preserver-spaces=\"true\"> Shandong Yuncheng Ruisheng Glass Co, Ltd. taraf\u0131ndan Firmam\u0131z en b\u00fcy\u00fck s\u00fcper \u00e7akmakta\u015f\u0131 \u00fcreticilerinden biridir<\/span><a class=\"editor-rtfLink\" href=\"https:\/\/ruishengglassco.com\/tr\/about-us\/\" target=\"_blank\" rel=\"noopener\"><span data-preserver-spaces=\"true\"> lik\u00f6r cam \u015fi\u015feleri<\/span><\/a><span data-preserver-spaces=\"true\"> \u00c7in'de. \u015eirketimizin 500'den fazla \u00e7al\u0131\u015fan\u0131 ve yetenekli m\u00fchendislerden olu\u015fan bir ekibi vard\u0131r. Zengin deneyimimizle, d\u00fcnya \u00e7ap\u0131nda iyi bir \u00fcne sahip olduk.<\/span><\/p>\n<p><span data-preserver-spaces=\"true\">750 ml'lik toptan i\u00e7ki \u015fi\u015fesinde mantarlar ve <\/span><span data-preserver-spaces=\"true\">haz\u0131rlanm\u0131\u015f<\/span><span data-preserver-spaces=\"true\"> y\u00fcksek \u00e7akmakta\u015f\u0131 camdan. Bu cam <\/span><span data-preserver-spaces=\"true\">temiz<\/span><span data-preserver-spaces=\"true\">dayan\u0131kl\u0131 ve p\u00fcr\u00fczs\u00fczd\u00fcr. Lik\u00f6r, votka, brendi, viski ve di\u011fer alkoll\u00fc i\u00e7kileri paketlemek i\u00e7in idealdir.<\/span><\/p>\n<p><span data-preserver-spaces=\"true\">Ruisheng, mantarl\u0131 toptan ispirto \u015fi\u015felerinin lider \u00fcreticisidir. Votka, brendi, viski, lik\u00f6r ve re\u00e7el i\u00e7in olanlar da dahil olmak \u00fczere y\u00fcksek kaliteli cam \u015fi\u015felerde uzman\u0131z. Ayr\u0131ca toptan sat\u0131\u015f i\u00e7in \u00e7e\u015fitli renklerde ispirto \u015fi\u015feleri sunuyoruz. <\/span><span data-preserver-spaces=\"true\">Bu<\/span><span data-preserver-spaces=\"true\"> kehribar, ye\u015fil, beyaz ve \u015feffaf cam \u015fi\u015feler i\u00e7erir. Ba\u015fl\u0131ca pazarlar\u0131m\u0131z aras\u0131nda Birle\u015fik Krall\u0131k, Amerika Birle\u015fik Devletleri, Avustralya, Kanada ve <\/span><span data-preserver-spaces=\"true\">Di\u011ferleri<\/span><span data-preserver-spaces=\"true\">. T\u00fcm \u00fcr\u00fcnler yenilik ve i\u015flevsellik a\u00e7\u0131s\u0131ndan y\u00fcksek bir itibara sahiptir.<\/span><\/p>\n<p><span data-preserver-spaces=\"true\">Ve e-likit cam \u015fi\u015feleri nas\u0131l se\u00e7ilir? L\u00fctfen likit i\u00e7in do\u011fru \u015feffaf cam \u015fi\u015feyi se\u00e7in. Bunlardan ilki s\u0131v\u0131 \u015fi\u015felerinin kalitesidir. Y\u00fcksek kaliteli<\/span><a class=\"editor-rtfLink\" href=\"https:\/\/ruishengglassco.com\/tr\/our-products\/\" target=\"_blank\" rel=\"noopener\"><span data-preserver-spaces=\"true\"> cam \u015fi\u015feler<\/span><\/a><span data-preserver-spaces=\"true\"> lik\u00f6r\u00fcn kalitesini g\u00fcvence alt\u0131na alabilir ve de\u011ferini art\u0131rabilir.\u00a0<\/span><span data-preserver-spaces=\"true\">Ayr\u0131ca, m\u00fc\u015fterilerin lik\u00f6r \u00fcr\u00fcnlerinin kalitesine de dikkat etmeleri gerekir, <\/span><span data-preserver-spaces=\"true\">lik\u00f6r<\/span><span data-preserver-spaces=\"true\"> lezzet ve k\u00fclt\u00fcrel propaganda <\/span><span data-preserver-spaces=\"true\">se\u00e7mek i\u00e7in<\/span><span data-preserver-spaces=\"true\"> s\u0131v\u0131 bir cam \u015fi\u015fe.<\/span><span data-preserver-spaces=\"true\">\u00a0Lik\u00f6r \u015fi\u015fesi sat\u0131n al\u0131rken g\u00fcvenilir bir \u00fcreticiyi tercih edin. Bu \u015fekilde kalite ve fiyattan emin olabilirsiniz.<\/span><\/p>\n<p><span data-preserver-spaces=\"true\">Bu 750 ml'lik vidal\u0131 kapakl\u0131 \u015feffaf cam \u015fi\u015felerimizle ilgileniyorsan\u0131z, <\/span><span data-preserver-spaces=\"true\">l\u00fctfen bizimle ileti\u015fime ge\u00e7in<\/span><span data-preserver-spaces=\"true\">.<\/span><span data-preserver-spaces=\"true\"> Size 24 saat i\u00e7inde cevap verece\u011fiz.<\/span><\/p>","protected":false},"excerpt":{"rendered":"<p>Cam yuvarlak \u015fekilli 750ml vidal\u0131 kapakl\u0131 \u015feffaf cam \u015fi\u015feler. Viski, Brendi, Votka vb. i\u00e7in s\u00fcper \u00e7akmakta\u015f\u0131 cam i\u015f\u00e7ili\u011fi sayesinde i\u00e7kinin g\u00fczel rengi ortaya \u00e7\u0131kar. Mantar\/Vidal\u0131 kapak mevcuttur.<\/p>\n<p>\u00d6zel 750ml \u0130spirto Cam \u015ei\u015fe Toptan Sat\u0131\u015f Detaylar\u0131:<\/p>\n<ul>\n<li>Referans: RS120<\/li>\n<li><strong>OEM \/ ODM Hizmeti sunulmaktad\u0131r. Adedi: 10000 adet (10000 ADET)<\/strong><\/li>\n<li>Kapak: Vidal\u0131 kapak\/Mantar<\/li>\n<li>Malzeme Y\u00fcksek Flint Cam<\/li>\n<li>Teslimat 3-7 G\u00fcn \u0130\u00e7inde \u00dccretsiz Numune Sunulur. 30 G\u00fcn \u0130\u00e7inde Toplu Sipari\u015f.<\/li>\n<li>\u00d6zellik: \u00c7evre dostu<\/li>\n<\/ul>","protected":false},"featured_media":4160,"comment_status":"closed","ping_status":"closed","template":"","meta":[],"product_cat":[40],"class_list":{"0":"post-4159","1":"product","2":"type-product","3":"status-publish","4":"has-post-thumbnail","6":"product_cat-750ml-liquor-bottle-manufacturer","8":"first","9":"instock","10":"shipping-taxable","11":"product-type-simple"},"yoast_head":"<!-- This site is optimized with the Yoast SEO plugin v22.0 - https:\/\/yoast.com\/wordpress\/plugins\/seo\/ -->\n<title>Clear Glass Bottles With Screw Caps | Wholesale Glass Liquor Bottle<\/title>\n<meta name=\"description\" content=\"Buy Clear Glass Bottles With Screw Caps From China Liquor Bottle Factory. 750ML Glass Liquot Bottle Wholesale In Cheap Price.\" \/>\n<meta name=\"robots\" content=\"index, follow, max-snippet:-1, max-image-preview:large, max-video-preview:-1\" \/>\n<link rel=\"canonical\" href=\"https:\/\/ruishengglassco.com\/tr\/urun\/rs120clear-750ml-vidali-kapakli-cam-sise-toptan-satisi\" \/>\n<meta property=\"og:locale\" content=\"tr_TR\" \/>\n<meta property=\"og:type\" content=\"article\" \/>\n<meta property=\"og:title\" content=\"Clear Glass Bottles With Screw Caps | Wholesale Glass Liquor Bottle\" \/>\n<meta property=\"og:description\" content=\"Buy Clear Glass Bottles With Screw Caps From China Liquor Bottle Factory. 750ML Glass Liquot Bottle Wholesale In Cheap Price.\" \/>\n<meta property=\"og:url\" content=\"https:\/\/ruishengglassco.com\/tr\/urun\/rs120clear-750ml-vidali-kapakli-cam-sise-toptan-satisi\" \/>\n<meta property=\"article:publisher\" content=\"https:\/\/www.facebook.com\/ruishengglassbottles\" \/>\n<meta property=\"article:modified_time\" content=\"2025-07-16T07:04:30+00:00\" \/>\n<meta property=\"og:image\" content=\"https:\/\/ruishengglassco.com\/wp-content\/uploads\/2025\/03\/RS120-Clear-750ml-Glass-Bottles-With-Screw-Caps-Wholesale.webp\" \/>\n\t<meta property=\"og:image:width\" content=\"800\" \/>\n\t<meta property=\"og:image:height\" content=\"800\" \/>\n\t<meta property=\"og:image:type\" content=\"image\/webp\" \/>\n<meta name=\"twitter:card\" content=\"summary_large_image\" \/>\n<meta name=\"twitter:label1\" content=\"Tahmini okuma s\u00fcresi\" \/>\n\t<meta name=\"twitter:data1\" content=\"2 dakika\" \/>\n<script type=\"application\/ld+json\" class=\"yoast-schema-graph\">{\"@context\":\"https:\/\/schema.org\",\"@graph\":[{\"@type\":\"WebPage\",\"@id\":\"https:\/\/ruishengglassco.com\/product\/rs120clear-750ml-glass-bottles-with-screw-caps-wholesale\",\"url\":\"https:\/\/ruishengglassco.com\/product\/rs120clear-750ml-glass-bottles-with-screw-caps-wholesale\",\"name\":\"Clear Glass Bottles With Screw Caps | Wholesale Glass Liquor Bottle\",\"isPartOf\":{\"@id\":\"https:\/\/ruishengglassco.com\/#website\"},\"datePublished\":\"2025-03-14T16:01:07+00:00\",\"dateModified\":\"2025-07-16T07:04:30+00:00\",\"description\":\"Buy Clear Glass Bottles With Screw Caps From China Liquor Bottle Factory. 750ML Glass Liquot Bottle Wholesale In Cheap Price.\",\"breadcrumb\":{\"@id\":\"https:\/\/ruishengglassco.com\/product\/rs120clear-750ml-glass-bottles-with-screw-caps-wholesale#breadcrumb\"},\"inLanguage\":\"tr\",\"potentialAction\":[{\"@type\":\"ReadAction\",\"target\":[\"https:\/\/ruishengglassco.com\/product\/rs120clear-750ml-glass-bottles-with-screw-caps-wholesale\"]}]},{\"@type\":\"BreadcrumbList\",\"@id\":\"https:\/\/ruishengglassco.com\/product\/rs120clear-750ml-glass-bottles-with-screw-caps-wholesale#breadcrumb\",\"itemListElement\":[{\"@type\":\"ListItem\",\"position\":1,\"name\":\"Home\",\"item\":\"https:\/\/ruishengglassco.com\/\"},{\"@type\":\"ListItem\",\"position\":2,\"name\":\"Products\",\"item\":\"https:\/\/ruishengglassco.com\/products\"},{\"@type\":\"ListItem\",\"position\":3,\"name\":\"RS120:Clear 750ml Glass Bottles With Screw Caps Factory\"}]},{\"@type\":\"WebSite\",\"@id\":\"https:\/\/ruishengglassco.com\/#website\",\"url\":\"https:\/\/ruishengglassco.com\/\",\"name\":\"Ruisheng Glass\",\"description\":\"\",\"publisher\":{\"@id\":\"https:\/\/ruishengglassco.com\/#organization\"},\"potentialAction\":[{\"@type\":\"SearchAction\",\"target\":{\"@type\":\"EntryPoint\",\"urlTemplate\":\"https:\/\/ruishengglassco.com\/?s={search_term_string}\"},\"query-input\":\"required name=search_term_string\"}],\"inLanguage\":\"tr\"},{\"@type\":\"Organization\",\"@id\":\"https:\/\/ruishengglassco.com\/#organization\",\"name\":\"Shandong Yuncheng Ruisheng Glass Co., Ltd\",\"url\":\"https:\/\/ruishengglassco.com\/\",\"logo\":{\"@type\":\"ImageObject\",\"inLanguage\":\"tr\",\"@id\":\"https:\/\/ruishengglassco.com\/#\/schema\/logo\/image\/\",\"url\":\"https:\/\/ruishengglassco.com\/wp-content\/uploads\/2023\/09\/ruisheng_logo_icon.webp\",\"contentUrl\":\"https:\/\/ruishengglassco.com\/wp-content\/uploads\/2023\/09\/ruisheng_logo_icon.webp\",\"width\":400,\"height\":233,\"caption\":\"Shandong Yuncheng Ruisheng Glass Co., Ltd\"},\"image\":{\"@id\":\"https:\/\/ruishengglassco.com\/#\/schema\/logo\/image\/\"},\"sameAs\":[\"https:\/\/www.facebook.com\/ruishengglassbottles\",\"https:\/\/www.instagram.com\/Ruishengglassbottlewholesales\/\",\"https:\/\/www.youtube.com\/channel\/UCMmbMNGwsL-XrtjfSFLCdVQ\"]}]}<\/script>\n<!-- \/ Yoast SEO plugin. -->","yoast_head_json":{"title":"Clear Glass Bottles With Screw Caps | Wholesale Glass Liquor Bottle","description":"Buy Clear Glass Bottles With Screw Caps From China Liquor Bottle Factory. 750ML Glass Liquot Bottle Wholesale In Cheap Price.","robots":{"index":"index","follow":"follow","max-snippet":"max-snippet:-1","max-image-preview":"max-image-preview:large","max-video-preview":"max-video-preview:-1"},"canonical":"https:\/\/ruishengglassco.com\/tr\/urun\/rs120clear-750ml-vidali-kapakli-cam-sise-toptan-satisi","og_locale":"tr_TR","og_type":"article","og_title":"Clear Glass Bottles With Screw Caps | Wholesale Glass Liquor Bottle","og_description":"Buy Clear Glass Bottles With Screw Caps From China Liquor Bottle Factory. 750ML Glass Liquot Bottle Wholesale In Cheap Price.","og_url":"https:\/\/ruishengglassco.com\/tr\/urun\/rs120clear-750ml-vidali-kapakli-cam-sise-toptan-satisi","article_publisher":"https:\/\/www.facebook.com\/ruishengglassbottles","article_modified_time":"2025-07-16T07:04:30+00:00","og_image":[{"width":800,"height":800,"url":"https:\/\/ruishengglassco.com\/wp-content\/uploads\/2025\/03\/RS120-Clear-750ml-Glass-Bottles-With-Screw-Caps-Wholesale.webp","type":"image\/webp"}],"twitter_card":"summary_large_image","twitter_misc":{"Tahmini okuma s\u00fcresi":"2 dakika"},"schema":{"@context":"https:\/\/schema.org","@graph":[{"@type":"WebPage","@id":"https:\/\/ruishengglassco.com\/product\/rs120clear-750ml-glass-bottles-with-screw-caps-wholesale","url":"https:\/\/ruishengglassco.com\/product\/rs120clear-750ml-glass-bottles-with-screw-caps-wholesale","name":"Clear Glass Bottles With Screw Caps | Wholesale Glass Liquor Bottle","isPartOf":{"@id":"https:\/\/ruishengglassco.com\/#website"},"datePublished":"2025-03-14T16:01:07+00:00","dateModified":"2025-07-16T07:04:30+00:00","description":"Buy Clear Glass Bottles With Screw Caps From China Liquor Bottle Factory. 750ML Glass Liquot Bottle Wholesale In Cheap Price.","breadcrumb":{"@id":"https:\/\/ruishengglassco.com\/product\/rs120clear-750ml-glass-bottles-with-screw-caps-wholesale#breadcrumb"},"inLanguage":"tr","potentialAction":[{"@type":"ReadAction","target":["https:\/\/ruishengglassco.com\/product\/rs120clear-750ml-glass-bottles-with-screw-caps-wholesale"]}]},{"@type":"BreadcrumbList","@id":"https:\/\/ruishengglassco.com\/product\/rs120clear-750ml-glass-bottles-with-screw-caps-wholesale#breadcrumb","itemListElement":[{"@type":"ListItem","position":1,"name":"Home","item":"https:\/\/ruishengglassco.com\/"},{"@type":"ListItem","position":2,"name":"Products","item":"https:\/\/ruishengglassco.com\/products"},{"@type":"ListItem","position":3,"name":"RS120:Clear 750ml Glass Bottles With Screw Caps Factory"}]},{"@type":"WebSite","@id":"https:\/\/ruishengglassco.com\/#website","url":"https:\/\/ruishengglassco.com\/","name":"Ruisheng Glass","description":"","publisher":{"@id":"https:\/\/ruishengglassco.com\/#organization"},"potentialAction":[{"@type":"SearchAction","target":{"@type":"EntryPoint","urlTemplate":"https:\/\/ruishengglassco.com\/?s={search_term_string}"},"query-input":"required name=search_term_string"}],"inLanguage":"tr"},{"@type":"Organization","@id":"https:\/\/ruishengglassco.com\/#organization","name":"Shandong Yuncheng Ruisheng Glass Co., Ltd","url":"https:\/\/ruishengglassco.com\/","logo":{"@type":"ImageObject","inLanguage":"tr","@id":"https:\/\/ruishengglassco.com\/#\/schema\/logo\/image\/","url":"https:\/\/ruishengglassco.com\/wp-content\/uploads\/2023\/09\/ruisheng_logo_icon.webp","contentUrl":"https:\/\/ruishengglassco.com\/wp-content\/uploads\/2023\/09\/ruisheng_logo_icon.webp","width":400,"height":233,"caption":"Shandong Yuncheng Ruisheng Glass Co., Ltd"},"image":{"@id":"https:\/\/ruishengglassco.com\/#\/schema\/logo\/image\/"},"sameAs":["https:\/\/www.facebook.com\/ruishengglassbottles","https:\/\/www.instagram.com\/Ruishengglassbottlewholesales\/","https:\/\/www.youtube.com\/channel\/UCMmbMNGwsL-XrtjfSFLCdVQ"]}]}},"_links":{"self":[{"href":"https:\/\/ruishengglassco.com\/tr\/wp-json\/wp\/v2\/product\/4159","targetHints":{"allow":["GET"]}}],"collection":[{"href":"https:\/\/ruishengglassco.com\/tr\/wp-json\/wp\/v2\/product"}],"about":[{"href":"https:\/\/ruishengglassco.com\/tr\/wp-json\/wp\/v2\/types\/product"}],"replies":[{"embeddable":true,"href":"https:\/\/ruishengglassco.com\/tr\/wp-json\/wp\/v2\/comments?post=4159"}],"wp:featuredmedia":[{"embeddable":true,"href":"https:\/\/ruishengglassco.com\/tr\/wp-json\/wp\/v2\/media\/4160"}],"wp:attachment":[{"href":"https:\/\/ruishengglassco.com\/tr\/wp-json\/wp\/v2\/media?parent=4159"}],"wp:term":[{"taxonomy":"product_cat","embeddable":true,"href":"https:\/\/ruishengglassco.com\/tr\/wp-json\/wp\/v2\/product_cat?post=4159"}],"curies":[{"name":"wp","href":"https:\/\/api.w.org\/{rel}","templated":true}]}}