{"id":4157,"date":"2025-03-14T23:58:51","date_gmt":"2025-03-14T15:58:51","guid":{"rendered":"https:\/\/ruishengglassco.com\/?post_type=product&#038;p=4157"},"modified":"2025-07-17T13:35:48","modified_gmt":"2025-07-17T05:35:48","slug":"rs121-16-oz-vidali-kapakli-yuvarlak-likor-siseleri","status":"publish","type":"product","link":"https:\/\/ruishengglassco.com\/tr\/urun\/rs121-16-oz-vidali-kapakli-yuvarlak-likor-siseleri","title":{"rendered":"RS121: Vidal\u0131 Kapakl\u0131 16 OZ Yuvarlak Lik\u00f6r \u015ei\u015feleri"},"content":{"rendered":"<p>Toptan 16 oz cam \u015fi\u015feler Shandong Yuncheng Ruisheng Glass Co, Ltd taraf\u0131ndan \u00fcretilmektedir. Firmam\u0131z \u00c7in'deki en b\u00fcy\u00fck s\u00fcper \u00e7akmakta\u015f\u0131 cam lik\u00f6r \u015fi\u015fesi tedarik\u00e7ilerinden biridir.<\/p>\n<p>500 ml'lik yuvarlak lik\u00f6r \u015fi\u015fesinde y\u00fcksek kaliteli \u00e7akmakta\u015f\u0131 cam kullan\u0131lm\u0131\u015ft\u0131r. Bu se\u00e7im \u015fi\u015fenin daha berrak, daha dayan\u0131kl\u0131 ve dokunuldu\u011funda daha p\u00fcr\u00fczs\u00fcz olmas\u0131n\u0131 sa\u011flar.<\/p>\n<p>\u015eirketimizin 500'den fazla \u00e7al\u0131\u015fan\u0131 ve yetenekli m\u00fchendislerden olu\u015fan bir ekibi vard\u0131r. Zengin deneyimimizle d\u00fcnya \u00e7ap\u0131nda iyi bir \u00fcne sahip olduk.<\/p>\n<p>Ana \u00fcr\u00fcn serilerimiz aras\u0131nda 750ml cam \u015fi\u015fe toptan sat\u0131\u015f serisi, 700ml cam \u015fi\u015fe toptan sat\u0131\u015f serisi ve 500ml cam \u015fi\u015fe toptan sat\u0131\u015f serisi bulunmaktad\u0131r. Ruisheng, \u00c7in'de 500 ml'lik yuvarlak lik\u00f6r \u015fi\u015felerinin en iyi tedarik\u00e7isidir. ABD, \u0130ngiltere, Avustralya, Fransa ve M\u0131s\u0131r dahil olmak \u00fczere 50'den fazla \u00fclkeye votka, viski, cin, brendi ve re\u00e7el \u015fi\u015feleri ihra\u00e7 ediyoruz. \u00dcr\u00fcnlerimiz yenilik\u00e7ili\u011fi ve i\u015flevselli\u011fi ile bilinmektedir.<\/p>\n<h2>Details About 16 OZ Cam \u015ei\u015feler Toptan Sat\u0131\u015f<\/h2>\n<ul>\n<li>Ana malzeme: y\u00fcksek \u00e7akmakta\u015f\u0131 cam<\/li>\n<li>Kapak: Vidal\u0131 kapak\/ Mantar\/ Cam T\u0131pa<\/li>\n<li>Referans: RS121<\/li>\n<li>ADEDI: 10000 ADET<\/li>\n<li>Kapasite:500ml<\/li>\n<li>Adet\/Ctn:24 adet<\/li>\n<li>Yerin k\u00f6keni: Shandong, \u00c7in<\/li>\n<li>\u00d6zellik: \u00c7evre dostu<\/li>\n<\/ul>\n<p>Toptan 16 oz cam \u015fi\u015felerimizle ilgileniyorsan\u0131z, l\u00fctfen bizimle ileti\u015fime ge\u00e7in. \u00d6zel cam \u015fi\u015feler yapmak istiyorsan\u0131z, l\u00fctfen bizimle de ileti\u015fime ge\u00e7in. En iyi cam su \u015fi\u015fesi i\u00e7in sorgunuzu almaktan \u00e7ok memnunuz.<\/p>","protected":false},"excerpt":{"rendered":"<p>Ruisheng 16 oz cam \u015fi\u015feler \u015feffaf g\u00f6vdeli toptan sat\u0131\u015f, lik\u00f6r kalitesini, rengini ve parlakl\u0131\u011f\u0131n\u0131 g\u00f6stermeyi kolayla\u015ft\u0131r\u0131r. \u00c7in fabrikas\u0131ndan toptan yuvarlak lik\u00f6r \u015fi\u015femiz 20'den fazla \u00fclkeye ihra\u00e7 edilmi\u015f ve m\u00fc\u015fterilerin be\u011fenisini kazanm\u0131\u015ft\u0131r.<\/p>","protected":false},"featured_media":4158,"comment_status":"closed","ping_status":"closed","template":"","meta":[],"product_cat":[41],"class_list":{"0":"post-4157","1":"product","2":"type-product","3":"status-publish","4":"has-post-thumbnail","6":"product_cat-500ml-liquor-bottle-manufacturer","8":"first","9":"instock","10":"shipping-taxable","11":"product-type-simple"},"yoast_head":"<!-- This site is optimized with the Yoast SEO plugin v22.0 - https:\/\/yoast.com\/wordpress\/plugins\/seo\/ -->\n<title>16 OZ Glass Bottles Wholesale | 500ml Round Liquor Bottle Supplier<\/title>\n<meta name=\"description\" content=\"Ruisheng, a primary China Liquor Bottle Manufacturer&amp;Supplier, provide 16 OZ glass bottles wholesale for liquor brands, companies.\" \/>\n<meta name=\"robots\" content=\"index, follow, max-snippet:-1, max-image-preview:large, max-video-preview:-1\" \/>\n<link rel=\"canonical\" href=\"https:\/\/ruishengglassco.com\/tr\/urun\/rs121-16-oz-vidali-kapakli-yuvarlak-likor-siseleri\" \/>\n<meta property=\"og:locale\" content=\"tr_TR\" \/>\n<meta property=\"og:type\" content=\"article\" \/>\n<meta property=\"og:title\" content=\"16 OZ Glass Bottles Wholesale | 500ml Round Liquor Bottle Supplier\" \/>\n<meta property=\"og:description\" content=\"Ruisheng, a primary China Liquor Bottle Manufacturer&amp;Supplier, provide 16 OZ glass bottles wholesale for liquor brands, companies.\" \/>\n<meta property=\"og:url\" content=\"https:\/\/ruishengglassco.com\/tr\/urun\/rs121-16-oz-vidali-kapakli-yuvarlak-likor-siseleri\" \/>\n<meta property=\"article:publisher\" content=\"https:\/\/www.facebook.com\/ruishengglassbottles\" \/>\n<meta property=\"article:modified_time\" content=\"2025-07-17T05:35:48+00:00\" \/>\n<meta property=\"og:image\" content=\"https:\/\/ruishengglassco.com\/wp-content\/uploads\/2025\/03\/RS121-16-OZ-Round-Liquor-Bottles-With-Screw-Cap.webp\" \/>\n\t<meta property=\"og:image:width\" content=\"400\" \/>\n\t<meta property=\"og:image:height\" content=\"400\" \/>\n\t<meta property=\"og:image:type\" content=\"image\/webp\" \/>\n<meta name=\"twitter:card\" content=\"summary_large_image\" \/>\n<meta name=\"twitter:label1\" content=\"Tahmini okuma s\u00fcresi\" \/>\n\t<meta name=\"twitter:data1\" content=\"2 dakika\" \/>\n<script type=\"application\/ld+json\" class=\"yoast-schema-graph\">{\"@context\":\"https:\/\/schema.org\",\"@graph\":[{\"@type\":\"WebPage\",\"@id\":\"https:\/\/ruishengglassco.com\/product\/rs121-16-oz-round-liquor-bottles-with-screw-cap\",\"url\":\"https:\/\/ruishengglassco.com\/product\/rs121-16-oz-round-liquor-bottles-with-screw-cap\",\"name\":\"16 OZ Glass Bottles Wholesale | 500ml Round Liquor Bottle Supplier\",\"isPartOf\":{\"@id\":\"https:\/\/ruishengglassco.com\/#website\"},\"datePublished\":\"2025-03-14T15:58:51+00:00\",\"dateModified\":\"2025-07-17T05:35:48+00:00\",\"description\":\"Ruisheng, a primary China Liquor Bottle Manufacturer&Supplier, provide 16 OZ glass bottles wholesale for liquor brands, companies.\",\"breadcrumb\":{\"@id\":\"https:\/\/ruishengglassco.com\/product\/rs121-16-oz-round-liquor-bottles-with-screw-cap#breadcrumb\"},\"inLanguage\":\"tr\",\"potentialAction\":[{\"@type\":\"ReadAction\",\"target\":[\"https:\/\/ruishengglassco.com\/product\/rs121-16-oz-round-liquor-bottles-with-screw-cap\"]}]},{\"@type\":\"BreadcrumbList\",\"@id\":\"https:\/\/ruishengglassco.com\/product\/rs121-16-oz-round-liquor-bottles-with-screw-cap#breadcrumb\",\"itemListElement\":[{\"@type\":\"ListItem\",\"position\":1,\"name\":\"Home\",\"item\":\"https:\/\/ruishengglassco.com\/\"},{\"@type\":\"ListItem\",\"position\":2,\"name\":\"Products\",\"item\":\"https:\/\/ruishengglassco.com\/products\"},{\"@type\":\"ListItem\",\"position\":3,\"name\":\"RS121: 16 OZ Round Liquor Bottles With Screw Cap\"}]},{\"@type\":\"WebSite\",\"@id\":\"https:\/\/ruishengglassco.com\/#website\",\"url\":\"https:\/\/ruishengglassco.com\/\",\"name\":\"Ruisheng Glass\",\"description\":\"\",\"publisher\":{\"@id\":\"https:\/\/ruishengglassco.com\/#organization\"},\"potentialAction\":[{\"@type\":\"SearchAction\",\"target\":{\"@type\":\"EntryPoint\",\"urlTemplate\":\"https:\/\/ruishengglassco.com\/?s={search_term_string}\"},\"query-input\":\"required name=search_term_string\"}],\"inLanguage\":\"tr\"},{\"@type\":\"Organization\",\"@id\":\"https:\/\/ruishengglassco.com\/#organization\",\"name\":\"Shandong Yuncheng Ruisheng Glass Co., Ltd\",\"url\":\"https:\/\/ruishengglassco.com\/\",\"logo\":{\"@type\":\"ImageObject\",\"inLanguage\":\"tr\",\"@id\":\"https:\/\/ruishengglassco.com\/#\/schema\/logo\/image\/\",\"url\":\"https:\/\/ruishengglassco.com\/wp-content\/uploads\/2023\/09\/ruisheng_logo_icon.webp\",\"contentUrl\":\"https:\/\/ruishengglassco.com\/wp-content\/uploads\/2023\/09\/ruisheng_logo_icon.webp\",\"width\":400,\"height\":233,\"caption\":\"Shandong Yuncheng Ruisheng Glass Co., Ltd\"},\"image\":{\"@id\":\"https:\/\/ruishengglassco.com\/#\/schema\/logo\/image\/\"},\"sameAs\":[\"https:\/\/www.facebook.com\/ruishengglassbottles\",\"https:\/\/www.instagram.com\/Ruishengglassbottlewholesales\/\",\"https:\/\/www.youtube.com\/channel\/UCMmbMNGwsL-XrtjfSFLCdVQ\"]}]}<\/script>\n<!-- \/ Yoast SEO plugin. -->","yoast_head_json":{"title":"16 OZ Glass Bottles Wholesale | 500ml Round Liquor Bottle Supplier","description":"Ruisheng, a primary China Liquor Bottle Manufacturer&Supplier, provide 16 OZ glass bottles wholesale for liquor brands, companies.","robots":{"index":"index","follow":"follow","max-snippet":"max-snippet:-1","max-image-preview":"max-image-preview:large","max-video-preview":"max-video-preview:-1"},"canonical":"https:\/\/ruishengglassco.com\/tr\/urun\/rs121-16-oz-vidali-kapakli-yuvarlak-likor-siseleri","og_locale":"tr_TR","og_type":"article","og_title":"16 OZ Glass Bottles Wholesale | 500ml Round Liquor Bottle Supplier","og_description":"Ruisheng, a primary China Liquor Bottle Manufacturer&Supplier, provide 16 OZ glass bottles wholesale for liquor brands, companies.","og_url":"https:\/\/ruishengglassco.com\/tr\/urun\/rs121-16-oz-vidali-kapakli-yuvarlak-likor-siseleri","article_publisher":"https:\/\/www.facebook.com\/ruishengglassbottles","article_modified_time":"2025-07-17T05:35:48+00:00","og_image":[{"width":400,"height":400,"url":"https:\/\/ruishengglassco.com\/wp-content\/uploads\/2025\/03\/RS121-16-OZ-Round-Liquor-Bottles-With-Screw-Cap.webp","type":"image\/webp"}],"twitter_card":"summary_large_image","twitter_misc":{"Tahmini okuma s\u00fcresi":"2 dakika"},"schema":{"@context":"https:\/\/schema.org","@graph":[{"@type":"WebPage","@id":"https:\/\/ruishengglassco.com\/product\/rs121-16-oz-round-liquor-bottles-with-screw-cap","url":"https:\/\/ruishengglassco.com\/product\/rs121-16-oz-round-liquor-bottles-with-screw-cap","name":"16 OZ Glass Bottles Wholesale | 500ml Round Liquor Bottle Supplier","isPartOf":{"@id":"https:\/\/ruishengglassco.com\/#website"},"datePublished":"2025-03-14T15:58:51+00:00","dateModified":"2025-07-17T05:35:48+00:00","description":"Ruisheng, a primary China Liquor Bottle Manufacturer&Supplier, provide 16 OZ glass bottles wholesale for liquor brands, companies.","breadcrumb":{"@id":"https:\/\/ruishengglassco.com\/product\/rs121-16-oz-round-liquor-bottles-with-screw-cap#breadcrumb"},"inLanguage":"tr","potentialAction":[{"@type":"ReadAction","target":["https:\/\/ruishengglassco.com\/product\/rs121-16-oz-round-liquor-bottles-with-screw-cap"]}]},{"@type":"BreadcrumbList","@id":"https:\/\/ruishengglassco.com\/product\/rs121-16-oz-round-liquor-bottles-with-screw-cap#breadcrumb","itemListElement":[{"@type":"ListItem","position":1,"name":"Home","item":"https:\/\/ruishengglassco.com\/"},{"@type":"ListItem","position":2,"name":"Products","item":"https:\/\/ruishengglassco.com\/products"},{"@type":"ListItem","position":3,"name":"RS121: 16 OZ Round Liquor Bottles With Screw Cap"}]},{"@type":"WebSite","@id":"https:\/\/ruishengglassco.com\/#website","url":"https:\/\/ruishengglassco.com\/","name":"Ruisheng Glass","description":"","publisher":{"@id":"https:\/\/ruishengglassco.com\/#organization"},"potentialAction":[{"@type":"SearchAction","target":{"@type":"EntryPoint","urlTemplate":"https:\/\/ruishengglassco.com\/?s={search_term_string}"},"query-input":"required name=search_term_string"}],"inLanguage":"tr"},{"@type":"Organization","@id":"https:\/\/ruishengglassco.com\/#organization","name":"Shandong Yuncheng Ruisheng Glass Co., Ltd","url":"https:\/\/ruishengglassco.com\/","logo":{"@type":"ImageObject","inLanguage":"tr","@id":"https:\/\/ruishengglassco.com\/#\/schema\/logo\/image\/","url":"https:\/\/ruishengglassco.com\/wp-content\/uploads\/2023\/09\/ruisheng_logo_icon.webp","contentUrl":"https:\/\/ruishengglassco.com\/wp-content\/uploads\/2023\/09\/ruisheng_logo_icon.webp","width":400,"height":233,"caption":"Shandong Yuncheng Ruisheng Glass Co., Ltd"},"image":{"@id":"https:\/\/ruishengglassco.com\/#\/schema\/logo\/image\/"},"sameAs":["https:\/\/www.facebook.com\/ruishengglassbottles","https:\/\/www.instagram.com\/Ruishengglassbottlewholesales\/","https:\/\/www.youtube.com\/channel\/UCMmbMNGwsL-XrtjfSFLCdVQ"]}]}},"_links":{"self":[{"href":"https:\/\/ruishengglassco.com\/tr\/wp-json\/wp\/v2\/product\/4157","targetHints":{"allow":["GET"]}}],"collection":[{"href":"https:\/\/ruishengglassco.com\/tr\/wp-json\/wp\/v2\/product"}],"about":[{"href":"https:\/\/ruishengglassco.com\/tr\/wp-json\/wp\/v2\/types\/product"}],"replies":[{"embeddable":true,"href":"https:\/\/ruishengglassco.com\/tr\/wp-json\/wp\/v2\/comments?post=4157"}],"wp:featuredmedia":[{"embeddable":true,"href":"https:\/\/ruishengglassco.com\/tr\/wp-json\/wp\/v2\/media\/4158"}],"wp:attachment":[{"href":"https:\/\/ruishengglassco.com\/tr\/wp-json\/wp\/v2\/media?parent=4157"}],"wp:term":[{"taxonomy":"product_cat","embeddable":true,"href":"https:\/\/ruishengglassco.com\/tr\/wp-json\/wp\/v2\/product_cat?post=4157"}],"curies":[{"name":"wp","href":"https:\/\/api.w.org\/{rel}","templated":true}]}}