{"id":4155,"date":"2025-03-14T23:56:03","date_gmt":"2025-03-14T15:56:03","guid":{"rendered":"https:\/\/ruishengglassco.com\/?post_type=product&#038;p=4155"},"modified":"2025-07-16T15:02:23","modified_gmt":"2025-07-16T07:02:23","slug":"rs122-1000ml-seffaf-ispirto-toptan-satilik-cam-siseler","status":"publish","type":"product","link":"https:\/\/ruishengglassco.com\/tr\/urun\/rs122-1000ml-seffaf-ispirto-toptan-satilik-cam-siseler","title":{"rendered":"RS122: Sat\u0131l\u0131k 1000ml \u015eeffaf \u0130spirto Fabrikas\u0131 Cam \u015ei\u015feleri"},"content":{"rendered":"<p>Mantar Toptan Sat\u0131\u015f ile bu 1000ml \u015eeffaf Cam \u015fi\u015fe fabrikam\u0131zdaki ana \u00fcr\u00fcnlerden biridir. Bu lik\u00f6r cam \u015fi\u015felerini yapmak i\u00e7in birinci s\u0131n\u0131f cam malzeme kullan\u0131yoruz. Bu malzeme y\u00fcksek \u00e7akmakta\u015f\u0131 camdan yap\u0131lm\u0131\u015ft\u0131r. Bu malzeme spir kullan\u0131larak, cam \u015fi\u015feler \u00e7ok nettir ve kolayca k\u0131r\u0131lmaz.<\/p>\n<p>Sat\u0131l\u0131k 1000ml \u015feffaf \u015farap cam \u015fi\u015felerimiz \u015feffaf votka cam \u015fi\u015feleri, cin cam \u015fi\u015feleri, rom cam \u015fi\u015feleri ve di\u011fer alkoll\u00fc i\u00e7ki cam \u015fi\u015feleri olarak kullan\u0131labilir. Bu i\u00e7ki cam \u015fi\u015felerinin s\u0131zd\u0131rmazl\u0131k tipi mantar kaplamad\u0131r. B\u00f6ylece birden fazla kez kullanabilirler.<\/p>\n<h2>Mantar Fabrikas\u0131 ile 1000ml \u015eeffaf Cam \u015ei\u015felerin Detaylar\u0131<\/h2>\n<ul>\n<li>Ana malzeme: y\u00fcksek \u00e7akmakta\u015f\u0131 cam<\/li>\n<li>Kapak: Mantar<\/li>\n<li>Referans: RS122<\/li>\n<li>ADEDI: 10000 ADET<\/li>\n<li>Kapasite: 1000ml<\/li>\n<li>Adet\/Ctn: 24 adet<\/li>\n<li>Yerin k\u00f6keni: Shandong, \u00c7in<\/li>\n<li>\u00d6zellik: \u00c7evre dostu<\/li>\n<\/ul>\n<p data-block-id=\"d579b52f-3211-4a03-9e33-ddb125ee90e4\" data-pm-slice=\"1 1 []\">Y\u00fcksek \u00e7akmakta\u015f\u0131 cam \u015fi\u015fe \u00fcreticisi olarak, her t\u00fcrl\u00fc cam \u015fi\u015feyi toptan yapabiliriz. Yuvarlak, kare, d\u00fcz ve di\u011fer benzersiz \u015fekiller dahil olmak \u00fczere \u00e7e\u015fitli \u015fekillerde cam \u015fi\u015feler \u00fcretiyoruz. \u00d6zel cam \u015fi\u015feler yapmak istiyorsan\u0131z, bunu sizin i\u00e7in de yapabiliriz.<\/p>\n<p data-block-id=\"10af0ad5-ad2d-4fb2-a4d9-b173abff9420\">Ayr\u0131ca cam \u015fi\u015feler \u00fczerinde bask\u0131, \u00e7\u0131kartma logolar\u0131 ve \u015fi\u015fe \u00fczerinde buzlanma gibi derin i\u015flemler de sunabiliriz. Bize neye ihtiyac\u0131n\u0131z oldu\u011funu s\u00f6yleyin, talebiniz i\u00e7in bunu yapabiliriz.<\/p>\n<p data-block-id=\"3daa249d-1744-4e29-95b3-06e4848005e0\">Fabrikam\u0131zda kalite kontrol ve bir grup yetenekli m\u00fchendis de dahil olmak \u00fczere yakla\u015f\u0131k 500 \u00e7al\u0131\u015fan bulunmaktad\u0131r. Fabrikam\u0131zdan g\u00f6nderilen t\u00fcm cam \u015fi\u015felerin kalite kontrol\u00fcnden ge\u00e7ti\u011finden ve t\u00fcm m\u00fc\u015fterilerimizin cam \u015fi\u015felerimizden ve hizmetimizden memnun oldu\u011fundan emin oluyoruz.<\/p>\n<p data-block-id=\"71870d0f-05c4-42a3-90bc-b587dfca90c4\">1000 ml'lik \u015feffaf ispirto cam \u015fi\u015felerimizle ilgileniyorsan\u0131z veya \u00f6zel se\u00e7enekler istiyorsan\u0131z, l\u00fctfen bizimle ileti\u015fime ge\u00e7in. \u0130htiya\u00e7lar\u0131n\u0131z\u0131 kar\u015f\u0131lamak ve \u00fcr\u00fcnlerimizden memnun kalman\u0131z\u0131 sa\u011flamak i\u00e7in elimizden geleni yapaca\u011f\u0131z.<\/p>","protected":false},"excerpt":{"rendered":"<table class=\"tg\">\n<tbody>\n<tr>\n<th class=\"tg-n1qb\" colspan=\"2\">1000ml \u015eeffaf \u0130spirto Cam \u015ei\u015feleri<\/th>\n<\/tr>\n<tr>\n<td class=\"tg-dc35\">Ana malzeme:<\/td>\n<td class=\"tg-dc35\">Y\u00fcksek Flint Cam<\/td>\n<\/tr>\n<tr>\n<td class=\"tg-us36\">Kaptan:<\/td>\n<td class=\"tg-us36\">Vidal\u0131 Kapak<\/td>\n<\/tr>\n<tr>\n<td class=\"tg-dc35\">Kapasite:<\/td>\n<td class=\"tg-dc35\">1000ml<\/td>\n<\/tr>\n<tr>\n<td class=\"tg-us36\">\u00d6zellik:<\/td>\n<td class=\"tg-us36\">\u00c7evre dostu<\/td>\n<\/tr>\n<tr>\n<td class=\"tg-dc35\">ADEDI:<\/td>\n<td class=\"tg-dc35\">10000 ADET<\/td>\n<\/tr>\n<tr>\n<td class=\"tg-us36\">Paketleme \u015eekli:<\/td>\n<td class=\"tg-us36\">\u0130hracat standart karton \/ Palet \/ ihracat standart karton ve palet<\/td>\n<\/tr>\n<tr>\n<td class=\"tg-dc35\">OEM\/ODM:<\/td>\n<td class=\"tg-dc35\">Ho\u015f geldiniz<\/td>\n<\/tr>\n<tr>\n<td class=\"tg-us36\">Yerin k\u00f6keni:<\/td>\n<td class=\"tg-us36\">Shandong, \u00c7in<\/td>\n<\/tr>\n<tr>\n<td class=\"tg-dc35\">Adet\/Ktn:<\/td>\n<td class=\"tg-dc35\">24 adet \/ 20 adet<\/td>\n<\/tr>\n<\/tbody>\n<\/table>","protected":false},"featured_media":4156,"comment_status":"closed","ping_status":"closed","template":"","meta":[],"product_cat":[43],"class_list":{"0":"post-4155","1":"product","2":"type-product","3":"status-publish","4":"has-post-thumbnail","6":"product_cat-1000ml-liquor-bottle-manufacturer","8":"first","9":"instock","10":"shipping-taxable","11":"product-type-simple"},"yoast_head":"<!-- This site is optimized with the Yoast SEO plugin v22.0 - https:\/\/yoast.com\/wordpress\/plugins\/seo\/ -->\n<title>1000ml Clear Glass Bottles With Corks Factory China-Ruisheng<\/title>\n<meta name=\"description\" content=\"This 1000ml Clear Glass Bottles With Corks Factory is produced by best China glass bottle factory. High Quality&amp;Cheap Bulk Price.\" \/>\n<meta name=\"robots\" content=\"index, follow, max-snippet:-1, max-image-preview:large, max-video-preview:-1\" \/>\n<link rel=\"canonical\" href=\"https:\/\/ruishengglassco.com\/tr\/urun\/rs122-1000ml-seffaf-ispirto-toptan-satilik-cam-siseler\" \/>\n<meta property=\"og:locale\" content=\"tr_TR\" \/>\n<meta property=\"og:type\" content=\"article\" \/>\n<meta property=\"og:title\" content=\"1000ml Clear Glass Bottles With Corks Factory China-Ruisheng\" \/>\n<meta property=\"og:description\" content=\"This 1000ml Clear Glass Bottles With Corks Factory is produced by best China glass bottle factory. High Quality&amp;Cheap Bulk Price.\" \/>\n<meta property=\"og:url\" content=\"https:\/\/ruishengglassco.com\/tr\/urun\/rs122-1000ml-seffaf-ispirto-toptan-satilik-cam-siseler\" \/>\n<meta property=\"article:publisher\" content=\"https:\/\/www.facebook.com\/ruishengglassbottles\" \/>\n<meta property=\"article:modified_time\" content=\"2025-07-16T07:02:23+00:00\" \/>\n<meta property=\"og:image\" content=\"https:\/\/ruishengglassco.com\/wp-content\/uploads\/2025\/03\/RS122-1000ml-Clear-Spirit-Wholesale-Glass-Bottles-For-Sale.webp\" \/>\n\t<meta property=\"og:image:width\" content=\"800\" \/>\n\t<meta property=\"og:image:height\" content=\"800\" \/>\n\t<meta property=\"og:image:type\" content=\"image\/webp\" \/>\n<meta name=\"twitter:card\" content=\"summary_large_image\" \/>\n<meta name=\"twitter:label1\" content=\"Tahmini okuma s\u00fcresi\" \/>\n\t<meta name=\"twitter:data1\" content=\"2 dakika\" \/>\n<script type=\"application\/ld+json\" class=\"yoast-schema-graph\">{\"@context\":\"https:\/\/schema.org\",\"@graph\":[{\"@type\":\"WebPage\",\"@id\":\"https:\/\/ruishengglassco.com\/product\/rs122-1000ml-clear-spirit-wholesale-glass-bottles-for-sale\",\"url\":\"https:\/\/ruishengglassco.com\/product\/rs122-1000ml-clear-spirit-wholesale-glass-bottles-for-sale\",\"name\":\"1000ml Clear Glass Bottles With Corks Factory China-Ruisheng\",\"isPartOf\":{\"@id\":\"https:\/\/ruishengglassco.com\/#website\"},\"datePublished\":\"2025-03-14T15:56:03+00:00\",\"dateModified\":\"2025-07-16T07:02:23+00:00\",\"description\":\"This 1000ml Clear Glass Bottles With Corks Factory is produced by best China glass bottle factory. High Quality&Cheap Bulk Price.\",\"breadcrumb\":{\"@id\":\"https:\/\/ruishengglassco.com\/product\/rs122-1000ml-clear-spirit-wholesale-glass-bottles-for-sale#breadcrumb\"},\"inLanguage\":\"tr\",\"potentialAction\":[{\"@type\":\"ReadAction\",\"target\":[\"https:\/\/ruishengglassco.com\/product\/rs122-1000ml-clear-spirit-wholesale-glass-bottles-for-sale\"]}]},{\"@type\":\"BreadcrumbList\",\"@id\":\"https:\/\/ruishengglassco.com\/product\/rs122-1000ml-clear-spirit-wholesale-glass-bottles-for-sale#breadcrumb\",\"itemListElement\":[{\"@type\":\"ListItem\",\"position\":1,\"name\":\"Home\",\"item\":\"https:\/\/ruishengglassco.com\/\"},{\"@type\":\"ListItem\",\"position\":2,\"name\":\"Products\",\"item\":\"https:\/\/ruishengglassco.com\/products\"},{\"@type\":\"ListItem\",\"position\":3,\"name\":\"RS122: 1000ml Clear Spirit Factory Glass Bottles For Sale\"}]},{\"@type\":\"WebSite\",\"@id\":\"https:\/\/ruishengglassco.com\/#website\",\"url\":\"https:\/\/ruishengglassco.com\/\",\"name\":\"Ruisheng Glass\",\"description\":\"\",\"publisher\":{\"@id\":\"https:\/\/ruishengglassco.com\/#organization\"},\"potentialAction\":[{\"@type\":\"SearchAction\",\"target\":{\"@type\":\"EntryPoint\",\"urlTemplate\":\"https:\/\/ruishengglassco.com\/?s={search_term_string}\"},\"query-input\":\"required name=search_term_string\"}],\"inLanguage\":\"tr\"},{\"@type\":\"Organization\",\"@id\":\"https:\/\/ruishengglassco.com\/#organization\",\"name\":\"Shandong Yuncheng Ruisheng Glass Co., Ltd\",\"url\":\"https:\/\/ruishengglassco.com\/\",\"logo\":{\"@type\":\"ImageObject\",\"inLanguage\":\"tr\",\"@id\":\"https:\/\/ruishengglassco.com\/#\/schema\/logo\/image\/\",\"url\":\"https:\/\/ruishengglassco.com\/wp-content\/uploads\/2023\/09\/ruisheng_logo_icon.webp\",\"contentUrl\":\"https:\/\/ruishengglassco.com\/wp-content\/uploads\/2023\/09\/ruisheng_logo_icon.webp\",\"width\":400,\"height\":233,\"caption\":\"Shandong Yuncheng Ruisheng Glass Co., Ltd\"},\"image\":{\"@id\":\"https:\/\/ruishengglassco.com\/#\/schema\/logo\/image\/\"},\"sameAs\":[\"https:\/\/www.facebook.com\/ruishengglassbottles\",\"https:\/\/www.instagram.com\/Ruishengglassbottlewholesales\/\",\"https:\/\/www.youtube.com\/channel\/UCMmbMNGwsL-XrtjfSFLCdVQ\"]}]}<\/script>\n<!-- \/ Yoast SEO plugin. -->","yoast_head_json":{"title":"1000ml Clear Glass Bottles With Corks Factory China-Ruisheng","description":"This 1000ml Clear Glass Bottles With Corks Factory is produced by best China glass bottle factory. High Quality&Cheap Bulk Price.","robots":{"index":"index","follow":"follow","max-snippet":"max-snippet:-1","max-image-preview":"max-image-preview:large","max-video-preview":"max-video-preview:-1"},"canonical":"https:\/\/ruishengglassco.com\/tr\/urun\/rs122-1000ml-seffaf-ispirto-toptan-satilik-cam-siseler","og_locale":"tr_TR","og_type":"article","og_title":"1000ml Clear Glass Bottles With Corks Factory China-Ruisheng","og_description":"This 1000ml Clear Glass Bottles With Corks Factory is produced by best China glass bottle factory. High Quality&Cheap Bulk Price.","og_url":"https:\/\/ruishengglassco.com\/tr\/urun\/rs122-1000ml-seffaf-ispirto-toptan-satilik-cam-siseler","article_publisher":"https:\/\/www.facebook.com\/ruishengglassbottles","article_modified_time":"2025-07-16T07:02:23+00:00","og_image":[{"width":800,"height":800,"url":"https:\/\/ruishengglassco.com\/wp-content\/uploads\/2025\/03\/RS122-1000ml-Clear-Spirit-Wholesale-Glass-Bottles-For-Sale.webp","type":"image\/webp"}],"twitter_card":"summary_large_image","twitter_misc":{"Tahmini okuma s\u00fcresi":"2 dakika"},"schema":{"@context":"https:\/\/schema.org","@graph":[{"@type":"WebPage","@id":"https:\/\/ruishengglassco.com\/product\/rs122-1000ml-clear-spirit-wholesale-glass-bottles-for-sale","url":"https:\/\/ruishengglassco.com\/product\/rs122-1000ml-clear-spirit-wholesale-glass-bottles-for-sale","name":"1000ml Clear Glass Bottles With Corks Factory China-Ruisheng","isPartOf":{"@id":"https:\/\/ruishengglassco.com\/#website"},"datePublished":"2025-03-14T15:56:03+00:00","dateModified":"2025-07-16T07:02:23+00:00","description":"This 1000ml Clear Glass Bottles With Corks Factory is produced by best China glass bottle factory. High Quality&Cheap Bulk Price.","breadcrumb":{"@id":"https:\/\/ruishengglassco.com\/product\/rs122-1000ml-clear-spirit-wholesale-glass-bottles-for-sale#breadcrumb"},"inLanguage":"tr","potentialAction":[{"@type":"ReadAction","target":["https:\/\/ruishengglassco.com\/product\/rs122-1000ml-clear-spirit-wholesale-glass-bottles-for-sale"]}]},{"@type":"BreadcrumbList","@id":"https:\/\/ruishengglassco.com\/product\/rs122-1000ml-clear-spirit-wholesale-glass-bottles-for-sale#breadcrumb","itemListElement":[{"@type":"ListItem","position":1,"name":"Home","item":"https:\/\/ruishengglassco.com\/"},{"@type":"ListItem","position":2,"name":"Products","item":"https:\/\/ruishengglassco.com\/products"},{"@type":"ListItem","position":3,"name":"RS122: 1000ml Clear Spirit Factory Glass Bottles For Sale"}]},{"@type":"WebSite","@id":"https:\/\/ruishengglassco.com\/#website","url":"https:\/\/ruishengglassco.com\/","name":"Ruisheng Glass","description":"","publisher":{"@id":"https:\/\/ruishengglassco.com\/#organization"},"potentialAction":[{"@type":"SearchAction","target":{"@type":"EntryPoint","urlTemplate":"https:\/\/ruishengglassco.com\/?s={search_term_string}"},"query-input":"required name=search_term_string"}],"inLanguage":"tr"},{"@type":"Organization","@id":"https:\/\/ruishengglassco.com\/#organization","name":"Shandong Yuncheng Ruisheng Glass Co., Ltd","url":"https:\/\/ruishengglassco.com\/","logo":{"@type":"ImageObject","inLanguage":"tr","@id":"https:\/\/ruishengglassco.com\/#\/schema\/logo\/image\/","url":"https:\/\/ruishengglassco.com\/wp-content\/uploads\/2023\/09\/ruisheng_logo_icon.webp","contentUrl":"https:\/\/ruishengglassco.com\/wp-content\/uploads\/2023\/09\/ruisheng_logo_icon.webp","width":400,"height":233,"caption":"Shandong Yuncheng Ruisheng Glass Co., Ltd"},"image":{"@id":"https:\/\/ruishengglassco.com\/#\/schema\/logo\/image\/"},"sameAs":["https:\/\/www.facebook.com\/ruishengglassbottles","https:\/\/www.instagram.com\/Ruishengglassbottlewholesales\/","https:\/\/www.youtube.com\/channel\/UCMmbMNGwsL-XrtjfSFLCdVQ"]}]}},"_links":{"self":[{"href":"https:\/\/ruishengglassco.com\/tr\/wp-json\/wp\/v2\/product\/4155","targetHints":{"allow":["GET"]}}],"collection":[{"href":"https:\/\/ruishengglassco.com\/tr\/wp-json\/wp\/v2\/product"}],"about":[{"href":"https:\/\/ruishengglassco.com\/tr\/wp-json\/wp\/v2\/types\/product"}],"replies":[{"embeddable":true,"href":"https:\/\/ruishengglassco.com\/tr\/wp-json\/wp\/v2\/comments?post=4155"}],"wp:featuredmedia":[{"embeddable":true,"href":"https:\/\/ruishengglassco.com\/tr\/wp-json\/wp\/v2\/media\/4156"}],"wp:attachment":[{"href":"https:\/\/ruishengglassco.com\/tr\/wp-json\/wp\/v2\/media?parent=4155"}],"wp:term":[{"taxonomy":"product_cat","embeddable":true,"href":"https:\/\/ruishengglassco.com\/tr\/wp-json\/wp\/v2\/product_cat?post=4155"}],"curies":[{"name":"wp","href":"https:\/\/api.w.org\/{rel}","templated":true}]}}