{"id":4153,"date":"2025-03-14T23:52:01","date_gmt":"2025-03-14T15:52:01","guid":{"rendered":"https:\/\/ruishengglassco.com\/?post_type=product&#038;p=4153"},"modified":"2025-07-16T15:01:32","modified_gmt":"2025-07-16T07:01:32","slug":"rs123-1-li%cc%87tre-cam-i%cc%87cecek-mantarli-si%cc%87se-toptan-satisi","status":"publish","type":"product","link":"https:\/\/ruishengglassco.com\/tr\/urun\/rs123-1-li%cc%87tre-cam-i%cc%87cecek-mantarli-si%cc%87se-toptan-satisi","title":{"rendered":"RS123: 1 Litre Cam \u0130\u00e7ecek Mantarl\u0131 \u015ei\u015fe \u00dcreticileri"},"content":{"rendered":"<p>D\u00f6kme Olarak Sat\u0131lan 1 Litrelik Cam \u0130\u00e7ecek \u015ei\u015feleri, en \u00e7ok satan cam \u00fcr\u00fcnlerimizden biridir. Fabrikam\u0131zda 550ml, 700ml ve 1000ml cam \u015fi\u015feler gibi bu t\u00fcr i\u00e7ecek cam \u015fi\u015felerinden olu\u015fan bir set bulunmaktad\u0131r.<\/p>\n<p>Cam i\u00e7ecek \u015fi\u015felerinin s\u0131zd\u0131rmazl\u0131k t\u00fcr\u00fc mantar kaplamad\u0131r. Cam \u015fi\u015fe mantarlar\u0131 i\u00e7in y\u00fcksek polimer mantar, kompleks mantar ve ah\u015fap mantar dahil olmak \u00fczere \u00e7e\u015fitli malzemeler kullanabiliriz. Bu s\u0131zd\u0131rmazl\u0131k t\u00fcr\u00fcn\u00fc be\u011fenmezseniz, gala kapa\u011f\u0131 gibi ba\u015fka bir t\u00fcrle de\u011fi\u015ftirebilir ve bunun yerine sunabiliriz. Gala kapa\u011f\u0131 hakk\u0131nda, plastik kapaklar ve al\u00fcminyum kapaklar vard\u0131r.<\/p>\n<h2>Bu 1 Litrelik Cam \u0130\u00e7ecek \u015ei\u015felerinin Toplu Sat\u0131\u015f\u0131n\u0131n Detaylar\u0131<\/h2>\n<p>Cam \u015fi\u015fenin bilgileri a\u015fa\u011f\u0131daki gibidir:<\/p>\n<ul>\n<li>Ana malzeme: y\u00fcksek \u00e7akmakta\u015f\u0131 cam<\/li>\n<li>Kapak: Mantar<\/li>\n<li>Referans: RS123<\/li>\n<li>ADEDI: 10000 ADET<\/li>\n<li>Kapasite: 1000ml 700ml<\/li>\n<li>Adet\/Ctn: 24 adet<\/li>\n<li>Yerin k\u00f6keni: Shandong, \u00c7in<\/li>\n<li>\u00d6zellik: \u00c7evre dostu<\/li>\n<\/ul>\n<p>S\u0131v\u0131 cam \u015fi\u015fenin \u00fczerine bir daire yerle\u015ftirilir; gerekirse etiketinizi \u00fczerine koyabilirsiniz. \u0130\u00e7ecek cam \u015fi\u015felerinin g\u00f6vdesine de logonuzu koyabilirsiniz. Toplu sat\u0131\u015flar i\u00e7in cam \u015fi\u015feler \u00fczerinde \u00e7\u0131kartmalar, ipek bask\u0131l\u0131 logolar ve s\u0131cak damgal\u0131 logolar olu\u015fturabiliriz. \u015ei\u015fenin farkl\u0131 bir renkte olmas\u0131n\u0131 istiyorsan\u0131z, istedi\u011finiz renge de boyayabiliriz. Cam \u015fi\u015feler buzlu cam \u015fi\u015felere de d\u00f6n\u00fc\u015ft\u00fcr\u00fclebilir.<\/p>\n<p>Toptan cam \u015fi\u015feler i\u00e7in \u00fc\u00e7 \u00e7e\u015fit paketleme yolu vard\u0131r. \u0130lk yol Kartondur. \u0130\u00e7ecek cam \u015fi\u015feleri ka\u011f\u0131da sar\u0131l\u0131r ve daha sonra Kartona konur. Kartonun i\u00e7inde bir karton b\u00f6l\u00fcc\u00fc vard\u0131r. \u0130kinci yol Palettir. Bu paketleme y\u00f6nteminde genellikle 1 litrelik cam i\u00e7ecek \u015fi\u015fesini ka\u011f\u0131da sarar\u0131z, daha sonra bir palete yerle\u015ftiririz ve son olarak Palet plastik ka\u011f\u0131da sar\u0131l\u0131r. Son se\u00e7enek ise Karton ve Paletlerdir. \u015earap cam \u015fi\u015fesi Kartonun \u00fczerine yerle\u015ftirilecek, ard\u0131ndan Karton Paletin \u00fczerine konulacak ve son olarak plastik ka\u011f\u0131tla sar\u0131lacakt\u0131r.<\/p>\n<p>E\u011fer 1 litrelik cam i\u00e7ecek \u015fi\u015feleri sat\u0131n almak istiyorsan\u0131z, l\u00fctfen bizimle ileti\u015fime ge\u00e7in. OEM veya ODM sipari\u015flerini de kabul edebiliriz.<\/p>","protected":false},"excerpt":{"rendered":"<table class=\"tg\">\n<tbody>\n<tr>\n<td class=\"tg-b7b8\">Referans:<\/td>\n<td class=\"tg-b7b8\">RS123<\/td>\n<\/tr>\n<tr>\n<td class=\"tg-yw4l\">Ana malzeme:<\/td>\n<td class=\"tg-yw4l\">Y\u00fcksek Flint Cam<\/td>\n<\/tr>\n<tr>\n<td class=\"tg-b7b8\">Kaptan:<\/td>\n<td class=\"tg-b7b8\">Mantar<\/td>\n<\/tr>\n<tr>\n<td class=\"tg-yw4l\">Kapasite:<\/td>\n<td class=\"tg-yw4l\">700ml 1000ml<\/td>\n<\/tr>\n<tr>\n<td class=\"tg-b7b8\">\u00d6zellik:<\/td>\n<td class=\"tg-b7b8\">\u00c7evre dostu<\/td>\n<\/tr>\n<tr>\n<td class=\"tg-yw4l\">ADEDI:<\/td>\n<td class=\"tg-yw4l\">10000 ADET<\/td>\n<\/tr>\n<tr>\n<td class=\"tg-b7b8\">Paketleme \u015eekli:<\/td>\n<td class=\"tg-b7b8\">\u0130hracat standart karton \/ Palet \/ ihracat standart karton ve palet<\/td>\n<\/tr>\n<tr>\n<td class=\"tg-yw4l\">OEM\/ODM:<\/td>\n<td class=\"tg-yw4l\">Ho\u015f geldiniz<\/td>\n<\/tr>\n<tr>\n<td class=\"tg-b7b8\">Yerin k\u00f6keni:<\/td>\n<td class=\"tg-b7b8\">Shandong, \u00c7in<\/td>\n<\/tr>\n<tr>\n<td class=\"tg-yw4l\">Adet\/Ktn:<\/td>\n<td class=\"tg-yw4l\">24 adet \/ 20 adet \/ 15 adet<\/td>\n<\/tr>\n<\/tbody>\n<\/table>","protected":false},"featured_media":4154,"comment_status":"closed","ping_status":"closed","template":"","meta":[],"product_cat":[43],"class_list":{"0":"post-4153","1":"product","2":"type-product","3":"status-publish","4":"has-post-thumbnail","6":"product_cat-1000ml-liquor-bottle-manufacturer","8":"first","9":"instock","10":"shipping-taxable","11":"product-type-simple"},"yoast_head":"<!-- This site is optimized with the Yoast SEO plugin v22.0 - https:\/\/yoast.com\/wordpress\/plugins\/seo\/ -->\n<title>1 Liter Glass Beverage Bottles | Glass Bottles Sales in Bulk<\/title>\n<meta name=\"description\" content=\"he 1 Liter Glass Beverage Bottles Sales in Bulk is one of our hot sales glass products. High Quality&amp;Factory Outlet Price.\" \/>\n<meta name=\"robots\" content=\"index, follow, max-snippet:-1, max-image-preview:large, max-video-preview:-1\" \/>\n<link rel=\"canonical\" href=\"https:\/\/ruishengglassco.com\/tr\/urun\/rs123-1-li\u0307tre-cam-i\u0307cecek-mantarli-si\u0307se-toptan-satisi\" \/>\n<meta property=\"og:locale\" content=\"tr_TR\" \/>\n<meta property=\"og:type\" content=\"article\" \/>\n<meta property=\"og:title\" content=\"1 Liter Glass Beverage Bottles | Glass Bottles Sales in Bulk\" \/>\n<meta property=\"og:description\" content=\"he 1 Liter Glass Beverage Bottles Sales in Bulk is one of our hot sales glass products. High Quality&amp;Factory Outlet Price.\" \/>\n<meta property=\"og:url\" content=\"https:\/\/ruishengglassco.com\/tr\/urun\/rs123-1-li\u0307tre-cam-i\u0307cecek-mantarli-si\u0307se-toptan-satisi\" \/>\n<meta property=\"article:publisher\" content=\"https:\/\/www.facebook.com\/ruishengglassbottles\" \/>\n<meta property=\"article:modified_time\" content=\"2025-07-16T07:01:32+00:00\" \/>\n<meta property=\"og:image\" content=\"https:\/\/ruishengglassco.com\/wp-content\/uploads\/2025\/03\/RS123-1-Liter-Glass-Beverage-Corked-Bottles-Wholesale.webp\" \/>\n\t<meta property=\"og:image:width\" content=\"800\" \/>\n\t<meta property=\"og:image:height\" content=\"800\" \/>\n\t<meta property=\"og:image:type\" content=\"image\/webp\" \/>\n<meta name=\"twitter:card\" content=\"summary_large_image\" \/>\n<meta name=\"twitter:label1\" content=\"Tahmini okuma s\u00fcresi\" \/>\n\t<meta name=\"twitter:data1\" content=\"2 dakika\" \/>\n<script type=\"application\/ld+json\" class=\"yoast-schema-graph\">{\"@context\":\"https:\/\/schema.org\",\"@graph\":[{\"@type\":\"WebPage\",\"@id\":\"https:\/\/ruishengglassco.com\/product\/rs123-1-liter-glass-beverage-corked-bottles-wholesale\",\"url\":\"https:\/\/ruishengglassco.com\/product\/rs123-1-liter-glass-beverage-corked-bottles-wholesale\",\"name\":\"1 Liter Glass Beverage Bottles | Glass Bottles Sales in Bulk\",\"isPartOf\":{\"@id\":\"https:\/\/ruishengglassco.com\/#website\"},\"datePublished\":\"2025-03-14T15:52:01+00:00\",\"dateModified\":\"2025-07-16T07:01:32+00:00\",\"description\":\"he 1 Liter Glass Beverage Bottles Sales in Bulk is one of our hot sales glass products. High Quality&Factory Outlet Price.\",\"breadcrumb\":{\"@id\":\"https:\/\/ruishengglassco.com\/product\/rs123-1-liter-glass-beverage-corked-bottles-wholesale#breadcrumb\"},\"inLanguage\":\"tr\",\"potentialAction\":[{\"@type\":\"ReadAction\",\"target\":[\"https:\/\/ruishengglassco.com\/product\/rs123-1-liter-glass-beverage-corked-bottles-wholesale\"]}]},{\"@type\":\"BreadcrumbList\",\"@id\":\"https:\/\/ruishengglassco.com\/product\/rs123-1-liter-glass-beverage-corked-bottles-wholesale#breadcrumb\",\"itemListElement\":[{\"@type\":\"ListItem\",\"position\":1,\"name\":\"Home\",\"item\":\"https:\/\/ruishengglassco.com\/\"},{\"@type\":\"ListItem\",\"position\":2,\"name\":\"Products\",\"item\":\"https:\/\/ruishengglassco.com\/products\"},{\"@type\":\"ListItem\",\"position\":3,\"name\":\"RS123: 1 Liter Glass Beverage Corked Bottles Manufacturers\"}]},{\"@type\":\"WebSite\",\"@id\":\"https:\/\/ruishengglassco.com\/#website\",\"url\":\"https:\/\/ruishengglassco.com\/\",\"name\":\"Ruisheng Glass\",\"description\":\"\",\"publisher\":{\"@id\":\"https:\/\/ruishengglassco.com\/#organization\"},\"potentialAction\":[{\"@type\":\"SearchAction\",\"target\":{\"@type\":\"EntryPoint\",\"urlTemplate\":\"https:\/\/ruishengglassco.com\/?s={search_term_string}\"},\"query-input\":\"required name=search_term_string\"}],\"inLanguage\":\"tr\"},{\"@type\":\"Organization\",\"@id\":\"https:\/\/ruishengglassco.com\/#organization\",\"name\":\"Shandong Yuncheng Ruisheng Glass Co., Ltd\",\"url\":\"https:\/\/ruishengglassco.com\/\",\"logo\":{\"@type\":\"ImageObject\",\"inLanguage\":\"tr\",\"@id\":\"https:\/\/ruishengglassco.com\/#\/schema\/logo\/image\/\",\"url\":\"https:\/\/ruishengglassco.com\/wp-content\/uploads\/2023\/09\/ruisheng_logo_icon.webp\",\"contentUrl\":\"https:\/\/ruishengglassco.com\/wp-content\/uploads\/2023\/09\/ruisheng_logo_icon.webp\",\"width\":400,\"height\":233,\"caption\":\"Shandong Yuncheng Ruisheng Glass Co., Ltd\"},\"image\":{\"@id\":\"https:\/\/ruishengglassco.com\/#\/schema\/logo\/image\/\"},\"sameAs\":[\"https:\/\/www.facebook.com\/ruishengglassbottles\",\"https:\/\/www.instagram.com\/Ruishengglassbottlewholesales\/\",\"https:\/\/www.youtube.com\/channel\/UCMmbMNGwsL-XrtjfSFLCdVQ\"]}]}<\/script>\n<!-- \/ Yoast SEO plugin. -->","yoast_head_json":{"title":"1 Liter Glass Beverage Bottles | Glass Bottles Sales in Bulk","description":"he 1 Liter Glass Beverage Bottles Sales in Bulk is one of our hot sales glass products. High Quality&Factory Outlet Price.","robots":{"index":"index","follow":"follow","max-snippet":"max-snippet:-1","max-image-preview":"max-image-preview:large","max-video-preview":"max-video-preview:-1"},"canonical":"https:\/\/ruishengglassco.com\/tr\/urun\/rs123-1-li\u0307tre-cam-i\u0307cecek-mantarli-si\u0307se-toptan-satisi","og_locale":"tr_TR","og_type":"article","og_title":"1 Liter Glass Beverage Bottles | Glass Bottles Sales in Bulk","og_description":"he 1 Liter Glass Beverage Bottles Sales in Bulk is one of our hot sales glass products. High Quality&Factory Outlet Price.","og_url":"https:\/\/ruishengglassco.com\/tr\/urun\/rs123-1-li\u0307tre-cam-i\u0307cecek-mantarli-si\u0307se-toptan-satisi","article_publisher":"https:\/\/www.facebook.com\/ruishengglassbottles","article_modified_time":"2025-07-16T07:01:32+00:00","og_image":[{"width":800,"height":800,"url":"https:\/\/ruishengglassco.com\/wp-content\/uploads\/2025\/03\/RS123-1-Liter-Glass-Beverage-Corked-Bottles-Wholesale.webp","type":"image\/webp"}],"twitter_card":"summary_large_image","twitter_misc":{"Tahmini okuma s\u00fcresi":"2 dakika"},"schema":{"@context":"https:\/\/schema.org","@graph":[{"@type":"WebPage","@id":"https:\/\/ruishengglassco.com\/product\/rs123-1-liter-glass-beverage-corked-bottles-wholesale","url":"https:\/\/ruishengglassco.com\/product\/rs123-1-liter-glass-beverage-corked-bottles-wholesale","name":"1 Liter Glass Beverage Bottles | Glass Bottles Sales in Bulk","isPartOf":{"@id":"https:\/\/ruishengglassco.com\/#website"},"datePublished":"2025-03-14T15:52:01+00:00","dateModified":"2025-07-16T07:01:32+00:00","description":"he 1 Liter Glass Beverage Bottles Sales in Bulk is one of our hot sales glass products. High Quality&Factory Outlet Price.","breadcrumb":{"@id":"https:\/\/ruishengglassco.com\/product\/rs123-1-liter-glass-beverage-corked-bottles-wholesale#breadcrumb"},"inLanguage":"tr","potentialAction":[{"@type":"ReadAction","target":["https:\/\/ruishengglassco.com\/product\/rs123-1-liter-glass-beverage-corked-bottles-wholesale"]}]},{"@type":"BreadcrumbList","@id":"https:\/\/ruishengglassco.com\/product\/rs123-1-liter-glass-beverage-corked-bottles-wholesale#breadcrumb","itemListElement":[{"@type":"ListItem","position":1,"name":"Home","item":"https:\/\/ruishengglassco.com\/"},{"@type":"ListItem","position":2,"name":"Products","item":"https:\/\/ruishengglassco.com\/products"},{"@type":"ListItem","position":3,"name":"RS123: 1 Liter Glass Beverage Corked Bottles Manufacturers"}]},{"@type":"WebSite","@id":"https:\/\/ruishengglassco.com\/#website","url":"https:\/\/ruishengglassco.com\/","name":"Ruisheng Glass","description":"","publisher":{"@id":"https:\/\/ruishengglassco.com\/#organization"},"potentialAction":[{"@type":"SearchAction","target":{"@type":"EntryPoint","urlTemplate":"https:\/\/ruishengglassco.com\/?s={search_term_string}"},"query-input":"required name=search_term_string"}],"inLanguage":"tr"},{"@type":"Organization","@id":"https:\/\/ruishengglassco.com\/#organization","name":"Shandong Yuncheng Ruisheng Glass Co., Ltd","url":"https:\/\/ruishengglassco.com\/","logo":{"@type":"ImageObject","inLanguage":"tr","@id":"https:\/\/ruishengglassco.com\/#\/schema\/logo\/image\/","url":"https:\/\/ruishengglassco.com\/wp-content\/uploads\/2023\/09\/ruisheng_logo_icon.webp","contentUrl":"https:\/\/ruishengglassco.com\/wp-content\/uploads\/2023\/09\/ruisheng_logo_icon.webp","width":400,"height":233,"caption":"Shandong Yuncheng Ruisheng Glass Co., Ltd"},"image":{"@id":"https:\/\/ruishengglassco.com\/#\/schema\/logo\/image\/"},"sameAs":["https:\/\/www.facebook.com\/ruishengglassbottles","https:\/\/www.instagram.com\/Ruishengglassbottlewholesales\/","https:\/\/www.youtube.com\/channel\/UCMmbMNGwsL-XrtjfSFLCdVQ"]}]}},"_links":{"self":[{"href":"https:\/\/ruishengglassco.com\/tr\/wp-json\/wp\/v2\/product\/4153","targetHints":{"allow":["GET"]}}],"collection":[{"href":"https:\/\/ruishengglassco.com\/tr\/wp-json\/wp\/v2\/product"}],"about":[{"href":"https:\/\/ruishengglassco.com\/tr\/wp-json\/wp\/v2\/types\/product"}],"replies":[{"embeddable":true,"href":"https:\/\/ruishengglassco.com\/tr\/wp-json\/wp\/v2\/comments?post=4153"}],"wp:featuredmedia":[{"embeddable":true,"href":"https:\/\/ruishengglassco.com\/tr\/wp-json\/wp\/v2\/media\/4154"}],"wp:attachment":[{"href":"https:\/\/ruishengglassco.com\/tr\/wp-json\/wp\/v2\/media?parent=4153"}],"wp:term":[{"taxonomy":"product_cat","embeddable":true,"href":"https:\/\/ruishengglassco.com\/tr\/wp-json\/wp\/v2\/product_cat?post=4153"}],"curies":[{"name":"wp","href":"https:\/\/api.w.org\/{rel}","templated":true}]}}