{"id":4151,"date":"2025-03-14T23:47:11","date_gmt":"2025-03-14T15:47:11","guid":{"rendered":"https:\/\/ruishengglassco.com\/?post_type=product&#038;p=4151"},"modified":"2025-09-11T16:19:54","modified_gmt":"2025-09-11T08:19:54","slug":"rs124-500ml-750ml-seffaf-si%cc%87li%cc%87ndi%cc%87r-cam-si%cc%87seler","status":"publish","type":"product","link":"https:\/\/ruishengglassco.com\/tr\/urun\/rs124-500ml-750ml-seffaf-si%cc%87li%cc%87ndi%cc%87r-cam-si%cc%87seler","title":{"rendered":"RS124: 500ml 750ml \u015eeffaf Silindir Cam \u015ei\u015feler"},"content":{"rendered":"<p><span data-preserver-spaces=\"true\">\u015eeffaf cam \u015fi\u015fe d\u00f6kme <\/span><span data-preserver-spaces=\"true\">kaynakl\u0131d\u0131r<\/span><span data-preserver-spaces=\"true\"> Shandong Yuncheng Ruisheng Glass Co, Ltd. Ruisheng, \u00c7in'deki en b\u00fcy\u00fck y\u00fcksek \u00e7akmakta\u015f\u0131 cam \u015fi\u015fe \u00fcreticisidir. Sadece toptan \u00fcst s\u0131n\u0131f \u015feffaf cam \u015fi\u015feler sunmakla kalmaz, ayn\u0131 zamanda geni\u015f bir uygulama yelpazesi i\u00e7in orta s\u0131n\u0131f \u015feffaf cam \u015fi\u015feler de sunar.<\/span><\/p>\n<p><span data-preserver-spaces=\"true\">Bu silindir cam \u015fi\u015fe yayg\u0131n bir cam \u015fi\u015fe t\u00fcr\u00fcd\u00fcr. Bu 500ml 750ml \u015feffaf cam \u015fi\u015fe d\u00f6kme olabilir <\/span><span data-preserver-spaces=\"true\">kullan\u0131lacak<\/span><span data-preserver-spaces=\"true\"> \u015farap, votka, viski, rom, cin ve di\u011fer s\u0131v\u0131lar i\u00e7in. Bu cam \u015fi\u015feler <\/span><span data-preserver-spaces=\"true\">sat\u0131lacak<\/span><span data-preserver-spaces=\"true\"> Avrupa, Amerika Birle\u015fik Devletleri, Avustralya ve di\u011ferleri dahil olmak \u00fczere \u00e7ok say\u0131da \u00fclke ve b\u00f6lgeye.<\/span><\/p>\n<p><span data-preserver-spaces=\"true\">Bu \u015feffaf cam silindirler <\/span><span data-preserver-spaces=\"true\">kullan\u0131l\u0131r<\/span><span data-preserver-spaces=\"true\"> y\u00fcksek \u00e7akmakta\u015f\u0131 camda. Bu y\u00fcksek \u00e7akmakta\u015f\u0131 cam kristal beyaz cam olarak da adland\u0131r\u0131l\u0131r. Bu cam \u015fi\u015fe malzemesi, cam \u015fi\u015feler i\u00e7in en y\u00fcksek dereceli malzemedir. Bu malzemeden yap\u0131lm\u0131\u015f cam \u015fi\u015fe <\/span><span data-preserver-spaces=\"true\">\u00e7ok net<\/span><span data-preserver-spaces=\"true\"> ve p\u00fcr\u00fczs\u00fczd\u00fcr ve \u00e7ok dayan\u0131kl\u0131d\u0131r.<\/span><\/p>\n<p><span data-preserver-spaces=\"true\">\u0130htiya\u00e7 duyman\u0131z halinde bu \u015feffaf cam silindirleri \u00e7e\u015fitli boyutlarda \u00fcretebiliriz. 375ml, 500ml, 700ml, 750ml, 1000ml ve di\u011ferleri gibi. \u015eu anda mevcut cam \u015fi\u015felerimiz 500ml ve 750ml boyutlar\u0131nda mevcuttur. \u0130htiyac\u0131n\u0131z olursa, cam \u015fi\u015feleri yapmak i\u00e7in yeni bir kal\u0131p yapabiliriz.<\/span><\/p>\n<h2><span data-preserver-spaces=\"true\">Bu \u015eeffaf Cam \u015ei\u015fe D\u00f6kmesinin Detaylar\u0131<\/span><\/h2>\n<p><span data-preserver-spaces=\"true\">Cam \u015fi\u015felerimiz iki boyutta mevcuttur: 500ml ve 750ml.<\/span><\/p>\n<p><span data-preserver-spaces=\"true\">750ml silindir cam \u015fi\u015fenin a\u011f\u0131rl\u0131\u011f\u0131 750g'd\u0131r. <\/span><span data-preserver-spaces=\"true\">Bu \u015fi\u015fe \u00e7ap\u0131<\/span><span data-preserver-spaces=\"true\"> 75,6 \u00b1 1,5 mm'dir.<\/span><span data-preserver-spaces=\"true\"> \u015ei\u015fe y\u00fcksekli\u011fi 330 \u00b1 2 mm'dir. Kapatma y\u00fczeyi T mantard\u0131r. Bu cam \u015fi\u015fe <\/span><span data-preserver-spaces=\"true\">i\u00e7in uygun<\/span><span data-preserver-spaces=\"true\"> 19,5 mm T-mantar.<\/span><\/p>\n<p><span data-preserver-spaces=\"true\">500ml silindir cam \u015fi\u015felerin a\u011f\u0131rl\u0131\u011f\u0131 580g'd\u0131r. Bu cam \u015fi\u015fenin \u00e7ap\u0131 66,5 \u00b1 1,5 mm'dir. Y\u00fcksekli\u011fi ise 300 \u00b1 1,5 mm'dir. Bu \u015fi\u015fe ayr\u0131ca 19,5 mm T-mantar kaplamaya sahiptir.<\/span><\/p>\n<p><span data-preserver-spaces=\"true\">Bu cam \u015fi\u015felerin her ikisi de d\u00f6n\u00fc\u015ft\u00fcr\u00fclebilir<\/span><span data-preserver-spaces=\"true\"> vidal\u0131 kapa\u011fa kadar. M\u00fc\u015fterinin taleplerine g\u00f6redir.<\/span><\/p>\n<p><span data-preserver-spaces=\"true\">500ml veya 750ml \u015feffaf cam silindirler sat\u0131n almak veya toptan cam \u015fi\u015fe sat\u0131n almak istiyorsan\u0131z, l\u00fctfen bizimle e-posta veya telefon yoluyla ileti\u015fime ge\u00e7in. Size m\u00fcmk\u00fcn olan en k\u0131sa s\u00fcrede cevap verece\u011fiz.<\/span><\/p>","protected":false},"excerpt":{"rendered":"<table class=\"tg\">\n<tbody>\n<tr>\n<th class=\"tg-24i8\" colspan=\"2\">500ml 750ml \u015eeffaf Silindir Cam \u015ei\u015feler<\/th>\n<\/tr>\n<tr>\n<td class=\"tg-b7b8\">Ana malzeme:<\/td>\n<td class=\"tg-b7b8\">Y\u00fcksek \u00e7akmakta\u015f\u0131 cam<\/td>\n<\/tr>\n<tr>\n<td class=\"tg-yw4l\">Kaptan:<\/td>\n<td class=\"tg-yw4l\">Vidal\u0131 kapak<\/td>\n<\/tr>\n<tr>\n<td class=\"tg-b7b8\">Kapasite:<\/td>\n<td class=\"tg-b7b8\">500ml 750ml<\/td>\n<\/tr>\n<tr>\n<td class=\"tg-yw4l\">\u00d6zellik:<\/td>\n<td class=\"tg-yw4l\">\u00c7evre dostu<\/td>\n<\/tr>\n<tr>\n<td class=\"tg-b7b8\">ADEDI:<\/td>\n<td class=\"tg-b7b8\">10000 ADET<\/td>\n<\/tr>\n<tr>\n<td class=\"tg-yw4l\">Yerin k\u00f6keni:<\/td>\n<td class=\"tg-yw4l\">Shandong, \u00c7in<\/td>\n<\/tr>\n<tr>\n<td class=\"tg-b7b8\">Adet\/Ktn:<\/td>\n<td class=\"tg-b7b8\">24 adet<\/td>\n<\/tr>\n<tr>\n<td class=\"tg-yw4l\">Referans:<\/td>\n<td class=\"tg-yw4l\">RS124<\/td>\n<\/tr>\n<tr>\n<td class=\"tg-b7b8\">Nakliye yolu:<\/td>\n<td class=\"tg-b7b8\">Gemi, Ekspres<\/td>\n<\/tr>\n<tr>\n<td class=\"tg-yw4l\">OEM\/ODM:<\/td>\n<td class=\"tg-yw4l\">Ho\u015f geldiniz<\/td>\n<\/tr>\n<\/tbody>\n<\/table>","protected":false},"featured_media":4152,"comment_status":"closed","ping_status":"closed","template":"","meta":[],"product_cat":[41,40],"class_list":{"0":"post-4151","1":"product","2":"type-product","3":"status-publish","4":"has-post-thumbnail","6":"product_cat-500ml-liquor-bottle-manufacturer","7":"product_cat-750ml-liquor-bottle-manufacturer","9":"first","10":"instock","11":"shipping-taxable","12":"product-type-simple"},"yoast_head":"<!-- This site is optimized with the Yoast SEO plugin v22.0 - https:\/\/yoast.com\/wordpress\/plugins\/seo\/ -->\n<title>750ml Clear Glass Bottle Bulk|Wholesale Cylinder Glass Bottle With T-cork<\/title>\n<meta name=\"description\" content=\"Buy 750ml Clear Glass Bottles Bulk From China Liquor Bottle Manufacturer. Factory Outlet Wholesale Cylinder Glass Bottle With T-cork\" \/>\n<meta name=\"robots\" content=\"index, follow, max-snippet:-1, max-image-preview:large, max-video-preview:-1\" \/>\n<link rel=\"canonical\" href=\"https:\/\/ruishengglassco.com\/tr\/urun\/rs124-500ml-750ml-seffaf-si\u0307li\u0307ndi\u0307r-cam-si\u0307seler\" \/>\n<meta property=\"og:locale\" content=\"tr_TR\" \/>\n<meta property=\"og:type\" content=\"article\" \/>\n<meta property=\"og:title\" content=\"750ml Clear Glass Bottle Bulk|Wholesale Cylinder Glass Bottle With T-cork\" \/>\n<meta property=\"og:description\" content=\"Buy 750ml Clear Glass Bottles Bulk From China Liquor Bottle Manufacturer. Factory Outlet Wholesale Cylinder Glass Bottle With T-cork\" \/>\n<meta property=\"og:url\" content=\"https:\/\/ruishengglassco.com\/tr\/urun\/rs124-500ml-750ml-seffaf-si\u0307li\u0307ndi\u0307r-cam-si\u0307seler\" \/>\n<meta property=\"article:publisher\" content=\"https:\/\/www.facebook.com\/ruishengglassbottles\" \/>\n<meta property=\"article:modified_time\" content=\"2025-09-11T08:19:54+00:00\" \/>\n<meta property=\"og:image\" content=\"https:\/\/ruishengglassco.com\/wp-content\/uploads\/2025\/03\/RS124-500ml-750ml-Clear-Cylinder-Glass-Bottles.webp\" \/>\n\t<meta property=\"og:image:width\" content=\"800\" \/>\n\t<meta property=\"og:image:height\" content=\"800\" \/>\n\t<meta property=\"og:image:type\" content=\"image\/webp\" \/>\n<meta name=\"twitter:card\" content=\"summary_large_image\" \/>\n<meta name=\"twitter:label1\" content=\"Tahmini okuma s\u00fcresi\" \/>\n\t<meta name=\"twitter:data1\" content=\"2 dakika\" \/>\n<script type=\"application\/ld+json\" class=\"yoast-schema-graph\">{\"@context\":\"https:\/\/schema.org\",\"@graph\":[{\"@type\":\"WebPage\",\"@id\":\"https:\/\/ruishengglassco.com\/product\/rs124-500ml-750ml-clear-cylinder-glass-bottles\",\"url\":\"https:\/\/ruishengglassco.com\/product\/rs124-500ml-750ml-clear-cylinder-glass-bottles\",\"name\":\"750ml Clear Glass Bottle Bulk|Wholesale Cylinder Glass Bottle With T-cork\",\"isPartOf\":{\"@id\":\"https:\/\/ruishengglassco.com\/#website\"},\"datePublished\":\"2025-03-14T15:47:11+00:00\",\"dateModified\":\"2025-09-11T08:19:54+00:00\",\"description\":\"Buy 750ml Clear Glass Bottles Bulk From China Liquor Bottle Manufacturer. Factory Outlet Wholesale Cylinder Glass Bottle With T-cork\",\"breadcrumb\":{\"@id\":\"https:\/\/ruishengglassco.com\/product\/rs124-500ml-750ml-clear-cylinder-glass-bottles#breadcrumb\"},\"inLanguage\":\"tr\",\"potentialAction\":[{\"@type\":\"ReadAction\",\"target\":[\"https:\/\/ruishengglassco.com\/product\/rs124-500ml-750ml-clear-cylinder-glass-bottles\"]}]},{\"@type\":\"BreadcrumbList\",\"@id\":\"https:\/\/ruishengglassco.com\/product\/rs124-500ml-750ml-clear-cylinder-glass-bottles#breadcrumb\",\"itemListElement\":[{\"@type\":\"ListItem\",\"position\":1,\"name\":\"Home\",\"item\":\"https:\/\/ruishengglassco.com\/\"},{\"@type\":\"ListItem\",\"position\":2,\"name\":\"Products\",\"item\":\"https:\/\/ruishengglassco.com\/products\"},{\"@type\":\"ListItem\",\"position\":3,\"name\":\"RS124: 500ml 750ml Clear Cylinder Glass Bottles\"}]},{\"@type\":\"WebSite\",\"@id\":\"https:\/\/ruishengglassco.com\/#website\",\"url\":\"https:\/\/ruishengglassco.com\/\",\"name\":\"Ruisheng Glass\",\"description\":\"\",\"publisher\":{\"@id\":\"https:\/\/ruishengglassco.com\/#organization\"},\"potentialAction\":[{\"@type\":\"SearchAction\",\"target\":{\"@type\":\"EntryPoint\",\"urlTemplate\":\"https:\/\/ruishengglassco.com\/?s={search_term_string}\"},\"query-input\":\"required name=search_term_string\"}],\"inLanguage\":\"tr\"},{\"@type\":\"Organization\",\"@id\":\"https:\/\/ruishengglassco.com\/#organization\",\"name\":\"Shandong Yuncheng Ruisheng Glass Co., Ltd\",\"url\":\"https:\/\/ruishengglassco.com\/\",\"logo\":{\"@type\":\"ImageObject\",\"inLanguage\":\"tr\",\"@id\":\"https:\/\/ruishengglassco.com\/#\/schema\/logo\/image\/\",\"url\":\"https:\/\/ruishengglassco.com\/wp-content\/uploads\/2023\/09\/ruisheng_logo_icon.webp\",\"contentUrl\":\"https:\/\/ruishengglassco.com\/wp-content\/uploads\/2023\/09\/ruisheng_logo_icon.webp\",\"width\":400,\"height\":233,\"caption\":\"Shandong Yuncheng Ruisheng Glass Co., Ltd\"},\"image\":{\"@id\":\"https:\/\/ruishengglassco.com\/#\/schema\/logo\/image\/\"},\"sameAs\":[\"https:\/\/www.facebook.com\/ruishengglassbottles\",\"https:\/\/www.instagram.com\/Ruishengglassbottlewholesales\/\",\"https:\/\/www.youtube.com\/channel\/UCMmbMNGwsL-XrtjfSFLCdVQ\"]}]}<\/script>\n<!-- \/ Yoast SEO plugin. -->","yoast_head_json":{"title":"750ml Clear Glass Bottle Bulk|Wholesale Cylinder Glass Bottle With T-cork","description":"Buy 750ml Clear Glass Bottles Bulk From China Liquor Bottle Manufacturer. Factory Outlet Wholesale Cylinder Glass Bottle With T-cork","robots":{"index":"index","follow":"follow","max-snippet":"max-snippet:-1","max-image-preview":"max-image-preview:large","max-video-preview":"max-video-preview:-1"},"canonical":"https:\/\/ruishengglassco.com\/tr\/urun\/rs124-500ml-750ml-seffaf-si\u0307li\u0307ndi\u0307r-cam-si\u0307seler","og_locale":"tr_TR","og_type":"article","og_title":"750ml Clear Glass Bottle Bulk|Wholesale Cylinder Glass Bottle With T-cork","og_description":"Buy 750ml Clear Glass Bottles Bulk From China Liquor Bottle Manufacturer. Factory Outlet Wholesale Cylinder Glass Bottle With T-cork","og_url":"https:\/\/ruishengglassco.com\/tr\/urun\/rs124-500ml-750ml-seffaf-si\u0307li\u0307ndi\u0307r-cam-si\u0307seler","article_publisher":"https:\/\/www.facebook.com\/ruishengglassbottles","article_modified_time":"2025-09-11T08:19:54+00:00","og_image":[{"width":800,"height":800,"url":"https:\/\/ruishengglassco.com\/wp-content\/uploads\/2025\/03\/RS124-500ml-750ml-Clear-Cylinder-Glass-Bottles.webp","type":"image\/webp"}],"twitter_card":"summary_large_image","twitter_misc":{"Tahmini okuma s\u00fcresi":"2 dakika"},"schema":{"@context":"https:\/\/schema.org","@graph":[{"@type":"WebPage","@id":"https:\/\/ruishengglassco.com\/product\/rs124-500ml-750ml-clear-cylinder-glass-bottles","url":"https:\/\/ruishengglassco.com\/product\/rs124-500ml-750ml-clear-cylinder-glass-bottles","name":"750ml Clear Glass Bottle Bulk|Wholesale Cylinder Glass Bottle With T-cork","isPartOf":{"@id":"https:\/\/ruishengglassco.com\/#website"},"datePublished":"2025-03-14T15:47:11+00:00","dateModified":"2025-09-11T08:19:54+00:00","description":"Buy 750ml Clear Glass Bottles Bulk From China Liquor Bottle Manufacturer. Factory Outlet Wholesale Cylinder Glass Bottle With T-cork","breadcrumb":{"@id":"https:\/\/ruishengglassco.com\/product\/rs124-500ml-750ml-clear-cylinder-glass-bottles#breadcrumb"},"inLanguage":"tr","potentialAction":[{"@type":"ReadAction","target":["https:\/\/ruishengglassco.com\/product\/rs124-500ml-750ml-clear-cylinder-glass-bottles"]}]},{"@type":"BreadcrumbList","@id":"https:\/\/ruishengglassco.com\/product\/rs124-500ml-750ml-clear-cylinder-glass-bottles#breadcrumb","itemListElement":[{"@type":"ListItem","position":1,"name":"Home","item":"https:\/\/ruishengglassco.com\/"},{"@type":"ListItem","position":2,"name":"Products","item":"https:\/\/ruishengglassco.com\/products"},{"@type":"ListItem","position":3,"name":"RS124: 500ml 750ml Clear Cylinder Glass Bottles"}]},{"@type":"WebSite","@id":"https:\/\/ruishengglassco.com\/#website","url":"https:\/\/ruishengglassco.com\/","name":"Ruisheng Glass","description":"","publisher":{"@id":"https:\/\/ruishengglassco.com\/#organization"},"potentialAction":[{"@type":"SearchAction","target":{"@type":"EntryPoint","urlTemplate":"https:\/\/ruishengglassco.com\/?s={search_term_string}"},"query-input":"required name=search_term_string"}],"inLanguage":"tr"},{"@type":"Organization","@id":"https:\/\/ruishengglassco.com\/#organization","name":"Shandong Yuncheng Ruisheng Glass Co., Ltd","url":"https:\/\/ruishengglassco.com\/","logo":{"@type":"ImageObject","inLanguage":"tr","@id":"https:\/\/ruishengglassco.com\/#\/schema\/logo\/image\/","url":"https:\/\/ruishengglassco.com\/wp-content\/uploads\/2023\/09\/ruisheng_logo_icon.webp","contentUrl":"https:\/\/ruishengglassco.com\/wp-content\/uploads\/2023\/09\/ruisheng_logo_icon.webp","width":400,"height":233,"caption":"Shandong Yuncheng Ruisheng Glass Co., Ltd"},"image":{"@id":"https:\/\/ruishengglassco.com\/#\/schema\/logo\/image\/"},"sameAs":["https:\/\/www.facebook.com\/ruishengglassbottles","https:\/\/www.instagram.com\/Ruishengglassbottlewholesales\/","https:\/\/www.youtube.com\/channel\/UCMmbMNGwsL-XrtjfSFLCdVQ"]}]}},"_links":{"self":[{"href":"https:\/\/ruishengglassco.com\/tr\/wp-json\/wp\/v2\/product\/4151","targetHints":{"allow":["GET"]}}],"collection":[{"href":"https:\/\/ruishengglassco.com\/tr\/wp-json\/wp\/v2\/product"}],"about":[{"href":"https:\/\/ruishengglassco.com\/tr\/wp-json\/wp\/v2\/types\/product"}],"replies":[{"embeddable":true,"href":"https:\/\/ruishengglassco.com\/tr\/wp-json\/wp\/v2\/comments?post=4151"}],"wp:featuredmedia":[{"embeddable":true,"href":"https:\/\/ruishengglassco.com\/tr\/wp-json\/wp\/v2\/media\/4152"}],"wp:attachment":[{"href":"https:\/\/ruishengglassco.com\/tr\/wp-json\/wp\/v2\/media?parent=4151"}],"wp:term":[{"taxonomy":"product_cat","embeddable":true,"href":"https:\/\/ruishengglassco.com\/tr\/wp-json\/wp\/v2\/product_cat?post=4151"}],"curies":[{"name":"wp","href":"https:\/\/api.w.org\/{rel}","templated":true}]}}