{"id":4147,"date":"2025-03-14T14:53:10","date_gmt":"2025-03-14T06:53:10","guid":{"rendered":"https:\/\/ruishengglassco.com\/?post_type=product&#038;p=4147"},"modified":"2025-07-16T14:59:45","modified_gmt":"2025-07-16T06:59:45","slug":"rs125-16-oz-kapakli-dekoratif-cam-siseler","status":"publish","type":"product","link":"https:\/\/ruishengglassco.com\/tr\/urun\/rs125-16-oz-kapakli-dekoratif-cam-siseler","title":{"rendered":"RS125: 16 oz Kapakl\u0131 Dekoratif Cam \u015ei\u015feler"},"content":{"rendered":"<p><span data-preserver-spaces=\"true\">Bu 16 oz dekoratif cam \u015fi\u015feler toptan <\/span><span data-preserver-spaces=\"true\">yap\u0131l\u0131r<\/span><span data-preserver-spaces=\"true\"> s\u00fcper \u00e7akmakta\u015f\u0131 cam malzemeden \u00fcretilmi\u015ftir. Bu lik\u00f6r cam \u015fi\u015fesi, kalitesini vurgulamak i\u00e7in kal\u0131n bir tabana sahiptir. 16 oz'luk cam \u015fi\u015felerin kal\u0131n bir taban\u0131 ve dar bir omuz \u00fcst\u00fc vard\u0131r. Bu cam \u015fi\u015fenin s\u0131zd\u0131rmazl\u0131k tipi bir gala kapa\u011f\u0131d\u0131r ve plastik kapak veya metal kapak gibi herhangi bir malzeme mevcuttur.<\/span><\/p>\n<p><span data-preserver-spaces=\"true\">Bu 16 oz dekoratif cam \u015fi\u015feler <\/span><span data-preserver-spaces=\"true\">yap\u0131l\u0131r<\/span><span data-preserver-spaces=\"true\"> Shandong Eyaleti, Yuncheng \u0130l\u00e7esinde. Yuncheng \u0130l\u00e7esi i\u00e7ecek ambalajlar\u0131yla \u00fcnl\u00fcd\u00fcr. Burada, \u015farap cam \u015fi\u015feleri, kapaklar, ka\u011f\u0131t etiketler, plastik etiketler, metal etiketler, ambalaj kutular\u0131 ve di\u011fer ilgili \u00fcr\u00fcnleri bulabilirsiniz.<\/span><\/p>\n<p><span data-preserver-spaces=\"true\">Firmam\u0131z kendini y\u00fcksek kaliteli cam \u015fi\u015feler \u00fcretmeye adam\u0131\u015ft\u0131r. Fabrikada yakla\u015f\u0131k 500 personel \u00e7al\u0131\u015fmaktad\u0131r ve 30'un \u00fczerinde kalite kontrol personeli bulunmaktad\u0131r. Cam \u015fi\u015feleri bir\u00e7ok kez kontrol edece\u011fiz. \u015ei\u015feden sonra <\/span><span data-preserver-spaces=\"true\">b\u00f6l\u00fcnm\u00fc\u015ft\u00fcr<\/span><span data-preserver-spaces=\"true\"> Kal\u0131ptan \u00e7\u0131kt\u0131ktan sonra ilk kez kontrol edece\u011fiz. Cam \u015fi\u015fe so\u011futma makinesinden \u00e7\u0131kt\u0131ktan sonra \u015fi\u015feyi tekrar kontrol edece\u011fiz. \u015ei\u015feler i\u00e7in etiketleri olu\u015fturdu\u011fumuzda, cam \u015fi\u015feleri tekrar kontrol edece\u011fiz. Ve onlar\u0131 paketledi\u011fimizde, son kez kontrol edece\u011fiz. <\/span><span data-preserver-spaces=\"true\">Bu sayede, t\u00fcm \u00fcr\u00fcnlerimizin a\u015fa\u011f\u0131daki \u00f6zelliklere sahip olmas\u0131n\u0131 sa\u011flayaca\u011f\u0131z <\/span><span data-preserver-spaces=\"true\">vard\u0131r<\/span><span data-preserver-spaces=\"true\"> M\u00fc\u015fteriye g\u00f6ndermeden \u00f6nce y\u00fcksek kalite.<\/span><\/p>\n<h2><span data-preserver-spaces=\"true\">The information about 16 oz dekoratif cam \u015fi\u015feler<\/span><\/h2>\n<p><span data-preserver-spaces=\"true\">Bu 16 oz dekoratif cam \u015fi\u015feler <\/span><span data-preserver-spaces=\"true\">yap\u0131l\u0131r<\/span><span data-preserver-spaces=\"true\"> kristal beyaz cam malzemeden \u00fcretilmi\u015ftir. Cam \u015fi\u015felerin y\u00fczeyi berrak ve p\u00fcr\u00fczs\u00fczd\u00fcr. Bu \u015fi\u015felerin cam a\u011f\u0131rl\u0131\u011f\u0131 580g'd\u0131r. <\/span><span data-preserver-spaces=\"true\">Biz <\/span><span data-preserver-spaces=\"true\">genellikle<\/span><span data-preserver-spaces=\"true\"> cam \u015fi\u015feleri paketleyin <\/span><span data-preserver-spaces=\"true\">i\u00e7in<\/span><span data-preserver-spaces=\"true\"> 24 <\/span><span data-preserver-spaces=\"true\">adet<\/span><span data-preserver-spaces=\"true\"> standart ihracat kartonu ba\u015f\u0131na.<\/span><span data-preserver-spaces=\"true\"> \u00d6zel gereksinimleriniz varsa, \u00f6zelle\u015ftirilmi\u015f renkli kutular ve f\u00fcmigasyonsuz paletler gibi bunlar\u0131 da kar\u015f\u0131layabiliriz.<\/span><\/p>\n<p><span data-preserver-spaces=\"true\">16oz dekoratif cam \u015fi\u015felerimiz veya di\u011fer \u00f6zel cam \u015fi\u015felerimiz hakk\u0131nda bilgi almak isterseniz, l\u00fctfen bizimle ileti\u015fime ge\u00e7in, size en iyi hizmeti sunaca\u011f\u0131z.<\/span><\/p>","protected":false},"excerpt":{"rendered":"<p>Bu 16 oz cam meyve suyu \u015fi\u015felerimizle ilgileniyorsan\u0131z, l\u00fctfen bizimle ileti\u015fime ge\u00e7in. Size 24 saat i\u00e7inde cevap verece\u011fiz.<\/p>","protected":false},"featured_media":4149,"comment_status":"closed","ping_status":"closed","template":"","meta":[],"product_cat":[15],"class_list":{"0":"post-4147","1":"product","2":"type-product","3":"status-publish","4":"has-post-thumbnail","6":"product_cat-glass-liquor-spirit-bottles","8":"first","9":"instock","10":"shipping-taxable","11":"product-type-simple"},"yoast_head":"<!-- This site is optimized with the Yoast SEO plugin v22.0 - https:\/\/yoast.com\/wordpress\/plugins\/seo\/ -->\n<title>16 oz Decorative Glass Bottles Wholesale | Unique Liquor Bottles Supplier<\/title>\n<meta name=\"description\" content=\"Ruisheng, a professional liquor bottles manufacturer &amp; supplier, provide 16 oz decorative glass bottles wholesale in factory outlet price.\" \/>\n<meta name=\"robots\" content=\"index, follow, max-snippet:-1, max-image-preview:large, max-video-preview:-1\" \/>\n<link rel=\"canonical\" href=\"https:\/\/ruishengglassco.com\/tr\/urun\/rs125-16-oz-kapakli-dekoratif-cam-siseler\" \/>\n<meta property=\"og:locale\" content=\"tr_TR\" \/>\n<meta property=\"og:type\" content=\"article\" \/>\n<meta property=\"og:title\" content=\"16 oz Decorative Glass Bottles Wholesale | Unique Liquor Bottles Supplier\" \/>\n<meta property=\"og:description\" content=\"Ruisheng, a professional liquor bottles manufacturer &amp; supplier, provide 16 oz decorative glass bottles wholesale in factory outlet price.\" \/>\n<meta property=\"og:url\" content=\"https:\/\/ruishengglassco.com\/tr\/urun\/rs125-16-oz-kapakli-dekoratif-cam-siseler\" \/>\n<meta property=\"article:publisher\" content=\"https:\/\/www.facebook.com\/ruishengglassbottles\" \/>\n<meta property=\"article:modified_time\" content=\"2025-07-16T06:59:45+00:00\" \/>\n<meta property=\"og:image\" content=\"https:\/\/ruishengglassco.com\/wp-content\/uploads\/2025\/03\/RS125-16-oz-decorative-glass-bottles-with-caps.webp\" \/>\n\t<meta property=\"og:image:width\" content=\"400\" \/>\n\t<meta property=\"og:image:height\" content=\"400\" \/>\n\t<meta property=\"og:image:type\" content=\"image\/webp\" \/>\n<meta name=\"twitter:card\" content=\"summary_large_image\" \/>\n<meta name=\"twitter:label1\" content=\"Tahmini okuma s\u00fcresi\" \/>\n\t<meta name=\"twitter:data1\" content=\"2 dakika\" \/>\n<script type=\"application\/ld+json\" class=\"yoast-schema-graph\">{\"@context\":\"https:\/\/schema.org\",\"@graph\":[{\"@type\":\"WebPage\",\"@id\":\"https:\/\/ruishengglassco.com\/product\/rs125-16-oz-decorative-glass-bottles-with-caps\",\"url\":\"https:\/\/ruishengglassco.com\/product\/rs125-16-oz-decorative-glass-bottles-with-caps\",\"name\":\"16 oz Decorative Glass Bottles Wholesale | Unique Liquor Bottles Supplier\",\"isPartOf\":{\"@id\":\"https:\/\/ruishengglassco.com\/#website\"},\"datePublished\":\"2025-03-14T06:53:10+00:00\",\"dateModified\":\"2025-07-16T06:59:45+00:00\",\"description\":\"Ruisheng, a professional liquor bottles manufacturer & supplier, provide 16 oz decorative glass bottles wholesale in factory outlet price.\",\"breadcrumb\":{\"@id\":\"https:\/\/ruishengglassco.com\/product\/rs125-16-oz-decorative-glass-bottles-with-caps#breadcrumb\"},\"inLanguage\":\"tr\",\"potentialAction\":[{\"@type\":\"ReadAction\",\"target\":[\"https:\/\/ruishengglassco.com\/product\/rs125-16-oz-decorative-glass-bottles-with-caps\"]}]},{\"@type\":\"BreadcrumbList\",\"@id\":\"https:\/\/ruishengglassco.com\/product\/rs125-16-oz-decorative-glass-bottles-with-caps#breadcrumb\",\"itemListElement\":[{\"@type\":\"ListItem\",\"position\":1,\"name\":\"Home\",\"item\":\"https:\/\/ruishengglassco.com\/\"},{\"@type\":\"ListItem\",\"position\":2,\"name\":\"Products\",\"item\":\"https:\/\/ruishengglassco.com\/products\"},{\"@type\":\"ListItem\",\"position\":3,\"name\":\"RS125: 16 oz Decorative Glass Bottles With Caps\"}]},{\"@type\":\"WebSite\",\"@id\":\"https:\/\/ruishengglassco.com\/#website\",\"url\":\"https:\/\/ruishengglassco.com\/\",\"name\":\"Ruisheng Glass\",\"description\":\"\",\"publisher\":{\"@id\":\"https:\/\/ruishengglassco.com\/#organization\"},\"potentialAction\":[{\"@type\":\"SearchAction\",\"target\":{\"@type\":\"EntryPoint\",\"urlTemplate\":\"https:\/\/ruishengglassco.com\/?s={search_term_string}\"},\"query-input\":\"required name=search_term_string\"}],\"inLanguage\":\"tr\"},{\"@type\":\"Organization\",\"@id\":\"https:\/\/ruishengglassco.com\/#organization\",\"name\":\"Shandong Yuncheng Ruisheng Glass Co., Ltd\",\"url\":\"https:\/\/ruishengglassco.com\/\",\"logo\":{\"@type\":\"ImageObject\",\"inLanguage\":\"tr\",\"@id\":\"https:\/\/ruishengglassco.com\/#\/schema\/logo\/image\/\",\"url\":\"https:\/\/ruishengglassco.com\/wp-content\/uploads\/2023\/09\/ruisheng_logo_icon.webp\",\"contentUrl\":\"https:\/\/ruishengglassco.com\/wp-content\/uploads\/2023\/09\/ruisheng_logo_icon.webp\",\"width\":400,\"height\":233,\"caption\":\"Shandong Yuncheng Ruisheng Glass Co., Ltd\"},\"image\":{\"@id\":\"https:\/\/ruishengglassco.com\/#\/schema\/logo\/image\/\"},\"sameAs\":[\"https:\/\/www.facebook.com\/ruishengglassbottles\",\"https:\/\/www.instagram.com\/Ruishengglassbottlewholesales\/\",\"https:\/\/www.youtube.com\/channel\/UCMmbMNGwsL-XrtjfSFLCdVQ\"]}]}<\/script>\n<!-- \/ Yoast SEO plugin. -->","yoast_head_json":{"title":"16 oz Decorative Glass Bottles Wholesale | Unique Liquor Bottles Supplier","description":"Ruisheng, a professional liquor bottles manufacturer & supplier, provide 16 oz decorative glass bottles wholesale in factory outlet price.","robots":{"index":"index","follow":"follow","max-snippet":"max-snippet:-1","max-image-preview":"max-image-preview:large","max-video-preview":"max-video-preview:-1"},"canonical":"https:\/\/ruishengglassco.com\/tr\/urun\/rs125-16-oz-kapakli-dekoratif-cam-siseler","og_locale":"tr_TR","og_type":"article","og_title":"16 oz Decorative Glass Bottles Wholesale | Unique Liquor Bottles Supplier","og_description":"Ruisheng, a professional liquor bottles manufacturer & supplier, provide 16 oz decorative glass bottles wholesale in factory outlet price.","og_url":"https:\/\/ruishengglassco.com\/tr\/urun\/rs125-16-oz-kapakli-dekoratif-cam-siseler","article_publisher":"https:\/\/www.facebook.com\/ruishengglassbottles","article_modified_time":"2025-07-16T06:59:45+00:00","og_image":[{"width":400,"height":400,"url":"https:\/\/ruishengglassco.com\/wp-content\/uploads\/2025\/03\/RS125-16-oz-decorative-glass-bottles-with-caps.webp","type":"image\/webp"}],"twitter_card":"summary_large_image","twitter_misc":{"Tahmini okuma s\u00fcresi":"2 dakika"},"schema":{"@context":"https:\/\/schema.org","@graph":[{"@type":"WebPage","@id":"https:\/\/ruishengglassco.com\/product\/rs125-16-oz-decorative-glass-bottles-with-caps","url":"https:\/\/ruishengglassco.com\/product\/rs125-16-oz-decorative-glass-bottles-with-caps","name":"16 oz Decorative Glass Bottles Wholesale | Unique Liquor Bottles Supplier","isPartOf":{"@id":"https:\/\/ruishengglassco.com\/#website"},"datePublished":"2025-03-14T06:53:10+00:00","dateModified":"2025-07-16T06:59:45+00:00","description":"Ruisheng, a professional liquor bottles manufacturer & supplier, provide 16 oz decorative glass bottles wholesale in factory outlet price.","breadcrumb":{"@id":"https:\/\/ruishengglassco.com\/product\/rs125-16-oz-decorative-glass-bottles-with-caps#breadcrumb"},"inLanguage":"tr","potentialAction":[{"@type":"ReadAction","target":["https:\/\/ruishengglassco.com\/product\/rs125-16-oz-decorative-glass-bottles-with-caps"]}]},{"@type":"BreadcrumbList","@id":"https:\/\/ruishengglassco.com\/product\/rs125-16-oz-decorative-glass-bottles-with-caps#breadcrumb","itemListElement":[{"@type":"ListItem","position":1,"name":"Home","item":"https:\/\/ruishengglassco.com\/"},{"@type":"ListItem","position":2,"name":"Products","item":"https:\/\/ruishengglassco.com\/products"},{"@type":"ListItem","position":3,"name":"RS125: 16 oz Decorative Glass Bottles With Caps"}]},{"@type":"WebSite","@id":"https:\/\/ruishengglassco.com\/#website","url":"https:\/\/ruishengglassco.com\/","name":"Ruisheng Glass","description":"","publisher":{"@id":"https:\/\/ruishengglassco.com\/#organization"},"potentialAction":[{"@type":"SearchAction","target":{"@type":"EntryPoint","urlTemplate":"https:\/\/ruishengglassco.com\/?s={search_term_string}"},"query-input":"required name=search_term_string"}],"inLanguage":"tr"},{"@type":"Organization","@id":"https:\/\/ruishengglassco.com\/#organization","name":"Shandong Yuncheng Ruisheng Glass Co., Ltd","url":"https:\/\/ruishengglassco.com\/","logo":{"@type":"ImageObject","inLanguage":"tr","@id":"https:\/\/ruishengglassco.com\/#\/schema\/logo\/image\/","url":"https:\/\/ruishengglassco.com\/wp-content\/uploads\/2023\/09\/ruisheng_logo_icon.webp","contentUrl":"https:\/\/ruishengglassco.com\/wp-content\/uploads\/2023\/09\/ruisheng_logo_icon.webp","width":400,"height":233,"caption":"Shandong Yuncheng Ruisheng Glass Co., Ltd"},"image":{"@id":"https:\/\/ruishengglassco.com\/#\/schema\/logo\/image\/"},"sameAs":["https:\/\/www.facebook.com\/ruishengglassbottles","https:\/\/www.instagram.com\/Ruishengglassbottlewholesales\/","https:\/\/www.youtube.com\/channel\/UCMmbMNGwsL-XrtjfSFLCdVQ"]}]}},"_links":{"self":[{"href":"https:\/\/ruishengglassco.com\/tr\/wp-json\/wp\/v2\/product\/4147","targetHints":{"allow":["GET"]}}],"collection":[{"href":"https:\/\/ruishengglassco.com\/tr\/wp-json\/wp\/v2\/product"}],"about":[{"href":"https:\/\/ruishengglassco.com\/tr\/wp-json\/wp\/v2\/types\/product"}],"replies":[{"embeddable":true,"href":"https:\/\/ruishengglassco.com\/tr\/wp-json\/wp\/v2\/comments?post=4147"}],"wp:featuredmedia":[{"embeddable":true,"href":"https:\/\/ruishengglassco.com\/tr\/wp-json\/wp\/v2\/media\/4149"}],"wp:attachment":[{"href":"https:\/\/ruishengglassco.com\/tr\/wp-json\/wp\/v2\/media?parent=4147"}],"wp:term":[{"taxonomy":"product_cat","embeddable":true,"href":"https:\/\/ruishengglassco.com\/tr\/wp-json\/wp\/v2\/product_cat?post=4147"}],"curies":[{"name":"wp","href":"https:\/\/api.w.org\/{rel}","templated":true}]}}