{"id":4146,"date":"2025-03-14T13:29:24","date_gmt":"2025-03-14T05:29:24","guid":{"rendered":"https:\/\/ruishengglassco.com\/?post_type=product&#038;p=4146"},"modified":"2025-07-17T13:33:52","modified_gmt":"2025-07-17T05:33:52","slug":"rs127-500ml-ki%cc%87si%cc%87sellesti%cc%87ri%cc%87lmi%cc%87s-i%cc%87cki%cc%87-si%cc%87sesi%cc%87-eti%cc%87ketleri%cc%87-2","status":"publish","type":"product","link":"https:\/\/ruishengglassco.com\/tr\/urun\/rs127-500ml-ki%cc%87si%cc%87sellesti%cc%87ri%cc%87lmi%cc%87s-i%cc%87cki%cc%87-si%cc%87sesi%cc%87-eti%cc%87ketleri%cc%87-2","title":{"rendered":"RS127: 500ml Ki\u015fiselle\u015ftirilmi\u015f Lik\u00f6r \u015ei\u015fesi Etiketleri"},"content":{"rendered":"<p>Ruisheng bir lik\u00f6r \u015fi\u015fesi \u00fcreticisidir. Onlar 10 y\u0131l\u0131 a\u015fk\u0131n bir s\u00fcredir lik\u00f6r \u015fi\u015feleri \u00fcretiyorlar. Biz ana cam \u015fi\u015fe \u00fcreticisiyiz. Markalar ve \u015firketler i\u00e7in ki\u015fiselle\u015ftirilmi\u015f toptan lik\u00f6r \u015fi\u015feleri sunuyoruz.<\/p>\n<p>Bu 500 ml'lik ki\u015fiselle\u015ftirilmi\u015f lik\u00f6r \u015fi\u015feleri y\u00fcksek kaliteli \u00e7akmakta\u015f\u0131 camdan \u00fcretilmi\u015ftir. Bu malzeme cam\u0131 daha net, daha dayan\u0131kl\u0131 ve p\u00fcr\u00fczs\u00fcz hale getirir. \u015eirketimizin 500'den fazla \u00e7al\u0131\u015fan\u0131 ve yetenekli m\u00fchendislerden olu\u015fan bir ekibi vard\u0131r. Zengin deneyimimizle, d\u00fcnya \u00e7ap\u0131nda iyi bir \u00fcne kavu\u015ftuk.<\/p>\n<p>A\u011f\u0131rl\u0131kl\u0131 olarak y\u00fcksek kaliteli cam \u015fi\u015feler sunuyoruz. \u00dcr\u00fcn yelpazemiz votka, brendi, viski, lik\u00f6r, re\u00e7el \u015fi\u015feleri ve daha fazlas\u0131n\u0131 i\u00e7erir. Ayr\u0131ca amber cam \u015fi\u015feler, ye\u015fil \u015fi\u015feler ve su \u015fi\u015feleri de sunabiliriz. Ana pazarlar\u0131m\u0131z Avrupa, ABD, Avustralya ve Amerika'd\u0131r. T\u00fcm \u00fcr\u00fcnlerimiz yenilikleri ve i\u015flevsellikleri ile tan\u0131nmaktad\u0131r.<\/p>\n<p><span style=\"color: #333333; font-size: 14.4px;\"><br \/>\nDaha fazla detay hakk\u0131nda Ki\u015fiselle\u015ftirilmi\u015f Lik\u00f6r \u015ei\u015feleri Toptan Sat\u0131\u015f<\/span><\/p>\n<ul>\n<li>Ana malzeme: y\u00fcksek \u00e7akmakta\u015f\u0131 cam<\/li>\n<li>Kapak: vidal\u0131 kapak<\/li>\n<li>Referans: RS127<\/li>\n<li>ADEDI: 10000 ADET<\/li>\n<li>Kapasite:500ml<\/li>\n<li>Adet\/Ctn:24 adet<\/li>\n<li>Yerin k\u00f6keni: Shandong, \u00c7in<\/li>\n<li>\u00d6zellik: \u00c7evre dostu<\/li>\n<\/ul>\n<p>Ki\u015fiselle\u015ftirilmi\u015f lik\u00f6r \u015fi\u015felerini toptan sat\u0131n almak istiyorsan\u0131z, l\u00fctfen <a href=\"https:\/\/glassbottlewholesale.com\/contact\/\">Bize ula\u015f\u0131n<\/a>. \u00d6zel cam \u015fi\u015feler yapmak istiyorsan\u0131z, l\u00fctfen bizimle de ileti\u015fime ge\u00e7in. En iyi cam su \u015fi\u015fesi i\u00e7in sorgunuzu almaktan \u00e7ok memnunuz.<\/p>","protected":false},"excerpt":{"rendered":"<p>\u015eeffaf, berrak, zarif, ki\u015fiselle\u015ftirilmi\u015f lik\u00f6r \u015fi\u015feleri, bir \u00c7in lik\u00f6r \u015fi\u015fesi \u00fcretim fabrikas\u0131ndan toptan sat\u0131\u015f. \u00d6zelle\u015ftirilmi\u015f bir hizmet ile lik\u00f6r i\u00e7in \u00e7\u0131k\u0131\u015f \u00fcst s\u0131n\u0131f cam \u015fi\u015feler.<\/p>\n<p><strong><em>-MIKTAR: 10000 ADET\u00a0<\/em><\/strong><\/p>\n<p>-\u00dccretsiz Alkoll\u00fc \u015ei\u015fe \u00d6rne\u011fi<\/p>\n<p>-Renk: \u015eeffaf<\/p>\n<p>-A\u011f\u0131rl\u0131k: 700g<\/p>\n<p>-Y\u00fckseklik: 228MM\u00b12MM<\/p>\n<p>-\u00c7AP: 90MM\u00b12MM<\/p>\n<p>-\u00d6zel Hizmet Sunulmaktad\u0131r<\/p>","protected":false},"featured_media":4144,"comment_status":"closed","ping_status":"closed","template":"","meta":[],"product_cat":[15,41],"class_list":{"0":"post-4146","1":"product","2":"type-product","3":"status-publish","4":"has-post-thumbnail","6":"product_cat-glass-liquor-spirit-bottles","7":"product_cat-500ml-liquor-bottle-manufacturer","9":"first","10":"instock","11":"shipping-taxable","12":"product-type-simple"},"yoast_head":"<!-- This site is optimized with the Yoast SEO plugin v22.0 - https:\/\/yoast.com\/wordpress\/plugins\/seo\/ -->\n<title>Personalized Liquor Bottles Wholesale | Bulk Alcoholic Bottles Price<\/title>\n<meta name=\"description\" content=\"Buy Personalized Liquor Bottles Wholesale From China Liquor Bottle Manufacturers. Factory Outlet&amp;Cheap Price. Click here to get bulk alcoholic bottles price\" \/>\n<meta name=\"robots\" content=\"index, follow, max-snippet:-1, max-image-preview:large, max-video-preview:-1\" \/>\n<link rel=\"canonical\" href=\"https:\/\/ruishengglassco.com\/tr\/urun\/rs127-500ml-ki\u0307si\u0307sellesti\u0307ri\u0307lmi\u0307s-i\u0307cki\u0307-si\u0307sesi\u0307-eti\u0307ketleri\u0307-2\" \/>\n<meta property=\"og:locale\" content=\"tr_TR\" \/>\n<meta property=\"og:type\" content=\"article\" \/>\n<meta property=\"og:title\" content=\"Personalized Liquor Bottles Wholesale | Bulk Alcoholic Bottles Price\" \/>\n<meta property=\"og:description\" content=\"Buy Personalized Liquor Bottles Wholesale From China Liquor Bottle Manufacturers. Factory Outlet&amp;Cheap Price. Click here to get bulk alcoholic bottles price\" \/>\n<meta property=\"og:url\" content=\"https:\/\/ruishengglassco.com\/tr\/urun\/rs127-500ml-ki\u0307si\u0307sellesti\u0307ri\u0307lmi\u0307s-i\u0307cki\u0307-si\u0307sesi\u0307-eti\u0307ketleri\u0307-2\" \/>\n<meta property=\"article:publisher\" content=\"https:\/\/www.facebook.com\/ruishengglassbottles\" \/>\n<meta property=\"article:modified_time\" content=\"2025-07-17T05:33:52+00:00\" \/>\n<meta property=\"og:image\" content=\"https:\/\/ruishengglassco.com\/wp-content\/uploads\/2025\/03\/500ml-Personalized-Liquor-Bottle-Labels.webp\" \/>\n\t<meta property=\"og:image:width\" content=\"350\" \/>\n\t<meta property=\"og:image:height\" content=\"350\" \/>\n\t<meta property=\"og:image:type\" content=\"image\/webp\" \/>\n<meta name=\"twitter:card\" content=\"summary_large_image\" \/>\n<meta name=\"twitter:label1\" content=\"Tahmini okuma s\u00fcresi\" \/>\n\t<meta name=\"twitter:data1\" content=\"2 dakika\" \/>\n<script type=\"application\/ld+json\" class=\"yoast-schema-graph\">{\"@context\":\"https:\/\/schema.org\",\"@graph\":[{\"@type\":\"WebPage\",\"@id\":\"https:\/\/ruishengglassco.com\/product\/rs127-500ml-personalized-liquor-bottle-labels-2\",\"url\":\"https:\/\/ruishengglassco.com\/product\/rs127-500ml-personalized-liquor-bottle-labels-2\",\"name\":\"Personalized Liquor Bottles Wholesale | Bulk Alcoholic Bottles Price\",\"isPartOf\":{\"@id\":\"https:\/\/ruishengglassco.com\/#website\"},\"datePublished\":\"2025-03-14T05:29:24+00:00\",\"dateModified\":\"2025-07-17T05:33:52+00:00\",\"description\":\"Buy Personalized Liquor Bottles Wholesale From China Liquor Bottle Manufacturers. Factory Outlet&Cheap Price. Click here to get bulk alcoholic bottles price\",\"breadcrumb\":{\"@id\":\"https:\/\/ruishengglassco.com\/product\/rs127-500ml-personalized-liquor-bottle-labels-2#breadcrumb\"},\"inLanguage\":\"tr\",\"potentialAction\":[{\"@type\":\"ReadAction\",\"target\":[\"https:\/\/ruishengglassco.com\/product\/rs127-500ml-personalized-liquor-bottle-labels-2\"]}]},{\"@type\":\"BreadcrumbList\",\"@id\":\"https:\/\/ruishengglassco.com\/product\/rs127-500ml-personalized-liquor-bottle-labels-2#breadcrumb\",\"itemListElement\":[{\"@type\":\"ListItem\",\"position\":1,\"name\":\"Home\",\"item\":\"https:\/\/ruishengglassco.com\/\"},{\"@type\":\"ListItem\",\"position\":2,\"name\":\"Products\",\"item\":\"https:\/\/ruishengglassco.com\/products\"},{\"@type\":\"ListItem\",\"position\":3,\"name\":\"RS127: 500ml Personalized Liquor Bottle Labels\"}]},{\"@type\":\"WebSite\",\"@id\":\"https:\/\/ruishengglassco.com\/#website\",\"url\":\"https:\/\/ruishengglassco.com\/\",\"name\":\"Ruisheng Glass\",\"description\":\"\",\"publisher\":{\"@id\":\"https:\/\/ruishengglassco.com\/#organization\"},\"potentialAction\":[{\"@type\":\"SearchAction\",\"target\":{\"@type\":\"EntryPoint\",\"urlTemplate\":\"https:\/\/ruishengglassco.com\/?s={search_term_string}\"},\"query-input\":\"required name=search_term_string\"}],\"inLanguage\":\"tr\"},{\"@type\":\"Organization\",\"@id\":\"https:\/\/ruishengglassco.com\/#organization\",\"name\":\"Shandong Yuncheng Ruisheng Glass Co., Ltd\",\"url\":\"https:\/\/ruishengglassco.com\/\",\"logo\":{\"@type\":\"ImageObject\",\"inLanguage\":\"tr\",\"@id\":\"https:\/\/ruishengglassco.com\/#\/schema\/logo\/image\/\",\"url\":\"https:\/\/ruishengglassco.com\/wp-content\/uploads\/2023\/09\/ruisheng_logo_icon.webp\",\"contentUrl\":\"https:\/\/ruishengglassco.com\/wp-content\/uploads\/2023\/09\/ruisheng_logo_icon.webp\",\"width\":400,\"height\":233,\"caption\":\"Shandong Yuncheng Ruisheng Glass Co., Ltd\"},\"image\":{\"@id\":\"https:\/\/ruishengglassco.com\/#\/schema\/logo\/image\/\"},\"sameAs\":[\"https:\/\/www.facebook.com\/ruishengglassbottles\",\"https:\/\/www.instagram.com\/Ruishengglassbottlewholesales\/\",\"https:\/\/www.youtube.com\/channel\/UCMmbMNGwsL-XrtjfSFLCdVQ\"]}]}<\/script>\n<!-- \/ Yoast SEO plugin. -->","yoast_head_json":{"title":"Personalized Liquor Bottles Wholesale | Bulk Alcoholic Bottles Price","description":"Buy Personalized Liquor Bottles Wholesale From China Liquor Bottle Manufacturers. Factory Outlet&Cheap Price. Click here to get bulk alcoholic bottles price","robots":{"index":"index","follow":"follow","max-snippet":"max-snippet:-1","max-image-preview":"max-image-preview:large","max-video-preview":"max-video-preview:-1"},"canonical":"https:\/\/ruishengglassco.com\/tr\/urun\/rs127-500ml-ki\u0307si\u0307sellesti\u0307ri\u0307lmi\u0307s-i\u0307cki\u0307-si\u0307sesi\u0307-eti\u0307ketleri\u0307-2","og_locale":"tr_TR","og_type":"article","og_title":"Personalized Liquor Bottles Wholesale | Bulk Alcoholic Bottles Price","og_description":"Buy Personalized Liquor Bottles Wholesale From China Liquor Bottle Manufacturers. Factory Outlet&Cheap Price. Click here to get bulk alcoholic bottles price","og_url":"https:\/\/ruishengglassco.com\/tr\/urun\/rs127-500ml-ki\u0307si\u0307sellesti\u0307ri\u0307lmi\u0307s-i\u0307cki\u0307-si\u0307sesi\u0307-eti\u0307ketleri\u0307-2","article_publisher":"https:\/\/www.facebook.com\/ruishengglassbottles","article_modified_time":"2025-07-17T05:33:52+00:00","og_image":[{"width":350,"height":350,"url":"https:\/\/ruishengglassco.com\/wp-content\/uploads\/2025\/03\/500ml-Personalized-Liquor-Bottle-Labels.webp","type":"image\/webp"}],"twitter_card":"summary_large_image","twitter_misc":{"Tahmini okuma s\u00fcresi":"2 dakika"},"schema":{"@context":"https:\/\/schema.org","@graph":[{"@type":"WebPage","@id":"https:\/\/ruishengglassco.com\/product\/rs127-500ml-personalized-liquor-bottle-labels-2","url":"https:\/\/ruishengglassco.com\/product\/rs127-500ml-personalized-liquor-bottle-labels-2","name":"Personalized Liquor Bottles Wholesale | Bulk Alcoholic Bottles Price","isPartOf":{"@id":"https:\/\/ruishengglassco.com\/#website"},"datePublished":"2025-03-14T05:29:24+00:00","dateModified":"2025-07-17T05:33:52+00:00","description":"Buy Personalized Liquor Bottles Wholesale From China Liquor Bottle Manufacturers. Factory Outlet&Cheap Price. Click here to get bulk alcoholic bottles price","breadcrumb":{"@id":"https:\/\/ruishengglassco.com\/product\/rs127-500ml-personalized-liquor-bottle-labels-2#breadcrumb"},"inLanguage":"tr","potentialAction":[{"@type":"ReadAction","target":["https:\/\/ruishengglassco.com\/product\/rs127-500ml-personalized-liquor-bottle-labels-2"]}]},{"@type":"BreadcrumbList","@id":"https:\/\/ruishengglassco.com\/product\/rs127-500ml-personalized-liquor-bottle-labels-2#breadcrumb","itemListElement":[{"@type":"ListItem","position":1,"name":"Home","item":"https:\/\/ruishengglassco.com\/"},{"@type":"ListItem","position":2,"name":"Products","item":"https:\/\/ruishengglassco.com\/products"},{"@type":"ListItem","position":3,"name":"RS127: 500ml Personalized Liquor Bottle Labels"}]},{"@type":"WebSite","@id":"https:\/\/ruishengglassco.com\/#website","url":"https:\/\/ruishengglassco.com\/","name":"Ruisheng Glass","description":"","publisher":{"@id":"https:\/\/ruishengglassco.com\/#organization"},"potentialAction":[{"@type":"SearchAction","target":{"@type":"EntryPoint","urlTemplate":"https:\/\/ruishengglassco.com\/?s={search_term_string}"},"query-input":"required name=search_term_string"}],"inLanguage":"tr"},{"@type":"Organization","@id":"https:\/\/ruishengglassco.com\/#organization","name":"Shandong Yuncheng Ruisheng Glass Co., Ltd","url":"https:\/\/ruishengglassco.com\/","logo":{"@type":"ImageObject","inLanguage":"tr","@id":"https:\/\/ruishengglassco.com\/#\/schema\/logo\/image\/","url":"https:\/\/ruishengglassco.com\/wp-content\/uploads\/2023\/09\/ruisheng_logo_icon.webp","contentUrl":"https:\/\/ruishengglassco.com\/wp-content\/uploads\/2023\/09\/ruisheng_logo_icon.webp","width":400,"height":233,"caption":"Shandong Yuncheng Ruisheng Glass Co., Ltd"},"image":{"@id":"https:\/\/ruishengglassco.com\/#\/schema\/logo\/image\/"},"sameAs":["https:\/\/www.facebook.com\/ruishengglassbottles","https:\/\/www.instagram.com\/Ruishengglassbottlewholesales\/","https:\/\/www.youtube.com\/channel\/UCMmbMNGwsL-XrtjfSFLCdVQ"]}]}},"_links":{"self":[{"href":"https:\/\/ruishengglassco.com\/tr\/wp-json\/wp\/v2\/product\/4146","targetHints":{"allow":["GET"]}}],"collection":[{"href":"https:\/\/ruishengglassco.com\/tr\/wp-json\/wp\/v2\/product"}],"about":[{"href":"https:\/\/ruishengglassco.com\/tr\/wp-json\/wp\/v2\/types\/product"}],"replies":[{"embeddable":true,"href":"https:\/\/ruishengglassco.com\/tr\/wp-json\/wp\/v2\/comments?post=4146"}],"wp:featuredmedia":[{"embeddable":true,"href":"https:\/\/ruishengglassco.com\/tr\/wp-json\/wp\/v2\/media\/4144"}],"wp:attachment":[{"href":"https:\/\/ruishengglassco.com\/tr\/wp-json\/wp\/v2\/media?parent=4146"}],"wp:term":[{"taxonomy":"product_cat","embeddable":true,"href":"https:\/\/ruishengglassco.com\/tr\/wp-json\/wp\/v2\/product_cat?post=4146"}],"curies":[{"name":"wp","href":"https:\/\/api.w.org\/{rel}","templated":true}]}}