{"id":4141,"date":"2025-03-14T11:15:14","date_gmt":"2025-03-14T03:15:14","guid":{"rendered":"https:\/\/ruishengglassco.com\/?post_type=product&#038;p=4141"},"modified":"2025-09-12T08:37:31","modified_gmt":"2025-09-12T00:37:31","slug":"rs128-seffaf-750ml-xo-si%cc%87se","status":"publish","type":"product","link":"https:\/\/ruishengglassco.com\/tr\/urun\/rs128-seffaf-750ml-xo-si%cc%87se","title":{"rendered":"RS128: \u015eeffaf 750ml XO \u015ei\u015fe"},"content":{"rendered":"<p>Mantarl\u0131 bu \u015eeffaf 750ml XO \u015fi\u015fe, d\u00fcnyadaki toptan s\u0131cak sat\u0131\u015f 750ml cam \u015fi\u015felerimizden biridir. 750ml XO cam \u015fi\u015felerde tan\u0131d\u0131k bir \u015fekildir.<\/p>\n<p>\u015eeffaf 750ml XO \u015fi\u015femiz y\u00fcksek kaliteli hammaddelerden yap\u0131lm\u0131\u015ft\u0131r. Lik\u00f6r cam \u015fi\u015feleri a\u00e7\u0131k, p\u00fcr\u00fczs\u00fcz olacak ve di\u011fer cam \u015fi\u015feler kadar k\u0131r\u0131lgan olmayacakt\u0131r. Donma olmadan \u00e7ok nettir.<\/p>\n<p>Bu 750ml XO \u015fi\u015fesi hafif bir cam \u015fi\u015fe de\u011fildir; dokusunu elinizde tuttu\u011funuzda anlayacaks\u0131n\u0131z.<\/p>\n<h4>\u015eeffaf 750ml XO \u015ei\u015fenin Detaylar\u0131<\/h4>\n<p>Cam \u015fi\u015fenin bilgileri b\u00f6\u011f\u00fcr\u00fcr gibi:<\/p>\n<ul>\n<li>Ana malzeme: S\u00fcper \u00e7akmakta\u015f\u0131 cam<\/li>\n<li>Kapak: Mantar<\/li>\n<li>Referans: RS128<\/li>\n<li>ADEDI: 10000<\/li>\n<li>Kapasite:750ml<\/li>\n<li>Adet\/Ctn: 24 adet<\/li>\n<li>Yerin k\u00f6keni: Shandong, \u00c7in<\/li>\n<li>\u00d6zellik: \u00c7evre dostu<\/li>\n<\/ul>\n<h4>Bu 750ML XO \u015ei\u015fenin Mantarlar\u0131<\/h4>\n<p><span data-preserver-spaces=\"true\">Bu 750ml XO \u015fi\u015feleri i\u00e7in kullan\u0131lan mantarlarla ilgili olarak, fabrikam\u0131z \u00e7e\u015fitli tipler \u00fcretmektedir. Farkl\u0131 malzemeler \u015funlar\u0131 i\u00e7erir <\/span><span data-preserver-spaces=\"true\">mantar, \u00f6rne\u011fin<\/span><span data-preserver-spaces=\"true\"> y\u00fcksek polimer mantar, kompleks mantar ve ah\u015fap mantar. Alt\u0131n mantar, g\u00fcm\u00fc\u015f mantar, siyah mantar ve di\u011fer renklerde mantar gibi \u00e7e\u015fitli mantar renkleri.<\/span><\/p>\n<p><span data-preserver-spaces=\"true\">Bu cam Amerika Birle\u015fik Devletleri, Avrupa, Avustralya ve Rusya dahil olmak \u00fczere bir\u00e7ok \u00fclkede kullan\u0131ma uygundur. <\/span><span data-preserver-spaces=\"true\">Biz kurduk <\/span><span data-preserver-spaces=\"true\">i\u015fbirli\u011fi<\/span><span data-preserver-spaces=\"true\"> ile <\/span><span data-preserver-spaces=\"true\">bir\u00e7ok<\/span><span data-preserver-spaces=\"true\"> d\u00fcnya \u00e7ap\u0131nda m\u00fc\u015fteriler ve onlardan iyi bir itibar kazand\u0131k.<\/span><\/p>\n<p><span data-preserver-spaces=\"true\">\u015eirketimiz yat\u0131r\u0131m yapm\u0131\u015ft\u0131r:<\/span><\/p>\n<ul>\n<li><span data-preserver-spaces=\"true\">Geli\u015fmi\u015f 8S tam otomatik makinelerden olu\u015fan iki \u00fcretim hatt\u0131.<\/span><\/li>\n<li><span data-preserver-spaces=\"true\">\u00dc\u00e7 adet CNC manuel makine \u00fcretim hatt\u0131.<\/span><\/li>\n<li><span data-preserver-spaces=\"true\">CNC yar\u0131 otomatik makinelerden olu\u015fan d\u00f6rt \u00fcretim hatt\u0131.<\/span><\/li>\n<\/ul>\n<p><span data-preserver-spaces=\"true\">Fabrikam\u0131zda ayr\u0131ca iki set IS makinesi bulunmaktad\u0131r. 8S makinesi ve CNC makineleri <\/span><span data-preserver-spaces=\"true\">kullan\u0131l\u0131r<\/span><span data-preserver-spaces=\"true\"> birinci s\u0131n\u0131f cam \u015fi\u015feler - ak\u015fam yeme\u011fi \u00e7akmakta\u015f\u0131 cam \u015fi\u015feler \u00fcretmek. G\u00fcnl\u00fck \u00fcretim 120.000 adettir. IS makineleri <\/span><span data-preserver-spaces=\"true\">kullan\u0131l\u0131r<\/span><span data-preserver-spaces=\"true\"> orta s\u0131n\u0131f cam \u015fi\u015feler \u00fcretmek i\u00e7in g\u00fcnl\u00fck <\/span><span data-preserver-spaces=\"true\">\u00e7\u0131kt\u0131<\/span><span data-preserver-spaces=\"true\"> 200,000 adet.<\/span><\/p>\n<p><span data-preserver-spaces=\"true\">S\u0131v\u0131 cam \u015fi\u015felerin uzman \u00fcreticileriyiz. M\u00fc\u015fterilerimizin isteklerine g\u00f6re \u00f6zel cam \u015fi\u015feler de yapabiliyoruz. Ne istedi\u011finizi bize bildirebilirsiniz ve tasar\u0131mc\u0131m\u0131z\u0131n sizin i\u00e7in yaratmas\u0131n\u0131 ayarlar\u0131z.<\/span><\/p>\n<p><span data-preserver-spaces=\"true\">Bu \u015eeffaf 750ml XO \u015fi\u015fesini sipari\u015f etmek veya \u00f6zel cam \u015fi\u015feler hakk\u0131nda bilgi almak isterseniz, <\/span><span data-preserver-spaces=\"true\">l\u00fctfen bizimle ileti\u015fime ge\u00e7in<\/span><span data-preserver-spaces=\"true\">ve ihtiyac\u0131n\u0131z olan \u015fi\u015feyi yarataca\u011f\u0131z.<\/span><\/p>\n<p><span data-preserver-spaces=\"true\">750ml XO \u015fi\u015felerine ek olarak, toptan sat\u0131\u015f i\u00e7in 100ml cam \u015fi\u015feler, t\u0131pal\u0131 250ml cam \u015fi\u015feler de sunuyoruz,\u00a0<\/span><a class=\"editor-rtfLink\" href=\"https:\/\/glassbottlewholesale.com\/375ml-long-neck-glass-bottles-with-t-cork\/\" target=\"_blank\" rel=\"noopener\"><span data-preserver-spaces=\"true\">\u015feffaf cam \u015fi\u015feler (375ml)<\/span><\/a><span data-preserver-spaces=\"true\">, k\u00fc\u00e7\u00fck cam \u015fi\u015feler (50cl),<\/span><a class=\"editor-rtfLink\" href=\"https:\/\/glassbottlewholesale.com\/products\/1000ml-glass-bottles\/\" target=\"_blank\" rel=\"noopener\"><span data-preserver-spaces=\"true\"> 1000ml ispirto \u015fi\u015feleri<\/span><\/a><span data-preserver-spaces=\"true\">ve daha fazlas\u0131. Toptan sat\u0131\u015f i\u00e7in cam \u015fi\u015felerimiz hakk\u0131nda bilgi almak isterseniz, l\u00fctfen bizimle ileti\u015fime ge\u00e7in. Size en k\u0131sa s\u00fcrede cevap verece\u011fiz. <\/span><span data-preserver-spaces=\"true\">Bizim <\/span><span data-preserver-spaces=\"true\">ama\u00e7<\/span><span data-preserver-spaces=\"true\"> i\u00e7indir. <\/span><span data-preserver-spaces=\"true\">yap<\/span><span data-preserver-spaces=\"true\"> y\u00fcksek kaliteli cam <\/span><span data-preserver-spaces=\"true\">\u015ei\u015fe<\/span><span data-preserver-spaces=\"true\"> ve <\/span><span data-preserver-spaces=\"true\">teklif<\/span><span data-preserver-spaces=\"true\"> en iyi hizmet <\/span><span data-preserver-spaces=\"true\">i\u00e7in<\/span><span data-preserver-spaces=\"true\"> m\u00fc\u015fteriler <\/span><span data-preserver-spaces=\"true\">d\u00fcnyan\u0131n her yerinden<\/span><span data-preserver-spaces=\"true\">.<\/span><\/p>","protected":false},"excerpt":{"rendered":"<p>\u015eeffaf 750ml XO \u015fi\u015femiz birinci s\u0131n\u0131f hammaddeden \u00fcretilmi\u015ftir. Lik\u00f6r cam \u015fi\u015feleri \u00e7ok net, p\u00fcr\u00fczs\u00fcz ve di\u011fer cam \u015fi\u015felere g\u00f6re daha az k\u0131r\u0131lgan olacakt\u0131r. Buzlanma olmadan \u00e7ok nettir. Bu \u015eeffaf 750ml XO \u015fi\u015fesi hafif bir cam \u015fi\u015fe de\u011fildir; dokusunu elinize ald\u0131\u011f\u0131n\u0131zda anlayacaks\u0131n\u0131z.<\/p>","protected":false},"featured_media":4142,"comment_status":"closed","ping_status":"closed","template":"","meta":[],"product_cat":[40,58],"class_list":{"0":"post-4141","1":"product","2":"type-product","3":"status-publish","4":"has-post-thumbnail","6":"product_cat-750ml-liquor-bottle-manufacturer","7":"product_cat-brandy-bottle","9":"first","10":"instock","11":"shipping-taxable","12":"product-type-simple"},"yoast_head":"<!-- This site is optimized with the Yoast SEO plugin v22.0 - https:\/\/yoast.com\/wordpress\/plugins\/seo\/ -->\n<title>Transparent 750ml XO Bottle Price | Cognac Bottle Supplier<\/title>\n<meta name=\"description\" content=\"Ruisheng, a professional cognac bottle manufacturer, wholesale empty glass bottle for XO, Cognac. Get wholesale transparent 750ml xo bottle price here.\" \/>\n<meta name=\"robots\" content=\"index, follow, max-snippet:-1, max-image-preview:large, max-video-preview:-1\" \/>\n<link rel=\"canonical\" href=\"https:\/\/ruishengglassco.com\/tr\/urun\/rs128-seffaf-750ml-xo-si\u0307se\" \/>\n<meta property=\"og:locale\" content=\"tr_TR\" \/>\n<meta property=\"og:type\" content=\"article\" \/>\n<meta property=\"og:title\" content=\"Transparent 750ml XO Bottle Price | Cognac Bottle Supplier\" \/>\n<meta property=\"og:description\" content=\"Ruisheng, a professional cognac bottle manufacturer, wholesale empty glass bottle for XO, Cognac. Get wholesale transparent 750ml xo bottle price here.\" \/>\n<meta property=\"og:url\" content=\"https:\/\/ruishengglassco.com\/tr\/urun\/rs128-seffaf-750ml-xo-si\u0307se\" \/>\n<meta property=\"article:publisher\" content=\"https:\/\/www.facebook.com\/ruishengglassbottles\" \/>\n<meta property=\"article:modified_time\" content=\"2025-09-12T00:37:31+00:00\" \/>\n<meta property=\"og:image\" content=\"https:\/\/ruishengglassco.com\/wp-content\/uploads\/2025\/03\/Transparent-750ml-XO-Bottle.webp\" \/>\n\t<meta property=\"og:image:width\" content=\"800\" \/>\n\t<meta property=\"og:image:height\" content=\"800\" \/>\n\t<meta property=\"og:image:type\" content=\"image\/webp\" \/>\n<meta name=\"twitter:card\" content=\"summary_large_image\" \/>\n<meta name=\"twitter:label1\" content=\"Tahmini okuma s\u00fcresi\" \/>\n\t<meta name=\"twitter:data1\" content=\"3 dakika\" \/>\n<script type=\"application\/ld+json\" class=\"yoast-schema-graph\">{\"@context\":\"https:\/\/schema.org\",\"@graph\":[{\"@type\":\"WebPage\",\"@id\":\"https:\/\/ruishengglassco.com\/product\/rs128-transparent-750ml-xo-bottle\",\"url\":\"https:\/\/ruishengglassco.com\/product\/rs128-transparent-750ml-xo-bottle\",\"name\":\"Transparent 750ml XO Bottle Price | Cognac Bottle Supplier\",\"isPartOf\":{\"@id\":\"https:\/\/ruishengglassco.com\/#website\"},\"datePublished\":\"2025-03-14T03:15:14+00:00\",\"dateModified\":\"2025-09-12T00:37:31+00:00\",\"description\":\"Ruisheng, a professional cognac bottle manufacturer, wholesale empty glass bottle for XO, Cognac. Get wholesale transparent 750ml xo bottle price here.\",\"breadcrumb\":{\"@id\":\"https:\/\/ruishengglassco.com\/product\/rs128-transparent-750ml-xo-bottle#breadcrumb\"},\"inLanguage\":\"tr\",\"potentialAction\":[{\"@type\":\"ReadAction\",\"target\":[\"https:\/\/ruishengglassco.com\/product\/rs128-transparent-750ml-xo-bottle\"]}]},{\"@type\":\"BreadcrumbList\",\"@id\":\"https:\/\/ruishengglassco.com\/product\/rs128-transparent-750ml-xo-bottle#breadcrumb\",\"itemListElement\":[{\"@type\":\"ListItem\",\"position\":1,\"name\":\"Home\",\"item\":\"https:\/\/ruishengglassco.com\/\"},{\"@type\":\"ListItem\",\"position\":2,\"name\":\"Products\",\"item\":\"https:\/\/ruishengglassco.com\/products\"},{\"@type\":\"ListItem\",\"position\":3,\"name\":\"RS128: Transparent 750ml XO Bottle\"}]},{\"@type\":\"WebSite\",\"@id\":\"https:\/\/ruishengglassco.com\/#website\",\"url\":\"https:\/\/ruishengglassco.com\/\",\"name\":\"Ruisheng Glass\",\"description\":\"\",\"publisher\":{\"@id\":\"https:\/\/ruishengglassco.com\/#organization\"},\"potentialAction\":[{\"@type\":\"SearchAction\",\"target\":{\"@type\":\"EntryPoint\",\"urlTemplate\":\"https:\/\/ruishengglassco.com\/?s={search_term_string}\"},\"query-input\":\"required name=search_term_string\"}],\"inLanguage\":\"tr\"},{\"@type\":\"Organization\",\"@id\":\"https:\/\/ruishengglassco.com\/#organization\",\"name\":\"Shandong Yuncheng Ruisheng Glass Co., Ltd\",\"url\":\"https:\/\/ruishengglassco.com\/\",\"logo\":{\"@type\":\"ImageObject\",\"inLanguage\":\"tr\",\"@id\":\"https:\/\/ruishengglassco.com\/#\/schema\/logo\/image\/\",\"url\":\"https:\/\/ruishengglassco.com\/wp-content\/uploads\/2023\/09\/ruisheng_logo_icon.webp\",\"contentUrl\":\"https:\/\/ruishengglassco.com\/wp-content\/uploads\/2023\/09\/ruisheng_logo_icon.webp\",\"width\":400,\"height\":233,\"caption\":\"Shandong Yuncheng Ruisheng Glass Co., Ltd\"},\"image\":{\"@id\":\"https:\/\/ruishengglassco.com\/#\/schema\/logo\/image\/\"},\"sameAs\":[\"https:\/\/www.facebook.com\/ruishengglassbottles\",\"https:\/\/www.instagram.com\/Ruishengglassbottlewholesales\/\",\"https:\/\/www.youtube.com\/channel\/UCMmbMNGwsL-XrtjfSFLCdVQ\"]}]}<\/script>\n<!-- \/ Yoast SEO plugin. -->","yoast_head_json":{"title":"Transparent 750ml XO Bottle Price | Cognac Bottle Supplier","description":"Ruisheng, a professional cognac bottle manufacturer, wholesale empty glass bottle for XO, Cognac. Get wholesale transparent 750ml xo bottle price here.","robots":{"index":"index","follow":"follow","max-snippet":"max-snippet:-1","max-image-preview":"max-image-preview:large","max-video-preview":"max-video-preview:-1"},"canonical":"https:\/\/ruishengglassco.com\/tr\/urun\/rs128-seffaf-750ml-xo-si\u0307se","og_locale":"tr_TR","og_type":"article","og_title":"Transparent 750ml XO Bottle Price | Cognac Bottle Supplier","og_description":"Ruisheng, a professional cognac bottle manufacturer, wholesale empty glass bottle for XO, Cognac. Get wholesale transparent 750ml xo bottle price here.","og_url":"https:\/\/ruishengglassco.com\/tr\/urun\/rs128-seffaf-750ml-xo-si\u0307se","article_publisher":"https:\/\/www.facebook.com\/ruishengglassbottles","article_modified_time":"2025-09-12T00:37:31+00:00","og_image":[{"width":800,"height":800,"url":"https:\/\/ruishengglassco.com\/wp-content\/uploads\/2025\/03\/Transparent-750ml-XO-Bottle.webp","type":"image\/webp"}],"twitter_card":"summary_large_image","twitter_misc":{"Tahmini okuma s\u00fcresi":"3 dakika"},"schema":{"@context":"https:\/\/schema.org","@graph":[{"@type":"WebPage","@id":"https:\/\/ruishengglassco.com\/product\/rs128-transparent-750ml-xo-bottle","url":"https:\/\/ruishengglassco.com\/product\/rs128-transparent-750ml-xo-bottle","name":"Transparent 750ml XO Bottle Price | Cognac Bottle Supplier","isPartOf":{"@id":"https:\/\/ruishengglassco.com\/#website"},"datePublished":"2025-03-14T03:15:14+00:00","dateModified":"2025-09-12T00:37:31+00:00","description":"Ruisheng, a professional cognac bottle manufacturer, wholesale empty glass bottle for XO, Cognac. Get wholesale transparent 750ml xo bottle price here.","breadcrumb":{"@id":"https:\/\/ruishengglassco.com\/product\/rs128-transparent-750ml-xo-bottle#breadcrumb"},"inLanguage":"tr","potentialAction":[{"@type":"ReadAction","target":["https:\/\/ruishengglassco.com\/product\/rs128-transparent-750ml-xo-bottle"]}]},{"@type":"BreadcrumbList","@id":"https:\/\/ruishengglassco.com\/product\/rs128-transparent-750ml-xo-bottle#breadcrumb","itemListElement":[{"@type":"ListItem","position":1,"name":"Home","item":"https:\/\/ruishengglassco.com\/"},{"@type":"ListItem","position":2,"name":"Products","item":"https:\/\/ruishengglassco.com\/products"},{"@type":"ListItem","position":3,"name":"RS128: Transparent 750ml XO Bottle"}]},{"@type":"WebSite","@id":"https:\/\/ruishengglassco.com\/#website","url":"https:\/\/ruishengglassco.com\/","name":"Ruisheng Glass","description":"","publisher":{"@id":"https:\/\/ruishengglassco.com\/#organization"},"potentialAction":[{"@type":"SearchAction","target":{"@type":"EntryPoint","urlTemplate":"https:\/\/ruishengglassco.com\/?s={search_term_string}"},"query-input":"required name=search_term_string"}],"inLanguage":"tr"},{"@type":"Organization","@id":"https:\/\/ruishengglassco.com\/#organization","name":"Shandong Yuncheng Ruisheng Glass Co., Ltd","url":"https:\/\/ruishengglassco.com\/","logo":{"@type":"ImageObject","inLanguage":"tr","@id":"https:\/\/ruishengglassco.com\/#\/schema\/logo\/image\/","url":"https:\/\/ruishengglassco.com\/wp-content\/uploads\/2023\/09\/ruisheng_logo_icon.webp","contentUrl":"https:\/\/ruishengglassco.com\/wp-content\/uploads\/2023\/09\/ruisheng_logo_icon.webp","width":400,"height":233,"caption":"Shandong Yuncheng Ruisheng Glass Co., Ltd"},"image":{"@id":"https:\/\/ruishengglassco.com\/#\/schema\/logo\/image\/"},"sameAs":["https:\/\/www.facebook.com\/ruishengglassbottles","https:\/\/www.instagram.com\/Ruishengglassbottlewholesales\/","https:\/\/www.youtube.com\/channel\/UCMmbMNGwsL-XrtjfSFLCdVQ"]}]}},"_links":{"self":[{"href":"https:\/\/ruishengglassco.com\/tr\/wp-json\/wp\/v2\/product\/4141","targetHints":{"allow":["GET"]}}],"collection":[{"href":"https:\/\/ruishengglassco.com\/tr\/wp-json\/wp\/v2\/product"}],"about":[{"href":"https:\/\/ruishengglassco.com\/tr\/wp-json\/wp\/v2\/types\/product"}],"replies":[{"embeddable":true,"href":"https:\/\/ruishengglassco.com\/tr\/wp-json\/wp\/v2\/comments?post=4141"}],"wp:featuredmedia":[{"embeddable":true,"href":"https:\/\/ruishengglassco.com\/tr\/wp-json\/wp\/v2\/media\/4142"}],"wp:attachment":[{"href":"https:\/\/ruishengglassco.com\/tr\/wp-json\/wp\/v2\/media?parent=4141"}],"wp:term":[{"taxonomy":"product_cat","embeddable":true,"href":"https:\/\/ruishengglassco.com\/tr\/wp-json\/wp\/v2\/product_cat?post=4141"}],"curies":[{"name":"wp","href":"https:\/\/api.w.org\/{rel}","templated":true}]}}