{"id":4137,"date":"2025-03-14T10:54:15","date_gmt":"2025-03-14T02:54:15","guid":{"rendered":"https:\/\/ruishengglassco.com\/?post_type=product&#038;p=4137"},"modified":"2025-07-16T14:55:02","modified_gmt":"2025-07-16T06:55:02","slug":"rs130-700ml-xo-cam-si%cc%87seler-cam-si%cc%87se-ureti%cc%87mleri%cc%87nde","status":"publish","type":"product","link":"https:\/\/ruishengglassco.com\/tr\/urun\/rs130-700ml-xo-cam-si%cc%87seler-cam-si%cc%87se-ureti%cc%87mleri%cc%87nde","title":{"rendered":"RS130: Cam \u015ei\u015fe \u0130malatlar\u0131nda 700ml XO Cam \u015ei\u015feler"},"content":{"rendered":"<div class=\"\" data-block=\"true\" data-editor=\"fi8h\" data-offset-key=\"3a0tk-0-0\">\n<div class=\"public-DraftStyleDefault-block public-DraftStyleDefault-ltr\" data-offset-key=\"3a0tk-0-0\">\n<p data-block-id=\"cafb4497-87ab-4d2b-9fa1-90b8eb0f9f7d\" data-pm-slice=\"1 1 []\">700ml XO \u015fi\u015fesini, \u00f6zellikle toplu olarak sat\u0131n al\u0131rken, do\u011fru \u00fcreticiyi se\u00e7memiz gerekir. En iyi Brandy \u015fi\u015fesi tedarik\u00e7ileri kaliteli \u00fcr\u00fcnler sunar ve Brandy \u015fi\u015fesi standartlar\u0131n\u0131 sa\u011flar. Uygun \u015fi\u015fenin ve \u015fi\u015fenin kalitesinin Brandy'miz i\u00e7in ne kadar \u00f6nemli oldu\u011funu hepimiz biliyoruz.<\/p>\n<h4 data-block-id=\"b623d5e1-c8ba-4efb-af60-07317a13eeca\">Ruisheng Hakk\u0131nda<\/h4>\n<p data-block-id=\"1b2bb5dd-064f-4597-8113-1bae6b3800f2\">Tan\u0131nm\u0131\u015f bir \u00c7inli ispirto \u015fi\u015fesi \u00fcreticisi olan Ruisheng, brendi \u015fi\u015feleri i\u00e7in birinci s\u0131n\u0131f flint cam kullanmaktad\u0131r. Bu, cam \u015fi\u015feler i\u00e7in en \u00fcst s\u0131n\u0131f malzemedir. Y\u00fcksek kaliteli flint camdan \u00fcretilen 700ml XO \u015fi\u015fesi daha berrak, daha dayan\u0131kl\u0131 ve daha p\u00fcr\u00fczs\u00fczd\u00fcr.<\/p>\n<p data-block-id=\"2445b869-99ff-4e97-bf15-24357e21d124\">700ML XO \u015fi\u015felerinin en b\u00fcy\u00fck \u00fcreticilerinden biri olan Ruisheng, 500'den fazla personel ve yetenekli m\u00fchendislerden olu\u015fan bir ekip istihdam etmektedir. Zengin deneyimimizle, d\u00fcnya \u00e7ap\u0131nda iyi bir \u00fcne sahip olduk.<\/p>\n<h4 data-block-id=\"275d7b67-29f2-4aeb-b09d-7d6c5a68fb6a\">700ML XO \u015ei\u015fe Fiyat\u0131 Hakk\u0131nda<\/h4>\n<p data-block-id=\"adb17fef-1ed1-44eb-80c6-3989b60c6b26\">Y\u00fcksek kaliteli lik\u00f6r cam \u015fi\u015feleri sunuyoruz. \u00dcr\u00fcn yelpazemiz brendi, votka, viski, rom ve daha fazlas\u0131n\u0131 i\u00e7erir. Ayr\u0131ca ye\u015fil cam \u015fi\u015feler, koyu ye\u015fil \u015fi\u015feler ve di\u011fer boyal\u0131 cam \u015fi\u015feler gibi di\u011fer renkli cam \u015fi\u015feler de sunabiliriz. 700ml XO \u015fi\u015fesi i\u00e7in birincil pazar\u0131m\u0131z Avrupa, ABD, Avustralya ve di\u011fer b\u00f6lgelerdir. T\u00fcm \u00fcr\u00fcnler yenilik ve i\u015flevsellik a\u00e7\u0131s\u0131ndan y\u00fcksek bir itibara sahiptir. 700ml XO \u015fi\u015fesinin fiyat\u0131 hakk\u0131nda bilgi almak isterseniz, l\u00fctfen bize bir mesaj b\u0131rak\u0131n.<\/p>\n<\/div>\n<\/div>\n<div class=\"\" data-block=\"true\" data-editor=\"fi8h\" data-offset-key=\"d41bq-0-0\">\n<div class=\"public-DraftStyleDefault-block public-DraftStyleDefault-ltr\" data-offset-key=\"d41bq-0-0\"><span data-offset-key=\"d41bq-0-0\">\u00a0<\/span><\/div>\n<\/div>\n<h4 class=\"public-DraftStyleDefault-block public-DraftStyleDefault-ltr\" data-offset-key=\"d5v0s-0-0\"><span data-offset-key=\"d5v0s-0-0\">Sat\u0131l\u0131k Bu Konyak \u015ei\u015fesinin Detaylar\u0131<\/span><\/h4>\n<div class=\"\" data-block=\"true\" data-editor=\"fi8h\" data-offset-key=\"5ffko-0-0\">\n<div class=\"public-DraftStyleDefault-block public-DraftStyleDefault-ltr\" data-offset-key=\"5ffko-0-0\"><span data-offset-key=\"5ffko-0-0\">\u00a0<\/span><\/div>\n<\/div>\n<ul class=\"public-DraftStyleDefault-ul\" data-offset-key=\"43ngp-0-0\">\n<li class=\"public-DraftStyleDefault-unorderedListItem public-DraftStyleDefault-reset public-DraftStyleDefault-depth0 public-DraftStyleDefault-listLTR\" data-block=\"true\" data-editor=\"fi8h\" data-offset-key=\"43ngp-0-0\">\n<div class=\"public-DraftStyleDefault-block public-DraftStyleDefault-ltr\" data-offset-key=\"43ngp-0-0\"><span data-offset-key=\"43ngp-0-0\">Ana malzeme: y\u00fcksek \u00e7akmakta\u015f\u0131 cam<\/span><\/div>\n<\/li>\n<\/ul>\n<div class=\"\" data-block=\"true\" data-editor=\"fi8h\" data-offset-key=\"cgnt9-0-0\">\n<div class=\"public-DraftStyleDefault-block public-DraftStyleDefault-ltr\" data-offset-key=\"cgnt9-0-0\"><span data-offset-key=\"cgnt9-0-0\">\u00a0<\/span><\/div>\n<\/div>\n<ul class=\"public-DraftStyleDefault-ul\" data-offset-key=\"fjugc-0-0\">\n<li class=\"public-DraftStyleDefault-unorderedListItem public-DraftStyleDefault-reset public-DraftStyleDefault-depth0 public-DraftStyleDefault-listLTR\" data-block=\"true\" data-editor=\"fi8h\" data-offset-key=\"fjugc-0-0\">\n<div class=\"public-DraftStyleDefault-block public-DraftStyleDefault-ltr\" data-offset-key=\"fjugc-0-0\"><span data-offset-key=\"fjugc-0-0\">Referans: RS130<\/span><\/div>\n<\/li>\n<\/ul>\n<div class=\"\" data-block=\"true\" data-editor=\"fi8h\" data-offset-key=\"epk0b-0-0\">\n<div class=\"public-DraftStyleDefault-block public-DraftStyleDefault-ltr\" data-offset-key=\"epk0b-0-0\"><span data-offset-key=\"epk0b-0-0\">\u00a0<\/span><\/div>\n<\/div>\n<ul class=\"public-DraftStyleDefault-ul\" data-offset-key=\"cf45v-0-0\">\n<li class=\"public-DraftStyleDefault-unorderedListItem public-DraftStyleDefault-reset public-DraftStyleDefault-depth0 public-DraftStyleDefault-listLTR\" data-block=\"true\" data-editor=\"fi8h\" data-offset-key=\"cf45v-0-0\">\n<div class=\"public-DraftStyleDefault-block public-DraftStyleDefault-ltr\" data-offset-key=\"cf45v-0-0\"><span data-offset-key=\"cf45v-0-0\">ADEDI: 10000 ADET<\/span><\/div>\n<\/li>\n<\/ul>\n<div class=\"\" data-block=\"true\" data-editor=\"fi8h\" data-offset-key=\"ft4ih-0-0\">\n<div class=\"public-DraftStyleDefault-block public-DraftStyleDefault-ltr\" data-offset-key=\"ft4ih-0-0\"><span data-offset-key=\"ft4ih-0-0\">\u00a0<\/span><\/div>\n<\/div>\n<ul class=\"public-DraftStyleDefault-ul\" data-offset-key=\"40v8m-0-0\">\n<li class=\"public-DraftStyleDefault-unorderedListItem public-DraftStyleDefault-reset public-DraftStyleDefault-depth0 public-DraftStyleDefault-listLTR\" data-block=\"true\" data-editor=\"fi8h\" data-offset-key=\"40v8m-0-0\">\n<div class=\"public-DraftStyleDefault-block public-DraftStyleDefault-ltr\" data-offset-key=\"40v8m-0-0\"><span data-offset-key=\"40v8m-0-0\">Kapasite: 700ml<\/span><\/div>\n<\/li>\n<\/ul>\n<div class=\"\" data-block=\"true\" data-editor=\"fi8h\" data-offset-key=\"28d71-0-0\">\n<div class=\"public-DraftStyleDefault-block public-DraftStyleDefault-ltr\" data-offset-key=\"28d71-0-0\"><span data-offset-key=\"28d71-0-0\">\u00a0<\/span><\/div>\n<\/div>\n<ul class=\"public-DraftStyleDefault-ul\" data-offset-key=\"74udu-0-0\">\n<li class=\"public-DraftStyleDefault-unorderedListItem public-DraftStyleDefault-reset public-DraftStyleDefault-depth0 public-DraftStyleDefault-listLTR\" data-block=\"true\" data-editor=\"fi8h\" data-offset-key=\"74udu-0-0\">\n<div class=\"public-DraftStyleDefault-block public-DraftStyleDefault-ltr\" data-offset-key=\"74udu-0-0\"><span data-offset-key=\"74udu-0-0\">Adet\/Ctn: 24 adet<\/span><\/div>\n<\/li>\n<\/ul>\n<div class=\"\" data-block=\"true\" data-editor=\"fi8h\" data-offset-key=\"brga9-0-0\">\n<div class=\"public-DraftStyleDefault-block public-DraftStyleDefault-ltr\" data-offset-key=\"brga9-0-0\"><span data-offset-key=\"brga9-0-0\">\u00a0<\/span><\/div>\n<\/div>\n<ul class=\"public-DraftStyleDefault-ul\" data-offset-key=\"4fp1t-0-0\">\n<li class=\"public-DraftStyleDefault-unorderedListItem public-DraftStyleDefault-reset public-DraftStyleDefault-depth0 public-DraftStyleDefault-listLTR\" data-block=\"true\" data-editor=\"fi8h\" data-offset-key=\"4fp1t-0-0\">\n<div class=\"public-DraftStyleDefault-block public-DraftStyleDefault-ltr\" data-offset-key=\"4fp1t-0-0\"><span data-offset-key=\"4fp1t-0-0\">Yerin k\u00f6keni: Shandong, \u00c7in<\/span><\/div>\n<\/li>\n<\/ul>\n<div class=\"\" data-block=\"true\" data-editor=\"fi8h\" data-offset-key=\"29k1f-0-0\">\n<div class=\"public-DraftStyleDefault-block public-DraftStyleDefault-ltr\" data-offset-key=\"29k1f-0-0\"><span data-offset-key=\"29k1f-0-0\">\u00a0<\/span><\/div>\n<\/div>\n<ul class=\"public-DraftStyleDefault-ul\" data-offset-key=\"7jph2-0-0\">\n<li class=\"public-DraftStyleDefault-unorderedListItem public-DraftStyleDefault-reset public-DraftStyleDefault-depth0 public-DraftStyleDefault-listLTR\" data-block=\"true\" data-editor=\"fi8h\" data-offset-key=\"7jph2-0-0\">\n<div class=\"public-DraftStyleDefault-block public-DraftStyleDefault-ltr\" data-offset-key=\"7jph2-0-0\"><span data-offset-key=\"7jph2-0-0\">\u00d6zellik: <\/span><span class=\"adverb\"><span data-offset-key=\"7jph2-1-0\">\u00c7evre dostu<\/span><\/span><\/div>\n<\/li>\n<\/ul>\n<div class=\"\" data-block=\"true\" data-editor=\"fi8h\" data-offset-key=\"eaha3-0-0\">\n<div class=\"public-DraftStyleDefault-block public-DraftStyleDefault-ltr\" data-offset-key=\"eaha3-0-0\">B\u00fcy\u00fck bir \u015fi\u015fe \u00fcreticisi olarak, ki\u015fiselle\u015ftirilmi\u015f Brandy \u015fi\u015fe hizmetleri ve OEM hizmetleri de sunuyoruz. M\u00fc\u015fterilerimiz \u015fi\u015fe, Louis 13 Brandy \u015fi\u015feleri, Remy Martin Brandy \u015fi\u015feleri vb. sipari\u015f edebilirler.<\/div>\n<div class=\"public-DraftStyleDefault-block public-DraftStyleDefault-ltr\" data-offset-key=\"eaha3-0-0\">XO \u015fi\u015fe fiyat\u0131m\u0131z\u0131 veya 700ml XO \u015fi\u015fe \u00fcreticisi Ruishneg'den toptan Brendi \u015fi\u015felerini \u00f6\u011frenmek istiyorsan\u0131z, l\u00fctfen bize ula\u015f\u0131n. Size en k\u0131sa s\u00fcrede cevap verece\u011fiz ve sizin i\u00e7in elimizden gelenin en iyisini yapaca\u011f\u0131z.<\/div>\n<\/div>","protected":false},"excerpt":{"rendered":"<table class=\"tg\">\n<tbody>\n<tr>\n<th class=\"tg-24i8\" colspan=\"2\">Cam \u015ei\u015fe \u0130malat\u0131nda 700ml XO Cam \u015ei\u015feler<\/th>\n<\/tr>\n<tr>\n<td class=\"tg-b7b8\">Referans:<\/td>\n<td class=\"tg-b7b8\">RS130<\/td>\n<\/tr>\n<tr>\n<td class=\"tg-yw4l\">Ana malzeme:<\/td>\n<td class=\"tg-yw4l\">Y\u00fcksek \u00e7akmakta\u015f\u0131 cam<\/td>\n<\/tr>\n<tr>\n<td class=\"tg-b7b8\">Kaptan:<\/td>\n<td class=\"tg-b7b8\">Mantar<\/td>\n<\/tr>\n<tr>\n<td class=\"tg-yw4l\">Kapasite:<\/td>\n<td class=\"tg-yw4l\">250ml 500ml 750ml 1000ml<\/td>\n<\/tr>\n<tr>\n<td class=\"tg-b7b8\">\u00d6zellik:<\/td>\n<td class=\"tg-b7b8\">\u00c7evre dostu<\/td>\n<\/tr>\n<tr>\n<td class=\"tg-yw4l\">ADEDI:<\/td>\n<td class=\"tg-yw4l\">10000 ADET<\/td>\n<\/tr>\n<tr>\n<td class=\"tg-b7b8\">Nakliye yolu:<\/td>\n<td class=\"tg-b7b8\">Gemi, Ekspres<\/td>\n<\/tr>\n<tr>\n<td class=\"tg-yw4l\">OEM\/ODM:<\/td>\n<td class=\"tg-yw4l\">Ho\u015f geldiniz<\/td>\n<\/tr>\n<tr>\n<td class=\"tg-b7b8\">Yerin k\u00f6keni:<\/td>\n<td class=\"tg-b7b8\">Shandong, \u00c7in<\/td>\n<\/tr>\n<tr>\n<td class=\"tg-yw4l\">Adet\/Ktn:<\/td>\n<td class=\"tg-yw4l\">24 adet<\/td>\n<\/tr>\n<\/tbody>\n<\/table>","protected":false},"featured_media":4138,"comment_status":"closed","ping_status":"closed","template":"","meta":[],"product_cat":[44,58],"class_list":{"0":"post-4137","1":"product","2":"type-product","3":"status-publish","4":"has-post-thumbnail","6":"product_cat-700ml-liquor-bottle-manufacturer","7":"product_cat-brandy-bottle","9":"first","10":"instock","11":"shipping-taxable","12":"product-type-simple"},"yoast_head":"<!-- This site is optimized with the Yoast SEO plugin v22.0 - https:\/\/yoast.com\/wordpress\/plugins\/seo\/ -->\n<title>700ml XO Bottle Price | Brandy Bottle For Sale<\/title>\n<meta name=\"description\" content=\"Do you want to get 700ml XO Bottle Price From China Liquor Bottle Manufacturer? Ruisheng, wholesale Brandy bottle for sale with factory outlet price.\" \/>\n<meta name=\"robots\" content=\"index, follow, max-snippet:-1, max-image-preview:large, max-video-preview:-1\" \/>\n<link rel=\"canonical\" href=\"https:\/\/ruishengglassco.com\/tr\/urun\/rs130-700ml-xo-cam-si\u0307seler-cam-si\u0307se-ureti\u0307mleri\u0307nde\" \/>\n<meta property=\"og:locale\" content=\"tr_TR\" \/>\n<meta property=\"og:type\" content=\"article\" \/>\n<meta property=\"og:title\" content=\"700ml XO Bottle Price | Brandy Bottle For Sale\" \/>\n<meta property=\"og:description\" content=\"Do you want to get 700ml XO Bottle Price From China Liquor Bottle Manufacturer? Ruisheng, wholesale Brandy bottle for sale with factory outlet price.\" \/>\n<meta property=\"og:url\" content=\"https:\/\/ruishengglassco.com\/tr\/urun\/rs130-700ml-xo-cam-si\u0307seler-cam-si\u0307se-ureti\u0307mleri\u0307nde\" \/>\n<meta property=\"article:publisher\" content=\"https:\/\/www.facebook.com\/ruishengglassbottles\" \/>\n<meta property=\"article:modified_time\" content=\"2025-07-16T06:55:02+00:00\" \/>\n<meta property=\"og:image\" content=\"https:\/\/ruishengglassco.com\/wp-content\/uploads\/2025\/03\/700ml-XO-Glass-Bottles-in-Glass-Bottle-Manufactures.webp\" \/>\n\t<meta property=\"og:image:width\" content=\"800\" \/>\n\t<meta property=\"og:image:height\" content=\"800\" \/>\n\t<meta property=\"og:image:type\" content=\"image\/webp\" \/>\n<meta name=\"twitter:card\" content=\"summary_large_image\" \/>\n<meta name=\"twitter:label1\" content=\"Tahmini okuma s\u00fcresi\" \/>\n\t<meta name=\"twitter:data1\" content=\"2 dakika\" \/>\n<script type=\"application\/ld+json\" class=\"yoast-schema-graph\">{\"@context\":\"https:\/\/schema.org\",\"@graph\":[{\"@type\":\"WebPage\",\"@id\":\"https:\/\/ruishengglassco.com\/product\/rs130-700ml-xo-glass-bottles-in-glass-bottle-manufactures\",\"url\":\"https:\/\/ruishengglassco.com\/product\/rs130-700ml-xo-glass-bottles-in-glass-bottle-manufactures\",\"name\":\"700ml XO Bottle Price | Brandy Bottle For Sale\",\"isPartOf\":{\"@id\":\"https:\/\/ruishengglassco.com\/#website\"},\"datePublished\":\"2025-03-14T02:54:15+00:00\",\"dateModified\":\"2025-07-16T06:55:02+00:00\",\"description\":\"Do you want to get 700ml XO Bottle Price From China Liquor Bottle Manufacturer? Ruisheng, wholesale Brandy bottle for sale with factory outlet price.\",\"breadcrumb\":{\"@id\":\"https:\/\/ruishengglassco.com\/product\/rs130-700ml-xo-glass-bottles-in-glass-bottle-manufactures#breadcrumb\"},\"inLanguage\":\"tr\",\"potentialAction\":[{\"@type\":\"ReadAction\",\"target\":[\"https:\/\/ruishengglassco.com\/product\/rs130-700ml-xo-glass-bottles-in-glass-bottle-manufactures\"]}]},{\"@type\":\"BreadcrumbList\",\"@id\":\"https:\/\/ruishengglassco.com\/product\/rs130-700ml-xo-glass-bottles-in-glass-bottle-manufactures#breadcrumb\",\"itemListElement\":[{\"@type\":\"ListItem\",\"position\":1,\"name\":\"Home\",\"item\":\"https:\/\/ruishengglassco.com\/\"},{\"@type\":\"ListItem\",\"position\":2,\"name\":\"Products\",\"item\":\"https:\/\/ruishengglassco.com\/products\"},{\"@type\":\"ListItem\",\"position\":3,\"name\":\"RS130: 700ml XO Glass Bottles in Glass Bottle Manufactures\"}]},{\"@type\":\"WebSite\",\"@id\":\"https:\/\/ruishengglassco.com\/#website\",\"url\":\"https:\/\/ruishengglassco.com\/\",\"name\":\"Ruisheng Glass\",\"description\":\"\",\"publisher\":{\"@id\":\"https:\/\/ruishengglassco.com\/#organization\"},\"potentialAction\":[{\"@type\":\"SearchAction\",\"target\":{\"@type\":\"EntryPoint\",\"urlTemplate\":\"https:\/\/ruishengglassco.com\/?s={search_term_string}\"},\"query-input\":\"required name=search_term_string\"}],\"inLanguage\":\"tr\"},{\"@type\":\"Organization\",\"@id\":\"https:\/\/ruishengglassco.com\/#organization\",\"name\":\"Shandong Yuncheng Ruisheng Glass Co., Ltd\",\"url\":\"https:\/\/ruishengglassco.com\/\",\"logo\":{\"@type\":\"ImageObject\",\"inLanguage\":\"tr\",\"@id\":\"https:\/\/ruishengglassco.com\/#\/schema\/logo\/image\/\",\"url\":\"https:\/\/ruishengglassco.com\/wp-content\/uploads\/2023\/09\/ruisheng_logo_icon.webp\",\"contentUrl\":\"https:\/\/ruishengglassco.com\/wp-content\/uploads\/2023\/09\/ruisheng_logo_icon.webp\",\"width\":400,\"height\":233,\"caption\":\"Shandong Yuncheng Ruisheng Glass Co., Ltd\"},\"image\":{\"@id\":\"https:\/\/ruishengglassco.com\/#\/schema\/logo\/image\/\"},\"sameAs\":[\"https:\/\/www.facebook.com\/ruishengglassbottles\",\"https:\/\/www.instagram.com\/Ruishengglassbottlewholesales\/\",\"https:\/\/www.youtube.com\/channel\/UCMmbMNGwsL-XrtjfSFLCdVQ\"]}]}<\/script>\n<!-- \/ Yoast SEO plugin. -->","yoast_head_json":{"title":"700ml XO Bottle Price | Brandy Bottle For Sale","description":"Do you want to get 700ml XO Bottle Price From China Liquor Bottle Manufacturer? Ruisheng, wholesale Brandy bottle for sale with factory outlet price.","robots":{"index":"index","follow":"follow","max-snippet":"max-snippet:-1","max-image-preview":"max-image-preview:large","max-video-preview":"max-video-preview:-1"},"canonical":"https:\/\/ruishengglassco.com\/tr\/urun\/rs130-700ml-xo-cam-si\u0307seler-cam-si\u0307se-ureti\u0307mleri\u0307nde","og_locale":"tr_TR","og_type":"article","og_title":"700ml XO Bottle Price | Brandy Bottle For Sale","og_description":"Do you want to get 700ml XO Bottle Price From China Liquor Bottle Manufacturer? Ruisheng, wholesale Brandy bottle for sale with factory outlet price.","og_url":"https:\/\/ruishengglassco.com\/tr\/urun\/rs130-700ml-xo-cam-si\u0307seler-cam-si\u0307se-ureti\u0307mleri\u0307nde","article_publisher":"https:\/\/www.facebook.com\/ruishengglassbottles","article_modified_time":"2025-07-16T06:55:02+00:00","og_image":[{"width":800,"height":800,"url":"https:\/\/ruishengglassco.com\/wp-content\/uploads\/2025\/03\/700ml-XO-Glass-Bottles-in-Glass-Bottle-Manufactures.webp","type":"image\/webp"}],"twitter_card":"summary_large_image","twitter_misc":{"Tahmini okuma s\u00fcresi":"2 dakika"},"schema":{"@context":"https:\/\/schema.org","@graph":[{"@type":"WebPage","@id":"https:\/\/ruishengglassco.com\/product\/rs130-700ml-xo-glass-bottles-in-glass-bottle-manufactures","url":"https:\/\/ruishengglassco.com\/product\/rs130-700ml-xo-glass-bottles-in-glass-bottle-manufactures","name":"700ml XO Bottle Price | Brandy Bottle For Sale","isPartOf":{"@id":"https:\/\/ruishengglassco.com\/#website"},"datePublished":"2025-03-14T02:54:15+00:00","dateModified":"2025-07-16T06:55:02+00:00","description":"Do you want to get 700ml XO Bottle Price From China Liquor Bottle Manufacturer? Ruisheng, wholesale Brandy bottle for sale with factory outlet price.","breadcrumb":{"@id":"https:\/\/ruishengglassco.com\/product\/rs130-700ml-xo-glass-bottles-in-glass-bottle-manufactures#breadcrumb"},"inLanguage":"tr","potentialAction":[{"@type":"ReadAction","target":["https:\/\/ruishengglassco.com\/product\/rs130-700ml-xo-glass-bottles-in-glass-bottle-manufactures"]}]},{"@type":"BreadcrumbList","@id":"https:\/\/ruishengglassco.com\/product\/rs130-700ml-xo-glass-bottles-in-glass-bottle-manufactures#breadcrumb","itemListElement":[{"@type":"ListItem","position":1,"name":"Home","item":"https:\/\/ruishengglassco.com\/"},{"@type":"ListItem","position":2,"name":"Products","item":"https:\/\/ruishengglassco.com\/products"},{"@type":"ListItem","position":3,"name":"RS130: 700ml XO Glass Bottles in Glass Bottle Manufactures"}]},{"@type":"WebSite","@id":"https:\/\/ruishengglassco.com\/#website","url":"https:\/\/ruishengglassco.com\/","name":"Ruisheng Glass","description":"","publisher":{"@id":"https:\/\/ruishengglassco.com\/#organization"},"potentialAction":[{"@type":"SearchAction","target":{"@type":"EntryPoint","urlTemplate":"https:\/\/ruishengglassco.com\/?s={search_term_string}"},"query-input":"required name=search_term_string"}],"inLanguage":"tr"},{"@type":"Organization","@id":"https:\/\/ruishengglassco.com\/#organization","name":"Shandong Yuncheng Ruisheng Glass Co., Ltd","url":"https:\/\/ruishengglassco.com\/","logo":{"@type":"ImageObject","inLanguage":"tr","@id":"https:\/\/ruishengglassco.com\/#\/schema\/logo\/image\/","url":"https:\/\/ruishengglassco.com\/wp-content\/uploads\/2023\/09\/ruisheng_logo_icon.webp","contentUrl":"https:\/\/ruishengglassco.com\/wp-content\/uploads\/2023\/09\/ruisheng_logo_icon.webp","width":400,"height":233,"caption":"Shandong Yuncheng Ruisheng Glass Co., Ltd"},"image":{"@id":"https:\/\/ruishengglassco.com\/#\/schema\/logo\/image\/"},"sameAs":["https:\/\/www.facebook.com\/ruishengglassbottles","https:\/\/www.instagram.com\/Ruishengglassbottlewholesales\/","https:\/\/www.youtube.com\/channel\/UCMmbMNGwsL-XrtjfSFLCdVQ"]}]}},"_links":{"self":[{"href":"https:\/\/ruishengglassco.com\/tr\/wp-json\/wp\/v2\/product\/4137","targetHints":{"allow":["GET"]}}],"collection":[{"href":"https:\/\/ruishengglassco.com\/tr\/wp-json\/wp\/v2\/product"}],"about":[{"href":"https:\/\/ruishengglassco.com\/tr\/wp-json\/wp\/v2\/types\/product"}],"replies":[{"embeddable":true,"href":"https:\/\/ruishengglassco.com\/tr\/wp-json\/wp\/v2\/comments?post=4137"}],"wp:featuredmedia":[{"embeddable":true,"href":"https:\/\/ruishengglassco.com\/tr\/wp-json\/wp\/v2\/media\/4138"}],"wp:attachment":[{"href":"https:\/\/ruishengglassco.com\/tr\/wp-json\/wp\/v2\/media?parent=4137"}],"wp:term":[{"taxonomy":"product_cat","embeddable":true,"href":"https:\/\/ruishengglassco.com\/tr\/wp-json\/wp\/v2\/product_cat?post=4137"}],"curies":[{"name":"wp","href":"https:\/\/api.w.org\/{rel}","templated":true}]}}