{"id":4135,"date":"2025-03-14T10:31:42","date_gmt":"2025-03-14T02:31:42","guid":{"rendered":"https:\/\/ruishengglassco.com\/?post_type=product&#038;p=4135"},"modified":"2025-07-16T14:50:10","modified_gmt":"2025-07-16T06:50:10","slug":"rs134-geri-donusturulmus-50cl-cam-sise-ureticisi","status":"publish","type":"product","link":"https:\/\/ruishengglassco.com\/tr\/urun\/rs134-geri-donusturulmus-50cl-cam-sise-ureticisi","title":{"rendered":"RS134: Geri D\u00f6n\u00fc\u015ft\u00fcr\u00fclm\u00fc\u015f 50cl Cam \u015ei\u015feler \u00dcreticisi"},"content":{"rendered":"<p><span data-preserver-spaces=\"true\">Geri d\u00f6n\u00fc\u015ft\u00fcr\u00fclm\u00fc\u015f lik\u00f6r \u015fi\u015feleri en \u00e7ok satan \u00fcr\u00fcnlerimizden biridir. Bu cam \u015fi\u015feler standart bir \u015fekilde mevcuttur, ancak uygulamalar\u0131 \u00e7ok \u00e7e\u015fitlidir. <\/span><span data-preserver-spaces=\"true\">Bu bo\u015f i\u00e7ki \u015fi\u015fesi kullan\u0131labilir<\/span><span data-preserver-spaces=\"true\"> Votka, viski, brendi, zeytinya\u011f\u0131, su ve di\u011fer s\u0131v\u0131lar\u0131 tutmak i\u00e7in.<\/span><\/p>\n<p><span data-preserver-spaces=\"true\">Bu geri d\u00f6n\u00fc\u015ft\u00fcr\u00fclm\u00fc\u015f cam \u015fi\u015fe kristal beyaz bir cam malzemedir. Cam \u015fi\u015fe y\u00fczeyinde \u00e7ok net ve p\u00fcr\u00fczs\u00fczd\u00fcr. Ve bu 50cl cam \u015fi\u015fe toptan sat\u0131\u015f\u0131 \u00e7ok dayan\u0131kl\u0131d\u0131r. Ta\u015f\u0131ma s\u0131ras\u0131nda k\u0131r\u0131lma oran\u0131 di\u011fer cam \u015fi\u015felere k\u0131yasla en d\u00fc\u015f\u00fckt\u00fcr.<\/span><\/p>\n<h4><span data-preserver-spaces=\"true\">Bu 50cl Geri D\u00f6n\u00fc\u015ft\u00fcr\u00fclm\u00fc\u015f Lik\u00f6r \u015ei\u015felerinin Detaylar\u0131.<\/span><\/h4>\n<p><span data-preserver-spaces=\"true\">Bu geri d\u00f6n\u00fc\u015ft\u00fcr\u00fclm\u00fc\u015f bo\u015f lik\u00f6r \u015fi\u015fesi toptan 580 gr a\u011f\u0131rl\u0131\u011f\u0131ndad\u0131r. A\u011f\u0131r bir tabana sahip olan cam \u015fi\u015feler, \u00fcr\u00fcn\u00fcn\u00fcz\u00fcn de y\u00fcksek kaliteli g\u00f6r\u00fcnmesini sa\u011flayacak \u015fekilde birinci s\u0131n\u0131f g\u00f6r\u00fcn\u00fcr.<\/span><\/p>\n<p><span data-preserver-spaces=\"true\">Geri kazan\u0131labilir cam \u015fi\u015fenin boyutu 71,2x 250 mm'dir. Kapak \u00e7ap\u0131 19,2 mm'dir. Bu geri d\u00f6n\u00fc\u015ft\u00fcr\u00fclm\u00fc\u015f cam \u015fi\u015fe <\/span><span data-preserver-spaces=\"true\">tasarlanm\u0131\u015ft\u0131r<\/span><span data-preserver-spaces=\"true\"> 18,5 mm T-mantar ile kullan\u0131m i\u00e7indir.<\/span><\/p>\n<p><span data-preserver-spaces=\"true\">Bu lik\u00f6r cam \u015fi\u015fesi i\u00e7in standart paketleme y\u00f6ntemi ihracat kartonudur. M\u00fc\u015fterinin \u00f6zel renkli kutu talebine ba\u011fl\u0131 olarak karton ba\u015f\u0131na genellikle 24, 20, 12 veya 6 adet bulunur.<\/span><\/p>\n<p><span data-preserver-spaces=\"true\">Zamandan ve i\u015f g\u00fcc\u00fcnden tasarruf etmek istiyorsan\u0131z, cam \u015fi\u015feleri paketlemek i\u00e7in palet kullanabiliriz. Paletimiz f\u00fcmigasyonsuzdur ve boyutu yakla\u015f\u0131k 100 x 120 cm'dir.  Paletin y\u00fcksekli\u011fi <\/span><span data-preserver-spaces=\"true\">dayanmaktad\u0131r<\/span><span data-preserver-spaces=\"true\"> cam \u015fi\u015fenin ve kab\u0131n y\u00fcksekli\u011fine ba\u011fl\u0131d\u0131r.<\/span><\/p>\n<p><span data-preserver-spaces=\"true\">\u015eeffaf cam \u015fi\u015feleri tek ba\u015f\u0131na palet \u00fczerinde veya karton ve paletle birlikte paketleyebiliriz. <\/span><span data-preserver-spaces=\"true\">Bu<\/span><span data-preserver-spaces=\"true\"> m\u00fc\u015fteri talebine g\u00f6redir.<\/span><\/p>\n<p><span data-preserver-spaces=\"true\">Fabrikam\u0131zda bir\u00e7ok tasar\u0131mc\u0131 oldu\u011fundan, OEM sipari\u015flerini de kabul edebiliriz. Geri d\u00f6n\u00fc\u015ft\u00fcr\u00fclm\u00fc\u015f 50cl cam \u015fi\u015fe fikrinizi veya \u00e7iziminizi bizimle payla\u015fabilirsiniz, biz de sizin i\u00e7in tasarlay\u0131p \u00fcretebiliriz.<\/span><\/p>\n<p><span data-preserver-spaces=\"true\">Bu 50cl'lik geri d\u00f6n\u00fc\u015ft\u00fcr\u00fclm\u00fc\u015f lik\u00f6r \u015fi\u015fesi fiyat\u0131yla ilgileniyorsan\u0131z veya bir <\/span><a class=\"editor-rtfLink\" href=\"https:\/\/rsglassbottle.com\/product-detail\/500ml-round-shape-painted-spirits-glass-bottles\/\" target=\"_blank\" rel=\"noopener\"><span data-preserver-spaces=\"true\">\u00f6zel cam \u015fi\u0307\u015fe<\/span><\/a><span data-preserver-spaces=\"true\">l\u00fctfen bizimle ileti\u015fime ge\u00e7in.<\/span><\/p>","protected":false},"excerpt":{"rendered":"<table class=\"tg\">\n<tbody>\n<tr>\n<th class=\"tg-yw4l\" colspan=\"2\">Geri D\u00f6n\u00fc\u015f\u00fcml\u00fc 50cl Cam \u015ei\u015feler Toptan Sat\u0131\u015f<\/th>\n<\/tr>\n<tr>\n<td class=\"tg-b7b8\">Referans:<\/td>\n<td class=\"tg-b7b8\">RS134<\/td>\n<\/tr>\n<tr>\n<td class=\"tg-yw4l\">Ana malzeme:<\/td>\n<td class=\"tg-yw4l\">Y\u00fcksek \u00e7akmakta\u015f\u0131 cam (bu malzeme kristal beyaz cam olarak da adland\u0131r\u0131l\u0131r)<\/td>\n<\/tr>\n<tr>\n<td class=\"tg-b7b8\">Kaptan:<\/td>\n<td class=\"tg-b7b8\">Mantar\/Karga kapa\u011f\u0131<\/td>\n<\/tr>\n<tr>\n<td class=\"tg-yw4l\">Kapasite:<\/td>\n<td class=\"tg-yw4l\">700ml<\/td>\n<\/tr>\n<tr>\n<td class=\"tg-b7b8\">\u00d6zellik:<\/td>\n<td class=\"tg-b7b8\">\u00c7evre dostu<\/td>\n<\/tr>\n<tr>\n<td class=\"tg-yw4l\">ADEDI:<\/td>\n<td class=\"tg-yw4l\">10000 ADET<\/td>\n<\/tr>\n<tr>\n<td class=\"tg-b7b8\">Paketleme \u015eekli:<\/td>\n<td class=\"tg-b7b8\">\u0130hracat standart karton \/ Palet\/ihracat standart karton ve palet<\/td>\n<\/tr>\n<tr>\n<td class=\"tg-yw4l\">OEM\/ODM:<\/td>\n<td class=\"tg-yw4l\">Ho\u015f geldiniz<\/td>\n<\/tr>\n<tr>\n<td class=\"tg-b7b8\">Yerin k\u00f6keni:<\/td>\n<td class=\"tg-b7b8\">Shandong, \u00c7in<\/td>\n<\/tr>\n<tr>\n<td class=\"tg-yw4l\">Adet\/Ktn:<\/td>\n<td class=\"tg-yw4l\">24 adet veya m\u00fc\u015fteri taleplerine g\u00f6re<\/td>\n<\/tr>\n<\/tbody>\n<\/table>","protected":false},"featured_media":4136,"comment_status":"closed","ping_status":"closed","template":"","meta":[],"product_cat":[15,48],"class_list":{"0":"post-4135","1":"product","2":"type-product","3":"status-publish","4":"has-post-thumbnail","6":"product_cat-glass-liquor-spirit-bottles","7":"product_cat-50ml-mini-liquor-bottle-manufacturer","9":"first","10":"instock","11":"shipping-taxable","12":"product-type-simple"},"yoast_head":"<!-- This site is optimized with the Yoast SEO plugin v22.0 - https:\/\/yoast.com\/wordpress\/plugins\/seo\/ -->\n<title>50cl Recycled Liquor Bottles | Empty Glass Bottles Manufacturer<\/title>\n<meta name=\"description\" content=\"Do you want to buy 50cl Recycled Liquor Bottles Bulk from China Empty Glass Bottles Manufacturer? Factory Outlet&amp;Wholesale Price. Get Quote Now.\" \/>\n<meta name=\"robots\" content=\"index, follow, max-snippet:-1, max-image-preview:large, max-video-preview:-1\" \/>\n<link rel=\"canonical\" href=\"https:\/\/ruishengglassco.com\/tr\/urun\/rs134-geri-donusturulmus-50cl-cam-sise-ureticisi\" \/>\n<meta property=\"og:locale\" content=\"tr_TR\" \/>\n<meta property=\"og:type\" content=\"article\" \/>\n<meta property=\"og:title\" content=\"50cl Recycled Liquor Bottles | Empty Glass Bottles Manufacturer\" \/>\n<meta property=\"og:description\" content=\"Do you want to buy 50cl Recycled Liquor Bottles Bulk from China Empty Glass Bottles Manufacturer? Factory Outlet&amp;Wholesale Price. Get Quote Now.\" \/>\n<meta property=\"og:url\" content=\"https:\/\/ruishengglassco.com\/tr\/urun\/rs134-geri-donusturulmus-50cl-cam-sise-ureticisi\" \/>\n<meta property=\"article:publisher\" content=\"https:\/\/www.facebook.com\/ruishengglassbottles\" \/>\n<meta property=\"article:modified_time\" content=\"2025-07-16T06:50:10+00:00\" \/>\n<meta property=\"og:image\" content=\"https:\/\/ruishengglassco.com\/wp-content\/uploads\/2025\/03\/Recycled-50cl-Glass-Bottles-Manufacturer.webp\" \/>\n\t<meta property=\"og:image:width\" content=\"400\" \/>\n\t<meta property=\"og:image:height\" content=\"400\" \/>\n\t<meta property=\"og:image:type\" content=\"image\/webp\" \/>\n<meta name=\"twitter:card\" content=\"summary_large_image\" \/>\n<meta name=\"twitter:label1\" content=\"Tahmini okuma s\u00fcresi\" \/>\n\t<meta name=\"twitter:data1\" content=\"2 dakika\" \/>\n<script type=\"application\/ld+json\" class=\"yoast-schema-graph\">{\"@context\":\"https:\/\/schema.org\",\"@graph\":[{\"@type\":\"WebPage\",\"@id\":\"https:\/\/ruishengglassco.com\/product\/rs134-recycled-50cl-glass-bottles-manufacturer\",\"url\":\"https:\/\/ruishengglassco.com\/product\/rs134-recycled-50cl-glass-bottles-manufacturer\",\"name\":\"50cl Recycled Liquor Bottles | Empty Glass Bottles Manufacturer\",\"isPartOf\":{\"@id\":\"https:\/\/ruishengglassco.com\/#website\"},\"datePublished\":\"2025-03-14T02:31:42+00:00\",\"dateModified\":\"2025-07-16T06:50:10+00:00\",\"description\":\"Do you want to buy 50cl Recycled Liquor Bottles Bulk from China Empty Glass Bottles Manufacturer? Factory Outlet&Wholesale Price. Get Quote Now.\",\"breadcrumb\":{\"@id\":\"https:\/\/ruishengglassco.com\/product\/rs134-recycled-50cl-glass-bottles-manufacturer#breadcrumb\"},\"inLanguage\":\"tr\",\"potentialAction\":[{\"@type\":\"ReadAction\",\"target\":[\"https:\/\/ruishengglassco.com\/product\/rs134-recycled-50cl-glass-bottles-manufacturer\"]}]},{\"@type\":\"BreadcrumbList\",\"@id\":\"https:\/\/ruishengglassco.com\/product\/rs134-recycled-50cl-glass-bottles-manufacturer#breadcrumb\",\"itemListElement\":[{\"@type\":\"ListItem\",\"position\":1,\"name\":\"Home\",\"item\":\"https:\/\/ruishengglassco.com\/\"},{\"@type\":\"ListItem\",\"position\":2,\"name\":\"Products\",\"item\":\"https:\/\/ruishengglassco.com\/products\"},{\"@type\":\"ListItem\",\"position\":3,\"name\":\"RS134: Recycled 50cl Glass Bottles Manufacturer\"}]},{\"@type\":\"WebSite\",\"@id\":\"https:\/\/ruishengglassco.com\/#website\",\"url\":\"https:\/\/ruishengglassco.com\/\",\"name\":\"Ruisheng Glass\",\"description\":\"\",\"publisher\":{\"@id\":\"https:\/\/ruishengglassco.com\/#organization\"},\"potentialAction\":[{\"@type\":\"SearchAction\",\"target\":{\"@type\":\"EntryPoint\",\"urlTemplate\":\"https:\/\/ruishengglassco.com\/?s={search_term_string}\"},\"query-input\":\"required name=search_term_string\"}],\"inLanguage\":\"tr\"},{\"@type\":\"Organization\",\"@id\":\"https:\/\/ruishengglassco.com\/#organization\",\"name\":\"Shandong Yuncheng Ruisheng Glass Co., Ltd\",\"url\":\"https:\/\/ruishengglassco.com\/\",\"logo\":{\"@type\":\"ImageObject\",\"inLanguage\":\"tr\",\"@id\":\"https:\/\/ruishengglassco.com\/#\/schema\/logo\/image\/\",\"url\":\"https:\/\/ruishengglassco.com\/wp-content\/uploads\/2023\/09\/ruisheng_logo_icon.webp\",\"contentUrl\":\"https:\/\/ruishengglassco.com\/wp-content\/uploads\/2023\/09\/ruisheng_logo_icon.webp\",\"width\":400,\"height\":233,\"caption\":\"Shandong Yuncheng Ruisheng Glass Co., Ltd\"},\"image\":{\"@id\":\"https:\/\/ruishengglassco.com\/#\/schema\/logo\/image\/\"},\"sameAs\":[\"https:\/\/www.facebook.com\/ruishengglassbottles\",\"https:\/\/www.instagram.com\/Ruishengglassbottlewholesales\/\",\"https:\/\/www.youtube.com\/channel\/UCMmbMNGwsL-XrtjfSFLCdVQ\"]}]}<\/script>\n<!-- \/ Yoast SEO plugin. -->","yoast_head_json":{"title":"50cl Recycled Liquor Bottles | Empty Glass Bottles Manufacturer","description":"Do you want to buy 50cl Recycled Liquor Bottles Bulk from China Empty Glass Bottles Manufacturer? Factory Outlet&Wholesale Price. Get Quote Now.","robots":{"index":"index","follow":"follow","max-snippet":"max-snippet:-1","max-image-preview":"max-image-preview:large","max-video-preview":"max-video-preview:-1"},"canonical":"https:\/\/ruishengglassco.com\/tr\/urun\/rs134-geri-donusturulmus-50cl-cam-sise-ureticisi","og_locale":"tr_TR","og_type":"article","og_title":"50cl Recycled Liquor Bottles | Empty Glass Bottles Manufacturer","og_description":"Do you want to buy 50cl Recycled Liquor Bottles Bulk from China Empty Glass Bottles Manufacturer? Factory Outlet&Wholesale Price. Get Quote Now.","og_url":"https:\/\/ruishengglassco.com\/tr\/urun\/rs134-geri-donusturulmus-50cl-cam-sise-ureticisi","article_publisher":"https:\/\/www.facebook.com\/ruishengglassbottles","article_modified_time":"2025-07-16T06:50:10+00:00","og_image":[{"width":400,"height":400,"url":"https:\/\/ruishengglassco.com\/wp-content\/uploads\/2025\/03\/Recycled-50cl-Glass-Bottles-Manufacturer.webp","type":"image\/webp"}],"twitter_card":"summary_large_image","twitter_misc":{"Tahmini okuma s\u00fcresi":"2 dakika"},"schema":{"@context":"https:\/\/schema.org","@graph":[{"@type":"WebPage","@id":"https:\/\/ruishengglassco.com\/product\/rs134-recycled-50cl-glass-bottles-manufacturer","url":"https:\/\/ruishengglassco.com\/product\/rs134-recycled-50cl-glass-bottles-manufacturer","name":"50cl Recycled Liquor Bottles | Empty Glass Bottles Manufacturer","isPartOf":{"@id":"https:\/\/ruishengglassco.com\/#website"},"datePublished":"2025-03-14T02:31:42+00:00","dateModified":"2025-07-16T06:50:10+00:00","description":"Do you want to buy 50cl Recycled Liquor Bottles Bulk from China Empty Glass Bottles Manufacturer? Factory Outlet&Wholesale Price. Get Quote Now.","breadcrumb":{"@id":"https:\/\/ruishengglassco.com\/product\/rs134-recycled-50cl-glass-bottles-manufacturer#breadcrumb"},"inLanguage":"tr","potentialAction":[{"@type":"ReadAction","target":["https:\/\/ruishengglassco.com\/product\/rs134-recycled-50cl-glass-bottles-manufacturer"]}]},{"@type":"BreadcrumbList","@id":"https:\/\/ruishengglassco.com\/product\/rs134-recycled-50cl-glass-bottles-manufacturer#breadcrumb","itemListElement":[{"@type":"ListItem","position":1,"name":"Home","item":"https:\/\/ruishengglassco.com\/"},{"@type":"ListItem","position":2,"name":"Products","item":"https:\/\/ruishengglassco.com\/products"},{"@type":"ListItem","position":3,"name":"RS134: Recycled 50cl Glass Bottles Manufacturer"}]},{"@type":"WebSite","@id":"https:\/\/ruishengglassco.com\/#website","url":"https:\/\/ruishengglassco.com\/","name":"Ruisheng Glass","description":"","publisher":{"@id":"https:\/\/ruishengglassco.com\/#organization"},"potentialAction":[{"@type":"SearchAction","target":{"@type":"EntryPoint","urlTemplate":"https:\/\/ruishengglassco.com\/?s={search_term_string}"},"query-input":"required name=search_term_string"}],"inLanguage":"tr"},{"@type":"Organization","@id":"https:\/\/ruishengglassco.com\/#organization","name":"Shandong Yuncheng Ruisheng Glass Co., Ltd","url":"https:\/\/ruishengglassco.com\/","logo":{"@type":"ImageObject","inLanguage":"tr","@id":"https:\/\/ruishengglassco.com\/#\/schema\/logo\/image\/","url":"https:\/\/ruishengglassco.com\/wp-content\/uploads\/2023\/09\/ruisheng_logo_icon.webp","contentUrl":"https:\/\/ruishengglassco.com\/wp-content\/uploads\/2023\/09\/ruisheng_logo_icon.webp","width":400,"height":233,"caption":"Shandong Yuncheng Ruisheng Glass Co., Ltd"},"image":{"@id":"https:\/\/ruishengglassco.com\/#\/schema\/logo\/image\/"},"sameAs":["https:\/\/www.facebook.com\/ruishengglassbottles","https:\/\/www.instagram.com\/Ruishengglassbottlewholesales\/","https:\/\/www.youtube.com\/channel\/UCMmbMNGwsL-XrtjfSFLCdVQ"]}]}},"_links":{"self":[{"href":"https:\/\/ruishengglassco.com\/tr\/wp-json\/wp\/v2\/product\/4135","targetHints":{"allow":["GET"]}}],"collection":[{"href":"https:\/\/ruishengglassco.com\/tr\/wp-json\/wp\/v2\/product"}],"about":[{"href":"https:\/\/ruishengglassco.com\/tr\/wp-json\/wp\/v2\/types\/product"}],"replies":[{"embeddable":true,"href":"https:\/\/ruishengglassco.com\/tr\/wp-json\/wp\/v2\/comments?post=4135"}],"wp:featuredmedia":[{"embeddable":true,"href":"https:\/\/ruishengglassco.com\/tr\/wp-json\/wp\/v2\/media\/4136"}],"wp:attachment":[{"href":"https:\/\/ruishengglassco.com\/tr\/wp-json\/wp\/v2\/media?parent=4135"}],"wp:term":[{"taxonomy":"product_cat","embeddable":true,"href":"https:\/\/ruishengglassco.com\/tr\/wp-json\/wp\/v2\/product_cat?post=4135"}],"curies":[{"name":"wp","href":"https:\/\/api.w.org\/{rel}","templated":true}]}}