{"id":4133,"date":"2025-03-14T09:46:43","date_gmt":"2025-03-14T01:46:43","guid":{"rendered":"https:\/\/ruishengglassco.com\/?post_type=product&#038;p=4133"},"modified":"2025-07-16T14:21:10","modified_gmt":"2025-07-16T06:21:10","slug":"rs135-1500ml-benzersiz-cam-sarap-siseleri","status":"publish","type":"product","link":"https:\/\/ruishengglassco.com\/tr\/urun\/rs135-1500ml-benzersiz-cam-sarap-siseleri","title":{"rendered":"RS135: 1500ml E\u015fsiz Cam \u015earap \u015ei\u015feleri"},"content":{"rendered":"<p>\u00c7inli lik\u00f6r \u015fi\u015fesi \u00fcreticilerinden toplu olarak 1,5 Litrelik \u015ei\u015fe sat\u0131n almak ister misiniz? Bu cam \u015fi\u015feler i\u00e7in y\u00fcksek \u00e7akmakta\u015f\u0131 cam malzeme kullan\u0131yoruz. Bu cam \u015fi\u015feler \u015farap \u015fi\u015feleri, votka \u015fi\u015feleri, brendi \u015fi\u015feleri ve di\u011fer lik\u00f6r \u015fi\u015feleri i\u00e7in kullan\u0131labilir.<\/p>\n<p>Bu 1.500 ml'lik benzersiz cam \u015farap \u015fi\u015fesi toptan sat\u0131\u015f\u0131, yass\u0131 bir \u015fekle sahiptir. M\u00fc\u015fterinin talebine g\u00f6re, bu \u015fi\u015feler \u00fczerinde \u00f6zel bir logo da olu\u015fturabiliriz. Bu \u015fi\u015fenin s\u0131zd\u0131rmazl\u0131k t\u00fcr\u00fc ah\u015fap mantard\u0131r. Bu mantar\u0131n di\u011fer yayg\u0131n mantarlardan daha b\u00fcy\u00fck bir boyuta ihtiyac\u0131 vard\u0131r.<\/p>\n<p>Bu 1500ml cam \u015farap \u015fi\u015feleri \u00fczerinde toptan derin i\u015fleme yapabiliriz. Bask\u0131 logolar\u0131, \u00e7\u0131kartmalar, don, resimler vb. gibi; hepimiz bunu cam \u015fi\u015feler \u00fczerinde yapabiliriz. Cam \u015fi\u015feler i\u00e7in \u00e7e\u015fitli boyut ve \u015fekillerde mantarlar da sunabiliriz.<br \/>Fabrikam\u0131zda 30 QC ve bir grup yetenekli m\u00fchendis dahil olmak \u00fczere 500'den fazla \u00e7al\u0131\u015fan bulunmaktad\u0131r. Kapsaml\u0131 deneyimimizle, cam \u015fi\u015felerimiz \u00e7ok say\u0131da \u00fclke ve b\u00f6lgeye sat\u0131lmaktad\u0131r ve d\u00fcnya \u00e7ap\u0131ndaki m\u00fc\u015fterilerimizle iyi bir \u00fcne kavu\u015ftuk.<\/p>\n<p>Bir cam \u015fi\u015fe \u00fcreticisi olarak, rekabet\u00e7i fiyatlarla bir dizi y\u00fcksek kaliteli cam \u015fi\u015fe sunuyoruz. \u015ei\u015felerinizi kendiniz yaratmak isterseniz, fikirlerinize ve \u00e7izimlerinize g\u00f6re tasarlamaktan ve \u00fcretmekten memnuniyet duyar\u0131z.<br \/>Amac\u0131m\u0131z y\u00fcksek kaliteli cam \u015fi\u015feler \u00fcretmek ve ola\u011fan\u00fcst\u00fc hizmet sunmakt\u0131r. Neye ihtiyac\u0131n\u0131z olursa olsun, size en iyi hizmeti sunmak i\u00e7in elimizden geleni yapaca\u011f\u0131z.<\/p>\n<h4>Toplu Olarak 1,5 Litre \u015ei\u015fe Sat\u0131n Al Hakk\u0131nda Bilgi<\/h4>\n<ul>\n<li>\u00dcr\u00fcn Kodu: 15ooml Benzersiz Cam \u015earap \u015ei\u015fesi Toptan Sat\u0131\u015f<\/li>\n<li>Ana malzeme: y\u00fcksek \u00e7akmakta\u015f\u0131 cam<\/li>\n<li>Kapak: B\u00fcy\u00fck boy ah\u015fap mantar<\/li>\n<li>Referans: RS135<\/li>\n<li>ADEDI: 10000 ADET<\/li>\n<li>Kapasite:1500ml<\/li>\n<li>Adet\/Ctn:15 adet<\/li>\n<li>Yerin k\u00f6keni: Shandong, \u00c7in<\/li>\n<li>\u00d6zellik: \u00c7evre dostu<\/li>\n<\/ul>\n<p>Toplu olarak 1,5 litrelik \u015fi\u015fe sat\u0131n almak veya OEM sipari\u015fi almak istiyorsan\u0131z, l\u00fctfen <a href=\"https:\/\/glassbottlewholesale.com\/contact\/\">Bize ula\u015f\u0131n.<\/a><\/p>","protected":false},"excerpt":{"rendered":"<p>\u00c7inli lik\u00f6r \u015fi\u015fesi \u00fcreticilerinden toplu olarak 1,5 Litrelik \u015ei\u015fe sat\u0131n almak ister misiniz? Bu cam \u015fi\u015feler i\u00e7in y\u00fcksek \u00e7akmakta\u015f\u0131 cam malzeme kullan\u0131yoruz. Bu cam \u015fi\u015feler \u015farap \u015fi\u015feleri, votka \u015fi\u015feleri, brendi \u015fi\u015feleri ve di\u011fer lik\u00f6r \u015fi\u015feleri i\u00e7in kullan\u0131labilir. Bu 1.500 ml'lik benzersiz cam \u015farap \u015fi\u015fesi, yass\u0131 bir \u015fekle sahiptir. Buna g\u00f6re...<\/p>","protected":false},"featured_media":4134,"comment_status":"closed","ping_status":"closed","template":"","meta":[],"product_cat":[15,49],"class_list":{"0":"post-4133","1":"product","2":"type-product","3":"status-publish","4":"has-post-thumbnail","6":"product_cat-glass-liquor-spirit-bottles","7":"product_cat-1500ml-liquor-bottle-manufacturer","9":"first","10":"instock","11":"shipping-taxable","12":"product-type-simple"},"yoast_head":"<!-- This site is optimized with the Yoast SEO plugin v22.0 - https:\/\/yoast.com\/wordpress\/plugins\/seo\/ -->\n<title>Buy 1.5 Liter Bottle | 1500ml Glass Bottle Manufacturer<\/title>\n<meta name=\"description\" content=\"Buy 1.5 Liter Bottle In Bulk From China Liquor Bottle Manufacturers. 1500ml Glass Wine Biottle Wholesale In Factory Outlet Price.\" \/>\n<meta name=\"robots\" content=\"index, follow, max-snippet:-1, max-image-preview:large, max-video-preview:-1\" \/>\n<link rel=\"canonical\" href=\"https:\/\/ruishengglassco.com\/tr\/urun\/rs135-1500ml-benzersiz-cam-sarap-siseleri\" \/>\n<meta property=\"og:locale\" content=\"tr_TR\" \/>\n<meta property=\"og:type\" content=\"article\" \/>\n<meta property=\"og:title\" content=\"Buy 1.5 Liter Bottle | 1500ml Glass Bottle Manufacturer\" \/>\n<meta property=\"og:description\" content=\"Buy 1.5 Liter Bottle In Bulk From China Liquor Bottle Manufacturers. 1500ml Glass Wine Biottle Wholesale In Factory Outlet Price.\" \/>\n<meta property=\"og:url\" content=\"https:\/\/ruishengglassco.com\/tr\/urun\/rs135-1500ml-benzersiz-cam-sarap-siseleri\" \/>\n<meta property=\"article:publisher\" content=\"https:\/\/www.facebook.com\/ruishengglassbottles\" \/>\n<meta property=\"article:modified_time\" content=\"2025-07-16T06:21:10+00:00\" \/>\n<meta property=\"og:image\" content=\"https:\/\/ruishengglassco.com\/wp-content\/uploads\/2025\/03\/1500ml-Unique-Glass-Wine-Bottles.webp\" \/>\n\t<meta property=\"og:image:width\" content=\"400\" \/>\n\t<meta property=\"og:image:height\" content=\"400\" \/>\n\t<meta property=\"og:image:type\" content=\"image\/webp\" \/>\n<meta name=\"twitter:card\" content=\"summary_large_image\" \/>\n<meta name=\"twitter:label1\" content=\"Tahmini okuma s\u00fcresi\" \/>\n\t<meta name=\"twitter:data1\" content=\"1 dakika\" \/>\n<script type=\"application\/ld+json\" class=\"yoast-schema-graph\">{\"@context\":\"https:\/\/schema.org\",\"@graph\":[{\"@type\":\"WebPage\",\"@id\":\"https:\/\/ruishengglassco.com\/product\/rs135-1500ml-unique-glass-wine-bottles\",\"url\":\"https:\/\/ruishengglassco.com\/product\/rs135-1500ml-unique-glass-wine-bottles\",\"name\":\"Buy 1.5 Liter Bottle | 1500ml Glass Bottle Manufacturer\",\"isPartOf\":{\"@id\":\"https:\/\/ruishengglassco.com\/#website\"},\"datePublished\":\"2025-03-14T01:46:43+00:00\",\"dateModified\":\"2025-07-16T06:21:10+00:00\",\"description\":\"Buy 1.5 Liter Bottle In Bulk From China Liquor Bottle Manufacturers. 1500ml Glass Wine Biottle Wholesale In Factory Outlet Price.\",\"breadcrumb\":{\"@id\":\"https:\/\/ruishengglassco.com\/product\/rs135-1500ml-unique-glass-wine-bottles#breadcrumb\"},\"inLanguage\":\"tr\",\"potentialAction\":[{\"@type\":\"ReadAction\",\"target\":[\"https:\/\/ruishengglassco.com\/product\/rs135-1500ml-unique-glass-wine-bottles\"]}]},{\"@type\":\"BreadcrumbList\",\"@id\":\"https:\/\/ruishengglassco.com\/product\/rs135-1500ml-unique-glass-wine-bottles#breadcrumb\",\"itemListElement\":[{\"@type\":\"ListItem\",\"position\":1,\"name\":\"Home\",\"item\":\"https:\/\/ruishengglassco.com\/\"},{\"@type\":\"ListItem\",\"position\":2,\"name\":\"Products\",\"item\":\"https:\/\/ruishengglassco.com\/products\"},{\"@type\":\"ListItem\",\"position\":3,\"name\":\"RS135: 1500ml Unique Glass Wine Bottles\"}]},{\"@type\":\"WebSite\",\"@id\":\"https:\/\/ruishengglassco.com\/#website\",\"url\":\"https:\/\/ruishengglassco.com\/\",\"name\":\"Ruisheng Glass\",\"description\":\"\",\"publisher\":{\"@id\":\"https:\/\/ruishengglassco.com\/#organization\"},\"potentialAction\":[{\"@type\":\"SearchAction\",\"target\":{\"@type\":\"EntryPoint\",\"urlTemplate\":\"https:\/\/ruishengglassco.com\/?s={search_term_string}\"},\"query-input\":\"required name=search_term_string\"}],\"inLanguage\":\"tr\"},{\"@type\":\"Organization\",\"@id\":\"https:\/\/ruishengglassco.com\/#organization\",\"name\":\"Shandong Yuncheng Ruisheng Glass Co., Ltd\",\"url\":\"https:\/\/ruishengglassco.com\/\",\"logo\":{\"@type\":\"ImageObject\",\"inLanguage\":\"tr\",\"@id\":\"https:\/\/ruishengglassco.com\/#\/schema\/logo\/image\/\",\"url\":\"https:\/\/ruishengglassco.com\/wp-content\/uploads\/2023\/09\/ruisheng_logo_icon.webp\",\"contentUrl\":\"https:\/\/ruishengglassco.com\/wp-content\/uploads\/2023\/09\/ruisheng_logo_icon.webp\",\"width\":400,\"height\":233,\"caption\":\"Shandong Yuncheng Ruisheng Glass Co., Ltd\"},\"image\":{\"@id\":\"https:\/\/ruishengglassco.com\/#\/schema\/logo\/image\/\"},\"sameAs\":[\"https:\/\/www.facebook.com\/ruishengglassbottles\",\"https:\/\/www.instagram.com\/Ruishengglassbottlewholesales\/\",\"https:\/\/www.youtube.com\/channel\/UCMmbMNGwsL-XrtjfSFLCdVQ\"]}]}<\/script>\n<!-- \/ Yoast SEO plugin. -->","yoast_head_json":{"title":"Buy 1.5 Liter Bottle | 1500ml Glass Bottle Manufacturer","description":"Buy 1.5 Liter Bottle In Bulk From China Liquor Bottle Manufacturers. 1500ml Glass Wine Biottle Wholesale In Factory Outlet Price.","robots":{"index":"index","follow":"follow","max-snippet":"max-snippet:-1","max-image-preview":"max-image-preview:large","max-video-preview":"max-video-preview:-1"},"canonical":"https:\/\/ruishengglassco.com\/tr\/urun\/rs135-1500ml-benzersiz-cam-sarap-siseleri","og_locale":"tr_TR","og_type":"article","og_title":"Buy 1.5 Liter Bottle | 1500ml Glass Bottle Manufacturer","og_description":"Buy 1.5 Liter Bottle In Bulk From China Liquor Bottle Manufacturers. 1500ml Glass Wine Biottle Wholesale In Factory Outlet Price.","og_url":"https:\/\/ruishengglassco.com\/tr\/urun\/rs135-1500ml-benzersiz-cam-sarap-siseleri","article_publisher":"https:\/\/www.facebook.com\/ruishengglassbottles","article_modified_time":"2025-07-16T06:21:10+00:00","og_image":[{"width":400,"height":400,"url":"https:\/\/ruishengglassco.com\/wp-content\/uploads\/2025\/03\/1500ml-Unique-Glass-Wine-Bottles.webp","type":"image\/webp"}],"twitter_card":"summary_large_image","twitter_misc":{"Tahmini okuma s\u00fcresi":"1 dakika"},"schema":{"@context":"https:\/\/schema.org","@graph":[{"@type":"WebPage","@id":"https:\/\/ruishengglassco.com\/product\/rs135-1500ml-unique-glass-wine-bottles","url":"https:\/\/ruishengglassco.com\/product\/rs135-1500ml-unique-glass-wine-bottles","name":"Buy 1.5 Liter Bottle | 1500ml Glass Bottle Manufacturer","isPartOf":{"@id":"https:\/\/ruishengglassco.com\/#website"},"datePublished":"2025-03-14T01:46:43+00:00","dateModified":"2025-07-16T06:21:10+00:00","description":"Buy 1.5 Liter Bottle In Bulk From China Liquor Bottle Manufacturers. 1500ml Glass Wine Biottle Wholesale In Factory Outlet Price.","breadcrumb":{"@id":"https:\/\/ruishengglassco.com\/product\/rs135-1500ml-unique-glass-wine-bottles#breadcrumb"},"inLanguage":"tr","potentialAction":[{"@type":"ReadAction","target":["https:\/\/ruishengglassco.com\/product\/rs135-1500ml-unique-glass-wine-bottles"]}]},{"@type":"BreadcrumbList","@id":"https:\/\/ruishengglassco.com\/product\/rs135-1500ml-unique-glass-wine-bottles#breadcrumb","itemListElement":[{"@type":"ListItem","position":1,"name":"Home","item":"https:\/\/ruishengglassco.com\/"},{"@type":"ListItem","position":2,"name":"Products","item":"https:\/\/ruishengglassco.com\/products"},{"@type":"ListItem","position":3,"name":"RS135: 1500ml Unique Glass Wine Bottles"}]},{"@type":"WebSite","@id":"https:\/\/ruishengglassco.com\/#website","url":"https:\/\/ruishengglassco.com\/","name":"Ruisheng Glass","description":"","publisher":{"@id":"https:\/\/ruishengglassco.com\/#organization"},"potentialAction":[{"@type":"SearchAction","target":{"@type":"EntryPoint","urlTemplate":"https:\/\/ruishengglassco.com\/?s={search_term_string}"},"query-input":"required name=search_term_string"}],"inLanguage":"tr"},{"@type":"Organization","@id":"https:\/\/ruishengglassco.com\/#organization","name":"Shandong Yuncheng Ruisheng Glass Co., Ltd","url":"https:\/\/ruishengglassco.com\/","logo":{"@type":"ImageObject","inLanguage":"tr","@id":"https:\/\/ruishengglassco.com\/#\/schema\/logo\/image\/","url":"https:\/\/ruishengglassco.com\/wp-content\/uploads\/2023\/09\/ruisheng_logo_icon.webp","contentUrl":"https:\/\/ruishengglassco.com\/wp-content\/uploads\/2023\/09\/ruisheng_logo_icon.webp","width":400,"height":233,"caption":"Shandong Yuncheng Ruisheng Glass Co., Ltd"},"image":{"@id":"https:\/\/ruishengglassco.com\/#\/schema\/logo\/image\/"},"sameAs":["https:\/\/www.facebook.com\/ruishengglassbottles","https:\/\/www.instagram.com\/Ruishengglassbottlewholesales\/","https:\/\/www.youtube.com\/channel\/UCMmbMNGwsL-XrtjfSFLCdVQ"]}]}},"_links":{"self":[{"href":"https:\/\/ruishengglassco.com\/tr\/wp-json\/wp\/v2\/product\/4133","targetHints":{"allow":["GET"]}}],"collection":[{"href":"https:\/\/ruishengglassco.com\/tr\/wp-json\/wp\/v2\/product"}],"about":[{"href":"https:\/\/ruishengglassco.com\/tr\/wp-json\/wp\/v2\/types\/product"}],"replies":[{"embeddable":true,"href":"https:\/\/ruishengglassco.com\/tr\/wp-json\/wp\/v2\/comments?post=4133"}],"wp:featuredmedia":[{"embeddable":true,"href":"https:\/\/ruishengglassco.com\/tr\/wp-json\/wp\/v2\/media\/4134"}],"wp:attachment":[{"href":"https:\/\/ruishengglassco.com\/tr\/wp-json\/wp\/v2\/media?parent=4133"}],"wp:term":[{"taxonomy":"product_cat","embeddable":true,"href":"https:\/\/ruishengglassco.com\/tr\/wp-json\/wp\/v2\/product_cat?post=4133"}],"curies":[{"name":"wp","href":"https:\/\/api.w.org\/{rel}","templated":true}]}}