{"id":4131,"date":"2025-03-14T09:41:31","date_gmt":"2025-03-14T01:41:31","guid":{"rendered":"https:\/\/ruishengglassco.com\/?post_type=product&#038;p=4131"},"modified":"2026-01-05T09:07:54","modified_gmt":"2026-01-05T01:07:54","slug":"rs136-750ml-benzersiz-likor-surahisi-satilik-cam-sise","status":"publish","type":"product","link":"https:\/\/ruishengglassco.com\/tr\/urun\/rs136-750ml-benzersiz-likor-surahisi-satilik-cam-sise","title":{"rendered":"RS136: Sat\u0131l\u0131k 1000ml Benzersiz Lik\u00f6r Dekant\u00f6r\u00fc Cam \u015ei\u015fe"},"content":{"rendered":"<p>\u00c7in'in en b\u00fcy\u00fck bo\u015f lik\u00f6r s\u00fcrahisi \u00fcreticilerinden biri olan Ruisheng, 2009 y\u0131l\u0131ndan bu yana cam \u015fi\u015fe \u00fcretimine odaklanm\u0131\u015ft\u0131r. Bu e\u015fsiz cam \u015fi\u015feler sat\u0131l\u0131kt\u0131r. Y\u00fcksek \u00e7akmakta\u015f\u0131 camdan yap\u0131lm\u0131\u015ft\u0131r. Bu onlar\u0131 berrak, dayan\u0131kl\u0131 ve p\u00fcr\u00fczs\u00fcz hale getirir. Esas olarak y\u00fcksek kaliteli lik\u00f6r paketlemek i\u00e7in kullan\u0131l\u0131rlar.<\/p>\n<p>Sat\u0131l\u0131k 1000 ml'lik benzersiz bir lik\u00f6r \u015fi\u015femiz var. Ayr\u0131ca Brendi, Votka, Viski, Cin, Rom ve daha fazlas\u0131 i\u00e7in benzersiz cam \u015fi\u015feleri toptan sat\u0131yoruz. Bo\u015f cam ispirto \u015fi\u015felerinin yetenekli bir tedarik\u00e7isi olarak OEM \/ ODM hizmetleri sunuyoruz. Buna cam \u015fi\u015fe tasar\u0131m\u0131, logo bask\u0131s\u0131 ve \u00f6zel mantarlar dahildir.<\/p>\n<h4>Lik\u00f6r \u0130\u00e7in Toplu E\u015fsiz Cam \u015ei\u015fe<\/h4>\n<p>Cam \u015fi\u015fe ile ilgili bilgiler a\u015fa\u011f\u0131daki gibidir:<\/p>\n<ul>\n<li>Ana malzeme: y\u00fcksek \u00e7akmakta\u015f\u0131 cam<\/li>\n<li>Kapak: mantar<\/li>\n<li>Referans: RS136<\/li>\n<li>ADEDI: 10000 ADET<\/li>\n<li>Kapasite: 1000ml<\/li>\n<li>Adet\/Ctn: 24 adet<\/li>\n<li>Yerin k\u00f6keni: Shandong, \u00c7in<\/li>\n<li>\u00d6zellik: \u00c7evre dostu<\/li>\n<\/ul>\n<p data-block-id=\"c308a2be-d8aa-46f8-b690-e3349108e148\" data-pm-slice=\"1 1 []\">1000ml cam ispirto \u015fi\u015fesini farkl\u0131 \u015fekillerde sunuyoruz. Kalp \u015feklinde, kule \u015feklinde veya kafatas\u0131 \u015feklinde \u015fi\u015feler aras\u0131ndan se\u00e7im yapabilirsiniz.<\/p>\n<p data-block-id=\"38688893-bfb4-4968-97bd-5187795502b6\">On y\u0131ll\u0131k geli\u015ftirmeden sonra, 1000 ml'lik cam lik\u00f6r \u015fi\u015femiz \u015fu anda 30 \u00fclkeye ihra\u00e7 edilmektedir. Bunlar aras\u0131nda \u0130ngiltere, ABD, Avustralya, Kanada, Fransa, Almanya, \u0130spanya, Portekiz, M\u0131s\u0131r ve daha fazlas\u0131 bulunmaktad\u0131r. T\u00fcm \u00fcr\u00fcnler yenilik ve i\u015flevsellik a\u00e7\u0131s\u0131ndan y\u00fcksek bir \u00fcne sahiptir.<\/p>\n<p data-block-id=\"6487c633-639b-42df-80d4-58ff6419e278\">Fabrikam\u0131z\u0131 ziyaret etmeye ho\u015f geldiniz. E\u015fsiz \u015fi\u015felerimizi be\u011fenece\u011finizi ve sipari\u015f verece\u011finizi umuyoruz.<\/p>\n<p><span data-preserver-spaces=\"true\">Toplu lik\u00f6r s\u00fcrahisi sat\u0131n almakla ilgileniyorsan\u0131z, l\u00fctfen <\/span><a class=\"editor-rtfLink\" href=\"https:\/\/glassbottlewholesale.com\/contact\/\" target=\"_blank\" rel=\"noopener\"><span data-preserver-spaces=\"true\">bizimle ileti\u015fime ge\u00e7mekten \u00e7ekinmeyin<\/span><\/a><span data-preserver-spaces=\"true\">. Size 24 saat i\u00e7inde cevap verece\u011fiz.<\/span><\/p>","protected":false},"excerpt":{"rendered":"<p data-block-id=\"81d268da-2813-4ee7-996f-ec51961a3074\" data-pm-slice=\"1 1 []\">Moda trendleri gelip ge\u00e7icidir, ancak ger\u00e7ek zarafet her zaman moda olacakt\u0131r. Bu e\u015fsiz cam \u015fi\u015feler toplu olarak sat\u0131lmaktad\u0131r. M\u00fckemmel kaliteye ve klasik bir tarza sahiptirler. Ruhunuza \u015f\u0131kl\u0131k katacaklar. Dar boyunlu ve uyumlu mantar t\u0131pal\u0131 klasik tasar\u0131m, Viski, Votka, Brendi ve di\u011fer alkoll\u00fc i\u00e7ecekler i\u00e7in m\u00fckemmeldir.<\/p>\n<p>D\u00f6kme E\u015fsiz \u015eekilli Cam \u015ei\u015fe Bilgileri:<\/p>\n<ul>\n<li>Referans: RS136<\/li>\n<li><strong>OEM \/ ODM Hizmeti sunulmaktad\u0131r. Adedi: 10000 adet (10000 ADET)<\/strong><\/li>\n<li>Kapak: Mantar veya \u00f6zel<\/li>\n<li>Malzeme Y\u00fcksek Flint Cam<\/li>\n<li>\u015ei\u015fe Y\u00fcksekli\u011fi:155mm<\/li>\n<li>\u015ei\u015fe \u00c7ap\u0131: 56,5 mm<\/li>\n<\/ul>","protected":false},"featured_media":4132,"comment_status":"closed","ping_status":"closed","template":"","meta":[],"product_cat":[15,40],"class_list":{"0":"post-4131","1":"product","2":"type-product","3":"status-publish","4":"has-post-thumbnail","6":"product_cat-glass-liquor-spirit-bottles","7":"product_cat-750ml-liquor-bottle-manufacturer","9":"first","10":"instock","11":"shipping-taxable","12":"product-type-simple"},"yoast_head":"<!-- This site is optimized with the Yoast SEO plugin v22.0 - https:\/\/yoast.com\/wordpress\/plugins\/seo\/ -->\n<title>RS136: 1000ml Unique Liquor Decanter Glass Bottle for Sale<\/title>\n<meta name=\"description\" content=\"Buy Bulk Unique Glass Bottle For Sale From China Liquor Bottle Manufacturer. Factory Outlet 1000ml Glass Spirit Bottle Wholesale In Cheap Price.\" \/>\n<meta name=\"robots\" content=\"index, follow, max-snippet:-1, max-image-preview:large, max-video-preview:-1\" \/>\n<link rel=\"canonical\" href=\"https:\/\/ruishengglassco.com\/tr\/urun\/rs136-750ml-benzersiz-likor-surahisi-satilik-cam-sise\" \/>\n<meta property=\"og:locale\" content=\"tr_TR\" \/>\n<meta property=\"og:type\" content=\"article\" \/>\n<meta property=\"og:title\" content=\"RS136: 1000ml Unique Liquor Decanter Glass Bottle for Sale\" \/>\n<meta property=\"og:description\" content=\"Buy Bulk Unique Glass Bottle For Sale From China Liquor Bottle Manufacturer. Factory Outlet 1000ml Glass Spirit Bottle Wholesale In Cheap Price.\" \/>\n<meta property=\"og:url\" content=\"https:\/\/ruishengglassco.com\/tr\/urun\/rs136-750ml-benzersiz-likor-surahisi-satilik-cam-sise\" \/>\n<meta property=\"article:publisher\" content=\"https:\/\/www.facebook.com\/ruishengglassbottles\" \/>\n<meta property=\"article:modified_time\" content=\"2026-01-05T01:07:54+00:00\" \/>\n<meta property=\"og:image\" content=\"https:\/\/ruishengglassco.com\/wp-content\/uploads\/2025\/03\/750ml-Unique-Liquor-Decanter-Glass-Bottle-for-Sale.webp\" \/>\n\t<meta property=\"og:image:width\" content=\"400\" \/>\n\t<meta property=\"og:image:height\" content=\"400\" \/>\n\t<meta property=\"og:image:type\" content=\"image\/webp\" \/>\n<meta name=\"twitter:card\" content=\"summary_large_image\" \/>\n<meta name=\"twitter:label1\" content=\"Tahmini okuma s\u00fcresi\" \/>\n\t<meta name=\"twitter:data1\" content=\"2 dakika\" \/>\n<script type=\"application\/ld+json\" class=\"yoast-schema-graph\">{\"@context\":\"https:\/\/schema.org\",\"@graph\":[{\"@type\":\"WebPage\",\"@id\":\"https:\/\/ruishengglassco.com\/product\/rs136-750ml-unique-liquor-decanter-glass-bottle-for-sale\",\"url\":\"https:\/\/ruishengglassco.com\/product\/rs136-750ml-unique-liquor-decanter-glass-bottle-for-sale\",\"name\":\"RS136: 1000ml Unique Liquor Decanter Glass Bottle for Sale\",\"isPartOf\":{\"@id\":\"https:\/\/ruishengglassco.com\/#website\"},\"datePublished\":\"2025-03-14T01:41:31+00:00\",\"dateModified\":\"2026-01-05T01:07:54+00:00\",\"description\":\"Buy Bulk Unique Glass Bottle For Sale From China Liquor Bottle Manufacturer. Factory Outlet 1000ml Glass Spirit Bottle Wholesale In Cheap Price.\",\"breadcrumb\":{\"@id\":\"https:\/\/ruishengglassco.com\/product\/rs136-750ml-unique-liquor-decanter-glass-bottle-for-sale#breadcrumb\"},\"inLanguage\":\"tr\",\"potentialAction\":[{\"@type\":\"ReadAction\",\"target\":[\"https:\/\/ruishengglassco.com\/product\/rs136-750ml-unique-liquor-decanter-glass-bottle-for-sale\"]}]},{\"@type\":\"BreadcrumbList\",\"@id\":\"https:\/\/ruishengglassco.com\/product\/rs136-750ml-unique-liquor-decanter-glass-bottle-for-sale#breadcrumb\",\"itemListElement\":[{\"@type\":\"ListItem\",\"position\":1,\"name\":\"Home\",\"item\":\"https:\/\/ruishengglassco.com\/\"},{\"@type\":\"ListItem\",\"position\":2,\"name\":\"Products\",\"item\":\"https:\/\/ruishengglassco.com\/products\"},{\"@type\":\"ListItem\",\"position\":3,\"name\":\"RS136: 1000ml Unique Liquor Decanter Glass Bottle for Sale\"}]},{\"@type\":\"WebSite\",\"@id\":\"https:\/\/ruishengglassco.com\/#website\",\"url\":\"https:\/\/ruishengglassco.com\/\",\"name\":\"Ruisheng Glass\",\"description\":\"\",\"publisher\":{\"@id\":\"https:\/\/ruishengglassco.com\/#organization\"},\"potentialAction\":[{\"@type\":\"SearchAction\",\"target\":{\"@type\":\"EntryPoint\",\"urlTemplate\":\"https:\/\/ruishengglassco.com\/?s={search_term_string}\"},\"query-input\":\"required name=search_term_string\"}],\"inLanguage\":\"tr\"},{\"@type\":\"Organization\",\"@id\":\"https:\/\/ruishengglassco.com\/#organization\",\"name\":\"Shandong Yuncheng Ruisheng Glass Co., Ltd\",\"url\":\"https:\/\/ruishengglassco.com\/\",\"logo\":{\"@type\":\"ImageObject\",\"inLanguage\":\"tr\",\"@id\":\"https:\/\/ruishengglassco.com\/#\/schema\/logo\/image\/\",\"url\":\"https:\/\/ruishengglassco.com\/wp-content\/uploads\/2023\/09\/ruisheng_logo_icon.webp\",\"contentUrl\":\"https:\/\/ruishengglassco.com\/wp-content\/uploads\/2023\/09\/ruisheng_logo_icon.webp\",\"width\":400,\"height\":233,\"caption\":\"Shandong Yuncheng Ruisheng Glass Co., Ltd\"},\"image\":{\"@id\":\"https:\/\/ruishengglassco.com\/#\/schema\/logo\/image\/\"},\"sameAs\":[\"https:\/\/www.facebook.com\/ruishengglassbottles\",\"https:\/\/www.instagram.com\/Ruishengglassbottlewholesales\/\",\"https:\/\/www.youtube.com\/channel\/UCMmbMNGwsL-XrtjfSFLCdVQ\"]}]}<\/script>\n<!-- \/ Yoast SEO plugin. -->","yoast_head_json":{"title":"RS136: 1000ml Unique Liquor Decanter Glass Bottle for Sale","description":"Buy Bulk Unique Glass Bottle For Sale From China Liquor Bottle Manufacturer. Factory Outlet 1000ml Glass Spirit Bottle Wholesale In Cheap Price.","robots":{"index":"index","follow":"follow","max-snippet":"max-snippet:-1","max-image-preview":"max-image-preview:large","max-video-preview":"max-video-preview:-1"},"canonical":"https:\/\/ruishengglassco.com\/tr\/urun\/rs136-750ml-benzersiz-likor-surahisi-satilik-cam-sise","og_locale":"tr_TR","og_type":"article","og_title":"RS136: 1000ml Unique Liquor Decanter Glass Bottle for Sale","og_description":"Buy Bulk Unique Glass Bottle For Sale From China Liquor Bottle Manufacturer. Factory Outlet 1000ml Glass Spirit Bottle Wholesale In Cheap Price.","og_url":"https:\/\/ruishengglassco.com\/tr\/urun\/rs136-750ml-benzersiz-likor-surahisi-satilik-cam-sise","article_publisher":"https:\/\/www.facebook.com\/ruishengglassbottles","article_modified_time":"2026-01-05T01:07:54+00:00","og_image":[{"width":400,"height":400,"url":"https:\/\/ruishengglassco.com\/wp-content\/uploads\/2025\/03\/750ml-Unique-Liquor-Decanter-Glass-Bottle-for-Sale.webp","type":"image\/webp"}],"twitter_card":"summary_large_image","twitter_misc":{"Tahmini okuma s\u00fcresi":"2 dakika"},"schema":{"@context":"https:\/\/schema.org","@graph":[{"@type":"WebPage","@id":"https:\/\/ruishengglassco.com\/product\/rs136-750ml-unique-liquor-decanter-glass-bottle-for-sale","url":"https:\/\/ruishengglassco.com\/product\/rs136-750ml-unique-liquor-decanter-glass-bottle-for-sale","name":"RS136: 1000ml Unique Liquor Decanter Glass Bottle for Sale","isPartOf":{"@id":"https:\/\/ruishengglassco.com\/#website"},"datePublished":"2025-03-14T01:41:31+00:00","dateModified":"2026-01-05T01:07:54+00:00","description":"Buy Bulk Unique Glass Bottle For Sale From China Liquor Bottle Manufacturer. Factory Outlet 1000ml Glass Spirit Bottle Wholesale In Cheap Price.","breadcrumb":{"@id":"https:\/\/ruishengglassco.com\/product\/rs136-750ml-unique-liquor-decanter-glass-bottle-for-sale#breadcrumb"},"inLanguage":"tr","potentialAction":[{"@type":"ReadAction","target":["https:\/\/ruishengglassco.com\/product\/rs136-750ml-unique-liquor-decanter-glass-bottle-for-sale"]}]},{"@type":"BreadcrumbList","@id":"https:\/\/ruishengglassco.com\/product\/rs136-750ml-unique-liquor-decanter-glass-bottle-for-sale#breadcrumb","itemListElement":[{"@type":"ListItem","position":1,"name":"Home","item":"https:\/\/ruishengglassco.com\/"},{"@type":"ListItem","position":2,"name":"Products","item":"https:\/\/ruishengglassco.com\/products"},{"@type":"ListItem","position":3,"name":"RS136: 1000ml Unique Liquor Decanter Glass Bottle for Sale"}]},{"@type":"WebSite","@id":"https:\/\/ruishengglassco.com\/#website","url":"https:\/\/ruishengglassco.com\/","name":"Ruisheng Glass","description":"","publisher":{"@id":"https:\/\/ruishengglassco.com\/#organization"},"potentialAction":[{"@type":"SearchAction","target":{"@type":"EntryPoint","urlTemplate":"https:\/\/ruishengglassco.com\/?s={search_term_string}"},"query-input":"required name=search_term_string"}],"inLanguage":"tr"},{"@type":"Organization","@id":"https:\/\/ruishengglassco.com\/#organization","name":"Shandong Yuncheng Ruisheng Glass Co., Ltd","url":"https:\/\/ruishengglassco.com\/","logo":{"@type":"ImageObject","inLanguage":"tr","@id":"https:\/\/ruishengglassco.com\/#\/schema\/logo\/image\/","url":"https:\/\/ruishengglassco.com\/wp-content\/uploads\/2023\/09\/ruisheng_logo_icon.webp","contentUrl":"https:\/\/ruishengglassco.com\/wp-content\/uploads\/2023\/09\/ruisheng_logo_icon.webp","width":400,"height":233,"caption":"Shandong Yuncheng Ruisheng Glass Co., Ltd"},"image":{"@id":"https:\/\/ruishengglassco.com\/#\/schema\/logo\/image\/"},"sameAs":["https:\/\/www.facebook.com\/ruishengglassbottles","https:\/\/www.instagram.com\/Ruishengglassbottlewholesales\/","https:\/\/www.youtube.com\/channel\/UCMmbMNGwsL-XrtjfSFLCdVQ"]}]}},"_links":{"self":[{"href":"https:\/\/ruishengglassco.com\/tr\/wp-json\/wp\/v2\/product\/4131","targetHints":{"allow":["GET"]}}],"collection":[{"href":"https:\/\/ruishengglassco.com\/tr\/wp-json\/wp\/v2\/product"}],"about":[{"href":"https:\/\/ruishengglassco.com\/tr\/wp-json\/wp\/v2\/types\/product"}],"replies":[{"embeddable":true,"href":"https:\/\/ruishengglassco.com\/tr\/wp-json\/wp\/v2\/comments?post=4131"}],"wp:featuredmedia":[{"embeddable":true,"href":"https:\/\/ruishengglassco.com\/tr\/wp-json\/wp\/v2\/media\/4132"}],"wp:attachment":[{"href":"https:\/\/ruishengglassco.com\/tr\/wp-json\/wp\/v2\/media?parent=4131"}],"wp:term":[{"taxonomy":"product_cat","embeddable":true,"href":"https:\/\/ruishengglassco.com\/tr\/wp-json\/wp\/v2\/product_cat?post=4131"}],"curies":[{"name":"wp","href":"https:\/\/api.w.org\/{rel}","templated":true}]}}