{"id":4129,"date":"2025-03-14T09:31:32","date_gmt":"2025-03-14T01:31:32","guid":{"rendered":"https:\/\/ruishengglassco.com\/?post_type=product&#038;p=4129"},"modified":"2025-07-16T14:47:08","modified_gmt":"2025-07-16T06:47:08","slug":"rs137-kapakli-cam-sise-satin-alin","status":"publish","type":"product","link":"https:\/\/ruishengglassco.com\/tr\/urun\/rs137-kapakli-cam-sise-satin-alin","title":{"rendered":"RS137: Kapakl\u0131 Cam \u015ei\u015fe Sat\u0131n Al\u0131n"},"content":{"rendered":"<p><span data-preserver-spaces=\"true\">Lik\u00f6r i\u00e7in 750 ml'lik \u015feffaf cam \u015fi\u015fe <\/span><span data-preserver-spaces=\"true\">\u00fcretilmi\u015ftir<\/span><span data-preserver-spaces=\"true\"> Shandong Yuncheng Ruisheng Glass Co, Ltd. taraf\u0131ndan Firmam\u0131z en b\u00fcy\u00fck s\u00fcper \u00e7akmakta\u015f\u0131 \u00fcreticilerinden biridir<\/span><a class=\"editor-rtfLink\" href=\"https:\/\/glassbottlewholesale.com\/about-us\/\" target=\"_blank\" rel=\"noopener\"><span data-preserver-spaces=\"true\"> lik\u00f6r cam \u015fi\u015feleri<\/span><\/a><span data-preserver-spaces=\"true\"> \u00c7in. \u015eirketimizin 500'den fazla \u00e7al\u0131\u015fan\u0131 ve yetenekli m\u00fchendislerden olu\u015fan bir ekibi vard\u0131r. Zengin deneyimimizle, d\u00fcnya \u00e7ap\u0131nda iyi bir \u00fcne kavu\u015ftuk.<\/span><\/p>\n<p><span data-preserver-spaces=\"true\">750 ml'lik toptan i\u00e7ki \u015fi\u015fesinde mantarlar ve <\/span><span data-preserver-spaces=\"true\">haz\u0131rlanm\u0131\u015f<\/span><span data-preserver-spaces=\"true\"> y\u00fcksek kaliteli \u00e7akmakta\u015f\u0131 camdan \u00fcretilmi\u015ftir. Bu cam t\u00fcr\u00fc berrak, dayan\u0131kl\u0131 ve dokunuldu\u011funda p\u00fcr\u00fczs\u00fczd\u00fcr. <\/span><span data-preserver-spaces=\"true\">Bu <\/span><span data-preserver-spaces=\"true\">m\u00fckemmel<\/span><span data-preserver-spaces=\"true\"> lik\u00f6r, votka, brendi, viski ve di\u011fer i\u00e7eceklerin paketlenmesi i\u00e7in <\/span><span data-preserver-spaces=\"true\">daha fazla<\/span><span data-preserver-spaces=\"true\">.<\/span><\/p>\n<p><span data-preserver-spaces=\"true\">Ruisheng, mantarl\u0131 toptan alkol \u015fi\u015felerinin en iyi \u00fcreticisidir. Votka, brendi, viski, lik\u00f6r ve re\u00e7el i\u00e7in y\u00fcksek kaliteli cam \u015fi\u015feler yap\u0131yoruz. Ayr\u0131ca toptan \u00e7e\u015fitli renk ruhu \u015fi\u015feleri sa\u011flayabiliriz. Se\u00e7enekler aras\u0131nda kehribar, ye\u015fil, beyaz ve \u015feffaf cam \u015fi\u015feler bulunmaktad\u0131r. Ba\u015fl\u0131ca pazarlar\u0131m\u0131z aras\u0131nda Birle\u015fik Krall\u0131k, Amerika Birle\u015fik Devletleri, Avustralya, Kanada ve di\u011fer b\u00f6lgeler bulunmaktad\u0131r. T\u00fcm \u00fcr\u00fcnler yenilik ve i\u015flevsellik a\u00e7\u0131s\u0131ndan y\u00fcksek bir \u00fcne sahiptir.<\/span><\/p>\n<p><span data-preserver-spaces=\"true\">Ve e-likit cam \u015fi\u015feleri nas\u0131l se\u00e7ilir? L\u00fctfen likit i\u00e7in do\u011fru \u015feffaf cam \u015fi\u015feyi se\u00e7in. Bunlardan ilki s\u0131v\u0131 \u015fi\u015felerinin kalitesidir. Y\u00fcksek kaliteli<\/span><a class=\"editor-rtfLink\" href=\"https:\/\/glassbottlewholesale.com\/our-products\/\" target=\"_blank\" rel=\"noopener\"><span data-preserver-spaces=\"true\"> cam \u015fi\u015feler olabilir<\/span><\/a><span data-preserver-spaces=\"true\"> lik\u00f6r\u00fcn kalitesini sa\u011flamak ve de\u011ferini art\u0131rmak. Ayr\u0131ca, m\u00fc\u015fterilerin likit cam \u015fi\u015fe se\u00e7erken lik\u00f6r \u00fcr\u00fcnlerinin kalitesine, lik\u00f6r\u00fcn lezzetine ve k\u00fclt\u00fcrel propagandaya da dikkat etmeleri gerekir.\u00a0<\/span><span data-preserver-spaces=\"true\">Ne zaman <\/span><span data-preserver-spaces=\"true\">sat\u0131n alma<\/span><span data-preserver-spaces=\"true\"> \u0130\u00e7ki \u015fi\u015feleri, <\/span><span data-preserver-spaces=\"true\">se\u00e7mek<\/span><span data-preserver-spaces=\"true\"> a <\/span><span data-preserver-spaces=\"true\">g\u00fcvenilir<\/span><span data-preserver-spaces=\"true\"> \u00dcretici.<\/span> <span data-preserver-spaces=\"true\">Bu<\/span><span data-preserver-spaces=\"true\"> \u015fi\u015felerin kalitesini ve fiyat\u0131n\u0131 sa\u011flamaya yard\u0131mc\u0131 olur.<\/span><\/p>\n<p><span data-preserver-spaces=\"true\">Bu 750ml Lik\u00f6r i\u00e7in \u015eeffaf Cam \u015ei\u015fe ile ilgileniyorsan\u0131z, <\/span><span data-preserver-spaces=\"true\">l\u00fctfen bizimle ileti\u015fime ge\u00e7in<\/span><span data-preserver-spaces=\"true\">.<\/span><span data-preserver-spaces=\"true\"> Size 24 saat i\u00e7inde cevap verece\u011fiz.<\/span><\/p>","protected":false},"excerpt":{"rendered":"<p>Lik\u00f6r i\u00e7in cam yuvarlak \u015fekilli 750ml \u015feffaf cam \u015fi\u015fe. Ruhun g\u00fczel rengi s\u00fcper \u00e7akmakta\u015f\u0131 camdan g\u00f6r\u00fcn\u00fcr, Viski, Brendi, Votka vb. i\u00e7in \u00e7al\u0131\u015f\u0131r. Mantar \/ Ka\u015f kapa\u011f\u0131 mevcuttur.<\/p>\n<p>\u00d6zel 750ml \u0130spirto Cam \u015ei\u015fe Toptan Sat\u0131\u015f Detaylar\u0131:<\/p>\n<ul>\n<li>Referans: RS137<\/li>\n<li><strong>OEM \/ ODM Hizmeti sunulmaktad\u0131r. Adedi: 10000 adet<\/strong><\/li>\n<li>Kapak: Vidal\u0131 kapak\/Mantar<\/li>\n<li>Malzeme Y\u00fcksek Flint Cam<\/li>\n<li>Teslimat 3-7 G\u00fcn \u0130\u00e7inde \u00dccretsiz Numune Sunulur. 30 G\u00fcn \u0130\u00e7inde Toplu Sipari\u015f.<\/li>\n<li>\u00d6zellik: \u00c7evre dostu<\/li>\n<\/ul>","protected":false},"featured_media":4130,"comment_status":"closed","ping_status":"closed","template":"","meta":[],"product_cat":[15],"class_list":{"0":"post-4129","1":"product","2":"type-product","3":"status-publish","4":"has-post-thumbnail","6":"product_cat-glass-liquor-spirit-bottles","8":"first","9":"instock","10":"shipping-taxable","11":"product-type-simple"},"yoast_head":"<!-- This site is optimized with the Yoast SEO plugin v22.0 - https:\/\/yoast.com\/wordpress\/plugins\/seo\/ -->\n<title>RS137: Buy Glass Bottle With Lids<\/title>\n<meta name=\"description\" content=\"Glass round shape 750ml clear glass bottle for liquor. The beautiful color of the spirit shows through the super-flint glass, works for Whiskey, Brandy, Vodka, etc. Cork\/Scrow cap Available.\" \/>\n<meta name=\"robots\" content=\"index, follow, max-snippet:-1, max-image-preview:large, max-video-preview:-1\" \/>\n<link rel=\"canonical\" href=\"https:\/\/ruishengglassco.com\/tr\/urun\/rs137-kapakli-cam-sise-satin-alin\" \/>\n<meta property=\"og:locale\" content=\"tr_TR\" \/>\n<meta property=\"og:type\" content=\"article\" \/>\n<meta property=\"og:title\" content=\"RS137: Buy Glass Bottle With Lids\" \/>\n<meta property=\"og:description\" content=\"Glass round shape 750ml clear glass bottle for liquor. The beautiful color of the spirit shows through the super-flint glass, works for Whiskey, Brandy, Vodka, etc. Cork\/Scrow cap Available.\" \/>\n<meta property=\"og:url\" content=\"https:\/\/ruishengglassco.com\/tr\/urun\/rs137-kapakli-cam-sise-satin-alin\" \/>\n<meta property=\"article:publisher\" content=\"https:\/\/www.facebook.com\/ruishengglassbottles\" \/>\n<meta property=\"article:modified_time\" content=\"2025-07-16T06:47:08+00:00\" \/>\n<meta property=\"og:image\" content=\"https:\/\/ruishengglassco.com\/wp-content\/uploads\/2025\/03\/RS137-Buy-Glass-Bottle-With-Lids.webp\" \/>\n\t<meta property=\"og:image:width\" content=\"400\" \/>\n\t<meta property=\"og:image:height\" content=\"400\" \/>\n\t<meta property=\"og:image:type\" content=\"image\/webp\" \/>\n<meta name=\"twitter:card\" content=\"summary_large_image\" \/>\n<meta name=\"twitter:label1\" content=\"Tahmini okuma s\u00fcresi\" \/>\n\t<meta name=\"twitter:data1\" content=\"2 dakika\" \/>\n<script type=\"application\/ld+json\" class=\"yoast-schema-graph\">{\"@context\":\"https:\/\/schema.org\",\"@graph\":[{\"@type\":\"WebPage\",\"@id\":\"https:\/\/ruishengglassco.com\/product\/rs137-buy-glass-bottle-with-lids\",\"url\":\"https:\/\/ruishengglassco.com\/product\/rs137-buy-glass-bottle-with-lids\",\"name\":\"RS137: Buy Glass Bottle With Lids\",\"isPartOf\":{\"@id\":\"https:\/\/ruishengglassco.com\/#website\"},\"datePublished\":\"2025-03-14T01:31:32+00:00\",\"dateModified\":\"2025-07-16T06:47:08+00:00\",\"description\":\"Glass round shape 750ml clear glass bottle for liquor. The beautiful color of the spirit shows through the super-flint glass, works for Whiskey, Brandy, Vodka, etc. Cork\/Scrow cap Available.\",\"breadcrumb\":{\"@id\":\"https:\/\/ruishengglassco.com\/product\/rs137-buy-glass-bottle-with-lids#breadcrumb\"},\"inLanguage\":\"tr\",\"potentialAction\":[{\"@type\":\"ReadAction\",\"target\":[\"https:\/\/ruishengglassco.com\/product\/rs137-buy-glass-bottle-with-lids\"]}]},{\"@type\":\"BreadcrumbList\",\"@id\":\"https:\/\/ruishengglassco.com\/product\/rs137-buy-glass-bottle-with-lids#breadcrumb\",\"itemListElement\":[{\"@type\":\"ListItem\",\"position\":1,\"name\":\"Home\",\"item\":\"https:\/\/ruishengglassco.com\/\"},{\"@type\":\"ListItem\",\"position\":2,\"name\":\"Products\",\"item\":\"https:\/\/ruishengglassco.com\/products\"},{\"@type\":\"ListItem\",\"position\":3,\"name\":\"RS137: Buy Glass Bottle With Lids\"}]},{\"@type\":\"WebSite\",\"@id\":\"https:\/\/ruishengglassco.com\/#website\",\"url\":\"https:\/\/ruishengglassco.com\/\",\"name\":\"Ruisheng Glass\",\"description\":\"\",\"publisher\":{\"@id\":\"https:\/\/ruishengglassco.com\/#organization\"},\"potentialAction\":[{\"@type\":\"SearchAction\",\"target\":{\"@type\":\"EntryPoint\",\"urlTemplate\":\"https:\/\/ruishengglassco.com\/?s={search_term_string}\"},\"query-input\":\"required name=search_term_string\"}],\"inLanguage\":\"tr\"},{\"@type\":\"Organization\",\"@id\":\"https:\/\/ruishengglassco.com\/#organization\",\"name\":\"Shandong Yuncheng Ruisheng Glass Co., Ltd\",\"url\":\"https:\/\/ruishengglassco.com\/\",\"logo\":{\"@type\":\"ImageObject\",\"inLanguage\":\"tr\",\"@id\":\"https:\/\/ruishengglassco.com\/#\/schema\/logo\/image\/\",\"url\":\"https:\/\/ruishengglassco.com\/wp-content\/uploads\/2023\/09\/ruisheng_logo_icon.webp\",\"contentUrl\":\"https:\/\/ruishengglassco.com\/wp-content\/uploads\/2023\/09\/ruisheng_logo_icon.webp\",\"width\":400,\"height\":233,\"caption\":\"Shandong Yuncheng Ruisheng Glass Co., Ltd\"},\"image\":{\"@id\":\"https:\/\/ruishengglassco.com\/#\/schema\/logo\/image\/\"},\"sameAs\":[\"https:\/\/www.facebook.com\/ruishengglassbottles\",\"https:\/\/www.instagram.com\/Ruishengglassbottlewholesales\/\",\"https:\/\/www.youtube.com\/channel\/UCMmbMNGwsL-XrtjfSFLCdVQ\"]}]}<\/script>\n<!-- \/ Yoast SEO plugin. -->","yoast_head_json":{"title":"RS137: Buy Glass Bottle With Lids","description":"Glass round shape 750ml clear glass bottle for liquor. The beautiful color of the spirit shows through the super-flint glass, works for Whiskey, Brandy, Vodka, etc. Cork\/Scrow cap Available.","robots":{"index":"index","follow":"follow","max-snippet":"max-snippet:-1","max-image-preview":"max-image-preview:large","max-video-preview":"max-video-preview:-1"},"canonical":"https:\/\/ruishengglassco.com\/tr\/urun\/rs137-kapakli-cam-sise-satin-alin","og_locale":"tr_TR","og_type":"article","og_title":"RS137: Buy Glass Bottle With Lids","og_description":"Glass round shape 750ml clear glass bottle for liquor. The beautiful color of the spirit shows through the super-flint glass, works for Whiskey, Brandy, Vodka, etc. Cork\/Scrow cap Available.","og_url":"https:\/\/ruishengglassco.com\/tr\/urun\/rs137-kapakli-cam-sise-satin-alin","article_publisher":"https:\/\/www.facebook.com\/ruishengglassbottles","article_modified_time":"2025-07-16T06:47:08+00:00","og_image":[{"width":400,"height":400,"url":"https:\/\/ruishengglassco.com\/wp-content\/uploads\/2025\/03\/RS137-Buy-Glass-Bottle-With-Lids.webp","type":"image\/webp"}],"twitter_card":"summary_large_image","twitter_misc":{"Tahmini okuma s\u00fcresi":"2 dakika"},"schema":{"@context":"https:\/\/schema.org","@graph":[{"@type":"WebPage","@id":"https:\/\/ruishengglassco.com\/product\/rs137-buy-glass-bottle-with-lids","url":"https:\/\/ruishengglassco.com\/product\/rs137-buy-glass-bottle-with-lids","name":"RS137: Buy Glass Bottle With Lids","isPartOf":{"@id":"https:\/\/ruishengglassco.com\/#website"},"datePublished":"2025-03-14T01:31:32+00:00","dateModified":"2025-07-16T06:47:08+00:00","description":"Glass round shape 750ml clear glass bottle for liquor. The beautiful color of the spirit shows through the super-flint glass, works for Whiskey, Brandy, Vodka, etc. Cork\/Scrow cap Available.","breadcrumb":{"@id":"https:\/\/ruishengglassco.com\/product\/rs137-buy-glass-bottle-with-lids#breadcrumb"},"inLanguage":"tr","potentialAction":[{"@type":"ReadAction","target":["https:\/\/ruishengglassco.com\/product\/rs137-buy-glass-bottle-with-lids"]}]},{"@type":"BreadcrumbList","@id":"https:\/\/ruishengglassco.com\/product\/rs137-buy-glass-bottle-with-lids#breadcrumb","itemListElement":[{"@type":"ListItem","position":1,"name":"Home","item":"https:\/\/ruishengglassco.com\/"},{"@type":"ListItem","position":2,"name":"Products","item":"https:\/\/ruishengglassco.com\/products"},{"@type":"ListItem","position":3,"name":"RS137: Buy Glass Bottle With Lids"}]},{"@type":"WebSite","@id":"https:\/\/ruishengglassco.com\/#website","url":"https:\/\/ruishengglassco.com\/","name":"Ruisheng Glass","description":"","publisher":{"@id":"https:\/\/ruishengglassco.com\/#organization"},"potentialAction":[{"@type":"SearchAction","target":{"@type":"EntryPoint","urlTemplate":"https:\/\/ruishengglassco.com\/?s={search_term_string}"},"query-input":"required name=search_term_string"}],"inLanguage":"tr"},{"@type":"Organization","@id":"https:\/\/ruishengglassco.com\/#organization","name":"Shandong Yuncheng Ruisheng Glass Co., Ltd","url":"https:\/\/ruishengglassco.com\/","logo":{"@type":"ImageObject","inLanguage":"tr","@id":"https:\/\/ruishengglassco.com\/#\/schema\/logo\/image\/","url":"https:\/\/ruishengglassco.com\/wp-content\/uploads\/2023\/09\/ruisheng_logo_icon.webp","contentUrl":"https:\/\/ruishengglassco.com\/wp-content\/uploads\/2023\/09\/ruisheng_logo_icon.webp","width":400,"height":233,"caption":"Shandong Yuncheng Ruisheng Glass Co., Ltd"},"image":{"@id":"https:\/\/ruishengglassco.com\/#\/schema\/logo\/image\/"},"sameAs":["https:\/\/www.facebook.com\/ruishengglassbottles","https:\/\/www.instagram.com\/Ruishengglassbottlewholesales\/","https:\/\/www.youtube.com\/channel\/UCMmbMNGwsL-XrtjfSFLCdVQ"]}]}},"_links":{"self":[{"href":"https:\/\/ruishengglassco.com\/tr\/wp-json\/wp\/v2\/product\/4129","targetHints":{"allow":["GET"]}}],"collection":[{"href":"https:\/\/ruishengglassco.com\/tr\/wp-json\/wp\/v2\/product"}],"about":[{"href":"https:\/\/ruishengglassco.com\/tr\/wp-json\/wp\/v2\/types\/product"}],"replies":[{"embeddable":true,"href":"https:\/\/ruishengglassco.com\/tr\/wp-json\/wp\/v2\/comments?post=4129"}],"wp:featuredmedia":[{"embeddable":true,"href":"https:\/\/ruishengglassco.com\/tr\/wp-json\/wp\/v2\/media\/4130"}],"wp:attachment":[{"href":"https:\/\/ruishengglassco.com\/tr\/wp-json\/wp\/v2\/media?parent=4129"}],"wp:term":[{"taxonomy":"product_cat","embeddable":true,"href":"https:\/\/ruishengglassco.com\/tr\/wp-json\/wp\/v2\/product_cat?post=4129"}],"curies":[{"name":"wp","href":"https:\/\/api.w.org\/{rel}","templated":true}]}}