{"id":4127,"date":"2025-03-14T09:25:40","date_gmt":"2025-03-14T01:25:40","guid":{"rendered":"https:\/\/ruishengglassco.com\/?post_type=product&#038;p=4127"},"modified":"2025-07-17T13:28:01","modified_gmt":"2025-07-17T05:28:01","slug":"rs138-500ml-mantarli-konyak-cam-siseleri","status":"publish","type":"product","link":"https:\/\/ruishengglassco.com\/tr\/urun\/rs138-500ml-mantarli-konyak-cam-siseleri","title":{"rendered":"RS138: 500ml Mantarl\u0131 Konyak Cam \u015ei\u015feleri"},"content":{"rendered":"<p data-block-id=\"8e424e2a-b69d-4b17-baf7-4c23129c161c\" data-pm-slice=\"1 1 []\">500ml kristal brendi cam \u015fi\u015feleri mantarlarla birlikte gelir. Shandong Yuncheng Ruisheng Glass Co, Ltd bunlar\u0131 \u00fcretmektedir. Bu \u015firket, cam brendi \u015fi\u015feleri yap\u0131m\u0131nda 10 y\u0131l\u0131 a\u015fk\u0131n deneyime sahiptir. Biz 500 hektar kapsayan b\u00fcy\u00fck bir cam \u015fi\u015fe \u00fcretim fabrikas\u0131 var.<\/p>\n<p data-block-id=\"85b6d636-5937-413f-9527-6025ca1e254d\">Firmam\u0131z en geli\u015fmi\u015f 8S tam otomatik makinenin 2 \u00fcretim hatt\u0131na, CNC manuel makinelerin \u00fc\u00e7 \u00fcretim hatt\u0131na ve CNC Yar\u0131 otomatik makinelerin d\u00f6rt \u00fcretim hatt\u0131na yat\u0131r\u0131m yapm\u0131\u015ft\u0131r. Fabrikam\u0131zda ayr\u0131ca iki set IS makinesi bulunmaktad\u0131r. 8S makinesi ve CNC makineleri, birinci s\u0131n\u0131f cam \u015fi\u015feler - s\u00fcper \u00e7akmakta\u015f\u0131 cam \u015fi\u015feler \u00fcretmek i\u00e7in kullan\u0131l\u0131r. G\u00fcnl\u00fck \u00e7\u0131kt\u0131 120.000 adettir. IS makineleri, g\u00fcnl\u00fck 200.000 adet \u00e7\u0131kt\u0131 ile orta dereceli cam \u015fi\u015feler \u00fcretmek i\u00e7in kullan\u0131l\u0131r.<\/p>\n<p data-block-id=\"c389e3ec-a233-4e69-b707-4d2e88e16830\">Kristal cam \u015fi\u015femiz geli\u015fmi\u015f \u00fcretim teknolojisini kullan\u0131r. Net bir g\u00f6r\u00fcn\u00fcme, en y\u00fcksek kaliteye ve zarif bir tarza sahiptir. Bu \u00f6zellikler ABD, \u0130ngiltere, Fransa, Almanya, Arjantin, Rusya ve daha bir\u00e7ok \u00fclkeden m\u00fc\u015fteri \u00e7ekmektedir.<\/p>\n<h4>Details About 500ml Kristal Konyak \u015ei\u015fesi Toptan Sat\u0131\u015f<\/h4>\n<ul>\n<li>Marka RS<\/li>\n<li>Referans: RS138<\/li>\n<li>Ana malzeme: y\u00fcksek \u00e7akmakta\u015f\u0131 cam<\/li>\n<li>Kapak: vidal\u0131 kapak<\/li>\n<li><strong>ADEDI: 10000 ADET<\/strong><\/li>\n<li>Kapasite:500ml<\/li>\n<li>Adet\/Ctn:24 adet<\/li>\n<li>Yerin k\u00f6keni: Shandong, \u00c7in<\/li>\n<li>\u00d6zellik: \u00c7evre dostu<\/li>\n<\/ul>\n<p>Kristal brendi \u015fi\u015fesi toptan sat\u0131\u015f\u0131m\u0131zla ilgileniyorsan\u0131z, l\u00fctfen <a href=\"https:\/\/glassbottlewholesale.com\/contact\/\">Bize ula\u015f\u0131n<\/a>. Size 24 saat i\u00e7inde cevap verece\u011fiz.<\/p>","protected":false},"excerpt":{"rendered":"<p>Profesyonel bir cam brendi \u015fi\u015fesi \u00fcreticisinden toptan 500ml kristal brendi \u015fi\u015feleri sat\u0131n al\u0131n. Cam \u015fi\u015feyi saf ve zarif hale getirmek i\u00e7in y\u00fcksek \u00e7akmakta\u015f\u0131 malzemeli 500ml brendi \u015fi\u015felerini temizleyin. Yuvarlak brendi \u015fi\u015feleri, cam \u015fi\u015feleri dekoratif hale getirmek i\u00e7in grav\u00fcr elektrokaplama i\u015flemini benimser. Kristal brendi \u015fi\u015femiz a\u011f\u0131rl\u0131kl\u0131 olarak brendi, XO, Votka, Viski vb. ambalajlarda kullan\u0131lmaktad\u0131r.<\/p>","protected":false},"featured_media":4128,"comment_status":"closed","ping_status":"closed","template":"","meta":[],"product_cat":[41,58],"class_list":{"0":"post-4127","1":"product","2":"type-product","3":"status-publish","4":"has-post-thumbnail","6":"product_cat-500ml-liquor-bottle-manufacturer","7":"product_cat-brandy-bottle","9":"first","10":"instock","11":"shipping-taxable","12":"product-type-simple"},"yoast_head":"<!-- This site is optimized with the Yoast SEO plugin v22.0 - https:\/\/yoast.com\/wordpress\/plugins\/seo\/ -->\n<title>500ml Crystal Brandy Bottle | Glass Brandy Bottle Manufacturer<\/title>\n<meta name=\"description\" content=\"Buy 500ml Crystal Brandy Bottle Wholesale From Professional Glass Brandy Bottle Manufacturer. Factory Outlet High Quality Brandy Bottle With Cheap Price.\" \/>\n<meta name=\"robots\" content=\"index, follow, max-snippet:-1, max-image-preview:large, max-video-preview:-1\" \/>\n<link rel=\"canonical\" href=\"https:\/\/ruishengglassco.com\/tr\/urun\/rs138-500ml-mantarli-konyak-cam-siseleri\" \/>\n<meta property=\"og:locale\" content=\"tr_TR\" \/>\n<meta property=\"og:type\" content=\"article\" \/>\n<meta property=\"og:title\" content=\"500ml Crystal Brandy Bottle | Glass Brandy Bottle Manufacturer\" \/>\n<meta property=\"og:description\" content=\"Buy 500ml Crystal Brandy Bottle Wholesale From Professional Glass Brandy Bottle Manufacturer. Factory Outlet High Quality Brandy Bottle With Cheap Price.\" \/>\n<meta property=\"og:url\" content=\"https:\/\/ruishengglassco.com\/tr\/urun\/rs138-500ml-mantarli-konyak-cam-siseleri\" \/>\n<meta property=\"article:publisher\" content=\"https:\/\/www.facebook.com\/ruishengglassbottles\" \/>\n<meta property=\"article:modified_time\" content=\"2025-07-17T05:28:01+00:00\" \/>\n<meta property=\"og:image\" content=\"https:\/\/ruishengglassco.com\/wp-content\/uploads\/2025\/03\/500ml-Brandy-Glass-Bottles-With-Corks.webp\" \/>\n\t<meta property=\"og:image:width\" content=\"400\" \/>\n\t<meta property=\"og:image:height\" content=\"400\" \/>\n\t<meta property=\"og:image:type\" content=\"image\/webp\" \/>\n<meta name=\"twitter:card\" content=\"summary_large_image\" \/>\n<meta name=\"twitter:label1\" content=\"Tahmini okuma s\u00fcresi\" \/>\n\t<meta name=\"twitter:data1\" content=\"2 dakika\" \/>\n<script type=\"application\/ld+json\" class=\"yoast-schema-graph\">{\"@context\":\"https:\/\/schema.org\",\"@graph\":[{\"@type\":\"WebPage\",\"@id\":\"https:\/\/ruishengglassco.com\/product\/rs138-500ml-brandy-glass-bottles-with-corks\",\"url\":\"https:\/\/ruishengglassco.com\/product\/rs138-500ml-brandy-glass-bottles-with-corks\",\"name\":\"500ml Crystal Brandy Bottle | Glass Brandy Bottle Manufacturer\",\"isPartOf\":{\"@id\":\"https:\/\/ruishengglassco.com\/#website\"},\"datePublished\":\"2025-03-14T01:25:40+00:00\",\"dateModified\":\"2025-07-17T05:28:01+00:00\",\"description\":\"Buy 500ml Crystal Brandy Bottle Wholesale From Professional Glass Brandy Bottle Manufacturer. Factory Outlet High Quality Brandy Bottle With Cheap Price.\",\"breadcrumb\":{\"@id\":\"https:\/\/ruishengglassco.com\/product\/rs138-500ml-brandy-glass-bottles-with-corks#breadcrumb\"},\"inLanguage\":\"tr\",\"potentialAction\":[{\"@type\":\"ReadAction\",\"target\":[\"https:\/\/ruishengglassco.com\/product\/rs138-500ml-brandy-glass-bottles-with-corks\"]}]},{\"@type\":\"BreadcrumbList\",\"@id\":\"https:\/\/ruishengglassco.com\/product\/rs138-500ml-brandy-glass-bottles-with-corks#breadcrumb\",\"itemListElement\":[{\"@type\":\"ListItem\",\"position\":1,\"name\":\"Home\",\"item\":\"https:\/\/ruishengglassco.com\/\"},{\"@type\":\"ListItem\",\"position\":2,\"name\":\"Products\",\"item\":\"https:\/\/ruishengglassco.com\/products\"},{\"@type\":\"ListItem\",\"position\":3,\"name\":\"RS138: 500ml Brandy Glass Bottles With Corks\"}]},{\"@type\":\"WebSite\",\"@id\":\"https:\/\/ruishengglassco.com\/#website\",\"url\":\"https:\/\/ruishengglassco.com\/\",\"name\":\"Ruisheng Glass\",\"description\":\"\",\"publisher\":{\"@id\":\"https:\/\/ruishengglassco.com\/#organization\"},\"potentialAction\":[{\"@type\":\"SearchAction\",\"target\":{\"@type\":\"EntryPoint\",\"urlTemplate\":\"https:\/\/ruishengglassco.com\/?s={search_term_string}\"},\"query-input\":\"required name=search_term_string\"}],\"inLanguage\":\"tr\"},{\"@type\":\"Organization\",\"@id\":\"https:\/\/ruishengglassco.com\/#organization\",\"name\":\"Shandong Yuncheng Ruisheng Glass Co., Ltd\",\"url\":\"https:\/\/ruishengglassco.com\/\",\"logo\":{\"@type\":\"ImageObject\",\"inLanguage\":\"tr\",\"@id\":\"https:\/\/ruishengglassco.com\/#\/schema\/logo\/image\/\",\"url\":\"https:\/\/ruishengglassco.com\/wp-content\/uploads\/2023\/09\/ruisheng_logo_icon.webp\",\"contentUrl\":\"https:\/\/ruishengglassco.com\/wp-content\/uploads\/2023\/09\/ruisheng_logo_icon.webp\",\"width\":400,\"height\":233,\"caption\":\"Shandong Yuncheng Ruisheng Glass Co., Ltd\"},\"image\":{\"@id\":\"https:\/\/ruishengglassco.com\/#\/schema\/logo\/image\/\"},\"sameAs\":[\"https:\/\/www.facebook.com\/ruishengglassbottles\",\"https:\/\/www.instagram.com\/Ruishengglassbottlewholesales\/\",\"https:\/\/www.youtube.com\/channel\/UCMmbMNGwsL-XrtjfSFLCdVQ\"]}]}<\/script>\n<!-- \/ Yoast SEO plugin. -->","yoast_head_json":{"title":"500ml Crystal Brandy Bottle | Glass Brandy Bottle Manufacturer","description":"Buy 500ml Crystal Brandy Bottle Wholesale From Professional Glass Brandy Bottle Manufacturer. Factory Outlet High Quality Brandy Bottle With Cheap Price.","robots":{"index":"index","follow":"follow","max-snippet":"max-snippet:-1","max-image-preview":"max-image-preview:large","max-video-preview":"max-video-preview:-1"},"canonical":"https:\/\/ruishengglassco.com\/tr\/urun\/rs138-500ml-mantarli-konyak-cam-siseleri","og_locale":"tr_TR","og_type":"article","og_title":"500ml Crystal Brandy Bottle | Glass Brandy Bottle Manufacturer","og_description":"Buy 500ml Crystal Brandy Bottle Wholesale From Professional Glass Brandy Bottle Manufacturer. Factory Outlet High Quality Brandy Bottle With Cheap Price.","og_url":"https:\/\/ruishengglassco.com\/tr\/urun\/rs138-500ml-mantarli-konyak-cam-siseleri","article_publisher":"https:\/\/www.facebook.com\/ruishengglassbottles","article_modified_time":"2025-07-17T05:28:01+00:00","og_image":[{"width":400,"height":400,"url":"https:\/\/ruishengglassco.com\/wp-content\/uploads\/2025\/03\/500ml-Brandy-Glass-Bottles-With-Corks.webp","type":"image\/webp"}],"twitter_card":"summary_large_image","twitter_misc":{"Tahmini okuma s\u00fcresi":"2 dakika"},"schema":{"@context":"https:\/\/schema.org","@graph":[{"@type":"WebPage","@id":"https:\/\/ruishengglassco.com\/product\/rs138-500ml-brandy-glass-bottles-with-corks","url":"https:\/\/ruishengglassco.com\/product\/rs138-500ml-brandy-glass-bottles-with-corks","name":"500ml Crystal Brandy Bottle | Glass Brandy Bottle Manufacturer","isPartOf":{"@id":"https:\/\/ruishengglassco.com\/#website"},"datePublished":"2025-03-14T01:25:40+00:00","dateModified":"2025-07-17T05:28:01+00:00","description":"Buy 500ml Crystal Brandy Bottle Wholesale From Professional Glass Brandy Bottle Manufacturer. Factory Outlet High Quality Brandy Bottle With Cheap Price.","breadcrumb":{"@id":"https:\/\/ruishengglassco.com\/product\/rs138-500ml-brandy-glass-bottles-with-corks#breadcrumb"},"inLanguage":"tr","potentialAction":[{"@type":"ReadAction","target":["https:\/\/ruishengglassco.com\/product\/rs138-500ml-brandy-glass-bottles-with-corks"]}]},{"@type":"BreadcrumbList","@id":"https:\/\/ruishengglassco.com\/product\/rs138-500ml-brandy-glass-bottles-with-corks#breadcrumb","itemListElement":[{"@type":"ListItem","position":1,"name":"Home","item":"https:\/\/ruishengglassco.com\/"},{"@type":"ListItem","position":2,"name":"Products","item":"https:\/\/ruishengglassco.com\/products"},{"@type":"ListItem","position":3,"name":"RS138: 500ml Brandy Glass Bottles With Corks"}]},{"@type":"WebSite","@id":"https:\/\/ruishengglassco.com\/#website","url":"https:\/\/ruishengglassco.com\/","name":"Ruisheng Glass","description":"","publisher":{"@id":"https:\/\/ruishengglassco.com\/#organization"},"potentialAction":[{"@type":"SearchAction","target":{"@type":"EntryPoint","urlTemplate":"https:\/\/ruishengglassco.com\/?s={search_term_string}"},"query-input":"required name=search_term_string"}],"inLanguage":"tr"},{"@type":"Organization","@id":"https:\/\/ruishengglassco.com\/#organization","name":"Shandong Yuncheng Ruisheng Glass Co., Ltd","url":"https:\/\/ruishengglassco.com\/","logo":{"@type":"ImageObject","inLanguage":"tr","@id":"https:\/\/ruishengglassco.com\/#\/schema\/logo\/image\/","url":"https:\/\/ruishengglassco.com\/wp-content\/uploads\/2023\/09\/ruisheng_logo_icon.webp","contentUrl":"https:\/\/ruishengglassco.com\/wp-content\/uploads\/2023\/09\/ruisheng_logo_icon.webp","width":400,"height":233,"caption":"Shandong Yuncheng Ruisheng Glass Co., Ltd"},"image":{"@id":"https:\/\/ruishengglassco.com\/#\/schema\/logo\/image\/"},"sameAs":["https:\/\/www.facebook.com\/ruishengglassbottles","https:\/\/www.instagram.com\/Ruishengglassbottlewholesales\/","https:\/\/www.youtube.com\/channel\/UCMmbMNGwsL-XrtjfSFLCdVQ"]}]}},"_links":{"self":[{"href":"https:\/\/ruishengglassco.com\/tr\/wp-json\/wp\/v2\/product\/4127","targetHints":{"allow":["GET"]}}],"collection":[{"href":"https:\/\/ruishengglassco.com\/tr\/wp-json\/wp\/v2\/product"}],"about":[{"href":"https:\/\/ruishengglassco.com\/tr\/wp-json\/wp\/v2\/types\/product"}],"replies":[{"embeddable":true,"href":"https:\/\/ruishengglassco.com\/tr\/wp-json\/wp\/v2\/comments?post=4127"}],"wp:featuredmedia":[{"embeddable":true,"href":"https:\/\/ruishengglassco.com\/tr\/wp-json\/wp\/v2\/media\/4128"}],"wp:attachment":[{"href":"https:\/\/ruishengglassco.com\/tr\/wp-json\/wp\/v2\/media?parent=4127"}],"wp:term":[{"taxonomy":"product_cat","embeddable":true,"href":"https:\/\/ruishengglassco.com\/tr\/wp-json\/wp\/v2\/product_cat?post=4127"}],"curies":[{"name":"wp","href":"https:\/\/api.w.org\/{rel}","templated":true}]}}