{"id":4125,"date":"2025-03-14T09:18:43","date_gmt":"2025-03-14T01:18:43","guid":{"rendered":"https:\/\/ruishengglassco.com\/?post_type=product&#038;p=4125"},"modified":"2025-07-17T13:27:03","modified_gmt":"2025-07-17T05:27:03","slug":"rs139-500ml-mantarli-vintage-cam-siseler","status":"publish","type":"product","link":"https:\/\/ruishengglassco.com\/tr\/urun\/rs139-500ml-mantarli-vintage-cam-siseler","title":{"rendered":"RS139: 500ml Mantarl\u0131 Vintage Cam \u015ei\u015feler"},"content":{"rendered":"<p>Bu vintage cam \u015fi\u015fe serisi votka, brendi, XO konyak ve di\u011fer premium i\u00e7kilerle kullan\u0131m i\u00e7in uygundur. \u015eekli d\u00fczd\u00fcr ve tutmay\u0131 kolayla\u015ft\u0131r\u0131r.<br \/>\nBu 500ml bo\u015f cam \u015fi\u015fenin malzemesi y\u00fcksek \u00e7akmakta\u015f\u0131d\u0131r, bu da kolayca k\u0131r\u0131lmamas\u0131n\u0131 sa\u011flar. Ayr\u0131ca \u00e7ok \u015feffaft\u0131r. Vidal\u0131 kapak i\u00e7in uygundur ve hem al\u00fcminyum kapaklar hem de gala kapaklar\u0131 sunuyoruz.<\/p>\n<p>Kapa\u011f\u0131 da de\u011fi\u015ftirebiliriz; mantar kullanmay\u0131 tercih ederseniz, bunu kar\u015f\u0131layabiliriz. Ayr\u0131ca, cam \u015fi\u015fenin rengini mavi, ye\u015fil, k\u0131rm\u0131z\u0131 ve di\u011fer renklerle de\u011fi\u015ftirebiliriz.<\/p>\n<p>\u00c7al\u0131\u015fanlar\u0131m\u0131z her g\u00fcn \u00e7ok \u00e7al\u0131\u015farak ve \u015fi\u015fe kalitesini s\u0131k\u0131 bir \u015fekilde denetleyerek g\u00f6revlerini yerine getirmektedir. Bir cam \u015fi\u015fenin kalite sorunu oldu\u011fu tespit edildi\u011finde, derhal d\u00fczeltilecektir.<\/p>\n<p>\u00dczerine logonuzu basmak isterseniz, bunu da yapabiliriz. Cam \u015fi\u015feler \u00fczerinde \u00e7\u0131kartma uygulama, buzlama, kumlama ve boyama gibi derin i\u015flemler ger\u00e7ekle\u015ftirebiliriz.<\/p>\n<h4>Details About Vintage Cam \u015ei\u015fe Toptan Sat\u0131\u015f<\/h4>\n<p>Cam \u015fi\u015fe ile ilgili bilgiler a\u015fa\u011f\u0131daki gibidir:<\/p>\n<ul>\n<li>Ana malzeme: y\u00fcksek \u00e7akmakta\u015f\u0131 cam<\/li>\n<li>Kapak: vidal\u0131 kapak<\/li>\n<li>Referans: RS139<\/li>\n<li>ADEDI: 10000 ADET<\/li>\n<li>Kapasite: \u00f6zel<\/li>\n<li>Adet\/Ctn:24 adet<\/li>\n<li>Yerin k\u00f6keni: Shandong, \u00c7in<\/li>\n<li>\u00d6zellik: \u00c7evre dostu<\/li>\n<\/ul>\n<p><span data-preserver-spaces=\"true\">\u00dcr\u00fcnlerimiz s\u0131k\u0131 bir \u00f6zenle paketlenir ve<\/span> <span data-preserver-spaces=\"true\">iyi durumda olduklar\u0131na dair sizi temin edebiliriz.<\/span><\/p>\n<p><span data-preserver-spaces=\"true\">En \u00f6nemli \u015fey, birinci s\u0131n\u0131f sat\u0131\u015f sonras\u0131 hizmet sunmam\u0131zd\u0131r; sorular\u0131n\u0131z\u0131 yan\u0131tlayacak ve \u00fcr\u00fcnlerimizin \u00fcretim s\u00fcrecine a\u015fina olman\u0131za yard\u0131mc\u0131 olaca\u011f\u0131z.<\/span><\/p>\n<p><span data-preserver-spaces=\"true\">Tabii ki, sen <\/span><span data-preserver-spaces=\"true\">gelebilir ve<\/span><span data-preserver-spaces=\"true\"> fabri\u0307kamizi zi\u0307yaret edi\u0307n<\/span><span data-preserver-spaces=\"true\">, <\/span><span data-preserver-spaces=\"true\">biz<\/span><span data-preserver-spaces=\"true\"> Sana etraf\u0131 g\u00f6stereyim. <\/span><span data-preserver-spaces=\"true\">fabrika<\/span><span data-preserver-spaces=\"true\">.<\/span><span data-preserver-spaces=\"true\"> Ayr\u0131ca, \u00fcretim s\u00fcrecimiz \u00e7ok resmidir. Cam \u015fi\u015felerimize g\u00fcvenebilece\u011finizi umuyoruz ve sizinle uzun vadeli i\u015fbirli\u011fini d\u00f6rt g\u00f6zle bekliyoruz.<\/span><\/p>\n<p><span data-preserver-spaces=\"true\">\u00d6zel cam \u015fi\u015feleri de kabul ediyoruz; \u015funlar\u0131 yapabilirsiniz <\/span><span data-preserver-spaces=\"true\">ver bana<\/span><span data-preserver-spaces=\"true\"> \u00f6rnekler veya \u00e7izimler ve biz <\/span><span data-preserver-spaces=\"true\">ayn\u0131 cam \u015fi\u015feyi yap<\/span><span data-preserver-spaces=\"true\">.<\/span><\/p>\n<p><span data-preserver-spaces=\"true\">L\u00fctfen bu cam \u015fi\u015feyi be\u011fenin ve sipari\u015f verin.<\/span><\/p>\n<p><span data-preserver-spaces=\"true\">E\u011fer sen <\/span><span data-preserver-spaces=\"true\">gibi<\/span><span data-preserver-spaces=\"true\"> bu vintage cam \u015fi\u015fe toptan sat\u0131\u015f, l\u00fctfen <\/span><span data-preserver-spaces=\"true\">\u00f6zg\u00fcr hisset<\/span><span data-preserver-spaces=\"true\"> i\u00e7in <\/span><a class=\"editor-rtfLink\" href=\"https:\/\/glassbottlewholesale.com\/contact\/\" target=\"_blank\" rel=\"noopener\"><span data-preserver-spaces=\"true\">Bize ula\u015f\u0131n<\/span><\/a><span data-preserver-spaces=\"true\">.<\/span><span data-preserver-spaces=\"true\"> G\u00fcn\u00fcn 24 saati \u00e7evrimi\u00e7i olaca\u011f\u0131z.<\/span><\/p>","protected":false},"excerpt":{"rendered":"<p>Shandong, \u00c7in merkezli k\u00f6kl\u00fc bir lik\u00f6r \u015fi\u015fesi yap\u0131m \u015firketi olan Ruisheng Glass Bottle, 10 y\u0131l\u0131 a\u015fk\u0131n s\u00fcredir cam \u015fi\u015fe \u00fcretimi ve sat\u0131\u015f\u0131na kendini adam\u0131\u015ft\u0131r. Vintage cam \u015fi\u015fe toptan sat\u0131\u015f\u0131m\u0131z, cam \u015fi\u015feyi daha net, dayan\u0131kl\u0131 ve p\u00fcr\u00fczs\u00fcz hale getiren y\u00fcksek kaliteli \u00e7akmakta\u015f\u0131 camdan yap\u0131lm\u0131\u015ft\u0131r. Her zaman lik\u00f6r \u015fi\u015feleri, brendi \u015fi\u015feleri, viski \u015fi\u015feleri ve votka \u015fi\u015feleri olarak kullan\u0131l\u0131r.<\/p>\n<p>Lik\u00f6r\u00fcn\u00fcz i\u00e7in cam \u015fi\u015fe sat\u0131n almak istiyorsan\u0131z, l\u00fctfen bizimle ileti\u015fime ge\u00e7mekten \u00e7ekinmeyin.<\/p>","protected":false},"featured_media":4126,"comment_status":"closed","ping_status":"closed","template":"","meta":[],"product_cat":[15,41],"class_list":{"0":"post-4125","1":"product","2":"type-product","3":"status-publish","4":"has-post-thumbnail","6":"product_cat-glass-liquor-spirit-bottles","7":"product_cat-500ml-liquor-bottle-manufacturer","9":"first","10":"instock","11":"shipping-taxable","12":"product-type-simple"},"yoast_head":"<!-- This site is optimized with the Yoast SEO plugin v22.0 - https:\/\/yoast.com\/wordpress\/plugins\/seo\/ -->\n<title>RS139: 500ml Vintage Glass Bottles With Corks<\/title>\n<meta name=\"description\" content=\"Ruisheng, an old liquor bottle making company, provide 500ml Vintage Glass Bottles Wholesale. Factory Outlet&amp;Save Cost. Free Sample here.\" \/>\n<meta name=\"robots\" content=\"index, follow, max-snippet:-1, max-image-preview:large, max-video-preview:-1\" \/>\n<link rel=\"canonical\" href=\"https:\/\/ruishengglassco.com\/tr\/urun\/rs139-500ml-mantarli-vintage-cam-siseler\" \/>\n<meta property=\"og:locale\" content=\"tr_TR\" \/>\n<meta property=\"og:type\" content=\"article\" \/>\n<meta property=\"og:title\" content=\"RS139: 500ml Vintage Glass Bottles With Corks\" \/>\n<meta property=\"og:description\" content=\"Ruisheng, an old liquor bottle making company, provide 500ml Vintage Glass Bottles Wholesale. Factory Outlet&amp;Save Cost. Free Sample here.\" \/>\n<meta property=\"og:url\" content=\"https:\/\/ruishengglassco.com\/tr\/urun\/rs139-500ml-mantarli-vintage-cam-siseler\" \/>\n<meta property=\"article:publisher\" content=\"https:\/\/www.facebook.com\/ruishengglassbottles\" \/>\n<meta property=\"article:modified_time\" content=\"2025-07-17T05:27:03+00:00\" \/>\n<meta property=\"og:image\" content=\"https:\/\/ruishengglassco.com\/wp-content\/uploads\/2025\/03\/500ml-Vintage-Glass-Bottles-manufacturer.webp\" \/>\n\t<meta property=\"og:image:width\" content=\"350\" \/>\n\t<meta property=\"og:image:height\" content=\"350\" \/>\n\t<meta property=\"og:image:type\" content=\"image\/webp\" \/>\n<meta name=\"twitter:card\" content=\"summary_large_image\" \/>\n<meta name=\"twitter:label1\" content=\"Tahmini okuma s\u00fcresi\" \/>\n\t<meta name=\"twitter:data1\" content=\"2 dakika\" \/>\n<script type=\"application\/ld+json\" class=\"yoast-schema-graph\">{\"@context\":\"https:\/\/schema.org\",\"@graph\":[{\"@type\":\"WebPage\",\"@id\":\"https:\/\/ruishengglassco.com\/product\/rs139-500ml-vintage-glass-bottles-with-corks\",\"url\":\"https:\/\/ruishengglassco.com\/product\/rs139-500ml-vintage-glass-bottles-with-corks\",\"name\":\"RS139: 500ml Vintage Glass Bottles With Corks\",\"isPartOf\":{\"@id\":\"https:\/\/ruishengglassco.com\/#website\"},\"datePublished\":\"2025-03-14T01:18:43+00:00\",\"dateModified\":\"2025-07-17T05:27:03+00:00\",\"description\":\"Ruisheng, an old liquor bottle making company, provide 500ml Vintage Glass Bottles Wholesale. Factory Outlet&Save Cost. Free Sample here.\",\"breadcrumb\":{\"@id\":\"https:\/\/ruishengglassco.com\/product\/rs139-500ml-vintage-glass-bottles-with-corks#breadcrumb\"},\"inLanguage\":\"tr\",\"potentialAction\":[{\"@type\":\"ReadAction\",\"target\":[\"https:\/\/ruishengglassco.com\/product\/rs139-500ml-vintage-glass-bottles-with-corks\"]}]},{\"@type\":\"BreadcrumbList\",\"@id\":\"https:\/\/ruishengglassco.com\/product\/rs139-500ml-vintage-glass-bottles-with-corks#breadcrumb\",\"itemListElement\":[{\"@type\":\"ListItem\",\"position\":1,\"name\":\"Home\",\"item\":\"https:\/\/ruishengglassco.com\/\"},{\"@type\":\"ListItem\",\"position\":2,\"name\":\"Products\",\"item\":\"https:\/\/ruishengglassco.com\/products\"},{\"@type\":\"ListItem\",\"position\":3,\"name\":\"RS139: 500ml Vintage Glass Bottles With Corks\"}]},{\"@type\":\"WebSite\",\"@id\":\"https:\/\/ruishengglassco.com\/#website\",\"url\":\"https:\/\/ruishengglassco.com\/\",\"name\":\"Ruisheng Glass\",\"description\":\"\",\"publisher\":{\"@id\":\"https:\/\/ruishengglassco.com\/#organization\"},\"potentialAction\":[{\"@type\":\"SearchAction\",\"target\":{\"@type\":\"EntryPoint\",\"urlTemplate\":\"https:\/\/ruishengglassco.com\/?s={search_term_string}\"},\"query-input\":\"required name=search_term_string\"}],\"inLanguage\":\"tr\"},{\"@type\":\"Organization\",\"@id\":\"https:\/\/ruishengglassco.com\/#organization\",\"name\":\"Shandong Yuncheng Ruisheng Glass Co., Ltd\",\"url\":\"https:\/\/ruishengglassco.com\/\",\"logo\":{\"@type\":\"ImageObject\",\"inLanguage\":\"tr\",\"@id\":\"https:\/\/ruishengglassco.com\/#\/schema\/logo\/image\/\",\"url\":\"https:\/\/ruishengglassco.com\/wp-content\/uploads\/2023\/09\/ruisheng_logo_icon.webp\",\"contentUrl\":\"https:\/\/ruishengglassco.com\/wp-content\/uploads\/2023\/09\/ruisheng_logo_icon.webp\",\"width\":400,\"height\":233,\"caption\":\"Shandong Yuncheng Ruisheng Glass Co., Ltd\"},\"image\":{\"@id\":\"https:\/\/ruishengglassco.com\/#\/schema\/logo\/image\/\"},\"sameAs\":[\"https:\/\/www.facebook.com\/ruishengglassbottles\",\"https:\/\/www.instagram.com\/Ruishengglassbottlewholesales\/\",\"https:\/\/www.youtube.com\/channel\/UCMmbMNGwsL-XrtjfSFLCdVQ\"]}]}<\/script>\n<!-- \/ Yoast SEO plugin. -->","yoast_head_json":{"title":"RS139: 500ml Vintage Glass Bottles With Corks","description":"Ruisheng, an old liquor bottle making company, provide 500ml Vintage Glass Bottles Wholesale. Factory Outlet&Save Cost. Free Sample here.","robots":{"index":"index","follow":"follow","max-snippet":"max-snippet:-1","max-image-preview":"max-image-preview:large","max-video-preview":"max-video-preview:-1"},"canonical":"https:\/\/ruishengglassco.com\/tr\/urun\/rs139-500ml-mantarli-vintage-cam-siseler","og_locale":"tr_TR","og_type":"article","og_title":"RS139: 500ml Vintage Glass Bottles With Corks","og_description":"Ruisheng, an old liquor bottle making company, provide 500ml Vintage Glass Bottles Wholesale. Factory Outlet&Save Cost. Free Sample here.","og_url":"https:\/\/ruishengglassco.com\/tr\/urun\/rs139-500ml-mantarli-vintage-cam-siseler","article_publisher":"https:\/\/www.facebook.com\/ruishengglassbottles","article_modified_time":"2025-07-17T05:27:03+00:00","og_image":[{"width":350,"height":350,"url":"https:\/\/ruishengglassco.com\/wp-content\/uploads\/2025\/03\/500ml-Vintage-Glass-Bottles-manufacturer.webp","type":"image\/webp"}],"twitter_card":"summary_large_image","twitter_misc":{"Tahmini okuma s\u00fcresi":"2 dakika"},"schema":{"@context":"https:\/\/schema.org","@graph":[{"@type":"WebPage","@id":"https:\/\/ruishengglassco.com\/product\/rs139-500ml-vintage-glass-bottles-with-corks","url":"https:\/\/ruishengglassco.com\/product\/rs139-500ml-vintage-glass-bottles-with-corks","name":"RS139: 500ml Vintage Glass Bottles With Corks","isPartOf":{"@id":"https:\/\/ruishengglassco.com\/#website"},"datePublished":"2025-03-14T01:18:43+00:00","dateModified":"2025-07-17T05:27:03+00:00","description":"Ruisheng, an old liquor bottle making company, provide 500ml Vintage Glass Bottles Wholesale. Factory Outlet&Save Cost. Free Sample here.","breadcrumb":{"@id":"https:\/\/ruishengglassco.com\/product\/rs139-500ml-vintage-glass-bottles-with-corks#breadcrumb"},"inLanguage":"tr","potentialAction":[{"@type":"ReadAction","target":["https:\/\/ruishengglassco.com\/product\/rs139-500ml-vintage-glass-bottles-with-corks"]}]},{"@type":"BreadcrumbList","@id":"https:\/\/ruishengglassco.com\/product\/rs139-500ml-vintage-glass-bottles-with-corks#breadcrumb","itemListElement":[{"@type":"ListItem","position":1,"name":"Home","item":"https:\/\/ruishengglassco.com\/"},{"@type":"ListItem","position":2,"name":"Products","item":"https:\/\/ruishengglassco.com\/products"},{"@type":"ListItem","position":3,"name":"RS139: 500ml Vintage Glass Bottles With Corks"}]},{"@type":"WebSite","@id":"https:\/\/ruishengglassco.com\/#website","url":"https:\/\/ruishengglassco.com\/","name":"Ruisheng Glass","description":"","publisher":{"@id":"https:\/\/ruishengglassco.com\/#organization"},"potentialAction":[{"@type":"SearchAction","target":{"@type":"EntryPoint","urlTemplate":"https:\/\/ruishengglassco.com\/?s={search_term_string}"},"query-input":"required name=search_term_string"}],"inLanguage":"tr"},{"@type":"Organization","@id":"https:\/\/ruishengglassco.com\/#organization","name":"Shandong Yuncheng Ruisheng Glass Co., Ltd","url":"https:\/\/ruishengglassco.com\/","logo":{"@type":"ImageObject","inLanguage":"tr","@id":"https:\/\/ruishengglassco.com\/#\/schema\/logo\/image\/","url":"https:\/\/ruishengglassco.com\/wp-content\/uploads\/2023\/09\/ruisheng_logo_icon.webp","contentUrl":"https:\/\/ruishengglassco.com\/wp-content\/uploads\/2023\/09\/ruisheng_logo_icon.webp","width":400,"height":233,"caption":"Shandong Yuncheng Ruisheng Glass Co., Ltd"},"image":{"@id":"https:\/\/ruishengglassco.com\/#\/schema\/logo\/image\/"},"sameAs":["https:\/\/www.facebook.com\/ruishengglassbottles","https:\/\/www.instagram.com\/Ruishengglassbottlewholesales\/","https:\/\/www.youtube.com\/channel\/UCMmbMNGwsL-XrtjfSFLCdVQ"]}]}},"_links":{"self":[{"href":"https:\/\/ruishengglassco.com\/tr\/wp-json\/wp\/v2\/product\/4125","targetHints":{"allow":["GET"]}}],"collection":[{"href":"https:\/\/ruishengglassco.com\/tr\/wp-json\/wp\/v2\/product"}],"about":[{"href":"https:\/\/ruishengglassco.com\/tr\/wp-json\/wp\/v2\/types\/product"}],"replies":[{"embeddable":true,"href":"https:\/\/ruishengglassco.com\/tr\/wp-json\/wp\/v2\/comments?post=4125"}],"wp:featuredmedia":[{"embeddable":true,"href":"https:\/\/ruishengglassco.com\/tr\/wp-json\/wp\/v2\/media\/4126"}],"wp:attachment":[{"href":"https:\/\/ruishengglassco.com\/tr\/wp-json\/wp\/v2\/media?parent=4125"}],"wp:term":[{"taxonomy":"product_cat","embeddable":true,"href":"https:\/\/ruishengglassco.com\/tr\/wp-json\/wp\/v2\/product_cat?post=4125"}],"curies":[{"name":"wp","href":"https:\/\/api.w.org\/{rel}","templated":true}]}}