{"id":4123,"date":"2025-03-14T09:13:49","date_gmt":"2025-03-14T01:13:49","guid":{"rendered":"https:\/\/ruishengglassco.com\/?post_type=product&#038;p=4123"},"modified":"2025-09-11T16:01:55","modified_gmt":"2025-09-11T08:01:55","slug":"rs140-ozel-50ml-absinthe-mini-sise","status":"publish","type":"product","link":"https:\/\/ruishengglassco.com\/tr\/urun\/rs140-ozel-50ml-absinthe-mini-sise","title":{"rendered":"RS140: \u00d6zel 50ml Absinthe Mini \u015ei\u015fe"},"content":{"rendered":"<p>Shandong Yuncheng Ruisheng Glass Co, Ltd'de kendi mini \u015fi\u015felerimizi yap\u0131yoruz. \u00c7in'in en b\u00fcy\u00fck lik\u00f6r \u015fi\u015fesi \u00fcreticilerinden biriyiz. Toplu olarak 50ml Mini Alkol \u015ei\u015feleri sa\u011fl\u0131yoruz, b\u00f6ylece toptan fiyata cam \u015fi\u015feler alabilirsiniz.<\/p>\n<p>Bu absinthe minyat\u00fcr \u015fi\u015fesi \u015feffaf camdan yap\u0131lm\u0131\u015ft\u0131r. Bu sayede \u015feffaf, dayan\u0131kl\u0131 ve p\u00fcr\u00fczs\u00fczd\u00fcr.<\/p>\n<p>\u015eirketimizin 500'den fazla \u00e7al\u0131\u015fan\u0131 ve yetenekli m\u00fchendislerden olu\u015fan bir ekibi vard\u0131r. Zengin deneyimimizle d\u00fcnya \u00e7ap\u0131nda iyi bir \u00fcne sahip olduk.<\/p>\n<p>Ba\u015fl\u0131ca \u00fcr\u00fcnlerimiz, di\u011ferlerinin yan\u0131 s\u0131ra votka \u015fi\u015feleri, brendi \u015fi\u015feleri, viski \u015fi\u015feleri, lik\u00f6r \u015fi\u015feleri ve re\u00e7el \u015fi\u015feleri dahil olmak \u00fczere \u00fcst s\u0131n\u0131f alkol cam \u015fi\u015feleridir. Ayr\u0131ca amber cam \u015fi\u015feler, ye\u015fil \u015fi\u015feler ve su \u015fi\u015feleri de sunabiliriz. Ba\u015fl\u0131ca pazarlar\u0131m\u0131z aras\u0131nda Avrupa, ABD, Avustralya ve di\u011fer b\u00f6lgeler yer almaktad\u0131r. T\u00fcm \u00fcr\u00fcnler yenilik ve i\u015flevsellik a\u00e7\u0131s\u0131ndan y\u00fcksek bir \u00fcne sahiptir.<\/p>\n<h4>Absinthe Mini \u015ei\u015fe Toptan Sat\u0131\u015f\u0131na \u0130li\u015fkin Bilgiler A\u015fa\u011f\u0131daki Gibidir:<\/h4>\n<ul>\n<li>Ana malzeme: Kristal Beyaz Cam, Cam<\/li>\n<li>Kapak: Vidal\u0131 kapak<\/li>\n<li>Referans: RS140<\/li>\n<li>ADEDI: 10000 ADET<\/li>\n<li><span class=\"attr-name J-attr-name\" title=\"Kapasite\">Kapasite<\/span>: 100ml\/375ml\/500ml\/700ml\/750ml\/Custom<\/li>\n<li>Adet\/Ctn: 24 adet<\/li>\n<li>Yerin k\u00f6keni: Shandong, \u00c7in<\/li>\n<li>\u00d6zellik: \u00c7evre dostu<\/li>\n<\/ul>\n<p>Absinthe min cam \u015fi\u015fe fiyat\u0131n\u0131 \u00f6\u011frenmek veya absinthe i\u00e7in \u00f6zel cam \u015fi\u015fe istiyorsan\u0131z, l\u00fctfen bizimle ileti\u015fime ge\u00e7in. Size 24 saat i\u00e7inde cevap verece\u011fiz.<\/p>","protected":false},"excerpt":{"rendered":"<p>Orijinal bir cam \u015fi\u015fe \u00fcreticisi olan Ruisheng, absinthe markalar\u0131na, \u015firketlere, cam \u015fi\u015fe tedarik\u00e7ilerine, toptanc\u0131lara, distrib\u00fct\u00f6rlere ve daha fazlas\u0131na absinthe mini \u015fi\u015feleri i\u00e7in toptan sat\u0131\u015f hizmetleri sunmaktad\u0131r. \u015eeffaf \u015feffaf cam \u015fi\u015fe, cam \u015fi\u015felerimizi m\u00fckemmel absinthe kalitesini sergilemek i\u00e7in daha iyi hale getiren y\u00fcksek \u00e7akmakta\u015f\u0131 cam malzemeyi benimser. Benzersiz \u015fekil tasar\u0131m\u0131, m\u00fc\u015fterilerin dikkatini bir anda \u00e7ekebilir. Birincil cam \u015fi\u015fe \u00fcreticisi olarak, ihtiya\u00e7lar\u0131n\u0131za ba\u011fl\u0131 olarak ODM \/ OEM Hizmeti sa\u011flayabiliriz.<\/p>","protected":false},"featured_media":4124,"comment_status":"closed","ping_status":"closed","template":"","meta":[],"product_cat":[15,48],"class_list":{"0":"post-4123","1":"product","2":"type-product","3":"status-publish","4":"has-post-thumbnail","6":"product_cat-glass-liquor-spirit-bottles","7":"product_cat-50ml-mini-liquor-bottle-manufacturer","9":"first","10":"instock","11":"shipping-taxable","12":"product-type-simple"},"yoast_head":"<!-- This site is optimized with the Yoast SEO plugin v22.0 - https:\/\/yoast.com\/wordpress\/plugins\/seo\/ -->\n<title>RS140: Custom 50ml Absinthe Mini Bottle Wholesale<\/title>\n<meta name=\"description\" content=\"Ruisheng, a professional glass bottle manufacturer, sales absinthe mini bottle wholesale at factory outlet price. Accept custom glass bottles for absinthe.\" \/>\n<meta name=\"robots\" content=\"index, follow, max-snippet:-1, max-image-preview:large, max-video-preview:-1\" \/>\n<link rel=\"canonical\" href=\"https:\/\/ruishengglassco.com\/tr\/urun\/rs140-ozel-50ml-absinthe-mini-sise\" \/>\n<meta property=\"og:locale\" content=\"tr_TR\" \/>\n<meta property=\"og:type\" content=\"article\" \/>\n<meta property=\"og:title\" content=\"RS140: Custom 50ml Absinthe Mini Bottle Wholesale\" \/>\n<meta property=\"og:description\" content=\"Ruisheng, a professional glass bottle manufacturer, sales absinthe mini bottle wholesale at factory outlet price. Accept custom glass bottles for absinthe.\" \/>\n<meta property=\"og:url\" content=\"https:\/\/ruishengglassco.com\/tr\/urun\/rs140-ozel-50ml-absinthe-mini-sise\" \/>\n<meta property=\"article:publisher\" content=\"https:\/\/www.facebook.com\/ruishengglassbottles\" \/>\n<meta property=\"article:modified_time\" content=\"2025-09-11T08:01:55+00:00\" \/>\n<meta property=\"og:image\" content=\"https:\/\/ruishengglassco.com\/wp-content\/uploads\/2025\/03\/Absinthe-Mini-Bottle.webp\" \/>\n\t<meta property=\"og:image:width\" content=\"800\" \/>\n\t<meta property=\"og:image:height\" content=\"800\" \/>\n\t<meta property=\"og:image:type\" content=\"image\/webp\" \/>\n<meta name=\"twitter:card\" content=\"summary_large_image\" \/>\n<meta name=\"twitter:label1\" content=\"Tahmini okuma s\u00fcresi\" \/>\n\t<meta name=\"twitter:data1\" content=\"2 dakika\" \/>\n<script type=\"application\/ld+json\" class=\"yoast-schema-graph\">{\"@context\":\"https:\/\/schema.org\",\"@graph\":[{\"@type\":\"WebPage\",\"@id\":\"https:\/\/ruishengglassco.com\/product\/rs140-custom-50ml-absinthe-mini-bottle\",\"url\":\"https:\/\/ruishengglassco.com\/product\/rs140-custom-50ml-absinthe-mini-bottle\",\"name\":\"RS140: Custom 50ml Absinthe Mini Bottle Wholesale\",\"isPartOf\":{\"@id\":\"https:\/\/ruishengglassco.com\/#website\"},\"datePublished\":\"2025-03-14T01:13:49+00:00\",\"dateModified\":\"2025-09-11T08:01:55+00:00\",\"description\":\"Ruisheng, a professional glass bottle manufacturer, sales absinthe mini bottle wholesale at factory outlet price. Accept custom glass bottles for absinthe.\",\"breadcrumb\":{\"@id\":\"https:\/\/ruishengglassco.com\/product\/rs140-custom-50ml-absinthe-mini-bottle#breadcrumb\"},\"inLanguage\":\"tr\",\"potentialAction\":[{\"@type\":\"ReadAction\",\"target\":[\"https:\/\/ruishengglassco.com\/product\/rs140-custom-50ml-absinthe-mini-bottle\"]}]},{\"@type\":\"BreadcrumbList\",\"@id\":\"https:\/\/ruishengglassco.com\/product\/rs140-custom-50ml-absinthe-mini-bottle#breadcrumb\",\"itemListElement\":[{\"@type\":\"ListItem\",\"position\":1,\"name\":\"Home\",\"item\":\"https:\/\/ruishengglassco.com\/\"},{\"@type\":\"ListItem\",\"position\":2,\"name\":\"Products\",\"item\":\"https:\/\/ruishengglassco.com\/products\"},{\"@type\":\"ListItem\",\"position\":3,\"name\":\"RS140: Custom 50ml Absinthe Mini Bottle\"}]},{\"@type\":\"WebSite\",\"@id\":\"https:\/\/ruishengglassco.com\/#website\",\"url\":\"https:\/\/ruishengglassco.com\/\",\"name\":\"Ruisheng Glass\",\"description\":\"\",\"publisher\":{\"@id\":\"https:\/\/ruishengglassco.com\/#organization\"},\"potentialAction\":[{\"@type\":\"SearchAction\",\"target\":{\"@type\":\"EntryPoint\",\"urlTemplate\":\"https:\/\/ruishengglassco.com\/?s={search_term_string}\"},\"query-input\":\"required name=search_term_string\"}],\"inLanguage\":\"tr\"},{\"@type\":\"Organization\",\"@id\":\"https:\/\/ruishengglassco.com\/#organization\",\"name\":\"Shandong Yuncheng Ruisheng Glass Co., Ltd\",\"url\":\"https:\/\/ruishengglassco.com\/\",\"logo\":{\"@type\":\"ImageObject\",\"inLanguage\":\"tr\",\"@id\":\"https:\/\/ruishengglassco.com\/#\/schema\/logo\/image\/\",\"url\":\"https:\/\/ruishengglassco.com\/wp-content\/uploads\/2023\/09\/ruisheng_logo_icon.webp\",\"contentUrl\":\"https:\/\/ruishengglassco.com\/wp-content\/uploads\/2023\/09\/ruisheng_logo_icon.webp\",\"width\":400,\"height\":233,\"caption\":\"Shandong Yuncheng Ruisheng Glass Co., Ltd\"},\"image\":{\"@id\":\"https:\/\/ruishengglassco.com\/#\/schema\/logo\/image\/\"},\"sameAs\":[\"https:\/\/www.facebook.com\/ruishengglassbottles\",\"https:\/\/www.instagram.com\/Ruishengglassbottlewholesales\/\",\"https:\/\/www.youtube.com\/channel\/UCMmbMNGwsL-XrtjfSFLCdVQ\"]}]}<\/script>\n<!-- \/ Yoast SEO plugin. -->","yoast_head_json":{"title":"RS140: Custom 50ml Absinthe Mini Bottle Wholesale","description":"Ruisheng, a professional glass bottle manufacturer, sales absinthe mini bottle wholesale at factory outlet price. Accept custom glass bottles for absinthe.","robots":{"index":"index","follow":"follow","max-snippet":"max-snippet:-1","max-image-preview":"max-image-preview:large","max-video-preview":"max-video-preview:-1"},"canonical":"https:\/\/ruishengglassco.com\/tr\/urun\/rs140-ozel-50ml-absinthe-mini-sise","og_locale":"tr_TR","og_type":"article","og_title":"RS140: Custom 50ml Absinthe Mini Bottle Wholesale","og_description":"Ruisheng, a professional glass bottle manufacturer, sales absinthe mini bottle wholesale at factory outlet price. Accept custom glass bottles for absinthe.","og_url":"https:\/\/ruishengglassco.com\/tr\/urun\/rs140-ozel-50ml-absinthe-mini-sise","article_publisher":"https:\/\/www.facebook.com\/ruishengglassbottles","article_modified_time":"2025-09-11T08:01:55+00:00","og_image":[{"width":800,"height":800,"url":"https:\/\/ruishengglassco.com\/wp-content\/uploads\/2025\/03\/Absinthe-Mini-Bottle.webp","type":"image\/webp"}],"twitter_card":"summary_large_image","twitter_misc":{"Tahmini okuma s\u00fcresi":"2 dakika"},"schema":{"@context":"https:\/\/schema.org","@graph":[{"@type":"WebPage","@id":"https:\/\/ruishengglassco.com\/product\/rs140-custom-50ml-absinthe-mini-bottle","url":"https:\/\/ruishengglassco.com\/product\/rs140-custom-50ml-absinthe-mini-bottle","name":"RS140: Custom 50ml Absinthe Mini Bottle Wholesale","isPartOf":{"@id":"https:\/\/ruishengglassco.com\/#website"},"datePublished":"2025-03-14T01:13:49+00:00","dateModified":"2025-09-11T08:01:55+00:00","description":"Ruisheng, a professional glass bottle manufacturer, sales absinthe mini bottle wholesale at factory outlet price. Accept custom glass bottles for absinthe.","breadcrumb":{"@id":"https:\/\/ruishengglassco.com\/product\/rs140-custom-50ml-absinthe-mini-bottle#breadcrumb"},"inLanguage":"tr","potentialAction":[{"@type":"ReadAction","target":["https:\/\/ruishengglassco.com\/product\/rs140-custom-50ml-absinthe-mini-bottle"]}]},{"@type":"BreadcrumbList","@id":"https:\/\/ruishengglassco.com\/product\/rs140-custom-50ml-absinthe-mini-bottle#breadcrumb","itemListElement":[{"@type":"ListItem","position":1,"name":"Home","item":"https:\/\/ruishengglassco.com\/"},{"@type":"ListItem","position":2,"name":"Products","item":"https:\/\/ruishengglassco.com\/products"},{"@type":"ListItem","position":3,"name":"RS140: Custom 50ml Absinthe Mini Bottle"}]},{"@type":"WebSite","@id":"https:\/\/ruishengglassco.com\/#website","url":"https:\/\/ruishengglassco.com\/","name":"Ruisheng Glass","description":"","publisher":{"@id":"https:\/\/ruishengglassco.com\/#organization"},"potentialAction":[{"@type":"SearchAction","target":{"@type":"EntryPoint","urlTemplate":"https:\/\/ruishengglassco.com\/?s={search_term_string}"},"query-input":"required name=search_term_string"}],"inLanguage":"tr"},{"@type":"Organization","@id":"https:\/\/ruishengglassco.com\/#organization","name":"Shandong Yuncheng Ruisheng Glass Co., Ltd","url":"https:\/\/ruishengglassco.com\/","logo":{"@type":"ImageObject","inLanguage":"tr","@id":"https:\/\/ruishengglassco.com\/#\/schema\/logo\/image\/","url":"https:\/\/ruishengglassco.com\/wp-content\/uploads\/2023\/09\/ruisheng_logo_icon.webp","contentUrl":"https:\/\/ruishengglassco.com\/wp-content\/uploads\/2023\/09\/ruisheng_logo_icon.webp","width":400,"height":233,"caption":"Shandong Yuncheng Ruisheng Glass Co., Ltd"},"image":{"@id":"https:\/\/ruishengglassco.com\/#\/schema\/logo\/image\/"},"sameAs":["https:\/\/www.facebook.com\/ruishengglassbottles","https:\/\/www.instagram.com\/Ruishengglassbottlewholesales\/","https:\/\/www.youtube.com\/channel\/UCMmbMNGwsL-XrtjfSFLCdVQ"]}]}},"_links":{"self":[{"href":"https:\/\/ruishengglassco.com\/tr\/wp-json\/wp\/v2\/product\/4123","targetHints":{"allow":["GET"]}}],"collection":[{"href":"https:\/\/ruishengglassco.com\/tr\/wp-json\/wp\/v2\/product"}],"about":[{"href":"https:\/\/ruishengglassco.com\/tr\/wp-json\/wp\/v2\/types\/product"}],"replies":[{"embeddable":true,"href":"https:\/\/ruishengglassco.com\/tr\/wp-json\/wp\/v2\/comments?post=4123"}],"wp:featuredmedia":[{"embeddable":true,"href":"https:\/\/ruishengglassco.com\/tr\/wp-json\/wp\/v2\/media\/4124"}],"wp:attachment":[{"href":"https:\/\/ruishengglassco.com\/tr\/wp-json\/wp\/v2\/media?parent=4123"}],"wp:term":[{"taxonomy":"product_cat","embeddable":true,"href":"https:\/\/ruishengglassco.com\/tr\/wp-json\/wp\/v2\/product_cat?post=4123"}],"curies":[{"name":"wp","href":"https:\/\/api.w.org\/{rel}","templated":true}]}}