{"id":4121,"date":"2025-03-14T09:02:56","date_gmt":"2025-03-14T01:02:56","guid":{"rendered":"https:\/\/ruishengglassco.com\/?post_type=product&#038;p=4121"},"modified":"2025-09-11T16:51:47","modified_gmt":"2025-09-11T08:51:47","slug":"rs141-ci%cc%87n-750ml-cam-i%cc%87cki%cc%87-si%cc%87sesi%cc%87","status":"publish","type":"product","link":"https:\/\/ruishengglassco.com\/tr\/urun\/rs141-ci%cc%87n-750ml-cam-i%cc%87cki%cc%87-si%cc%87sesi%cc%87","title":{"rendered":"RS141: \u00c7in 750ml Cam Lik\u00f6r \u015ei\u015fesi"},"content":{"rendered":"<p>\u00dcnl\u00fc bir 750ml \u015farap \u015fi\u015fesi \u00c7in \u00fcreticisi olan Ruisheng, fabrika fiyatlar\u0131nda toptan k\u0131rm\u0131z\u0131 \u015farap \u015fi\u015feleri sunmaktad\u0131r. Sat\u0131l\u0131k bu bo\u015f \u015farap \u015fi\u015feleri s\u0131radan \u015fekildedir, ancak daha fazla s\u0131v\u0131y\u0131 garanti edebilirler. Bu y\u00fczden bu \u015farap cam \u015fi\u015fe 750ml t\u00fcketiciler aras\u0131nda \u00e7ok pop\u00fcler.<br \/>\nBu k\u0131rm\u0131z\u0131 \u015farap \u015fi\u015felerinin toptan rengi \u015feffaft\u0131r; Bir renk gereksiniminiz varsa, iste\u011finize g\u00f6re de\u011fi\u015ftirebiliriz. Logonuzu \u015fi\u015fenin kapa\u011f\u0131na ve g\u00f6vdesine de yazd\u0131rabiliriz. Ayr\u0131ca firmam\u0131z bir\u00e7ok sertifika alm\u0131\u015ft\u0131r, bu nedenle \u015fi\u015felerimiz konusunda kendimize \u00e7ok g\u00fcveniyoruz.<br \/>\n\u015earap cam\u0131 \u015fi\u015feleri yapmadan \u00f6nce hammaddeler konusunda kat\u0131 \u015fartlar\u0131m\u0131z var ve patronumuz fabrikadaki \u015fi\u015felerin \u00fcretimini bizzat denetleyecek.<br \/>\n\u0130hracat \u015farap cam \u015fi\u015felerimiz 750ml ulusal standarda g\u00f6re paketlenmi\u015ftir ve miktar da s\u0131k\u0131 bir hesaplamad\u0131r. Mallar\u0131n \u00fclkenize g\u00fcvenli bir \u015fekilde ula\u015fmas\u0131n\u0131 sa\u011flayaca\u011f\u0131z.<br \/>\nAs\u0131l \u00f6nemli olan m\u00fckemmel sat\u0131\u015f sonras\u0131 hizmetimizdir. Sipari\u015f verdi\u011finiz andan g\u00f6nderildi\u011fi ana kadar sorular\u0131n\u0131z\u0131 yan\u0131tlamak i\u00e7in buraday\u0131z. \u00dcr\u00fcnlerimizi iyi tan\u0131yaca\u011f\u0131n\u0131za s\u00f6z veriyoruz.<br \/>\n\u015eirketimizi teyit etmek isterseniz, sizin i\u00e7in video \u00e7ekebiliriz veya \u015firketimizi ziyaret edebilirsiniz. Sizi almas\u0131 i\u00e7in \u00f6zel birini ayarlayaca\u011f\u0131z ve biri size fabrikay\u0131 gezdirecek.<br \/>\nBa\u015fl\u0131ca \u00fcr\u00fcnlerimiz votka \u015fi\u015feleri, brendi \u015fi\u015feleri, viski \u015fi\u015feleri, lik\u00f6r \u015fi\u015feleri, re\u00e7el \u015fi\u015feleri ve benzeri gibi \u00fcst s\u0131n\u0131f cam \u015fi\u015felerdir. Ayr\u0131ca kehribar cam \u015fi\u015feler, ye\u015fil \u015fi\u015feler ve su \u015fi\u015feleri de sunabiliriz. Ana pazar\u0131m\u0131z Avrupa, ABD, Avustralya, Amerika vb. Ve t\u00fcm \u00fcr\u00fcnler yenilik ve i\u015flevsellik a\u00e7\u0131s\u0131ndan y\u00fcksek bir \u00fcne sahiptir.<\/p>\n<h4>\u00c7in 750ml \u015earap \u015ei\u015feleri \u00dcreticiler<\/h4>\n<p>Cam \u015fi\u015fe ile ilgili bilgiler a\u015fa\u011f\u0131daki gibidir:<\/p>\n<ul>\n<li>Ana malzeme: y\u00fcksek \u00e7akmakta\u015f\u0131 cam<\/li>\n<li>Kapak: vidal\u0131 kapak<\/li>\n<li>Referans: RS141<\/li>\n<li>ADEDI: 10000 ADET<\/li>\n<li>Kapasite: 750ml<\/li>\n<li>Adet\/Ctn: 24 adet<\/li>\n<li>Yerin k\u00f6keni: Shandong, \u00c7in<\/li>\n<li>\u00d6zellik: \u00c7evre dostu<\/li>\n<\/ul>\n<p>750ml \u015farap \u015fi\u015feleri \u00c7in \u00fcreticisinden toptan bu k\u0131rm\u0131z\u0131 \u015farap cam \u015fi\u015felerini be\u011fendiyseniz, l\u00fctfen bizimle ileti\u015fime ge\u00e7mekten \u00e7ekinmeyin.<\/p>\n<p>Be\u011fenmezseniz size katalo\u011fumuzu g\u00f6nderebiliriz, be\u011fendi\u011finiz birini se\u00e7ebilirsiniz.<\/p>\n<p>Toptan \u015farap \u015fi\u015felerimizle ilgileniyorsan\u0131z, l\u00fctfen bizimle ileti\u015fime ge\u00e7in. Size 24 saat i\u00e7inde cevap verece\u011fiz.<\/p>","protected":false},"excerpt":{"rendered":"<p>Bu seri 750ml yuvarlak \u015fekilli cam \u015fi\u015fe esas olarak K\u0131rm\u0131z\u0131 \u015earap ambalaj\u0131 i\u00e7in tasarlanm\u0131\u015ft\u0131r. \u015eeffaf y\u00fcksek \u00e7akmakta\u015f\u0131 cam, k\u0131rm\u0131z\u0131 \u015farab\u0131n g\u00fczel rengini yans\u0131t\u0131r. \u00d6zellikle \u015earaphane ve \u015earap \u015eirketi i\u00e7in tedarik<\/p>\n<p>K\u0131rm\u0131z\u0131 \u015farap i\u00e7in \u00f6zel 750ml cam \u015fi\u015fe:<\/p>\n<ul>\n<li>Referans: RS141<\/li>\n<li><strong>\u00dccretsiz \u00d6rnek ile OEM \/ ODM Hizmeti. Adedi: 10000 adet (10000 ADET)<\/strong><\/li>\n<li>Kapak: Mantar, Vidal\u0131 kapak veya \u00f6zel<\/li>\n<li>Malzeme Y\u00fcksek Flint Cam<\/li>\n<li>\u015ei\u015fe Y\u00fcksekli\u011fi: 228MM\u00b12MMmm<\/li>\n<li>\u015ei\u015fe \u00c7ap\u0131: 92,4MM\u00b12MM<\/li>\n<\/ul>","protected":false},"featured_media":4122,"comment_status":"closed","ping_status":"closed","template":"","meta":[],"product_cat":[15,40],"class_list":{"0":"post-4121","1":"product","2":"type-product","3":"status-publish","4":"has-post-thumbnail","6":"product_cat-glass-liquor-spirit-bottles","7":"product_cat-750ml-liquor-bottle-manufacturer","9":"first","10":"instock","11":"shipping-taxable","12":"product-type-simple"},"yoast_head":"<!-- This site is optimized with the Yoast SEO plugin v22.0 - https:\/\/yoast.com\/wordpress\/plugins\/seo\/ -->\n<title>RS141: China 750ml Glass Liquor Bottle<\/title>\n<meta name=\"description\" content=\"This series 750ml round shape glass bottle is mainly designed for Red Wine packaging. Transparent high flint glass reflects the beautiful color of red wine.\" \/>\n<meta name=\"robots\" content=\"index, follow, max-snippet:-1, max-image-preview:large, max-video-preview:-1\" \/>\n<link rel=\"canonical\" href=\"https:\/\/ruishengglassco.com\/tr\/urun\/rs141-ci\u0307n-750ml-cam-i\u0307cki\u0307-si\u0307sesi\u0307\" \/>\n<meta property=\"og:locale\" content=\"tr_TR\" \/>\n<meta property=\"og:type\" content=\"article\" \/>\n<meta property=\"og:title\" content=\"RS141: China 750ml Glass Liquor Bottle\" \/>\n<meta property=\"og:description\" content=\"This series 750ml round shape glass bottle is mainly designed for Red Wine packaging. Transparent high flint glass reflects the beautiful color of red wine.\" \/>\n<meta property=\"og:url\" content=\"https:\/\/ruishengglassco.com\/tr\/urun\/rs141-ci\u0307n-750ml-cam-i\u0307cki\u0307-si\u0307sesi\u0307\" \/>\n<meta property=\"article:publisher\" content=\"https:\/\/www.facebook.com\/ruishengglassbottles\" \/>\n<meta property=\"article:modified_time\" content=\"2025-09-11T08:51:47+00:00\" \/>\n<meta property=\"og:image\" content=\"https:\/\/ruishengglassco.com\/wp-content\/uploads\/2025\/03\/China-750ml-Glass-Liquor-Bottle.webp\" \/>\n\t<meta property=\"og:image:width\" content=\"800\" \/>\n\t<meta property=\"og:image:height\" content=\"800\" \/>\n\t<meta property=\"og:image:type\" content=\"image\/webp\" \/>\n<meta name=\"twitter:card\" content=\"summary_large_image\" \/>\n<meta name=\"twitter:label1\" content=\"Tahmini okuma s\u00fcresi\" \/>\n\t<meta name=\"twitter:data1\" content=\"2 dakika\" \/>\n<script type=\"application\/ld+json\" class=\"yoast-schema-graph\">{\"@context\":\"https:\/\/schema.org\",\"@graph\":[{\"@type\":\"WebPage\",\"@id\":\"https:\/\/ruishengglassco.com\/product\/rs141-china-750ml-glass-liquor-bottle\",\"url\":\"https:\/\/ruishengglassco.com\/product\/rs141-china-750ml-glass-liquor-bottle\",\"name\":\"RS141: China 750ml Glass Liquor Bottle\",\"isPartOf\":{\"@id\":\"https:\/\/ruishengglassco.com\/#website\"},\"datePublished\":\"2025-03-14T01:02:56+00:00\",\"dateModified\":\"2025-09-11T08:51:47+00:00\",\"description\":\"This series 750ml round shape glass bottle is mainly designed for Red Wine packaging. Transparent high flint glass reflects the beautiful color of red wine.\",\"breadcrumb\":{\"@id\":\"https:\/\/ruishengglassco.com\/product\/rs141-china-750ml-glass-liquor-bottle#breadcrumb\"},\"inLanguage\":\"tr\",\"potentialAction\":[{\"@type\":\"ReadAction\",\"target\":[\"https:\/\/ruishengglassco.com\/product\/rs141-china-750ml-glass-liquor-bottle\"]}]},{\"@type\":\"BreadcrumbList\",\"@id\":\"https:\/\/ruishengglassco.com\/product\/rs141-china-750ml-glass-liquor-bottle#breadcrumb\",\"itemListElement\":[{\"@type\":\"ListItem\",\"position\":1,\"name\":\"Home\",\"item\":\"https:\/\/ruishengglassco.com\/\"},{\"@type\":\"ListItem\",\"position\":2,\"name\":\"Products\",\"item\":\"https:\/\/ruishengglassco.com\/products\"},{\"@type\":\"ListItem\",\"position\":3,\"name\":\"RS141: China 750ml Glass Liquor Bottle\"}]},{\"@type\":\"WebSite\",\"@id\":\"https:\/\/ruishengglassco.com\/#website\",\"url\":\"https:\/\/ruishengglassco.com\/\",\"name\":\"Ruisheng Glass\",\"description\":\"\",\"publisher\":{\"@id\":\"https:\/\/ruishengglassco.com\/#organization\"},\"potentialAction\":[{\"@type\":\"SearchAction\",\"target\":{\"@type\":\"EntryPoint\",\"urlTemplate\":\"https:\/\/ruishengglassco.com\/?s={search_term_string}\"},\"query-input\":\"required name=search_term_string\"}],\"inLanguage\":\"tr\"},{\"@type\":\"Organization\",\"@id\":\"https:\/\/ruishengglassco.com\/#organization\",\"name\":\"Shandong Yuncheng Ruisheng Glass Co., Ltd\",\"url\":\"https:\/\/ruishengglassco.com\/\",\"logo\":{\"@type\":\"ImageObject\",\"inLanguage\":\"tr\",\"@id\":\"https:\/\/ruishengglassco.com\/#\/schema\/logo\/image\/\",\"url\":\"https:\/\/ruishengglassco.com\/wp-content\/uploads\/2023\/09\/ruisheng_logo_icon.webp\",\"contentUrl\":\"https:\/\/ruishengglassco.com\/wp-content\/uploads\/2023\/09\/ruisheng_logo_icon.webp\",\"width\":400,\"height\":233,\"caption\":\"Shandong Yuncheng Ruisheng Glass Co., Ltd\"},\"image\":{\"@id\":\"https:\/\/ruishengglassco.com\/#\/schema\/logo\/image\/\"},\"sameAs\":[\"https:\/\/www.facebook.com\/ruishengglassbottles\",\"https:\/\/www.instagram.com\/Ruishengglassbottlewholesales\/\",\"https:\/\/www.youtube.com\/channel\/UCMmbMNGwsL-XrtjfSFLCdVQ\"]}]}<\/script>\n<!-- \/ Yoast SEO plugin. -->","yoast_head_json":{"title":"RS141: China 750ml Glass Liquor Bottle","description":"This series 750ml round shape glass bottle is mainly designed for Red Wine packaging. Transparent high flint glass reflects the beautiful color of red wine.","robots":{"index":"index","follow":"follow","max-snippet":"max-snippet:-1","max-image-preview":"max-image-preview:large","max-video-preview":"max-video-preview:-1"},"canonical":"https:\/\/ruishengglassco.com\/tr\/urun\/rs141-ci\u0307n-750ml-cam-i\u0307cki\u0307-si\u0307sesi\u0307","og_locale":"tr_TR","og_type":"article","og_title":"RS141: China 750ml Glass Liquor Bottle","og_description":"This series 750ml round shape glass bottle is mainly designed for Red Wine packaging. Transparent high flint glass reflects the beautiful color of red wine.","og_url":"https:\/\/ruishengglassco.com\/tr\/urun\/rs141-ci\u0307n-750ml-cam-i\u0307cki\u0307-si\u0307sesi\u0307","article_publisher":"https:\/\/www.facebook.com\/ruishengglassbottles","article_modified_time":"2025-09-11T08:51:47+00:00","og_image":[{"width":800,"height":800,"url":"https:\/\/ruishengglassco.com\/wp-content\/uploads\/2025\/03\/China-750ml-Glass-Liquor-Bottle.webp","type":"image\/webp"}],"twitter_card":"summary_large_image","twitter_misc":{"Tahmini okuma s\u00fcresi":"2 dakika"},"schema":{"@context":"https:\/\/schema.org","@graph":[{"@type":"WebPage","@id":"https:\/\/ruishengglassco.com\/product\/rs141-china-750ml-glass-liquor-bottle","url":"https:\/\/ruishengglassco.com\/product\/rs141-china-750ml-glass-liquor-bottle","name":"RS141: China 750ml Glass Liquor Bottle","isPartOf":{"@id":"https:\/\/ruishengglassco.com\/#website"},"datePublished":"2025-03-14T01:02:56+00:00","dateModified":"2025-09-11T08:51:47+00:00","description":"This series 750ml round shape glass bottle is mainly designed for Red Wine packaging. Transparent high flint glass reflects the beautiful color of red wine.","breadcrumb":{"@id":"https:\/\/ruishengglassco.com\/product\/rs141-china-750ml-glass-liquor-bottle#breadcrumb"},"inLanguage":"tr","potentialAction":[{"@type":"ReadAction","target":["https:\/\/ruishengglassco.com\/product\/rs141-china-750ml-glass-liquor-bottle"]}]},{"@type":"BreadcrumbList","@id":"https:\/\/ruishengglassco.com\/product\/rs141-china-750ml-glass-liquor-bottle#breadcrumb","itemListElement":[{"@type":"ListItem","position":1,"name":"Home","item":"https:\/\/ruishengglassco.com\/"},{"@type":"ListItem","position":2,"name":"Products","item":"https:\/\/ruishengglassco.com\/products"},{"@type":"ListItem","position":3,"name":"RS141: China 750ml Glass Liquor Bottle"}]},{"@type":"WebSite","@id":"https:\/\/ruishengglassco.com\/#website","url":"https:\/\/ruishengglassco.com\/","name":"Ruisheng Glass","description":"","publisher":{"@id":"https:\/\/ruishengglassco.com\/#organization"},"potentialAction":[{"@type":"SearchAction","target":{"@type":"EntryPoint","urlTemplate":"https:\/\/ruishengglassco.com\/?s={search_term_string}"},"query-input":"required name=search_term_string"}],"inLanguage":"tr"},{"@type":"Organization","@id":"https:\/\/ruishengglassco.com\/#organization","name":"Shandong Yuncheng Ruisheng Glass Co., Ltd","url":"https:\/\/ruishengglassco.com\/","logo":{"@type":"ImageObject","inLanguage":"tr","@id":"https:\/\/ruishengglassco.com\/#\/schema\/logo\/image\/","url":"https:\/\/ruishengglassco.com\/wp-content\/uploads\/2023\/09\/ruisheng_logo_icon.webp","contentUrl":"https:\/\/ruishengglassco.com\/wp-content\/uploads\/2023\/09\/ruisheng_logo_icon.webp","width":400,"height":233,"caption":"Shandong Yuncheng Ruisheng Glass Co., Ltd"},"image":{"@id":"https:\/\/ruishengglassco.com\/#\/schema\/logo\/image\/"},"sameAs":["https:\/\/www.facebook.com\/ruishengglassbottles","https:\/\/www.instagram.com\/Ruishengglassbottlewholesales\/","https:\/\/www.youtube.com\/channel\/UCMmbMNGwsL-XrtjfSFLCdVQ"]}]}},"_links":{"self":[{"href":"https:\/\/ruishengglassco.com\/tr\/wp-json\/wp\/v2\/product\/4121","targetHints":{"allow":["GET"]}}],"collection":[{"href":"https:\/\/ruishengglassco.com\/tr\/wp-json\/wp\/v2\/product"}],"about":[{"href":"https:\/\/ruishengglassco.com\/tr\/wp-json\/wp\/v2\/types\/product"}],"replies":[{"embeddable":true,"href":"https:\/\/ruishengglassco.com\/tr\/wp-json\/wp\/v2\/comments?post=4121"}],"wp:featuredmedia":[{"embeddable":true,"href":"https:\/\/ruishengglassco.com\/tr\/wp-json\/wp\/v2\/media\/4122"}],"wp:attachment":[{"href":"https:\/\/ruishengglassco.com\/tr\/wp-json\/wp\/v2\/media?parent=4121"}],"wp:term":[{"taxonomy":"product_cat","embeddable":true,"href":"https:\/\/ruishengglassco.com\/tr\/wp-json\/wp\/v2\/product_cat?post=4121"}],"curies":[{"name":"wp","href":"https:\/\/api.w.org\/{rel}","templated":true}]}}