{"id":4119,"date":"2025-03-14T08:55:20","date_gmt":"2025-03-14T00:55:20","guid":{"rendered":"https:\/\/ruishengglassco.com\/?post_type=product&#038;p=4119"},"modified":"2025-07-16T13:24:35","modified_gmt":"2025-07-16T05:24:35","slug":"rs142-cin-ureticisinden-500ml-cam-sise-satin-alin","status":"publish","type":"product","link":"https:\/\/ruishengglassco.com\/tr\/urun\/rs142-cin-ureticisinden-500ml-cam-sise-satin-alin","title":{"rendered":"RS142: \u00c7in \u00dcreticisinden 500ml Cam \u015ei\u015feler Sat\u0131n Al\u0131n"},"content":{"rendered":"<p>Firmam\u0131z her t\u00fcrl\u00fc \u015fi\u015fe, parf\u00fcm \u015fi\u015fesi \u00fcretmektedir ve bunu da yapabiliriz. Bu renkli bir cam \u015fi\u015fe 500ml cam \u015fi\u015fe; \u015fekli d\u00fcz ve rengi \u015feffaft\u0131r.<br \/>Elimizdeki renk malzemesi y\u00fcksek \u00e7akmakta\u015f\u0131 ve s\u00fcper \u00e7akmakta\u015f\u0131d\u0131r; ikincisi daha sert ve daha \u015feffaft\u0131r. Ba\u015fka renkler istiyorsan\u0131z, sizin i\u00e7in ba\u015fka renkler de boyar\u0131z.<br \/>\u00dcr\u00fcnlerimiz t\u00fcm d\u00fcnyada sat\u0131lmaktad\u0131r ve m\u00fc\u015fterilerimize her zaman en iyi \u00fcr\u00fcn ve hizmetleri sunmaya ba\u011fl\u0131y\u0131z. A\u011f\u0131rl\u0131kl\u0131 olarak Amerika, Rusya ve G\u00fcneydo\u011fu Asya'ya sat\u0131\u015f yap\u0131yoruz.<br \/>Ba\u015fl\u0131ca \u00fcr\u00fcnlerimiz votka \u015fi\u015feleri, brendi \u015fi\u015feleri, viski \u015fi\u015feleri, lik\u00f6r \u015fi\u015feleri, re\u00e7el \u015fi\u015feleri vb. Ayr\u0131ca amber cam \u015fi\u015feler, ye\u015fil \u015fi\u015feler ve su \u015fi\u015feleri de sunabiliriz.<br \/>\u00dcr\u00fcnlerimizin kalitesinin y\u00fcksek oldu\u011funu garanti edebiliriz \u00e7\u00fcnk\u00fc t\u00fcm cam \u015fi\u015feler biz gitmeden \u00f6nce s\u0131k\u0131 denetimden ge\u00e7er.<br \/>\u00a0<br \/>Bir\u00e7ok yabanc\u0131 m\u00fc\u015fteri \u015fi\u015felerimizi sipari\u015f edecek \u00e7\u00fcnk\u00fc bir kez sat\u0131n ald\u0131\u011f\u0131n\u0131zda bir dahaki sefere geri geleceksiniz.<br \/>\u00dcr\u00fcnlerimizin y\u00fcksek kaliteli oldu\u011funa inan\u0131yorum ve bize g\u00fcvenebilece\u011finizi umuyoruz. Bize g\u00fcvenmiyorsan\u0131z, l\u00fctfen fabrikam\u0131z\u0131 ziyaret etmekten \u00e7ekinmeyin.<br \/>Firmam\u0131z ayr\u0131ca \u00f6zel \u015fi\u015feleri de kabul etmektedir; bize \u00e7izimler verebilirseniz, ayn\u0131s\u0131n\u0131 yapabiliriz.<br \/>Bu \u015fi\u015feyi be\u011fendiyseniz veya be\u011fenmediyseniz l\u00fctfen bizimle ileti\u015fime ge\u00e7mekten \u00e7ekinmeyin. Size katalo\u011fumuzu g\u00f6nderebiliriz ve be\u011fendiklerinizi se\u00e7ip bana bir resim g\u00f6nderebilirsiniz.<br \/>Bu \u015fi\u015fe hakk\u0131nda daha fazla bilgi edinmek istiyorsan\u0131z, l\u00fctfen bizimle ileti\u015fime ge\u00e7mekten \u00e7ekinmeyin, sorunuzu cevaplayaca\u011f\u0131z.<\/p>\n<p>Bu Renkli cam \u015fi\u015feler 500ml cam \u015fi\u015feler sat\u0131n almakla ilgileniyorsan\u0131z, l\u00fctfen bizimle ileti\u015fime ge\u00e7in. Size 24 saat i\u00e7inde cevap verece\u011fiz.<\/p>","protected":false},"excerpt":{"rendered":"<ul>\n<li>Ana malzeme: y\u00fcksek \u00e7akmakta\u015f\u0131 cam<\/li>\n<li>Kapak: Mantar<\/li>\n<li>Referans: RS142<\/li>\n<li>ADEDI: 10000 ADET<\/li>\n<li>Kapasite: m\u00fc\u015fteri talebine g\u00f6re<\/li>\n<li>Adet\/Ctn:24 adet<\/li>\n<li>Yerin k\u00f6keni: Shandong, \u00c7in<\/li>\n<li>\u00d6zellik: \u00c7evre dostu<\/li>\n<\/ul>","protected":false},"featured_media":4120,"comment_status":"closed","ping_status":"closed","template":"","meta":[],"product_cat":[41,52],"class_list":{"0":"post-4119","1":"product","2":"type-product","3":"status-publish","4":"has-post-thumbnail","6":"product_cat-500ml-liquor-bottle-manufacturer","7":"product_cat-vodka-bottle","9":"first","10":"instock","11":"shipping-taxable","12":"product-type-simple"},"yoast_head":"<!-- This site is optimized with the Yoast SEO plugin v22.0 - https:\/\/yoast.com\/wordpress\/plugins\/seo\/ -->\n<title>RS142: Buy 500ml Glass Bottles From China Manufacturer<\/title>\n<meta name=\"description\" content=\"The glass bottles with corks is made by high flint glass material which make the glass bottle more clear, more durable and more smooth.\" \/>\n<meta name=\"robots\" content=\"index, follow, max-snippet:-1, max-image-preview:large, max-video-preview:-1\" \/>\n<link rel=\"canonical\" href=\"https:\/\/ruishengglassco.com\/tr\/urun\/rs142-cin-ureticisinden-500ml-cam-sise-satin-alin\" \/>\n<meta property=\"og:locale\" content=\"tr_TR\" \/>\n<meta property=\"og:type\" content=\"article\" \/>\n<meta property=\"og:title\" content=\"RS142: Buy 500ml Glass Bottles From China Manufacturer\" \/>\n<meta property=\"og:description\" content=\"The glass bottles with corks is made by high flint glass material which make the glass bottle more clear, more durable and more smooth.\" \/>\n<meta property=\"og:url\" content=\"https:\/\/ruishengglassco.com\/tr\/urun\/rs142-cin-ureticisinden-500ml-cam-sise-satin-alin\" \/>\n<meta property=\"article:publisher\" content=\"https:\/\/www.facebook.com\/ruishengglassbottles\" \/>\n<meta property=\"article:modified_time\" content=\"2025-07-16T05:24:35+00:00\" \/>\n<meta property=\"og:image\" content=\"https:\/\/ruishengglassco.com\/wp-content\/uploads\/2025\/03\/Buy-500ml-Glass-Bottles-From-China-Manufacturer.webp\" \/>\n\t<meta property=\"og:image:width\" content=\"350\" \/>\n\t<meta property=\"og:image:height\" content=\"350\" \/>\n\t<meta property=\"og:image:type\" content=\"image\/webp\" \/>\n<meta name=\"twitter:card\" content=\"summary_large_image\" \/>\n<meta name=\"twitter:label1\" content=\"Tahmini okuma s\u00fcresi\" \/>\n\t<meta name=\"twitter:data1\" content=\"2 dakika\" \/>\n<script type=\"application\/ld+json\" class=\"yoast-schema-graph\">{\"@context\":\"https:\/\/schema.org\",\"@graph\":[{\"@type\":\"WebPage\",\"@id\":\"https:\/\/ruishengglassco.com\/product\/rs142-buy-500ml-glass-bottles-from-china-manufacturer\",\"url\":\"https:\/\/ruishengglassco.com\/product\/rs142-buy-500ml-glass-bottles-from-china-manufacturer\",\"name\":\"RS142: Buy 500ml Glass Bottles From China Manufacturer\",\"isPartOf\":{\"@id\":\"https:\/\/ruishengglassco.com\/#website\"},\"datePublished\":\"2025-03-14T00:55:20+00:00\",\"dateModified\":\"2025-07-16T05:24:35+00:00\",\"description\":\"The glass bottles with corks is made by high flint glass material which make the glass bottle more clear, more durable and more smooth.\",\"breadcrumb\":{\"@id\":\"https:\/\/ruishengglassco.com\/product\/rs142-buy-500ml-glass-bottles-from-china-manufacturer#breadcrumb\"},\"inLanguage\":\"tr\",\"potentialAction\":[{\"@type\":\"ReadAction\",\"target\":[\"https:\/\/ruishengglassco.com\/product\/rs142-buy-500ml-glass-bottles-from-china-manufacturer\"]}]},{\"@type\":\"BreadcrumbList\",\"@id\":\"https:\/\/ruishengglassco.com\/product\/rs142-buy-500ml-glass-bottles-from-china-manufacturer#breadcrumb\",\"itemListElement\":[{\"@type\":\"ListItem\",\"position\":1,\"name\":\"Home\",\"item\":\"https:\/\/ruishengglassco.com\/\"},{\"@type\":\"ListItem\",\"position\":2,\"name\":\"Products\",\"item\":\"https:\/\/ruishengglassco.com\/products\"},{\"@type\":\"ListItem\",\"position\":3,\"name\":\"RS142: Buy 500ml Glass Bottles From China Manufacturer\"}]},{\"@type\":\"WebSite\",\"@id\":\"https:\/\/ruishengglassco.com\/#website\",\"url\":\"https:\/\/ruishengglassco.com\/\",\"name\":\"Ruisheng Glass\",\"description\":\"\",\"publisher\":{\"@id\":\"https:\/\/ruishengglassco.com\/#organization\"},\"potentialAction\":[{\"@type\":\"SearchAction\",\"target\":{\"@type\":\"EntryPoint\",\"urlTemplate\":\"https:\/\/ruishengglassco.com\/?s={search_term_string}\"},\"query-input\":\"required name=search_term_string\"}],\"inLanguage\":\"tr\"},{\"@type\":\"Organization\",\"@id\":\"https:\/\/ruishengglassco.com\/#organization\",\"name\":\"Shandong Yuncheng Ruisheng Glass Co., Ltd\",\"url\":\"https:\/\/ruishengglassco.com\/\",\"logo\":{\"@type\":\"ImageObject\",\"inLanguage\":\"tr\",\"@id\":\"https:\/\/ruishengglassco.com\/#\/schema\/logo\/image\/\",\"url\":\"https:\/\/ruishengglassco.com\/wp-content\/uploads\/2023\/09\/ruisheng_logo_icon.webp\",\"contentUrl\":\"https:\/\/ruishengglassco.com\/wp-content\/uploads\/2023\/09\/ruisheng_logo_icon.webp\",\"width\":400,\"height\":233,\"caption\":\"Shandong Yuncheng Ruisheng Glass Co., Ltd\"},\"image\":{\"@id\":\"https:\/\/ruishengglassco.com\/#\/schema\/logo\/image\/\"},\"sameAs\":[\"https:\/\/www.facebook.com\/ruishengglassbottles\",\"https:\/\/www.instagram.com\/Ruishengglassbottlewholesales\/\",\"https:\/\/www.youtube.com\/channel\/UCMmbMNGwsL-XrtjfSFLCdVQ\"]}]}<\/script>\n<!-- \/ Yoast SEO plugin. -->","yoast_head_json":{"title":"RS142: Buy 500ml Glass Bottles From China Manufacturer","description":"The glass bottles with corks is made by high flint glass material which make the glass bottle more clear, more durable and more smooth.","robots":{"index":"index","follow":"follow","max-snippet":"max-snippet:-1","max-image-preview":"max-image-preview:large","max-video-preview":"max-video-preview:-1"},"canonical":"https:\/\/ruishengglassco.com\/tr\/urun\/rs142-cin-ureticisinden-500ml-cam-sise-satin-alin","og_locale":"tr_TR","og_type":"article","og_title":"RS142: Buy 500ml Glass Bottles From China Manufacturer","og_description":"The glass bottles with corks is made by high flint glass material which make the glass bottle more clear, more durable and more smooth.","og_url":"https:\/\/ruishengglassco.com\/tr\/urun\/rs142-cin-ureticisinden-500ml-cam-sise-satin-alin","article_publisher":"https:\/\/www.facebook.com\/ruishengglassbottles","article_modified_time":"2025-07-16T05:24:35+00:00","og_image":[{"width":350,"height":350,"url":"https:\/\/ruishengglassco.com\/wp-content\/uploads\/2025\/03\/Buy-500ml-Glass-Bottles-From-China-Manufacturer.webp","type":"image\/webp"}],"twitter_card":"summary_large_image","twitter_misc":{"Tahmini okuma s\u00fcresi":"2 dakika"},"schema":{"@context":"https:\/\/schema.org","@graph":[{"@type":"WebPage","@id":"https:\/\/ruishengglassco.com\/product\/rs142-buy-500ml-glass-bottles-from-china-manufacturer","url":"https:\/\/ruishengglassco.com\/product\/rs142-buy-500ml-glass-bottles-from-china-manufacturer","name":"RS142: Buy 500ml Glass Bottles From China Manufacturer","isPartOf":{"@id":"https:\/\/ruishengglassco.com\/#website"},"datePublished":"2025-03-14T00:55:20+00:00","dateModified":"2025-07-16T05:24:35+00:00","description":"The glass bottles with corks is made by high flint glass material which make the glass bottle more clear, more durable and more smooth.","breadcrumb":{"@id":"https:\/\/ruishengglassco.com\/product\/rs142-buy-500ml-glass-bottles-from-china-manufacturer#breadcrumb"},"inLanguage":"tr","potentialAction":[{"@type":"ReadAction","target":["https:\/\/ruishengglassco.com\/product\/rs142-buy-500ml-glass-bottles-from-china-manufacturer"]}]},{"@type":"BreadcrumbList","@id":"https:\/\/ruishengglassco.com\/product\/rs142-buy-500ml-glass-bottles-from-china-manufacturer#breadcrumb","itemListElement":[{"@type":"ListItem","position":1,"name":"Home","item":"https:\/\/ruishengglassco.com\/"},{"@type":"ListItem","position":2,"name":"Products","item":"https:\/\/ruishengglassco.com\/products"},{"@type":"ListItem","position":3,"name":"RS142: Buy 500ml Glass Bottles From China Manufacturer"}]},{"@type":"WebSite","@id":"https:\/\/ruishengglassco.com\/#website","url":"https:\/\/ruishengglassco.com\/","name":"Ruisheng Glass","description":"","publisher":{"@id":"https:\/\/ruishengglassco.com\/#organization"},"potentialAction":[{"@type":"SearchAction","target":{"@type":"EntryPoint","urlTemplate":"https:\/\/ruishengglassco.com\/?s={search_term_string}"},"query-input":"required name=search_term_string"}],"inLanguage":"tr"},{"@type":"Organization","@id":"https:\/\/ruishengglassco.com\/#organization","name":"Shandong Yuncheng Ruisheng Glass Co., Ltd","url":"https:\/\/ruishengglassco.com\/","logo":{"@type":"ImageObject","inLanguage":"tr","@id":"https:\/\/ruishengglassco.com\/#\/schema\/logo\/image\/","url":"https:\/\/ruishengglassco.com\/wp-content\/uploads\/2023\/09\/ruisheng_logo_icon.webp","contentUrl":"https:\/\/ruishengglassco.com\/wp-content\/uploads\/2023\/09\/ruisheng_logo_icon.webp","width":400,"height":233,"caption":"Shandong Yuncheng Ruisheng Glass Co., Ltd"},"image":{"@id":"https:\/\/ruishengglassco.com\/#\/schema\/logo\/image\/"},"sameAs":["https:\/\/www.facebook.com\/ruishengglassbottles","https:\/\/www.instagram.com\/Ruishengglassbottlewholesales\/","https:\/\/www.youtube.com\/channel\/UCMmbMNGwsL-XrtjfSFLCdVQ"]}]}},"_links":{"self":[{"href":"https:\/\/ruishengglassco.com\/tr\/wp-json\/wp\/v2\/product\/4119","targetHints":{"allow":["GET"]}}],"collection":[{"href":"https:\/\/ruishengglassco.com\/tr\/wp-json\/wp\/v2\/product"}],"about":[{"href":"https:\/\/ruishengglassco.com\/tr\/wp-json\/wp\/v2\/types\/product"}],"replies":[{"embeddable":true,"href":"https:\/\/ruishengglassco.com\/tr\/wp-json\/wp\/v2\/comments?post=4119"}],"wp:featuredmedia":[{"embeddable":true,"href":"https:\/\/ruishengglassco.com\/tr\/wp-json\/wp\/v2\/media\/4120"}],"wp:attachment":[{"href":"https:\/\/ruishengglassco.com\/tr\/wp-json\/wp\/v2\/media?parent=4119"}],"wp:term":[{"taxonomy":"product_cat","embeddable":true,"href":"https:\/\/ruishengglassco.com\/tr\/wp-json\/wp\/v2\/product_cat?post=4119"}],"curies":[{"name":"wp","href":"https:\/\/api.w.org\/{rel}","templated":true}]}}