{"id":3824,"date":"2024-07-04T16:15:40","date_gmt":"2024-07-04T08:15:40","guid":{"rendered":"https:\/\/ruishengglassco.com\/?post_type=product&#038;p=3824"},"modified":"2024-07-15T11:45:42","modified_gmt":"2024-07-15T03:45:42","slug":"elektrokaplama-cam-sise-tedarikcisi","status":"publish","type":"product","link":"https:\/\/ruishengglassco.com\/tr\/urun\/elektrokaplama-cam-sise-tedarikcisi","title":{"rendered":"Elektrokaplama Cam \u015ei\u015fe"},"content":{"rendered":"<section class=\"section\" id=\"section_1685670398\">\n\t\t<div class=\"bg section-bg fill bg-fill  bg-loaded\" >\n\n\t\t\t\n\t\t\t\n\t\t\t\n\n\t\t<\/div>\n\n\t\t\n\n\t\t<div class=\"section-content relative\">\n\t\t\t\n<div class=\"row\"  id=\"row-1255237640\">\n\n\t<div id=\"col-1098385383\" class=\"col small-12 large-12\"  >\n\t\t\t\t<div class=\"col-inner\"  >\n\t\t\t\n\t\t\t\n<h2 style=\"text-align: center;\">\u00a0Lik\u00f6r ve Alkoll\u00fc \u0130\u00e7kiler \u0130\u00e7in Neden Elektrokaplama Cam \u015ei\u015femizi Se\u00e7melisiniz?<\/h2>\n\t\t<\/div>\n\t\t\t\t\t<\/div>\n\n\t\n<\/div>\n<div class=\"row\"  id=\"row-382994342\">\n\n\t<div id=\"col-98881803\" class=\"col medium-4 small-12 large-4\"  >\n\t\t\t\t<div class=\"col-inner\"  >\n\t\t\t\n\t\t\t\n\t<div class=\"box has-hover   has-hover box-text-bottom\" >\n\n\t\t<div class=\"box-image\" >\n\t\t\t\t\t\t<div class=\"image-zoom\" >\n\t\t\t\t<img decoding=\"async\" width=\"509\" height=\"740\" src=\"https:\/\/ruishengglassco.com\/wp-content\/uploads\/2024\/07\/Electroplating-Glass_Bottle_for_Liquor_Spirits_blue.webp\" class=\"attachment-original size-original\" alt=\"Elektrokaplama Cam_\u015ei\u015fe_i\u00e7in_Lik\u00f6r_Spirits_blue\" srcset=\"https:\/\/ruishengglassco.com\/wp-content\/uploads\/2024\/07\/Electroplating-Glass_Bottle_for_Liquor_Spirits_blue.webp 509w, https:\/\/ruishengglassco.com\/wp-content\/uploads\/2024\/07\/Electroplating-Glass_Bottle_for_Liquor_Spirits_blue-206x300.webp 206w\" sizes=\"(max-width: 509px) 100vw, 509px\" \/>\t\t\t\t\t\t\t\t\t\t\t<\/div>\n\t\t\t\t\t<\/div>\n\n\t\t<div class=\"box-text text-center\" >\n\t\t\t<div class=\"box-text-inner\">\n\t\t\t\t\n<h4>M\u00fckemmel Kalite:<\/h4>\n<p>Elektrokaplama i\u015flemimiz y\u00fcksek kaliteli bir y\u00fczey sa\u011flar. Cam \u015fi\u015fenin daha iyi g\u00f6r\u00fcnmesini sa\u011flar.<\/p>\n\t\t\t<\/div>\n\t\t<\/div>\n\t<\/div>\n\t\n\t\t<\/div>\n\t\t\t\t\t<\/div>\n\n\t\n\n\t<div id=\"col-7399161\" class=\"col medium-4 small-12 large-4\"  >\n\t\t\t\t<div class=\"col-inner\"  >\n\t\t\t\n\t\t\t\n\t<div class=\"box has-hover   has-hover box-text-bottom\" >\n\n\t\t<div class=\"box-image\" >\n\t\t\t\t\t\t<div class=\"image-zoom\" >\n\t\t\t\t<img decoding=\"async\" width=\"509\" height=\"740\" src=\"https:\/\/ruishengglassco.com\/wp-content\/uploads\/2024\/07\/Electroplating-Glass_Bottle_for_Liquor_Spirits_clear.webp\" class=\"attachment-original size-original\" alt=\"Elektrokaplama Cam_\u015ei\u015fe_i\u00e7in_Lik\u00f6r_Spirits_a\u00e7\u0131k\" srcset=\"https:\/\/ruishengglassco.com\/wp-content\/uploads\/2024\/07\/Electroplating-Glass_Bottle_for_Liquor_Spirits_clear.webp 509w, https:\/\/ruishengglassco.com\/wp-content\/uploads\/2024\/07\/Electroplating-Glass_Bottle_for_Liquor_Spirits_clear-206x300.webp 206w\" sizes=\"(max-width: 509px) 100vw, 509px\" \/>\t\t\t\t\t\t\t\t\t\t\t<\/div>\n\t\t\t\t\t<\/div>\n\n\t\t<div class=\"box-text text-center\" >\n\t\t\t<div class=\"box-text-inner\">\n\t\t\t\t\n<h4>\u00d6zelle\u015ftirme Se\u00e7enekleri:<\/h4>\n<p>\u00d6zel elektrokaplama y\u00fczeyler sunuyoruz. M\u00fc\u015fterilerimizin marka ve tasar\u0131m ihtiya\u00e7lar\u0131na uygundurlar.<\/p>\n\t\t\t<\/div>\n\t\t<\/div>\n\t<\/div>\n\t\n\t\t<\/div>\n\t\t\t\t\t<\/div>\n\n\t\n\n\t<div id=\"col-124333083\" class=\"col medium-4 small-12 large-4\"  >\n\t\t\t\t<div class=\"col-inner\"  >\n\t\t\t\n\t\t\t\n\t<div class=\"box has-hover   has-hover box-text-bottom\" >\n\n\t\t<div class=\"box-image\" >\n\t\t\t\t\t\t<div class=\"image-zoom\" >\n\t\t\t\t<img decoding=\"async\" width=\"509\" height=\"740\" src=\"https:\/\/ruishengglassco.com\/wp-content\/uploads\/2024\/07\/Electroplating-Glass_Bottle_for_Liquor_Spirits.webp\" class=\"attachment-original size-original\" alt=\"Elektrokaplama Cam_\u015ei\u015fe_i\u00e7in_Lik\u00f6r_\u0130\u00e7kileri\" srcset=\"https:\/\/ruishengglassco.com\/wp-content\/uploads\/2024\/07\/Electroplating-Glass_Bottle_for_Liquor_Spirits.webp 509w, https:\/\/ruishengglassco.com\/wp-content\/uploads\/2024\/07\/Electroplating-Glass_Bottle_for_Liquor_Spirits-206x300.webp 206w\" sizes=\"(max-width: 509px) 100vw, 509px\" \/>\t\t\t\t\t\t\t\t\t\t\t<\/div>\n\t\t\t\t\t<\/div>\n\n\t\t<div class=\"box-text text-center\" >\n\t\t\t<div class=\"box-text-inner\">\n\t\t\t\t\n<h4>Dayan\u0131kl\u0131l\u0131k:<\/h4>\n<p>Elektrokaplama dayan\u0131kl\u0131 bir y\u00fczey olu\u015fturur. \u015ei\u015fenin d\u00fczenli kullan\u0131mda bile zaman i\u00e7inde g\u00f6r\u00fcn\u00fcm\u00fcn\u00fc ve kalitesini korumas\u0131n\u0131 sa\u011flar.<\/p>\n\t\t\t<\/div>\n\t\t<\/div>\n\t<\/div>\n\t\n\t\t<\/div>\n\t\t\t\t\t<\/div>\n\n\t\n<\/div>\n<div class=\"row\"  id=\"row-769780781\">\n\n\t<div id=\"col-828833864\" class=\"col small-12 large-12\"  >\n\t\t\t\t<div class=\"col-inner\"  >\n\t\t\t\n\t\t\t\n<p style=\"text-align: center;\"><a class=\"button gradient\" data-fancybox=\"\" data-src=\"#hidden-CF7\">Bize Ula\u015f\u0131n<\/a><\/p>\n\t\t<\/div>\n\t\t\t\t\t<\/div>\n\n\t\n<\/div>\n<div class=\"row\"  id=\"row-726485676\">\n\n\t<div id=\"col-1211770474\" class=\"col medium-4 small-12 large-4\"  >\n\t\t\t\t<div class=\"col-inner\"  >\n\t\t\t\n\t\t\t\n\t<div class=\"box has-hover   has-hover box-text-bottom\" >\n\n\t\t<div class=\"box-image\" >\n\t\t\t\t\t\t<div class=\"image-zoom\" >\n\t\t\t\t<img decoding=\"async\" width=\"509\" height=\"740\" src=\"https:\/\/ruishengglassco.com\/wp-content\/uploads\/2024\/07\/Electroplating-Glass_Bottle_for_Liquor_Spirits_roumd_yellow.webp\" class=\"attachment-original size-original\" alt=\"Elektrokaplama Cam_\u015ei\u015fe_i\u00e7in_Lik\u00f6r_Spirits_roumd_yellow\" srcset=\"https:\/\/ruishengglassco.com\/wp-content\/uploads\/2024\/07\/Electroplating-Glass_Bottle_for_Liquor_Spirits_roumd_yellow.webp 509w, https:\/\/ruishengglassco.com\/wp-content\/uploads\/2024\/07\/Electroplating-Glass_Bottle_for_Liquor_Spirits_roumd_yellow-206x300.webp 206w\" sizes=\"(max-width: 509px) 100vw, 509px\" \/>\t\t\t\t\t\t\t\t\t\t\t<\/div>\n\t\t\t\t\t<\/div>\n\n\t\t<div class=\"box-text text-center\" >\n\t\t\t<div class=\"box-text-inner\">\n\t\t\t\t\n<h4>Geli\u015ftirilmi\u015f Markala\u015fma:<\/h4>\n<p>Elektrokaplama kaplama, cam \u015fi\u015feye l\u00fcks ve sofistike bir hava katarak i\u00e7indeki lik\u00f6r\u00fcn markas\u0131n\u0131 ve \u00e7ekicili\u011fini art\u0131r\u0131r.<\/p>\n\t\t\t<\/div>\n\t\t<\/div>\n\t<\/div>\n\t\n\t\t<\/div>\n\t\t\t\t\t<\/div>\n\n\t\n\n\t<div id=\"col-55295949\" class=\"col medium-4 small-12 large-4\"  >\n\t\t\t\t<div class=\"col-inner\"  >\n\t\t\t\n\t\t\t\n\t<div class=\"box has-hover   has-hover box-text-bottom\" >\n\n\t\t<div class=\"box-image\" >\n\t\t\t\t\t\t<div class=\"image-zoom\" >\n\t\t\t\t<img decoding=\"async\" width=\"509\" height=\"740\" src=\"https:\/\/ruishengglassco.com\/wp-content\/uploads\/2024\/07\/Electroplating-Glass_Bottle_for_Liquor_Spirits_round.webp\" class=\"attachment-original size-original\" alt=\"Elektrokaplama Cam_\u015ei\u015fe_i\u00e7in_Lik\u00f6r_Spirits_yuvarlak\" srcset=\"https:\/\/ruishengglassco.com\/wp-content\/uploads\/2024\/07\/Electroplating-Glass_Bottle_for_Liquor_Spirits_round.webp 509w, https:\/\/ruishengglassco.com\/wp-content\/uploads\/2024\/07\/Electroplating-Glass_Bottle_for_Liquor_Spirits_round-206x300.webp 206w\" sizes=\"(max-width: 509px) 100vw, 509px\" \/>\t\t\t\t\t\t\t\t\t\t\t<\/div>\n\t\t\t\t\t<\/div>\n\n\t\t<div class=\"box-text text-center\" >\n\t\t\t<div class=\"box-text-inner\">\n\t\t\t\t\n<h4>\u00c7evre Dostu:<\/h4>\n<p>Elektrokaplama s\u00fcrecimiz kat\u0131 \u00e7evre kurallar\u0131na uygundur. Lik\u00f6r ruhu ambalaj\u0131 i\u00e7in s\u00fcrd\u00fcr\u00fclebilir ve \u00e7evre dostu bir se\u00e7imdir.<\/p>\n\t\t\t<\/div>\n\t\t<\/div>\n\t<\/div>\n\t\n\t\t<\/div>\n\t\t\t\t\t<\/div>\n\n\t\n\n\t<div id=\"col-1405400028\" class=\"col medium-4 small-12 large-4\"  >\n\t\t\t\t<div class=\"col-inner\"  >\n\t\t\t\n\t\t\t\n\t<div class=\"box has-hover   has-hover box-text-bottom\" >\n\n\t\t<div class=\"box-image\" >\n\t\t\t\t\t\t<div class=\"image-zoom\" >\n\t\t\t\t<img decoding=\"async\" width=\"509\" height=\"740\" src=\"https:\/\/ruishengglassco.com\/wp-content\/uploads\/2024\/07\/Electroplating-Glass_Bottle_for_Liquor_Spirits_round_green.webp\" class=\"attachment-original size-original\" alt=\"Elektrokaplama Cam_\u015ei\u015fe_i\u00e7in_Lik\u00f6r_Spirits_yuvarlak_ye\u015fil\" srcset=\"https:\/\/ruishengglassco.com\/wp-content\/uploads\/2024\/07\/Electroplating-Glass_Bottle_for_Liquor_Spirits_round_green.webp 509w, https:\/\/ruishengglassco.com\/wp-content\/uploads\/2024\/07\/Electroplating-Glass_Bottle_for_Liquor_Spirits_round_green-206x300.webp 206w\" sizes=\"(max-width: 509px) 100vw, 509px\" \/>\t\t\t\t\t\t\t\t\t\t\t<\/div>\n\t\t\t\t\t<\/div>\n\n\t\t<div class=\"box-text text-center\" >\n\t\t\t<div class=\"box-text-inner\">\n\t\t\t\t\n<h4>\u00c7ok y\u00f6nl\u00fcl\u00fck:<\/h4>\n<p>Elektrokaplama cam \u015fi\u015felerimiz viski, votka, rom ve daha fazlas\u0131 gibi bir\u00e7ok lik\u00f6r t\u00fcr\u00fc i\u00e7in uygundur. \u00c7e\u015fitli \u00fcr\u00fcnler i\u00e7in esnek ve \u00e7ekici bir ambalaj se\u00e7ene\u011fidir.<\/p>\n\t\t\t<\/div>\n\t\t<\/div>\n\t<\/div>\n\t\n\t\t<\/div>\n\t\t\t\t\t<\/div>\n\n\t\n<\/div>\n\t<div id=\"gap-469539935\" class=\"gap-element clearfix\" style=\"display:block; height:auto;\">\n\t\t\n<style>\n#gap-469539935 {\n  padding-top: 50px;\n}\n<\/style>\n\t<\/div>\n\t\n<div class=\"row\"  id=\"row-1297174174\">\n\n\t<div id=\"col-1513674446\" class=\"col small-12 large-12\"  >\n\t\t\t\t<div class=\"col-inner\"  >\n\t\t\t\n\t\t\t\n<p style=\"text-align: center;\"><a class=\"button gradient\" data-fancybox=\"\" data-src=\"#hidden-CF7\">Bize Ula\u015f\u0131n<\/a><\/p>\n\t\t<\/div>\n\t\t\t\t\t<\/div>\n\n\t\n<\/div>\n\t\t<\/div>\n\n\t\t\n<style>\n#section_1685670398 {\n  padding-top: 30px;\n  padding-bottom: 30px;\n  background-color: rgb(238, 238, 238);\n}\n<\/style>\n\t<\/section>\n\t\n\t<section class=\"section\" id=\"section_217479610\">\n\t\t<div class=\"bg section-bg fill bg-fill  bg-loaded\" >\n\n\t\t\t\n\t\t\t\n\t\t\t\n\n\t\t<\/div>\n\n\t\t\n\n\t\t<div class=\"section-content relative\">\n\t\t\t\n<div class=\"row\"  id=\"row-277965657\">\n\n\t<div id=\"col-2072218670\" class=\"col small-12 large-12\"  >\n\t\t\t\t<div class=\"col-inner\"  >\n\t\t\t\n\t\t\t\n<h2 style=\"text-align: center;\">Elektrokaplama Cam \u015ei\u015fenin Avantajlar\u0131<\/h2>\n\t\t<\/div>\n\t\t\t\t\t<\/div>\n\n\t\n<\/div>\n\t<div id=\"gap-863841176\" class=\"gap-element clearfix\" style=\"display:block; height:auto;\">\n\t\t\n<style>\n#gap-863841176 {\n  padding-top: 30px;\n}\n<\/style>\n\t<\/div>\n\t\n<div class=\"row align-middle\"  id=\"row-960560562\">\n\n\t<div id=\"col-1417167482\" class=\"col medium-6 small-12 large-6\"  >\n\t\t\t\t<div class=\"col-inner\"  >\n\t\t\t\n\t\t\t\n\t<div class=\"img has-hover x md-x lg-x y md-y lg-y\" id=\"image_1240149081\">\n\t\t\t\t\t\t\t\t<div class=\"img-inner image-zoom dark\" >\n\t\t\t<img decoding=\"async\" width=\"509\" height=\"740\" src=\"https:\/\/ruishengglassco.com\/wp-content\/uploads\/2024\/07\/Electroplating-Glass_Bottle_for_Liquor_Spirits_round_pink.webp\" class=\"attachment-original size-original\" alt=\"Elektrokaplama Cam_\u015ei\u015fe_i\u00e7in_Lik\u00f6r_Spirits_yuvarlak_pembe\" srcset=\"https:\/\/ruishengglassco.com\/wp-content\/uploads\/2024\/07\/Electroplating-Glass_Bottle_for_Liquor_Spirits_round_pink.webp 509w, https:\/\/ruishengglassco.com\/wp-content\/uploads\/2024\/07\/Electroplating-Glass_Bottle_for_Liquor_Spirits_round_pink-206x300.webp 206w\" sizes=\"(max-width: 509px) 100vw, 509px\" \/>\t\t\t\t\t\t\n\t\t\t\t\t<\/div>\n\t\t\t\t\t\t\t\t\n<style>\n#image_1240149081 {\n  width: 86%;\n}\n<\/style>\n\t<\/div>\n\t\n\t\t<\/div>\n\t\t\t\t\t<\/div>\n\n\t\n\n\t<div id=\"col-907438755\" class=\"col medium-6 small-12 large-6\"  >\n\t\t\t\t<div class=\"col-inner\"  >\n\t\t\t\n\t\t\t\n\t<div id=\"text-3570839368\" class=\"text\">\n\t\t\n<ul>\n<li data-block-id=\"5aec3e87-4042-4874-accc-977c2c83e765\" data-pm-slice=\"1 1 &#091;&#093;\">\u00c7ok Parlak Kaplama:<br \/>\nElektrokaplama parlak, \u0131\u015f\u0131lt\u0131l\u0131 bir y\u00fczey sa\u011flar. \u015ei\u015feye l\u00fcks bir g\u00f6r\u00fcn\u00fcm katar.<\/li>\n<li data-block-id=\"5aec3e87-4042-4874-accc-977c2c83e765\" data-pm-slice=\"1 1 &#091;&#093;\">Renk \u00c7e\u015fitlili\u011fi:<br \/>\nS\u00fcre\u00e7, bir dizi metalik renge olanak tan\u0131r. Bunlar aras\u0131nda alt\u0131n, g\u00fcm\u00fc\u015f ve krom bulunmaktad\u0131r.<\/li>\n<li data-block-id=\"5aec3e87-4042-4874-accc-977c2c83e765\" data-pm-slice=\"1 1 &#091;&#093;\">Dekoratif Desenler:<br \/>\nElektrokaplama, karma\u015f\u0131k tasar\u0131mlar ve desenler ekleyerek g\u00f6rsel \u00e7ekicili\u011fi art\u0131rabilir ve \u015fi\u015fenin raflarda \u00f6ne \u00e7\u0131kmas\u0131n\u0131 sa\u011flayabilir.<\/li>\n<li data-block-id=\"5aec3e87-4042-4874-accc-977c2c83e765\" data-pm-slice=\"1 1 &#091;&#093;\">\u00c7izilme Direnci:<br \/>\nElektrolizle kaplanm\u0131\u015f katman ekstra koruma sa\u011flar. \u015ei\u015feyi \u00e7izilmelere ve a\u015f\u0131nmaya kar\u015f\u0131 daha dayan\u0131kl\u0131 hale getirir.<\/li>\n<li data-block-id=\"5aec3e87-4042-4874-accc-977c2c83e765\" data-pm-slice=\"1 1 &#091;&#093;\">Korozyon Direnci:<br \/>\nMetalik kaplama \u015fi\u015fenin \u00e7evreye ve kimyasallara kar\u015f\u0131 korunmas\u0131na yard\u0131mc\u0131 olur. Ayr\u0131ca korozyonu \u00f6nlemeye de yard\u0131mc\u0131 olur.<\/li>\n<\/ul>\n\t\t\n<style>\n#text-3570839368 {\n  font-size: 1rem;\n}\n<\/style>\n\t<\/div>\n\t\n\t\t<\/div>\n\t\t\t\t\t<\/div>\n\n\t\n<\/div>\n\t\t<\/div>\n\n\t\t\n<style>\n#section_217479610 {\n  padding-top: 30px;\n  padding-bottom: 30px;\n}\n<\/style>\n\t<\/section>","protected":false},"excerpt":{"rendered":"<table>\n<thead>\n<tr>\n<th>D\u00f6nem<\/th>\n<th>Detaylar<\/th>\n<\/tr>\n<\/thead>\n<tbody>\n<tr>\n<td>Kapasite (ml):<\/td>\n<td>30-3000<\/td>\n<\/tr>\n<tr>\n<td>Malzeme\uff1a<\/td>\n<td>Cam<\/td>\n<\/tr>\n<tr>\n<td>\u015eekil\uff1a<\/td>\n<td>Daire, Kare, Oval<\/td>\n<\/tr>\n<tr>\n<td>Renk:<\/td>\n<td>Alt\u0131n, g\u00fcm\u00fc\u015f, k\u0131rm\u0131z\u0131, \u00f6zelle\u015ftirilmi\u015f<\/td>\n<\/tr>\n<tr>\n<td>Ambalaj \u00fcr\u00fcnleri<\/td>\n<td>\u00c7e\u015fitli ruhlar<\/td>\n<\/tr>\n<\/tbody>\n<\/table>","protected":false},"featured_media":3828,"comment_status":"closed","ping_status":"closed","template":"","meta":[],"product_cat":[15],"class_list":{"0":"post-3824","1":"product","2":"type-product","3":"status-publish","4":"has-post-thumbnail","6":"product_cat-glass-liquor-spirit-bottles","8":"first","9":"instock","10":"shipping-taxable","11":"product-type-simple"},"yoast_head":"<!-- This site is optimized with the Yoast SEO plugin v22.0 - https:\/\/yoast.com\/wordpress\/plugins\/seo\/ -->\n<title>Electroplating Glass Bottles \uff5cLiquor Spirits Bottle Supplier<\/title>\n<meta name=\"description\" content=\"We are a glass bottle supplier from China. If you are looking for electroplating glass bottles for liquor spirits , please feel free to contact us!\" \/>\n<meta name=\"robots\" content=\"index, follow, max-snippet:-1, max-image-preview:large, max-video-preview:-1\" \/>\n<link rel=\"canonical\" href=\"https:\/\/ruishengglassco.com\/tr\/urun\/elektrokaplama-cam-sise-tedarikcisi\" \/>\n<meta property=\"og:locale\" content=\"tr_TR\" \/>\n<meta property=\"og:type\" content=\"article\" \/>\n<meta property=\"og:title\" content=\"Electroplating Glass Bottles \uff5cLiquor Spirits Bottle Supplier\" \/>\n<meta property=\"og:description\" content=\"We are a glass bottle supplier from China. If you are looking for electroplating glass bottles for liquor spirits , please feel free to contact us!\" \/>\n<meta property=\"og:url\" content=\"https:\/\/ruishengglassco.com\/tr\/urun\/elektrokaplama-cam-sise-tedarikcisi\" \/>\n<meta property=\"article:publisher\" content=\"https:\/\/www.facebook.com\/ruishengglassbottles\" \/>\n<meta property=\"article:modified_time\" content=\"2024-07-15T03:45:42+00:00\" \/>\n<meta property=\"og:image\" content=\"https:\/\/ruishengglassco.com\/wp-content\/uploads\/2024\/07\/Electroplating-Glass_Bottle_for_Liquor_Spirits_pink.webp\" \/>\n\t<meta property=\"og:image:width\" content=\"509\" \/>\n\t<meta property=\"og:image:height\" content=\"740\" \/>\n\t<meta property=\"og:image:type\" content=\"image\/webp\" \/>\n<meta name=\"twitter:card\" content=\"summary_large_image\" \/>\n<meta name=\"twitter:label1\" content=\"Tahmini okuma s\u00fcresi\" \/>\n\t<meta name=\"twitter:data1\" content=\"2 dakika\" \/>\n<script type=\"application\/ld+json\" class=\"yoast-schema-graph\">{\"@context\":\"https:\/\/schema.org\",\"@graph\":[{\"@type\":\"WebPage\",\"@id\":\"https:\/\/ruishengglassco.com\/product\/electroplating-glass-bottles-supplier\",\"url\":\"https:\/\/ruishengglassco.com\/product\/electroplating-glass-bottles-supplier\",\"name\":\"Electroplating Glass Bottles \uff5cLiquor Spirits Bottle Supplier\",\"isPartOf\":{\"@id\":\"https:\/\/ruishengglassco.com\/#website\"},\"datePublished\":\"2024-07-04T08:15:40+00:00\",\"dateModified\":\"2024-07-15T03:45:42+00:00\",\"description\":\"We are a glass bottle supplier from China. If you are looking for electroplating glass bottles for liquor spirits , please feel free to contact us!\",\"breadcrumb\":{\"@id\":\"https:\/\/ruishengglassco.com\/product\/electroplating-glass-bottles-supplier#breadcrumb\"},\"inLanguage\":\"tr\",\"potentialAction\":[{\"@type\":\"ReadAction\",\"target\":[\"https:\/\/ruishengglassco.com\/product\/electroplating-glass-bottles-supplier\"]}]},{\"@type\":\"BreadcrumbList\",\"@id\":\"https:\/\/ruishengglassco.com\/product\/electroplating-glass-bottles-supplier#breadcrumb\",\"itemListElement\":[{\"@type\":\"ListItem\",\"position\":1,\"name\":\"Home\",\"item\":\"https:\/\/ruishengglassco.com\/\"},{\"@type\":\"ListItem\",\"position\":2,\"name\":\"Products\",\"item\":\"https:\/\/ruishengglassco.com\/products\"},{\"@type\":\"ListItem\",\"position\":3,\"name\":\"Electroplating Glass Bottle\"}]},{\"@type\":\"WebSite\",\"@id\":\"https:\/\/ruishengglassco.com\/#website\",\"url\":\"https:\/\/ruishengglassco.com\/\",\"name\":\"Ruisheng Glass\",\"description\":\"\",\"publisher\":{\"@id\":\"https:\/\/ruishengglassco.com\/#organization\"},\"potentialAction\":[{\"@type\":\"SearchAction\",\"target\":{\"@type\":\"EntryPoint\",\"urlTemplate\":\"https:\/\/ruishengglassco.com\/?s={search_term_string}\"},\"query-input\":\"required name=search_term_string\"}],\"inLanguage\":\"tr\"},{\"@type\":\"Organization\",\"@id\":\"https:\/\/ruishengglassco.com\/#organization\",\"name\":\"Shandong Yuncheng Ruisheng Glass Co., Ltd\",\"url\":\"https:\/\/ruishengglassco.com\/\",\"logo\":{\"@type\":\"ImageObject\",\"inLanguage\":\"tr\",\"@id\":\"https:\/\/ruishengglassco.com\/#\/schema\/logo\/image\/\",\"url\":\"https:\/\/ruishengglassco.com\/wp-content\/uploads\/2023\/09\/ruisheng_logo_icon.webp\",\"contentUrl\":\"https:\/\/ruishengglassco.com\/wp-content\/uploads\/2023\/09\/ruisheng_logo_icon.webp\",\"width\":400,\"height\":233,\"caption\":\"Shandong Yuncheng Ruisheng Glass Co., Ltd\"},\"image\":{\"@id\":\"https:\/\/ruishengglassco.com\/#\/schema\/logo\/image\/\"},\"sameAs\":[\"https:\/\/www.facebook.com\/ruishengglassbottles\",\"https:\/\/www.instagram.com\/Ruishengglassbottlewholesales\/\",\"https:\/\/www.youtube.com\/channel\/UCMmbMNGwsL-XrtjfSFLCdVQ\"]}]}<\/script>\n<!-- \/ Yoast SEO plugin. -->","yoast_head_json":{"title":"Electroplating Glass Bottles \uff5cLiquor Spirits Bottle Supplier","description":"We are a glass bottle supplier from China. If you are looking for electroplating glass bottles for liquor spirits , please feel free to contact us!","robots":{"index":"index","follow":"follow","max-snippet":"max-snippet:-1","max-image-preview":"max-image-preview:large","max-video-preview":"max-video-preview:-1"},"canonical":"https:\/\/ruishengglassco.com\/tr\/urun\/elektrokaplama-cam-sise-tedarikcisi","og_locale":"tr_TR","og_type":"article","og_title":"Electroplating Glass Bottles \uff5cLiquor Spirits Bottle Supplier","og_description":"We are a glass bottle supplier from China. If you are looking for electroplating glass bottles for liquor spirits , please feel free to contact us!","og_url":"https:\/\/ruishengglassco.com\/tr\/urun\/elektrokaplama-cam-sise-tedarikcisi","article_publisher":"https:\/\/www.facebook.com\/ruishengglassbottles","article_modified_time":"2024-07-15T03:45:42+00:00","og_image":[{"width":509,"height":740,"url":"https:\/\/ruishengglassco.com\/wp-content\/uploads\/2024\/07\/Electroplating-Glass_Bottle_for_Liquor_Spirits_pink.webp","type":"image\/webp"}],"twitter_card":"summary_large_image","twitter_misc":{"Tahmini okuma s\u00fcresi":"2 dakika"},"schema":{"@context":"https:\/\/schema.org","@graph":[{"@type":"WebPage","@id":"https:\/\/ruishengglassco.com\/product\/electroplating-glass-bottles-supplier","url":"https:\/\/ruishengglassco.com\/product\/electroplating-glass-bottles-supplier","name":"Electroplating Glass Bottles \uff5cLiquor Spirits Bottle Supplier","isPartOf":{"@id":"https:\/\/ruishengglassco.com\/#website"},"datePublished":"2024-07-04T08:15:40+00:00","dateModified":"2024-07-15T03:45:42+00:00","description":"We are a glass bottle supplier from China. If you are looking for electroplating glass bottles for liquor spirits , please feel free to contact us!","breadcrumb":{"@id":"https:\/\/ruishengglassco.com\/product\/electroplating-glass-bottles-supplier#breadcrumb"},"inLanguage":"tr","potentialAction":[{"@type":"ReadAction","target":["https:\/\/ruishengglassco.com\/product\/electroplating-glass-bottles-supplier"]}]},{"@type":"BreadcrumbList","@id":"https:\/\/ruishengglassco.com\/product\/electroplating-glass-bottles-supplier#breadcrumb","itemListElement":[{"@type":"ListItem","position":1,"name":"Home","item":"https:\/\/ruishengglassco.com\/"},{"@type":"ListItem","position":2,"name":"Products","item":"https:\/\/ruishengglassco.com\/products"},{"@type":"ListItem","position":3,"name":"Electroplating Glass Bottle"}]},{"@type":"WebSite","@id":"https:\/\/ruishengglassco.com\/#website","url":"https:\/\/ruishengglassco.com\/","name":"Ruisheng Glass","description":"","publisher":{"@id":"https:\/\/ruishengglassco.com\/#organization"},"potentialAction":[{"@type":"SearchAction","target":{"@type":"EntryPoint","urlTemplate":"https:\/\/ruishengglassco.com\/?s={search_term_string}"},"query-input":"required name=search_term_string"}],"inLanguage":"tr"},{"@type":"Organization","@id":"https:\/\/ruishengglassco.com\/#organization","name":"Shandong Yuncheng Ruisheng Glass Co., Ltd","url":"https:\/\/ruishengglassco.com\/","logo":{"@type":"ImageObject","inLanguage":"tr","@id":"https:\/\/ruishengglassco.com\/#\/schema\/logo\/image\/","url":"https:\/\/ruishengglassco.com\/wp-content\/uploads\/2023\/09\/ruisheng_logo_icon.webp","contentUrl":"https:\/\/ruishengglassco.com\/wp-content\/uploads\/2023\/09\/ruisheng_logo_icon.webp","width":400,"height":233,"caption":"Shandong Yuncheng Ruisheng Glass Co., Ltd"},"image":{"@id":"https:\/\/ruishengglassco.com\/#\/schema\/logo\/image\/"},"sameAs":["https:\/\/www.facebook.com\/ruishengglassbottles","https:\/\/www.instagram.com\/Ruishengglassbottlewholesales\/","https:\/\/www.youtube.com\/channel\/UCMmbMNGwsL-XrtjfSFLCdVQ"]}]}},"_links":{"self":[{"href":"https:\/\/ruishengglassco.com\/tr\/wp-json\/wp\/v2\/product\/3824","targetHints":{"allow":["GET"]}}],"collection":[{"href":"https:\/\/ruishengglassco.com\/tr\/wp-json\/wp\/v2\/product"}],"about":[{"href":"https:\/\/ruishengglassco.com\/tr\/wp-json\/wp\/v2\/types\/product"}],"replies":[{"embeddable":true,"href":"https:\/\/ruishengglassco.com\/tr\/wp-json\/wp\/v2\/comments?post=3824"}],"wp:featuredmedia":[{"embeddable":true,"href":"https:\/\/ruishengglassco.com\/tr\/wp-json\/wp\/v2\/media\/3828"}],"wp:attachment":[{"href":"https:\/\/ruishengglassco.com\/tr\/wp-json\/wp\/v2\/media?parent=3824"}],"wp:term":[{"taxonomy":"product_cat","embeddable":true,"href":"https:\/\/ruishengglassco.com\/tr\/wp-json\/wp\/v2\/product_cat?post=3824"}],"curies":[{"name":"wp","href":"https:\/\/api.w.org\/{rel}","templated":true}]}}