{"id":5519,"date":"2026-02-02T14:46:52","date_gmt":"2026-02-02T06:46:52","guid":{"rendered":"https:\/\/ruishengglassco.com\/?page_id=5519"},"modified":"2026-02-28T10:55:42","modified_gmt":"2026-02-28T02:55:42","slug":"yuksek-cakmaktasi-vs-super-cakmaktasi","status":"publish","type":"page","link":"https:\/\/ruishengglassco.com\/tr\/yuksek-cakmaktasi-vs-super-cakmaktasi","title":{"rendered":"Y\u00fcksek Flint VS S\u00fcper Flint"},"content":{"rendered":"<section class=\"section\" id=\"section_1057288064\">\n\t\t<div class=\"bg section-bg fill bg-fill  bg-loaded\" >\n\n\t\t\t\n\t\t\t\n\t\t\t\n\n\t\t<\/div>\n\n\t\t\n\n\t\t<div class=\"section-content relative\">\n\t\t\t\n<div class=\"row\"  id=\"row-815819416\">\n\n\t<div id=\"col-275823560\" class=\"col small-12 large-12\"  >\n\t\t\t\t<div class=\"col-inner\"  >\n\t\t\t\n\t\t\t\n<h1 style=\"text-align: center;\">S\u00fcper Flint vs. Y\u00fcksek Flint vs. Normal Flint - Ruisheng Glass<\/h1>\n<div style=\"overflow: auto;\">\n<table border=\"\u201d1\u2033\" width=\"\u201d3000px\u201d\" align=\"\u201dcenter\u201d\">\n<tbody>\n<tr>\n<td width=\"138\">Cam Malzeme<\/td>\n<td width=\"138\">Cam Rengi<\/td>\n<td width=\"138\">K\u0131r\u0131lma \u0130ndisi<\/td>\n<td width=\"144\">A\u00e7\u0131kl\u0131k\/\u015eeffafl\u0131k<\/td>\n<td width=\"231\">Kompozisyon<\/td>\n<td width=\"87\">Fiyat<\/td>\n<td width=\"138\">ADEDI<\/td>\n<\/tr>\n<tr>\n<td width=\"138\">S\u00fcper Flint (Ekstra Flint)<\/td>\n<td width=\"138\">S\u00fcper beyaz renk<\/td>\n<td width=\"138\">Y\u00fcksek<\/td>\n<td width=\"144\">Y\u00fcksek<\/td>\n<td width=\"231\">85%-90%-Silika, Soda, Kire\u00e7 10%-15%Cullet<\/td>\n<td width=\"87\">Y\u00fcksek<\/td>\n<td width=\"138\">10000<\/td>\n<\/tr>\n<tr>\n<td width=\"138\">Y\u00fcksek Flint<\/td>\n<td width=\"138\">Beyaz renk<\/td>\n<td width=\"138\">Orta<\/td>\n<td width=\"144\">Orta<\/td>\n<td width=\"231\">80%-85%-Silika, Soda, Kire\u00e7 15%-20% Cullet<\/td>\n<td width=\"87\">Orta<\/td>\n<td width=\"138\">30000<\/td>\n<\/tr>\n<tr>\n<td width=\"138\">Regular Flint (Normal Flint)<\/td>\n<td width=\"138\">Ye\u015fil tonlu beyaz<\/td>\n<td width=\"138\">D\u00fc\u015f\u00fck<\/td>\n<td width=\"144\">D\u00fc\u015f\u00fck<\/td>\n<td width=\"231\">75%-80%-Silika, Soda, Kire\u00e7 20%-25% Cullet<\/td>\n<td width=\"87\">D\u00fc\u015f\u00fck<\/td>\n<td width=\"138\">30000<\/td>\n<\/tr>\n<\/tbody>\n<\/table>\n<\/div>\n\t\t<\/div>\n\t\t\t\t\t<\/div>\n\n\t\n<\/div>\n<div class=\"row align-middle\"  id=\"row-1535760822\">\n\n\t<div id=\"col-218406252\" class=\"col medium-6 small-12 large-6\"  >\n\t\t\t\t<div class=\"col-inner\"  >\n\t\t\t\n\t\t\t\n<p><strong>S\u00fcper Flint cam<\/strong> daha saf ve \u015feffaf bir renge sahiptir ve k\u0131r\u0131lma indisi s\u0131radan cama g\u00f6re \u00f6nemli \u00f6l\u00e7\u00fcde daha y\u00fcksektir. Bu malzemeden yap\u0131lan bitmi\u015f \u015fi\u015feler hem yapay hem de do\u011fal \u0131\u015f\u0131k alt\u0131nda daha kristal berrakl\u0131\u011f\u0131nda g\u00f6r\u00fcn\u00fcr ve g\u00f6zle g\u00f6r\u00fcl\u00fcr \u015fekilde daha kaliteli bir genel g\u00f6r\u00fcn\u00fcm verir. Bu malzeme di\u011fer iki malzemeden daha pahal\u0131d\u0131r. Orta-\u00fcst d\u00fczey m\u00fc\u015fteriler Super Flint Glass'\u0131 tercih etme e\u011filimindedir. Bu malzeme ayn\u0131 zamanda <a href=\"https:\/\/ruishengglassco.com\/tr\/\" target=\"_blank\" rel=\"noopener\">Ruisheng Cam<\/a>'nin ana \u00fcr\u00fcn\u00fc ve temel avantaj malzemesidir.<\/p>\n<p><strong>Y\u00fcksek Flint<\/strong> g\u00f6r\u00fcn\u00fcm ve maliyet aras\u0131nda iyi bir denge kurar. Bu malzemenin fiyat\u0131 orta d\u00fczeydedir. Belirli bir derecede \u015fi\u015fe \u015feffafl\u0131\u011f\u0131 gerektiren ancak nihai g\u00f6rsel etki talep etmeyen \u00fcr\u00fcnler i\u00e7in uygundur.<\/p>\n<p><strong>Normal \u00c7akmakta\u015f\u0131<\/strong> daha \u00e7ok maliyet kontrol\u00fcne odaklan\u0131r, ancak g\u00f6r\u00fcn\u00fcm\u00fc ve \u015feffafl\u0131\u011f\u0131 nispeten s\u0131n\u0131rl\u0131d\u0131r. Bu malzeme nispeten ucuzdur. G\u00f6r\u00fcn\u00fcm\u00fcn birincil endi\u015fe kayna\u011f\u0131 olmad\u0131\u011f\u0131 geleneksel ambalaj ihtiya\u00e7lar\u0131 i\u00e7in uygundur.<\/p>\n<a class=\"button primary is-pop\"  >\n    <span>Teklif Al\u0131n<\/span>\n  <\/a>\n\n\t\t<\/div>\n\t\t\t\t\t<\/div>\n\n\t\n\n\t<div id=\"col-1005834898\" class=\"col medium-6 small-12 large-6\"  >\n\t\t\t\t<div class=\"col-inner\"  >\n\t\t\t\n\t\t\t\n\t<div class=\"img has-hover x md-x lg-x y md-y lg-y\" id=\"image_1811306414\">\n\t\t\t\t\t\t\t\t<div class=\"img-inner image-cover dark\" style=\"padding-top:89%;\">\n\t\t\t<img decoding=\"async\" width=\"1536\" height=\"2048\" src=\"https:\/\/ruishengglassco.com\/wp-content\/uploads\/2026\/02\/Super-Flint-VS-High-Flint-VS-Regular-Flint-Ruisheng-Glass.webp\" class=\"attachment-original size-original\" alt=\"S\u00fcper Flint VS Y\u00fcksek Flint VS Normal Flint - Ruisheng Glass\" srcset=\"https:\/\/ruishengglassco.com\/wp-content\/uploads\/2026\/02\/Super-Flint-VS-High-Flint-VS-Regular-Flint-Ruisheng-Glass.webp 1536w, https:\/\/ruishengglassco.com\/wp-content\/uploads\/2026\/02\/Super-Flint-VS-High-Flint-VS-Regular-Flint-Ruisheng-Glass-225x300.webp 225w, https:\/\/ruishengglassco.com\/wp-content\/uploads\/2026\/02\/Super-Flint-VS-High-Flint-VS-Regular-Flint-Ruisheng-Glass-773x1030.webp 773w, https:\/\/ruishengglassco.com\/wp-content\/uploads\/2026\/02\/Super-Flint-VS-High-Flint-VS-Regular-Flint-Ruisheng-Glass-768x1024.webp 768w, https:\/\/ruishengglassco.com\/wp-content\/uploads\/2026\/02\/Super-Flint-VS-High-Flint-VS-Regular-Flint-Ruisheng-Glass-1152x1536.webp 1152w, https:\/\/ruishengglassco.com\/wp-content\/uploads\/2026\/02\/Super-Flint-VS-High-Flint-VS-Regular-Flint-Ruisheng-Glass-9x12.webp 9w, https:\/\/ruishengglassco.com\/wp-content\/uploads\/2026\/02\/Super-Flint-VS-High-Flint-VS-Regular-Flint-Ruisheng-Glass-800x1067.webp 800w\" sizes=\"(max-width: 1536px) 100vw, 1536px\" \/>\t\t\t\t\t\t\n\t\t\t\t\t<\/div>\n\t\t\t\t\t\t\t\t\n<style>\n#image_1811306414 {\n  width: 100%;\n}\n<\/style>\n\t<\/div>\n\t\n\t\t<\/div>\n\t\t\t\t\t<\/div>\n\n\t\n<\/div>\n<div class=\"row\"  id=\"row-2147310417\">\n\n\t<div id=\"col-1194823381\" class=\"col medium-6 small-12 large-6\"  >\n\t\t\t\t<div class=\"col-inner\"  >\n\t\t\t\n\t\t\t\n\t<div class=\"img has-hover x md-x lg-x y md-y lg-y\" id=\"image_1877236990\">\n\t\t\t\t\t\t\t\t<div class=\"img-inner dark\" >\n\t\t\t<img decoding=\"async\" width=\"1000\" height=\"750\" src=\"https:\/\/ruishengglassco.com\/wp-content\/uploads\/2026\/02\/Super-Flint-vs-High-Flint-vs-normal-Flint.webp\" class=\"attachment-original size-original\" alt=\"S\u00fcper-Flint-vs-Y\u00fcksek-Flint-vs-normal-Flint\" srcset=\"https:\/\/ruishengglassco.com\/wp-content\/uploads\/2026\/02\/Super-Flint-vs-High-Flint-vs-normal-Flint.webp 1000w, https:\/\/ruishengglassco.com\/wp-content\/uploads\/2026\/02\/Super-Flint-vs-High-Flint-vs-normal-Flint-300x225.webp 300w, https:\/\/ruishengglassco.com\/wp-content\/uploads\/2026\/02\/Super-Flint-vs-High-Flint-vs-normal-Flint-768x576.webp 768w, https:\/\/ruishengglassco.com\/wp-content\/uploads\/2026\/02\/Super-Flint-vs-High-Flint-vs-normal-Flint-16x12.webp 16w, https:\/\/ruishengglassco.com\/wp-content\/uploads\/2026\/02\/Super-Flint-vs-High-Flint-vs-normal-Flint-800x600.webp 800w\" sizes=\"(max-width: 1000px) 100vw, 1000px\" \/>\t\t\t\t\t\t\n\t\t\t\t\t<\/div>\n\t\t\t\t\t\t\t\t\n<style>\n#image_1877236990 {\n  width: 100%;\n}\n<\/style>\n\t<\/div>\n\t\n\t\t<\/div>\n\t\t\t\t\t<\/div>\n\n\t\n\n\t<div id=\"col-221237048\" class=\"col medium-6 small-12 large-6\"  >\n\t\t\t\t<div class=\"col-inner\"  >\n\t\t\t\n\t\t\t\n\t<div class=\"img has-hover x md-x lg-x y md-y lg-y\" id=\"image_1770539371\">\n\t\t\t\t\t\t\t\t<div class=\"img-inner dark\" >\n\t\t\t<img decoding=\"async\" width=\"1000\" height=\"750\" src=\"https:\/\/ruishengglassco.com\/wp-content\/uploads\/2026\/02\/high-flint-vs-super-flint-bottom.webp\" class=\"attachment-original size-original\" alt=\"high-flint-vs-super-flint-bottom\" srcset=\"https:\/\/ruishengglassco.com\/wp-content\/uploads\/2026\/02\/high-flint-vs-super-flint-bottom.webp 1000w, https:\/\/ruishengglassco.com\/wp-content\/uploads\/2026\/02\/high-flint-vs-super-flint-bottom-300x225.webp 300w, https:\/\/ruishengglassco.com\/wp-content\/uploads\/2026\/02\/high-flint-vs-super-flint-bottom-768x576.webp 768w, https:\/\/ruishengglassco.com\/wp-content\/uploads\/2026\/02\/high-flint-vs-super-flint-bottom-16x12.webp 16w, https:\/\/ruishengglassco.com\/wp-content\/uploads\/2026\/02\/high-flint-vs-super-flint-bottom-800x600.webp 800w\" sizes=\"(max-width: 1000px) 100vw, 1000px\" \/>\t\t\t\t\t\t\n\t\t\t\t\t<\/div>\n\t\t\t\t\t\t\t\t\n<style>\n#image_1770539371 {\n  width: 100%;\n}\n<\/style>\n\t<\/div>\n\t\n\t\t<\/div>\n\t\t\t\t\t<\/div>\n\n\t\n<\/div>\n\t\t<\/div>\n\n\t\t\n<style>\n#section_1057288064 {\n  padding-top: 30px;\n  padding-bottom: 30px;\n}\n<\/style>\n\t<\/section>","protected":false},"excerpt":{"rendered":"","protected":false},"author":10,"featured_media":0,"parent":0,"menu_order":0,"comment_status":"closed","ping_status":"closed","template":"page-blank.php","meta":{"footnotes":""},"class_list":["post-5519","page","type-page","status-publish","hentry"],"yoast_head":"<!-- This site is optimized with the Yoast SEO plugin v22.0 - https:\/\/yoast.com\/wordpress\/plugins\/seo\/ -->\n<title>Super Flint vs. High Flint vs. Regular Flint - Ruisheng Glass<\/title>\n<meta name=\"description\" content=\"Discover the differences between Super Flint, High Flint and Regular Flint glass at Ruisheng Glass. Super Flint offers higher clarity, purer color and premium appearance for high-end bottle packaging.\" \/>\n<meta name=\"robots\" content=\"index, follow, max-snippet:-1, max-image-preview:large, max-video-preview:-1\" \/>\n<link rel=\"canonical\" href=\"https:\/\/ruishengglassco.com\/tr\/yuksek-cakmaktasi-vs-super-cakmaktasi\" \/>\n<meta property=\"og:locale\" content=\"tr_TR\" \/>\n<meta property=\"og:type\" content=\"article\" \/>\n<meta property=\"og:title\" content=\"Super Flint vs. High Flint vs. Regular Flint - Ruisheng Glass\" \/>\n<meta property=\"og:description\" content=\"Discover the differences between Super Flint, High Flint and Regular Flint glass at Ruisheng Glass. Super Flint offers higher clarity, purer color and premium appearance for high-end bottle packaging.\" \/>\n<meta property=\"og:url\" content=\"https:\/\/ruishengglassco.com\/tr\/yuksek-cakmaktasi-vs-super-cakmaktasi\" \/>\n<meta property=\"article:publisher\" content=\"https:\/\/www.facebook.com\/ruishengglassbottles\" \/>\n<meta property=\"article:modified_time\" content=\"2026-02-28T02:55:42+00:00\" \/>\n<meta name=\"twitter:card\" content=\"summary_large_image\" \/>\n<meta name=\"twitter:label1\" content=\"Tahmini okuma s\u00fcresi\" \/>\n\t<meta name=\"twitter:data1\" content=\"2 dakika\" \/>\n<script type=\"application\/ld+json\" class=\"yoast-schema-graph\">{\"@context\":\"https:\/\/schema.org\",\"@graph\":[{\"@type\":\"WebPage\",\"@id\":\"https:\/\/ruishengglassco.com\/high-flint-vs-super-flint\",\"url\":\"https:\/\/ruishengglassco.com\/high-flint-vs-super-flint\",\"name\":\"Super Flint vs. High Flint vs. Regular Flint - Ruisheng Glass\",\"isPartOf\":{\"@id\":\"https:\/\/ruishengglassco.com\/#website\"},\"datePublished\":\"2026-02-02T06:46:52+00:00\",\"dateModified\":\"2026-02-28T02:55:42+00:00\",\"description\":\"Discover the differences between Super Flint, High Flint and Regular Flint glass at Ruisheng Glass. Super Flint offers higher clarity, purer color and premium appearance for high-end bottle packaging.\",\"breadcrumb\":{\"@id\":\"https:\/\/ruishengglassco.com\/high-flint-vs-super-flint#breadcrumb\"},\"inLanguage\":\"tr\",\"potentialAction\":[{\"@type\":\"ReadAction\",\"target\":[\"https:\/\/ruishengglassco.com\/high-flint-vs-super-flint\"]}]},{\"@type\":\"BreadcrumbList\",\"@id\":\"https:\/\/ruishengglassco.com\/high-flint-vs-super-flint#breadcrumb\",\"itemListElement\":[{\"@type\":\"ListItem\",\"position\":1,\"name\":\"Home\",\"item\":\"https:\/\/ruishengglassco.com\/\"},{\"@type\":\"ListItem\",\"position\":2,\"name\":\"High Flint VS Super Flint\"}]},{\"@type\":\"WebSite\",\"@id\":\"https:\/\/ruishengglassco.com\/#website\",\"url\":\"https:\/\/ruishengglassco.com\/\",\"name\":\"Ruisheng Glass\",\"description\":\"\",\"publisher\":{\"@id\":\"https:\/\/ruishengglassco.com\/#organization\"},\"potentialAction\":[{\"@type\":\"SearchAction\",\"target\":{\"@type\":\"EntryPoint\",\"urlTemplate\":\"https:\/\/ruishengglassco.com\/?s={search_term_string}\"},\"query-input\":\"required name=search_term_string\"}],\"inLanguage\":\"tr\"},{\"@type\":\"Organization\",\"@id\":\"https:\/\/ruishengglassco.com\/#organization\",\"name\":\"Shandong Yuncheng Ruisheng Glass Co., Ltd\",\"url\":\"https:\/\/ruishengglassco.com\/\",\"logo\":{\"@type\":\"ImageObject\",\"inLanguage\":\"tr\",\"@id\":\"https:\/\/ruishengglassco.com\/#\/schema\/logo\/image\/\",\"url\":\"https:\/\/ruishengglassco.com\/wp-content\/uploads\/2023\/09\/ruisheng_logo_icon.webp\",\"contentUrl\":\"https:\/\/ruishengglassco.com\/wp-content\/uploads\/2023\/09\/ruisheng_logo_icon.webp\",\"width\":400,\"height\":233,\"caption\":\"Shandong Yuncheng Ruisheng Glass Co., Ltd\"},\"image\":{\"@id\":\"https:\/\/ruishengglassco.com\/#\/schema\/logo\/image\/\"},\"sameAs\":[\"https:\/\/www.facebook.com\/ruishengglassbottles\",\"https:\/\/www.instagram.com\/Ruishengglassbottlewholesales\/\",\"https:\/\/www.youtube.com\/channel\/UCMmbMNGwsL-XrtjfSFLCdVQ\"]}]}<\/script>\n<!-- \/ Yoast SEO plugin. -->","yoast_head_json":{"title":"Super Flint vs. High Flint vs. Regular Flint - Ruisheng Glass","description":"Discover the differences between Super Flint, High Flint and Regular Flint glass at Ruisheng Glass. Super Flint offers higher clarity, purer color and premium appearance for high-end bottle packaging.","robots":{"index":"index","follow":"follow","max-snippet":"max-snippet:-1","max-image-preview":"max-image-preview:large","max-video-preview":"max-video-preview:-1"},"canonical":"https:\/\/ruishengglassco.com\/tr\/yuksek-cakmaktasi-vs-super-cakmaktasi","og_locale":"tr_TR","og_type":"article","og_title":"Super Flint vs. High Flint vs. Regular Flint - Ruisheng Glass","og_description":"Discover the differences between Super Flint, High Flint and Regular Flint glass at Ruisheng Glass. Super Flint offers higher clarity, purer color and premium appearance for high-end bottle packaging.","og_url":"https:\/\/ruishengglassco.com\/tr\/yuksek-cakmaktasi-vs-super-cakmaktasi","article_publisher":"https:\/\/www.facebook.com\/ruishengglassbottles","article_modified_time":"2026-02-28T02:55:42+00:00","twitter_card":"summary_large_image","twitter_misc":{"Tahmini okuma s\u00fcresi":"2 dakika"},"schema":{"@context":"https:\/\/schema.org","@graph":[{"@type":"WebPage","@id":"https:\/\/ruishengglassco.com\/high-flint-vs-super-flint","url":"https:\/\/ruishengglassco.com\/high-flint-vs-super-flint","name":"Super Flint vs. High Flint vs. Regular Flint - Ruisheng Glass","isPartOf":{"@id":"https:\/\/ruishengglassco.com\/#website"},"datePublished":"2026-02-02T06:46:52+00:00","dateModified":"2026-02-28T02:55:42+00:00","description":"Discover the differences between Super Flint, High Flint and Regular Flint glass at Ruisheng Glass. Super Flint offers higher clarity, purer color and premium appearance for high-end bottle packaging.","breadcrumb":{"@id":"https:\/\/ruishengglassco.com\/high-flint-vs-super-flint#breadcrumb"},"inLanguage":"tr","potentialAction":[{"@type":"ReadAction","target":["https:\/\/ruishengglassco.com\/high-flint-vs-super-flint"]}]},{"@type":"BreadcrumbList","@id":"https:\/\/ruishengglassco.com\/high-flint-vs-super-flint#breadcrumb","itemListElement":[{"@type":"ListItem","position":1,"name":"Home","item":"https:\/\/ruishengglassco.com\/"},{"@type":"ListItem","position":2,"name":"High Flint VS Super Flint"}]},{"@type":"WebSite","@id":"https:\/\/ruishengglassco.com\/#website","url":"https:\/\/ruishengglassco.com\/","name":"Ruisheng Glass","description":"","publisher":{"@id":"https:\/\/ruishengglassco.com\/#organization"},"potentialAction":[{"@type":"SearchAction","target":{"@type":"EntryPoint","urlTemplate":"https:\/\/ruishengglassco.com\/?s={search_term_string}"},"query-input":"required name=search_term_string"}],"inLanguage":"tr"},{"@type":"Organization","@id":"https:\/\/ruishengglassco.com\/#organization","name":"Shandong Yuncheng Ruisheng Glass Co., Ltd","url":"https:\/\/ruishengglassco.com\/","logo":{"@type":"ImageObject","inLanguage":"tr","@id":"https:\/\/ruishengglassco.com\/#\/schema\/logo\/image\/","url":"https:\/\/ruishengglassco.com\/wp-content\/uploads\/2023\/09\/ruisheng_logo_icon.webp","contentUrl":"https:\/\/ruishengglassco.com\/wp-content\/uploads\/2023\/09\/ruisheng_logo_icon.webp","width":400,"height":233,"caption":"Shandong Yuncheng Ruisheng Glass Co., Ltd"},"image":{"@id":"https:\/\/ruishengglassco.com\/#\/schema\/logo\/image\/"},"sameAs":["https:\/\/www.facebook.com\/ruishengglassbottles","https:\/\/www.instagram.com\/Ruishengglassbottlewholesales\/","https:\/\/www.youtube.com\/channel\/UCMmbMNGwsL-XrtjfSFLCdVQ"]}]}},"_links":{"self":[{"href":"https:\/\/ruishengglassco.com\/tr\/wp-json\/wp\/v2\/pages\/5519","targetHints":{"allow":["GET"]}}],"collection":[{"href":"https:\/\/ruishengglassco.com\/tr\/wp-json\/wp\/v2\/pages"}],"about":[{"href":"https:\/\/ruishengglassco.com\/tr\/wp-json\/wp\/v2\/types\/page"}],"author":[{"embeddable":true,"href":"https:\/\/ruishengglassco.com\/tr\/wp-json\/wp\/v2\/users\/10"}],"replies":[{"embeddable":true,"href":"https:\/\/ruishengglassco.com\/tr\/wp-json\/wp\/v2\/comments?post=5519"}],"version-history":[{"count":4,"href":"https:\/\/ruishengglassco.com\/tr\/wp-json\/wp\/v2\/pages\/5519\/revisions"}],"predecessor-version":[{"id":5661,"href":"https:\/\/ruishengglassco.com\/tr\/wp-json\/wp\/v2\/pages\/5519\/revisions\/5661"}],"wp:attachment":[{"href":"https:\/\/ruishengglassco.com\/tr\/wp-json\/wp\/v2\/media?parent=5519"}],"curies":[{"name":"wp","href":"https:\/\/api.w.org\/{rel}","templated":true}]}}