{"id":5481,"date":"2026-01-30T08:32:49","date_gmt":"2026-01-30T00:32:49","guid":{"rendered":"https:\/\/ruishengglassco.com\/?page_id=5481"},"modified":"2026-01-30T13:54:38","modified_gmt":"2026-01-30T05:54:38","slug":"satis-sonrasi-hi%cc%87zmet","status":"publish","type":"page","link":"https:\/\/ruishengglassco.com\/tr\/satis-sonrasi-hi%cc%87zmet","title":{"rendered":"Sat\u0131\u015f Sonras\u0131 Hizmet"},"content":{"rendered":"<section class=\"section\" id=\"section_1236990889\">\n\t\t<div class=\"bg section-bg fill bg-fill  bg-loaded\" >\n\n\t\t\t\n\t\t\t\n\t\t\t\n\n\t\t<\/div>\n\n\t\t\n\n\t\t<div class=\"section-content relative\">\n\t\t\t\n<div class=\"row align-middle\"  id=\"row-2003101671\">\n\n\t<div id=\"col-1556055230\" class=\"col medium-6 small-12 large-6\"  >\n\t\t\t\t<div class=\"col-inner text-center\"  >\n\t\t\t\n\t\t\t\n<h1 style=\"text-align: center;\">Ruisheng Cam Sat\u0131\u015f Sonras\u0131 Hizmet<\/h1>\n<p>Sat\u0131\u015f sonras\u0131 hizmet merkezimize ho\u015f geldiniz. Ruisheng Glass, m\u00fc\u015fterilerine y\u00fcksek kaliteli lik\u00f6r \u015fi\u015feleri sa\u011flamay\u0131 ve i\u015fbirli\u011fimizin her a\u015famas\u0131nda istikrarl\u0131, g\u00fcvenilir destek sunmay\u0131 taahh\u00fct eder. Sipari\u015f teslimat\u0131ndan sonraki kullan\u0131ma kadar, sat\u0131\u015f sonras\u0131 ekibimiz sorunlar\u0131n\u0131z\u0131n \u00e7\u00f6z\u00fclmesini sa\u011flamak i\u00e7in derhal takip edecektir.<\/p>\n<p>Hizmet garantimiz: Sat\u0131\u015f sonras\u0131 ekibimiz, uzun y\u0131llara dayanan sekt\u00f6r deneyimine sahip profesyonellerden olu\u015fmaktad\u0131r ve lojistik koordinasyon, kalite denetimi ve teknik destek konular\u0131nda bilgi sahibidirler. Cam ambalaj sekt\u00f6r\u00fcne ili\u015fkin derinlemesine anlay\u0131\u015f\u0131m\u0131zla, nakliye korumas\u0131, \u00fcr\u00fcn kalitesi ve kullan\u0131m uyumlulu\u011fu gibi yayg\u0131n sorunlar\u0131 verimli bir \u015fekilde ele alabilir ve size pratik \u00e7\u00f6z\u00fcmler sunabiliriz.<\/p>\n<a class=\"button primary is-pop\"  >\n    <span>Ruisheng Glass ile ileti\u015fime ge\u00e7in<\/span>\n  <\/a>\n\n\t\t<\/div>\n\t\t\t\t\t<\/div>\n\n\t\n\n\t<div id=\"col-164518498\" class=\"col medium-6 small-12 large-6\"  >\n\t\t\t\t<div class=\"col-inner\"  >\n\t\t\t\n\t\t\t\n\t<div class=\"img has-hover x md-x lg-x y md-y lg-y\" id=\"image_298895548\">\n\t\t\t\t\t\t\t\t<div class=\"img-inner dark\" >\n\t\t\t<img decoding=\"async\" width=\"969\" height=\"969\" src=\"https:\/\/ruishengglassco.com\/wp-content\/uploads\/2024\/04\/glassbottle_design.webp\" class=\"attachment-original size-original\" alt=\"glassbottle_design\" srcset=\"https:\/\/ruishengglassco.com\/wp-content\/uploads\/2024\/04\/glassbottle_design.webp 969w, https:\/\/ruishengglassco.com\/wp-content\/uploads\/2024\/04\/glassbottle_design-300x300.webp 300w, https:\/\/ruishengglassco.com\/wp-content\/uploads\/2024\/04\/glassbottle_design-80x80.webp 80w, https:\/\/ruishengglassco.com\/wp-content\/uploads\/2024\/04\/glassbottle_design-768x768.webp 768w, https:\/\/ruishengglassco.com\/wp-content\/uploads\/2024\/04\/glassbottle_design-500x500.webp 500w, https:\/\/ruishengglassco.com\/wp-content\/uploads\/2024\/04\/glassbottle_design-800x800.webp 800w, https:\/\/ruishengglassco.com\/wp-content\/uploads\/2024\/04\/glassbottle_design-100x100.webp 100w\" sizes=\"(max-width: 969px) 100vw, 969px\" \/>\t\t\t\t\t\t\n\t\t\t\t\t<\/div>\n\t\t\t\t\t\t\t\t\n<style>\n#image_298895548 {\n  width: 100%;\n}\n<\/style>\n\t<\/div>\n\t\n\t\t<\/div>\n\t\t\t\t\t<\/div>\n\n\t\n<\/div>\n\t\t<\/div>\n\n\t\t\n<style>\n#section_1236990889 {\n  padding-top: 30px;\n  padding-bottom: 30px;\n}\n<\/style>\n\t<\/section>\n\t\n\t<section class=\"section\" id=\"section_1566749429\">\n\t\t<div class=\"bg section-bg fill bg-fill  bg-loaded\" >\n\n\t\t\t\n\t\t\t\n\t\t\t\n\n\t\t<\/div>\n\n\t\t\n\n\t\t<div class=\"section-content relative\">\n\t\t\t\n<div class=\"row\"  id=\"row-1215016510\">\n\n\t<div id=\"col-1957044614\" class=\"col small-12 large-12\"  >\n\t\t\t\t<div class=\"col-inner\"  >\n\t\t\t\n\t\t\t\n<h2 style=\"text-align: center;\">Kapsaml\u0131 Destek, Endi\u015fesiz \u0130\u015fbirli\u011fi<\/h2>\n\t\t<\/div>\n\t\t\t\t\t<\/div>\n\n\t\n<\/div>\n<div class=\"row\"  id=\"row-1928114917\">\n\n\t<div id=\"col-1083143319\" class=\"col medium-3 small-12 large-3\"  >\n\t\t\t\t<div class=\"col-inner\"  >\n\t\t\t\n\t\t\t\n\n\t\t<div class=\"icon-box featured-box icon-box-center text-center\"  >\n\t\t\t\t\t<div class=\"icon-box-img\" style=\"width: 60px\">\n\t\t\t\t<div class=\"icon\">\n\t\t\t\t\t<div class=\"icon-inner\" >\n\t\t\t\t\t\t<img decoding=\"async\" width=\"300\" height=\"300\" src=\"https:\/\/ruishengglassco.com\/wp-content\/uploads\/2026\/01\/support-300x300.png\" class=\"attachment-medium size-medium\" alt=\"\" srcset=\"https:\/\/ruishengglassco.com\/wp-content\/uploads\/2026\/01\/support-300x300.png 300w, https:\/\/ruishengglassco.com\/wp-content\/uploads\/2026\/01\/support-80x80.png 80w, https:\/\/ruishengglassco.com\/wp-content\/uploads\/2026\/01\/support-12x12.png 12w, https:\/\/ruishengglassco.com\/wp-content\/uploads\/2026\/01\/support-500x500.png 500w, https:\/\/ruishengglassco.com\/wp-content\/uploads\/2026\/01\/support-100x100.png 100w, https:\/\/ruishengglassco.com\/wp-content\/uploads\/2026\/01\/support.png 512w\" sizes=\"(max-width: 300px) 100vw, 300px\" \/>\t\t\t\t\t<\/div>\n\t\t\t\t<\/div>\n\t\t\t<\/div>\n\t\t\t\t<div class=\"icon-box-text last-reset\">\n\t\t\t\t\t\t\t\t\t\n<h3>24 Saat H\u0131zl\u0131 M\u00fcdahale<\/h3>\n<p>\u0130\u015f g\u00fcnlerinde, sorular\u0131n\u0131z ve geri bildirimleriniz \u00f6zel olarak takip edilecek ve acil konulara \u00f6ncelik verilerek 24 saat i\u00e7inde ilk yan\u0131tlar verilecektir.<\/p>\n\t\t<\/div>\n\t<\/div>\n\t\n\t\n\t\t<\/div>\n\t\t\t\t\t<\/div>\n\n\t\n\n\t<div id=\"col-840753782\" class=\"col medium-3 small-12 large-3\"  >\n\t\t\t\t<div class=\"col-inner\"  >\n\t\t\t\n\t\t\t\n\n\t\t<div class=\"icon-box featured-box icon-box-center text-center\"  >\n\t\t\t\t\t<div class=\"icon-box-img\" style=\"width: 60px\">\n\t\t\t\t<div class=\"icon\">\n\t\t\t\t\t<div class=\"icon-inner\" >\n\t\t\t\t\t\t<img decoding=\"async\" width=\"300\" height=\"300\" src=\"https:\/\/ruishengglassco.com\/wp-content\/uploads\/2026\/01\/professional-300x300.png\" class=\"attachment-medium size-medium\" alt=\"\" srcset=\"https:\/\/ruishengglassco.com\/wp-content\/uploads\/2026\/01\/professional-300x300.png 300w, https:\/\/ruishengglassco.com\/wp-content\/uploads\/2026\/01\/professional-80x80.png 80w, https:\/\/ruishengglassco.com\/wp-content\/uploads\/2026\/01\/professional-12x12.png 12w, https:\/\/ruishengglassco.com\/wp-content\/uploads\/2026\/01\/professional-500x500.png 500w, https:\/\/ruishengglassco.com\/wp-content\/uploads\/2026\/01\/professional-100x100.png 100w, https:\/\/ruishengglassco.com\/wp-content\/uploads\/2026\/01\/professional.png 512w\" sizes=\"(max-width: 300px) 100vw, 300px\" \/>\t\t\t\t\t<\/div>\n\t\t\t\t<\/div>\n\t\t\t<\/div>\n\t\t\t\t<div class=\"icon-box-text last-reset\">\n\t\t\t\t\t\t\t\t\t\n<h3>Profesyonel ve Verimli \u00c7\u00f6z\u00fcmler<\/h3>\n<p>\u0130ster nakliye hasar\u0131, ister kalite kusurlar\u0131, ister teknik sorular veya kullan\u0131m tavsiyeleri olsun, ger\u00e7ek duruma dayal\u0131 pratik \u00e7\u00f6z\u00fcmler sunaca\u011f\u0131z - mazeret yok, gecikme yok.<\/p>\n\t\t<\/div>\n\t<\/div>\n\t\n\t\n\t\t<\/div>\n\t\t\t\t\t<\/div>\n\n\t\n\n\t<div id=\"col-639623637\" class=\"col medium-3 small-12 large-3\"  >\n\t\t\t\t<div class=\"col-inner\"  >\n\t\t\t\n\t\t\t\n\n\t\t<div class=\"icon-box featured-box icon-box-center text-center\"  >\n\t\t\t\t\t<div class=\"icon-box-img\" style=\"width: 60px\">\n\t\t\t\t<div class=\"icon\">\n\t\t\t\t\t<div class=\"icon-inner\" >\n\t\t\t\t\t\t<img decoding=\"async\" width=\"300\" height=\"300\" src=\"https:\/\/ruishengglassco.com\/wp-content\/uploads\/2026\/01\/rfid-300x300.png\" class=\"attachment-medium size-medium\" alt=\"\" srcset=\"https:\/\/ruishengglassco.com\/wp-content\/uploads\/2026\/01\/rfid-300x300.png 300w, https:\/\/ruishengglassco.com\/wp-content\/uploads\/2026\/01\/rfid-80x80.png 80w, https:\/\/ruishengglassco.com\/wp-content\/uploads\/2026\/01\/rfid-12x12.png 12w, https:\/\/ruishengglassco.com\/wp-content\/uploads\/2026\/01\/rfid-500x500.png 500w, https:\/\/ruishengglassco.com\/wp-content\/uploads\/2026\/01\/rfid-100x100.png 100w, https:\/\/ruishengglassco.com\/wp-content\/uploads\/2026\/01\/rfid.png 512w\" sizes=\"(max-width: 300px) 100vw, 300px\" \/>\t\t\t\t\t<\/div>\n\t\t\t\t<\/div>\n\t\t\t<\/div>\n\t\t\t\t<div class=\"icon-box-text last-reset\">\n\t\t\t\t\t\t\t\t\t\n<h3>Tam S\u00fcre\u00e7 Takip Hizmeti<\/h3>\n<p>\u0130htiya\u00e7lar\u0131n\u0131z tam olarak kar\u015f\u0131lanana kadar sorun \u00e7\u00f6zme s\u00fcrecini ba\u015f\u0131ndan sonuna kadar takip ederek her i\u015fbirli\u011finde endi\u015fesiz bir deneyim sa\u011fl\u0131yoruz.<\/p>\n\t\t<\/div>\n\t<\/div>\n\t\n\t\n\t\t<\/div>\n\t\t\t\t\t<\/div>\n\n\t\n\n\t<div id=\"col-1934785803\" class=\"col medium-3 small-12 large-3\"  >\n\t\t\t\t<div class=\"col-inner\"  >\n\t\t\t\n\t\t\t\n\n\t\t<div class=\"icon-box featured-box icon-box-center text-center\"  >\n\t\t\t\t\t<div class=\"icon-box-img\" style=\"width: 60px\">\n\t\t\t\t<div class=\"icon\">\n\t\t\t\t\t<div class=\"icon-inner\" >\n\t\t\t\t\t\t<img decoding=\"async\" width=\"300\" height=\"300\" src=\"https:\/\/ruishengglassco.com\/wp-content\/uploads\/2026\/01\/feedback-loop-300x300.png\" class=\"attachment-medium size-medium\" alt=\"\" srcset=\"https:\/\/ruishengglassco.com\/wp-content\/uploads\/2026\/01\/feedback-loop-300x300.png 300w, https:\/\/ruishengglassco.com\/wp-content\/uploads\/2026\/01\/feedback-loop-80x80.png 80w, https:\/\/ruishengglassco.com\/wp-content\/uploads\/2026\/01\/feedback-loop-12x12.png 12w, https:\/\/ruishengglassco.com\/wp-content\/uploads\/2026\/01\/feedback-loop-500x500.png 500w, https:\/\/ruishengglassco.com\/wp-content\/uploads\/2026\/01\/feedback-loop-100x100.png 100w, https:\/\/ruishengglassco.com\/wp-content\/uploads\/2026\/01\/feedback-loop.png 512w\" sizes=\"(max-width: 300px) 100vw, 300px\" \/>\t\t\t\t\t<\/div>\n\t\t\t\t<\/div>\n\t\t\t<\/div>\n\t\t\t\t<div class=\"icon-box-text last-reset\">\n\t\t\t\t\t\t\t\t\t\n<h3>S\u00fcrekli \u0130yile\u015ftirme<\/h3>\n<p>Her bir geri bildirim bizim i\u00e7in \u00e7ok \u00f6nemlidir. \u0130\u015fbirli\u011fi deneyiminizi s\u00fcrekli iyile\u015ftirmek i\u00e7in sat\u0131\u015f sonras\u0131 sorunlar\u0131 d\u00fczenli olarak g\u00f6zden ge\u00e7irecek, \u00fcretimi, paketlemeyi, lojisti\u011fi ve genel hizmeti s\u00fcrekli olarak optimize edece\u011fiz.<\/p>\n\t\t<\/div>\n\t<\/div>\n\t\n\t\n\t\t<\/div>\n\t\t\t\t\t<\/div>\n\n\t\n<\/div>\n<div class=\"row\"  id=\"row-179356465\">\n\n\t<div id=\"col-1560506472\" class=\"col small-12 large-12\"  >\n\t\t\t\t<div class=\"col-inner text-center\"  >\n\t\t\t\n\t\t\t\n<a class=\"button primary is-pop\"  >\n    <span>Ruisheng Glass ile ileti\u015fime ge\u00e7in<\/span>\n  <\/a>\n\n\t\t<\/div>\n\t\t\t\t\t<\/div>\n\n\t\n<\/div>\n\t\t<\/div>\n\n\t\t\n<style>\n#section_1566749429 {\n  padding-top: 30px;\n  padding-bottom: 30px;\n}\n<\/style>\n\t<\/section>\n\t\n\t<section class=\"section\" id=\"section_1006632127\">\n\t\t<div class=\"bg section-bg fill bg-fill  bg-loaded\" >\n\n\t\t\t\n\t\t\t\n\t\t\t\n\n\t\t<\/div>\n\n\t\t\n\n\t\t<div class=\"section-content relative\">\n\t\t\t\n<div class=\"row\"  id=\"row-1801249577\">\n\n\t<div id=\"col-1406879849\" class=\"col small-12 large-12\"  >\n\t\t\t\t<div class=\"col-inner\"  >\n\t\t\t\n\t\t\t\n<h2 style=\"text-align: center;\">Temel Sat\u0131\u015f Sonras\u0131 Hizmetler: Paketleme, Garanti ve \u0130ade\/De\u011fi\u015fim<\/h2>\n<h3>1. Ambalaj Hakk\u0131nda<\/h3>\n<p>Cam \u015fi\u015feler nakliye s\u0131ras\u0131nda \u00e7arpma ve s\u0131k\u0131\u015ft\u0131rmadan kaynaklanan hasarlara kar\u015f\u0131 en hassas olanlard\u0131r, bu nedenle paketleme i\u00e7in ekstra \u00e7aba sarf ediyoruz.<\/p>\n<p>\u015ei\u015felerin boyutuna ve miktar\u0131na ba\u011fl\u0131 olarak, cam \u015fi\u015felerinizi korumak i\u00e7in \u015fok emici k\u00f6p\u00fck b\u00f6l\u00fcc\u00fcler, kal\u0131nla\u015ft\u0131r\u0131lm\u0131\u015f karton kutular ve ayr\u0131 i\u00e7 kaplamalar kullan\u0131yoruz. Bu sayede \u00e7arp\u0131\u015fmalar ve a\u015f\u0131nmalar en aza indirilerek i\u00e7ki \u015fi\u015felerinizin m\u00fckemmel durumda ula\u015fmas\u0131 sa\u011flan\u0131r.<\/p>\n<p>Ger\u00e7ek sevkiyatta, uzun mesafeli nakliye s\u0131ras\u0131nda olu\u015fabilecek kontrol edilemeyen durumlar\u0131 da g\u00f6z \u00f6n\u00fcnde bulunduruyoruz, bu nedenle sipari\u015fte \u00b12%'lik bir miktar tolerans\u0131 \u00f6ng\u00f6r\u00fcyoruz. Bu, nakliye s\u0131ras\u0131nda az say\u0131da \u015fi\u015fe hasar g\u00f6rse bile m\u00fc\u015fterinin normal kullan\u0131m\u0131n\u0131 etkilememesini sa\u011flar.<\/p>\n<h3>2. Garanti ve \u0130ade\/De\u011fi\u015fim Hakk\u0131nda<\/h3>\n<p>Normal kullan\u0131m ve saklama ko\u015fullar\u0131 alt\u0131nda, cam \u015fi\u015felerde \u015fi\u015fe k\u0131r\u0131lmas\u0131, e\u015fit olmayan kal\u0131nl\u0131k, deforme olmu\u015f \u015fi\u015fe boyunlar\u0131 veya zay\u0131f s\u0131zd\u0131rmazl\u0131k gibi \u00fcretim s\u00fcre\u00e7leri veya malzemelerden kaynaklanan kalite kusurlar\u0131 varsa, ilgili sat\u0131\u015f sonras\u0131 deste\u011fi sa\u011flayaca\u011f\u0131z.<\/p>\n<p>Nakliye s\u0131ras\u0131nda kaba kullan\u0131m, yanl\u0131\u015f depolama, kullan\u0131m s\u0131ras\u0131nda insan hatas\u0131 veya normal a\u015f\u0131nma ve y\u0131pranmadan kaynaklanan sorunlar\u0131n genellikle garanti kapsam\u0131na girmedi\u011fi unutulmamal\u0131d\u0131r.<\/p>\n<p>Cam \u015fi\u015feleri teslim ald\u0131ktan sonra herhangi bir belirgin hasar, kalite sorunu veya miktar tutars\u0131zl\u0131\u011f\u0131 tespit ederseniz, l\u00fctfen 7 i\u015f g\u00fcn\u00fc i\u00e7inde bizimle ileti\u015fime ge\u00e7in. Durumu h\u0131zl\u0131 bir \u015fekilde anlayabilmemiz ve do\u011frulayabilmemiz i\u00e7in sipari\u015f numaran\u0131z\u0131, \u00fcr\u00fcn bilgilerinizi ve ilgili foto\u011fraf veya videolar\u0131 sa\u011flaman\u0131z gerekecektir. Onayland\u0131ktan sonra, herhangi bir rahats\u0131zl\u0131\u011f\u0131 en aza indirmek i\u00e7in ger\u00e7ek ko\u015fullara g\u00f6re de\u011fi\u015ftirme, para iadesi veya di\u011fer uygun \u00e7\u00f6z\u00fcmleri ayarlayaca\u011f\u0131z.<\/p>\n<h3>3. Ruisheng Sat\u0131\u015f Sonras\u0131 Hizmet S\u00fcreci<\/h3>\n<ul>\n<li><strong>Teslim Alma ve Denetim<\/strong><\/li>\n<\/ul>\n<p>Cam \u015fi\u015feleri ald\u0131ktan sonra, d\u0131\u015f ambalajda herhangi bir hasar olup olmad\u0131\u011f\u0131n\u0131 h\u0131zl\u0131ca kontrol etmenizi, miktar\u0131 do\u011frulaman\u0131z\u0131 ve nakliye s\u0131ras\u0131nda herhangi bir hasar olup olmad\u0131\u011f\u0131n\u0131 kontrol etmenizi \u00f6neririz. Herhangi bir sorun varsa, l\u00fctfen bizi derhal bilgilendirin ve m\u00fcmk\u00fcn olan en k\u0131sa s\u00fcrede sizin i\u00e7in halledece\u011fiz.<\/p>\n<ul>\n<li><strong>Sorun Geri Bildirimi<\/strong><\/li>\n<\/ul>\n<p>Cam \u015fi\u015felerde herhangi bir anormallik fark ederseniz, sorunun nedenini belirleyebilmemiz i\u00e7in l\u00fctfen bize sipari\u015f bilgilerinizi ve net foto\u011fraf veya videolar\u0131n\u0131z\u0131 g\u00f6nderin.<\/p>\n<ul>\n<li><strong>Teyit ve \u00c7\u00f6z\u00fcm<\/strong><\/li>\n<\/ul>\n<p>\u00d6zel durumu de\u011ferlendirecek ve en uygun \u00e7\u00f6z\u00fcm\u00fc belirlemek i\u00e7in sizinle ileti\u015fim kuraca\u011f\u0131z.<\/p>\n<ul>\n<li><strong>Takip<\/strong><\/li>\n<\/ul>\n<p>Sorun \u00e7\u00f6z\u00fcld\u00fckten sonra, m\u00fc\u015fterinin de\u011fi\u015ftirilen \u00fcr\u00fcn\u00fc veya ilgili \u00e7\u00f6z\u00fcm\u00fc ba\u015far\u0131yla ald\u0131\u011f\u0131ndan emin olmak i\u00e7in takip edece\u011fiz.<\/p>\n\t\t<\/div>\n\t\t\t\t\t<\/div>\n\n\t\n<\/div>\n\t\t<\/div>\n\n\t\t\n<style>\n#section_1006632127 {\n  padding-top: 30px;\n  padding-bottom: 30px;\n}\n<\/style>\n\t<\/section>\n\t\n\t<section class=\"section\" id=\"section_213996272\">\n\t\t<div class=\"bg section-bg fill bg-fill  bg-loaded\" >\n\n\t\t\t\n\t\t\t\n\t\t\t\n\n\t\t<\/div>\n\n\t\t\n\n\t\t<div class=\"section-content relative\">\n\t\t\t\n<div class=\"row align-middle\"  id=\"row-941583384\">\n\n\t<div id=\"col-1330268066\" class=\"col medium-3 small-12 large-3\"  >\n\t\t\t\t<div class=\"col-inner\"  >\n\t\t\t\n\t\t\t\n\t<div class=\"img has-hover x md-x lg-x y md-y lg-y\" id=\"image_1662801092\">\n\t\t\t\t\t\t\t\t<div class=\"img-inner dark\" >\n\t\t\t<img decoding=\"async\" width=\"512\" height=\"512\" src=\"https:\/\/ruishengglassco.com\/wp-content\/uploads\/2026\/01\/customer-service.png\" class=\"attachment-original size-original\" alt=\"m\u00fc\u015fteri\u0307 hi\u0307zmetleri\u0307\" srcset=\"https:\/\/ruishengglassco.com\/wp-content\/uploads\/2026\/01\/customer-service.png 512w, https:\/\/ruishengglassco.com\/wp-content\/uploads\/2026\/01\/customer-service-300x300.png 300w, https:\/\/ruishengglassco.com\/wp-content\/uploads\/2026\/01\/customer-service-80x80.png 80w, https:\/\/ruishengglassco.com\/wp-content\/uploads\/2026\/01\/customer-service-12x12.png 12w, https:\/\/ruishengglassco.com\/wp-content\/uploads\/2026\/01\/customer-service-500x500.png 500w, https:\/\/ruishengglassco.com\/wp-content\/uploads\/2026\/01\/customer-service-100x100.png 100w\" sizes=\"(max-width: 512px) 100vw, 512px\" \/>\t\t\t\t\t\t\n\t\t\t\t\t<\/div>\n\t\t\t\t\t\t\t\t\n<style>\n#image_1662801092 {\n  width: 100%;\n}\n<\/style>\n\t<\/div>\n\t\n\t\t<\/div>\n\t\t\t\t\t<\/div>\n\n\t\n\n\t<div id=\"col-776201316\" class=\"col medium-9 small-12 large-9\"  >\n\t\t\t\t<div class=\"col-inner text-center\"  >\n\t\t\t\n\t\t\t\n\t<div id=\"text-429353107\" class=\"text\">\n\t\t\n<h2><strong>Yard\u0131ma m\u0131 \u0130htiyac\u0131n\u0131z Var? Y\u0131l\u0131n Her G\u00fcn\u00fc, 7\/24 Sizin \u0130\u00e7in Buraday\u0131z.<\/strong><\/h2>\n\t\t\n<style>\n#text-429353107 {\n  font-size: 1.2rem;\n}\n<\/style>\n\t<\/div>\n\t\n\t<div id=\"gap-1701889563\" class=\"gap-element clearfix\" style=\"display:block; height:auto;\">\n\t\t\n<style>\n#gap-1701889563 {\n  padding-top: 30px;\n}\n<\/style>\n\t<\/div>\n\t\n\t<div id=\"text-3850514915\" class=\"text\">\n\t\t\n<p>Memnuniyetiniz bizim i\u00e7in \u00f6nemli. Bu y\u00fczden deste\u011fimiz teslimattan sonra da devam ediyor. Uzun vadeli ortakl\u0131k ve g\u00fcvenilirlik \u00fczerine kurulu olan \u00c7in'deki ekibimiz, yard\u0131ma ihtiyac\u0131n\u0131z oldu\u011funda her zaman size yard\u0131mc\u0131 olmaya haz\u0131rd\u0131r.<\/p>\n\t\t\n<style>\n#text-3850514915 {\n  font-size: 1rem;\n  text-align: left;\n}\n<\/style>\n\t<\/div>\n\t\n<a href=\"https:\/\/ruishengglassco.com\/tr\/sss\/\" class=\"button primary is-outline is-xlarge is-pop\"  style=\"padding:0px 90px 0px 90px;\">\n    <span>SSS<\/span>\n  <\/a>\n\n<a class=\"button primary is-outline is-xlarge is-pop\"  >\n    <span>\u015eimdi ileti\u015fime ge\u00e7in<\/span>\n  <\/a>\n\n\t\t<\/div>\n\t\t\t\t\t<\/div>\n\n\t\n<\/div>\n\t\t<\/div>\n\n\t\t\n<style>\n#section_213996272 {\n  padding-top: 30px;\n  padding-bottom: 30px;\n}\n<\/style>\n\t<\/section>","protected":false},"excerpt":{"rendered":"","protected":false},"author":10,"featured_media":0,"parent":0,"menu_order":0,"comment_status":"closed","ping_status":"closed","template":"page-blank.php","meta":{"footnotes":""},"class_list":["post-5481","page","type-page","status-publish","hentry"],"yoast_head":"<!-- This site is optimized with the Yoast SEO plugin v22.0 - https:\/\/yoast.com\/wordpress\/plugins\/seo\/ -->\n<title>Ruisheng Glass After-Sales Service<\/title>\n<meta name=\"description\" content=\"At Ruisheng Glass, we are committed to providing not only high-quality glass bottles but also reliable and professional support throughout your entire experience with us.\" \/>\n<meta name=\"robots\" content=\"index, follow, max-snippet:-1, max-image-preview:large, max-video-preview:-1\" \/>\n<link rel=\"canonical\" href=\"https:\/\/ruishengglassco.com\/tr\/satis-sonrasi-hi\u0307zmet\" \/>\n<meta property=\"og:locale\" content=\"tr_TR\" \/>\n<meta property=\"og:type\" content=\"article\" \/>\n<meta property=\"og:title\" content=\"Ruisheng Glass After-Sales Service\" \/>\n<meta property=\"og:description\" content=\"At Ruisheng Glass, we are committed to providing not only high-quality glass bottles but also reliable and professional support throughout your entire experience with us.\" \/>\n<meta property=\"og:url\" content=\"https:\/\/ruishengglassco.com\/tr\/satis-sonrasi-hi\u0307zmet\" \/>\n<meta property=\"article:publisher\" content=\"https:\/\/www.facebook.com\/ruishengglassbottles\" \/>\n<meta property=\"article:modified_time\" content=\"2026-01-30T05:54:38+00:00\" \/>\n<meta name=\"twitter:card\" content=\"summary_large_image\" \/>\n<script type=\"application\/ld+json\" class=\"yoast-schema-graph\">{\"@context\":\"https:\/\/schema.org\",\"@graph\":[{\"@type\":\"WebPage\",\"@id\":\"https:\/\/ruishengglassco.com\/after-sales-service\",\"url\":\"https:\/\/ruishengglassco.com\/after-sales-service\",\"name\":\"Ruisheng Glass After-Sales Service\",\"isPartOf\":{\"@id\":\"https:\/\/ruishengglassco.com\/#website\"},\"datePublished\":\"2026-01-30T00:32:49+00:00\",\"dateModified\":\"2026-01-30T05:54:38+00:00\",\"description\":\"At Ruisheng Glass, we are committed to providing not only high-quality glass bottles but also reliable and professional support throughout your entire experience with us.\",\"breadcrumb\":{\"@id\":\"https:\/\/ruishengglassco.com\/after-sales-service#breadcrumb\"},\"inLanguage\":\"tr\",\"potentialAction\":[{\"@type\":\"ReadAction\",\"target\":[\"https:\/\/ruishengglassco.com\/after-sales-service\"]}]},{\"@type\":\"BreadcrumbList\",\"@id\":\"https:\/\/ruishengglassco.com\/after-sales-service#breadcrumb\",\"itemListElement\":[{\"@type\":\"ListItem\",\"position\":1,\"name\":\"Home\",\"item\":\"https:\/\/ruishengglassco.com\/\"},{\"@type\":\"ListItem\",\"position\":2,\"name\":\"After-Sales Service\"}]},{\"@type\":\"WebSite\",\"@id\":\"https:\/\/ruishengglassco.com\/#website\",\"url\":\"https:\/\/ruishengglassco.com\/\",\"name\":\"Ruisheng Glass\",\"description\":\"\",\"publisher\":{\"@id\":\"https:\/\/ruishengglassco.com\/#organization\"},\"potentialAction\":[{\"@type\":\"SearchAction\",\"target\":{\"@type\":\"EntryPoint\",\"urlTemplate\":\"https:\/\/ruishengglassco.com\/?s={search_term_string}\"},\"query-input\":\"required name=search_term_string\"}],\"inLanguage\":\"tr\"},{\"@type\":\"Organization\",\"@id\":\"https:\/\/ruishengglassco.com\/#organization\",\"name\":\"Shandong Yuncheng Ruisheng Glass Co., Ltd\",\"url\":\"https:\/\/ruishengglassco.com\/\",\"logo\":{\"@type\":\"ImageObject\",\"inLanguage\":\"tr\",\"@id\":\"https:\/\/ruishengglassco.com\/#\/schema\/logo\/image\/\",\"url\":\"https:\/\/ruishengglassco.com\/wp-content\/uploads\/2023\/09\/ruisheng_logo_icon.webp\",\"contentUrl\":\"https:\/\/ruishengglassco.com\/wp-content\/uploads\/2023\/09\/ruisheng_logo_icon.webp\",\"width\":400,\"height\":233,\"caption\":\"Shandong Yuncheng Ruisheng Glass Co., Ltd\"},\"image\":{\"@id\":\"https:\/\/ruishengglassco.com\/#\/schema\/logo\/image\/\"},\"sameAs\":[\"https:\/\/www.facebook.com\/ruishengglassbottles\",\"https:\/\/www.instagram.com\/Ruishengglassbottlewholesales\/\",\"https:\/\/www.youtube.com\/channel\/UCMmbMNGwsL-XrtjfSFLCdVQ\"]}]}<\/script>\n<!-- \/ Yoast SEO plugin. -->","yoast_head_json":{"title":"Ruisheng Glass After-Sales Service","description":"At Ruisheng Glass, we are committed to providing not only high-quality glass bottles but also reliable and professional support throughout your entire experience with us.","robots":{"index":"index","follow":"follow","max-snippet":"max-snippet:-1","max-image-preview":"max-image-preview:large","max-video-preview":"max-video-preview:-1"},"canonical":"https:\/\/ruishengglassco.com\/tr\/satis-sonrasi-hi\u0307zmet","og_locale":"tr_TR","og_type":"article","og_title":"Ruisheng Glass After-Sales Service","og_description":"At Ruisheng Glass, we are committed to providing not only high-quality glass bottles but also reliable and professional support throughout your entire experience with us.","og_url":"https:\/\/ruishengglassco.com\/tr\/satis-sonrasi-hi\u0307zmet","article_publisher":"https:\/\/www.facebook.com\/ruishengglassbottles","article_modified_time":"2026-01-30T05:54:38+00:00","twitter_card":"summary_large_image","schema":{"@context":"https:\/\/schema.org","@graph":[{"@type":"WebPage","@id":"https:\/\/ruishengglassco.com\/after-sales-service","url":"https:\/\/ruishengglassco.com\/after-sales-service","name":"Ruisheng Glass After-Sales Service","isPartOf":{"@id":"https:\/\/ruishengglassco.com\/#website"},"datePublished":"2026-01-30T00:32:49+00:00","dateModified":"2026-01-30T05:54:38+00:00","description":"At Ruisheng Glass, we are committed to providing not only high-quality glass bottles but also reliable and professional support throughout your entire experience with us.","breadcrumb":{"@id":"https:\/\/ruishengglassco.com\/after-sales-service#breadcrumb"},"inLanguage":"tr","potentialAction":[{"@type":"ReadAction","target":["https:\/\/ruishengglassco.com\/after-sales-service"]}]},{"@type":"BreadcrumbList","@id":"https:\/\/ruishengglassco.com\/after-sales-service#breadcrumb","itemListElement":[{"@type":"ListItem","position":1,"name":"Home","item":"https:\/\/ruishengglassco.com\/"},{"@type":"ListItem","position":2,"name":"After-Sales Service"}]},{"@type":"WebSite","@id":"https:\/\/ruishengglassco.com\/#website","url":"https:\/\/ruishengglassco.com\/","name":"Ruisheng Glass","description":"","publisher":{"@id":"https:\/\/ruishengglassco.com\/#organization"},"potentialAction":[{"@type":"SearchAction","target":{"@type":"EntryPoint","urlTemplate":"https:\/\/ruishengglassco.com\/?s={search_term_string}"},"query-input":"required name=search_term_string"}],"inLanguage":"tr"},{"@type":"Organization","@id":"https:\/\/ruishengglassco.com\/#organization","name":"Shandong Yuncheng Ruisheng Glass Co., Ltd","url":"https:\/\/ruishengglassco.com\/","logo":{"@type":"ImageObject","inLanguage":"tr","@id":"https:\/\/ruishengglassco.com\/#\/schema\/logo\/image\/","url":"https:\/\/ruishengglassco.com\/wp-content\/uploads\/2023\/09\/ruisheng_logo_icon.webp","contentUrl":"https:\/\/ruishengglassco.com\/wp-content\/uploads\/2023\/09\/ruisheng_logo_icon.webp","width":400,"height":233,"caption":"Shandong Yuncheng Ruisheng Glass Co., Ltd"},"image":{"@id":"https:\/\/ruishengglassco.com\/#\/schema\/logo\/image\/"},"sameAs":["https:\/\/www.facebook.com\/ruishengglassbottles","https:\/\/www.instagram.com\/Ruishengglassbottlewholesales\/","https:\/\/www.youtube.com\/channel\/UCMmbMNGwsL-XrtjfSFLCdVQ"]}]}},"_links":{"self":[{"href":"https:\/\/ruishengglassco.com\/tr\/wp-json\/wp\/v2\/pages\/5481","targetHints":{"allow":["GET"]}}],"collection":[{"href":"https:\/\/ruishengglassco.com\/tr\/wp-json\/wp\/v2\/pages"}],"about":[{"href":"https:\/\/ruishengglassco.com\/tr\/wp-json\/wp\/v2\/types\/page"}],"author":[{"embeddable":true,"href":"https:\/\/ruishengglassco.com\/tr\/wp-json\/wp\/v2\/users\/10"}],"replies":[{"embeddable":true,"href":"https:\/\/ruishengglassco.com\/tr\/wp-json\/wp\/v2\/comments?post=5481"}],"version-history":[{"count":9,"href":"https:\/\/ruishengglassco.com\/tr\/wp-json\/wp\/v2\/pages\/5481\/revisions"}],"predecessor-version":[{"id":5495,"href":"https:\/\/ruishengglassco.com\/tr\/wp-json\/wp\/v2\/pages\/5481\/revisions\/5495"}],"wp:attachment":[{"href":"https:\/\/ruishengglassco.com\/tr\/wp-json\/wp\/v2\/media?parent=5481"}],"curies":[{"name":"wp","href":"https:\/\/api.w.org\/{rel}","templated":true}]}}