{"id":3970,"date":"2024-12-11T16:55:26","date_gmt":"2024-12-11T08:55:26","guid":{"rendered":"https:\/\/ruishengglassco.com\/?page_id=3970"},"modified":"2024-12-11T17:09:44","modified_gmt":"2024-12-11T09:09:44","slug":"gizlilik-politikasi","status":"publish","type":"page","link":"https:\/\/ruishengglassco.com\/tr\/gizlilik-politikasi","title":{"rendered":"Gizlilik Politikas\u0131"},"content":{"rendered":"<div>Son g\u00fcncelleme tarihi: [2024.12]<\/div>\n<div><\/div>\n<div>Ruisheng Glass Co. \u015firketini (bundan b\u00f6yle \"biz\", \"bizim\" olarak an\u0131lacakt\u0131r) ziyaret etti\u011finiz i\u00e7in te\u015fekk\u00fcr ederiz. Gizlili\u011finize de\u011fer veriyoruz ve ki\u015fisel bilgilerinizi korumaya kararl\u0131y\u0131z. Bu gizlilik politikas\u0131, ki\u015fisel bilgilerinizi nas\u0131l toplad\u0131\u011f\u0131m\u0131z\u0131, kulland\u0131\u011f\u0131m\u0131z\u0131, korudu\u011fumuzu ve payla\u015ft\u0131\u011f\u0131m\u0131z\u0131 ve web sitemizi (ruishengglassco.com) kullan\u0131rken ilgili haklar\u0131n\u0131z\u0131 a\u00e7\u0131klar.<\/div>\n<div><\/div>\n<div>1. Toplad\u0131\u011f\u0131m\u0131z bilgiler<\/div>\n<div>Web sitemizi ziyaret etti\u011finizde, a\u015fa\u011f\u0131daki bilgi t\u00fcrlerini toplayabiliriz:<\/div>\n<div><\/div>\n<div>Ki\u015fisel bilgiler:<\/div>\n<div>\u0130sim<\/div>\n<div>E-posta adresi<\/div>\n<div>\u0130leti\u015fim numaras\u0131<\/div>\n<div>Adres<\/div>\n<div>Formlar\u0131 doldurarak veya bizimle etkile\u015fime ge\u00e7erek sa\u011flanabilecek di\u011fer bilgiler<\/div>\n<div>Ki\u015fisel olmayan bilgiler:<\/div>\n<div>Taray\u0131c\u0131 t\u00fcr\u00fc<\/div>\n<div>\u0130\u015fletim sistemi<\/div>\n<div>IP adresi<\/div>\n<div>Ziyaret tarihi ve saati<\/div>\n<div>Ziyaret edilen sayfalar<\/div>\n<div>Co\u011frafi konum bilgileri (etkinle\u015ftirilmi\u015fse)<\/div>\n<div>Web sitesi kullan\u0131m istatistikleri (\u00f6rne\u011fin, \u00e7erezler arac\u0131l\u0131\u011f\u0131yla toplanan veriler)<\/div>\n<div>2. Bilgi kullan\u0131m\u0131<\/div>\n<div>Toplad\u0131\u011f\u0131m\u0131z bilgiler temel olarak a\u015fa\u011f\u0131daki ama\u00e7lar i\u00e7in kullan\u0131lmaktad\u0131r:<\/div>\n<div><\/div>\n<div>Hizmetleri sa\u011flamak ve iyile\u015ftirmek: Size daha iyi bir \u00fcr\u00fcn ve hizmet deneyimi sunmak.<\/div>\n<div>M\u00fc\u015fteri deste\u011fi: Sorular\u0131n\u0131za yan\u0131t verin ve sat\u0131\u015f sonras\u0131 hizmet sa\u011flay\u0131n.<\/div>\n<div>Pazarlama ve tan\u0131t\u0131m: Size \u00fcr\u00fcnlerimiz, hizmetlerimiz, promosyonlar\u0131m\u0131z ve haberlerimizle ilgili g\u00fcncellemeler g\u00f6ndermek (bunlar\u0131 almay\u0131 se\u00e7erseniz).<\/div>\n<div>Yasal ve uyumluluk gereklilikleri: Y\u00fcr\u00fcrl\u00fckteki yasalara, y\u00f6netmeliklere ve end\u00fcstri standartlar\u0131na uyun.<\/div>\n<div>3. Bilgi Payla\u015f\u0131m\u0131 ve \u0130f\u015fas\u0131<\/div>\n<div>Ki\u015fisel bilgilerinizi izniniz olmadan herhangi bir \u00fc\u00e7\u00fcnc\u00fc tarafa satmayaca\u011f\u0131m\u0131za veya kiralamayaca\u011f\u0131m\u0131za s\u00f6z veriyoruz. Ancak, bilgilerinizi a\u015fa\u011f\u0131daki durumlarda payla\u015fabiliriz:<\/div>\n<div><\/div>\n<div>\u00dc\u00e7\u00fcnc\u00fc taraf hizmet sa\u011flay\u0131c\u0131lar\u0131: Teknik destek, \u00f6deme i\u015flemleri, lojistik ve teslimat hizmetleri sa\u011flamak i\u00e7in \u00fc\u00e7\u00fcnc\u00fc taraf ortaklarla \u00e7al\u0131\u015fabiliriz. Bu hizmet sa\u011flay\u0131c\u0131lar bilgilerinize yaln\u0131zca gerekli oldu\u011funda eri\u015fecek ve gizlilik koruma \u015fartlar\u0131na uymak zorundad\u0131r.<\/div>\n<div>Yasal gereklilikler: Bilgilerinizi if\u015fa etmenin yasal y\u00fck\u00fcml\u00fcl\u00fcklere uymak, me\u015fru devlet taleplerine yan\u0131t vermek, h\u00fck\u00fcm ve ko\u015fullar\u0131m\u0131z\u0131 uygulamak veya haklar\u0131m\u0131z\u0131, m\u00fclk\u00fcm\u00fcz\u00fc ve g\u00fcvenli\u011fimizi korumak i\u00e7in gerekli oldu\u011funa inan\u0131rsak bilgilerinizi if\u015fa edebiliriz.<\/div>\n<div>4. Veri G\u00fcvenli\u011fi<\/div>\n<div>Ki\u015fisel bilgilerinizi kay\u0131p, yetkisiz eri\u015fim, if\u015fa, de\u011fi\u015ftirme veya imhaya kar\u015f\u0131 korumak i\u00e7in makul teknik ve idari \u00f6nlemler almaktay\u0131z. Ancak, hi\u00e7bir bilgi aktar\u0131m s\u00fcrecinin veya \u00e7evrimi\u00e7i depolaman\u0131n tamamen g\u00fcvenli olamayaca\u011f\u0131n\u0131 l\u00fctfen unutmay\u0131n. Bu nedenle, iletim s\u0131ras\u0131nda verilerin mutlak g\u00fcvenli\u011fini garanti edemeyiz.<\/div>\n<div><\/div>\n<div>5. \u00c7erezler ve \u0130zleme Teknolojileri<\/div>\n<div>Web sitemiz, deneyiminizi geli\u015ftirmek i\u00e7in \u00e7erezleri ve di\u011fer benzer teknolojileri kullan\u0131r. Bu teknolojiler, size ki\u015fiselle\u015ftirilmi\u015f i\u00e7erik ve reklamlar sunmak i\u00e7in tarama davran\u0131\u015f\u0131n\u0131z hakk\u0131nda veri toplamam\u0131za ve saklamam\u0131za yard\u0131mc\u0131 olur. Taray\u0131c\u0131 ayarlar\u0131n\u0131zdan \u00e7erezleri devre d\u0131\u015f\u0131 b\u0131rakabilirsiniz, ancak bu, belirli \u00f6zelliklerle ilgili deneyiminizi etkileyebilir.<\/div>\n<div><\/div>\n<div>6. \u00dc\u00e7\u00fcnc\u00fc taraf web siteleri<\/div>\n<div>Gizlilik politikam\u0131z yaln\u0131zca ruishengglassco.com web sitesi i\u00e7in ge\u00e7erlidir. Web sitemiz \u00fc\u00e7\u00fcnc\u00fc taraf web sitelerine ba\u011flant\u0131lar i\u00e7erebilir ve bu web sitelerinin gizlilik uygulamalar\u0131ndan veya i\u00e7eri\u011finden sorumlu de\u011filiz. Bu web sitelerini ziyaret ederken gizlilik politikalar\u0131na ba\u015fvurman\u0131z\u0131 \u00f6neririz.<\/div>\n<div><\/div>\n<div>7. \u00c7ocuklar\u0131n mahremiyeti<\/div>\n<div>Web sitemiz 13 ya\u015f\u0131n alt\u0131ndaki \u00e7ocuklara y\u00f6nelik de\u011fildir. Bilerek 13 ya\u015f\u0131n alt\u0131ndaki \u00e7ocuklardan ki\u015fisel bilgi toplam\u0131yoruz. Bu t\u00fcr bilgilerin topland\u0131\u011f\u0131n\u0131 tespit edersek, verileri m\u00fcmk\u00fcn olan en k\u0131sa s\u00fcrede silmek i\u00e7in gerekli ad\u0131mlar\u0131 ataca\u011f\u0131z.<\/div>\n<div><\/div>\n<div>8. Sizin haklar\u0131n\u0131z<\/div>\n<div>Y\u00fcr\u00fcrl\u00fckteki gizlilik yasalar\u0131 uyar\u0131nca, a\u015fa\u011f\u0131daki haklara sahip olabilirsiniz:<\/div>\n<div><\/div>\n<div>Hakk\u0131n\u0131zda tuttu\u011fumuz ki\u015fisel bilgilere eri\u015fin.<\/div>\n<div><\/div>\n<div>Ki\u015fisel bilgilerinizin d\u00fczeltilmesini veya g\u00fcncellenmesini talep edin.<\/div>\n<div><\/div>\n<div>Ki\u015fisel bilgilerinizin silinmesini talep edin.<\/div>\n<div><\/div>\n<div>Belirli verileri kullanmam\u0131z\u0131 reddedebilir veya onay\u0131n\u0131z\u0131 geri \u00e7ekebilirsiniz.<\/div>\n<div>Yukar\u0131daki haklar\u0131n\u0131z\u0131 kullanmak istiyorsan\u0131z, l\u00fctfen a\u015fa\u011f\u0131daki \u015fekilde bizimle ileti\u015fime ge\u00e7in (bkz. B\u00f6l\u00fcm 9).<\/div>\n<div><\/div>\n<div>9. Bize Ula\u015f\u0131n<\/div>\n<div>Bu Gizlilik Politikas\u0131 hakk\u0131nda herhangi bir sorunuz varsa veya gizlilik haklar\u0131n\u0131z\u0131 kullanmak istiyorsan\u0131z, l\u00fctfen a\u015fa\u011f\u0131daki \u015fekilde bizimle ileti\u015fime ge\u00e7in:<\/div>\n<div><\/div>\n<div>Ruisheng Glass Co.<\/div>\n<div>E-posta: [<a href=\"mailto:sales@ruishengglassco.com\">sales@ruishengglassco.com<\/a>]<\/div>\n<div>Telefon [+86 15865878888]<\/div>\n<div>Adres [Cam Sanayi Park\u0131, Yuncheng \u0130l\u00e7esi, Heze, Shandong Eyaleti, \u00c7in]<\/div>\n<div><\/div>\n<div>10. Gizlilik Politikas\u0131 G\u00fcncellemeleri<\/div>\n<div>Bu Gizlilik Politikas\u0131n\u0131 zaman zaman g\u00fcncelleyebiliriz. Herhangi bir de\u011fi\u015fiklik, g\u00fcncellenmi\u015f Gizlilik Politikas\u0131n\u0131 bu sayfada yay\u0131nlayarak size bildirilecektir. Bilgilerinizi nas\u0131l korudu\u011fumuzdan haberdar olmak i\u00e7in bu sayfay\u0131 periyodik olarak g\u00f6zden ge\u00e7irmenizi \u00f6neririz.<\/div>","protected":false},"excerpt":{"rendered":"<p>Son g\u00fcncelleme tarihi: [2024.12] Ruisheng Glass Co. \u015firketini (bundan b\u00f6yle \"biz\", \"bizim\" olarak an\u0131lacakt\u0131r) ziyaret etti\u011finiz i\u00e7in te\u015fekk\u00fcr ederiz. Gizlili\u011finize de\u011fer veriyoruz ve ki\u015fisel bilgilerinizi korumay\u0131 taahh\u00fct ediyoruz. Bu gizlilik politikas\u0131, ki\u015fisel bilgilerinizi nas\u0131l toplad\u0131\u011f\u0131m\u0131z\u0131, kulland\u0131\u011f\u0131m\u0131z\u0131, korudu\u011fumuzu ve payla\u015ft\u0131\u011f\u0131m\u0131z\u0131 ve web sitemizi (ruishengglassco.com) kullan\u0131rken ilgili haklar\u0131n\u0131z\u0131 a\u00e7\u0131klar. 1....<\/p>","protected":false},"author":8,"featured_media":0,"parent":0,"menu_order":0,"comment_status":"closed","ping_status":"closed","template":"","meta":{"footnotes":""},"class_list":["post-3970","page","type-page","status-publish","hentry"],"yoast_head":"<!-- This site is optimized with the Yoast SEO plugin v22.0 - https:\/\/yoast.com\/wordpress\/plugins\/seo\/ -->\n<title>Privacy Policy -<\/title>\n<meta name=\"robots\" content=\"index, follow, max-snippet:-1, max-image-preview:large, max-video-preview:-1\" \/>\n<link rel=\"canonical\" href=\"https:\/\/ruishengglassco.com\/tr\/gizlilik-politikasi\" \/>\n<meta property=\"og:locale\" content=\"tr_TR\" \/>\n<meta property=\"og:type\" content=\"article\" \/>\n<meta property=\"og:title\" content=\"Privacy Policy -\" \/>\n<meta property=\"og:description\" content=\"Last updated on: [2024.12] Thank you for visiting Ruisheng Glass Co. (hereinafter referred to as &#8220;we&#8221;, &#8220;our&#8221;). We value your privacy and are committed to protecting your personal information. This privacy policy explains how we collect, use, protect and share your personal information, as well as your related rights when using our website (ruishengglassco.com). 1....\" \/>\n<meta property=\"og:url\" content=\"https:\/\/ruishengglassco.com\/tr\/gizlilik-politikasi\" \/>\n<meta property=\"article:publisher\" content=\"https:\/\/www.facebook.com\/ruishengglassbottles\" \/>\n<meta property=\"article:modified_time\" content=\"2024-12-11T09:09:44+00:00\" \/>\n<meta name=\"twitter:card\" content=\"summary_large_image\" \/>\n<meta name=\"twitter:label1\" content=\"Tahmini okuma s\u00fcresi\" \/>\n\t<meta name=\"twitter:data1\" content=\"3 dakika\" \/>\n<script type=\"application\/ld+json\" class=\"yoast-schema-graph\">{\"@context\":\"https:\/\/schema.org\",\"@graph\":[{\"@type\":\"WebPage\",\"@id\":\"https:\/\/ruishengglassco.com\/privacy-policy\",\"url\":\"https:\/\/ruishengglassco.com\/privacy-policy\",\"name\":\"Privacy Policy -\",\"isPartOf\":{\"@id\":\"https:\/\/ruishengglassco.com\/#website\"},\"datePublished\":\"2024-12-11T08:55:26+00:00\",\"dateModified\":\"2024-12-11T09:09:44+00:00\",\"breadcrumb\":{\"@id\":\"https:\/\/ruishengglassco.com\/privacy-policy#breadcrumb\"},\"inLanguage\":\"tr\",\"potentialAction\":[{\"@type\":\"ReadAction\",\"target\":[\"https:\/\/ruishengglassco.com\/privacy-policy\"]}]},{\"@type\":\"BreadcrumbList\",\"@id\":\"https:\/\/ruishengglassco.com\/privacy-policy#breadcrumb\",\"itemListElement\":[{\"@type\":\"ListItem\",\"position\":1,\"name\":\"Home\",\"item\":\"https:\/\/ruishengglassco.com\/\"},{\"@type\":\"ListItem\",\"position\":2,\"name\":\"Privacy Policy\"}]},{\"@type\":\"WebSite\",\"@id\":\"https:\/\/ruishengglassco.com\/#website\",\"url\":\"https:\/\/ruishengglassco.com\/\",\"name\":\"Ruisheng Glass\",\"description\":\"\",\"publisher\":{\"@id\":\"https:\/\/ruishengglassco.com\/#organization\"},\"potentialAction\":[{\"@type\":\"SearchAction\",\"target\":{\"@type\":\"EntryPoint\",\"urlTemplate\":\"https:\/\/ruishengglassco.com\/?s={search_term_string}\"},\"query-input\":\"required name=search_term_string\"}],\"inLanguage\":\"tr\"},{\"@type\":\"Organization\",\"@id\":\"https:\/\/ruishengglassco.com\/#organization\",\"name\":\"Shandong Yuncheng Ruisheng Glass Co., Ltd\",\"url\":\"https:\/\/ruishengglassco.com\/\",\"logo\":{\"@type\":\"ImageObject\",\"inLanguage\":\"tr\",\"@id\":\"https:\/\/ruishengglassco.com\/#\/schema\/logo\/image\/\",\"url\":\"https:\/\/ruishengglassco.com\/wp-content\/uploads\/2023\/09\/ruisheng_logo_icon.webp\",\"contentUrl\":\"https:\/\/ruishengglassco.com\/wp-content\/uploads\/2023\/09\/ruisheng_logo_icon.webp\",\"width\":400,\"height\":233,\"caption\":\"Shandong Yuncheng Ruisheng Glass Co., Ltd\"},\"image\":{\"@id\":\"https:\/\/ruishengglassco.com\/#\/schema\/logo\/image\/\"},\"sameAs\":[\"https:\/\/www.facebook.com\/ruishengglassbottles\",\"https:\/\/www.instagram.com\/Ruishengglassbottlewholesales\/\",\"https:\/\/www.youtube.com\/channel\/UCMmbMNGwsL-XrtjfSFLCdVQ\"]}]}<\/script>\n<!-- \/ Yoast SEO plugin. -->","yoast_head_json":{"title":"Privacy Policy -","robots":{"index":"index","follow":"follow","max-snippet":"max-snippet:-1","max-image-preview":"max-image-preview:large","max-video-preview":"max-video-preview:-1"},"canonical":"https:\/\/ruishengglassco.com\/tr\/gizlilik-politikasi","og_locale":"tr_TR","og_type":"article","og_title":"Privacy Policy -","og_description":"Last updated on: [2024.12] Thank you for visiting Ruisheng Glass Co. (hereinafter referred to as &#8220;we&#8221;, &#8220;our&#8221;). We value your privacy and are committed to protecting your personal information. This privacy policy explains how we collect, use, protect and share your personal information, as well as your related rights when using our website (ruishengglassco.com). 1....","og_url":"https:\/\/ruishengglassco.com\/tr\/gizlilik-politikasi","article_publisher":"https:\/\/www.facebook.com\/ruishengglassbottles","article_modified_time":"2024-12-11T09:09:44+00:00","twitter_card":"summary_large_image","twitter_misc":{"Tahmini okuma s\u00fcresi":"3 dakika"},"schema":{"@context":"https:\/\/schema.org","@graph":[{"@type":"WebPage","@id":"https:\/\/ruishengglassco.com\/privacy-policy","url":"https:\/\/ruishengglassco.com\/privacy-policy","name":"Privacy Policy -","isPartOf":{"@id":"https:\/\/ruishengglassco.com\/#website"},"datePublished":"2024-12-11T08:55:26+00:00","dateModified":"2024-12-11T09:09:44+00:00","breadcrumb":{"@id":"https:\/\/ruishengglassco.com\/privacy-policy#breadcrumb"},"inLanguage":"tr","potentialAction":[{"@type":"ReadAction","target":["https:\/\/ruishengglassco.com\/privacy-policy"]}]},{"@type":"BreadcrumbList","@id":"https:\/\/ruishengglassco.com\/privacy-policy#breadcrumb","itemListElement":[{"@type":"ListItem","position":1,"name":"Home","item":"https:\/\/ruishengglassco.com\/"},{"@type":"ListItem","position":2,"name":"Privacy Policy"}]},{"@type":"WebSite","@id":"https:\/\/ruishengglassco.com\/#website","url":"https:\/\/ruishengglassco.com\/","name":"Ruisheng Glass","description":"","publisher":{"@id":"https:\/\/ruishengglassco.com\/#organization"},"potentialAction":[{"@type":"SearchAction","target":{"@type":"EntryPoint","urlTemplate":"https:\/\/ruishengglassco.com\/?s={search_term_string}"},"query-input":"required name=search_term_string"}],"inLanguage":"tr"},{"@type":"Organization","@id":"https:\/\/ruishengglassco.com\/#organization","name":"Shandong Yuncheng Ruisheng Glass Co., Ltd","url":"https:\/\/ruishengglassco.com\/","logo":{"@type":"ImageObject","inLanguage":"tr","@id":"https:\/\/ruishengglassco.com\/#\/schema\/logo\/image\/","url":"https:\/\/ruishengglassco.com\/wp-content\/uploads\/2023\/09\/ruisheng_logo_icon.webp","contentUrl":"https:\/\/ruishengglassco.com\/wp-content\/uploads\/2023\/09\/ruisheng_logo_icon.webp","width":400,"height":233,"caption":"Shandong Yuncheng Ruisheng Glass Co., Ltd"},"image":{"@id":"https:\/\/ruishengglassco.com\/#\/schema\/logo\/image\/"},"sameAs":["https:\/\/www.facebook.com\/ruishengglassbottles","https:\/\/www.instagram.com\/Ruishengglassbottlewholesales\/","https:\/\/www.youtube.com\/channel\/UCMmbMNGwsL-XrtjfSFLCdVQ"]}]}},"_links":{"self":[{"href":"https:\/\/ruishengglassco.com\/tr\/wp-json\/wp\/v2\/pages\/3970","targetHints":{"allow":["GET"]}}],"collection":[{"href":"https:\/\/ruishengglassco.com\/tr\/wp-json\/wp\/v2\/pages"}],"about":[{"href":"https:\/\/ruishengglassco.com\/tr\/wp-json\/wp\/v2\/types\/page"}],"author":[{"embeddable":true,"href":"https:\/\/ruishengglassco.com\/tr\/wp-json\/wp\/v2\/users\/8"}],"replies":[{"embeddable":true,"href":"https:\/\/ruishengglassco.com\/tr\/wp-json\/wp\/v2\/comments?post=3970"}],"version-history":[{"count":4,"href":"https:\/\/ruishengglassco.com\/tr\/wp-json\/wp\/v2\/pages\/3970\/revisions"}],"predecessor-version":[{"id":3976,"href":"https:\/\/ruishengglassco.com\/tr\/wp-json\/wp\/v2\/pages\/3970\/revisions\/3976"}],"wp:attachment":[{"href":"https:\/\/ruishengglassco.com\/tr\/wp-json\/wp\/v2\/media?parent=3970"}],"curies":[{"name":"wp","href":"https:\/\/api.w.org\/{rel}","templated":true}]}}