{"id":1361,"date":"2023-02-01T14:34:04","date_gmt":"2023-02-01T06:34:04","guid":{"rendered":"https:\/\/ruishengglassco.com\/?page_id=1361"},"modified":"2026-01-07T17:09:54","modified_gmt":"2026-01-07T09:09:54","slug":"sss","status":"publish","type":"page","link":"https:\/\/ruishengglassco.com\/tr\/sss","title":{"rendered":"SSS"},"content":{"rendered":"<div class=\"banner has-hover\" id=\"banner-12352851\">\n          <div class=\"banner-inner fill\">\n        <div class=\"banner-bg fill\" >\n            <div class=\"bg fill bg-fill\"><\/div>\n                        <div class=\"overlay\"><\/div>            \n                    <\/div>\n\t\t\n        <div class=\"banner-layers container\">\n            <div class=\"fill banner-link\"><\/div>            \n   <div id=\"text-box-1794166539\" class=\"text-box banner-layer x50 md-x50 lg-x50 y50 md-y50 lg-y50 res-text\">\n                                <div class=\"text-box-content text dark\">\n              \n              <div class=\"text-inner text-center\">\n                  \n<h3 class=\"uppercase\"><strong>SSS<\/strong><\/h3>\n<p>Size Yard\u0131mc\u0131 Olabilece\u011fimiz Herhangi Bir Sorunuz Var m\u0131?<\/p>\n              <\/div>\n           <\/div>\n                            \n<style>\n#text-box-1794166539 {\n  width: 60%;\n}\n#text-box-1794166539 .text-box-content {\n  font-size: 100%;\n}\n<\/style>\n    <\/div>\n \n        <\/div>\n      <\/div>\n\n            \n<style>\n#banner-12352851 {\n  padding-top: 480px;\n}\n#banner-12352851 .bg.bg-loaded {\n  background-image: url(https:\/\/ruishengglassco.com\/wp-content\/uploads\/2022\/11\/gip_banner_test_001image.jpg);\n}\n#banner-12352851 .overlay {\n  background-color: rgba(0, 0, 0, 0.8);\n}\n<\/style>\n  <\/div>\n\n\n\t<section class=\"section\" id=\"section_973977224\">\n\t\t<div class=\"bg section-bg fill bg-fill  bg-loaded\" >\n\n\t\t\t\n\t\t\t\n\t\t\t\n\n\t\t<\/div>\n\n\t\t\n\n\t\t<div class=\"section-content relative\">\n\t\t\t\n<div class=\"row align-center row-box-shadow-1\"  id=\"row-1535251559\">\n\n\t<div id=\"col-1410093364\" class=\"col medium-10 small-12 large-12\"  >\n\t\t\t\t<div class=\"col-inner\" style=\"background-color:rgb(255,255,255);\" >\n\t\t\t\n\t\t\t\n<div class=\"accordion\">\n\t<div id=\"accordion-500520975\" class=\"accordion-item\">\n\t\t<a id=\"accordion-500520975-label\" class=\"accordion-title plain\" href=\"#accordion-item-can-l-cancel-or-change-my-order?\" aria-expanded=\"false\" aria-controls=\"accordion-500520975-content\" >\n\t\t\t<button class=\"toggle\" aria-label=\"A\u00e7\/Kapat\"><i class=\"icon-angle-down\"><\/i><\/button>\n\t\t\t<span>Sipari\u015fimi iptal edebilir veya de\u011fi\u015ftirebilir miyim?<\/span>\n\t\t<\/a>\n\t\t<div id=\"accordion-500520975-content\" class=\"accordion-inner\" aria-labelledby=\"accordion-500520975-label\" >\n\t\t\t\n<p>Toptan cam \u015fi\u015fe sipari\u015finin makinede \u00fcretilmesi i\u00e7in her kuyruk s\u00fcresi yakla\u015f\u0131k 30 g\u00fcn s\u00fcrer. S\u0131ra s\u00fcresi boyunca, personel sipari\u015fi i\u015flemeye ba\u015flamaz ve sipari\u015finizi iptal edebilir veya de\u011fi\u015fiklik yapabilirsiniz. Ancak bu, teslim s\u00fcresini etkileyecek ve tekrar s\u0131raya girmek i\u00e7in fazladan 30 g\u00fcn gerekecektir. Kal\u0131p i\u015fleme al\u0131nd\u0131ktan ve \u00fcretime ba\u015flad\u0131ktan sonra sipari\u015f iptal edilemez.<\/p>\n\t\t<\/div>\n\t<\/div>\n\t\n\t<div id=\"accordion-3626965456\" class=\"accordion-item\">\n\t\t<a id=\"accordion-3626965456-label\" class=\"accordion-title plain\" href=\"#accordion-item-how-do-you-charge-bulk-glass-bottle-shipping-costs-and-what-method-will-be-used-to-ship-my-order?\" aria-expanded=\"false\" aria-controls=\"accordion-3626965456-content\" >\n\t\t\t<button class=\"toggle\" aria-label=\"A\u00e7\/Kapat\"><i class=\"icon-angle-down\"><\/i><\/button>\n\t\t\t<span>Toplu cam \u015fi\u015fe g\u00f6nderim \u00fccretlerini nas\u0131l al\u0131yorsunuz ve sipari\u015fimi g\u00f6ndermek i\u00e7in hangi y\u00f6ntem kullan\u0131lacak?<\/span>\n\t\t<\/a>\n\t\t<div id=\"accordion-3626965456-content\" class=\"accordion-inner\" aria-labelledby=\"accordion-3626965456-label\" >\n\t\t\t\n<p>Esnek uluslararas\u0131 deniz ta\u015f\u0131mac\u0131l\u0131\u011f\u0131 nedeniyle, nakliye maliyeti konteyner sipari\u015fi verirken navlun oranlar\u0131na ba\u011fl\u0131 olacakt\u0131r.<br \/>\nDeniz veya hava yoluyla teslimat\u0131 destekliyoruz. M\u00fc\u015fteriler nakliye \u00fccretini nakliye \u015firketine veya bize \u00f6deyebilir.<\/p>\n\t\t<\/div>\n\t<\/div>\n\t\n\t<div id=\"accordion-1776311653\" class=\"accordion-item\">\n\t\t<a id=\"accordion-1776311653-label\" class=\"accordion-title plain\" href=\"#accordion-item-what-freight-companies-do-you-use?\" aria-expanded=\"false\" aria-controls=\"accordion-1776311653-content\" >\n\t\t\t<button class=\"toggle\" aria-label=\"A\u00e7\/Kapat\"><i class=\"icon-angle-down\"><\/i><\/button>\n\t\t\t<span>Hangi nakliye \u015firketlerini kullan\u0131yorsunuz?<\/span>\n\t\t<\/a>\n\t\t<div id=\"accordion-1776311653-content\" class=\"accordion-inner\" aria-labelledby=\"accordion-1776311653-label\" >\n\t\t\t\n<p>Liman\u0131n\u0131za teslimat\u0131 ayarlamak veya kap\u0131dan kap\u0131ya hizmet sa\u011flamak i\u00e7in profesyonel nakliye \u015firketlerimiz var. EMC, COSCO, ONE ve di\u011fer ta\u015f\u0131y\u0131c\u0131lar, nakliye hatt\u0131na ve m\u00fcsaitlik durumuna ba\u011fl\u0131 olarak mevcuttur.<\/p>\n\t\t<\/div>\n\t<\/div>\n\t\n\t<div id=\"accordion-3130370459\" class=\"accordion-item\">\n\t\t<a id=\"accordion-3130370459-label\" class=\"accordion-title plain\" href=\"#accordion-item-when-will-my-order-be-shipped?\" aria-expanded=\"false\" aria-controls=\"accordion-3130370459-content\" >\n\t\t\t<button class=\"toggle\" aria-label=\"A\u00e7\/Kapat\"><i class=\"icon-angle-down\"><\/i><\/button>\n\t\t\t<span>Sipari\u015fim ne zaman g\u00f6nderilecek?<\/span>\n\t\t<\/a>\n\t\t<div id=\"accordion-3130370459-content\" class=\"accordion-inner\" aria-labelledby=\"accordion-3130370459-label\" >\n\t\t\t\n<p>Genel olarak, toptan cam \u015fi\u015fe teslim s\u00fcresi depozitoyu ald\u0131ktan sonra yakla\u015f\u0131k 40 g\u00fcnd\u00fcr.<br \/>\nStok \u00fcr\u00fcnler i\u00e7in sipari\u015f, depozitoyu ald\u0131ktan sonra bir hafta i\u00e7inde g\u00f6nderilebilir.<\/p>\n\t\t<\/div>\n\t<\/div>\n\t\n\t<div id=\"accordion-1530241030\" class=\"accordion-item\">\n\t\t<a id=\"accordion-1530241030-label\" class=\"accordion-title plain\" href=\"#accordion-item-can-i-get-discounts-on-large-orders?\" aria-expanded=\"false\" aria-controls=\"accordion-1530241030-content\" >\n\t\t\t<button class=\"toggle\" aria-label=\"A\u00e7\/Kapat\"><i class=\"icon-angle-down\"><\/i><\/button>\n\t\t\t<span>B\u00fcy\u00fck sipari\u015flerde indirim alabilir miyim?<\/span>\n\t\t<\/a>\n\t\t<div id=\"accordion-1530241030-content\" class=\"accordion-inner\" aria-labelledby=\"accordion-1530241030-label\" >\n\t\t\t\n<p>Evet, b\u00fcy\u00fck sipari\u015fler i\u00e7in fiyat imtiyazlar\u0131 sunuyoruz. Cam \u015fi\u015fe miktar\u0131 ne kadar fazla olursa, fiyat o kadar d\u00fc\u015f\u00fck olur. Belirli ayr\u0131nt\u0131lar i\u00e7in, l\u00fctfen sat\u0131\u015f ekibimizden en son cam \u015fi\u015fe toptan sat\u0131\u015f fiyat\u0131n\u0131 isteyin.<\/p>\n\t\t<\/div>\n\t<\/div>\n\t\n\t<div id=\"accordion-2115213781\" class=\"accordion-item\">\n\t\t<a id=\"accordion-2115213781-label\" class=\"accordion-title plain\" href=\"#accordion-item-i-just-placed-my-order.-can-i-change-my-shipping-service?\" aria-expanded=\"false\" aria-controls=\"accordion-2115213781-content\" >\n\t\t\t<button class=\"toggle\" aria-label=\"A\u00e7\/Kapat\"><i class=\"icon-angle-down\"><\/i><\/button>\n\t\t\t<span>Sipari\u015fimi yeni verdim. Kargo hizmetimi de\u011fi\u015ftirebilir miyim?<\/span>\n\t\t<\/a>\n\t\t<div id=\"accordion-2115213781-content\" class=\"accordion-inner\" aria-labelledby=\"accordion-2115213781-label\" >\n\t\t\t\n<p>Evet, sipari\u015f verdikten sonra nakliye hizmetinin de\u011fi\u015ftirilmesi tart\u0131\u015f\u0131labilir.<\/p>\n\t\t<\/div>\n\t<\/div>\n\t\n\t<div id=\"accordion-1456451937\" class=\"accordion-item\">\n\t\t<a id=\"accordion-1456451937-label\" class=\"accordion-title plain\" href=\"#accordion-item-how-can-i-get-my-tracking-number?\" aria-expanded=\"false\" aria-controls=\"accordion-1456451937-content\" >\n\t\t\t<button class=\"toggle\" aria-label=\"A\u00e7\/Kapat\"><i class=\"icon-angle-down\"><\/i><\/button>\n\t\t\t<span>Takip numaram\u0131 nas\u0131l alabilirim?<\/span>\n\t\t<\/a>\n\t\t<div id=\"accordion-1456451937-content\" class=\"accordion-inner\" aria-labelledby=\"accordion-1456451937-label\" >\n\t\t\t\n<p>Bir numune i\u00e7in size bir takip numaras\u0131 sunaca\u011f\u0131z ve bu 48 saat i\u00e7inde olacakt\u0131r. Toptan cam \u015fi\u015feler i\u00e7in seri \u00fcretimin yakla\u015f\u0131k 30 g\u00fcne ihtiyac\u0131 vard\u0131r. \u00d6zel cam \u015fi\u015feler i\u00e7in ise 45 g\u00fcn gerekecektir.<\/p>\n\t\t<\/div>\n\t<\/div>\n\t\n\t<div id=\"accordion-2806830461\" class=\"accordion-item\">\n\t\t<a id=\"accordion-2806830461-label\" class=\"accordion-title plain\" href=\"#accordion-item-how-do-you-deal-with-damaged-packages-during-shipping?\" aria-expanded=\"false\" aria-controls=\"accordion-2806830461-content\" >\n\t\t\t<button class=\"toggle\" aria-label=\"A\u00e7\/Kapat\"><i class=\"icon-angle-down\"><\/i><\/button>\n\t\t\t<span>Nakliye s\u0131ras\u0131nda hasar g\u00f6ren paketlerle nas\u0131l ba\u015fa \u00e7\u0131k\u0131yorsunuz?<\/span>\n\t\t<\/a>\n\t\t<div id=\"accordion-2806830461-content\" class=\"accordion-inner\" aria-labelledby=\"accordion-2806830461-label\" >\n\t\t\t\n<p>L\u00fctfen bize g\u00f6ndermek i\u00e7in \u00f6nce foto\u011fraf \u00e7ekin. Genellikle, nakliye s\u0131ras\u0131nda 3% k\u0131r\u0131k oran\u0131 normaldir ve \u015fi\u015feyi telafi edebiliriz.<\/p>\n\t\t<\/div>\n\t<\/div>\n\t\n\t<div id=\"accordion-4261230181\" class=\"accordion-item\">\n\t\t<a id=\"accordion-4261230181-label\" class=\"accordion-title plain\" href=\"#accordion-item-what-is-your-return-policy?\" aria-expanded=\"false\" aria-controls=\"accordion-4261230181-content\" >\n\t\t\t<button class=\"toggle\" aria-label=\"A\u00e7\/Kapat\"><i class=\"icon-angle-down\"><\/i><\/button>\n\t\t\t<span>\u0130ade politikan\u0131z nedir?<\/span>\n\t\t<\/a>\n\t\t<div id=\"accordion-4261230181-content\" class=\"accordion-inner\" aria-labelledby=\"accordion-4261230181-label\" >\n\t\t\t\n<p>Toptan cam \u015fi\u015fe sipari\u015f miktar\u0131n\u0131z 200.000 adete ula\u015ft\u0131\u011f\u0131nda, 750ml lik\u00f6r \u015fi\u015fesi gibi kal\u0131p \u00fccretinizi iade edebiliriz.<\/p>\n\t\t<\/div>\n\t<\/div>\n\t\n\t<div id=\"accordion-2765694676\" class=\"accordion-item\">\n\t\t<a id=\"accordion-2765694676-label\" class=\"accordion-title plain\" href=\"#accordion-item-what-methods-of-payment-do-you-accept?\" aria-expanded=\"false\" aria-controls=\"accordion-2765694676-content\" >\n\t\t\t<button class=\"toggle\" aria-label=\"A\u00e7\/Kapat\"><i class=\"icon-angle-down\"><\/i><\/button>\n\t\t\t<span>Hangi \u00f6deme y\u00f6ntemlerini kabul ediyorsunuz?<\/span>\n\t\t<\/a>\n\t\t<div id=\"accordion-2765694676-content\" class=\"accordion-inner\" aria-labelledby=\"accordion-2765694676-label\" >\n\t\t\t\n<p>TT, PayPal, L \/ C, Western Union, vb.<\/p>\n\t\t<\/div>\n\t<\/div>\n\t\n\t<div id=\"accordion-3917235483\" class=\"accordion-item\">\n\t\t<a id=\"accordion-3917235483-label\" class=\"accordion-title plain\" href=\"#accordion-item-what-form-of-currency-are-your-priced-in?\" aria-expanded=\"false\" aria-controls=\"accordion-3917235483-content\" >\n\t\t\t<button class=\"toggle\" aria-label=\"A\u00e7\/Kapat\"><i class=\"icon-angle-down\"><\/i><\/button>\n\t\t\t<span>Fiyatland\u0131rman\u0131z hangi para birimi cinsinden yap\u0131l\u0131yor?<\/span>\n\t\t<\/a>\n\t\t<div id=\"accordion-3917235483-content\" class=\"accordion-inner\" aria-labelledby=\"accordion-3917235483-label\" >\n\t\t\t\n<p>Ana para birimimiz USD'dir. EUR, Avustralya dolar\u0131, GBP veya di\u011fer para birimleri de mevcuttur.<\/p>\n\t\t<\/div>\n\t<\/div>\n\t\n\t<div id=\"accordion-2858428107\" class=\"accordion-item\">\n\t\t<a id=\"accordion-2858428107-label\" class=\"accordion-title plain\" href=\"#accordion-item-do-you-offer-purchases-on-credit?\" aria-expanded=\"false\" aria-controls=\"accordion-2858428107-content\" >\n\t\t\t<button class=\"toggle\" aria-label=\"A\u00e7\/Kapat\"><i class=\"icon-angle-down\"><\/i><\/button>\n\t\t\t<span>Kredili al\u0131\u015fveri\u015f imkan\u0131 sunuyor musunuz?<\/span>\n\t\t<\/a>\n\t\t<div id=\"accordion-2858428107-content\" class=\"accordion-inner\" aria-labelledby=\"accordion-2858428107-label\" >\n\t\t\t\n<p>50% pe\u015fin depozito, geri kalan 50% seri \u00fcretime dayal\u0131 iyi paketlenmi\u015f resim.<\/p>\n\t\t<\/div>\n\t<\/div>\n\t\n\t<div id=\"accordion-967522016\" class=\"accordion-item\">\n\t\t<a id=\"accordion-967522016-label\" class=\"accordion-title plain\" href=\"#accordion-item-how-do-i-know-if-the-product-is-in-stock?\" aria-expanded=\"false\" aria-controls=\"accordion-967522016-content\" >\n\t\t\t<button class=\"toggle\" aria-label=\"A\u00e7\/Kapat\"><i class=\"icon-angle-down\"><\/i><\/button>\n\t\t\t<span>\u00dcr\u00fcn\u00fcn stokta olup olmad\u0131\u011f\u0131n\u0131 nas\u0131l bilebilirim?<\/span>\n\t\t<\/a>\n\t\t<div id=\"accordion-967522016-content\" class=\"accordion-inner\" aria-labelledby=\"accordion-967522016-label\" >\n\t\t\t\n<p>L\u00fctfen bize bir soru\u015fturma g\u00f6nderin veya do\u011frudan bizi aray\u0131n, bize nominal kapasiteyi s\u00f6yleyin ve bize resim ve sipari\u015f miktar\u0131n\u0131 g\u00f6nderin. Sizin i\u00e7in toptan cam \u015fi\u015fe sto\u011funu kontrol edece\u011fiz.<\/p>\n\t\t<\/div>\n\t<\/div>\n\t\n\t<div id=\"accordion-1116221473\" class=\"accordion-item\">\n\t\t<a id=\"accordion-1116221473-label\" class=\"accordion-title plain\" href=\"#accordion-item-do-you-offer-discounted-products?\" aria-expanded=\"false\" aria-controls=\"accordion-1116221473-content\" >\n\t\t\t<button class=\"toggle\" aria-label=\"A\u00e7\/Kapat\"><i class=\"icon-angle-down\"><\/i><\/button>\n\t\t\t<span>\u0130ndirimli \u00fcr\u00fcnler sunuyor musunuz?<\/span>\n\t\t<\/a>\n\t\t<div id=\"accordion-1116221473-content\" class=\"accordion-inner\" aria-labelledby=\"accordion-1116221473-label\" >\n\t\t\t\n<p>Evet, sipari\u015f miktar\u0131n\u0131za g\u00f6re indirim sa\u011fl\u0131yoruz. M\u00fc\u015fterilerimiz i\u00e7in en iyi toptan cam \u015fi\u015fe fiyat\u0131n\u0131 sunuyoruz.<\/p>\n\t\t<\/div>\n\t<\/div>\n\t\n\t<div id=\"accordion-1909494515\" class=\"accordion-item\">\n\t\t<a id=\"accordion-1909494515-label\" class=\"accordion-title plain\" href=\"#accordion-item-what-about-the-warranty-comes-with-the-purchase-of-my-products?\" aria-expanded=\"false\" aria-controls=\"accordion-1909494515-content\" >\n\t\t\t<button class=\"toggle\" aria-label=\"A\u00e7\/Kapat\"><i class=\"icon-angle-down\"><\/i><\/button>\n\t\t\t<span>\u00dcr\u00fcnlerimin sat\u0131n al\u0131nmas\u0131yla birlikte gelen garanti ne olacak?<\/span>\n\t\t<\/a>\n\t\t<div id=\"accordion-1909494515-content\" class=\"accordion-inner\" aria-labelledby=\"accordion-1909494515-label\" >\n\t\t\t\n<p>Teslimattan \u00f6nce, kaliteyi sa\u011flamak i\u00e7in t\u00fcm cam \u015fi\u015feler s\u0131k\u0131 kalite kontrol\u00fcnden ge\u00e7melidir.<br \/>\nBir kalite sorunu varsa, sorumlulu\u011fu \u00fcstlenecek ve tatmin edici \u00e7\u00f6z\u00fcmler sunaca\u011f\u0131z.<\/p>\n\t\t<\/div>\n\t<\/div>\n\t\n\t<div id=\"accordion-4281549749\" class=\"accordion-item\">\n\t\t<a id=\"accordion-4281549749-label\" class=\"accordion-title plain\" href=\"#accordion-item-where-can-i-find-the-product-dimensions?\" aria-expanded=\"false\" aria-controls=\"accordion-4281549749-content\" >\n\t\t\t<button class=\"toggle\" aria-label=\"A\u00e7\/Kapat\"><i class=\"icon-angle-down\"><\/i><\/button>\n\t\t\t<span>\u00dcr\u00fcn boyutlar\u0131n\u0131 nerede bulabilirim?<\/span>\n\t\t<\/a>\n\t\t<div id=\"accordion-4281549749-content\" class=\"accordion-inner\" aria-labelledby=\"accordion-4281549749-label\" >\n\t\t\t\n<p>Size \u015fi\u015fe boyutunun teknik bir \u00e7izimini g\u00f6nderebiliriz.<br \/>\nVe size tahmini bir y\u00fckleme miktar\u0131, a\u011f\u0131rl\u0131\u011f\u0131 ve paletin veya kartonun boyutunu verir.<\/p>\n\t\t<\/div>\n\t<\/div>\n\t\n<\/div>\n\t\t<\/div>\n\t\t\t\t\t<\/div>\n\n\t\n\n<style>\n#row-1535251559 > .col > .col-inner {\n  padding: 0px 0px 0px 0px;\n}\n@media (min-width:550px) {\n  #row-1535251559 > .col > .col-inner {\n    padding: 60px 60px 60px 60px;\n  }\n}\n<\/style>\n<\/div>\n\t\t<\/div>\n\n\t\t\n<style>\n#section_973977224 {\n  padding-top: 80px;\n  padding-bottom: 80px;\n  background-color: rgb(255,255,255);\n}\n<\/style>\n\t<\/section>","protected":false},"excerpt":{"rendered":"","protected":false},"author":11,"featured_media":0,"parent":0,"menu_order":0,"comment_status":"closed","ping_status":"closed","template":"","meta":{"footnotes":""},"class_list":["post-1361","page","type-page","status-publish","hentry"],"yoast_head":"<!-- This site is optimized with the Yoast SEO plugin v22.0 - https:\/\/yoast.com\/wordpress\/plugins\/seo\/ -->\n<title>Glass Liquor Bottle FAQ | Customization, MOQ &amp; Shipping<\/title>\n<meta name=\"description\" content=\"We produce glass bottles in various colors and sizes. If you have any questions about purchasing glass bottles, please contact us.\" \/>\n<meta name=\"robots\" content=\"index, follow, max-snippet:-1, max-image-preview:large, max-video-preview:-1\" \/>\n<link rel=\"canonical\" href=\"https:\/\/ruishengglassco.com\/tr\/sss\" \/>\n<meta property=\"og:locale\" content=\"tr_TR\" \/>\n<meta property=\"og:type\" content=\"article\" \/>\n<meta property=\"og:title\" content=\"Glass Liquor Bottle FAQ | Customization, MOQ &amp; Shipping\" \/>\n<meta property=\"og:description\" content=\"We produce glass bottles in various colors and sizes. If you have any questions about purchasing glass bottles, please contact us.\" \/>\n<meta property=\"og:url\" content=\"https:\/\/ruishengglassco.com\/tr\/sss\" \/>\n<meta property=\"article:publisher\" content=\"https:\/\/www.facebook.com\/ruishengglassbottles\" \/>\n<meta property=\"article:modified_time\" content=\"2026-01-07T09:09:54+00:00\" \/>\n<meta name=\"twitter:card\" content=\"summary_large_image\" \/>\n<meta name=\"twitter:label1\" content=\"Tahmini okuma s\u00fcresi\" \/>\n\t<meta name=\"twitter:data1\" content=\"3 dakika\" \/>\n<script type=\"application\/ld+json\" class=\"yoast-schema-graph\">{\"@context\":\"https:\/\/schema.org\",\"@graph\":[{\"@type\":\"WebPage\",\"@id\":\"https:\/\/ruishengglassco.com\/faq\",\"url\":\"https:\/\/ruishengglassco.com\/faq\",\"name\":\"Glass Liquor Bottle FAQ | Customization, MOQ & Shipping\",\"isPartOf\":{\"@id\":\"https:\/\/ruishengglassco.com\/#website\"},\"datePublished\":\"2023-02-01T06:34:04+00:00\",\"dateModified\":\"2026-01-07T09:09:54+00:00\",\"description\":\"We produce glass bottles in various colors and sizes. If you have any questions about purchasing glass bottles, please contact us.\",\"breadcrumb\":{\"@id\":\"https:\/\/ruishengglassco.com\/faq#breadcrumb\"},\"inLanguage\":\"tr\",\"potentialAction\":[{\"@type\":\"ReadAction\",\"target\":[\"https:\/\/ruishengglassco.com\/faq\"]}]},{\"@type\":\"BreadcrumbList\",\"@id\":\"https:\/\/ruishengglassco.com\/faq#breadcrumb\",\"itemListElement\":[{\"@type\":\"ListItem\",\"position\":1,\"name\":\"Home\",\"item\":\"https:\/\/ruishengglassco.com\/\"},{\"@type\":\"ListItem\",\"position\":2,\"name\":\"FAQ\"}]},{\"@type\":\"WebSite\",\"@id\":\"https:\/\/ruishengglassco.com\/#website\",\"url\":\"https:\/\/ruishengglassco.com\/\",\"name\":\"Ruisheng Glass\",\"description\":\"\",\"publisher\":{\"@id\":\"https:\/\/ruishengglassco.com\/#organization\"},\"potentialAction\":[{\"@type\":\"SearchAction\",\"target\":{\"@type\":\"EntryPoint\",\"urlTemplate\":\"https:\/\/ruishengglassco.com\/?s={search_term_string}\"},\"query-input\":\"required name=search_term_string\"}],\"inLanguage\":\"tr\"},{\"@type\":\"Organization\",\"@id\":\"https:\/\/ruishengglassco.com\/#organization\",\"name\":\"Shandong Yuncheng Ruisheng Glass Co., Ltd\",\"url\":\"https:\/\/ruishengglassco.com\/\",\"logo\":{\"@type\":\"ImageObject\",\"inLanguage\":\"tr\",\"@id\":\"https:\/\/ruishengglassco.com\/#\/schema\/logo\/image\/\",\"url\":\"https:\/\/ruishengglassco.com\/wp-content\/uploads\/2023\/09\/ruisheng_logo_icon.webp\",\"contentUrl\":\"https:\/\/ruishengglassco.com\/wp-content\/uploads\/2023\/09\/ruisheng_logo_icon.webp\",\"width\":400,\"height\":233,\"caption\":\"Shandong Yuncheng Ruisheng Glass Co., Ltd\"},\"image\":{\"@id\":\"https:\/\/ruishengglassco.com\/#\/schema\/logo\/image\/\"},\"sameAs\":[\"https:\/\/www.facebook.com\/ruishengglassbottles\",\"https:\/\/www.instagram.com\/Ruishengglassbottlewholesales\/\",\"https:\/\/www.youtube.com\/channel\/UCMmbMNGwsL-XrtjfSFLCdVQ\"]}]}<\/script>\n<!-- \/ Yoast SEO plugin. -->","yoast_head_json":{"title":"Glass Liquor Bottle FAQ | Customization, MOQ & Shipping","description":"We produce glass bottles in various colors and sizes. If you have any questions about purchasing glass bottles, please contact us.","robots":{"index":"index","follow":"follow","max-snippet":"max-snippet:-1","max-image-preview":"max-image-preview:large","max-video-preview":"max-video-preview:-1"},"canonical":"https:\/\/ruishengglassco.com\/tr\/sss","og_locale":"tr_TR","og_type":"article","og_title":"Glass Liquor Bottle FAQ | Customization, MOQ & Shipping","og_description":"We produce glass bottles in various colors and sizes. If you have any questions about purchasing glass bottles, please contact us.","og_url":"https:\/\/ruishengglassco.com\/tr\/sss","article_publisher":"https:\/\/www.facebook.com\/ruishengglassbottles","article_modified_time":"2026-01-07T09:09:54+00:00","twitter_card":"summary_large_image","twitter_misc":{"Tahmini okuma s\u00fcresi":"3 dakika"},"schema":{"@context":"https:\/\/schema.org","@graph":[{"@type":"WebPage","@id":"https:\/\/ruishengglassco.com\/faq","url":"https:\/\/ruishengglassco.com\/faq","name":"Glass Liquor Bottle FAQ | Customization, MOQ & Shipping","isPartOf":{"@id":"https:\/\/ruishengglassco.com\/#website"},"datePublished":"2023-02-01T06:34:04+00:00","dateModified":"2026-01-07T09:09:54+00:00","description":"We produce glass bottles in various colors and sizes. If you have any questions about purchasing glass bottles, please contact us.","breadcrumb":{"@id":"https:\/\/ruishengglassco.com\/faq#breadcrumb"},"inLanguage":"tr","potentialAction":[{"@type":"ReadAction","target":["https:\/\/ruishengglassco.com\/faq"]}]},{"@type":"BreadcrumbList","@id":"https:\/\/ruishengglassco.com\/faq#breadcrumb","itemListElement":[{"@type":"ListItem","position":1,"name":"Home","item":"https:\/\/ruishengglassco.com\/"},{"@type":"ListItem","position":2,"name":"FAQ"}]},{"@type":"WebSite","@id":"https:\/\/ruishengglassco.com\/#website","url":"https:\/\/ruishengglassco.com\/","name":"Ruisheng Glass","description":"","publisher":{"@id":"https:\/\/ruishengglassco.com\/#organization"},"potentialAction":[{"@type":"SearchAction","target":{"@type":"EntryPoint","urlTemplate":"https:\/\/ruishengglassco.com\/?s={search_term_string}"},"query-input":"required name=search_term_string"}],"inLanguage":"tr"},{"@type":"Organization","@id":"https:\/\/ruishengglassco.com\/#organization","name":"Shandong Yuncheng Ruisheng Glass Co., Ltd","url":"https:\/\/ruishengglassco.com\/","logo":{"@type":"ImageObject","inLanguage":"tr","@id":"https:\/\/ruishengglassco.com\/#\/schema\/logo\/image\/","url":"https:\/\/ruishengglassco.com\/wp-content\/uploads\/2023\/09\/ruisheng_logo_icon.webp","contentUrl":"https:\/\/ruishengglassco.com\/wp-content\/uploads\/2023\/09\/ruisheng_logo_icon.webp","width":400,"height":233,"caption":"Shandong Yuncheng Ruisheng Glass Co., Ltd"},"image":{"@id":"https:\/\/ruishengglassco.com\/#\/schema\/logo\/image\/"},"sameAs":["https:\/\/www.facebook.com\/ruishengglassbottles","https:\/\/www.instagram.com\/Ruishengglassbottlewholesales\/","https:\/\/www.youtube.com\/channel\/UCMmbMNGwsL-XrtjfSFLCdVQ"]}]}},"_links":{"self":[{"href":"https:\/\/ruishengglassco.com\/tr\/wp-json\/wp\/v2\/pages\/1361","targetHints":{"allow":["GET"]}}],"collection":[{"href":"https:\/\/ruishengglassco.com\/tr\/wp-json\/wp\/v2\/pages"}],"about":[{"href":"https:\/\/ruishengglassco.com\/tr\/wp-json\/wp\/v2\/types\/page"}],"author":[{"embeddable":true,"href":"https:\/\/ruishengglassco.com\/tr\/wp-json\/wp\/v2\/users\/11"}],"replies":[{"embeddable":true,"href":"https:\/\/ruishengglassco.com\/tr\/wp-json\/wp\/v2\/comments?post=1361"}],"version-history":[{"count":37,"href":"https:\/\/ruishengglassco.com\/tr\/wp-json\/wp\/v2\/pages\/1361\/revisions"}],"predecessor-version":[{"id":5324,"href":"https:\/\/ruishengglassco.com\/tr\/wp-json\/wp\/v2\/pages\/1361\/revisions\/5324"}],"wp:attachment":[{"href":"https:\/\/ruishengglassco.com\/tr\/wp-json\/wp\/v2\/media?parent=1361"}],"curies":[{"name":"wp","href":"https:\/\/api.w.org\/{rel}","templated":true}]}}