{"id":4700,"date":"2025-04-15T13:52:25","date_gmt":"2025-04-15T05:52:25","guid":{"rendered":"https:\/\/ruishengglassco.com\/?post_type=product&#038;p=4700"},"modified":"2025-09-11T16:53:41","modified_gmt":"2025-09-11T08:53:41","slug":"garrafa-de-licor-de-vidro-transparente-de-750-ml-com-gargalo-longo","status":"publish","type":"product","link":"https:\/\/ruishengglassco.com\/pt\/produto\/garrafa-de-licor-de-vidro-transparente-de-750-ml-com-gargalo-longo","title":{"rendered":"RS162 Garrafa de licor de vidro transparente de 750 ml - gargalo longo"},"content":{"rendered":"<section class=\"section\" id=\"section_445125520\">\n\t\t<div class=\"bg section-bg fill bg-fill  bg-loaded\" >\n\n\t\t\t\n\t\t\t\n\t\t\t\n\n\t\t<\/div>\n\n\t\t\n\n\t\t<div class=\"section-content relative\">\n\t\t\t\n<div class=\"row\"  id=\"row-175331908\">\n\n\t<div id=\"col-1374587060\" class=\"col small-12 large-12\"  >\n\t\t\t\t<div class=\"col-inner\"  >\n\t\t\t\n\t\t\t\n<h2 style=\"text-align: center;\"><strong>Tabela de par\u00e2metros de nossa garrafa de licor de vidro transparente de 750 ml<\/strong><\/h2>\n<div style=\"overflow: auto;\">\n<table border=\"\u201d1\u2033\" width=\"\u201d3000px\u201d\" align=\"\u201dcenter\u201d\">\n<thead>\n<tr>\n<td>Capacidade Tamanho<\/td>\n<td>750ml<\/td>\n<\/tr>\n<\/thead>\n<tbody>\n<tr>\n<td>Faixa de temperatura<\/td>\n<td>-10\u00b0C ~ 80\u00b0C<\/td>\n<\/tr>\n<tr>\n<td>Material<\/td>\n<td>Vidro Super Flint<\/td>\n<\/tr>\n<tr>\n<td>Tratamento de superf\u00edcie:<\/td>\n<td>Serigrafia, decalques, relevo, gravura, galvanoplastia, geada, pintura, etc<\/td>\n<\/tr>\n<tr>\n<td>Uso<\/td>\n<td>Brandy, u\u00edsque, vinho, licor, vodca, tequila, \u00e1gua, bebidas e azeite de oliva, etc.<\/td>\n<\/tr>\n<tr>\n<td>Certifica\u00e7\u00e3o de grau aliment\u00edcio<\/td>\n<td>Certificado FDA e UE<\/td>\n<\/tr>\n<tr>\n<td>MOQ<\/td>\n<td>6000 pe\u00e7as<\/td>\n<\/tr>\n<tr>\n<td>OEM\/ODM dispon\u00edvel<\/td>\n<td>Sim<\/td>\n<\/tr>\n<tr>\n<td>Amostra gr\u00e1tis<\/td>\n<td>As amostras de estoque s\u00e3o gratuitas<\/p>\n<p>Amostras personalizadas requerem pagamento para comprova\u00e7\u00e3o.<\/td>\n<\/tr>\n<tr>\n<td>Pre\u00e7o<\/td>\n<td>O pre\u00e7o depende do peso da garrafa, do material, da quantidade, da embalagem e do processamento profundo, etc. Entre em contato conosco para obter mais informa\u00e7\u00f5es.<\/td>\n<\/tr>\n<tr>\n<td>Embalagem<\/td>\n<td>1. Caixa de papel\u00e3o padr\u00e3o para exporta\u00e7\u00e3o com divis\u00f3ria de papel\u00e3o<\/p>\n<p>2. Embalagem de palete padr\u00e3o para exporta\u00e7\u00e3o<\/p>\n<p>3. Caixa de papel\u00e3o padr\u00e3o para exporta\u00e7\u00e3o + embalagem de palete<\/p>\n<p>4. Embalagem personalizada em caixa de papel\u00e3o ondulado (a caixa ser\u00e1 reutilizada para embalar bebidas alco\u00f3licas na f\u00e1brica do cliente)<\/td>\n<\/tr>\n<tr>\n<td>M\u00e9todos de envio<\/td>\n<td>Via mar\u00edtima, via a\u00e9rea, via expressa (DHL, FedEx, UPS)<\/td>\n<\/tr>\n<tr>\n<td>Tempo de produ\u00e7\u00e3o<\/td>\n<td>O prazo de entrega \u00e9 de cerca de 25 dias para garrafas transparentes e 10 dias adicionais para processamento profundo, a partir do recebimento do dep\u00f3sito 50%.<\/td>\n<\/tr>\n<\/tbody>\n<\/table>\n<\/div>\n\t\t<\/div>\n\t\t\t\t\t<\/div>\n\n\t\n<\/div>\n<div class=\"row\"  id=\"row-1986172049\">\n\n\t<div id=\"col-1841305083\" class=\"col small-12 large-12\"  >\n\t\t\t\t<div class=\"col-inner\"  >\n\t\t\t\n\t\t\t\n<div style=\"overflow: auto;\">\n<table border=\"\u201d1\u2033\" width=\"\u201d3000px\u201d\" align=\"\u201dcenter\u201d\">\n<thead>\n<tr>\n<td>\u00a0\u00a0\u00a0Rolhas<\/td>\n<td>Oferecemos uma ampla variedade de tampas padr\u00e3o para atender \u00e0s diversas necessidades e prefer\u00eancias de nossos clientes. Essas tampas n\u00e3o s\u00e3o apenas confi\u00e1veis e dur\u00e1veis, mas tamb\u00e9m mant\u00eam efetivamente o frescor e a qualidade do l\u00edquido.<\/p>\n<p>1. Tampas de veda\u00e7\u00e3o cl\u00e1ssicas: incluindo os tradicionais plugues de pol\u00edmero com tampa de alum\u00ednio e plugues de pol\u00edmero com tampa de madeira, adequados para aplica\u00e7\u00f5es com altos requisitos de veda\u00e7\u00e3o.<\/p>\n<p>2. Op\u00e7\u00f5es de alta qualidade: fornecer plugues de vidro elegantes para clientes que buscam embalagens de alta qualidade.<\/p>\n<p>3. Tampas rosqueadas: incluem tampas de alum\u00ednio e tampas combinadas de alum\u00ednio e pl\u00e1stico, adequadas para diversos tipos de garrafas e oferecem diversas op\u00e7\u00f5es de tamanho.<\/p>\n<p>4. Bon\u00e9s Guala que atendem aos padr\u00f5es europeus: garantem que eles atendam aos requisitos de qualidade do mercado internacional, combinando beleza e praticidade.<\/p>\n<p>Nossas tampas n\u00e3o s\u00e3o apenas funcionais, mas tamb\u00e9m melhoram o efeito visual da embalagem como um todo, o que as torna adequadas para v\u00e1rios setores e cen\u00e1rios de aplica\u00e7\u00e3o.<\/td>\n<\/tr>\n<\/thead>\n<tbody>\n<tr>\n<td>Certifica\u00e7\u00e3o de produtos<\/td>\n<td>Como uma empresa do grupo com capacidade de produ\u00e7\u00e3o de 600.000 garrafas de vidro por dia, nossas duas f\u00e1bricas subsidi\u00e1rias s\u00e3o todas certificadas pela ISO9001 e registradas pela FDA. Nossos principais produtos s\u00e3o garrafas de vidro Super Flint e High Flint. Nossos produtos atendem aos mais altos padr\u00f5es de qualidade, incluindo as certifica\u00e7\u00f5es SGS, TUV e de seguran\u00e7a alimentar da UE. Nossa equipe t\u00e9cnica, composta por mais de 70 profissionais, est\u00e1 sempre \u00e0 sua disposi\u00e7\u00e3o e garante que seu pedido ODM e OEM seja perfeitamente atendido.<\/td>\n<\/tr>\n<tr>\n<td>Pol\u00edtica de entrega e devolu\u00e7\u00e3o<\/td>\n<td>Trabalhamos com agentes de carga profissionais para providenciar a entrega em seu porto mar\u00edtimo designado ou fornecer servi\u00e7o porta a porta. Dependendo da disponibilidade da linha de transporte, oferecemos op\u00e7\u00f5es com a Maersk, COSCO, MSC, CMA, ONE e outras transportadoras.<\/p>\n<p>Uma taxa de quebra de at\u00e9 3% \u00e9 considerada normal durante o envio. Se a quebra for superior a 3%, compensaremos o excesso em seu pr\u00f3ximo pedido.<\/td>\n<\/tr>\n<\/tbody>\n<\/table>\n<\/div>\n\t\t<\/div>\n\t\t\t\t\t<\/div>\n\n\t\n<\/div>\n<div class=\"row align-center\"  id=\"row-354737031\">\n\n\t<div id=\"col-2140399409\" class=\"col medium-6 small-12 large-6\"  >\n\t\t\t\t<div class=\"col-inner text-center\"  >\n\t\t\t\n\t\t\t\n\t<div class=\"img has-hover x md-x lg-x y md-y lg-y\" id=\"image_1459858137\">\n\t\t\t\t\t\t\t\t<div class=\"img-inner dark\" >\n\t\t\t<img decoding=\"async\" width=\"650\" height=\"872\" src=\"https:\/\/ruishengglassco.com\/wp-content\/uploads\/2025\/04\/750ml-Clear-Glass-iquor-Bottle-mould.webp\" class=\"attachment-original size-original\" alt=\"Molde de garrafa de licor de 750 ml em vidro transparente\" srcset=\"https:\/\/ruishengglassco.com\/wp-content\/uploads\/2025\/04\/750ml-Clear-Glass-iquor-Bottle-mould.webp 650w, https:\/\/ruishengglassco.com\/wp-content\/uploads\/2025\/04\/750ml-Clear-Glass-iquor-Bottle-mould-224x300.webp 224w, https:\/\/ruishengglassco.com\/wp-content\/uploads\/2025\/04\/750ml-Clear-Glass-iquor-Bottle-mould-9x12.webp 9w\" sizes=\"(max-width: 650px) 100vw, 650px\" \/>\t\t\t\t\t\t\n\t\t\t\t\t<\/div>\n\t\t\t\t\t\t\t\t\n<style>\n#image_1459858137 {\n  width: 100%;\n}\n<\/style>\n\t<\/div>\n\t\n\t\t<\/div>\n\t\t\t\t\t<\/div>\n\n\t\n<\/div>\n\t\t<\/div>\n\n\t\t\n<style>\n#section_445125520 {\n  padding-top: 30px;\n  padding-bottom: 30px;\n}\n<\/style>\n\t<\/section>\n\t\n\t<section class=\"section\" id=\"section_1378255688\">\n\t\t<div class=\"bg section-bg fill bg-fill  bg-loaded\" >\n\n\t\t\t\n\t\t\t\n\t\t\t\n\n\t\t<\/div>\n\n\t\t\n\n\t\t<div class=\"section-content relative\">\n\t\t\t\n<div class=\"row\"  id=\"row-1092041322\">\n\n\t<div id=\"col-751756495\" class=\"col small-12 large-12\"  >\n\t\t\t\t<div class=\"col-inner\"  >\n\t\t\t\n\t\t\t\n<h2 style=\"text-align: center;\">Fabricante de garrafas de vidro Ruisheng<\/h2>\n<p>A Ruisheng tem mais de 16 anos de experi\u00eancia na produ\u00e7\u00e3o de garrafas de vidro desde 2009. Tamb\u00e9m temos tecnologia de produ\u00e7\u00e3o avan\u00e7ada e controle de qualidade rigoroso. Nossas garrafas s\u00e3o feitas de vidro branco cristalino de alta qualidade, conhecido por sua apar\u00eancia cristalina e alta taxa de transpar\u00eancia. Usamos materiais ecol\u00f3gicos e recicl\u00e1veis para garantir a sustentabilidade e atender aos padr\u00f5es ambientais.<\/p>\n<p>A superf\u00edcie da garrafa \u00e9 tratada com um acabamento liso para proporcionar uma apar\u00eancia refinada e uma ader\u00eancia confort\u00e1vel. Nossas garrafas de vidro para bebidas alco\u00f3licas s\u00e3o altamente resistentes a lascas e arranh\u00f5es, garantindo um uso duradouro, mesmo durante o transporte e o manuseio.<\/p>\n<p><strong>Fabrica\u00e7\u00e3o e servi\u00e7os<\/strong><br \/>\nAceitamos pedidos de OEM e ODM - trabalhamos em estreita colabora\u00e7\u00e3o com os clientes para dar vida \u00e0 sua vis\u00e3o, desde o conceito at\u00e9 a produ\u00e7\u00e3o.<br \/>\nSomos um fabricante e podemos controlar o prazo de entrega para atender \u00e0s demandas dos clientes.<\/p>\n<p style=\"text-align: center;\"><a class=\"button gradient\" data-fancybox=\"\" data-src=\"#hidden-CF7\">Obter uma cota\u00e7\u00e3o<\/a><\/p>\n<h2 style=\"text-align: center;\">Op\u00e7\u00f5es de design personaliz\u00e1veis<\/h2>\n<p>Oferecemos v\u00e1rios formatos, tamanhos e cores para atender \u00e0s suas necessidades. Tamb\u00e9m podemos criar um novo molde para fabricar garrafas exatamente de acordo com sua solicita\u00e7\u00e3o.<\/p>\n<p>Como fabricante profissional de garrafas de vidro, tamb\u00e9m fornecemos servi\u00e7os personalizados e customizados, incluindo impress\u00e3o de logotipos, r\u00f3tulos com decalques, grava\u00e7\u00e3o em relevo, grava\u00e7\u00e3o, cobertura, pintura etc.<\/p>\n<p>Tamb\u00e9m fornecemos tampas correspondentes, como rolhas de alum\u00ednio com pernas de alto pol\u00edmero e rolhas de madeira com pernas de alto pol\u00edmero, e cores personalizadas est\u00e3o dispon\u00edveis.<\/p>\n<p>Obrigado por escolher nossas garrafas de vidro para vinho. Esperamos fornecer a voc\u00ea os melhores produtos e servi\u00e7os.<\/p>\n<p>Se tiver alguma d\u00favida ou solicita\u00e7\u00e3o espec\u00edfica, entre em contato conosco - nossa equipe est\u00e1 pronta para ajudar!<\/p>\n\t\t<\/div>\n\t\t\t\t\t<\/div>\n\n\t\n<\/div>\n\t\t<\/div>\n\n\t\t\n<style>\n#section_1378255688 {\n  padding-top: 30px;\n  padding-bottom: 30px;\n}\n<\/style>\n\t<\/section>","protected":false},"excerpt":{"rendered":"<p><strong>Nome do produto<\/strong>Garrafa de licor de vidro transparente de 750 ml<\/p>\n<p><strong>Material<\/strong>: Vidro branco cristalino (vidro Super Flint)<\/p>\n<p><strong>Peso<\/strong>: 750g<\/p>\n<p><strong>MOQ<\/strong>: 10.000 unidades<\/p>\n<p><strong>Dimens\u00f5es<\/strong>: Di\u00e2metro 90,7 mm \u00d7 Altura 256,5 mm<\/p>\n<p><strong>Aplicativos<\/strong>: \u00c9 ideal para embalar destilados premium, como vodca, u\u00edsque, gim, tequila e outros licores e bebidas.<\/p>","protected":false},"featured_media":4702,"comment_status":"closed","ping_status":"closed","template":"","meta":[],"product_cat":[40,57],"class_list":{"0":"post-4700","1":"product","2":"type-product","3":"status-publish","4":"has-post-thumbnail","6":"product_cat-750ml-liquor-bottle-manufacturer","7":"product_cat-rum-bottle","9":"first","10":"instock","11":"shipping-taxable","12":"product-type-simple"},"yoast_head":"<!-- This site is optimized with the Yoast SEO plugin v22.0 - https:\/\/yoast.com\/wordpress\/plugins\/seo\/ -->\n<title>RS162 750ml Clear Glass Liquor Bottle \u2013 Long Neck<\/title>\n<meta name=\"description\" content=\"Custom tall round glass bottle for spirits like vodka and gin. Heavy base, long neck, and sleek design\u2014direct from glass bottle manufacturer.\" \/>\n<meta name=\"robots\" content=\"index, follow, max-snippet:-1, max-image-preview:large, max-video-preview:-1\" \/>\n<link rel=\"canonical\" href=\"https:\/\/ruishengglassco.com\/pt\/garrafa-de-licor-de-vidro-transparente-de-750-ml-com-gargalo-longo\/\" \/>\n<meta property=\"og:locale\" content=\"pt_BR\" \/>\n<meta property=\"og:type\" content=\"article\" \/>\n<meta property=\"og:title\" content=\"RS162 750ml Clear Glass Liquor Bottle \u2013 Long Neck\" \/>\n<meta property=\"og:description\" content=\"Custom tall round glass bottle for spirits like vodka and gin. Heavy base, long neck, and sleek design\u2014direct from glass bottle manufacturer.\" \/>\n<meta property=\"og:url\" content=\"https:\/\/ruishengglassco.com\/pt\/garrafa-de-licor-de-vidro-transparente-de-750-ml-com-gargalo-longo\/\" \/>\n<meta property=\"article:publisher\" content=\"https:\/\/www.facebook.com\/ruishengglassbottles\" \/>\n<meta property=\"article:modified_time\" content=\"2025-09-11T08:53:41+00:00\" \/>\n<meta property=\"og:image\" content=\"https:\/\/ruishengglassco.com\/wp-content\/uploads\/2025\/04\/Custom-Tall-Round-Glass-Vodka-Bottle-with-Thick-Base.webp\" \/>\n\t<meta property=\"og:image:width\" content=\"800\" \/>\n\t<meta property=\"og:image:height\" content=\"800\" \/>\n\t<meta property=\"og:image:type\" content=\"image\/webp\" \/>\n<meta name=\"twitter:card\" content=\"summary_large_image\" \/>\n<meta name=\"twitter:label1\" content=\"Est. tempo de leitura\" \/>\n\t<meta name=\"twitter:data1\" content=\"4 minutos\" \/>\n<script type=\"application\/ld+json\" class=\"yoast-schema-graph\">{\"@context\":\"https:\/\/schema.org\",\"@graph\":[{\"@type\":\"WebPage\",\"@id\":\"https:\/\/ruishengglassco.com\/750ml-clear-glass-liquor-bottle-with-long-neck\",\"url\":\"https:\/\/ruishengglassco.com\/750ml-clear-glass-liquor-bottle-with-long-neck\",\"name\":\"RS162 750ml Clear Glass Liquor Bottle \u2013 Long Neck\",\"isPartOf\":{\"@id\":\"https:\/\/ruishengglassco.com\/#website\"},\"datePublished\":\"2025-04-15T05:52:25+00:00\",\"dateModified\":\"2025-09-11T08:53:41+00:00\",\"description\":\"Custom tall round glass bottle for spirits like vodka and gin. Heavy base, long neck, and sleek design\u2014direct from glass bottle manufacturer.\",\"breadcrumb\":{\"@id\":\"https:\/\/ruishengglassco.com\/750ml-clear-glass-liquor-bottle-with-long-neck#breadcrumb\"},\"inLanguage\":\"pt-BR\",\"potentialAction\":[{\"@type\":\"ReadAction\",\"target\":[\"https:\/\/ruishengglassco.com\/750ml-clear-glass-liquor-bottle-with-long-neck\"]}]},{\"@type\":\"BreadcrumbList\",\"@id\":\"https:\/\/ruishengglassco.com\/750ml-clear-glass-liquor-bottle-with-long-neck#breadcrumb\",\"itemListElement\":[{\"@type\":\"ListItem\",\"position\":1,\"name\":\"Home\",\"item\":\"https:\/\/ruishengglassco.com\/\"},{\"@type\":\"ListItem\",\"position\":2,\"name\":\"Products\",\"item\":\"https:\/\/ruishengglassco.com\/products\"},{\"@type\":\"ListItem\",\"position\":3,\"name\":\"RS162 750ml Clear Glass Liquor Bottle \u2013 Long Neck\"}]},{\"@type\":\"WebSite\",\"@id\":\"https:\/\/ruishengglassco.com\/#website\",\"url\":\"https:\/\/ruishengglassco.com\/\",\"name\":\"Ruisheng Glass\",\"description\":\"\",\"publisher\":{\"@id\":\"https:\/\/ruishengglassco.com\/#organization\"},\"potentialAction\":[{\"@type\":\"SearchAction\",\"target\":{\"@type\":\"EntryPoint\",\"urlTemplate\":\"https:\/\/ruishengglassco.com\/?s={search_term_string}\"},\"query-input\":\"required name=search_term_string\"}],\"inLanguage\":\"pt-BR\"},{\"@type\":\"Organization\",\"@id\":\"https:\/\/ruishengglassco.com\/#organization\",\"name\":\"Shandong Yuncheng Ruisheng Glass Co., Ltd\",\"url\":\"https:\/\/ruishengglassco.com\/\",\"logo\":{\"@type\":\"ImageObject\",\"inLanguage\":\"pt-BR\",\"@id\":\"https:\/\/ruishengglassco.com\/#\/schema\/logo\/image\/\",\"url\":\"https:\/\/ruishengglassco.com\/wp-content\/uploads\/2023\/09\/ruisheng_logo_icon.webp\",\"contentUrl\":\"https:\/\/ruishengglassco.com\/wp-content\/uploads\/2023\/09\/ruisheng_logo_icon.webp\",\"width\":400,\"height\":233,\"caption\":\"Shandong Yuncheng Ruisheng Glass Co., Ltd\"},\"image\":{\"@id\":\"https:\/\/ruishengglassco.com\/#\/schema\/logo\/image\/\"},\"sameAs\":[\"https:\/\/www.facebook.com\/ruishengglassbottles\",\"https:\/\/www.instagram.com\/Ruishengglassbottlewholesales\/\",\"https:\/\/www.youtube.com\/channel\/UCMmbMNGwsL-XrtjfSFLCdVQ\"]}]}<\/script>\n<!-- \/ Yoast SEO plugin. -->","yoast_head_json":{"title":"RS162 750ml Clear Glass Liquor Bottle \u2013 Long Neck","description":"Custom tall round glass bottle for spirits like vodka and gin. Heavy base, long neck, and sleek design\u2014direct from glass bottle manufacturer.","robots":{"index":"index","follow":"follow","max-snippet":"max-snippet:-1","max-image-preview":"max-image-preview:large","max-video-preview":"max-video-preview:-1"},"canonical":"https:\/\/ruishengglassco.com\/pt\/garrafa-de-licor-de-vidro-transparente-de-750-ml-com-gargalo-longo\/","og_locale":"pt_BR","og_type":"article","og_title":"RS162 750ml Clear Glass Liquor Bottle \u2013 Long Neck","og_description":"Custom tall round glass bottle for spirits like vodka and gin. Heavy base, long neck, and sleek design\u2014direct from glass bottle manufacturer.","og_url":"https:\/\/ruishengglassco.com\/pt\/garrafa-de-licor-de-vidro-transparente-de-750-ml-com-gargalo-longo\/","article_publisher":"https:\/\/www.facebook.com\/ruishengglassbottles","article_modified_time":"2025-09-11T08:53:41+00:00","og_image":[{"width":800,"height":800,"url":"https:\/\/ruishengglassco.com\/wp-content\/uploads\/2025\/04\/Custom-Tall-Round-Glass-Vodka-Bottle-with-Thick-Base.webp","type":"image\/webp"}],"twitter_card":"summary_large_image","twitter_misc":{"Est. tempo de leitura":"4 minutos"},"schema":{"@context":"https:\/\/schema.org","@graph":[{"@type":"WebPage","@id":"https:\/\/ruishengglassco.com\/750ml-clear-glass-liquor-bottle-with-long-neck","url":"https:\/\/ruishengglassco.com\/750ml-clear-glass-liquor-bottle-with-long-neck","name":"RS162 750ml Clear Glass Liquor Bottle \u2013 Long Neck","isPartOf":{"@id":"https:\/\/ruishengglassco.com\/#website"},"datePublished":"2025-04-15T05:52:25+00:00","dateModified":"2025-09-11T08:53:41+00:00","description":"Custom tall round glass bottle for spirits like vodka and gin. Heavy base, long neck, and sleek design\u2014direct from glass bottle manufacturer.","breadcrumb":{"@id":"https:\/\/ruishengglassco.com\/750ml-clear-glass-liquor-bottle-with-long-neck#breadcrumb"},"inLanguage":"pt-BR","potentialAction":[{"@type":"ReadAction","target":["https:\/\/ruishengglassco.com\/750ml-clear-glass-liquor-bottle-with-long-neck"]}]},{"@type":"BreadcrumbList","@id":"https:\/\/ruishengglassco.com\/750ml-clear-glass-liquor-bottle-with-long-neck#breadcrumb","itemListElement":[{"@type":"ListItem","position":1,"name":"Home","item":"https:\/\/ruishengglassco.com\/"},{"@type":"ListItem","position":2,"name":"Products","item":"https:\/\/ruishengglassco.com\/products"},{"@type":"ListItem","position":3,"name":"RS162 750ml Clear Glass Liquor Bottle \u2013 Long Neck"}]},{"@type":"WebSite","@id":"https:\/\/ruishengglassco.com\/#website","url":"https:\/\/ruishengglassco.com\/","name":"Ruisheng Glass","description":"","publisher":{"@id":"https:\/\/ruishengglassco.com\/#organization"},"potentialAction":[{"@type":"SearchAction","target":{"@type":"EntryPoint","urlTemplate":"https:\/\/ruishengglassco.com\/?s={search_term_string}"},"query-input":"required name=search_term_string"}],"inLanguage":"pt-BR"},{"@type":"Organization","@id":"https:\/\/ruishengglassco.com\/#organization","name":"Shandong Yuncheng Ruisheng Glass Co., Ltd","url":"https:\/\/ruishengglassco.com\/","logo":{"@type":"ImageObject","inLanguage":"pt-BR","@id":"https:\/\/ruishengglassco.com\/#\/schema\/logo\/image\/","url":"https:\/\/ruishengglassco.com\/wp-content\/uploads\/2023\/09\/ruisheng_logo_icon.webp","contentUrl":"https:\/\/ruishengglassco.com\/wp-content\/uploads\/2023\/09\/ruisheng_logo_icon.webp","width":400,"height":233,"caption":"Shandong Yuncheng Ruisheng Glass Co., Ltd"},"image":{"@id":"https:\/\/ruishengglassco.com\/#\/schema\/logo\/image\/"},"sameAs":["https:\/\/www.facebook.com\/ruishengglassbottles","https:\/\/www.instagram.com\/Ruishengglassbottlewholesales\/","https:\/\/www.youtube.com\/channel\/UCMmbMNGwsL-XrtjfSFLCdVQ"]}]}},"_links":{"self":[{"href":"https:\/\/ruishengglassco.com\/pt\/wp-json\/wp\/v2\/product\/4700","targetHints":{"allow":["GET"]}}],"collection":[{"href":"https:\/\/ruishengglassco.com\/pt\/wp-json\/wp\/v2\/product"}],"about":[{"href":"https:\/\/ruishengglassco.com\/pt\/wp-json\/wp\/v2\/types\/product"}],"replies":[{"embeddable":true,"href":"https:\/\/ruishengglassco.com\/pt\/wp-json\/wp\/v2\/comments?post=4700"}],"wp:featuredmedia":[{"embeddable":true,"href":"https:\/\/ruishengglassco.com\/pt\/wp-json\/wp\/v2\/media\/4702"}],"wp:attachment":[{"href":"https:\/\/ruishengglassco.com\/pt\/wp-json\/wp\/v2\/media?parent=4700"}],"wp:term":[{"taxonomy":"product_cat","embeddable":true,"href":"https:\/\/ruishengglassco.com\/pt\/wp-json\/wp\/v2\/product_cat?post=4700"}],"curies":[{"name":"wp","href":"https:\/\/api.w.org\/{rel}","templated":true}]}}