{"id":4412,"date":"2025-03-15T23:20:05","date_gmt":"2025-03-15T15:20:05","guid":{"rendered":"https:\/\/ruishengglassco.com\/?post_type=product&#038;p=4412"},"modified":"2025-07-17T11:15:32","modified_gmt":"2025-07-17T03:15:32","slug":"rs159-garrafa-de-uisque-da-china-de-750-ml-de-fabrica","status":"publish","type":"product","link":"https:\/\/ruishengglassco.com\/pt\/produto\/rs159-garrafa-de-uisque-da-china-de-750-ml-de-fabrica","title":{"rendered":"RS159 China Whiskey Bottle 750 ml Factory"},"content":{"rendered":"<h2><span data-preserver-spaces=\"true\">Especifica\u00e7\u00f5es<\/span><\/h2>\n<ul>\n<li><span data-preserver-spaces=\"true\">Manuseio da superf\u00edcie: Grava\u00e7\u00e3o interna<\/span><\/li>\n<li><span data-preserver-spaces=\"true\">Uso industrial: bebidas<\/span><\/li>\n<li><span data-preserver-spaces=\"true\">Tipo de veda\u00e7\u00e3o: tampa de parafuso\/corti\u00e7a<\/span><\/li>\n<li><span data-preserver-spaces=\"true\">Local de origem: Shandong, China<\/span><\/li>\n<li><span data-preserver-spaces=\"true\">Material da base: Vidro super flint<\/span><\/li>\n<li><span data-preserver-spaces=\"true\">Material do corpo: Vidro super flint<\/span><\/li>\n<li><span data-preserver-spaces=\"true\">N\u00famero do modelo: RS-160<\/span><\/li>\n<li><span data-preserver-spaces=\"true\">Nome da marca: RUISHENG<\/span><\/li>\n<li><span data-preserver-spaces=\"true\">Uso: \u00c1lcool\/liquor\/esp\u00edritos\/vodca\/whisky\/brandy\/rum\/gin<\/span><\/li>\n<li><span data-preserver-spaces=\"true\">Embalagem: A embalagem personalizada \u00e9 aceit\u00e1vel<\/span><\/li>\n<li><span data-preserver-spaces=\"true\">Capacity: 200ml\/300ml\/500ml\/700\/750ml\/1000ml<\/span><\/li>\n<li><span data-preserver-spaces=\"true\">Forma: Forma personalizada<\/span><\/li>\n<li><span data-preserver-spaces=\"true\">Logotipo: Logotipo do cliente aceit\u00e1vel<\/span><\/li>\n<li><span data-preserver-spaces=\"true\">Servi\u00e7os: OEM \/ODM<\/span><\/li>\n<li><span data-preserver-spaces=\"true\">Amostra: Fornecida gratuitamente<\/span><\/li>\n<li><span data-preserver-spaces=\"true\">Impress\u00e3o de logotipo: Aceitar a impress\u00e3o do logotipo do cliente<\/span><\/li>\n<li><span data-preserver-spaces=\"true\">Prazo de entrega: 30-45 dias<\/span><\/li>\n<li><span data-preserver-spaces=\"true\">Embalagem: Caixa padr\u00e3o para exporta\u00e7\u00e3o\/Palete\/Embalagem personalizada<\/span><\/li>\n<li><span data-preserver-spaces=\"true\">Porto: Qingdao<\/span><\/li>\n<\/ul>\n<h2><strong><span data-preserver-spaces=\"true\">F\u00e1brica de vidros Ruisheng em Shandong, China<\/span><\/strong><\/h2>\n<p><span data-preserver-spaces=\"true\">Desde 2009, nossa moderna f\u00e1brica de produ\u00e7\u00e3o de garrafas de vidro e nosso bem equipado centro de P&amp;D est\u00e3o operando em uma instala\u00e7\u00e3o de 5.000.000 p\u00e9s quadrados. Somos especializados na produ\u00e7\u00e3o de garrafas de vidro de alta qualidade para licores, destilados, u\u00edsque, vodca, conhaque e outras bebidas alco\u00f3licas.<\/span><\/p>\n<h3><strong><span data-preserver-spaces=\"true\">Capacidade total em nossa f\u00e1brica de garrafas de vidro para bebidas alco\u00f3licas<\/span><\/strong><\/h3>\n<h4><strong><span data-preserver-spaces=\"true\">12 linhas de produ\u00e7\u00e3o<\/span><\/strong><\/h4>\n<p><span data-preserver-spaces=\"true\">Nossas linhas de produ\u00e7\u00e3o de garrafas de vidro semiautom\u00e1ticas e de alta efici\u00eancia podem produzir diferentes tipos de garrafas de vidro ao mesmo tempo.<\/span><\/p>\n<h4><strong><span data-preserver-spaces=\"true\">Mais de 500 funcion\u00e1rios<\/span><\/strong><\/h4>\n<p><span data-preserver-spaces=\"true\">A Ruisheng Glass tem uma for\u00e7a de trabalho qualificada de mais de 500 funcion\u00e1rios, incluindo:<\/span><\/p>\n<ul>\n<li><span data-preserver-spaces=\"true\">15 designers industriais<\/span><\/li>\n<li><span data-preserver-spaces=\"true\">35 inspetores de qualidade de produtos<\/span><\/li>\n<li><span data-preserver-spaces=\"true\">Trabalhadores da produ\u00e7\u00e3o, equipe de vendas e marketing<\/span><\/li>\n<\/ul>\n<h4><strong><span data-preserver-spaces=\"true\">Mais de 8000 moldes de design<\/span><\/strong><\/h4>\n<p><span data-preserver-spaces=\"true\">Temos um grande estoque de moldes. <\/span><span data-preserver-spaces=\"true\">Isso<\/span><span data-preserver-spaces=\"true\"> nos permite atender a uma variedade de necessidades dos clientes com facilidade.<\/span><\/p>\n<h4><strong><span data-preserver-spaces=\"true\">120.000+ Produ\u00e7\u00e3o di\u00e1ria<\/span><\/strong><\/h4>\n<p><span data-preserver-spaces=\"true\">Nossos recursos de produ\u00e7\u00e3o em larga escala permitem <\/span><span data-preserver-spaces=\"true\">resposta r\u00e1pida do mercado<\/span><span data-preserver-spaces=\"true\"> e <\/span><span data-preserver-spaces=\"true\">atendimento ininterrupto de pedidos<\/span><span data-preserver-spaces=\"true\">.<\/span><\/p>\n<h2><strong><span data-preserver-spaces=\"true\">Como fazer o pedido do vidro Ruisheng<\/span><\/strong><\/h2>\n<p><span data-preserver-spaces=\"true\">Para consultas e pedidos, <\/span><span data-preserver-spaces=\"true\">Entre em contato conosco<\/span><span data-preserver-spaces=\"true\"> ou visite nossa f\u00e1brica em Shandong, China.<\/span><\/p>","protected":false},"excerpt":{"rendered":"<p>Especifica\u00e7\u00f5es Manuseio da superf\u00edcie: Grava\u00e7\u00e3o interna Uso industrial: bebidas Tipo de veda\u00e7\u00e3o: Tampa de parafuso\/corti\u00e7a Local de origem: Shandong, China Material da base: Vidro super flint Material do corpo: Vidro super flint N\u00famero do modelo: RS-160 Nome da marca: RUISHENG Uso: \u00c1lcool\/liquor\/esp\u00edritos\/vodca\/whisky\/brandy\/rum\/gin Embalagem: A embalagem personalizada \u00e9 aceit\u00e1vel Capacidade: 200ml\/300ml\/500ml\/700\/750ml\/1000ml Forma: Forma personalizada Logotipo: Servi\u00e7o de logotipo do cliente aceit\u00e1vel: OEM \/ODM Amostra: Fornecida livremente...<\/p>","protected":false},"featured_media":4415,"comment_status":"closed","ping_status":"closed","template":"","meta":[],"product_cat":[54],"class_list":{"0":"post-4412","1":"product","2":"type-product","3":"status-publish","4":"has-post-thumbnail","6":"product_cat-whiskey-bottle","8":"first","9":"instock","10":"shipping-taxable","11":"product-type-simple"},"yoast_head":"<!-- This site is optimized with the Yoast SEO plugin v22.0 - https:\/\/yoast.com\/wordpress\/plugins\/seo\/ -->\n<title>RS159 China Whiskey Bottle 750 ml Factory -<\/title>\n<meta name=\"robots\" content=\"index, follow, max-snippet:-1, max-image-preview:large, max-video-preview:-1\" \/>\n<link rel=\"canonical\" href=\"https:\/\/ruishengglassco.com\/pt\/rs159-garrafa-de-uisque-da-china-de-750-ml-de-fabrica\/\" \/>\n<meta property=\"og:locale\" content=\"pt_BR\" \/>\n<meta property=\"og:type\" content=\"article\" \/>\n<meta property=\"og:title\" content=\"RS159 China Whiskey Bottle 750 ml Factory -\" \/>\n<meta property=\"og:description\" content=\"Specifications Surface Handling: Inside Engraving Industrial Use: Beverage Sealing Type: SCREW CAP\/Cork Place of Origin: Shandong, China Base Material: Super flint glass Body Material: Super flint glass Model Number: RS-160 Brand Name: RUISHENG Usage: Alcohol\/liquor\/spirits\/vodka\/whisky\/brandy\/rum\/gin Packing: Custom Packing is Acceptable Capacity: 200ml\/300ml\/500ml\/700\/750ml\/1000ml Shape: Customized Shape Logo: Acceptable Customer&#8217;s Logo Service: OEM \/ODM Sample: Provided Freely...\" \/>\n<meta property=\"og:url\" content=\"https:\/\/ruishengglassco.com\/pt\/rs159-garrafa-de-uisque-da-china-de-750-ml-de-fabrica\/\" \/>\n<meta property=\"article:publisher\" content=\"https:\/\/www.facebook.com\/ruishengglassbottles\" \/>\n<meta property=\"article:modified_time\" content=\"2025-07-17T03:15:32+00:00\" \/>\n<meta property=\"og:image\" content=\"https:\/\/ruishengglassco.com\/wp-content\/uploads\/2025\/03\/RS159-China-Whiskey-Bottle-750-ml-Factory.webp\" \/>\n\t<meta property=\"og:image:width\" content=\"800\" \/>\n\t<meta property=\"og:image:height\" content=\"800\" \/>\n\t<meta property=\"og:image:type\" content=\"image\/webp\" \/>\n<meta name=\"twitter:card\" content=\"summary_large_image\" \/>\n<meta name=\"twitter:label1\" content=\"Est. tempo de leitura\" \/>\n\t<meta name=\"twitter:data1\" content=\"1 minuto\" \/>\n<script type=\"application\/ld+json\" class=\"yoast-schema-graph\">{\"@context\":\"https:\/\/schema.org\",\"@graph\":[{\"@type\":\"WebPage\",\"@id\":\"https:\/\/ruishengglassco.com\/de\/rs159-china-whiskey-flasche-750-ml-fabrik\",\"url\":\"https:\/\/ruishengglassco.com\/de\/rs159-china-whiskey-flasche-750-ml-fabrik\",\"name\":\"RS159 China Whiskey Bottle 750 ml Factory -\",\"isPartOf\":{\"@id\":\"https:\/\/ruishengglassco.com\/#website\"},\"datePublished\":\"2025-03-15T15:20:05+00:00\",\"dateModified\":\"2025-07-17T03:15:32+00:00\",\"breadcrumb\":{\"@id\":\"https:\/\/ruishengglassco.com\/de\/rs159-china-whiskey-flasche-750-ml-fabrik#breadcrumb\"},\"inLanguage\":\"pt-BR\",\"potentialAction\":[{\"@type\":\"ReadAction\",\"target\":[\"https:\/\/ruishengglassco.com\/de\/rs159-china-whiskey-flasche-750-ml-fabrik\"]}]},{\"@type\":\"BreadcrumbList\",\"@id\":\"https:\/\/ruishengglassco.com\/de\/rs159-china-whiskey-flasche-750-ml-fabrik#breadcrumb\",\"itemListElement\":[{\"@type\":\"ListItem\",\"position\":1,\"name\":\"Home\",\"item\":\"https:\/\/ruishengglassco.com\/\"},{\"@type\":\"ListItem\",\"position\":2,\"name\":\"Products\",\"item\":\"https:\/\/ruishengglassco.com\/products\"},{\"@type\":\"ListItem\",\"position\":3,\"name\":\"RS159 China Whiskey Bottle 750 ml Factory\"}]},{\"@type\":\"WebSite\",\"@id\":\"https:\/\/ruishengglassco.com\/#website\",\"url\":\"https:\/\/ruishengglassco.com\/\",\"name\":\"Ruisheng Glass\",\"description\":\"\",\"publisher\":{\"@id\":\"https:\/\/ruishengglassco.com\/#organization\"},\"potentialAction\":[{\"@type\":\"SearchAction\",\"target\":{\"@type\":\"EntryPoint\",\"urlTemplate\":\"https:\/\/ruishengglassco.com\/?s={search_term_string}\"},\"query-input\":\"required name=search_term_string\"}],\"inLanguage\":\"pt-BR\"},{\"@type\":\"Organization\",\"@id\":\"https:\/\/ruishengglassco.com\/#organization\",\"name\":\"Shandong Yuncheng Ruisheng Glass Co., Ltd\",\"url\":\"https:\/\/ruishengglassco.com\/\",\"logo\":{\"@type\":\"ImageObject\",\"inLanguage\":\"pt-BR\",\"@id\":\"https:\/\/ruishengglassco.com\/#\/schema\/logo\/image\/\",\"url\":\"https:\/\/ruishengglassco.com\/wp-content\/uploads\/2023\/09\/ruisheng_logo_icon.webp\",\"contentUrl\":\"https:\/\/ruishengglassco.com\/wp-content\/uploads\/2023\/09\/ruisheng_logo_icon.webp\",\"width\":400,\"height\":233,\"caption\":\"Shandong Yuncheng Ruisheng Glass Co., Ltd\"},\"image\":{\"@id\":\"https:\/\/ruishengglassco.com\/#\/schema\/logo\/image\/\"},\"sameAs\":[\"https:\/\/www.facebook.com\/ruishengglassbottles\",\"https:\/\/www.instagram.com\/Ruishengglassbottlewholesales\/\",\"https:\/\/www.youtube.com\/channel\/UCMmbMNGwsL-XrtjfSFLCdVQ\"]}]}<\/script>\n<!-- \/ Yoast SEO plugin. -->","yoast_head_json":{"title":"RS159 China Whiskey Bottle 750 ml Factory -","robots":{"index":"index","follow":"follow","max-snippet":"max-snippet:-1","max-image-preview":"max-image-preview:large","max-video-preview":"max-video-preview:-1"},"canonical":"https:\/\/ruishengglassco.com\/pt\/rs159-garrafa-de-uisque-da-china-de-750-ml-de-fabrica\/","og_locale":"pt_BR","og_type":"article","og_title":"RS159 China Whiskey Bottle 750 ml Factory -","og_description":"Specifications Surface Handling: Inside Engraving Industrial Use: Beverage Sealing Type: SCREW CAP\/Cork Place of Origin: Shandong, China Base Material: Super flint glass Body Material: Super flint glass Model Number: RS-160 Brand Name: RUISHENG Usage: Alcohol\/liquor\/spirits\/vodka\/whisky\/brandy\/rum\/gin Packing: Custom Packing is Acceptable Capacity: 200ml\/300ml\/500ml\/700\/750ml\/1000ml Shape: Customized Shape Logo: Acceptable Customer&#8217;s Logo Service: OEM \/ODM Sample: Provided Freely...","og_url":"https:\/\/ruishengglassco.com\/pt\/rs159-garrafa-de-uisque-da-china-de-750-ml-de-fabrica\/","article_publisher":"https:\/\/www.facebook.com\/ruishengglassbottles","article_modified_time":"2025-07-17T03:15:32+00:00","og_image":[{"width":800,"height":800,"url":"https:\/\/ruishengglassco.com\/wp-content\/uploads\/2025\/03\/RS159-China-Whiskey-Bottle-750-ml-Factory.webp","type":"image\/webp"}],"twitter_card":"summary_large_image","twitter_misc":{"Est. tempo de leitura":"1 minuto"},"schema":{"@context":"https:\/\/schema.org","@graph":[{"@type":"WebPage","@id":"https:\/\/ruishengglassco.com\/de\/rs159-china-whiskey-flasche-750-ml-fabrik","url":"https:\/\/ruishengglassco.com\/de\/rs159-china-whiskey-flasche-750-ml-fabrik","name":"RS159 China Whiskey Bottle 750 ml Factory -","isPartOf":{"@id":"https:\/\/ruishengglassco.com\/#website"},"datePublished":"2025-03-15T15:20:05+00:00","dateModified":"2025-07-17T03:15:32+00:00","breadcrumb":{"@id":"https:\/\/ruishengglassco.com\/de\/rs159-china-whiskey-flasche-750-ml-fabrik#breadcrumb"},"inLanguage":"pt-BR","potentialAction":[{"@type":"ReadAction","target":["https:\/\/ruishengglassco.com\/de\/rs159-china-whiskey-flasche-750-ml-fabrik"]}]},{"@type":"BreadcrumbList","@id":"https:\/\/ruishengglassco.com\/de\/rs159-china-whiskey-flasche-750-ml-fabrik#breadcrumb","itemListElement":[{"@type":"ListItem","position":1,"name":"Home","item":"https:\/\/ruishengglassco.com\/"},{"@type":"ListItem","position":2,"name":"Products","item":"https:\/\/ruishengglassco.com\/products"},{"@type":"ListItem","position":3,"name":"RS159 China Whiskey Bottle 750 ml Factory"}]},{"@type":"WebSite","@id":"https:\/\/ruishengglassco.com\/#website","url":"https:\/\/ruishengglassco.com\/","name":"Ruisheng Glass","description":"","publisher":{"@id":"https:\/\/ruishengglassco.com\/#organization"},"potentialAction":[{"@type":"SearchAction","target":{"@type":"EntryPoint","urlTemplate":"https:\/\/ruishengglassco.com\/?s={search_term_string}"},"query-input":"required name=search_term_string"}],"inLanguage":"pt-BR"},{"@type":"Organization","@id":"https:\/\/ruishengglassco.com\/#organization","name":"Shandong Yuncheng Ruisheng Glass Co., Ltd","url":"https:\/\/ruishengglassco.com\/","logo":{"@type":"ImageObject","inLanguage":"pt-BR","@id":"https:\/\/ruishengglassco.com\/#\/schema\/logo\/image\/","url":"https:\/\/ruishengglassco.com\/wp-content\/uploads\/2023\/09\/ruisheng_logo_icon.webp","contentUrl":"https:\/\/ruishengglassco.com\/wp-content\/uploads\/2023\/09\/ruisheng_logo_icon.webp","width":400,"height":233,"caption":"Shandong Yuncheng Ruisheng Glass Co., Ltd"},"image":{"@id":"https:\/\/ruishengglassco.com\/#\/schema\/logo\/image\/"},"sameAs":["https:\/\/www.facebook.com\/ruishengglassbottles","https:\/\/www.instagram.com\/Ruishengglassbottlewholesales\/","https:\/\/www.youtube.com\/channel\/UCMmbMNGwsL-XrtjfSFLCdVQ"]}]}},"_links":{"self":[{"href":"https:\/\/ruishengglassco.com\/pt\/wp-json\/wp\/v2\/product\/4412","targetHints":{"allow":["GET"]}}],"collection":[{"href":"https:\/\/ruishengglassco.com\/pt\/wp-json\/wp\/v2\/product"}],"about":[{"href":"https:\/\/ruishengglassco.com\/pt\/wp-json\/wp\/v2\/types\/product"}],"replies":[{"embeddable":true,"href":"https:\/\/ruishengglassco.com\/pt\/wp-json\/wp\/v2\/comments?post=4412"}],"wp:featuredmedia":[{"embeddable":true,"href":"https:\/\/ruishengglassco.com\/pt\/wp-json\/wp\/v2\/media\/4415"}],"wp:attachment":[{"href":"https:\/\/ruishengglassco.com\/pt\/wp-json\/wp\/v2\/media?parent=4412"}],"wp:term":[{"taxonomy":"product_cat","embeddable":true,"href":"https:\/\/ruishengglassco.com\/pt\/wp-json\/wp\/v2\/product_cat?post=4412"}],"curies":[{"name":"wp","href":"https:\/\/api.w.org\/{rel}","templated":true}]}}