{"id":4411,"date":"2025-03-15T23:19:23","date_gmt":"2025-03-15T15:19:23","guid":{"rendered":"https:\/\/ruishengglassco.com\/?post_type=product&#038;p=4411"},"modified":"2025-03-15T23:19:24","modified_gmt":"2025-03-15T15:19:24","slug":"rs158-fornecedor-de-garrafas-de-uisque-personalizadas-da-china","status":"publish","type":"product","link":"https:\/\/ruishengglassco.com\/pt\/produto\/rs158-fornecedor-de-garrafas-de-uisque-personalizadas-da-china","title":{"rendered":"RS158 Fornecedor de garrafas de u\u00edsque personalizadas da China"},"content":{"rendered":"<h2 data-spm-anchor-id=\"a2700.details.0.i82.67a53c122iOfKz\">Detalhes do servi\u00e7o de garrafa de u\u00edsque personalizada da Ruisheng<\/h2>\n<p>Se quiser iniciar seu pedido de garrafas de u\u00edsque personalizadas, a primeira etapa \u00e9 informar suas necessidades \u00e0 nossa equipe de vendas, incluindo o formato, o tamanho e a capacidade desejados da garrafa e quaisquer elementos de design espec\u00edficos.<\/p>\n<p>Em seguida, nossa equipe de design lhe enviar\u00e1 modelos de garrafas de vidro da nossa empresa. \u00c9 claro, se voc\u00ea tiver seu pr\u00f3prio modelo de design de garrafa. Colaboraremos com voc\u00ea para revisar e refinar os conceitos iniciais.<\/p>\n<p>Depois que o design for finalizado, criaremos um prot\u00f3tipo f\u00edsico da garrafa personalizada. Ap\u00f3s essa etapa, prosseguiremos com a produ\u00e7\u00e3o das garrafas de u\u00edsque personalizadas.<\/p>\n<h2 data-spm-anchor-id=\"a2700.details.0.i82.67a53c122iOfKz\"><span style=\"font-size: 100%;\">Especifica\u00e7\u00f5es<\/span><\/h2>\n<div class=\"attribute-list\">\n<div class=\"attribute-item\">\n<ul>\n<li class=\"left\">Manuseio de superf\u00edcie: <span style=\"color: var(--wpex-text-2);\">Grava\u00e7\u00e3o interna<\/span><\/li>\n<li class=\"left\">Uso industrial: <span style=\"color: var(--wpex-text-2);\">Bebidas<\/span><\/li>\n<li class=\"left\">Tipo de veda\u00e7\u00e3o: <span style=\"color: var(--wpex-text-2);\">tampa de parafuso\/corti\u00e7a<\/span><\/li>\n<li class=\"left\">Local de origem: <span style=\"color: var(--wpex-text-2);\">Shandong, China<\/span><\/li>\n<li class=\"left\">Material da base: S<span style=\"color: var(--wpex-text-2);\">vidro uper flint<\/span><\/li>\n<li class=\"left\">Material do corpo: <span style=\"color: var(--wpex-text-2);\">Vidro super flint<\/span><\/li>\n<li class=\"left\">N\u00famero do modelo: <span style=\"color: var(--wpex-text-2);\">RS-160<\/span><\/li>\n<li class=\"left\">Nome da marca: <span style=\"color: var(--wpex-text-2);\">RUISHENG<\/span><\/li>\n<li class=\"left\">Uso: <span style=\"color: var(--wpex-text-2);\">\u00c1lcool\/liquor\/esp\u00edritos\/vodca\/whisky\/brandy\/rum\/gin<\/span><\/li>\n<li class=\"left\">Embalagem: <span style=\"color: var(--wpex-text-2);\">Embalagem personalizada aceit\u00e1vel<\/span><\/li>\n<li class=\"left\">Capacidade: <span style=\"color: var(--wpex-text-2);\">200ml\/300ml\/500ml\/700\/750ml\/1000ml<\/span><\/li>\n<li class=\"left\">Forma: <span style=\"color: var(--wpex-text-2);\">Forma personalizada<\/span><\/li>\n<li class=\"left\">Logotipo: <span style=\"color: var(--wpex-text-2);\">Logotipo do cliente aceit\u00e1vel<\/span><\/li>\n<li class=\"left\">Servi\u00e7o: <span style=\"color: var(--wpex-text-2);\">OEM \/ODM<\/span><\/li>\n<li class=\"left\">Amostra: <span style=\"color: var(--wpex-text-2);\">Fornecido gratuitamente<\/span><\/li>\n<li class=\"left\">Impress\u00e3o do logotipo: <span style=\"color: var(--wpex-text-2);\">Aceita impress\u00e3o do logotipo do cliente<\/span><\/li>\n<li class=\"left\">Prazo de entrega: <span style=\"color: var(--wpex-text-2);\">30-45 dias<\/span><\/li>\n<li class=\"left\">Embalagem: <span style=\"font-family: var(--wpex-heading-font-family); font-style: var(--wpex-heading-font-style); letter-spacing: var(--wpex-heading-letter-spacing); text-transform: var(--wpex-heading-text-transform); color: var(--wpex-text-2);\" data-spm-anchor-id=\"a2700.details.0.i77.67a53c122iOfKz\">Caixa de papel\u00e3o padr\u00e3o para exporta\u00e7\u00e3o\/<\/span><span style=\"color: var(--wpex-text-2);\">Palete\/<\/span><span style=\"color: var(--wpex-text-2);\">Embalagem personalizada<\/span><\/li>\n<li class=\"left\">Porto: <span style=\"color: var(--wpex-text-2);\">Qingdao<\/span><\/li>\n<\/ul>\n<h2 data-start=\"138\" data-end=\"188\"><strong data-start=\"141\" data-end=\"186\">F\u00e1brica de vidros Ruisheng em Shandong, China<\/strong><\/h2>\n<p data-start=\"190\" data-end=\"460\">Desde 2009, nossa moderna f\u00e1brica de produ\u00e7\u00e3o de garrafas de vidro e nosso bem equipado centro de P&amp;D est\u00e3o operando em uma instala\u00e7\u00e3o de 5.000.000 p\u00e9s quadrados. Somos especializados na produ\u00e7\u00e3o de garrafas de vidro de alta qualidade para licores, destilados, u\u00edsque, vodca, conhaque e outras bebidas alco\u00f3licas.<\/p>\n<h3 data-start=\"467\" data-end=\"539\"><strong data-start=\"471\" data-end=\"537\">Capacidade total em nossa f\u00e1brica de garrafas de vidro para bebidas alco\u00f3licas<\/strong><\/h3>\n<h4 data-start=\"541\" data-end=\"571\"><strong data-start=\"546\" data-end=\"569\">12 linhas de produ\u00e7\u00e3o<\/strong><\/h4>\n<p data-start=\"572\" data-end=\"733\">Nossas linhas de produ\u00e7\u00e3o de garrafas de vidro semiautom\u00e1ticas e de alta efici\u00eancia permitem a fabrica\u00e7\u00e3o simult\u00e2nea de garrafas de vidro com diferentes processos de tratamento.<\/p>\n<h4 data-start=\"735\" data-end=\"760\"><strong data-start=\"740\" data-end=\"758\">Mais de 500 funcion\u00e1rios<\/strong><\/h4>\n<p data-start=\"761\" data-end=\"835\">A Ruisheng Glass tem uma for\u00e7a de trabalho qualificada de mais de 500 funcion\u00e1rios, incluindo:<\/p>\n<ul data-start=\"836\" data-end=\"952\">\n<li data-start=\"836\" data-end=\"863\">15 designers industriais<\/li>\n<li data-start=\"864\" data-end=\"897\">35 inspetores de qualidade de produtos<\/li>\n<li data-start=\"898\" data-end=\"952\">Trabalhadores da produ\u00e7\u00e3o, equipe de vendas e marketing<\/li>\n<\/ul>\n<h4 data-start=\"954\" data-end=\"983\"><strong data-start=\"959\" data-end=\"981\">Mais de 8000 moldes de design<\/strong><\/h4>\n<p data-start=\"984\" data-end=\"1105\">Com um extenso estoque interno de moldes, oferecemos flexibilidade inigual\u00e1vel para atender \u00e0s diversas necessidades dos clientes.<\/p>\n<h4 data-start=\"1107\" data-end=\"1139\"><strong data-start=\"1112\" data-end=\"1137\">120.000+ Produ\u00e7\u00e3o di\u00e1ria<\/strong><\/h4>\n<p data-start=\"1140\" data-end=\"1242\">Nossos recursos de produ\u00e7\u00e3o em larga escala permitem uma resposta r\u00e1pida ao mercado e o atendimento perfeito dos pedidos.<\/p>\n<h2 data-start=\"1249\" data-end=\"1285\"><strong data-start=\"1252\" data-end=\"1283\">Como fazer o pedido do vidro Ruisheng<\/strong><\/h2>\n<p data-start=\"1286\" data-end=\"1372\">Para consultas e pedidos, entre em contato conosco ou visite nossa f\u00e1brica em Shandong, China.<\/p>\n<\/div>\n<\/div>","protected":false},"excerpt":{"rendered":"<p>Detalhes do servi\u00e7o de garrafa de u\u00edsque personalizada da Ruisheng Se quiser iniciar seu pedido de garrafa de u\u00edsque personalizada, o primeiro passo \u00e9 informar suas necessidades \u00e0 nossa equipe de vendas, incluindo o formato, o tamanho e a capacidade da garrafa desejada e quaisquer elementos de design espec\u00edficos. Em seguida, nossa equipe de design enviar\u00e1 a garrafa de vidro...<\/p>","protected":false},"featured_media":4414,"comment_status":"closed","ping_status":"closed","template":"","meta":[],"product_cat":[54],"class_list":{"0":"post-4411","1":"product","2":"type-product","3":"status-publish","4":"has-post-thumbnail","6":"product_cat-whiskey-bottle","8":"first","9":"instock","10":"shipping-taxable","11":"product-type-simple"},"yoast_head":"<!-- This site is optimized with the Yoast SEO plugin v22.0 - https:\/\/yoast.com\/wordpress\/plugins\/seo\/ -->\n<title>RS158 China Custom Made Whiskey Bottle Supplier -<\/title>\n<meta name=\"robots\" content=\"index, follow, max-snippet:-1, max-image-preview:large, max-video-preview:-1\" \/>\n<link rel=\"canonical\" href=\"https:\/\/ruishengglassco.com\/pt\/rs158-fornecedor-de-garrafas-de-uisque-personalizadas-da-china\/\" \/>\n<meta property=\"og:locale\" content=\"pt_BR\" \/>\n<meta property=\"og:type\" content=\"article\" \/>\n<meta property=\"og:title\" content=\"RS158 China Custom Made Whiskey Bottle Supplier -\" \/>\n<meta property=\"og:description\" content=\"Details Of Ruisheng Custom Made Whiskey Bottle Service If you want to start your custom made whiskey bottle order, the first step you need to do is telling your needs to our sales team, including the desired bottle shape, size, capacity, and any specific design elements. Then our design team will send you glass bottle...\" \/>\n<meta property=\"og:url\" content=\"https:\/\/ruishengglassco.com\/pt\/rs158-fornecedor-de-garrafas-de-uisque-personalizadas-da-china\/\" \/>\n<meta property=\"article:publisher\" content=\"https:\/\/www.facebook.com\/ruishengglassbottles\" \/>\n<meta property=\"article:modified_time\" content=\"2025-03-15T15:19:24+00:00\" \/>\n<meta property=\"og:image\" content=\"https:\/\/ruishengglassco.com\/wp-content\/uploads\/2025\/03\/RS158-China-Custom-Made-Whiskey-Bottle-Supplier.webp\" \/>\n\t<meta property=\"og:image:width\" content=\"800\" \/>\n\t<meta property=\"og:image:height\" content=\"800\" \/>\n\t<meta property=\"og:image:type\" content=\"image\/webp\" \/>\n<meta name=\"twitter:card\" content=\"summary_large_image\" \/>\n<meta name=\"twitter:label1\" content=\"Est. tempo de leitura\" \/>\n\t<meta name=\"twitter:data1\" content=\"2 minutos\" \/>\n<script type=\"application\/ld+json\" class=\"yoast-schema-graph\">{\"@context\":\"https:\/\/schema.org\",\"@graph\":[{\"@type\":\"WebPage\",\"@id\":\"https:\/\/ruishengglassco.com\/rs158-china-custom-made-whiskey-bottle-supplier\",\"url\":\"https:\/\/ruishengglassco.com\/rs158-china-custom-made-whiskey-bottle-supplier\",\"name\":\"RS158 China Custom Made Whiskey Bottle Supplier -\",\"isPartOf\":{\"@id\":\"https:\/\/ruishengglassco.com\/#website\"},\"datePublished\":\"2025-03-15T15:19:23+00:00\",\"dateModified\":\"2025-03-15T15:19:24+00:00\",\"breadcrumb\":{\"@id\":\"https:\/\/ruishengglassco.com\/rs158-china-custom-made-whiskey-bottle-supplier#breadcrumb\"},\"inLanguage\":\"pt-BR\",\"potentialAction\":[{\"@type\":\"ReadAction\",\"target\":[\"https:\/\/ruishengglassco.com\/rs158-china-custom-made-whiskey-bottle-supplier\"]}]},{\"@type\":\"BreadcrumbList\",\"@id\":\"https:\/\/ruishengglassco.com\/rs158-china-custom-made-whiskey-bottle-supplier#breadcrumb\",\"itemListElement\":[{\"@type\":\"ListItem\",\"position\":1,\"name\":\"Home\",\"item\":\"https:\/\/ruishengglassco.com\/\"},{\"@type\":\"ListItem\",\"position\":2,\"name\":\"Products\",\"item\":\"https:\/\/ruishengglassco.com\/products\"},{\"@type\":\"ListItem\",\"position\":3,\"name\":\"RS158 China Custom Made Whiskey Bottle Supplier\"}]},{\"@type\":\"WebSite\",\"@id\":\"https:\/\/ruishengglassco.com\/#website\",\"url\":\"https:\/\/ruishengglassco.com\/\",\"name\":\"Ruisheng Glass\",\"description\":\"\",\"publisher\":{\"@id\":\"https:\/\/ruishengglassco.com\/#organization\"},\"potentialAction\":[{\"@type\":\"SearchAction\",\"target\":{\"@type\":\"EntryPoint\",\"urlTemplate\":\"https:\/\/ruishengglassco.com\/?s={search_term_string}\"},\"query-input\":\"required name=search_term_string\"}],\"inLanguage\":\"pt-BR\"},{\"@type\":\"Organization\",\"@id\":\"https:\/\/ruishengglassco.com\/#organization\",\"name\":\"Shandong Yuncheng Ruisheng Glass Co., Ltd\",\"url\":\"https:\/\/ruishengglassco.com\/\",\"logo\":{\"@type\":\"ImageObject\",\"inLanguage\":\"pt-BR\",\"@id\":\"https:\/\/ruishengglassco.com\/#\/schema\/logo\/image\/\",\"url\":\"https:\/\/ruishengglassco.com\/wp-content\/uploads\/2023\/09\/ruisheng_logo_icon.webp\",\"contentUrl\":\"https:\/\/ruishengglassco.com\/wp-content\/uploads\/2023\/09\/ruisheng_logo_icon.webp\",\"width\":400,\"height\":233,\"caption\":\"Shandong Yuncheng Ruisheng Glass Co., Ltd\"},\"image\":{\"@id\":\"https:\/\/ruishengglassco.com\/#\/schema\/logo\/image\/\"},\"sameAs\":[\"https:\/\/www.facebook.com\/ruishengglassbottles\",\"https:\/\/www.instagram.com\/Ruishengglassbottlewholesales\/\",\"https:\/\/www.youtube.com\/channel\/UCMmbMNGwsL-XrtjfSFLCdVQ\"]}]}<\/script>\n<!-- \/ Yoast SEO plugin. -->","yoast_head_json":{"title":"RS158 China Custom Made Whiskey Bottle Supplier -","robots":{"index":"index","follow":"follow","max-snippet":"max-snippet:-1","max-image-preview":"max-image-preview:large","max-video-preview":"max-video-preview:-1"},"canonical":"https:\/\/ruishengglassco.com\/pt\/rs158-fornecedor-de-garrafas-de-uisque-personalizadas-da-china\/","og_locale":"pt_BR","og_type":"article","og_title":"RS158 China Custom Made Whiskey Bottle Supplier -","og_description":"Details Of Ruisheng Custom Made Whiskey Bottle Service If you want to start your custom made whiskey bottle order, the first step you need to do is telling your needs to our sales team, including the desired bottle shape, size, capacity, and any specific design elements. Then our design team will send you glass bottle...","og_url":"https:\/\/ruishengglassco.com\/pt\/rs158-fornecedor-de-garrafas-de-uisque-personalizadas-da-china\/","article_publisher":"https:\/\/www.facebook.com\/ruishengglassbottles","article_modified_time":"2025-03-15T15:19:24+00:00","og_image":[{"width":800,"height":800,"url":"https:\/\/ruishengglassco.com\/wp-content\/uploads\/2025\/03\/RS158-China-Custom-Made-Whiskey-Bottle-Supplier.webp","type":"image\/webp"}],"twitter_card":"summary_large_image","twitter_misc":{"Est. tempo de leitura":"2 minutos"},"schema":{"@context":"https:\/\/schema.org","@graph":[{"@type":"WebPage","@id":"https:\/\/ruishengglassco.com\/rs158-china-custom-made-whiskey-bottle-supplier","url":"https:\/\/ruishengglassco.com\/rs158-china-custom-made-whiskey-bottle-supplier","name":"RS158 China Custom Made Whiskey Bottle Supplier -","isPartOf":{"@id":"https:\/\/ruishengglassco.com\/#website"},"datePublished":"2025-03-15T15:19:23+00:00","dateModified":"2025-03-15T15:19:24+00:00","breadcrumb":{"@id":"https:\/\/ruishengglassco.com\/rs158-china-custom-made-whiskey-bottle-supplier#breadcrumb"},"inLanguage":"pt-BR","potentialAction":[{"@type":"ReadAction","target":["https:\/\/ruishengglassco.com\/rs158-china-custom-made-whiskey-bottle-supplier"]}]},{"@type":"BreadcrumbList","@id":"https:\/\/ruishengglassco.com\/rs158-china-custom-made-whiskey-bottle-supplier#breadcrumb","itemListElement":[{"@type":"ListItem","position":1,"name":"Home","item":"https:\/\/ruishengglassco.com\/"},{"@type":"ListItem","position":2,"name":"Products","item":"https:\/\/ruishengglassco.com\/products"},{"@type":"ListItem","position":3,"name":"RS158 China Custom Made Whiskey Bottle Supplier"}]},{"@type":"WebSite","@id":"https:\/\/ruishengglassco.com\/#website","url":"https:\/\/ruishengglassco.com\/","name":"Ruisheng Glass","description":"","publisher":{"@id":"https:\/\/ruishengglassco.com\/#organization"},"potentialAction":[{"@type":"SearchAction","target":{"@type":"EntryPoint","urlTemplate":"https:\/\/ruishengglassco.com\/?s={search_term_string}"},"query-input":"required name=search_term_string"}],"inLanguage":"pt-BR"},{"@type":"Organization","@id":"https:\/\/ruishengglassco.com\/#organization","name":"Shandong Yuncheng Ruisheng Glass Co., Ltd","url":"https:\/\/ruishengglassco.com\/","logo":{"@type":"ImageObject","inLanguage":"pt-BR","@id":"https:\/\/ruishengglassco.com\/#\/schema\/logo\/image\/","url":"https:\/\/ruishengglassco.com\/wp-content\/uploads\/2023\/09\/ruisheng_logo_icon.webp","contentUrl":"https:\/\/ruishengglassco.com\/wp-content\/uploads\/2023\/09\/ruisheng_logo_icon.webp","width":400,"height":233,"caption":"Shandong Yuncheng Ruisheng Glass Co., Ltd"},"image":{"@id":"https:\/\/ruishengglassco.com\/#\/schema\/logo\/image\/"},"sameAs":["https:\/\/www.facebook.com\/ruishengglassbottles","https:\/\/www.instagram.com\/Ruishengglassbottlewholesales\/","https:\/\/www.youtube.com\/channel\/UCMmbMNGwsL-XrtjfSFLCdVQ"]}]}},"_links":{"self":[{"href":"https:\/\/ruishengglassco.com\/pt\/wp-json\/wp\/v2\/product\/4411","targetHints":{"allow":["GET"]}}],"collection":[{"href":"https:\/\/ruishengglassco.com\/pt\/wp-json\/wp\/v2\/product"}],"about":[{"href":"https:\/\/ruishengglassco.com\/pt\/wp-json\/wp\/v2\/types\/product"}],"replies":[{"embeddable":true,"href":"https:\/\/ruishengglassco.com\/pt\/wp-json\/wp\/v2\/comments?post=4411"}],"wp:featuredmedia":[{"embeddable":true,"href":"https:\/\/ruishengglassco.com\/pt\/wp-json\/wp\/v2\/media\/4414"}],"wp:attachment":[{"href":"https:\/\/ruishengglassco.com\/pt\/wp-json\/wp\/v2\/media?parent=4411"}],"wp:term":[{"taxonomy":"product_cat","embeddable":true,"href":"https:\/\/ruishengglassco.com\/pt\/wp-json\/wp\/v2\/product_cat?post=4411"}],"curies":[{"name":"wp","href":"https:\/\/api.w.org\/{rel}","templated":true}]}}