{"id":4397,"date":"2025-03-15T23:05:32","date_gmt":"2025-03-15T15:05:32","guid":{"rendered":"https:\/\/ruishengglassco.com\/?post_type=product&#038;p=4397"},"modified":"2025-09-12T10:26:30","modified_gmt":"2025-09-12T02:26:30","slug":"rs150-fabricacao-de-garrafas-de-uisque-personalizadas","status":"publish","type":"product","link":"https:\/\/ruishengglassco.com\/pt\/produto\/rs150-fabricacao-de-garrafas-de-uisque-personalizadas","title":{"rendered":"Fabrica\u00e7\u00e3o de garrafas de u\u00edsque personalizadas RS150"},"content":{"rendered":"<h4 data-spm-anchor-id=\"a2700.details.0.i82.67a53c122iOfKz\">Especifica\u00e7\u00f5es<\/h4>\n<div class=\"attribute-list\">\n<div class=\"attribute-item\">\n<ul>\n<li class=\"left\">Manuseio de superf\u00edcie: <span style=\"color: var(--wpex-text-2);\">Grava\u00e7\u00e3o interna<\/span><\/li>\n<li class=\"left\">Uso industrial: <span style=\"color: var(--wpex-text-2);\">Bebidas<\/span><\/li>\n<li class=\"left\">Tipo de veda\u00e7\u00e3o: <span style=\"color: var(--wpex-text-2);\">tampa de parafuso\/corti\u00e7a<\/span><\/li>\n<li class=\"left\">Local de origem: <span style=\"color: var(--wpex-text-2);\">Shandong, China<\/span><\/li>\n<li class=\"left\">Material da base: S<span style=\"color: var(--wpex-text-2);\">vidro uper flint<\/span><\/li>\n<li class=\"left\">Material do corpo: <span style=\"color: var(--wpex-text-2);\">Vidro super flint<\/span><\/li>\n<li class=\"left\">N\u00famero do modelo: <span style=\"color: var(--wpex-text-2);\">RS-160<\/span><\/li>\n<li class=\"left\">Nome da marca: <span style=\"color: var(--wpex-text-2);\">RUISHENG<\/span><\/li>\n<li class=\"left\">Uso: <span style=\"color: var(--wpex-text-2);\">\u00c1lcool\/liquor\/esp\u00edritos\/vodca\/whisky\/brandy\/rum\/gin<\/span><\/li>\n<li class=\"left\">Embalagem: <span style=\"color: var(--wpex-text-2);\">Embalagem personalizada aceit\u00e1vel<\/span><\/li>\n<li class=\"left\">Capacidade: <span style=\"color: var(--wpex-text-2);\">200ml\/300ml\/500ml\/700\/750ml\/1000ml<\/span><\/li>\n<li class=\"left\">Forma: <span style=\"color: var(--wpex-text-2);\">Forma personalizada<\/span><\/li>\n<li class=\"left\">Logotipo: <span style=\"color: var(--wpex-text-2);\">Logotipo do cliente aceit\u00e1vel<\/span><\/li>\n<li class=\"left\">Servi\u00e7o: <span style=\"color: var(--wpex-text-2);\">OEM \/ODM<\/span><\/li>\n<li class=\"left\">Amostra: <span style=\"color: var(--wpex-text-2);\">Fornecido gratuitamente<\/span><\/li>\n<li class=\"left\">Impress\u00e3o do logotipo: <span style=\"color: var(--wpex-text-2);\">Aceita impress\u00e3o do logotipo do cliente<\/span><\/li>\n<li class=\"left\">Prazo de entrega: <span style=\"color: var(--wpex-text-2);\">30-45 dias<\/span><\/li>\n<li class=\"left\">Embalagem: <span style=\"font-family: var(--wpex-heading-font-family); font-style: var(--wpex-heading-font-style); letter-spacing: var(--wpex-heading-letter-spacing); text-transform: var(--wpex-heading-text-transform); color: var(--wpex-text-2);\" data-spm-anchor-id=\"a2700.details.0.i77.67a53c122iOfKz\">Caixa de papel\u00e3o padr\u00e3o para exporta\u00e7\u00e3o\/<\/span><span style=\"color: var(--wpex-text-2);\">Palete\/<\/span><span style=\"color: var(--wpex-text-2);\">Embalagem personalizada<\/span><\/li>\n<li class=\"left\">Porto: <span style=\"color: var(--wpex-text-2);\">Qingdao<\/span><\/li>\n<\/ul>\n<h3 data-start=\"874\" data-end=\"925\"><strong data-start=\"878\" data-end=\"923\">F\u00e1brica de vidros Ruisheng em Shandong, China<\/strong><\/h3>\n<p data-start=\"927\" data-end=\"1196\">Desde 2009, nossa moderna f\u00e1brica de produ\u00e7\u00e3o de garrafas de vidro e nosso bem equipado centro de P&amp;D operam em uma \u00e1rea de 5.000.000 p\u00e9s quadrados. A f\u00e1brica se concentra na produ\u00e7\u00e3o de garrafas de vidro de alta qualidade para licores, destilados, u\u00edsque, vodca, conhaque e outras bebidas alco\u00f3licas.<\/p>\n<hr data-start=\"1198\" data-end=\"1201\" \/>\n<h3 data-start=\"1203\" data-end=\"1275\"><strong data-start=\"1207\" data-end=\"1273\">Capacidade total em nossa f\u00e1brica de garrafas de vidro para bebidas alco\u00f3licas<\/strong><\/h3>\n<ul data-start=\"1277\" data-end=\"1950\">\n<li data-start=\"1277\" data-end=\"1455\">\n<p data-start=\"1279\" data-end=\"1455\"><strong data-start=\"1279\" data-end=\"1302\">12 linhas de produ\u00e7\u00e3o<\/strong><br data-start=\"1302\" data-end=\"1305\" \/>Linha semiautom\u00e1tica de produ\u00e7\u00e3o de garrafas de vidro de alta efici\u00eancia, capaz de produzir garrafas de vidro com diferentes processos de tratamento simultaneamente.<\/p>\n<\/li>\n<li data-start=\"1457\" data-end=\"1654\">\n<p data-start=\"1459\" data-end=\"1654\"><strong data-start=\"1459\" data-end=\"1477\">Mais de 500 funcion\u00e1rios<\/strong><br data-start=\"1477\" data-end=\"1480\" \/>Nossa empresa tem mais de 500 funcion\u00e1rios, incluindo 15 designers industriais, 35 inspetores de qualidade de produtos e v\u00e1rios funcion\u00e1rios de produ\u00e7\u00e3o, vendas e marketing.<\/p>\n<\/li>\n<li data-start=\"1656\" data-end=\"1802\">\n<p data-start=\"1658\" data-end=\"1802\"><strong data-start=\"1658\" data-end=\"1680\">Mais de 8000 moldes de design<\/strong><br data-start=\"1680\" data-end=\"1683\" \/>O estoque interno de um grande n\u00famero de moldes garante a flexibilidade e a capacidade de atender \u00e0s diversas necessidades dos clientes.<\/p>\n<\/li>\n<li data-start=\"1804\" data-end=\"1950\">\n<p data-start=\"1806\" data-end=\"1950\"><strong data-start=\"1806\" data-end=\"1831\">120.000+ Produ\u00e7\u00e3o di\u00e1ria<\/strong><br data-start=\"1831\" data-end=\"1834\" \/>Nossa capacidade de produ\u00e7\u00e3o em massa permite que as empresas passem pelas fases de produ\u00e7\u00e3o de forma r\u00e1pida e eficiente.<\/p>\n<\/li>\n<\/ul>\n<hr data-start=\"1952\" data-end=\"1955\" \/>\n<h3 data-start=\"1957\" data-end=\"1994\"><strong data-start=\"1961\" data-end=\"1992\">Como fazer o pedido do vidro Ruisheng<\/strong><\/h3>\n<p data-start=\"1995\" data-end=\"2085\">Para obter mais detalhes sobre pedidos, entre em contato conosco ou visite nossa f\u00e1brica em Shandong, China.<\/p>\n<\/div>\n<\/div>","protected":false},"excerpt":{"rendered":"<p>Especifica\u00e7\u00f5es Manuseio da superf\u00edcie: Grava\u00e7\u00e3o interna Uso industrial: bebidas Tipo de veda\u00e7\u00e3o: Tampa de parafuso\/corti\u00e7a Local de origem: Shandong, China Material da base: Vidro super flint Material do corpo: Vidro super flint N\u00famero do modelo: RS-160 Nome da marca: RUISHENG Uso: \u00c1lcool\/liquor\/esp\u00edritos\/vodca\/whisky\/brandy\/rum\/gin Embalagem: Embalagem personalizada aceit\u00e1vel Capacidade: 200ml\/300ml\/500ml\/700\/750ml\/1000ml Forma: Forma personalizada Logotipo: Servi\u00e7o de logotipo do cliente aceit\u00e1vel: OEM \/ODM Amostra: Fornecida livremente Logotipo...<\/p>","protected":false},"featured_media":4398,"comment_status":"closed","ping_status":"closed","template":"","meta":[],"product_cat":[54],"class_list":{"0":"post-4397","1":"product","2":"type-product","3":"status-publish","4":"has-post-thumbnail","6":"product_cat-whiskey-bottle","8":"first","9":"instock","10":"shipping-taxable","11":"product-type-simple"},"yoast_head":"<!-- This site is optimized with the Yoast SEO plugin v22.0 - https:\/\/yoast.com\/wordpress\/plugins\/seo\/ -->\n<title>RS150 Custom Whiskey Bottle Manufacturing -<\/title>\n<meta name=\"robots\" content=\"index, follow, max-snippet:-1, max-image-preview:large, max-video-preview:-1\" \/>\n<link rel=\"canonical\" href=\"https:\/\/ruishengglassco.com\/pt\/rs150-fabricacao-de-garrafas-de-uisque-personalizadas\/\" \/>\n<meta property=\"og:locale\" content=\"pt_BR\" \/>\n<meta property=\"og:type\" content=\"article\" \/>\n<meta property=\"og:title\" content=\"RS150 Custom Whiskey Bottle Manufacturing -\" \/>\n<meta property=\"og:description\" content=\"Specifications Surface Handling: Inside Engraving Industrial Use: Beverage Sealing Type: SCREW CAP\/Cork Place of Origin: Shandong, China Base Material: Super flint glass Body Material: Super flint glass Model Number: RS-160 Brand Name: RUISHENG Usage: Alcohol\/liquor\/spirits\/vodka\/whisky\/brandy\/rum\/gin Packing: Custom Packing Acceptable Capacity: 200ml\/300ml\/500ml\/700\/750ml\/1000ml Shape: Customized Shape Logo: Acceptable Customer&#8217;s Logo Service: OEM \/ODM Sample: Provided Freely Logo...\" \/>\n<meta property=\"og:url\" content=\"https:\/\/ruishengglassco.com\/pt\/rs150-fabricacao-de-garrafas-de-uisque-personalizadas\/\" \/>\n<meta property=\"article:publisher\" content=\"https:\/\/www.facebook.com\/ruishengglassbottles\" \/>\n<meta property=\"article:modified_time\" content=\"2025-09-12T02:26:30+00:00\" \/>\n<meta property=\"og:image\" content=\"https:\/\/ruishengglassco.com\/wp-content\/uploads\/2025\/03\/RS150-Custom-Whiskey-Bottle-Manufacturing.webp\" \/>\n\t<meta property=\"og:image:width\" content=\"800\" \/>\n\t<meta property=\"og:image:height\" content=\"800\" \/>\n\t<meta property=\"og:image:type\" content=\"image\/webp\" \/>\n<meta name=\"twitter:card\" content=\"summary_large_image\" \/>\n<meta name=\"twitter:label1\" content=\"Est. tempo de leitura\" \/>\n\t<meta name=\"twitter:data1\" content=\"2 minutos\" \/>\n<script type=\"application\/ld+json\" class=\"yoast-schema-graph\">{\"@context\":\"https:\/\/schema.org\",\"@graph\":[{\"@type\":\"WebPage\",\"@id\":\"https:\/\/ruishengglassco.com\/rs150-custom-whiskey-bottle-manufacturing\",\"url\":\"https:\/\/ruishengglassco.com\/rs150-custom-whiskey-bottle-manufacturing\",\"name\":\"RS150 Custom Whiskey Bottle Manufacturing -\",\"isPartOf\":{\"@id\":\"https:\/\/ruishengglassco.com\/#website\"},\"datePublished\":\"2025-03-15T15:05:32+00:00\",\"dateModified\":\"2025-09-12T02:26:30+00:00\",\"breadcrumb\":{\"@id\":\"https:\/\/ruishengglassco.com\/rs150-custom-whiskey-bottle-manufacturing#breadcrumb\"},\"inLanguage\":\"pt-BR\",\"potentialAction\":[{\"@type\":\"ReadAction\",\"target\":[\"https:\/\/ruishengglassco.com\/rs150-custom-whiskey-bottle-manufacturing\"]}]},{\"@type\":\"BreadcrumbList\",\"@id\":\"https:\/\/ruishengglassco.com\/rs150-custom-whiskey-bottle-manufacturing#breadcrumb\",\"itemListElement\":[{\"@type\":\"ListItem\",\"position\":1,\"name\":\"Home\",\"item\":\"https:\/\/ruishengglassco.com\/\"},{\"@type\":\"ListItem\",\"position\":2,\"name\":\"Products\",\"item\":\"https:\/\/ruishengglassco.com\/products\"},{\"@type\":\"ListItem\",\"position\":3,\"name\":\"RS150 Custom Whiskey Bottle Manufacturing\"}]},{\"@type\":\"WebSite\",\"@id\":\"https:\/\/ruishengglassco.com\/#website\",\"url\":\"https:\/\/ruishengglassco.com\/\",\"name\":\"Ruisheng Glass\",\"description\":\"\",\"publisher\":{\"@id\":\"https:\/\/ruishengglassco.com\/#organization\"},\"potentialAction\":[{\"@type\":\"SearchAction\",\"target\":{\"@type\":\"EntryPoint\",\"urlTemplate\":\"https:\/\/ruishengglassco.com\/?s={search_term_string}\"},\"query-input\":\"required name=search_term_string\"}],\"inLanguage\":\"pt-BR\"},{\"@type\":\"Organization\",\"@id\":\"https:\/\/ruishengglassco.com\/#organization\",\"name\":\"Shandong Yuncheng Ruisheng Glass Co., Ltd\",\"url\":\"https:\/\/ruishengglassco.com\/\",\"logo\":{\"@type\":\"ImageObject\",\"inLanguage\":\"pt-BR\",\"@id\":\"https:\/\/ruishengglassco.com\/#\/schema\/logo\/image\/\",\"url\":\"https:\/\/ruishengglassco.com\/wp-content\/uploads\/2023\/09\/ruisheng_logo_icon.webp\",\"contentUrl\":\"https:\/\/ruishengglassco.com\/wp-content\/uploads\/2023\/09\/ruisheng_logo_icon.webp\",\"width\":400,\"height\":233,\"caption\":\"Shandong Yuncheng Ruisheng Glass Co., Ltd\"},\"image\":{\"@id\":\"https:\/\/ruishengglassco.com\/#\/schema\/logo\/image\/\"},\"sameAs\":[\"https:\/\/www.facebook.com\/ruishengglassbottles\",\"https:\/\/www.instagram.com\/Ruishengglassbottlewholesales\/\",\"https:\/\/www.youtube.com\/channel\/UCMmbMNGwsL-XrtjfSFLCdVQ\"]}]}<\/script>\n<!-- \/ Yoast SEO plugin. -->","yoast_head_json":{"title":"RS150 Custom Whiskey Bottle Manufacturing -","robots":{"index":"index","follow":"follow","max-snippet":"max-snippet:-1","max-image-preview":"max-image-preview:large","max-video-preview":"max-video-preview:-1"},"canonical":"https:\/\/ruishengglassco.com\/pt\/rs150-fabricacao-de-garrafas-de-uisque-personalizadas\/","og_locale":"pt_BR","og_type":"article","og_title":"RS150 Custom Whiskey Bottle Manufacturing -","og_description":"Specifications Surface Handling: Inside Engraving Industrial Use: Beverage Sealing Type: SCREW CAP\/Cork Place of Origin: Shandong, China Base Material: Super flint glass Body Material: Super flint glass Model Number: RS-160 Brand Name: RUISHENG Usage: Alcohol\/liquor\/spirits\/vodka\/whisky\/brandy\/rum\/gin Packing: Custom Packing Acceptable Capacity: 200ml\/300ml\/500ml\/700\/750ml\/1000ml Shape: Customized Shape Logo: Acceptable Customer&#8217;s Logo Service: OEM \/ODM Sample: Provided Freely Logo...","og_url":"https:\/\/ruishengglassco.com\/pt\/rs150-fabricacao-de-garrafas-de-uisque-personalizadas\/","article_publisher":"https:\/\/www.facebook.com\/ruishengglassbottles","article_modified_time":"2025-09-12T02:26:30+00:00","og_image":[{"width":800,"height":800,"url":"https:\/\/ruishengglassco.com\/wp-content\/uploads\/2025\/03\/RS150-Custom-Whiskey-Bottle-Manufacturing.webp","type":"image\/webp"}],"twitter_card":"summary_large_image","twitter_misc":{"Est. tempo de leitura":"2 minutos"},"schema":{"@context":"https:\/\/schema.org","@graph":[{"@type":"WebPage","@id":"https:\/\/ruishengglassco.com\/rs150-custom-whiskey-bottle-manufacturing","url":"https:\/\/ruishengglassco.com\/rs150-custom-whiskey-bottle-manufacturing","name":"RS150 Custom Whiskey Bottle Manufacturing -","isPartOf":{"@id":"https:\/\/ruishengglassco.com\/#website"},"datePublished":"2025-03-15T15:05:32+00:00","dateModified":"2025-09-12T02:26:30+00:00","breadcrumb":{"@id":"https:\/\/ruishengglassco.com\/rs150-custom-whiskey-bottle-manufacturing#breadcrumb"},"inLanguage":"pt-BR","potentialAction":[{"@type":"ReadAction","target":["https:\/\/ruishengglassco.com\/rs150-custom-whiskey-bottle-manufacturing"]}]},{"@type":"BreadcrumbList","@id":"https:\/\/ruishengglassco.com\/rs150-custom-whiskey-bottle-manufacturing#breadcrumb","itemListElement":[{"@type":"ListItem","position":1,"name":"Home","item":"https:\/\/ruishengglassco.com\/"},{"@type":"ListItem","position":2,"name":"Products","item":"https:\/\/ruishengglassco.com\/products"},{"@type":"ListItem","position":3,"name":"RS150 Custom Whiskey Bottle Manufacturing"}]},{"@type":"WebSite","@id":"https:\/\/ruishengglassco.com\/#website","url":"https:\/\/ruishengglassco.com\/","name":"Ruisheng Glass","description":"","publisher":{"@id":"https:\/\/ruishengglassco.com\/#organization"},"potentialAction":[{"@type":"SearchAction","target":{"@type":"EntryPoint","urlTemplate":"https:\/\/ruishengglassco.com\/?s={search_term_string}"},"query-input":"required name=search_term_string"}],"inLanguage":"pt-BR"},{"@type":"Organization","@id":"https:\/\/ruishengglassco.com\/#organization","name":"Shandong Yuncheng Ruisheng Glass Co., Ltd","url":"https:\/\/ruishengglassco.com\/","logo":{"@type":"ImageObject","inLanguage":"pt-BR","@id":"https:\/\/ruishengglassco.com\/#\/schema\/logo\/image\/","url":"https:\/\/ruishengglassco.com\/wp-content\/uploads\/2023\/09\/ruisheng_logo_icon.webp","contentUrl":"https:\/\/ruishengglassco.com\/wp-content\/uploads\/2023\/09\/ruisheng_logo_icon.webp","width":400,"height":233,"caption":"Shandong Yuncheng Ruisheng Glass Co., Ltd"},"image":{"@id":"https:\/\/ruishengglassco.com\/#\/schema\/logo\/image\/"},"sameAs":["https:\/\/www.facebook.com\/ruishengglassbottles","https:\/\/www.instagram.com\/Ruishengglassbottlewholesales\/","https:\/\/www.youtube.com\/channel\/UCMmbMNGwsL-XrtjfSFLCdVQ"]}]}},"_links":{"self":[{"href":"https:\/\/ruishengglassco.com\/pt\/wp-json\/wp\/v2\/product\/4397","targetHints":{"allow":["GET"]}}],"collection":[{"href":"https:\/\/ruishengglassco.com\/pt\/wp-json\/wp\/v2\/product"}],"about":[{"href":"https:\/\/ruishengglassco.com\/pt\/wp-json\/wp\/v2\/types\/product"}],"replies":[{"embeddable":true,"href":"https:\/\/ruishengglassco.com\/pt\/wp-json\/wp\/v2\/comments?post=4397"}],"wp:featuredmedia":[{"embeddable":true,"href":"https:\/\/ruishengglassco.com\/pt\/wp-json\/wp\/v2\/media\/4398"}],"wp:attachment":[{"href":"https:\/\/ruishengglassco.com\/pt\/wp-json\/wp\/v2\/media?parent=4397"}],"wp:term":[{"taxonomy":"product_cat","embeddable":true,"href":"https:\/\/ruishengglassco.com\/pt\/wp-json\/wp\/v2\/product_cat?post=4397"}],"curies":[{"name":"wp","href":"https:\/\/api.w.org\/{rel}","templated":true}]}}