{"id":4394,"date":"2025-03-15T22:42:13","date_gmt":"2025-03-15T14:42:13","guid":{"rendered":"https:\/\/ruishengglassco.com\/?post_type=product&#038;p=4394"},"modified":"2025-07-17T15:16:52","modified_gmt":"2025-07-17T07:16:52","slug":"rs001-atacado-garrafas-de-vidro-com-tampa-de-rosca-de-250-ml-para-bebidas-alcoolicas","status":"publish","type":"product","link":"https:\/\/ruishengglassco.com\/pt\/produto\/rs001-atacado-garrafas-de-vidro-com-tampa-de-rosca-de-250-ml-para-bebidas-alcoolicas","title":{"rendered":"RS001 Garrafas de vidro com tampa de rosca de 250 ml para bebidas alco\u00f3licas"},"content":{"rendered":"<h2><span style=\"color: #000000;\">Detalhes sobre as garrafas de vidro com tampa de rosca de 250 ml para licor no atacado<\/span><\/h2>\n<p>Essas garrafas de vidro de 250 ml com tampa de rosca s\u00e3o \u00f3timas para embalar bebidas alco\u00f3licas. Funcionam bem para destilados brancos, u\u00edsque, conhaque, vodca, conhaque, tequila, champanhe e muito mais.<\/p>\n<p>Os produtos s\u00e3o feitos de mat\u00e9rias-primas de vidro de alta qualidade processadas por mais de 10 processos. Transparente, limpo e livre de impurezas. Ele pode destacar perfeitamente a qualidade do licor e melhorar a qualidade geral do produto.<\/p>\n<p>Se voc\u00ea estiver satisfeito com o modelo que fornecemos, podemos produzir o 100% de acordo com o modelo original. Se voc\u00ea precisar de servi\u00e7o personalizado. Voc\u00ea pode fazer solicita\u00e7\u00f5es para cada um dos tamanhos, formas, cores, tratamentos de superf\u00edcie, r\u00f3tulos, tampas etc. das garrafas de vinho, e n\u00f3s produziremos de acordo com suas necessidades.<\/p>\n<ul>\n<li>Nome do produto: Garrafas de vidro com tampa de rosca de 250 ml para licor<\/li>\n<li>Marca: Ruisheng\/RS Vidro<\/li>\n<li>Refer\u00eancia: RS001<\/li>\n<li>Material do vidro: Material de vidro de alto brilho<\/li>\n<li>Capacidade nominal: 250 ml<\/li>\n<li>Peso da garrafa: 550g<\/li>\n<li>Tipo de veda\u00e7\u00e3o: Ropp \/ GPI \/ Corti\u00e7a \/ Guala \/ Swing Top \/ M\u00e9todo de veda\u00e7\u00e3o personalizado<\/li>\n<li>Aplica\u00e7\u00e3o: Garrafa de vodca, garrafa de u\u00edsque, garrafa de conhaque, garrafa de rum, garrafa de xarope<\/li>\n<li>Embalagem\n<ul>\n<li>24 unidades \/ caixa, com separador de papel\u00e3o<\/li>\n<li>6 unidades \/ caixa colorida, com separador de papel\u00e3o<\/li>\n<li>Embalagem em palete, com separador de papel\u00e3o<\/li>\n<li>Embalagem em caixa de papel\u00e3o\/caixa + palete<\/li>\n<\/ul>\n<\/li>\n<li><span style=\"color: #ff0000;\">MOQ: 6000pcs para uma nova tiragem<\/span><\/li>\n<li>Prazo de entrega: 20 a 30 dias<\/li>\n<\/ul>\n<p data-start=\"1542\" data-end=\"1659\">Se tiver mais perguntas sobre Garrafas de vidro com tampa de rosca de 250 ml para licor no atacado, entre em contato com nossa equipe de vendas.<\/p>\n<hr data-start=\"1661\" data-end=\"1664\" \/>\n<h2 data-start=\"1666\" data-end=\"1717\"><strong data-start=\"1670\" data-end=\"1715\">F\u00e1brica de vidros Ruisheng em Shandong, China<\/strong><\/h2>\n<p data-start=\"1718\" data-end=\"1992\">Desde 2009, a Ruisheng Glass opera uma moderna f\u00e1brica de produ\u00e7\u00e3o e um centro de P&amp;D bem equipado, cobrindo 5.000.000 p\u00e9s quadrados. A f\u00e1brica \u00e9 especializada na fabrica\u00e7\u00e3o de garrafas de vidro de alta qualidade para bebidas alco\u00f3licas, incluindo u\u00edsque, vodca, conhaque e outras bebidas alco\u00f3licas.<\/p>\n<h3 data-start=\"1994\" data-end=\"2020\"><strong data-start=\"1998\" data-end=\"2018\">Capacidade da f\u00e1brica<\/strong><\/h3>\n<ul data-start=\"2021\" data-end=\"2577\">\n<li data-start=\"2021\" data-end=\"2178\"><strong data-start=\"2023\" data-end=\"2046\">12 linhas de produ\u00e7\u00e3o<\/strong> - Linhas de produ\u00e7\u00e3o de garrafas de vidro semiautom\u00e1ticas e de alta efici\u00eancia, capazes de lidar com diferentes processos de tratamento simultaneamente.<\/li>\n<li data-start=\"2179\" data-end=\"2316\"><strong data-start=\"2181\" data-end=\"2199\">Mais de 500 funcion\u00e1rios<\/strong> - Inclui 15 designers industriais, 35 inspetores de qualidade de produtos e pessoal de produ\u00e7\u00e3o, vendas e marketing.<\/li>\n<li data-start=\"2317\" data-end=\"2447\"><strong data-start=\"2319\" data-end=\"2342\">Mais de 8.000 moldes de design<\/strong> - O estoque interno de um grande n\u00famero de moldes oferece flexibilidade para atender \u00e0s diversas necessidades dos clientes.<\/li>\n<li data-start=\"2448\" data-end=\"2577\"><strong data-start=\"2450\" data-end=\"2483\">Produ\u00e7\u00e3o di\u00e1ria de mais de 120.000 garrafas<\/strong> - A produ\u00e7\u00e3o em grande escala garante uma resposta r\u00e1pida ao mercado e o atendimento eficiente dos pedidos.<\/li>\n<\/ul>\n<h3 data-start=\"2579\" data-end=\"2621\"><strong data-start=\"2583\" data-end=\"2619\">Como fazer pedidos na Ruisheng Glass<\/strong><\/h3>\n<p data-start=\"2622\" data-end=\"2736\">Para consultas, pedidos ou solicita\u00e7\u00f5es personalizadas, entre em contato com nossa equipe para discutir suas necessidades e obter uma cota\u00e7\u00e3o.<\/p>","protected":false},"excerpt":{"rendered":"<p>Descubra garrafas de vidro com tampa de rosca de 250 ml para bebidas alco\u00f3licas no atacado na Ruisheng Glass Co. Fundada em 2009, a Ruisheng \u00e9 uma das principais empresas do setor de embalagens de garrafas de bebidas alco\u00f3licas. Sempre tivemos o compromisso de fornecer solu\u00e7\u00f5es completas de embalagem para o setor de garrafas de bebidas alco\u00f3licas. Fabricamos garrafas de vidro de qualidade usando materiais de vidro de alta qualidade. Voc\u00ea pode encontrar muitos produtos, como garrafas de licor, garrafas de u\u00edsque, garrafas de brandy, garrafas de gim, garrafas de conhaque, garrafas de tequila e garrafas de vinho.<\/p>\n<p>Como fabricante de garrafas de bebida alco\u00f3lica, fornecemos servi\u00e7os de OEM\/ODM para nossos clientes. Se voc\u00ea n\u00e3o encontrar o tipo de garrafa de bebida alco\u00f3lica que deseja, n\u00e3o se preocupe. Informe-nos suas necessidades e deixe-nos produzir para voc\u00ea.<\/p>\n<p>Clique aqui para obter mais informa\u00e7\u00f5es sobre Wholesale 250ml Screw Top Glass Bottles For Liquor.<\/p>","protected":false},"featured_media":4395,"comment_status":"closed","ping_status":"closed","template":"","meta":[],"product_cat":[47],"class_list":{"0":"post-4394","1":"product","2":"type-product","3":"status-publish","4":"has-post-thumbnail","6":"product_cat-250ml-liquor-bottle-manufacturer","8":"first","9":"instock","10":"shipping-taxable","11":"product-type-simple"},"yoast_head":"<!-- This site is optimized with the Yoast SEO plugin v22.0 - https:\/\/yoast.com\/wordpress\/plugins\/seo\/ -->\n<title>250ml Screw Top Glass Bottles For Liquor-Ruisheng Glass<\/title>\n<meta name=\"description\" content=\"Find Wholesale 250ml Screw Top Glass Bottles For Liquor At Ruisheng Glass Co,. Factory Outlet&amp;Save Cost Here.\" \/>\n<meta name=\"robots\" content=\"index, follow, max-snippet:-1, max-image-preview:large, max-video-preview:-1\" \/>\n<link rel=\"canonical\" href=\"https:\/\/ruishengglassco.com\/pt\/produto\/rs001-atacado-garrafas-de-vidro-com-tampa-de-rosca-de-250-ml-para-bebidas-alcoolicas\" \/>\n<meta property=\"og:locale\" content=\"pt_BR\" \/>\n<meta property=\"og:type\" content=\"article\" \/>\n<meta property=\"og:title\" content=\"250ml Screw Top Glass Bottles For Liquor-Ruisheng Glass\" \/>\n<meta property=\"og:description\" content=\"Find Wholesale 250ml Screw Top Glass Bottles For Liquor At Ruisheng Glass Co,. Factory Outlet&amp;Save Cost Here.\" \/>\n<meta property=\"og:url\" content=\"https:\/\/ruishengglassco.com\/pt\/produto\/rs001-atacado-garrafas-de-vidro-com-tampa-de-rosca-de-250-ml-para-bebidas-alcoolicas\" \/>\n<meta property=\"article:publisher\" content=\"https:\/\/www.facebook.com\/ruishengglassbottles\" \/>\n<meta property=\"article:modified_time\" content=\"2025-07-17T07:16:52+00:00\" \/>\n<meta property=\"og:image\" content=\"https:\/\/ruishengglassco.com\/wp-content\/uploads\/2025\/03\/RS001-Wholesale-250ml-Screw-Top-Glass-Bottles-For-Liquor.webp\" \/>\n\t<meta property=\"og:image:width\" content=\"800\" \/>\n\t<meta property=\"og:image:height\" content=\"800\" \/>\n\t<meta property=\"og:image:type\" content=\"image\/webp\" \/>\n<meta name=\"twitter:card\" content=\"summary_large_image\" \/>\n<meta name=\"twitter:label1\" content=\"Est. tempo de leitura\" \/>\n\t<meta name=\"twitter:data1\" content=\"2 minutos\" \/>\n<script type=\"application\/ld+json\" class=\"yoast-schema-graph\">{\"@context\":\"https:\/\/schema.org\",\"@graph\":[{\"@type\":\"WebPage\",\"@id\":\"https:\/\/ruishengglassco.com\/product\/rs001-wholesale-250ml-screw-top-glass-bottles-for-liquor\",\"url\":\"https:\/\/ruishengglassco.com\/product\/rs001-wholesale-250ml-screw-top-glass-bottles-for-liquor\",\"name\":\"250ml Screw Top Glass Bottles For Liquor-Ruisheng Glass\",\"isPartOf\":{\"@id\":\"https:\/\/ruishengglassco.com\/#website\"},\"datePublished\":\"2025-03-15T14:42:13+00:00\",\"dateModified\":\"2025-07-17T07:16:52+00:00\",\"description\":\"Find Wholesale 250ml Screw Top Glass Bottles For Liquor At Ruisheng Glass Co,. Factory Outlet&Save Cost Here.\",\"breadcrumb\":{\"@id\":\"https:\/\/ruishengglassco.com\/product\/rs001-wholesale-250ml-screw-top-glass-bottles-for-liquor#breadcrumb\"},\"inLanguage\":\"pt-BR\",\"potentialAction\":[{\"@type\":\"ReadAction\",\"target\":[\"https:\/\/ruishengglassco.com\/product\/rs001-wholesale-250ml-screw-top-glass-bottles-for-liquor\"]}]},{\"@type\":\"BreadcrumbList\",\"@id\":\"https:\/\/ruishengglassco.com\/product\/rs001-wholesale-250ml-screw-top-glass-bottles-for-liquor#breadcrumb\",\"itemListElement\":[{\"@type\":\"ListItem\",\"position\":1,\"name\":\"Home\",\"item\":\"https:\/\/ruishengglassco.com\/\"},{\"@type\":\"ListItem\",\"position\":2,\"name\":\"Products\",\"item\":\"https:\/\/ruishengglassco.com\/products\"},{\"@type\":\"ListItem\",\"position\":3,\"name\":\"RS001 250ml Screw Top Glass Bottles For Liquor\"}]},{\"@type\":\"WebSite\",\"@id\":\"https:\/\/ruishengglassco.com\/#website\",\"url\":\"https:\/\/ruishengglassco.com\/\",\"name\":\"Ruisheng Glass\",\"description\":\"\",\"publisher\":{\"@id\":\"https:\/\/ruishengglassco.com\/#organization\"},\"potentialAction\":[{\"@type\":\"SearchAction\",\"target\":{\"@type\":\"EntryPoint\",\"urlTemplate\":\"https:\/\/ruishengglassco.com\/?s={search_term_string}\"},\"query-input\":\"required name=search_term_string\"}],\"inLanguage\":\"pt-BR\"},{\"@type\":\"Organization\",\"@id\":\"https:\/\/ruishengglassco.com\/#organization\",\"name\":\"Shandong Yuncheng Ruisheng Glass Co., Ltd\",\"url\":\"https:\/\/ruishengglassco.com\/\",\"logo\":{\"@type\":\"ImageObject\",\"inLanguage\":\"pt-BR\",\"@id\":\"https:\/\/ruishengglassco.com\/#\/schema\/logo\/image\/\",\"url\":\"https:\/\/ruishengglassco.com\/wp-content\/uploads\/2023\/09\/ruisheng_logo_icon.webp\",\"contentUrl\":\"https:\/\/ruishengglassco.com\/wp-content\/uploads\/2023\/09\/ruisheng_logo_icon.webp\",\"width\":400,\"height\":233,\"caption\":\"Shandong Yuncheng Ruisheng Glass Co., Ltd\"},\"image\":{\"@id\":\"https:\/\/ruishengglassco.com\/#\/schema\/logo\/image\/\"},\"sameAs\":[\"https:\/\/www.facebook.com\/ruishengglassbottles\",\"https:\/\/www.instagram.com\/Ruishengglassbottlewholesales\/\",\"https:\/\/www.youtube.com\/channel\/UCMmbMNGwsL-XrtjfSFLCdVQ\"]}]}<\/script>\n<!-- \/ Yoast SEO plugin. -->","yoast_head_json":{"title":"250ml Screw Top Glass Bottles For Liquor-Ruisheng Glass","description":"Find Wholesale 250ml Screw Top Glass Bottles For Liquor At Ruisheng Glass Co,. Factory Outlet&Save Cost Here.","robots":{"index":"index","follow":"follow","max-snippet":"max-snippet:-1","max-image-preview":"max-image-preview:large","max-video-preview":"max-video-preview:-1"},"canonical":"https:\/\/ruishengglassco.com\/pt\/produto\/rs001-atacado-garrafas-de-vidro-com-tampa-de-rosca-de-250-ml-para-bebidas-alcoolicas","og_locale":"pt_BR","og_type":"article","og_title":"250ml Screw Top Glass Bottles For Liquor-Ruisheng Glass","og_description":"Find Wholesale 250ml Screw Top Glass Bottles For Liquor At Ruisheng Glass Co,. Factory Outlet&Save Cost Here.","og_url":"https:\/\/ruishengglassco.com\/pt\/produto\/rs001-atacado-garrafas-de-vidro-com-tampa-de-rosca-de-250-ml-para-bebidas-alcoolicas","article_publisher":"https:\/\/www.facebook.com\/ruishengglassbottles","article_modified_time":"2025-07-17T07:16:52+00:00","og_image":[{"width":800,"height":800,"url":"https:\/\/ruishengglassco.com\/wp-content\/uploads\/2025\/03\/RS001-Wholesale-250ml-Screw-Top-Glass-Bottles-For-Liquor.webp","type":"image\/webp"}],"twitter_card":"summary_large_image","twitter_misc":{"Est. tempo de leitura":"2 minutos"},"schema":{"@context":"https:\/\/schema.org","@graph":[{"@type":"WebPage","@id":"https:\/\/ruishengglassco.com\/product\/rs001-wholesale-250ml-screw-top-glass-bottles-for-liquor","url":"https:\/\/ruishengglassco.com\/product\/rs001-wholesale-250ml-screw-top-glass-bottles-for-liquor","name":"250ml Screw Top Glass Bottles For Liquor-Ruisheng Glass","isPartOf":{"@id":"https:\/\/ruishengglassco.com\/#website"},"datePublished":"2025-03-15T14:42:13+00:00","dateModified":"2025-07-17T07:16:52+00:00","description":"Find Wholesale 250ml Screw Top Glass Bottles For Liquor At Ruisheng Glass Co,. Factory Outlet&Save Cost Here.","breadcrumb":{"@id":"https:\/\/ruishengglassco.com\/product\/rs001-wholesale-250ml-screw-top-glass-bottles-for-liquor#breadcrumb"},"inLanguage":"pt-BR","potentialAction":[{"@type":"ReadAction","target":["https:\/\/ruishengglassco.com\/product\/rs001-wholesale-250ml-screw-top-glass-bottles-for-liquor"]}]},{"@type":"BreadcrumbList","@id":"https:\/\/ruishengglassco.com\/product\/rs001-wholesale-250ml-screw-top-glass-bottles-for-liquor#breadcrumb","itemListElement":[{"@type":"ListItem","position":1,"name":"Home","item":"https:\/\/ruishengglassco.com\/"},{"@type":"ListItem","position":2,"name":"Products","item":"https:\/\/ruishengglassco.com\/products"},{"@type":"ListItem","position":3,"name":"RS001 250ml Screw Top Glass Bottles For Liquor"}]},{"@type":"WebSite","@id":"https:\/\/ruishengglassco.com\/#website","url":"https:\/\/ruishengglassco.com\/","name":"Ruisheng Glass","description":"","publisher":{"@id":"https:\/\/ruishengglassco.com\/#organization"},"potentialAction":[{"@type":"SearchAction","target":{"@type":"EntryPoint","urlTemplate":"https:\/\/ruishengglassco.com\/?s={search_term_string}"},"query-input":"required name=search_term_string"}],"inLanguage":"pt-BR"},{"@type":"Organization","@id":"https:\/\/ruishengglassco.com\/#organization","name":"Shandong Yuncheng Ruisheng Glass Co., Ltd","url":"https:\/\/ruishengglassco.com\/","logo":{"@type":"ImageObject","inLanguage":"pt-BR","@id":"https:\/\/ruishengglassco.com\/#\/schema\/logo\/image\/","url":"https:\/\/ruishengglassco.com\/wp-content\/uploads\/2023\/09\/ruisheng_logo_icon.webp","contentUrl":"https:\/\/ruishengglassco.com\/wp-content\/uploads\/2023\/09\/ruisheng_logo_icon.webp","width":400,"height":233,"caption":"Shandong Yuncheng Ruisheng Glass Co., Ltd"},"image":{"@id":"https:\/\/ruishengglassco.com\/#\/schema\/logo\/image\/"},"sameAs":["https:\/\/www.facebook.com\/ruishengglassbottles","https:\/\/www.instagram.com\/Ruishengglassbottlewholesales\/","https:\/\/www.youtube.com\/channel\/UCMmbMNGwsL-XrtjfSFLCdVQ"]}]}},"_links":{"self":[{"href":"https:\/\/ruishengglassco.com\/pt\/wp-json\/wp\/v2\/product\/4394","targetHints":{"allow":["GET"]}}],"collection":[{"href":"https:\/\/ruishengglassco.com\/pt\/wp-json\/wp\/v2\/product"}],"about":[{"href":"https:\/\/ruishengglassco.com\/pt\/wp-json\/wp\/v2\/types\/product"}],"replies":[{"embeddable":true,"href":"https:\/\/ruishengglassco.com\/pt\/wp-json\/wp\/v2\/comments?post=4394"}],"wp:featuredmedia":[{"embeddable":true,"href":"https:\/\/ruishengglassco.com\/pt\/wp-json\/wp\/v2\/media\/4395"}],"wp:attachment":[{"href":"https:\/\/ruishengglassco.com\/pt\/wp-json\/wp\/v2\/media?parent=4394"}],"wp:term":[{"taxonomy":"product_cat","embeddable":true,"href":"https:\/\/ruishengglassco.com\/pt\/wp-json\/wp\/v2\/product_cat?post=4394"}],"curies":[{"name":"wp","href":"https:\/\/api.w.org\/{rel}","templated":true}]}}