{"id":4390,"date":"2025-03-15T22:36:56","date_gmt":"2025-03-15T14:36:56","guid":{"rendered":"https:\/\/ruishengglassco.com\/?post_type=product&#038;p=4390"},"modified":"2025-07-17T15:14:54","modified_gmt":"2025-07-17T07:14:54","slug":"rs003250ml-garrafas-de-vidro-com-rolha-no-atacado","status":"publish","type":"product","link":"https:\/\/ruishengglassco.com\/pt\/produto\/rs003250ml-garrafas-de-vidro-com-rolha-no-atacado","title":{"rendered":"RS003:Garrafas de vidro de 250 ml com rolha"},"content":{"rendered":"<h2 style=\"text-align: left;\">Informa\u00e7\u00f5es detalhadas sobre garrafas de vidro de 250 ml com rolha no atacado<\/h2>\n<p>Essas garrafas de vidro de 250 ml com rolha s\u00e3o feitas de vidro cristal flint. Esse material confere \u00e0s garrafas grande transpar\u00eancia e brilho. O corpo redondo \u00e9 arredondado com texturas irregulares. A superf\u00edcie do produto apresenta uma variedade de t\u00e9cnicas de processamento, incluindo grava\u00e7\u00e3o em relevo, decalque, pintura, fosco, hot stamping e galvanoplastia.<\/p>\n<p>Essa s\u00e9rie de garrafas redondas de licor \u00e9 adequada para embalar licor, vodca, conhaque, tequila e outras bebidas alco\u00f3licas. Temos mais de 20 anos de experi\u00eancia na fabrica\u00e7\u00e3o de garrafas para bebidas alco\u00f3licas. Tamb\u00e9m oferecemos servi\u00e7os personalizados adaptados \u00e0s necessidades de nossos clientes. Podemos fabricar garrafas de vidro sob medida para suas necessidades espec\u00edficas. Informe-nos o formato, a cor, o tamanho, a embalagem externa e o logotipo que deseja.<\/p>\n<ul>\n<li>Manuseio de superf\u00edcie: Decalque<\/li>\n<li>Uso industrial: bebidas<\/li>\n<li>Material da base: Vidro flint<\/li>\n<li>Material do corpo: Vidro de s\u00edlex<\/li>\n<li>Material do colar: Vidro de s\u00edlex<\/li>\n<li>Tipo de veda\u00e7\u00e3o: Rolha, corti\u00e7a, tampa de vidro, tampa de rosca, tampa de rosca<\/li>\n<li>Utilizar: Licor, Brandy, Vodca, Tequila<\/li>\n<li>Local de origem: China<\/li>\n<li>N\u00famero do modelo: RS003<\/li>\n<li>Nome da marca: Vidro Ruisheng<\/li>\n<li>Material da garrafa: Copos<\/li>\n<li>Utiliza\u00e7\u00e3o: \u00d3leo\/esp\u00edrito\/liquor\/vinho\/bebida<\/li>\n<li>Capacidade: 50ml~2L<\/li>\n<li>OEM\/ODM: dispon\u00edvel<\/li>\n<li>Certificados: SGS , TUV, ISO9001, ISO14001<\/li>\n<li>Cor: Transparente, Pintado, Frost<\/li>\n<li>Manuseio de superf\u00edcie: Tela de seda, impress\u00e3o, decalque, spray, geada<\/li>\n<\/ul>\n<p>Se voc\u00ea quiser saber como embalamos e enviamos o produto para seu pa\u00eds, clique aqui para ver: Como embalar e enviar garrafas de vidro?<\/p>\n<p>Se quiser saber mais sobre nossas garrafas de vidro de 250 ml com rolha no atacado e outras informa\u00e7\u00f5es, entre em contato conosco aqui.<\/p>","protected":false},"excerpt":{"rendered":"<p><span data-preserver-spaces=\"true\">A Ruisheng tem mais de 10 anos de experi\u00eancia na fabrica\u00e7\u00e3o de garrafas de vidro. Eles oferecem garrafas de vidro de 250 ml com rolhas, perfeitas para embalar bebidas alco\u00f3licas. <\/span><span data-preserver-spaces=\"true\">Isso<\/span><span data-preserver-spaces=\"true\"> inclui u\u00edsque, conhaque, vodca e rum. Nossas garrafas de vidro transparente n\u00e3o s\u00f3 t\u00eam uma boa fun\u00e7\u00e3o de armazenamento, mas tamb\u00e9m fazem com que seus produtos pare\u00e7am mais luxuosos.<\/span><\/p>\n<p><span data-preserver-spaces=\"true\">Aqui est\u00e3o as perguntas que podem lhe interessar:<\/span><\/p>\n<p><strong><span data-preserver-spaces=\"true\">-MOQ: 10000 PCS\u00a0<\/span><\/strong><\/p>\n<p><span data-preserver-spaces=\"true\">-Servi\u00e7o personalizado com oferta de amostra gr\u00e1tis<\/span><\/p>\n<p><span data-preserver-spaces=\"true\">-Envio global+Entrega em 30 dias<\/span><\/p>\n<p><span data-preserver-spaces=\"true\">Se voc\u00ea <\/span><span data-preserver-spaces=\"true\">querer<\/span><span data-preserver-spaces=\"true\"> para iniciar seu neg\u00f3cio <\/span><span data-preserver-spaces=\"true\">para<\/span><span data-preserver-spaces=\"true\"> Garrafas de vidro de 250 ml <\/span><span data-preserver-spaces=\"true\">com<\/span><span data-preserver-spaces=\"true\"> atacado de corti\u00e7a, <\/span><span data-preserver-spaces=\"true\">Entre em contato conosco<\/span><span data-preserver-spaces=\"true\"> Agora.<\/span><\/p>","protected":false},"featured_media":4391,"comment_status":"closed","ping_status":"closed","template":"","meta":[],"product_cat":[47],"class_list":{"0":"post-4390","1":"product","2":"type-product","3":"status-publish","4":"has-post-thumbnail","6":"product_cat-250ml-liquor-bottle-manufacturer","8":"first","9":"instock","10":"shipping-taxable","11":"product-type-simple"},"yoast_head":"<!-- This site is optimized with the Yoast SEO plugin v22.0 - https:\/\/yoast.com\/wordpress\/plugins\/seo\/ -->\n<title>250ml Glass Bottles With Cork Manufacturer | Ruisheng Glass Co., Ltd<\/title>\n<meta name=\"description\" content=\"Find 250ml Glass Bottles With Cork Wholesale in Ruisheng Glass Co., Ltd. Liquor Bottle Manufacturer and Factory. Global Shipping Service.\" \/>\n<meta name=\"robots\" content=\"index, follow, max-snippet:-1, max-image-preview:large, max-video-preview:-1\" \/>\n<link rel=\"canonical\" href=\"https:\/\/ruishengglassco.com\/pt\/produto\/rs003250ml-garrafas-de-vidro-com-rolha-no-atacado\" \/>\n<meta property=\"og:locale\" content=\"pt_BR\" \/>\n<meta property=\"og:type\" content=\"article\" \/>\n<meta property=\"og:title\" content=\"250ml Glass Bottles With Cork Manufacturer | Ruisheng Glass Co., Ltd\" \/>\n<meta property=\"og:description\" content=\"Find 250ml Glass Bottles With Cork Wholesale in Ruisheng Glass Co., Ltd. Liquor Bottle Manufacturer and Factory. Global Shipping Service.\" \/>\n<meta property=\"og:url\" content=\"https:\/\/ruishengglassco.com\/pt\/produto\/rs003250ml-garrafas-de-vidro-com-rolha-no-atacado\" \/>\n<meta property=\"article:publisher\" content=\"https:\/\/www.facebook.com\/ruishengglassbottles\" \/>\n<meta property=\"article:modified_time\" content=\"2025-07-17T07:14:54+00:00\" \/>\n<meta property=\"og:image\" content=\"https:\/\/ruishengglassco.com\/wp-content\/uploads\/2025\/03\/RS003-250ml-Glass-Bottles-With-Cork-Wholesale.webp\" \/>\n\t<meta property=\"og:image:width\" content=\"800\" \/>\n\t<meta property=\"og:image:height\" content=\"800\" \/>\n\t<meta property=\"og:image:type\" content=\"image\/webp\" \/>\n<meta name=\"twitter:card\" content=\"summary_large_image\" \/>\n<meta name=\"twitter:label1\" content=\"Est. tempo de leitura\" \/>\n\t<meta name=\"twitter:data1\" content=\"2 minutos\" \/>\n<script type=\"application\/ld+json\" class=\"yoast-schema-graph\">{\"@context\":\"https:\/\/schema.org\",\"@graph\":[{\"@type\":\"WebPage\",\"@id\":\"https:\/\/ruishengglassco.com\/product\/rs003250ml-glass-bottles-with-cork-wholesale\",\"url\":\"https:\/\/ruishengglassco.com\/product\/rs003250ml-glass-bottles-with-cork-wholesale\",\"name\":\"250ml Glass Bottles With Cork Manufacturer | Ruisheng Glass Co., Ltd\",\"isPartOf\":{\"@id\":\"https:\/\/ruishengglassco.com\/#website\"},\"datePublished\":\"2025-03-15T14:36:56+00:00\",\"dateModified\":\"2025-07-17T07:14:54+00:00\",\"description\":\"Find 250ml Glass Bottles With Cork Wholesale in Ruisheng Glass Co., Ltd. Liquor Bottle Manufacturer and Factory. Global Shipping Service.\",\"breadcrumb\":{\"@id\":\"https:\/\/ruishengglassco.com\/product\/rs003250ml-glass-bottles-with-cork-wholesale#breadcrumb\"},\"inLanguage\":\"pt-BR\",\"potentialAction\":[{\"@type\":\"ReadAction\",\"target\":[\"https:\/\/ruishengglassco.com\/product\/rs003250ml-glass-bottles-with-cork-wholesale\"]}]},{\"@type\":\"BreadcrumbList\",\"@id\":\"https:\/\/ruishengglassco.com\/product\/rs003250ml-glass-bottles-with-cork-wholesale#breadcrumb\",\"itemListElement\":[{\"@type\":\"ListItem\",\"position\":1,\"name\":\"Home\",\"item\":\"https:\/\/ruishengglassco.com\/\"},{\"@type\":\"ListItem\",\"position\":2,\"name\":\"Products\",\"item\":\"https:\/\/ruishengglassco.com\/products\"},{\"@type\":\"ListItem\",\"position\":3,\"name\":\"RS003:250ml Glass Bottles With Cork\"}]},{\"@type\":\"WebSite\",\"@id\":\"https:\/\/ruishengglassco.com\/#website\",\"url\":\"https:\/\/ruishengglassco.com\/\",\"name\":\"Ruisheng Glass\",\"description\":\"\",\"publisher\":{\"@id\":\"https:\/\/ruishengglassco.com\/#organization\"},\"potentialAction\":[{\"@type\":\"SearchAction\",\"target\":{\"@type\":\"EntryPoint\",\"urlTemplate\":\"https:\/\/ruishengglassco.com\/?s={search_term_string}\"},\"query-input\":\"required name=search_term_string\"}],\"inLanguage\":\"pt-BR\"},{\"@type\":\"Organization\",\"@id\":\"https:\/\/ruishengglassco.com\/#organization\",\"name\":\"Shandong Yuncheng Ruisheng Glass Co., Ltd\",\"url\":\"https:\/\/ruishengglassco.com\/\",\"logo\":{\"@type\":\"ImageObject\",\"inLanguage\":\"pt-BR\",\"@id\":\"https:\/\/ruishengglassco.com\/#\/schema\/logo\/image\/\",\"url\":\"https:\/\/ruishengglassco.com\/wp-content\/uploads\/2023\/09\/ruisheng_logo_icon.webp\",\"contentUrl\":\"https:\/\/ruishengglassco.com\/wp-content\/uploads\/2023\/09\/ruisheng_logo_icon.webp\",\"width\":400,\"height\":233,\"caption\":\"Shandong Yuncheng Ruisheng Glass Co., Ltd\"},\"image\":{\"@id\":\"https:\/\/ruishengglassco.com\/#\/schema\/logo\/image\/\"},\"sameAs\":[\"https:\/\/www.facebook.com\/ruishengglassbottles\",\"https:\/\/www.instagram.com\/Ruishengglassbottlewholesales\/\",\"https:\/\/www.youtube.com\/channel\/UCMmbMNGwsL-XrtjfSFLCdVQ\"]}]}<\/script>\n<!-- \/ Yoast SEO plugin. -->","yoast_head_json":{"title":"250ml Glass Bottles With Cork Manufacturer | Ruisheng Glass Co., Ltd","description":"Find 250ml Glass Bottles With Cork Wholesale in Ruisheng Glass Co., Ltd. Liquor Bottle Manufacturer and Factory. Global Shipping Service.","robots":{"index":"index","follow":"follow","max-snippet":"max-snippet:-1","max-image-preview":"max-image-preview:large","max-video-preview":"max-video-preview:-1"},"canonical":"https:\/\/ruishengglassco.com\/pt\/produto\/rs003250ml-garrafas-de-vidro-com-rolha-no-atacado","og_locale":"pt_BR","og_type":"article","og_title":"250ml Glass Bottles With Cork Manufacturer | Ruisheng Glass Co., Ltd","og_description":"Find 250ml Glass Bottles With Cork Wholesale in Ruisheng Glass Co., Ltd. Liquor Bottle Manufacturer and Factory. Global Shipping Service.","og_url":"https:\/\/ruishengglassco.com\/pt\/produto\/rs003250ml-garrafas-de-vidro-com-rolha-no-atacado","article_publisher":"https:\/\/www.facebook.com\/ruishengglassbottles","article_modified_time":"2025-07-17T07:14:54+00:00","og_image":[{"width":800,"height":800,"url":"https:\/\/ruishengglassco.com\/wp-content\/uploads\/2025\/03\/RS003-250ml-Glass-Bottles-With-Cork-Wholesale.webp","type":"image\/webp"}],"twitter_card":"summary_large_image","twitter_misc":{"Est. tempo de leitura":"2 minutos"},"schema":{"@context":"https:\/\/schema.org","@graph":[{"@type":"WebPage","@id":"https:\/\/ruishengglassco.com\/product\/rs003250ml-glass-bottles-with-cork-wholesale","url":"https:\/\/ruishengglassco.com\/product\/rs003250ml-glass-bottles-with-cork-wholesale","name":"250ml Glass Bottles With Cork Manufacturer | Ruisheng Glass Co., Ltd","isPartOf":{"@id":"https:\/\/ruishengglassco.com\/#website"},"datePublished":"2025-03-15T14:36:56+00:00","dateModified":"2025-07-17T07:14:54+00:00","description":"Find 250ml Glass Bottles With Cork Wholesale in Ruisheng Glass Co., Ltd. Liquor Bottle Manufacturer and Factory. Global Shipping Service.","breadcrumb":{"@id":"https:\/\/ruishengglassco.com\/product\/rs003250ml-glass-bottles-with-cork-wholesale#breadcrumb"},"inLanguage":"pt-BR","potentialAction":[{"@type":"ReadAction","target":["https:\/\/ruishengglassco.com\/product\/rs003250ml-glass-bottles-with-cork-wholesale"]}]},{"@type":"BreadcrumbList","@id":"https:\/\/ruishengglassco.com\/product\/rs003250ml-glass-bottles-with-cork-wholesale#breadcrumb","itemListElement":[{"@type":"ListItem","position":1,"name":"Home","item":"https:\/\/ruishengglassco.com\/"},{"@type":"ListItem","position":2,"name":"Products","item":"https:\/\/ruishengglassco.com\/products"},{"@type":"ListItem","position":3,"name":"RS003:250ml Glass Bottles With Cork"}]},{"@type":"WebSite","@id":"https:\/\/ruishengglassco.com\/#website","url":"https:\/\/ruishengglassco.com\/","name":"Ruisheng Glass","description":"","publisher":{"@id":"https:\/\/ruishengglassco.com\/#organization"},"potentialAction":[{"@type":"SearchAction","target":{"@type":"EntryPoint","urlTemplate":"https:\/\/ruishengglassco.com\/?s={search_term_string}"},"query-input":"required name=search_term_string"}],"inLanguage":"pt-BR"},{"@type":"Organization","@id":"https:\/\/ruishengglassco.com\/#organization","name":"Shandong Yuncheng Ruisheng Glass Co., Ltd","url":"https:\/\/ruishengglassco.com\/","logo":{"@type":"ImageObject","inLanguage":"pt-BR","@id":"https:\/\/ruishengglassco.com\/#\/schema\/logo\/image\/","url":"https:\/\/ruishengglassco.com\/wp-content\/uploads\/2023\/09\/ruisheng_logo_icon.webp","contentUrl":"https:\/\/ruishengglassco.com\/wp-content\/uploads\/2023\/09\/ruisheng_logo_icon.webp","width":400,"height":233,"caption":"Shandong Yuncheng Ruisheng Glass Co., Ltd"},"image":{"@id":"https:\/\/ruishengglassco.com\/#\/schema\/logo\/image\/"},"sameAs":["https:\/\/www.facebook.com\/ruishengglassbottles","https:\/\/www.instagram.com\/Ruishengglassbottlewholesales\/","https:\/\/www.youtube.com\/channel\/UCMmbMNGwsL-XrtjfSFLCdVQ"]}]}},"_links":{"self":[{"href":"https:\/\/ruishengglassco.com\/pt\/wp-json\/wp\/v2\/product\/4390","targetHints":{"allow":["GET"]}}],"collection":[{"href":"https:\/\/ruishengglassco.com\/pt\/wp-json\/wp\/v2\/product"}],"about":[{"href":"https:\/\/ruishengglassco.com\/pt\/wp-json\/wp\/v2\/types\/product"}],"replies":[{"embeddable":true,"href":"https:\/\/ruishengglassco.com\/pt\/wp-json\/wp\/v2\/comments?post=4390"}],"wp:featuredmedia":[{"embeddable":true,"href":"https:\/\/ruishengglassco.com\/pt\/wp-json\/wp\/v2\/media\/4391"}],"wp:attachment":[{"href":"https:\/\/ruishengglassco.com\/pt\/wp-json\/wp\/v2\/media?parent=4390"}],"wp:term":[{"taxonomy":"product_cat","embeddable":true,"href":"https:\/\/ruishengglassco.com\/pt\/wp-json\/wp\/v2\/product_cat?post=4390"}],"curies":[{"name":"wp","href":"https:\/\/api.w.org\/{rel}","templated":true}]}}