{"id":4386,"date":"2025-03-15T22:33:43","date_gmt":"2025-03-15T14:33:43","guid":{"rendered":"https:\/\/ruishengglassco.com\/?post_type=product&#038;p=4386"},"modified":"2025-07-17T15:12:03","modified_gmt":"2025-07-17T07:12:03","slug":"rs005-garrafas-de-vidro-para-vinho-no-atacado-com-tampas-de-rosca","status":"publish","type":"product","link":"https:\/\/ruishengglassco.com\/pt\/produto\/rs005-garrafas-de-vidro-para-vinho-no-atacado-com-tampas-de-rosca","title":{"rendered":"Garrafas de vidro para vinho RS005 com tampa de rosca"},"content":{"rendered":"<h2>Informa\u00e7\u00f5es detalhadas sobre as garrafas de vinho de vidro de 750 ml no atacado<\/h2>\n<p>Essa s\u00e9rie de garrafas de vinho de vidro \u00e9 um estilo cl\u00e1ssico da Borgonha de 750 ml. Voc\u00ea pode escolher entre tr\u00eas tipos de rolhas: tampas de rosca, rolhas de corti\u00e7a e tampas guala. Apresentando um b<span class=\"wrapper\">a ase a<\/span>e paredes retas para facilitar a rotulagem. Uma \u00f3tima op\u00e7\u00e3o para todas as suas bebidas gaseificadas e com g\u00e1s favoritas. Essa garrafa de vidro transparente usa vidro de alto brilho. Tem um visual elegante e tamb\u00e9m \u00e9 ecologicamente correta. A garrafa de vidro verde-claro<span class=\"wrapper\">tle<\/span>A cor \u00e9 prop\u00edcia para a preserva\u00e7\u00e3o do vinho, evitando a oxida\u00e7\u00e3o e garantindo seu sabor.<\/p>\n<p>Como fabricante profissional de garrafas de vinho, nossa empresa oferece servi\u00e7o de garrafas de vinho OEM\/ODM\/personalizadas. Se voc\u00ea tiver alguma considera\u00e7\u00e3o a fazer sobre sua garrafa de vinho<span class=\"wrapper\">pouca fabrica\u00e7\u00e3o, por favor, pague<\/span>l livre para contar <span class=\"wrapper\">nossa venda<\/span>equipe<\/p>\n<ul>\n<li>Item: garrafas de vinho de vidro de 750 ml no atacado<\/li>\n<li>Fabricante: Garrafa de Vidro Ruisheng<\/li>\n<li>N\u00famero: RS005<\/li>\n<li>Capacidade: 700ml, 750ml, 1000ml, 2L<\/li>\n<li>Material: Material de vidro super flint, material de vidro branco cristalino, material de vidro branco caro<\/li>\n<li>Uso: Garrafa de vinho de vidro<\/li>\n<li>Superf\u00edcie: Geada, decalque, pintura, hot stamping, relevo, impress\u00e3o, dourado, serigrafia<\/li>\n<li>Logotipo: Logotipo do cliente aceit\u00e1vel<\/li>\n<li>Amostra:\n<ul>\n<li>Fabrica\u00e7\u00e3o de moldes<\/li>\n<li>Livre pelo molde existente<\/li>\n<li>Como palavras ou seu design<\/li>\n<\/ul>\n<\/li>\n<li>Embalagem: Caixa de papel\u00e3o padr\u00e3o para exporta\u00e7\u00e3o; ou embalagem de palete; embalagem de caixa FGC<\/li>\n<li>Prazo de entrega: 20 a 30 dias ap\u00f3s a confirma\u00e7\u00e3o do pedido<\/li>\n<\/ul>","protected":false},"excerpt":{"rendered":"<p><span data-preserver-spaces=\"true\">A Ruisheng Glass Co., Ltd. \u00e9 uma das principais fabricantes de artigos de vidro da China. A empresa atua no atacado de garrafas de vidro para vinho h\u00e1 mais de 10 anos.\u00a0 <\/span><span data-preserver-spaces=\"true\">Como fabricante e fornecedor profissional de garrafas de vidro para bebidas alco\u00f3licas, n\u00f3s <\/span><span data-preserver-spaces=\"true\">pode fornecer<\/span><span data-preserver-spaces=\"true\"> a <\/span><span data-preserver-spaces=\"true\">variedade<\/span><span data-preserver-spaces=\"true\"> de garrafas de bebidas alco\u00f3licas para sua empresa, <\/span><span data-preserver-spaces=\"true\">tais como<\/span><span data-preserver-spaces=\"true\"> garrafas de vinho de vidro, garrafas de u\u00edsque, garrafas de conhaque, garrafas de vodca, garrafas de tequila,\u00a0 <\/span><span data-preserver-spaces=\"true\">etc<\/span><span data-preserver-spaces=\"true\">.<\/span><\/p>\n<p><strong><span data-preserver-spaces=\"true\">Informa\u00e7\u00f5es preocupantes sobre garrafas de vinho de vidro de 750 ml no atacado<\/span><\/strong><\/p>\n<p><strong><span data-preserver-spaces=\"true\">-MOQ: 10000 PCS (cerca de 30000 pcs)<\/span><\/strong><\/p>\n<p><span data-preserver-spaces=\"true\">-Oferta de amostra gr\u00e1tis. OEM\/ODM dispon\u00edvel<\/span><\/p>\n<p><span data-preserver-spaces=\"true\">-Entrega de amostras gr\u00e1tis em at\u00e9 7 dias; entrega de pedidos em massa em at\u00e9 30 dias ap\u00f3s a confirma\u00e7\u00e3o do pedido.<\/span><\/p>\n<p><span data-preserver-spaces=\"true\">Se voc\u00ea quiser obter<\/span><span data-preserver-spaces=\"true\"> Mais informa\u00e7\u00f5es sobre garrafas de vidro para vinho no atacado, <\/span><span data-preserver-spaces=\"true\">Entre em contato conosco<\/span><span data-preserver-spaces=\"true\"> aqui.<\/span><\/p>","protected":false},"featured_media":4387,"comment_status":"closed","ping_status":"closed","template":"","meta":[],"product_cat":[44,40],"class_list":{"0":"post-4386","1":"product","2":"type-product","3":"status-publish","4":"has-post-thumbnail","6":"product_cat-700ml-liquor-bottle-manufacturer","7":"product_cat-750ml-liquor-bottle-manufacturer","9":"first","10":"instock","11":"shipping-taxable","12":"product-type-simple"},"yoast_head":"<!-- This site is optimized with the Yoast SEO plugin v22.0 - https:\/\/yoast.com\/wordpress\/plugins\/seo\/ -->\n<title>Glass Wine Bottles Manufacturer | 750ml Glass Bottles With Screw Caps<\/title>\n<meta name=\"description\" content=\"Ruisheng glass co,ltd, a professional glass bottle manufacturer, provide glass wine bottles wholesale. Click here to get 750ml Glass Bottles With Screw Caps.\" \/>\n<meta name=\"robots\" content=\"index, follow, max-snippet:-1, max-image-preview:large, max-video-preview:-1\" \/>\n<link rel=\"canonical\" href=\"https:\/\/ruishengglassco.com\/pt\/produto\/rs005-garrafas-de-vidro-para-vinho-no-atacado-com-tampas-de-rosca\" \/>\n<meta property=\"og:locale\" content=\"pt_BR\" \/>\n<meta property=\"og:type\" content=\"article\" \/>\n<meta property=\"og:title\" content=\"Glass Wine Bottles Manufacturer | 750ml Glass Bottles With Screw Caps\" \/>\n<meta property=\"og:description\" content=\"Ruisheng glass co,ltd, a professional glass bottle manufacturer, provide glass wine bottles wholesale. Click here to get 750ml Glass Bottles With Screw Caps.\" \/>\n<meta property=\"og:url\" content=\"https:\/\/ruishengglassco.com\/pt\/produto\/rs005-garrafas-de-vidro-para-vinho-no-atacado-com-tampas-de-rosca\" \/>\n<meta property=\"article:publisher\" content=\"https:\/\/www.facebook.com\/ruishengglassbottles\" \/>\n<meta property=\"article:modified_time\" content=\"2025-07-17T07:12:03+00:00\" \/>\n<meta property=\"og:image\" content=\"https:\/\/ruishengglassco.com\/wp-content\/uploads\/2025\/03\/RS005-Glass-Wine-Bottles-Wholesale-With-Screw-Caps.webp\" \/>\n\t<meta property=\"og:image:width\" content=\"500\" \/>\n\t<meta property=\"og:image:height\" content=\"500\" \/>\n\t<meta property=\"og:image:type\" content=\"image\/webp\" \/>\n<meta name=\"twitter:card\" content=\"summary_large_image\" \/>\n<meta name=\"twitter:label1\" content=\"Est. tempo de leitura\" \/>\n\t<meta name=\"twitter:data1\" content=\"2 minutos\" \/>\n<script type=\"application\/ld+json\" class=\"yoast-schema-graph\">{\"@context\":\"https:\/\/schema.org\",\"@graph\":[{\"@type\":\"WebPage\",\"@id\":\"https:\/\/ruishengglassco.com\/product\/rs005-glass-wine-bottles-wholesale-with-screw-caps\",\"url\":\"https:\/\/ruishengglassco.com\/product\/rs005-glass-wine-bottles-wholesale-with-screw-caps\",\"name\":\"Glass Wine Bottles Manufacturer | 750ml Glass Bottles With Screw Caps\",\"isPartOf\":{\"@id\":\"https:\/\/ruishengglassco.com\/#website\"},\"datePublished\":\"2025-03-15T14:33:43+00:00\",\"dateModified\":\"2025-07-17T07:12:03+00:00\",\"description\":\"Ruisheng glass co,ltd, a professional glass bottle manufacturer, provide glass wine bottles wholesale. Click here to get 750ml Glass Bottles With Screw Caps.\",\"breadcrumb\":{\"@id\":\"https:\/\/ruishengglassco.com\/product\/rs005-glass-wine-bottles-wholesale-with-screw-caps#breadcrumb\"},\"inLanguage\":\"pt-BR\",\"potentialAction\":[{\"@type\":\"ReadAction\",\"target\":[\"https:\/\/ruishengglassco.com\/product\/rs005-glass-wine-bottles-wholesale-with-screw-caps\"]}]},{\"@type\":\"BreadcrumbList\",\"@id\":\"https:\/\/ruishengglassco.com\/product\/rs005-glass-wine-bottles-wholesale-with-screw-caps#breadcrumb\",\"itemListElement\":[{\"@type\":\"ListItem\",\"position\":1,\"name\":\"Home\",\"item\":\"https:\/\/ruishengglassco.com\/\"},{\"@type\":\"ListItem\",\"position\":2,\"name\":\"Products\",\"item\":\"https:\/\/ruishengglassco.com\/products\"},{\"@type\":\"ListItem\",\"position\":3,\"name\":\"RS005 Glass Wine Bottles With Screw Caps\"}]},{\"@type\":\"WebSite\",\"@id\":\"https:\/\/ruishengglassco.com\/#website\",\"url\":\"https:\/\/ruishengglassco.com\/\",\"name\":\"Ruisheng Glass\",\"description\":\"\",\"publisher\":{\"@id\":\"https:\/\/ruishengglassco.com\/#organization\"},\"potentialAction\":[{\"@type\":\"SearchAction\",\"target\":{\"@type\":\"EntryPoint\",\"urlTemplate\":\"https:\/\/ruishengglassco.com\/?s={search_term_string}\"},\"query-input\":\"required name=search_term_string\"}],\"inLanguage\":\"pt-BR\"},{\"@type\":\"Organization\",\"@id\":\"https:\/\/ruishengglassco.com\/#organization\",\"name\":\"Shandong Yuncheng Ruisheng Glass Co., Ltd\",\"url\":\"https:\/\/ruishengglassco.com\/\",\"logo\":{\"@type\":\"ImageObject\",\"inLanguage\":\"pt-BR\",\"@id\":\"https:\/\/ruishengglassco.com\/#\/schema\/logo\/image\/\",\"url\":\"https:\/\/ruishengglassco.com\/wp-content\/uploads\/2023\/09\/ruisheng_logo_icon.webp\",\"contentUrl\":\"https:\/\/ruishengglassco.com\/wp-content\/uploads\/2023\/09\/ruisheng_logo_icon.webp\",\"width\":400,\"height\":233,\"caption\":\"Shandong Yuncheng Ruisheng Glass Co., Ltd\"},\"image\":{\"@id\":\"https:\/\/ruishengglassco.com\/#\/schema\/logo\/image\/\"},\"sameAs\":[\"https:\/\/www.facebook.com\/ruishengglassbottles\",\"https:\/\/www.instagram.com\/Ruishengglassbottlewholesales\/\",\"https:\/\/www.youtube.com\/channel\/UCMmbMNGwsL-XrtjfSFLCdVQ\"]}]}<\/script>\n<!-- \/ Yoast SEO plugin. -->","yoast_head_json":{"title":"Glass Wine Bottles Manufacturer | 750ml Glass Bottles With Screw Caps","description":"Ruisheng glass co,ltd, a professional glass bottle manufacturer, provide glass wine bottles wholesale. Click here to get 750ml Glass Bottles With Screw Caps.","robots":{"index":"index","follow":"follow","max-snippet":"max-snippet:-1","max-image-preview":"max-image-preview:large","max-video-preview":"max-video-preview:-1"},"canonical":"https:\/\/ruishengglassco.com\/pt\/produto\/rs005-garrafas-de-vidro-para-vinho-no-atacado-com-tampas-de-rosca","og_locale":"pt_BR","og_type":"article","og_title":"Glass Wine Bottles Manufacturer | 750ml Glass Bottles With Screw Caps","og_description":"Ruisheng glass co,ltd, a professional glass bottle manufacturer, provide glass wine bottles wholesale. Click here to get 750ml Glass Bottles With Screw Caps.","og_url":"https:\/\/ruishengglassco.com\/pt\/produto\/rs005-garrafas-de-vidro-para-vinho-no-atacado-com-tampas-de-rosca","article_publisher":"https:\/\/www.facebook.com\/ruishengglassbottles","article_modified_time":"2025-07-17T07:12:03+00:00","og_image":[{"width":500,"height":500,"url":"https:\/\/ruishengglassco.com\/wp-content\/uploads\/2025\/03\/RS005-Glass-Wine-Bottles-Wholesale-With-Screw-Caps.webp","type":"image\/webp"}],"twitter_card":"summary_large_image","twitter_misc":{"Est. tempo de leitura":"2 minutos"},"schema":{"@context":"https:\/\/schema.org","@graph":[{"@type":"WebPage","@id":"https:\/\/ruishengglassco.com\/product\/rs005-glass-wine-bottles-wholesale-with-screw-caps","url":"https:\/\/ruishengglassco.com\/product\/rs005-glass-wine-bottles-wholesale-with-screw-caps","name":"Glass Wine Bottles Manufacturer | 750ml Glass Bottles With Screw Caps","isPartOf":{"@id":"https:\/\/ruishengglassco.com\/#website"},"datePublished":"2025-03-15T14:33:43+00:00","dateModified":"2025-07-17T07:12:03+00:00","description":"Ruisheng glass co,ltd, a professional glass bottle manufacturer, provide glass wine bottles wholesale. Click here to get 750ml Glass Bottles With Screw Caps.","breadcrumb":{"@id":"https:\/\/ruishengglassco.com\/product\/rs005-glass-wine-bottles-wholesale-with-screw-caps#breadcrumb"},"inLanguage":"pt-BR","potentialAction":[{"@type":"ReadAction","target":["https:\/\/ruishengglassco.com\/product\/rs005-glass-wine-bottles-wholesale-with-screw-caps"]}]},{"@type":"BreadcrumbList","@id":"https:\/\/ruishengglassco.com\/product\/rs005-glass-wine-bottles-wholesale-with-screw-caps#breadcrumb","itemListElement":[{"@type":"ListItem","position":1,"name":"Home","item":"https:\/\/ruishengglassco.com\/"},{"@type":"ListItem","position":2,"name":"Products","item":"https:\/\/ruishengglassco.com\/products"},{"@type":"ListItem","position":3,"name":"RS005 Glass Wine Bottles With Screw Caps"}]},{"@type":"WebSite","@id":"https:\/\/ruishengglassco.com\/#website","url":"https:\/\/ruishengglassco.com\/","name":"Ruisheng Glass","description":"","publisher":{"@id":"https:\/\/ruishengglassco.com\/#organization"},"potentialAction":[{"@type":"SearchAction","target":{"@type":"EntryPoint","urlTemplate":"https:\/\/ruishengglassco.com\/?s={search_term_string}"},"query-input":"required name=search_term_string"}],"inLanguage":"pt-BR"},{"@type":"Organization","@id":"https:\/\/ruishengglassco.com\/#organization","name":"Shandong Yuncheng Ruisheng Glass Co., Ltd","url":"https:\/\/ruishengglassco.com\/","logo":{"@type":"ImageObject","inLanguage":"pt-BR","@id":"https:\/\/ruishengglassco.com\/#\/schema\/logo\/image\/","url":"https:\/\/ruishengglassco.com\/wp-content\/uploads\/2023\/09\/ruisheng_logo_icon.webp","contentUrl":"https:\/\/ruishengglassco.com\/wp-content\/uploads\/2023\/09\/ruisheng_logo_icon.webp","width":400,"height":233,"caption":"Shandong Yuncheng Ruisheng Glass Co., Ltd"},"image":{"@id":"https:\/\/ruishengglassco.com\/#\/schema\/logo\/image\/"},"sameAs":["https:\/\/www.facebook.com\/ruishengglassbottles","https:\/\/www.instagram.com\/Ruishengglassbottlewholesales\/","https:\/\/www.youtube.com\/channel\/UCMmbMNGwsL-XrtjfSFLCdVQ"]}]}},"_links":{"self":[{"href":"https:\/\/ruishengglassco.com\/pt\/wp-json\/wp\/v2\/product\/4386","targetHints":{"allow":["GET"]}}],"collection":[{"href":"https:\/\/ruishengglassco.com\/pt\/wp-json\/wp\/v2\/product"}],"about":[{"href":"https:\/\/ruishengglassco.com\/pt\/wp-json\/wp\/v2\/types\/product"}],"replies":[{"embeddable":true,"href":"https:\/\/ruishengglassco.com\/pt\/wp-json\/wp\/v2\/comments?post=4386"}],"wp:featuredmedia":[{"embeddable":true,"href":"https:\/\/ruishengglassco.com\/pt\/wp-json\/wp\/v2\/media\/4387"}],"wp:attachment":[{"href":"https:\/\/ruishengglassco.com\/pt\/wp-json\/wp\/v2\/media?parent=4386"}],"wp:term":[{"taxonomy":"product_cat","embeddable":true,"href":"https:\/\/ruishengglassco.com\/pt\/wp-json\/wp\/v2\/product_cat?post=4386"}],"curies":[{"name":"wp","href":"https:\/\/api.w.org\/{rel}","templated":true}]}}