{"id":4382,"date":"2025-03-15T22:29:44","date_gmt":"2025-03-15T14:29:44","guid":{"rendered":"https:\/\/ruishengglassco.com\/?post_type=product&#038;p=4382"},"modified":"2025-07-17T15:09:29","modified_gmt":"2025-07-17T07:09:29","slug":"rs007-750ml-burgundy-bottle-fornecedor-de-garrafas-de-vinho","status":"publish","type":"product","link":"https:\/\/ruishengglassco.com\/pt\/produto\/rs007-750ml-burgundy-bottle-fornecedor-de-garrafas-de-vinho","title":{"rendered":"RS007: Garrafa de vinho Burgundy de 750 ml Fornecedor de garrafas de vinho"},"content":{"rendered":"<h2>Informa\u00e7\u00f5es detalhadas sobre as garrafas de vinho vazias de 750 ml no atacado<\/h2>\n<p><span data-preserver-spaces=\"true\">Essa s\u00e9rie de garrafas de 750 ml de vinho da Borgonha <\/span><span data-preserver-spaces=\"true\">tem<\/span><span data-preserver-spaces=\"true\"> um pesco\u00e7o longo e ombros inclinados caracter\u00edsticos, <\/span><span data-preserver-spaces=\"true\">o que torna<\/span><span data-preserver-spaces=\"true\"> \u00e9 muito f\u00e1cil para os fabricantes de vidro produzirem.<\/span><span data-preserver-spaces=\"true\"> O volume padr\u00e3o dessa garrafa \u00e9 de 750 ml, que \u00e9 o volume m\u00e9dio de exala\u00e7\u00e3o dos pulm\u00f5es humanos.<\/span><\/p>\n<p><span data-preserver-spaces=\"true\">Nossas garrafas de vinho vazias de 750 ml <\/span><span data-preserver-spaces=\"true\">atacado<\/span> <span data-preserver-spaces=\"true\">s\u00e3o feitas<\/span><span data-preserver-spaces=\"true\"> de produtos sem chumbo <\/span><span data-preserver-spaces=\"true\">super flint<\/span><span data-preserver-spaces=\"true\"> material de vidro, o que torna nossas garrafas de vidro transparentes, bonitas e ecologicamente corretas.<\/span><span data-preserver-spaces=\"true\"> Como fabricante e fornecedor profissional de garrafas de vinho, prestamos servi\u00e7os de OEM\/ODM\/garrafas de vidro personalizadas para nossos clientes.<\/span><\/p>\n<ul>\n<li><span data-preserver-spaces=\"true\">Item: Garrafa de vinho Burgundy de 750 ml<\/span><\/li>\n<li><span data-preserver-spaces=\"true\">Fabricante: Garrafa de Vidro Ruisheng<\/span><\/li>\n<li><span data-preserver-spaces=\"true\">N\u00famero: RS007<\/span><\/li>\n<li><span data-preserver-spaces=\"true\">Capacidade: 500ml, 700ml, 750ml, 1000ml, 2L ou servi\u00e7o personalizado<\/span><\/li>\n<li><span data-preserver-spaces=\"true\">Material: Material de vidro super flint, material de vidro branco cristalino, material de vidro branco caro<\/span><\/li>\n<li><span data-preserver-spaces=\"true\">Uso: Garrafa de vinho de vidro<\/span><\/li>\n<li><span data-preserver-spaces=\"true\">Superf\u00edcie: Geada, decalque, pintura, hot stamping, relevo, impress\u00e3o, dourado, serigrafia<\/span><\/li>\n<li><span data-preserver-spaces=\"true\">Logotipo: Logotipo do cliente aceit\u00e1vel<\/span><\/li>\n<li><span data-preserver-spaces=\"true\">Amostra:<\/span>\n<ul>\n<li><span data-preserver-spaces=\"true\">Fabrica\u00e7\u00e3o de moldes<\/span><\/li>\n<li><span data-preserver-spaces=\"true\">Livre de mofo existente<\/span><\/li>\n<li><span data-preserver-spaces=\"true\">Como palavras ou seu design<\/span><\/li>\n<\/ul>\n<\/li>\n<li><span data-preserver-spaces=\"true\">Embalagem: Caixa de papel\u00e3o padr\u00e3o para exporta\u00e7\u00e3o, ou embalagem de palete, embalagem de caixa FGC<\/span><\/li>\n<li><span data-preserver-spaces=\"true\">Prazo de entrega: 20 a 30 dias ap\u00f3s a confirma\u00e7\u00e3o do pedido<\/span><\/li>\n<\/ul>","protected":false},"excerpt":{"rendered":"<p><span data-preserver-spaces=\"true\">A Ruisheng \u00e9 uma das principais fabricantes de garrafas de vinho. Eles oferecem garrafas de vinho vazias de alta qualidade a pre\u00e7os de atacado. Seus clientes incluem vin\u00edcolas, empresas de vinho, empresas de embalagem de bebidas, atacadistas de garrafas de vidro e muito mais.<\/span><\/p>\n<p><span data-preserver-spaces=\"true\">A garrafa de vinho mostrada na foto \u00e9 uma Burgundy Bottle, que \u00e9 uma das garrafas de vidro cl\u00e1ssicas para vinho tinto. E \u00e9 mais frequentemente usada para Chardonnay, Sauvignon Blanc e Pinot Noir.  Aqui est\u00e3o algumas informa\u00e7\u00f5es sobre pedidos de garrafas de vinho vazias no atacado:<\/span><\/p>\n<p><strong><span data-preserver-spaces=\"true\">-MOQ: 10000 PCS (cerca de 10000-20000pcs)<\/span><\/strong><\/p>\n<p><span data-preserver-spaces=\"true\">-Servi\u00e7o personalizado com oferta de amostra gr\u00e1tis<\/span><\/p>\n<p><span data-preserver-spaces=\"true\">-Envio global+Entrega em 30 dias<\/span><\/p>\n<p><span data-preserver-spaces=\"true\">Se voc\u00ea <\/span><span data-preserver-spaces=\"true\">deseja come\u00e7ar<\/span><span data-preserver-spaces=\"true\"> sua empresa <\/span><span data-preserver-spaces=\"true\">para<\/span><span data-preserver-spaces=\"true\"> Garrafas de vinho vazias de 750 ml no atacado, entre em contato conosco agora.<\/span><\/p>","protected":false},"featured_media":4383,"comment_status":"closed","ping_status":"closed","template":"","meta":[],"product_cat":[40],"class_list":{"0":"post-4382","1":"product","2":"type-product","3":"status-publish","4":"has-post-thumbnail","6":"product_cat-750ml-liquor-bottle-manufacturer","8":"first","9":"instock","10":"shipping-taxable","11":"product-type-simple"},"yoast_head":"<!-- This site is optimized with the Yoast SEO plugin v22.0 - https:\/\/yoast.com\/wordpress\/plugins\/seo\/ -->\n<title>Empty Wine Bottles Wholesale | Burgundy Bottle Supplier China<\/title>\n<meta name=\"description\" content=\"Ruisheng, one of the leading Burgundy Bottle manufacturers and suppliers in China, provide empty wine bottles wholesale at cheap price.\" \/>\n<meta name=\"robots\" content=\"index, follow, max-snippet:-1, max-image-preview:large, max-video-preview:-1\" \/>\n<link rel=\"canonical\" href=\"https:\/\/ruishengglassco.com\/pt\/produto\/rs007-750ml-burgundy-bottle-fornecedor-de-garrafas-de-vinho\" \/>\n<meta property=\"og:locale\" content=\"pt_BR\" \/>\n<meta property=\"og:type\" content=\"article\" \/>\n<meta property=\"og:title\" content=\"Empty Wine Bottles Wholesale | Burgundy Bottle Supplier China\" \/>\n<meta property=\"og:description\" content=\"Ruisheng, one of the leading Burgundy Bottle manufacturers and suppliers in China, provide empty wine bottles wholesale at cheap price.\" \/>\n<meta property=\"og:url\" content=\"https:\/\/ruishengglassco.com\/pt\/produto\/rs007-750ml-burgundy-bottle-fornecedor-de-garrafas-de-vinho\" \/>\n<meta property=\"article:publisher\" content=\"https:\/\/www.facebook.com\/ruishengglassbottles\" \/>\n<meta property=\"article:modified_time\" content=\"2025-07-17T07:09:29+00:00\" \/>\n<meta property=\"og:image\" content=\"https:\/\/ruishengglassco.com\/wp-content\/uploads\/2025\/03\/RS007-750ml-Burgundy-Bottle-Wine-Bottle-Supplier.webp\" \/>\n\t<meta property=\"og:image:width\" content=\"400\" \/>\n\t<meta property=\"og:image:height\" content=\"400\" \/>\n\t<meta property=\"og:image:type\" content=\"image\/webp\" \/>\n<meta name=\"twitter:card\" content=\"summary_large_image\" \/>\n<meta name=\"twitter:label1\" content=\"Est. tempo de leitura\" \/>\n\t<meta name=\"twitter:data1\" content=\"1 minuto\" \/>\n<script type=\"application\/ld+json\" class=\"yoast-schema-graph\">{\"@context\":\"https:\/\/schema.org\",\"@graph\":[{\"@type\":\"WebPage\",\"@id\":\"https:\/\/ruishengglassco.com\/product\/rs007-750ml-burgundy-bottle-wine-bottle-supplier\",\"url\":\"https:\/\/ruishengglassco.com\/product\/rs007-750ml-burgundy-bottle-wine-bottle-supplier\",\"name\":\"Empty Wine Bottles Wholesale | Burgundy Bottle Supplier China\",\"isPartOf\":{\"@id\":\"https:\/\/ruishengglassco.com\/#website\"},\"datePublished\":\"2025-03-15T14:29:44+00:00\",\"dateModified\":\"2025-07-17T07:09:29+00:00\",\"description\":\"Ruisheng, one of the leading Burgundy Bottle manufacturers and suppliers in China, provide empty wine bottles wholesale at cheap price.\",\"breadcrumb\":{\"@id\":\"https:\/\/ruishengglassco.com\/product\/rs007-750ml-burgundy-bottle-wine-bottle-supplier#breadcrumb\"},\"inLanguage\":\"pt-BR\",\"potentialAction\":[{\"@type\":\"ReadAction\",\"target\":[\"https:\/\/ruishengglassco.com\/product\/rs007-750ml-burgundy-bottle-wine-bottle-supplier\"]}]},{\"@type\":\"BreadcrumbList\",\"@id\":\"https:\/\/ruishengglassco.com\/product\/rs007-750ml-burgundy-bottle-wine-bottle-supplier#breadcrumb\",\"itemListElement\":[{\"@type\":\"ListItem\",\"position\":1,\"name\":\"Home\",\"item\":\"https:\/\/ruishengglassco.com\/\"},{\"@type\":\"ListItem\",\"position\":2,\"name\":\"Products\",\"item\":\"https:\/\/ruishengglassco.com\/products\"},{\"@type\":\"ListItem\",\"position\":3,\"name\":\"RS007: 750ml Burgundy Bottle Wine Bottle Supplier\"}]},{\"@type\":\"WebSite\",\"@id\":\"https:\/\/ruishengglassco.com\/#website\",\"url\":\"https:\/\/ruishengglassco.com\/\",\"name\":\"Ruisheng Glass\",\"description\":\"\",\"publisher\":{\"@id\":\"https:\/\/ruishengglassco.com\/#organization\"},\"potentialAction\":[{\"@type\":\"SearchAction\",\"target\":{\"@type\":\"EntryPoint\",\"urlTemplate\":\"https:\/\/ruishengglassco.com\/?s={search_term_string}\"},\"query-input\":\"required name=search_term_string\"}],\"inLanguage\":\"pt-BR\"},{\"@type\":\"Organization\",\"@id\":\"https:\/\/ruishengglassco.com\/#organization\",\"name\":\"Shandong Yuncheng Ruisheng Glass Co., Ltd\",\"url\":\"https:\/\/ruishengglassco.com\/\",\"logo\":{\"@type\":\"ImageObject\",\"inLanguage\":\"pt-BR\",\"@id\":\"https:\/\/ruishengglassco.com\/#\/schema\/logo\/image\/\",\"url\":\"https:\/\/ruishengglassco.com\/wp-content\/uploads\/2023\/09\/ruisheng_logo_icon.webp\",\"contentUrl\":\"https:\/\/ruishengglassco.com\/wp-content\/uploads\/2023\/09\/ruisheng_logo_icon.webp\",\"width\":400,\"height\":233,\"caption\":\"Shandong Yuncheng Ruisheng Glass Co., Ltd\"},\"image\":{\"@id\":\"https:\/\/ruishengglassco.com\/#\/schema\/logo\/image\/\"},\"sameAs\":[\"https:\/\/www.facebook.com\/ruishengglassbottles\",\"https:\/\/www.instagram.com\/Ruishengglassbottlewholesales\/\",\"https:\/\/www.youtube.com\/channel\/UCMmbMNGwsL-XrtjfSFLCdVQ\"]}]}<\/script>\n<!-- \/ Yoast SEO plugin. -->","yoast_head_json":{"title":"Empty Wine Bottles Wholesale | Burgundy Bottle Supplier China","description":"Ruisheng, one of the leading Burgundy Bottle manufacturers and suppliers in China, provide empty wine bottles wholesale at cheap price.","robots":{"index":"index","follow":"follow","max-snippet":"max-snippet:-1","max-image-preview":"max-image-preview:large","max-video-preview":"max-video-preview:-1"},"canonical":"https:\/\/ruishengglassco.com\/pt\/produto\/rs007-750ml-burgundy-bottle-fornecedor-de-garrafas-de-vinho","og_locale":"pt_BR","og_type":"article","og_title":"Empty Wine Bottles Wholesale | Burgundy Bottle Supplier China","og_description":"Ruisheng, one of the leading Burgundy Bottle manufacturers and suppliers in China, provide empty wine bottles wholesale at cheap price.","og_url":"https:\/\/ruishengglassco.com\/pt\/produto\/rs007-750ml-burgundy-bottle-fornecedor-de-garrafas-de-vinho","article_publisher":"https:\/\/www.facebook.com\/ruishengglassbottles","article_modified_time":"2025-07-17T07:09:29+00:00","og_image":[{"width":400,"height":400,"url":"https:\/\/ruishengglassco.com\/wp-content\/uploads\/2025\/03\/RS007-750ml-Burgundy-Bottle-Wine-Bottle-Supplier.webp","type":"image\/webp"}],"twitter_card":"summary_large_image","twitter_misc":{"Est. tempo de leitura":"1 minuto"},"schema":{"@context":"https:\/\/schema.org","@graph":[{"@type":"WebPage","@id":"https:\/\/ruishengglassco.com\/product\/rs007-750ml-burgundy-bottle-wine-bottle-supplier","url":"https:\/\/ruishengglassco.com\/product\/rs007-750ml-burgundy-bottle-wine-bottle-supplier","name":"Empty Wine Bottles Wholesale | Burgundy Bottle Supplier China","isPartOf":{"@id":"https:\/\/ruishengglassco.com\/#website"},"datePublished":"2025-03-15T14:29:44+00:00","dateModified":"2025-07-17T07:09:29+00:00","description":"Ruisheng, one of the leading Burgundy Bottle manufacturers and suppliers in China, provide empty wine bottles wholesale at cheap price.","breadcrumb":{"@id":"https:\/\/ruishengglassco.com\/product\/rs007-750ml-burgundy-bottle-wine-bottle-supplier#breadcrumb"},"inLanguage":"pt-BR","potentialAction":[{"@type":"ReadAction","target":["https:\/\/ruishengglassco.com\/product\/rs007-750ml-burgundy-bottle-wine-bottle-supplier"]}]},{"@type":"BreadcrumbList","@id":"https:\/\/ruishengglassco.com\/product\/rs007-750ml-burgundy-bottle-wine-bottle-supplier#breadcrumb","itemListElement":[{"@type":"ListItem","position":1,"name":"Home","item":"https:\/\/ruishengglassco.com\/"},{"@type":"ListItem","position":2,"name":"Products","item":"https:\/\/ruishengglassco.com\/products"},{"@type":"ListItem","position":3,"name":"RS007: 750ml Burgundy Bottle Wine Bottle Supplier"}]},{"@type":"WebSite","@id":"https:\/\/ruishengglassco.com\/#website","url":"https:\/\/ruishengglassco.com\/","name":"Ruisheng Glass","description":"","publisher":{"@id":"https:\/\/ruishengglassco.com\/#organization"},"potentialAction":[{"@type":"SearchAction","target":{"@type":"EntryPoint","urlTemplate":"https:\/\/ruishengglassco.com\/?s={search_term_string}"},"query-input":"required name=search_term_string"}],"inLanguage":"pt-BR"},{"@type":"Organization","@id":"https:\/\/ruishengglassco.com\/#organization","name":"Shandong Yuncheng Ruisheng Glass Co., Ltd","url":"https:\/\/ruishengglassco.com\/","logo":{"@type":"ImageObject","inLanguage":"pt-BR","@id":"https:\/\/ruishengglassco.com\/#\/schema\/logo\/image\/","url":"https:\/\/ruishengglassco.com\/wp-content\/uploads\/2023\/09\/ruisheng_logo_icon.webp","contentUrl":"https:\/\/ruishengglassco.com\/wp-content\/uploads\/2023\/09\/ruisheng_logo_icon.webp","width":400,"height":233,"caption":"Shandong Yuncheng Ruisheng Glass Co., Ltd"},"image":{"@id":"https:\/\/ruishengglassco.com\/#\/schema\/logo\/image\/"},"sameAs":["https:\/\/www.facebook.com\/ruishengglassbottles","https:\/\/www.instagram.com\/Ruishengglassbottlewholesales\/","https:\/\/www.youtube.com\/channel\/UCMmbMNGwsL-XrtjfSFLCdVQ"]}]}},"_links":{"self":[{"href":"https:\/\/ruishengglassco.com\/pt\/wp-json\/wp\/v2\/product\/4382","targetHints":{"allow":["GET"]}}],"collection":[{"href":"https:\/\/ruishengglassco.com\/pt\/wp-json\/wp\/v2\/product"}],"about":[{"href":"https:\/\/ruishengglassco.com\/pt\/wp-json\/wp\/v2\/types\/product"}],"replies":[{"embeddable":true,"href":"https:\/\/ruishengglassco.com\/pt\/wp-json\/wp\/v2\/comments?post=4382"}],"wp:featuredmedia":[{"embeddable":true,"href":"https:\/\/ruishengglassco.com\/pt\/wp-json\/wp\/v2\/media\/4383"}],"wp:attachment":[{"href":"https:\/\/ruishengglassco.com\/pt\/wp-json\/wp\/v2\/media?parent=4382"}],"wp:term":[{"taxonomy":"product_cat","embeddable":true,"href":"https:\/\/ruishengglassco.com\/pt\/wp-json\/wp\/v2\/product_cat?post=4382"}],"curies":[{"name":"wp","href":"https:\/\/api.w.org\/{rel}","templated":true}]}}