{"id":4378,"date":"2025-03-15T22:18:47","date_gmt":"2025-03-15T14:18:47","guid":{"rendered":"https:\/\/ruishengglassco.com\/?post_type=product&#038;p=4378"},"modified":"2025-07-17T15:05:29","modified_gmt":"2025-07-17T07:05:29","slug":"rs009-padrao-750ml-bordeaux-glass-wine-bottle-quotes","status":"publish","type":"product","link":"https:\/\/ruishengglassco.com\/pt\/produto\/rs009-padrao-750ml-bordeaux-glass-wine-bottle-quotes","title":{"rendered":"RS009 Garrafa de vinho de vidro Bordeaux padr\u00e3o 750 ml Cita\u00e7\u00f5es"},"content":{"rendered":"<h2>Informa\u00e7\u00f5es detalhadas sobre a garrafa Bordeaux padr\u00e3o de 750 ml no atacado<\/h2>\n<ul>\n<li><span data-preserver-spaces=\"true\">Item: Garrafa Bordeaux padr\u00e3o de 750 ml<\/span><\/li>\n<li><span data-preserver-spaces=\"true\">Fabricante: Garrafa de Vidro Ruisheng<\/span><\/li>\n<li><span data-preserver-spaces=\"true\">N\u00famero: RS009<\/span><\/li>\n<li><span data-preserver-spaces=\"true\">Capacidade: 50ml, 200ml, 300ml, 700ml, 750ml, 1000ml, 2L e servi\u00e7o de garrafa de vinho personalizado<\/span><\/li>\n<li><span data-preserver-spaces=\"true\">Tipo de veda\u00e7\u00e3o: Tampa com parafuso<\/span><\/li>\n<li><span data-preserver-spaces=\"true\">Material: Material de vidro super flint, material de vidro branco cristalino, material de vidro branco caro<\/span><\/li>\n<li><span data-preserver-spaces=\"true\">Uso: Garrafa de vinho de vidro<\/span><\/li>\n<li><span data-preserver-spaces=\"true\">Superf\u00edcie: Geada, decalque, pintura, hot stamping, relevo, impress\u00e3o, dourado, serigrafia<\/span><\/li>\n<li><span data-preserver-spaces=\"true\">Logotipo: Logotipo do cliente aceit\u00e1vel<\/span><\/li>\n<li><span data-preserver-spaces=\"true\">Amostra:<\/span>\n<ul>\n<li><span data-preserver-spaces=\"true\">Fabrica\u00e7\u00e3o de moldes<\/span><\/li>\n<li><span data-preserver-spaces=\"true\">Livre de mofo existente<\/span><\/li>\n<li><span data-preserver-spaces=\"true\">Como palavras ou seu design<\/span><\/li>\n<\/ul>\n<\/li>\n<li style=\"list-style-type: none;\">\n<ul>\n<li><span data-preserver-spaces=\"true\">Embalagem: Caixa de papel\u00e3o padr\u00e3o para exporta\u00e7\u00e3o, ou embalagem de palete, embalagem de caixa FGC<\/span><\/li>\n<li><span data-preserver-spaces=\"true\">Prazo de entrega: 20 a 30 dias ap\u00f3s a confirma\u00e7\u00e3o do pedido<\/span><\/li>\n<\/ul>\n<\/li>\n<\/ul>\n<p><img decoding=\"async\" class=\"aligncenter wp-image-1556 size-full\" src=\"https:\/\/glassbottlewholesale.com\/wp-content\/uploads\/2019\/11\/custom-glass-bottle-manufacturing.png\" alt=\"processo de fabrica\u00e7\u00e3o de garrafas de vidro\" width=\"863\" height=\"881\" \/><\/p>\n<p>Somos um fabricante profissional de garrafas Bordeaux padr\u00e3o. Nossa empresa oferece servi\u00e7os de OEM, ODM e garrafas de vidro personalizadas. Voc\u00ea pode escolher entre os moldes gratuitos dispon\u00edveis em nossa empresa ou pode nos enviar rascunhos de design ou fotos.<\/p>\n<p>Se quiser obter mais informa\u00e7\u00f5es sobre a garrafa padr\u00e3o Bordeaux no atacado, entre em contato conosco aqui.<\/p>","protected":false},"excerpt":{"rendered":"<p><span data-preserver-spaces=\"true\">Deseja comprar garrafas de vinho a granel? <\/span><span data-preserver-spaces=\"true\">Aqui, nossas garrafas de vinho padr\u00e3o de 750 ml no atacado <\/span><span data-preserver-spaces=\"true\">vontade<\/span><span data-preserver-spaces=\"true\"> atender \u00e0s suas necessidades<\/span><span data-preserver-spaces=\"true\">s!<\/span><\/p>\n<p><span data-preserver-spaces=\"true\">Como fabricante profissional de garrafas de vidro Bordeaux, a Ruisheng Glass. tem se concentrado no design e na fabrica\u00e7\u00e3o de garrafas de vinho h\u00e1 mais de 10 anos. <\/span><span data-preserver-spaces=\"true\">Al\u00e9m disso<\/span><span data-preserver-spaces=\"true\">, n\u00f3s <\/span><span data-preserver-spaces=\"true\">fornecer<\/span><span data-preserver-spaces=\"true\"> OEM\/ODM\/garrafa de vidro personalizada <\/span><span data-preserver-spaces=\"true\">servi\u00e7o para<\/span><span data-preserver-spaces=\"true\"> nossos clientes.<\/span><\/p>\n<p><span data-preserver-spaces=\"true\">A Bordeaux \u00e9 a garrafa mais comum para embalagem de vinho. Ela \u00e9 muito popular em todo o mundo. Tem laterais retas e ombros altos caracter\u00edsticos e pode ser encontrada em uma variedade de cores. Os vinhos tintos s\u00e3o normalmente engarrafados em vidro verde-escuro ou marrom para <\/span><span data-preserver-spaces=\"true\">fornecer prote\u00e7\u00e3o<\/span><span data-preserver-spaces=\"true\"> do sol \u00e0 medida que envelhecem.<\/span><\/p>\n<p><span data-preserver-spaces=\"true\">Aqui est\u00e3o algumas informa\u00e7\u00f5es sobre seu pedido de compra de garrafas de vinho a granel de nossa empresa:<\/span><\/p>\n<p><strong><span data-preserver-spaces=\"true\">-MOQ: 10000 PCS (cerca de 10000 unidades)<\/span><\/strong><\/p>\n<p><span data-preserver-spaces=\"true\">-Oferta de amostra gr\u00e1tis. OEM\/ODM dispon\u00edvel<\/span><\/p>\n<p><span data-preserver-spaces=\"true\">-Entrega de amostras gr\u00e1tis em at\u00e9 7 dias; entrega de pedidos em massa em at\u00e9 30 dias ap\u00f3s a confirma\u00e7\u00e3o do pedido.<\/span><\/p>","protected":false},"featured_media":4379,"comment_status":"closed","ping_status":"closed","template":"","meta":[],"product_cat":[40],"class_list":{"0":"post-4378","1":"product","2":"type-product","3":"status-publish","4":"has-post-thumbnail","6":"product_cat-750ml-liquor-bottle-manufacturer","8":"first","9":"instock","10":"shipping-taxable","11":"product-type-simple"},"yoast_head":"<!-- This site is optimized with the Yoast SEO plugin v22.0 - https:\/\/yoast.com\/wordpress\/plugins\/seo\/ -->\n<title>Buy Wine Bottles in Bulk | Standard Bordeaux Bottle Manufacturer<\/title>\n<meta name=\"description\" content=\"Want to buy wine bottles in bulk? Click here to get 750ml wine bottles wholesale from Standard Bordeaux Bottle Manufacturer.\" \/>\n<meta name=\"robots\" content=\"index, follow, max-snippet:-1, max-image-preview:large, max-video-preview:-1\" \/>\n<link rel=\"canonical\" href=\"https:\/\/ruishengglassco.com\/pt\/produto\/rs009-padrao-750ml-bordeaux-glass-wine-bottle-quotes\" \/>\n<meta property=\"og:locale\" content=\"pt_BR\" \/>\n<meta property=\"og:type\" content=\"article\" \/>\n<meta property=\"og:title\" content=\"Buy Wine Bottles in Bulk | Standard Bordeaux Bottle Manufacturer\" \/>\n<meta property=\"og:description\" content=\"Want to buy wine bottles in bulk? Click here to get 750ml wine bottles wholesale from Standard Bordeaux Bottle Manufacturer.\" \/>\n<meta property=\"og:url\" content=\"https:\/\/ruishengglassco.com\/pt\/produto\/rs009-padrao-750ml-bordeaux-glass-wine-bottle-quotes\" \/>\n<meta property=\"article:publisher\" content=\"https:\/\/www.facebook.com\/ruishengglassbottles\" \/>\n<meta property=\"article:modified_time\" content=\"2025-07-17T07:05:29+00:00\" \/>\n<meta property=\"og:image\" content=\"https:\/\/ruishengglassco.com\/wp-content\/uploads\/2025\/03\/RS009-Standard-750ml-Bordeaux-Glass-Wine-Bottle-Quotes.webp\" \/>\n\t<meta property=\"og:image:width\" content=\"500\" \/>\n\t<meta property=\"og:image:height\" content=\"500\" \/>\n\t<meta property=\"og:image:type\" content=\"image\/webp\" \/>\n<meta name=\"twitter:card\" content=\"summary_large_image\" \/>\n<meta name=\"twitter:label1\" content=\"Est. tempo de leitura\" \/>\n\t<meta name=\"twitter:data1\" content=\"2 minutos\" \/>\n<script type=\"application\/ld+json\" class=\"yoast-schema-graph\">{\"@context\":\"https:\/\/schema.org\",\"@graph\":[{\"@type\":\"WebPage\",\"@id\":\"https:\/\/ruishengglassco.com\/product\/rs009-standard-750ml-bordeaux-glass-wine-bottle-quotes\",\"url\":\"https:\/\/ruishengglassco.com\/product\/rs009-standard-750ml-bordeaux-glass-wine-bottle-quotes\",\"name\":\"Buy Wine Bottles in Bulk | Standard Bordeaux Bottle Manufacturer\",\"isPartOf\":{\"@id\":\"https:\/\/ruishengglassco.com\/#website\"},\"datePublished\":\"2025-03-15T14:18:47+00:00\",\"dateModified\":\"2025-07-17T07:05:29+00:00\",\"description\":\"Want to buy wine bottles in bulk? Click here to get 750ml wine bottles wholesale from Standard Bordeaux Bottle Manufacturer.\",\"breadcrumb\":{\"@id\":\"https:\/\/ruishengglassco.com\/product\/rs009-standard-750ml-bordeaux-glass-wine-bottle-quotes#breadcrumb\"},\"inLanguage\":\"pt-BR\",\"potentialAction\":[{\"@type\":\"ReadAction\",\"target\":[\"https:\/\/ruishengglassco.com\/product\/rs009-standard-750ml-bordeaux-glass-wine-bottle-quotes\"]}]},{\"@type\":\"BreadcrumbList\",\"@id\":\"https:\/\/ruishengglassco.com\/product\/rs009-standard-750ml-bordeaux-glass-wine-bottle-quotes#breadcrumb\",\"itemListElement\":[{\"@type\":\"ListItem\",\"position\":1,\"name\":\"Home\",\"item\":\"https:\/\/ruishengglassco.com\/\"},{\"@type\":\"ListItem\",\"position\":2,\"name\":\"Products\",\"item\":\"https:\/\/ruishengglassco.com\/products\"},{\"@type\":\"ListItem\",\"position\":3,\"name\":\"RS009 Standard 750ml Bordeaux Glass Wine Bottle Quotes\"}]},{\"@type\":\"WebSite\",\"@id\":\"https:\/\/ruishengglassco.com\/#website\",\"url\":\"https:\/\/ruishengglassco.com\/\",\"name\":\"Ruisheng Glass\",\"description\":\"\",\"publisher\":{\"@id\":\"https:\/\/ruishengglassco.com\/#organization\"},\"potentialAction\":[{\"@type\":\"SearchAction\",\"target\":{\"@type\":\"EntryPoint\",\"urlTemplate\":\"https:\/\/ruishengglassco.com\/?s={search_term_string}\"},\"query-input\":\"required name=search_term_string\"}],\"inLanguage\":\"pt-BR\"},{\"@type\":\"Organization\",\"@id\":\"https:\/\/ruishengglassco.com\/#organization\",\"name\":\"Shandong Yuncheng Ruisheng Glass Co., Ltd\",\"url\":\"https:\/\/ruishengglassco.com\/\",\"logo\":{\"@type\":\"ImageObject\",\"inLanguage\":\"pt-BR\",\"@id\":\"https:\/\/ruishengglassco.com\/#\/schema\/logo\/image\/\",\"url\":\"https:\/\/ruishengglassco.com\/wp-content\/uploads\/2023\/09\/ruisheng_logo_icon.webp\",\"contentUrl\":\"https:\/\/ruishengglassco.com\/wp-content\/uploads\/2023\/09\/ruisheng_logo_icon.webp\",\"width\":400,\"height\":233,\"caption\":\"Shandong Yuncheng Ruisheng Glass Co., Ltd\"},\"image\":{\"@id\":\"https:\/\/ruishengglassco.com\/#\/schema\/logo\/image\/\"},\"sameAs\":[\"https:\/\/www.facebook.com\/ruishengglassbottles\",\"https:\/\/www.instagram.com\/Ruishengglassbottlewholesales\/\",\"https:\/\/www.youtube.com\/channel\/UCMmbMNGwsL-XrtjfSFLCdVQ\"]}]}<\/script>\n<!-- \/ Yoast SEO plugin. -->","yoast_head_json":{"title":"Buy Wine Bottles in Bulk | Standard Bordeaux Bottle Manufacturer","description":"Want to buy wine bottles in bulk? Click here to get 750ml wine bottles wholesale from Standard Bordeaux Bottle Manufacturer.","robots":{"index":"index","follow":"follow","max-snippet":"max-snippet:-1","max-image-preview":"max-image-preview:large","max-video-preview":"max-video-preview:-1"},"canonical":"https:\/\/ruishengglassco.com\/pt\/produto\/rs009-padrao-750ml-bordeaux-glass-wine-bottle-quotes","og_locale":"pt_BR","og_type":"article","og_title":"Buy Wine Bottles in Bulk | Standard Bordeaux Bottle Manufacturer","og_description":"Want to buy wine bottles in bulk? Click here to get 750ml wine bottles wholesale from Standard Bordeaux Bottle Manufacturer.","og_url":"https:\/\/ruishengglassco.com\/pt\/produto\/rs009-padrao-750ml-bordeaux-glass-wine-bottle-quotes","article_publisher":"https:\/\/www.facebook.com\/ruishengglassbottles","article_modified_time":"2025-07-17T07:05:29+00:00","og_image":[{"width":500,"height":500,"url":"https:\/\/ruishengglassco.com\/wp-content\/uploads\/2025\/03\/RS009-Standard-750ml-Bordeaux-Glass-Wine-Bottle-Quotes.webp","type":"image\/webp"}],"twitter_card":"summary_large_image","twitter_misc":{"Est. tempo de leitura":"2 minutos"},"schema":{"@context":"https:\/\/schema.org","@graph":[{"@type":"WebPage","@id":"https:\/\/ruishengglassco.com\/product\/rs009-standard-750ml-bordeaux-glass-wine-bottle-quotes","url":"https:\/\/ruishengglassco.com\/product\/rs009-standard-750ml-bordeaux-glass-wine-bottle-quotes","name":"Buy Wine Bottles in Bulk | Standard Bordeaux Bottle Manufacturer","isPartOf":{"@id":"https:\/\/ruishengglassco.com\/#website"},"datePublished":"2025-03-15T14:18:47+00:00","dateModified":"2025-07-17T07:05:29+00:00","description":"Want to buy wine bottles in bulk? Click here to get 750ml wine bottles wholesale from Standard Bordeaux Bottle Manufacturer.","breadcrumb":{"@id":"https:\/\/ruishengglassco.com\/product\/rs009-standard-750ml-bordeaux-glass-wine-bottle-quotes#breadcrumb"},"inLanguage":"pt-BR","potentialAction":[{"@type":"ReadAction","target":["https:\/\/ruishengglassco.com\/product\/rs009-standard-750ml-bordeaux-glass-wine-bottle-quotes"]}]},{"@type":"BreadcrumbList","@id":"https:\/\/ruishengglassco.com\/product\/rs009-standard-750ml-bordeaux-glass-wine-bottle-quotes#breadcrumb","itemListElement":[{"@type":"ListItem","position":1,"name":"Home","item":"https:\/\/ruishengglassco.com\/"},{"@type":"ListItem","position":2,"name":"Products","item":"https:\/\/ruishengglassco.com\/products"},{"@type":"ListItem","position":3,"name":"RS009 Standard 750ml Bordeaux Glass Wine Bottle Quotes"}]},{"@type":"WebSite","@id":"https:\/\/ruishengglassco.com\/#website","url":"https:\/\/ruishengglassco.com\/","name":"Ruisheng Glass","description":"","publisher":{"@id":"https:\/\/ruishengglassco.com\/#organization"},"potentialAction":[{"@type":"SearchAction","target":{"@type":"EntryPoint","urlTemplate":"https:\/\/ruishengglassco.com\/?s={search_term_string}"},"query-input":"required name=search_term_string"}],"inLanguage":"pt-BR"},{"@type":"Organization","@id":"https:\/\/ruishengglassco.com\/#organization","name":"Shandong Yuncheng Ruisheng Glass Co., Ltd","url":"https:\/\/ruishengglassco.com\/","logo":{"@type":"ImageObject","inLanguage":"pt-BR","@id":"https:\/\/ruishengglassco.com\/#\/schema\/logo\/image\/","url":"https:\/\/ruishengglassco.com\/wp-content\/uploads\/2023\/09\/ruisheng_logo_icon.webp","contentUrl":"https:\/\/ruishengglassco.com\/wp-content\/uploads\/2023\/09\/ruisheng_logo_icon.webp","width":400,"height":233,"caption":"Shandong Yuncheng Ruisheng Glass Co., Ltd"},"image":{"@id":"https:\/\/ruishengglassco.com\/#\/schema\/logo\/image\/"},"sameAs":["https:\/\/www.facebook.com\/ruishengglassbottles","https:\/\/www.instagram.com\/Ruishengglassbottlewholesales\/","https:\/\/www.youtube.com\/channel\/UCMmbMNGwsL-XrtjfSFLCdVQ"]}]}},"_links":{"self":[{"href":"https:\/\/ruishengglassco.com\/pt\/wp-json\/wp\/v2\/product\/4378","targetHints":{"allow":["GET"]}}],"collection":[{"href":"https:\/\/ruishengglassco.com\/pt\/wp-json\/wp\/v2\/product"}],"about":[{"href":"https:\/\/ruishengglassco.com\/pt\/wp-json\/wp\/v2\/types\/product"}],"replies":[{"embeddable":true,"href":"https:\/\/ruishengglassco.com\/pt\/wp-json\/wp\/v2\/comments?post=4378"}],"wp:featuredmedia":[{"embeddable":true,"href":"https:\/\/ruishengglassco.com\/pt\/wp-json\/wp\/v2\/media\/4379"}],"wp:attachment":[{"href":"https:\/\/ruishengglassco.com\/pt\/wp-json\/wp\/v2\/media?parent=4378"}],"wp:term":[{"taxonomy":"product_cat","embeddable":true,"href":"https:\/\/ruishengglassco.com\/pt\/wp-json\/wp\/v2\/product_cat?post=4378"}],"curies":[{"name":"wp","href":"https:\/\/api.w.org\/{rel}","templated":true}]}}